{"id":3856,"date":"2024-01-26T19:17:41","date_gmt":"2024-01-26T18:17:41","guid":{"rendered":"https:\/\/www.hedera-etc.com\/?page_id=3856"},"modified":"2025-08-08T23:20:45","modified_gmt":"2025-08-08T21:20:45","slug":"conditions-generales-de-vente","status":"publish","type":"page","link":"https:\/\/www.hedera-etc.com\/de\/conditions-generales-de-vente\/","title":{"rendered":"Allgemeine Gesch\u00e4ftsbedingungen"},"content":{"rendered":"<div data-elementor-type=\"wp-page\" data-elementor-id=\"3856\" class=\"elementor elementor-3856\" data-elementor-post-type=\"page\">\n\t\t\t\t<div class=\"elementor-element elementor-element-156fdac e-flex e-con-boxed e-con e-parent\" data-id=\"156fdac\" data-element_type=\"container\">\n\t\t\t\t\t<div class=\"e-con-inner\">\n\t\t\t\t<div class=\"elementor-element elementor-element-c353741 elementor-widget elementor-widget-text-editor\" data-id=\"c353741\" data-element_type=\"widget\" data-widget_type=\"text-editor.default\">\n\t\t\t\t<div class=\"elementor-widget-container\">\n\t\t\t\t\t\t\t\t\t<p>GESCH\u00c4FTSBEDINGUNGEN\u00a0<\/p><p>Allgemeine Gesch\u00e4ftsbedingungen der Baumschule Lierres.com<\/p><p>Unsere Einrichtung ist nicht mehrwertsteuerpflichtig.<\/p><p>Diese Allgemeinen Verkaufsbedingungen gelten in vollem Umfang f\u00fcr alle Online-Verk\u00e4ufe von Efeututen und allen robusten Efeusorten, die von der Website www.hedera-etc.com angeboten und in Frankreich Metropolitain sowie in den 24 anderen L\u00e4ndern der Europ\u00e4ischen Union und im Vereinigten K\u00f6nigreich geliefert werden.<\/p><p>Infolgedessen impliziert jede Bestellung, die auf der Website www.hedera-etc.com aufgegeben wird, die vollst\u00e4ndige und bedingungslose Zustimmung des K\u00e4ufers zu diesen Allgemeinen Verkaufsbedingungen unter Ausschluss aller anderen Dokumente, wie Prospekte und andere Werbematerialien, die nur Richtwerte haben.<\/p><p>Lierres.com ist ein Service des Vereins \"Amis des Jardins du Gu\u00e9\" (Freunde der G\u00e4rten von Le Gu\u00e9).<\/p><p>Hauptsitz: 1 lieu-dit le Gu\u00e9 de Flais 79390 LHOUMOIS<\/p><p>SIRET: 878 926 369 00017<\/p><p>Damit der Internetkunde seine Wahl treffen kann, werden die von uns angebotenen Pflanzen auf der Website beschrieben.\u00a0<\/p><p>Der Kunde gibt seine Bestellung auf der Website www.hedera-etc.com auf.\u00a0<\/p><p>Jede aufgegebene Bestellung wird von der Vereinigung der Freunde der G\u00e4rten von Le Gu\u00e9 bearbeitet.<\/p><p>Die Pflanzenangebote sind g\u00fcltig, solange der Vorrat in der G\u00e4rtnerei reicht. Die Preise der Produkte sind in Euro angegeben, inklusive aller Steuern und Abgaben, ohne Lieferkosten.<\/p><p>Alle Bestellungen sind in Euro zahlbar.<\/p><p>Der Verein Les Amis des Jardins du Gu\u00e9 beh\u00e4lt sich das Recht vor, seine Preise (Verkaufspreise und Lieferkosten) jederzeit zu \u00e4ndern. Die Produkte und die Lieferkosten werden jedoch auf der Grundlage der zum Zeitpunkt der Auftragserteilung geltenden Tarife berechnet.<\/p><p>Der Versand der Pflanzen erfolgt per Colissimo. Die Versandkosten gehen zu Lasten des Kunden.\u00a0<\/p><p>Wir versenden von Montag bis Mittwoch das ganze Jahr \u00fcber, au\u00dfer in Zeiten von Frost oder Hitzewellen.<\/p><p>Der Verkauf wird an die Lieferadresse geliefert, die der Kunde bei seiner Bestellung angegeben hat.<\/p><p>Wenn der Empf\u00e4nger an der Lieferadresse nicht anwesend ist, wird er durch eine Benachrichtigung aufgefordert, sich bei seinem Postamt zu melden. Wenn das Paket nicht rechtzeitig vom Empf\u00e4nger abgeholt wird, wird das Paket an den Absender zur\u00fcckgeschickt. Der Empf\u00e4nger erh\u00e4lt keine R\u00fcckerstattung, wenn der Grund f\u00fcr die R\u00fccksendung \u00abnicht abgeholt\u00bb ist.<\/p>\t\t\t\t\t\t\t\t<\/div>\n\t\t\t\t<\/div>\n\t\t\t\t\t<\/div>\n\t\t\t\t<\/div>\n\t\t\t\t<\/div>","protected":false},"excerpt":{"rendered":"<p>CONDITIONS DE VENTE\u00a0 Conditions G\u00e9n\u00e9rales de vente de la P\u00e9pini\u00e8re Lierres.com Notre \u00e9tablissement n&rsquo;est pas assujetti \u00e0 la TVA. Les pr\u00e9sentes Conditions G\u00e9n\u00e9rales de Vente s&rsquo;appliquent dans leur int\u00e9gralit\u00e9 \u00e0 toutes les ventes en ligne, d\u2019Hederas et de tous les Lierres rustiques propos\u00e9s par le site www.hedera-etc.com , et livrables en France M\u00e9tropolitaine, ainsi que [&hellip;]<\/p>\n","protected":false},"author":2,"featured_media":0,"parent":0,"menu_order":0,"comment_status":"closed","ping_status":"closed","template":"","meta":{"_acf_changed":false,"ocean_post_layout":"","ocean_both_sidebars_style":"","ocean_both_sidebars_content_width":0,"ocean_both_sidebars_sidebars_width":0,"ocean_sidebar":"","ocean_second_sidebar":"","ocean_disable_margins":"enable","ocean_add_body_class":"","ocean_shortcode_before_top_bar":"","ocean_shortcode_after_top_bar":"","ocean_shortcode_before_header":"","ocean_shortcode_after_header":"","ocean_has_shortcode":"","ocean_shortcode_after_title":"","ocean_shortcode_before_footer_widgets":"","ocean_shortcode_after_footer_widgets":"","ocean_shortcode_before_footer_bottom":"","ocean_shortcode_after_footer_bottom":"","ocean_display_top_bar":"default","ocean_display_header":"default","ocean_header_style":"","ocean_center_header_left_menu":"","ocean_custom_header_template":"","ocean_custom_logo":0,"ocean_custom_retina_logo":0,"ocean_custom_logo_max_width":0,"ocean_custom_logo_tablet_max_width":0,"ocean_custom_logo_mobile_max_width":0,"ocean_custom_logo_max_height":0,"ocean_custom_logo_tablet_max_height":0,"ocean_custom_logo_mobile_max_height":0,"ocean_header_custom_menu":"","ocean_menu_typo_font_family":"","ocean_menu_typo_font_subset":"","ocean_menu_typo_font_size":0,"ocean_menu_typo_font_size_tablet":0,"ocean_menu_typo_font_size_mobile":0,"ocean_menu_typo_font_size_unit":"px","ocean_menu_typo_font_weight":"","ocean_menu_typo_font_weight_tablet":"","ocean_menu_typo_font_weight_mobile":"","ocean_menu_typo_transform":"","ocean_menu_typo_transform_tablet":"","ocean_menu_typo_transform_mobile":"","ocean_menu_typo_line_height":0,"ocean_menu_typo_line_height_tablet":0,"ocean_menu_typo_line_height_mobile":0,"ocean_menu_typo_line_height_unit":"","ocean_menu_typo_spacing":0,"ocean_menu_typo_spacing_tablet":0,"ocean_menu_typo_spacing_mobile":0,"ocean_menu_typo_spacing_unit":"","ocean_menu_link_color":"","ocean_menu_link_color_hover":"","ocean_menu_link_color_active":"","ocean_menu_link_background":"","ocean_menu_link_hover_background":"","ocean_menu_link_active_background":"","ocean_menu_social_links_bg":"","ocean_menu_social_hover_links_bg":"","ocean_menu_social_links_color":"","ocean_menu_social_hover_links_color":"","ocean_disable_title":"default","ocean_disable_heading":"default","ocean_post_title":"","ocean_post_subheading":"","ocean_post_title_style":"","ocean_post_title_background_color":"","ocean_post_title_background":0,"ocean_post_title_bg_image_position":"","ocean_post_title_bg_image_attachment":"","ocean_post_title_bg_image_repeat":"","ocean_post_title_bg_image_size":"","ocean_post_title_height":0,"ocean_post_title_bg_overlay":0.5,"ocean_post_title_bg_overlay_color":"","ocean_disable_breadcrumbs":"default","ocean_breadcrumbs_color":"","ocean_breadcrumbs_separator_color":"","ocean_breadcrumbs_links_color":"","ocean_breadcrumbs_links_hover_color":"","ocean_display_footer_widgets":"default","ocean_display_footer_bottom":"default","ocean_custom_footer_template":"","footnotes":""},"class_list":["post-3856","page","type-page","status-publish","hentry","entry","owp-thumbs-layout-horizontal","owp-btn-normal","owp-tabs-layout-section","has-no-thumbnails","has-product-nav"],"acf":[],"jetpack_sharing_enabled":true,"_links":{"self":[{"href":"https:\/\/www.hedera-etc.com\/de\/wp-json\/wp\/v2\/pages\/3856","targetHints":{"allow":["GET"]}}],"collection":[{"href":"https:\/\/www.hedera-etc.com\/de\/wp-json\/wp\/v2\/pages"}],"about":[{"href":"https:\/\/www.hedera-etc.com\/de\/wp-json\/wp\/v2\/types\/page"}],"author":[{"embeddable":true,"href":"https:\/\/www.hedera-etc.com\/de\/wp-json\/wp\/v2\/users\/2"}],"replies":[{"embeddable":true,"href":"https:\/\/www.hedera-etc.com\/de\/wp-json\/wp\/v2\/comments?post=3856"}],"version-history":[{"count":6,"href":"https:\/\/www.hedera-etc.com\/de\/wp-json\/wp\/v2\/pages\/3856\/revisions"}],"predecessor-version":[{"id":15685,"href":"https:\/\/www.hedera-etc.com\/de\/wp-json\/wp\/v2\/pages\/3856\/revisions\/15685"}],"wp:attachment":[{"href":"https:\/\/www.hedera-etc.com\/de\/wp-json\/wp\/v2\/media?parent=3856"}],"curies":[{"name":"wp","href":"https:\/\/api.w.org\/{rel}","templated":true}]}}