{"id":6328,"date":"2024-06-02T07:59:42","date_gmt":"2024-06-02T05:59:42","guid":{"rendered":"https:\/\/www.hedera-etc.com\/?page_id=6328"},"modified":"2024-06-03T07:34:46","modified_gmt":"2024-06-03T05:34:46","slug":"der-versand-ihres-efeupakets","status":"publish","type":"page","link":"https:\/\/www.hedera-etc.com\/de\/lexpedition-de-votre-colis-de-lierres\/","title":{"rendered":"Der Versand Ihres Efeu-Pakets"},"content":{"rendered":"<div data-elementor-type=\"wp-page\" data-elementor-id=\"6328\" class=\"elementor elementor-6328\" data-elementor-post-type=\"page\">\n\t\t\t\t<div class=\"elementor-element elementor-element-90c9e7d e-flex e-con-boxed e-con e-parent\" data-id=\"90c9e7d\" data-element_type=\"container\">\n\t\t\t\t\t<div class=\"e-con-inner\">\n\t\t\t\t<div class=\"elementor-element elementor-element-c31a41c elementor-widget elementor-widget-heading\" data-id=\"c31a41c\" data-element_type=\"widget\" data-widget_type=\"heading.default\">\n\t\t\t\t<div class=\"elementor-widget-container\">\n\t\t\t\t\t<h2 class=\"elementor-heading-title elementor-size-default\">Die verschiedenen Container<\/h2>\t\t\t\t<\/div>\n\t\t\t\t<\/div>\n\t\t\t\t<div class=\"elementor-element elementor-element-e751cda elementor-widget elementor-widget-text-editor\" data-id=\"e751cda\" data-element_type=\"widget\" data-widget_type=\"text-editor.default\">\n\t\t\t\t<div class=\"elementor-widget-container\">\n\t\t\t\t\t\t\t\t\t<p>Sie k\u00f6nnen unseren Efeu in den folgenden Beh\u00e4ltern finden:<\/p><ul><li>9-cm-Becher: Hierbei handelt es sich um Efeu, der weniger als 2 Jahre alt ist.<\/li><li>1-Liter-Topf, mit oder ohne St\u00e4nder, mit Efeu, der 2 bis 3 Jahre alt ist<\/li><li>2-Liter-Topf, mit oder ohne St\u00e4nder, mit Efeu, der 3 oder 4 Jahre alt ist<\/li><li>4-Liter-Topf mit oder ohne St\u00e4nder, der Efeu enth\u00e4lt, der 4 Jahre oder \u00e4lter ist<\/li><li>gro\u00dfer Topf mit 5,5 Litern, 7 Litern, 9 Litern oder mehr f\u00fcr die \u00e4ltesten Efeuarten.<\/li><\/ul>\t\t\t\t\t\t\t\t<\/div>\n\t\t\t\t<\/div>\n\t\t\t\t<div class=\"elementor-element elementor-element-2885cd3 elementor-widget elementor-widget-heading\" data-id=\"2885cd3\" data-element_type=\"widget\" data-widget_type=\"heading.default\">\n\t\t\t\t<div class=\"elementor-widget-container\">\n\t\t\t\t\t<h2 class=\"elementor-heading-title elementor-size-default\">L'exp\u00e9dition de votre colis de lierres<\/h2>\t\t\t\t<\/div>\n\t\t\t\t<\/div>\n\t\t\t\t\t<\/div>\n\t\t\t\t<\/div>\n\t\t<div class=\"elementor-element elementor-element-f6fc981 e-flex e-con-boxed e-con e-parent\" data-id=\"f6fc981\" data-element_type=\"container\">\n\t\t\t\t\t<div class=\"e-con-inner\">\n\t\t\t\t<div class=\"elementor-element elementor-element-3492741 elementor-widget elementor-widget-text-editor\" data-id=\"3492741\" data-element_type=\"widget\" data-widget_type=\"text-editor.default\">\n\t\t\t\t<div class=\"elementor-widget-container\">\n\t\t\t\t\t\t\t\t\t<p>Wir versenden die Pakete jede Woche. Der Versand erfolgt montags \u00fcber Colissimo. So kommt das Paket in den allermeisten F\u00e4llen mitten in der Woche an und liegt nicht ein ganzes Wochenende lang in einem Lagerhaus herum.<\/p>\n<p>Die Bestellungen werden am Freitag vor dem Versand vorbereitet. So haben die Gl\u00e4ser Zeit, \u00fcber das Wochenende abzutropfen, falls sie feucht sind. Dadurch wird verhindert, dass die T\u00f6pfe den Versandkarton befeuchten und ihn br\u00fcchig machen.<\/p>\n<p>Also konkret, <b>bestellen Sie vor Donnerstagabend, wenn Sie m\u00f6chten, dass Ihr Efeupaket in der folgenden Woche bei Ihnen ankommt<\/b>.<\/p>\n<p>Jeder Topf ist mit einer Stretchfolie umwickelt, damit das Substrat w\u00e4hrend der gesamten Reise gut im Topf gehalten wird. Meistens werden die St\u00fctzen entfernt, um den Platz im Paket optimal zu nutzen.<\/p>\t\t\t\t\t\t\t\t<\/div>\n\t\t\t\t<\/div>\n\t\t\t\t<div class=\"elementor-element elementor-element-ba86ba1 elementor-widget elementor-widget-heading\" data-id=\"ba86ba1\" data-element_type=\"widget\" data-widget_type=\"heading.default\">\n\t\t\t\t<div class=\"elementor-widget-container\">\n\t\t\t\t\t<h2 class=\"elementor-heading-title elementor-size-default\">Que faire \u00e0 l'arriv\u00e9e de votre colis ?<\/h2>\t\t\t\t<\/div>\n\t\t\t\t<\/div>\n\t\t\t\t\t<\/div>\n\t\t\t\t<\/div>\n\t\t<div class=\"elementor-element elementor-element-44dc8a4 e-flex e-con-boxed e-con e-parent\" data-id=\"44dc8a4\" data-element_type=\"container\">\n\t\t\t\t\t<div class=\"e-con-inner\">\n\t\t\t\t<div class=\"elementor-element elementor-element-afcdc37 elementor-widget elementor-widget-text-editor\" data-id=\"afcdc37\" data-element_type=\"widget\" data-widget_type=\"text-editor.default\">\n\t\t\t\t<div class=\"elementor-widget-container\">\n\t\t\t\t\t\t\t\t\t<p>Sobald Sie Ihr Paket erhalten haben, \u00f6ffnen Sie es, damit die Pflanzen so schnell wie m\u00f6glich atmen und das Licht sehen k\u00f6nnen. Packen Sie vorsichtig aus und achten Sie darauf, dass Sie die Pflanzen nicht besch\u00e4digen. Weichen Sie die T\u00f6pfe etwa zehn Minuten lang in Wasser ein, um sie wieder zu befeuchten.<\/p>\t\t\t\t\t\t\t\t<\/div>\n\t\t\t\t<\/div>\n\t\t\t\t\t<\/div>\n\t\t\t\t<\/div>\n\t\t\t\t<\/div>","protected":false},"excerpt":{"rendered":"<p>Les diff\u00e9rents conteneurs Vous pouvez trouver nos lierres dans les conteneurs suivants : godet de 9 cm : il s&rsquo;agit de lierres qui ont moins de 2 ans pot de 1 litre, avec ou sans tuteur, contenant des lierres qui ont 2 \u00e0 3 ans pot de 2 litres, avec ou sans tuteur, contenant des [&hellip;]<\/p>\n","protected":false},"author":2,"featured_media":0,"parent":0,"menu_order":0,"comment_status":"closed","ping_status":"closed","template":"","meta":{"_acf_changed":false,"ocean_post_layout":"","ocean_both_sidebars_style":"","ocean_both_sidebars_content_width":0,"ocean_both_sidebars_sidebars_width":0,"ocean_sidebar":"","ocean_second_sidebar":"","ocean_disable_margins":"enable","ocean_add_body_class":"","ocean_shortcode_before_top_bar":"","ocean_shortcode_after_top_bar":"","ocean_shortcode_before_header":"","ocean_shortcode_after_header":"","ocean_has_shortcode":"","ocean_shortcode_after_title":"","ocean_shortcode_before_footer_widgets":"","ocean_shortcode_after_footer_widgets":"","ocean_shortcode_before_footer_bottom":"","ocean_shortcode_after_footer_bottom":"","ocean_display_top_bar":"default","ocean_display_header":"default","ocean_header_style":"","ocean_center_header_left_menu":"","ocean_custom_header_template":"","ocean_custom_logo":0,"ocean_custom_retina_logo":0,"ocean_custom_logo_max_width":0,"ocean_custom_logo_tablet_max_width":0,"ocean_custom_logo_mobile_max_width":0,"ocean_custom_logo_max_height":0,"ocean_custom_logo_tablet_max_height":0,"ocean_custom_logo_mobile_max_height":0,"ocean_header_custom_menu":"","ocean_menu_typo_font_family":"","ocean_menu_typo_font_subset":"","ocean_menu_typo_font_size":0,"ocean_menu_typo_font_size_tablet":0,"ocean_menu_typo_font_size_mobile":0,"ocean_menu_typo_font_size_unit":"px","ocean_menu_typo_font_weight":"","ocean_menu_typo_font_weight_tablet":"","ocean_menu_typo_font_weight_mobile":"","ocean_menu_typo_transform":"","ocean_menu_typo_transform_tablet":"","ocean_menu_typo_transform_mobile":"","ocean_menu_typo_line_height":0,"ocean_menu_typo_line_height_tablet":0,"ocean_menu_typo_line_height_mobile":0,"ocean_menu_typo_line_height_unit":"","ocean_menu_typo_spacing":0,"ocean_menu_typo_spacing_tablet":0,"ocean_menu_typo_spacing_mobile":0,"ocean_menu_typo_spacing_unit":"","ocean_menu_link_color":"","ocean_menu_link_color_hover":"","ocean_menu_link_color_active":"","ocean_menu_link_background":"","ocean_menu_link_hover_background":"","ocean_menu_link_active_background":"","ocean_menu_social_links_bg":"","ocean_menu_social_hover_links_bg":"","ocean_menu_social_links_color":"","ocean_menu_social_hover_links_color":"","ocean_disable_title":"default","ocean_disable_heading":"default","ocean_post_title":"","ocean_post_subheading":"","ocean_post_title_style":"","ocean_post_title_background_color":"","ocean_post_title_background":0,"ocean_post_title_bg_image_position":"","ocean_post_title_bg_image_attachment":"","ocean_post_title_bg_image_repeat":"","ocean_post_title_bg_image_size":"","ocean_post_title_height":0,"ocean_post_title_bg_overlay":0.5,"ocean_post_title_bg_overlay_color":"","ocean_disable_breadcrumbs":"default","ocean_breadcrumbs_color":"","ocean_breadcrumbs_separator_color":"","ocean_breadcrumbs_links_color":"","ocean_breadcrumbs_links_hover_color":"","ocean_display_footer_widgets":"default","ocean_display_footer_bottom":"default","ocean_custom_footer_template":"","footnotes":""},"class_list":["post-6328","page","type-page","status-publish","hentry","entry","owp-thumbs-layout-horizontal","owp-btn-normal","owp-tabs-layout-section","has-no-thumbnails","has-product-nav"],"acf":[],"jetpack_sharing_enabled":true,"_links":{"self":[{"href":"https:\/\/www.hedera-etc.com\/de\/wp-json\/wp\/v2\/pages\/6328","targetHints":{"allow":["GET"]}}],"collection":[{"href":"https:\/\/www.hedera-etc.com\/de\/wp-json\/wp\/v2\/pages"}],"about":[{"href":"https:\/\/www.hedera-etc.com\/de\/wp-json\/wp\/v2\/types\/page"}],"author":[{"embeddable":true,"href":"https:\/\/www.hedera-etc.com\/de\/wp-json\/wp\/v2\/users\/2"}],"replies":[{"embeddable":true,"href":"https:\/\/www.hedera-etc.com\/de\/wp-json\/wp\/v2\/comments?post=6328"}],"version-history":[{"count":4,"href":"https:\/\/www.hedera-etc.com\/de\/wp-json\/wp\/v2\/pages\/6328\/revisions"}],"predecessor-version":[{"id":15092,"href":"https:\/\/www.hedera-etc.com\/de\/wp-json\/wp\/v2\/pages\/6328\/revisions\/15092"}],"wp:attachment":[{"href":"https:\/\/www.hedera-etc.com\/de\/wp-json\/wp\/v2\/media?parent=6328"}],"curies":[{"name":"wp","href":"https:\/\/api.w.org\/{rel}","templated":true}]}}