{"id":1313,"date":"2023-11-03T08:34:00","date_gmt":"2023-11-03T07:34:00","guid":{"rendered":"https:\/\/www.hedera-etc.com\/?post_type=product&#038;p=1313"},"modified":"2026-04-29T07:09:32","modified_gmt":"2026-04-29T05:09:32","slug":"hedera-helix-russells-gold","status":"publish","type":"product","link":"https:\/\/www.hedera-etc.com\/de\/product\/hedera-helix-russells-gold\/","title":{"rendered":"<em>Hedera helix<\/em> &lsquo;Russell&rsquo;s Gold&rsquo; &#8211; Zier-Efeu"},"content":{"rendered":"<div data-elementor-type=\"product-post\" data-elementor-id=\"1313\" class=\"elementor elementor-1313\" data-elementor-post-type=\"product\">\n\t\t\t\t<div class=\"elementor-element elementor-element-58ec95d1 e-con-full e-flex e-con e-child\" data-id=\"58ec95d1\" data-element_type=\"container\">\n\t\t\t\t<div class=\"elementor-element elementor-element-1a7e43b3 elementor-widget elementor-widget-text-editor\" data-id=\"1a7e43b3\" data-element_type=\"widget\" data-widget_type=\"text-editor.default\">\n\t\t\t\t<div class=\"elementor-widget-container\">\n\t\t\t\t\t\t\t\t\t<h2><span style=\"color: #f0ffed;\">Der Zier-Efeu\u00a0 &#8211; Hedera helix &lsquo;Russell&rsquo;s Gold&rsquo;<\/span><\/h2>\t\t\t\t\t\t\t\t<\/div>\n\t\t\t\t<\/div>\n\t\t\t\t<\/div>\n\t\t<div class=\"elementor-element elementor-element-626d7a80 e-flex e-con-boxed e-con e-parent\" data-id=\"626d7a80\" data-element_type=\"container\">\n\t\t\t\t\t<div class=\"e-con-inner\">\n\t\t<div class=\"elementor-element elementor-element-7a9426fb e-flex e-con-boxed e-con e-child\" data-id=\"7a9426fb\" data-element_type=\"container\">\n\t\t\t\t\t<div class=\"e-con-inner\">\n\t\t\t\t<div class=\"elementor-element elementor-element-4627a45e elementor-widget elementor-widget-heading\" data-id=\"4627a45e\" data-element_type=\"widget\" data-widget_type=\"heading.default\">\n\t\t\t\t<div class=\"elementor-widget-container\">\n\t\t\t\t\t<h2 class=\"elementor-heading-title elementor-size-default\">Zusammenfassend<\/h2>\t\t\t\t<\/div>\n\t\t\t\t<\/div>\n\t\t\t\t<div class=\"elementor-element elementor-element-7f3ce1ae elementor-widget elementor-widget-text-editor\" data-id=\"7f3ce1ae\" data-element_type=\"widget\" data-widget_type=\"text-editor.default\">\n\t\t\t\t<div class=\"elementor-widget-container\">\n\t\t\t\t\t\t\t\t\t<p>Zier-Efeu, <strong><em>Hedera helix<\/em> &lsquo;Russell&rsquo;s Gold&rsquo;,<\/strong> ist wegen seiner goldgelben bis hellgelben jungen Triebe interessant. Die jungen Bl\u00e4tter sind 4-6 cm lang und werden von St\u00e4ngeln mit 4 cm auseinander liegenden Internodien getragen. Sie werden bei der Reife dunkelgr\u00fcn mit deutlich kleineren Bl\u00e4ttern.<\/p><p>Ce lierre ressemble \u00e0 &lsquo;Buttercup&rsquo;, avec des feuilles plus espac\u00e9es, de texture plus fine et aux lobes centraux de longueur variable, mais souvent plus longs et plus ondul\u00e9s \u00e0 la marge.\u00a0<\/p><p>Seine Triebe haben nur sehr wenige Adventivwurzeln. Sie ist eine gute Kletterpflanze, die ihre Unterlage nicht zu sehr \u00fcberwuchert und mit ihren kleinen Bl\u00e4ttern unauff\u00e4llig bleibt.<\/p>\t\t\t\t\t\t\t\t<\/div>\n\t\t\t\t<\/div>\n\t\t\t\t<div class=\"elementor-element elementor-element-1832c4cd elementor-widget elementor-widget-heading\" data-id=\"1832c4cd\" data-element_type=\"widget\" data-widget_type=\"heading.default\">\n\t\t\t\t<div class=\"elementor-widget-container\">\n\t\t\t\t\t<h2 class=\"elementor-heading-title elementor-size-default\">Geschichte<\/h2>\t\t\t\t<\/div>\n\t\t\t\t<\/div>\n\t\t\t\t<div class=\"elementor-element elementor-element-7041aa31 elementor-widget elementor-widget-text-editor\" data-id=\"7041aa31\" data-element_type=\"widget\" data-widget_type=\"text-editor.default\">\n\t\t\t\t<div class=\"elementor-widget-container\">\n\t\t\t\t\t\t\t\t\t<p>Diese Sorte wurde 1908 von LR Russel Ltd, Gro\u00dfbritannien, eingef\u00fchrt.<\/p>\t\t\t\t\t\t\t\t<\/div>\n\t\t\t\t<\/div>\n\t\t\t\t<div class=\"elementor-element elementor-element-64ef483f elementor-widget elementor-widget-heading\" data-id=\"64ef483f\" data-element_type=\"widget\" data-widget_type=\"heading.default\">\n\t\t\t\t<div class=\"elementor-widget-container\">\n\t\t\t\t\t<h2 class=\"elementor-heading-title elementor-size-default\">Technisches Datenblatt - Hedera helix 'Russell's Gold'<\/h2>\t\t\t\t<\/div>\n\t\t\t\t<\/div>\n\t\t\t\t<div class=\"elementor-element elementor-element-1b713fe elementor-widget elementor-widget-text-editor\" data-id=\"1b713fe\" data-element_type=\"widget\" data-widget_type=\"text-editor.default\">\n\t\t\t\t<div class=\"elementor-widget-container\">\n\t\t\t\t\t\t\t\t\t<h3>Botanische Informationen<\/h3>\n<ul>\n<li>Familie: Araliaceae<\/li>\n<li>Gattung : <em><strong>Hedera<\/strong><\/em><\/li>\n<li>Art : <em>helix<\/em><\/li>\n<li>Anbauen : &lsquo;Russell&rsquo;s Gold&rsquo;<\/li>\n<li>Pierot-Klassifikation: Efeu-Typ<\/li>\n<li>Blattstadium: juvenil<\/li>\n<li>Herkunft der Art: Europa, von Spanien bis Norwegen, aber kaum an der Atlantikk\u00fcste.<\/li>\n<li>Ursprung des Kultivars: unbekannt<\/li>\n<\/ul>\n<h3>&nbsp;<\/h3>\n<h3>Beschreibung von Hedera helix &lsquo;Russell&rsquo;s Gold&rsquo;<\/h3>\n<ul>\n<li>Wuchsform: Bodendecker<\/li>\n<li>Anzahl der Lappen: in der Regel 3 bis 5 Lappen<\/li>\n<li>L\u00e4nge des Blattes: 7 cm<\/li>\n<li>Breite des Blattes: 6 cm<\/li>\n<li>Blattfarbe: junge Triebe gelb, sp\u00e4ter dunkelgr\u00fcn werdend<\/li>\n<li>Farbe der Rippen: hellgr\u00fcn<\/li>\n<li>Farbe Stiel und Blattstiel: r\u00f6tlich<\/li>\n<li>St\u00e4ngel: gut verzweigt<\/li>\n<li>L\u00e4nge des Blattstiels: 2 cm<\/li>\n<li>Zwischenknoten: 2 cm<\/li>\n<li>Haare: sternf\u00f6rmig, 3 bis 5 Arme<\/li>\n<\/ul>\n<h3>&nbsp;<\/h3>\n<h3>Tipps zu Pflanzung, Anbau und Pflege f\u00fcr Hedera helix &lsquo;Russell&rsquo;s Gold&rsquo;<\/h3>\n<ul>\n<li>Standort: Schatten, Halbschatten, Sonne<\/li>\n<li>Winterh\u00e4rte: -12\u00b0C<\/li>\n<li>Bodenfeuchtigkeit: frischer Boden<\/li>\n<li>PH-Wert des Bodens: neutral oder kalkhaltig<\/li>\n<li>Bodenart: alle<\/li>\n<li>Bodenreichtum: gew\u00f6hnlich oder humos<\/li>\n<li>Verwendung: kletternd<\/li>\n<li>Entwicklung: m\u00e4\u00dfig, langsam<\/li>\n<li>Beschneiden: einmal im Jahr<\/li>\n<li>Sch\u00e4dlinge: sehr selten (Rote Spinne, Schildl\u00e4use)<\/li>\n<li>Krankheiten: sehr selten (Flecken auf den Bl\u00e4ttern)<\/li>\n<\/ul>\t\t\t\t\t\t\t\t<\/div>\n\t\t\t\t<\/div>\n\t\t\t\t\t<\/div>\n\t\t\t\t<\/div>\n\t\t\t\t\t<\/div>\n\t\t\t\t<\/div>\n\t\t<div class=\"elementor-element elementor-element-6b191c96 e-flex e-con-boxed e-con e-parent\" data-id=\"6b191c96\" data-element_type=\"container\">\n\t\t\t\t\t<div class=\"e-con-inner\">\n\t\t\t\t<div class=\"elementor-element elementor-element-4db70e9d elementor-widget elementor-widget-image\" data-id=\"4db70e9d\" data-element_type=\"widget\" data-widget_type=\"image.default\">\n\t\t\t\t<div class=\"elementor-widget-container\">\n\t\t\t\t\t\t\t\t\t\t\t\t\t\t\t<img fetchpriority=\"high\" decoding=\"async\" width=\"1024\" height=\"146\" src=\"https:\/\/www.hedera-etc.com\/wp-content\/uploads\/2023\/10\/guirlande-1024x146.webp\" class=\"attachment-large size-large wp-image-116\" alt=\"La boutique du lierre - Efeu-Girlande\" srcset=\"https:\/\/www.hedera-etc.com\/wp-content\/uploads\/2023\/10\/guirlande-1024x146.webp 1024w, https:\/\/www.hedera-etc.com\/wp-content\/uploads\/2023\/10\/guirlande-900x129.webp 900w, https:\/\/www.hedera-etc.com\/wp-content\/uploads\/2023\/10\/guirlande-300x43.webp 300w, https:\/\/www.hedera-etc.com\/wp-content\/uploads\/2023\/10\/guirlande-768x110.webp 768w, https:\/\/www.hedera-etc.com\/wp-content\/uploads\/2023\/10\/guirlande.webp 1126w\" sizes=\"(max-width: 1024px) 100vw, 1024px\" \/>\t\t\t\t\t\t\t\t\t\t\t\t\t\t\t<\/div>\n\t\t\t\t<\/div>\n\t\t\t\t<div class=\"elementor-element elementor-element-6f4c72a0 elementor-widget elementor-widget-text-editor\" data-id=\"6f4c72a0\" data-element_type=\"widget\" data-widget_type=\"text-editor.default\">\n\t\t\t\t<div class=\"elementor-widget-container\">\n\t\t\t\t\t\t\t\t\t<h3 style=\"text-align: center;\"><span style=\"color: #008000;\">Efeu in der Literatur<\/span><\/h3><blockquote><p style=\"text-align: center;\"><span style=\"color: #993366;\">\u201cDie mit Efeu bewachsenen Ruinen erinnern uns daran, dass selbst in der Verlassenheit das Leben fortbesteht.<\/span><span style=\"color: #993366;\">\u201d<\/span><\/p><\/blockquote><h5 style=\"text-align: right;\">Guy de Maupassant, <em>Ein Leben<\/em><\/h5>\t\t\t\t\t\t\t\t<\/div>\n\t\t\t\t<\/div>\n\t\t\t\t\t<\/div>\n\t\t\t\t<\/div>\n\t\t\t\t<\/div>","protected":false},"excerpt":{"rendered":"<p>Interessant f\u00fcr seine jungen goldgelben bis hellgelben Triebe, die sich bei Reife dunkelgr\u00fcn f\u00e4rben.<\/p>\n<p>\u00c4hnlich wie \u2018Buttercup\u2019, mit weiter auseinander liegenden Bl\u00e4ttern von feinerer Textur und unterschiedlich langen Mittellappen, die jedoch oft l\u00e4nger sind und am Rand st\u00e4rker gewellt sind.<\/p>\n<p>Gute Kletterpflanze, die ihre Unterlage nicht zu sehr \u00fcberwuchert und mit ihren kleinen Bl\u00e4ttern unauff\u00e4llig bleibt.<\/p>","protected":false},"featured_media":14221,"comment_status":"open","ping_status":"closed","template":"","meta":{"_acf_changed":false,"ocean_post_layout":"","ocean_both_sidebars_style":"","ocean_both_sidebars_content_width":0,"ocean_both_sidebars_sidebars_width":0,"ocean_sidebar":"0","ocean_second_sidebar":"0","ocean_disable_margins":"enable","ocean_add_body_class":"","ocean_shortcode_before_top_bar":"","ocean_shortcode_after_top_bar":"","ocean_shortcode_before_header":"","ocean_shortcode_after_header":"","ocean_has_shortcode":"","ocean_shortcode_after_title":"","ocean_shortcode_before_footer_widgets":"","ocean_shortcode_after_footer_widgets":"","ocean_shortcode_before_footer_bottom":"","ocean_shortcode_after_footer_bottom":"","ocean_display_top_bar":"default","ocean_display_header":"default","ocean_header_style":"","ocean_center_header_left_menu":"0","ocean_custom_header_template":"0","ocean_custom_logo":0,"ocean_custom_retina_logo":0,"ocean_custom_logo_max_width":0,"ocean_custom_logo_tablet_max_width":0,"ocean_custom_logo_mobile_max_width":0,"ocean_custom_logo_max_height":0,"ocean_custom_logo_tablet_max_height":0,"ocean_custom_logo_mobile_max_height":0,"ocean_header_custom_menu":"0","ocean_menu_typo_font_family":"0","ocean_menu_typo_font_subset":"","ocean_menu_typo_font_size":0,"ocean_menu_typo_font_size_tablet":0,"ocean_menu_typo_font_size_mobile":0,"ocean_menu_typo_font_size_unit":"px","ocean_menu_typo_font_weight":"","ocean_menu_typo_font_weight_tablet":"","ocean_menu_typo_font_weight_mobile":"","ocean_menu_typo_transform":"","ocean_menu_typo_transform_tablet":"","ocean_menu_typo_transform_mobile":"","ocean_menu_typo_line_height":0,"ocean_menu_typo_line_height_tablet":0,"ocean_menu_typo_line_height_mobile":0,"ocean_menu_typo_line_height_unit":"","ocean_menu_typo_spacing":0,"ocean_menu_typo_spacing_tablet":0,"ocean_menu_typo_spacing_mobile":0,"ocean_menu_typo_spacing_unit":"","ocean_menu_link_color":"","ocean_menu_link_color_hover":"","ocean_menu_link_color_active":"","ocean_menu_link_background":"","ocean_menu_link_hover_background":"","ocean_menu_link_active_background":"","ocean_menu_social_links_bg":"","ocean_menu_social_hover_links_bg":"","ocean_menu_social_links_color":"","ocean_menu_social_hover_links_color":"","ocean_disable_title":"default","ocean_disable_heading":"default","ocean_post_title":"","ocean_post_subheading":"","ocean_post_title_style":"","ocean_post_title_background_color":"","ocean_post_title_background":0,"ocean_post_title_bg_image_position":"","ocean_post_title_bg_image_attachment":"","ocean_post_title_bg_image_repeat":"","ocean_post_title_bg_image_size":"","ocean_post_title_height":0,"ocean_post_title_bg_overlay":0.5,"ocean_post_title_bg_overlay_color":"","ocean_disable_breadcrumbs":"default","ocean_breadcrumbs_color":"","ocean_breadcrumbs_separator_color":"","ocean_breadcrumbs_links_color":"","ocean_breadcrumbs_links_hover_color":"","ocean_display_footer_widgets":"default","ocean_display_footer_bottom":"default","ocean_custom_footer_template":"0"},"product_brand":[],"product_cat":[134],"product_tag":[],"class_list":{"0":"post-1313","1":"product","2":"type-product","3":"status-publish","4":"has-post-thumbnail","6":"product_cat-lierre","8":"entry","9":"has-media","11":"first","12":"instock","13":"purchasable","14":"product-type-variable","15":"has-default-attributes","16":"has-product-nav","17":"col","18":"span_1_of_4","19":"owp-content-center","20":"item-entry","21":"owp-thumbs-layout-horizontal","22":"owp-btn-normal","23":"owp-tabs-layout-section"},"acf":[],"jetpack_sharing_enabled":true,"_links":{"self":[{"href":"https:\/\/www.hedera-etc.com\/de\/wp-json\/wp\/v2\/product\/1313","targetHints":{"allow":["GET"]}}],"collection":[{"href":"https:\/\/www.hedera-etc.com\/de\/wp-json\/wp\/v2\/product"}],"about":[{"href":"https:\/\/www.hedera-etc.com\/de\/wp-json\/wp\/v2\/types\/product"}],"replies":[{"embeddable":true,"href":"https:\/\/www.hedera-etc.com\/de\/wp-json\/wp\/v2\/comments?post=1313"}],"version-history":[{"count":3,"href":"https:\/\/www.hedera-etc.com\/de\/wp-json\/wp\/v2\/product\/1313\/revisions"}],"predecessor-version":[{"id":14224,"href":"https:\/\/www.hedera-etc.com\/de\/wp-json\/wp\/v2\/product\/1313\/revisions\/14224"}],"wp:featuredmedia":[{"embeddable":true,"href":"https:\/\/www.hedera-etc.com\/de\/wp-json\/wp\/v2\/media\/14221"}],"wp:attachment":[{"href":"https:\/\/www.hedera-etc.com\/de\/wp-json\/wp\/v2\/media?parent=1313"}],"wp:term":[{"taxonomy":"product_brand","embeddable":true,"href":"https:\/\/www.hedera-etc.com\/de\/wp-json\/wp\/v2\/product_brand?post=1313"},{"taxonomy":"product_cat","embeddable":true,"href":"https:\/\/www.hedera-etc.com\/de\/wp-json\/wp\/v2\/product_cat?post=1313"},{"taxonomy":"product_tag","embeddable":true,"href":"https:\/\/www.hedera-etc.com\/de\/wp-json\/wp\/v2\/product_tag?post=1313"}],"curies":[{"name":"wp","href":"https:\/\/api.w.org\/{rel}","templated":true}]}}