{"id":148,"date":"2023-10-25T11:57:27","date_gmt":"2023-10-25T09:57:27","guid":{"rendered":"https:\/\/www.hedera-etc.com\/?post_type=product&#038;p=148"},"modified":"2026-04-29T07:09:37","modified_gmt":"2026-04-29T05:09:37","slug":"hedera-helix-ballet","status":"publish","type":"product","link":"https:\/\/www.hedera-etc.com\/de\/product\/hedera-helix-ballet\/","title":{"rendered":"<em>Hedera helix<\/em> &lsquo;Ballet&rsquo; &#8211; Zier-Efeu"},"content":{"rendered":"<div data-elementor-type=\"product-post\" data-elementor-id=\"148\" class=\"elementor elementor-148\" data-elementor-post-type=\"product\">\n\t\t\t\t<div class=\"elementor-element elementor-element-1a75c5e8 e-con-full e-flex e-con e-child\" data-id=\"1a75c5e8\" data-element_type=\"container\">\n\t\t\t\t<div class=\"elementor-element elementor-element-6c74acee elementor-widget elementor-widget-text-editor\" data-id=\"6c74acee\" data-element_type=\"widget\" data-widget_type=\"text-editor.default\">\n\t\t\t\t<div class=\"elementor-widget-container\">\n\t\t\t\t\t\t\t\t\t<h2 style=\"font-variant-ligatures: normal; font-variant-caps: normal; font-family: Spectral, sans-serif; font-style: normal;\"><span style=\"font-size: 30px; color: #f0ffed;\">Der Zier-Efeu\u00a0 &#8211; Hedera helix &lsquo;Ballet&rsquo;<\/span><\/h2>\t\t\t\t\t\t\t\t<\/div>\n\t\t\t\t<\/div>\n\t\t\t\t<\/div>\n\t\t<div class=\"elementor-element elementor-element-212c45e e-flex e-con-boxed e-con e-parent\" data-id=\"212c45e\" data-element_type=\"container\">\n\t\t\t\t\t<div class=\"e-con-inner\">\n\t\t<div class=\"elementor-element elementor-element-159aada9 e-flex e-con-boxed e-con e-child\" data-id=\"159aada9\" data-element_type=\"container\">\n\t\t\t\t\t<div class=\"e-con-inner\">\n\t\t\t\t<div class=\"elementor-element elementor-element-2521e840 elementor-widget elementor-widget-heading\" data-id=\"2521e840\" data-element_type=\"widget\" data-widget_type=\"heading.default\">\n\t\t\t\t<div class=\"elementor-widget-container\">\n\t\t\t\t\t<h2 class=\"elementor-heading-title elementor-size-default\">Zusammenfassend<\/h2>\t\t\t\t<\/div>\n\t\t\t\t<\/div>\n\t\t\t\t<div class=\"elementor-element elementor-element-7bf6b84f elementor-widget elementor-widget-text-editor\" data-id=\"7bf6b84f\" data-element_type=\"widget\" data-widget_type=\"text-editor.default\">\n\t\t\t\t<div class=\"elementor-widget-container\">\n\t\t\t\t\t\t\t\t\t<p>Zier-Efeu, <strong><em>Hedera helix<\/em> \u2018Ballett\u2019<\/strong>, ist ein sehr sch\u00f6ner bodendeckender Efeu mit einer erstaunlichen Winterf\u00e4rbung.<\/p><p>Die mittelgro\u00dfen Bl\u00e4tter sind l\u00e4nglich, nicht gelappt und haben eine meist abgerundete oder manchmal spitze Spitze. Die Blattspreite ist gr\u00fcn, graugr\u00fcn gefleckt und cremewei\u00df gerandet. Die St\u00e4ngel sind d\u00fcnn und stark verzweigt, mit recht kurzen Internodien. Zusammen ergeben sie einen eleganten, buschigen Wuchs.<\/p><p>Dies ist ein recht wuchernder Efeu, der lockere Teppiche bildet. Er f\u00fchlt sich als Bodendecker viel wohler als als Kletterer. W\u00e4hlen Sie einen hellen Standort, der vor kalter Winterluft gesch\u00fctzt ist.<\/p>\t\t\t\t\t\t\t\t<\/div>\n\t\t\t\t<\/div>\n\t\t\t\t<div class=\"elementor-element elementor-element-533ad995 elementor-widget elementor-widget-heading\" data-id=\"533ad995\" data-element_type=\"widget\" data-widget_type=\"heading.default\">\n\t\t\t\t<div class=\"elementor-widget-container\">\n\t\t\t\t\t<h2 class=\"elementor-heading-title elementor-size-default\">Geschichte<\/h2>\t\t\t\t<\/div>\n\t\t\t\t<\/div>\n\t\t\t\t<div class=\"elementor-element elementor-element-4259435c elementor-widget elementor-widget-text-editor\" data-id=\"4259435c\" data-element_type=\"widget\" data-widget_type=\"text-editor.default\">\n\t\t\t\t<div class=\"elementor-widget-container\">\n\t\t\t\t\t\t\t\t\t<p>Ce cultivar est issu d&rsquo;une Ver\u00e4nderung de &lsquo;Little Diamond&rsquo;, qui fut d\u00e9couvert par Gebr. Stauss, Allemagne<\/p>\t\t\t\t\t\t\t\t<\/div>\n\t\t\t\t<\/div>\n\t\t\t\t<div class=\"elementor-element elementor-element-22a0d59d elementor-widget elementor-widget-heading\" data-id=\"22a0d59d\" data-element_type=\"widget\" data-widget_type=\"heading.default\">\n\t\t\t\t<div class=\"elementor-widget-container\">\n\t\t\t\t\t<h2 class=\"elementor-heading-title elementor-size-default\">Detailansicht - Hedera helix 'Ballet'<\/h2>\t\t\t\t<\/div>\n\t\t\t\t<\/div>\n\t\t\t\t<div class=\"elementor-element elementor-element-3b35f01c elementor-widget elementor-widget-text-editor\" data-id=\"3b35f01c\" data-element_type=\"widget\" data-widget_type=\"text-editor.default\">\n\t\t\t\t<div class=\"elementor-widget-container\">\n\t\t\t\t\t\t\t\t\t<h3>Botanische Informationen<\/h3>\n<ul>\n<li>Familie: Araliaceae<\/li>\n<li>Gattung : <em><strong>Hedera<\/strong><\/em><\/li>\n<li>Art : <em>helix<\/em><\/li>\n<li>Anbauen : &lsquo;Ballet&rsquo;<\/li>\n<li>Pierot-Klassifikation: Panaschierter Efeu, Efeu mit vogelbeinartigen Bl\u00e4ttern<\/li>\n<li>Blattstadium: juvenil<\/li>\n<li>Herkunft der Art: Europa, von Spanien bis Norwegen, aber kaum an der Atlantikk\u00fcste.<\/li>\n<li>Herkunft der Sorte: Mutation von &lsquo;Little Diamond&rsquo;, s\u00e9lectionn\u00e9 par Gebr. Stauss, Allemagne.<\/li>\n<\/ul>\n<h3>&nbsp;<\/h3>\n<h3>Beschreibung von Hedera helix &lsquo;Ballet&rsquo;<\/h3>\n<ul>\n<li>Wuchs: gedrungen, buschig, ausgebreitet<\/li>\n<li>Anzahl der Blattlappen: in der Regel 3 Lappen<\/li>\n<li>L\u00e4nge des Blattes: 4-5 cm<\/li>\n<li>Breite des Blattes: 4 bis 5 cm<\/li>\n<li>Blattfarbe: gr\u00fcn und graugr\u00fcn mit cremewei\u00dfen R\u00e4ndern<\/li>\n<li>Farbe der Rippen: graugr\u00fcn<\/li>\n<li>Farbe Stiel und Blattstiel: gr\u00fcnliches Purpurrot<\/li>\n<li>Verzweigungen: stark verzweigt<\/li>\n<li>Internodien: ziemlich kurz<\/li>\n<li>Haare: sternf\u00f6rmig, 3 bis 5 Arme<\/li>\n<\/ul>\n<h3>&nbsp;<\/h3>\n<h3>Tipps zu Pflanzung, Anbau und Pflege f\u00fcr Hedera helix &lsquo;Ballet&rsquo;<\/h3>\n<ul>\n<li>Standort: Sonne, Halbschatten<\/li>\n<li>Winterh\u00e4rte: -19\u00b0C<\/li>\n<li>Bodenfeuchtigkeit: frischer Boden<\/li>\n<li>PH-Wert des Bodens: neutral oder kalkhaltig<\/li>\n<li>Bodenart: alle<\/li>\n<li>Bodenreichtum: gew\u00f6hnlich oder humos<\/li>\n<li>Verwendung: Bodendecker, T\u00f6pfe, Blumenk\u00e4sten, Steing\u00e4rten<\/li>\n<li>Entwicklung: mittel<\/li>\n<li>Beschneiden: einmal im Jahr<\/li>\n<li>Sch\u00e4dlinge: sehr selten (Rote Spinne, Schildl\u00e4use)<\/li>\n<li>Krankheiten: sehr selten (Flecken auf den Bl\u00e4ttern)<\/li>\n<\/ul>\t\t\t\t\t\t\t\t<\/div>\n\t\t\t\t<\/div>\n\t\t\t\t\t<\/div>\n\t\t\t\t<\/div>\n\t\t\t\t\t<\/div>\n\t\t\t\t<\/div>\n\t\t<div class=\"elementor-element elementor-element-f47b008 e-flex e-con-boxed e-con e-parent\" data-id=\"f47b008\" data-element_type=\"container\">\n\t\t\t\t\t<div class=\"e-con-inner\">\n\t\t\t\t<div class=\"elementor-element elementor-element-4e8a6cd2 elementor-widget elementor-widget-image\" data-id=\"4e8a6cd2\" data-element_type=\"widget\" data-widget_type=\"image.default\">\n\t\t\t\t<div class=\"elementor-widget-container\">\n\t\t\t\t\t\t\t\t\t\t\t\t\t\t\t<img fetchpriority=\"high\" decoding=\"async\" width=\"1024\" height=\"146\" src=\"https:\/\/www.hedera-etc.com\/wp-content\/uploads\/2023\/10\/guirlande-1024x146.webp\" class=\"attachment-large size-large wp-image-116\" alt=\"La boutique du lierre - Efeu-Girlande\" srcset=\"https:\/\/www.hedera-etc.com\/wp-content\/uploads\/2023\/10\/guirlande-1024x146.webp 1024w, https:\/\/www.hedera-etc.com\/wp-content\/uploads\/2023\/10\/guirlande-900x129.webp 900w, https:\/\/www.hedera-etc.com\/wp-content\/uploads\/2023\/10\/guirlande-300x43.webp 300w, https:\/\/www.hedera-etc.com\/wp-content\/uploads\/2023\/10\/guirlande-768x110.webp 768w, https:\/\/www.hedera-etc.com\/wp-content\/uploads\/2023\/10\/guirlande.webp 1126w\" sizes=\"(max-width: 1024px) 100vw, 1024px\" \/>\t\t\t\t\t\t\t\t\t\t\t\t\t\t\t<\/div>\n\t\t\t\t<\/div>\n\t\t\t\t<div class=\"elementor-element elementor-element-7f252cc1 elementor-widget elementor-widget-text-editor\" data-id=\"7f252cc1\" data-element_type=\"widget\" data-widget_type=\"text-editor.default\">\n\t\t\t\t<div class=\"elementor-widget-container\">\n\t\t\t\t\t\t\t\t\t<h3 style=\"text-align: center;\"><span style=\"color: #008000;\">Efeu in der Literatur<\/span><\/h3><blockquote><p style=\"text-align: center;\"><span style=\"color: #993366;\">\u201cDer Efeu \u00fcberwucherte das verlassene Haus und webte einen Schleier zwischen der Vergangenheit und der Gegenwart.<\/span><span style=\"color: #993366;\">\u201d<\/span><\/p><\/blockquote><h5 style=\"text-align: right;\"><strong>Virginia Woolf<\/strong>, <em>Die Wellen<\/em><\/h5>\t\t\t\t\t\t\t\t<\/div>\n\t\t\t\t<\/div>\n\t\t\t\t\t<\/div>\n\t\t\t\t<\/div>\n\t\t\t\t<\/div>","protected":false},"excerpt":{"rendered":"<p>Sehr sch\u00f6ner bodendeckender Efeu mit erstaunlicher Winterf\u00e4rbung.<\/p>\n<p>Bl\u00e4tter, mittelgro\u00df, l\u00e4nglich, nicht gelappt, mit einer meist abgerundeten oder manchmal spitzen Spitze. Gr\u00fcne Blattspreite mit graugr\u00fcnen Flecken und cremewei\u00dfem Rand. D\u00fcnne, stark verzweigte St\u00e4ngel mit recht kurzen Internodien. Elegante B\u00fcschel.<\/p>\n<p>Ein ziemlich wuchernder Efeu, der lockere Teppiche bildet und sich eher als Bodendecker als als Kletterer wohlf\u00fchlt. Heller, vor winterlicher Kaltluftstr\u00f6mung gesch\u00fctzter Standort.<\/p>","protected":false},"featured_media":149,"comment_status":"open","ping_status":"closed","template":"","meta":{"_acf_changed":false,"ocean_post_layout":"","ocean_both_sidebars_style":"","ocean_both_sidebars_content_width":0,"ocean_both_sidebars_sidebars_width":0,"ocean_sidebar":"0","ocean_second_sidebar":"0","ocean_disable_margins":"enable","ocean_add_body_class":"","ocean_shortcode_before_top_bar":"","ocean_shortcode_after_top_bar":"","ocean_shortcode_before_header":"","ocean_shortcode_after_header":"","ocean_has_shortcode":"","ocean_shortcode_after_title":"","ocean_shortcode_before_footer_widgets":"","ocean_shortcode_after_footer_widgets":"","ocean_shortcode_before_footer_bottom":"","ocean_shortcode_after_footer_bottom":"","ocean_display_top_bar":"default","ocean_display_header":"default","ocean_header_style":"","ocean_center_header_left_menu":"0","ocean_custom_header_template":"0","ocean_custom_logo":0,"ocean_custom_retina_logo":0,"ocean_custom_logo_max_width":0,"ocean_custom_logo_tablet_max_width":0,"ocean_custom_logo_mobile_max_width":0,"ocean_custom_logo_max_height":0,"ocean_custom_logo_tablet_max_height":0,"ocean_custom_logo_mobile_max_height":0,"ocean_header_custom_menu":"0","ocean_menu_typo_font_family":"0","ocean_menu_typo_font_subset":"","ocean_menu_typo_font_size":0,"ocean_menu_typo_font_size_tablet":0,"ocean_menu_typo_font_size_mobile":0,"ocean_menu_typo_font_size_unit":"px","ocean_menu_typo_font_weight":"","ocean_menu_typo_font_weight_tablet":"","ocean_menu_typo_font_weight_mobile":"","ocean_menu_typo_transform":"","ocean_menu_typo_transform_tablet":"","ocean_menu_typo_transform_mobile":"","ocean_menu_typo_line_height":0,"ocean_menu_typo_line_height_tablet":0,"ocean_menu_typo_line_height_mobile":0,"ocean_menu_typo_line_height_unit":"","ocean_menu_typo_spacing":0,"ocean_menu_typo_spacing_tablet":0,"ocean_menu_typo_spacing_mobile":0,"ocean_menu_typo_spacing_unit":"","ocean_menu_link_color":"","ocean_menu_link_color_hover":"","ocean_menu_link_color_active":"","ocean_menu_link_background":"","ocean_menu_link_hover_background":"","ocean_menu_link_active_background":"","ocean_menu_social_links_bg":"","ocean_menu_social_hover_links_bg":"","ocean_menu_social_links_color":"","ocean_menu_social_hover_links_color":"","ocean_disable_title":"default","ocean_disable_heading":"default","ocean_post_title":"","ocean_post_subheading":"","ocean_post_title_style":"","ocean_post_title_background_color":"","ocean_post_title_background":0,"ocean_post_title_bg_image_position":"","ocean_post_title_bg_image_attachment":"","ocean_post_title_bg_image_repeat":"","ocean_post_title_bg_image_size":"","ocean_post_title_height":0,"ocean_post_title_bg_overlay":0.5,"ocean_post_title_bg_overlay_color":"","ocean_disable_breadcrumbs":"default","ocean_breadcrumbs_color":"","ocean_breadcrumbs_separator_color":"","ocean_breadcrumbs_links_color":"","ocean_breadcrumbs_links_hover_color":"","ocean_display_footer_widgets":"default","ocean_display_footer_bottom":"default","ocean_custom_footer_template":"0"},"product_brand":[],"product_cat":[134],"product_tag":[],"class_list":{"0":"post-148","1":"product","2":"type-product","3":"status-publish","4":"has-post-thumbnail","6":"product_cat-lierre","8":"entry","9":"has-media","11":"first","12":"outofstock","13":"product-type-variable","14":"has-default-attributes","15":"has-product-nav","16":"col","17":"span_1_of_4","18":"owp-content-center","19":"item-entry","20":"owp-thumbs-layout-horizontal","21":"owp-btn-normal","22":"owp-tabs-layout-section","23":"has-no-thumbnails"},"acf":[],"jetpack_sharing_enabled":true,"_links":{"self":[{"href":"https:\/\/www.hedera-etc.com\/de\/wp-json\/wp\/v2\/product\/148","targetHints":{"allow":["GET"]}}],"collection":[{"href":"https:\/\/www.hedera-etc.com\/de\/wp-json\/wp\/v2\/product"}],"about":[{"href":"https:\/\/www.hedera-etc.com\/de\/wp-json\/wp\/v2\/types\/product"}],"replies":[{"embeddable":true,"href":"https:\/\/www.hedera-etc.com\/de\/wp-json\/wp\/v2\/comments?post=148"}],"version-history":[{"count":3,"href":"https:\/\/www.hedera-etc.com\/de\/wp-json\/wp\/v2\/product\/148\/revisions"}],"predecessor-version":[{"id":14968,"href":"https:\/\/www.hedera-etc.com\/de\/wp-json\/wp\/v2\/product\/148\/revisions\/14968"}],"wp:featuredmedia":[{"embeddable":true,"href":"https:\/\/www.hedera-etc.com\/de\/wp-json\/wp\/v2\/media\/149"}],"wp:attachment":[{"href":"https:\/\/www.hedera-etc.com\/de\/wp-json\/wp\/v2\/media?parent=148"}],"wp:term":[{"taxonomy":"product_brand","embeddable":true,"href":"https:\/\/www.hedera-etc.com\/de\/wp-json\/wp\/v2\/product_brand?post=148"},{"taxonomy":"product_cat","embeddable":true,"href":"https:\/\/www.hedera-etc.com\/de\/wp-json\/wp\/v2\/product_cat?post=148"},{"taxonomy":"product_tag","embeddable":true,"href":"https:\/\/www.hedera-etc.com\/de\/wp-json\/wp\/v2\/product_tag?post=148"}],"curies":[{"name":"wp","href":"https:\/\/api.w.org\/{rel}","templated":true}]}}