{"id":1553,"date":"2023-11-05T07:43:10","date_gmt":"2023-11-05T06:43:10","guid":{"rendered":"https:\/\/www.hedera-etc.com\/?post_type=product&#038;p=1553"},"modified":"2026-04-29T07:09:31","modified_gmt":"2026-04-29T05:09:31","slug":"hedera-helix-tiger-eyes","status":"publish","type":"product","link":"https:\/\/www.hedera-etc.com\/de\/product\/hedera-helix-tiger-eyes\/","title":{"rendered":"<em>Hedera helix<\/em> &lsquo;Tiger Eyes&rsquo;- Zier-Efeu"},"content":{"rendered":"<div data-elementor-type=\"product-post\" data-elementor-id=\"1553\" class=\"elementor elementor-1553\" data-elementor-post-type=\"product\">\n\t\t\t\t<div class=\"elementor-element elementor-element-6f1e728 e-con-full e-flex e-con e-child\" data-id=\"6f1e728\" data-element_type=\"container\">\n\t\t\t\t<div class=\"elementor-element elementor-element-3e6128e1 elementor-widget elementor-widget-text-editor\" data-id=\"3e6128e1\" data-element_type=\"widget\" data-widget_type=\"text-editor.default\">\n\t\t\t\t<div class=\"elementor-widget-container\">\n\t\t\t\t\t\t\t\t\t<h2><span style=\"color: #f0ffed;\">Der Zier-Efeu\u00a0 &#8211; Hedera helix &lsquo;Tiger Eyes&rsquo;<\/span><\/h2>\t\t\t\t\t\t\t\t<\/div>\n\t\t\t\t<\/div>\n\t\t\t\t<\/div>\n\t\t<div class=\"elementor-element elementor-element-db35a8e e-flex e-con-boxed e-con e-parent\" data-id=\"db35a8e\" data-element_type=\"container\">\n\t\t\t\t\t<div class=\"e-con-inner\">\n\t\t<div class=\"elementor-element elementor-element-35085602 e-flex e-con-boxed e-con e-child\" data-id=\"35085602\" data-element_type=\"container\">\n\t\t\t\t\t<div class=\"e-con-inner\">\n\t\t\t\t<div class=\"elementor-element elementor-element-49ec6356 elementor-widget elementor-widget-heading\" data-id=\"49ec6356\" data-element_type=\"widget\" data-widget_type=\"heading.default\">\n\t\t\t\t<div class=\"elementor-widget-container\">\n\t\t\t\t\t<h2 class=\"elementor-heading-title elementor-size-default\">Zusammenfassend<\/h2>\t\t\t\t<\/div>\n\t\t\t\t<\/div>\n\t\t\t\t<div class=\"elementor-element elementor-element-37e6a215 elementor-widget elementor-widget-text-editor\" data-id=\"37e6a215\" data-element_type=\"widget\" data-widget_type=\"text-editor.default\">\n\t\t\t\t<div class=\"elementor-widget-container\">\n\t\t\t\t\t\t\t\t\t<p>Zier-Efeu, <strong><em>Hedera helix<\/em> &lsquo;Tiger Eyes&rsquo;<\/strong>, Die Bl\u00e4tter sind f\u00fcnflappig und haben einen mehr oder weniger sichtbaren hellgr\u00fcnen bis gelbgr\u00fcnen Mittelfleck. Der Mittellappen und die Seitenlappen stehen fast rechtwinklig zueinander. Die Grundlappen sind sehr klein. Das Laub wird bei Reife gr\u00fcn.<\/p><p>Es handelt sich um eine stark verzweigte Sorte, die mit dichtem Laub bedeckt ist.<\/p><p>Bevorzugen Sie frische und reichhaltige B\u00f6den, um eine sch\u00f6ne F\u00e4rbung sowie einen hellen Bereich zu erhalten. Auf trockenen, kargen B\u00f6den gibt es nur eine diskrete F\u00e4rbung.<\/p>\t\t\t\t\t\t\t\t<\/div>\n\t\t\t\t<\/div>\n\t\t\t\t<div class=\"elementor-element elementor-element-6d368cf elementor-widget elementor-widget-heading\" data-id=\"6d368cf\" data-element_type=\"widget\" data-widget_type=\"heading.default\">\n\t\t\t\t<div class=\"elementor-widget-container\">\n\t\t\t\t\t<h2 class=\"elementor-heading-title elementor-size-default\">Geschichte<\/h2>\t\t\t\t<\/div>\n\t\t\t\t<\/div>\n\t\t\t\t<div class=\"elementor-element elementor-element-4881ea87 elementor-widget elementor-widget-text-editor\" data-id=\"4881ea87\" data-element_type=\"widget\" data-widget_type=\"text-editor.default\">\n\t\t\t\t<div class=\"elementor-widget-container\">\n\t\t\t\t\t\t\t\t\t<p>Ce cultivar est une Ver\u00e4nderung de &lsquo;Plume d&rsquo;Or&rsquo; d\u00e9couverte par\u00a0Ken Frieling de Glasshouse Works, Ohio, USA en 1980. Certains pensent qu&rsquo;il s&rsquo;agirait plut\u00f4t d&rsquo;une Ver\u00e4nderung de &lsquo;Star&rsquo;, ou de &lsquo;K\u00f6niger&rsquo;s Auslese&rsquo;.<\/p>\t\t\t\t\t\t\t\t<\/div>\n\t\t\t\t<\/div>\n\t\t\t\t<div class=\"elementor-element elementor-element-1242df3c elementor-widget elementor-widget-heading\" data-id=\"1242df3c\" data-element_type=\"widget\" data-widget_type=\"heading.default\">\n\t\t\t\t<div class=\"elementor-widget-container\">\n\t\t\t\t\t<h2 class=\"elementor-heading-title elementor-size-default\">Technisches Datenblatt - Hedera helix 'Tiger Eyes'<\/h2>\t\t\t\t<\/div>\n\t\t\t\t<\/div>\n\t\t\t\t<div class=\"elementor-element elementor-element-71a50d54 elementor-widget elementor-widget-text-editor\" data-id=\"71a50d54\" data-element_type=\"widget\" data-widget_type=\"text-editor.default\">\n\t\t\t\t<div class=\"elementor-widget-container\">\n\t\t\t\t\t\t\t\t\t<h3>Botanische Informationen<\/h3>\n<ul>\n<li>Familie: Araliaceae<\/li>\n<li>Gattung : <em><strong>Hedera<\/strong><\/em><\/li>\n<li>Art : <em>helix<\/em><\/li>\n<li>Anbauen : &lsquo;Tiger Eyes&rsquo;<\/li>\n<li>Synonym : &lsquo;Dragon&rsquo;s Eye&rsquo;<\/li>\n<li>Pierot-Klassifikation: Efeu mit vogelbeinartigen Bl\u00e4ttern, panaschierter Efeu<\/li>\n<li>Blattstadium: juvenil<\/li>\n<li>Herkunft der Art: Europa, von Spanien bis Norwegen, aber kaum an der Atlantikk\u00fcste.<\/li>\n<li>Origine du cultivar : sport pr\u00e9sum\u00e9 de &lsquo;Plume d&rsquo;Or&rsquo;, d\u00e9couvert en 1980 par&nbsp;Ken Frieling de Glasshouse Works, Ohio, USA<\/li>\n<\/ul>\n<h3>&nbsp;<\/h3>\n<h3>Beschreibung von Hedera helix &lsquo;Tiger Eyes&rsquo;<\/h3>\n<ul>\n<li>Habitus: gedrungen<\/li>\n<li>Anzahl der Lappen: in der Regel 5 Lappen<\/li>\n<li>L\u00e4nge des Blattes: 3,5 cm<\/li>\n<li>Breite des Blattes: 3 cm<\/li>\n<li>Blattfarbe: mittelgr\u00fcn, mit asymmetrischem gelbgr\u00fcnem Mittelfleck<\/li>\n<li>Farbvariante: Verschwinden der gelbgr\u00fcnen Makula mit zunehmendem Alter<\/li>\n<li>Farbe der Rippen: gelbgr\u00fcn<\/li>\n<li>Farbe Stiel und Blattstiel: gr\u00fcnliches Purpurrot<\/li>\n<li>Haare: sternf\u00f6rmig, 3 bis 5 Arme<\/li>\n<\/ul>\n<h3>&nbsp;<\/h3>\n<h3>Tipps zu Pflanzung, Anbau und Pflege f\u00fcr Hedera helix &lsquo;Tiger Eyes&rsquo;<\/h3>\n<ul>\n<li>Standort: Sonne, Halbschatten<\/li>\n<li>Winterh\u00e4rte: -10\u00b0C<\/li>\n<li>Bodenfeuchtigkeit: frischer Boden<\/li>\n<li>PH-Wert des Bodens: neutral oder kalkhaltig<\/li>\n<li>Bodenart: alle<\/li>\n<li>Bodenreichtum: gew\u00f6hnlich oder humos<\/li>\n<li>Verwendung: Bodendecker, Kletterer, H\u00e4ngeampel, T\u00f6pfe, Blumenk\u00e4sten<\/li>\n<li>Entwicklung: schnell<\/li>\n<li>Beschneiden: einmal im Jahr<\/li>\n<li>Sch\u00e4dlinge: sehr selten (Rote Spinne, Schildl\u00e4use)<\/li>\n<li>Krankheiten: sehr selten (Flecken auf den Bl\u00e4ttern)<\/li>\n<\/ul>\t\t\t\t\t\t\t\t<\/div>\n\t\t\t\t<\/div>\n\t\t\t\t\t<\/div>\n\t\t\t\t<\/div>\n\t\t\t\t\t<\/div>\n\t\t\t\t<\/div>\n\t\t<div class=\"elementor-element elementor-element-627e41ce e-flex e-con-boxed e-con e-parent\" data-id=\"627e41ce\" data-element_type=\"container\">\n\t\t\t\t\t<div class=\"e-con-inner\">\n\t\t\t\t<div class=\"elementor-element elementor-element-65803142 elementor-widget elementor-widget-image\" data-id=\"65803142\" data-element_type=\"widget\" data-widget_type=\"image.default\">\n\t\t\t\t<div class=\"elementor-widget-container\">\n\t\t\t\t\t\t\t\t\t\t\t\t\t\t\t<img fetchpriority=\"high\" decoding=\"async\" width=\"1024\" height=\"146\" src=\"https:\/\/www.hedera-etc.com\/wp-content\/uploads\/2023\/10\/guirlande-1024x146.webp\" class=\"attachment-large size-large wp-image-116\" alt=\"La boutique du lierre - Efeu-Girlande\" srcset=\"https:\/\/www.hedera-etc.com\/wp-content\/uploads\/2023\/10\/guirlande-1024x146.webp 1024w, https:\/\/www.hedera-etc.com\/wp-content\/uploads\/2023\/10\/guirlande-900x129.webp 900w, https:\/\/www.hedera-etc.com\/wp-content\/uploads\/2023\/10\/guirlande-300x43.webp 300w, https:\/\/www.hedera-etc.com\/wp-content\/uploads\/2023\/10\/guirlande-768x110.webp 768w, https:\/\/www.hedera-etc.com\/wp-content\/uploads\/2023\/10\/guirlande.webp 1126w\" sizes=\"(max-width: 1024px) 100vw, 1024px\" \/>\t\t\t\t\t\t\t\t\t\t\t\t\t\t\t<\/div>\n\t\t\t\t<\/div>\n\t\t\t\t<div class=\"elementor-element elementor-element-f147f7f elementor-widget elementor-widget-text-editor\" data-id=\"f147f7f\" data-element_type=\"widget\" data-widget_type=\"text-editor.default\">\n\t\t\t\t<div class=\"elementor-widget-container\">\n\t\t\t\t\t\t\t\t\t<h3 style=\"text-align: center;\"><span style=\"color: #008000;\">Efeu in der Literatur<\/span><\/h3><blockquote><p style=\"text-align: center;\"><span style=\"color: #993366;\">\u201cWie ein Efeu h\u00e4ngt mein Herz an den Orten, an denen die Liebe geboren wurde.\u201d<\/span><\/p><\/blockquote><h5 style=\"text-align: right;\">Chateaubriand, Memoiren von Outre-Tombe<\/h5>\t\t\t\t\t\t\t\t<\/div>\n\t\t\t\t<\/div>\n\t\t\t\t\t<\/div>\n\t\t\t\t<\/div>\n\t\t\t\t<\/div>","protected":false},"excerpt":{"rendered":"<p>Sagittalbl\u00e4tter mit 5 Lappen und einem mehr oder weniger auff\u00e4lligen hellgr\u00fcnen bis gelbgr\u00fcnen Mittelfleck. Mittellappen fast senkrecht zu den Seitenlappen. Basislappen sehr klein. Bl\u00e4tter werden bei Reife gr\u00fcn.<\/p>\n<p>Eine stark verzweigte Sorte mit dichtem Laub.<\/p>\n<p>Bevorzugen Sie frische und reichhaltige B\u00f6den, um eine sch\u00f6ne F\u00e4rbung sowie einen hellen Bereich zu erhalten. Auf trockenen, kargen B\u00f6den gibt es nur eine dezente F\u00e4rbung.<\/p>","protected":false},"featured_media":1554,"comment_status":"open","ping_status":"closed","template":"","meta":{"_acf_changed":false,"ocean_post_layout":"","ocean_both_sidebars_style":"","ocean_both_sidebars_content_width":0,"ocean_both_sidebars_sidebars_width":0,"ocean_sidebar":"0","ocean_second_sidebar":"0","ocean_disable_margins":"enable","ocean_add_body_class":"","ocean_shortcode_before_top_bar":"","ocean_shortcode_after_top_bar":"","ocean_shortcode_before_header":"","ocean_shortcode_after_header":"","ocean_has_shortcode":"","ocean_shortcode_after_title":"","ocean_shortcode_before_footer_widgets":"","ocean_shortcode_after_footer_widgets":"","ocean_shortcode_before_footer_bottom":"","ocean_shortcode_after_footer_bottom":"","ocean_display_top_bar":"default","ocean_display_header":"default","ocean_header_style":"","ocean_center_header_left_menu":"0","ocean_custom_header_template":"0","ocean_custom_logo":0,"ocean_custom_retina_logo":0,"ocean_custom_logo_max_width":0,"ocean_custom_logo_tablet_max_width":0,"ocean_custom_logo_mobile_max_width":0,"ocean_custom_logo_max_height":0,"ocean_custom_logo_tablet_max_height":0,"ocean_custom_logo_mobile_max_height":0,"ocean_header_custom_menu":"0","ocean_menu_typo_font_family":"0","ocean_menu_typo_font_subset":"","ocean_menu_typo_font_size":0,"ocean_menu_typo_font_size_tablet":0,"ocean_menu_typo_font_size_mobile":0,"ocean_menu_typo_font_size_unit":"px","ocean_menu_typo_font_weight":"","ocean_menu_typo_font_weight_tablet":"","ocean_menu_typo_font_weight_mobile":"","ocean_menu_typo_transform":"","ocean_menu_typo_transform_tablet":"","ocean_menu_typo_transform_mobile":"","ocean_menu_typo_line_height":0,"ocean_menu_typo_line_height_tablet":0,"ocean_menu_typo_line_height_mobile":0,"ocean_menu_typo_line_height_unit":"","ocean_menu_typo_spacing":0,"ocean_menu_typo_spacing_tablet":0,"ocean_menu_typo_spacing_mobile":0,"ocean_menu_typo_spacing_unit":"","ocean_menu_link_color":"","ocean_menu_link_color_hover":"","ocean_menu_link_color_active":"","ocean_menu_link_background":"","ocean_menu_link_hover_background":"","ocean_menu_link_active_background":"","ocean_menu_social_links_bg":"","ocean_menu_social_hover_links_bg":"","ocean_menu_social_links_color":"","ocean_menu_social_hover_links_color":"","ocean_disable_title":"default","ocean_disable_heading":"default","ocean_post_title":"","ocean_post_subheading":"","ocean_post_title_style":"","ocean_post_title_background_color":"","ocean_post_title_background":0,"ocean_post_title_bg_image_position":"","ocean_post_title_bg_image_attachment":"","ocean_post_title_bg_image_repeat":"","ocean_post_title_bg_image_size":"","ocean_post_title_height":0,"ocean_post_title_bg_overlay":0.5,"ocean_post_title_bg_overlay_color":"","ocean_disable_breadcrumbs":"default","ocean_breadcrumbs_color":"","ocean_breadcrumbs_separator_color":"","ocean_breadcrumbs_links_color":"","ocean_breadcrumbs_links_hover_color":"","ocean_display_footer_widgets":"default","ocean_display_footer_bottom":"default","ocean_custom_footer_template":"0"},"product_brand":[],"product_cat":[134],"product_tag":[],"class_list":{"0":"post-1553","1":"product","2":"type-product","3":"status-publish","4":"has-post-thumbnail","6":"product_cat-lierre","8":"entry","9":"has-media","11":"first","12":"instock","13":"purchasable","14":"product-type-variable","15":"has-default-attributes","16":"has-product-nav","17":"col","18":"span_1_of_4","19":"owp-content-center","20":"item-entry","21":"owp-thumbs-layout-horizontal","22":"owp-btn-normal","23":"owp-tabs-layout-section"},"acf":[],"jetpack_sharing_enabled":true,"_links":{"self":[{"href":"https:\/\/www.hedera-etc.com\/de\/wp-json\/wp\/v2\/product\/1553","targetHints":{"allow":["GET"]}}],"collection":[{"href":"https:\/\/www.hedera-etc.com\/de\/wp-json\/wp\/v2\/product"}],"about":[{"href":"https:\/\/www.hedera-etc.com\/de\/wp-json\/wp\/v2\/types\/product"}],"replies":[{"embeddable":true,"href":"https:\/\/www.hedera-etc.com\/de\/wp-json\/wp\/v2\/comments?post=1553"}],"version-history":[{"count":5,"href":"https:\/\/www.hedera-etc.com\/de\/wp-json\/wp\/v2\/product\/1553\/revisions"}],"predecessor-version":[{"id":15702,"href":"https:\/\/www.hedera-etc.com\/de\/wp-json\/wp\/v2\/product\/1553\/revisions\/15702"}],"wp:featuredmedia":[{"embeddable":true,"href":"https:\/\/www.hedera-etc.com\/de\/wp-json\/wp\/v2\/media\/1554"}],"wp:attachment":[{"href":"https:\/\/www.hedera-etc.com\/de\/wp-json\/wp\/v2\/media?parent=1553"}],"wp:term":[{"taxonomy":"product_brand","embeddable":true,"href":"https:\/\/www.hedera-etc.com\/de\/wp-json\/wp\/v2\/product_brand?post=1553"},{"taxonomy":"product_cat","embeddable":true,"href":"https:\/\/www.hedera-etc.com\/de\/wp-json\/wp\/v2\/product_cat?post=1553"},{"taxonomy":"product_tag","embeddable":true,"href":"https:\/\/www.hedera-etc.com\/de\/wp-json\/wp\/v2\/product_tag?post=1553"}],"curies":[{"name":"wp","href":"https:\/\/api.w.org\/{rel}","templated":true}]}}