{"id":1710,"date":"2023-11-05T21:37:56","date_gmt":"2023-11-05T20:37:56","guid":{"rendered":"https:\/\/www.hedera-etc.com\/?post_type=product&#038;p=1710"},"modified":"2026-04-29T07:09:30","modified_gmt":"2026-04-29T05:09:30","slug":"hedera-colchica-dendroides","status":"publish","type":"product","link":"https:\/\/www.hedera-etc.com\/de\/product\/hedera-colchica-dendroides\/","title":{"rendered":"<em>Hedera colchica<\/em> &lsquo;Dendroides&rsquo; &#8211; Kaukasischer Efeu"},"content":{"rendered":"<div data-elementor-type=\"product-post\" data-elementor-id=\"1710\" class=\"elementor elementor-1710\" data-elementor-post-type=\"product\">\n\t\t\t\t<div class=\"elementor-element elementor-element-26ea5f78 e-con-full e-flex e-con e-child\" data-id=\"26ea5f78\" data-element_type=\"container\">\n\t\t\t\t<div class=\"elementor-element elementor-element-3b9b1cc2 elementor-widget elementor-widget-text-editor\" data-id=\"3b9b1cc2\" data-element_type=\"widget\" data-widget_type=\"text-editor.default\">\n\t\t\t\t<div class=\"elementor-widget-container\">\n\t\t\t\t\t\t\t\t\t<h2 style=\"font-variant-ligatures: normal; font-variant-caps: normal; font-family: Spectral, sans-serif; font-style: normal;\"><span style=\"font-size: 30px; color: #f0ffed;\">Kaukasischer Efeu &#8211; Hedera colchica &lsquo;Dendroides&rsquo;<\/span><\/h2>\t\t\t\t\t\t\t\t<\/div>\n\t\t\t\t<\/div>\n\t\t\t\t<\/div>\n\t\t<div class=\"elementor-element elementor-element-389df66 e-flex e-con-boxed e-con e-parent\" data-id=\"389df66\" data-element_type=\"container\">\n\t\t\t\t\t<div class=\"e-con-inner\">\n\t\t<div class=\"elementor-element elementor-element-58baf925 e-flex e-con-boxed e-con e-child\" data-id=\"58baf925\" data-element_type=\"container\">\n\t\t\t\t\t<div class=\"e-con-inner\">\n\t\t\t\t<div class=\"elementor-element elementor-element-1f91129b elementor-widget elementor-widget-heading\" data-id=\"1f91129b\" data-element_type=\"widget\" data-widget_type=\"heading.default\">\n\t\t\t\t<div class=\"elementor-widget-container\">\n\t\t\t\t\t<h2 class=\"elementor-heading-title elementor-size-default\">Zusammenfassend<\/h2>\t\t\t\t<\/div>\n\t\t\t\t<\/div>\n\t\t\t\t<div class=\"elementor-element elementor-element-322887c4 elementor-widget elementor-widget-text-editor\" data-id=\"322887c4\" data-element_type=\"widget\" data-widget_type=\"text-editor.default\">\n\t\t\t\t<div class=\"elementor-widget-container\">\n\t\t\t\t\t\t\t\t\t<p>Kaukasischer Efeu, <strong><em>Hedera colchica<\/em> &lsquo;Dendroides&rsquo;<\/strong>, Die Bl\u00e4tter sind 5-10 cm lang, ungelappt, dunkelgr\u00fcn, gl\u00e4nzend und k\u00f6nnen abgerundet oder spitz sein. Die R\u00e4nder sind oft nach unten gebogen.<\/p><p>Die St\u00e4ngel sind dick, werden relativ schnell holzig und haben Internodien von 6-10 cm.\u00a0<\/p><p>Dies ist ein mittel bis schnell wachsender Efeu, der eher kletternd ist.\u00a0<\/p><p><b>'Dendroides' ist eine selten gewordene Sorte.<\/b><\/p>\t\t\t\t\t\t\t\t<\/div>\n\t\t\t\t<\/div>\n\t\t\t\t<div class=\"elementor-element elementor-element-24af2fe4 elementor-widget elementor-widget-heading\" data-id=\"24af2fe4\" data-element_type=\"widget\" data-widget_type=\"heading.default\">\n\t\t\t\t<div class=\"elementor-widget-container\">\n\t\t\t\t\t<h2 class=\"elementor-heading-title elementor-size-default\">Geschichte<\/h2>\t\t\t\t<\/div>\n\t\t\t\t<\/div>\n\t\t\t\t<div class=\"elementor-element elementor-element-558fd05c elementor-widget elementor-widget-text-editor\" data-id=\"558fd05c\" data-element_type=\"widget\" data-widget_type=\"text-editor.default\">\n\t\t\t\t<div class=\"elementor-widget-container\">\n\t\t\t\t\t\t\t\t\t<p>Diese Sorte wurde von Hibberd im Jahr 1872 und Tobler im Jahr 1912 beschrieben.<\/p>\t\t\t\t\t\t\t\t<\/div>\n\t\t\t\t<\/div>\n\t\t\t\t<div class=\"elementor-element elementor-element-5965576f elementor-widget elementor-widget-heading\" data-id=\"5965576f\" data-element_type=\"widget\" data-widget_type=\"heading.default\">\n\t\t\t\t<div class=\"elementor-widget-container\">\n\t\t\t\t\t<h2 class=\"elementor-heading-title elementor-size-default\">Technisches Datenblatt - Hedera colchica 'Dendroides'<\/h2>\t\t\t\t<\/div>\n\t\t\t\t<\/div>\n\t\t\t\t<div class=\"elementor-element elementor-element-c1fca0e elementor-widget elementor-widget-text-editor\" data-id=\"c1fca0e\" data-element_type=\"widget\" data-widget_type=\"text-editor.default\">\n\t\t\t\t<div class=\"elementor-widget-container\">\n\t\t\t\t\t\t\t\t\t<h3>Botanische Informationen<\/h3>\n<ul>\n<li>Familie: Araliaceae<\/li>\n<li>Gattung : <em><strong>Hedera<\/strong><\/em><\/li>\n<li>Art : <em>colchica<\/em><\/li>\n<li>Anbauen : &lsquo;Dendroides&rsquo;<\/li>\n<li>Pierot-Klassifikation: Herzf\u00f6rmiger Efeu<\/li>\n<li>Blattstadium: juvenil<\/li>\n<li>Herkunft der Art: Kaukasus, Westasien<\/li>\n<li>Ursprung des Kultivars: beschrieben von Hibberd 1872<\/li>\n<\/ul>\n<h3>&nbsp;<\/h3>\n<h3>Beschreibung von Hedera colchica &lsquo;Dendroides&rsquo;<\/h3>\n<ul>\n<li>Wuchs: ausgebreitet<\/li>\n<li>Anzahl der Lappen: ungelappt<\/li>\n<li>L\u00e4nge des Blattes: 5-8 cm<\/li>\n<li>Breite des Blattes: 6 bis 8 cm<\/li>\n<li>Blattfarbe: gl\u00e4nzend dunkelgr\u00fcn<\/li>\n<li>Farbe der Rippen: hellgr\u00fcn<\/li>\n<li>Farbe St\u00e4ngel und Blattstiel: St\u00e4ngel purpurbraun, Blattstiele gr\u00fcn<\/li>\n<li>Haare: schuppig, aus 12 bis 20 Verzweigungen bestehend<\/li>\n<\/ul>\n<h3>&nbsp;<\/h3>\n<h3>Tipps zu Pflanzung, Anbau und Pflege f\u00fcr Hedera colchica &lsquo;Dendroides&rsquo;<\/h3>\n<ul>\n<li>Standort: Schatten, Halbschatten, Sonne<\/li>\n<li>Winterh\u00e4rte: -17\u00b0C<\/li>\n<li>Bodenfeuchtigkeit: frischer Boden<\/li>\n<li>PH-Wert des Bodens: neutral oder kalkhaltig oder sauer<\/li>\n<li>Bodenart: alle<\/li>\n<li>Bodenreichtum: gew\u00f6hnlich oder humos<\/li>\n<li>Verwendung: kletternd<\/li>\n<li>Entwicklung: schnell<\/li>\n<li>Beschneiden: einmal im Jahr<\/li>\n<li>Sch\u00e4dlinge: sehr selten (Rote Spinne, Schildl\u00e4use)<\/li>\n<li>Krankheiten: sehr selten (Flecken auf den Bl\u00e4ttern)<\/li>\n<\/ul>\t\t\t\t\t\t\t\t<\/div>\n\t\t\t\t<\/div>\n\t\t\t\t\t<\/div>\n\t\t\t\t<\/div>\n\t\t\t\t\t<\/div>\n\t\t\t\t<\/div>\n\t\t<div class=\"elementor-element elementor-element-5f9e6e25 e-flex e-con-boxed e-con e-parent\" data-id=\"5f9e6e25\" data-element_type=\"container\">\n\t\t\t\t\t<div class=\"e-con-inner\">\n\t\t<div class=\"elementor-element elementor-element-7a508b22 e-flex e-con-boxed e-con e-child\" data-id=\"7a508b22\" data-element_type=\"container\" data-settings=\"{&quot;background_background&quot;:&quot;classic&quot;,&quot;shape_divider_top&quot;:&quot;mountains&quot;}\">\n\t\t\t\t\t<div class=\"e-con-inner\">\n\t\t\t\t<div class=\"elementor-shape elementor-shape-top\" data-negative=\"false\">\n\t\t\t<svg xmlns=\"http:\/\/www.w3.org\/2000\/svg\" viewbox=\"0 0 1000 100\" preserveaspectratio=\"none\">\n\t<path class=\"elementor-shape-fill\" opacity=\"0.33\" d=\"M473,67.3c-203.9,88.3-263.1-34-320.3,0C66,119.1,0,59.7,0,59.7V0h1000v59.7 c0,0-62.1,26.1-94.9,29.3c-32.8,3.3-62.8-12.3-75.8-22.1C806,49.6,745.3,8.7,694.9,4.7S492.4,59,473,67.3z\"\/>\n\t<path class=\"elementor-shape-fill\" opacity=\"0.66\" d=\"M734,67.3c-45.5,0-77.2-23.2-129.1-39.1c-28.6-8.7-150.3-10.1-254,39.1 s-91.7-34.4-149.2,0C115.7,118.3,0,39.8,0,39.8V0h1000v36.5c0,0-28.2-18.5-92.1-18.5C810.2,18.1,775.7,67.3,734,67.3z\"\/>\n\t<path class=\"elementor-shape-fill\" d=\"M766.1,28.9c-200-57.5-266,65.5-395.1,19.5C242,1.8,242,5.4,184.8,20.6C128,35.8,132.3,44.9,89.9,52.5C28.6,63.7,0,0,0,0 h1000c0,0-9.9,40.9-83.6,48.1S829.6,47,766.1,28.9z\"\/>\n<\/svg>\t\t<\/div>\n\t\t\t\t<div class=\"elementor-element elementor-element-28baf87a elementor-widget__width-initial elementor-widget elementor-widget-image\" data-id=\"28baf87a\" data-element_type=\"widget\" data-widget_type=\"image.default\">\n\t\t\t\t<div class=\"elementor-widget-container\">\n\t\t\t\t\t\t\t\t\t\t\t\t\t\t\t<img fetchpriority=\"high\" decoding=\"async\" width=\"300\" height=\"180\" src=\"https:\/\/www.hedera-etc.com\/wp-content\/uploads\/2024\/11\/vecteezy_simplicity-ivy-freehand-drawing_13643730_206-300x180.webp\" class=\"attachment-medium size-medium wp-image-10573\" alt=\"\" srcset=\"https:\/\/www.hedera-etc.com\/wp-content\/uploads\/2024\/11\/vecteezy_simplicity-ivy-freehand-drawing_13643730_206-300x180.webp 300w, https:\/\/www.hedera-etc.com\/wp-content\/uploads\/2024\/11\/vecteezy_simplicity-ivy-freehand-drawing_13643730_206-900x540.webp 900w, https:\/\/www.hedera-etc.com\/wp-content\/uploads\/2024\/11\/vecteezy_simplicity-ivy-freehand-drawing_13643730_206-1024x614.webp 1024w, https:\/\/www.hedera-etc.com\/wp-content\/uploads\/2024\/11\/vecteezy_simplicity-ivy-freehand-drawing_13643730_206-768x461.webp 768w, https:\/\/www.hedera-etc.com\/wp-content\/uploads\/2024\/11\/vecteezy_simplicity-ivy-freehand-drawing_13643730_206-1536x921.webp 1536w, https:\/\/www.hedera-etc.com\/wp-content\/uploads\/2024\/11\/vecteezy_simplicity-ivy-freehand-drawing_13643730_206.webp 1920w, https:\/\/www.hedera-etc.com\/wp-content\/uploads\/2024\/11\/vecteezy_simplicity-ivy-freehand-drawing_13643730_206-1320x791.webp 1320w\" sizes=\"(max-width: 300px) 100vw, 300px\" \/>\t\t\t\t\t\t\t\t\t\t\t\t\t\t\t<\/div>\n\t\t\t\t<\/div>\n\t\t\t\t<div class=\"elementor-element elementor-element-1d6750e8 elementor-widget elementor-widget-heading\" data-id=\"1d6750e8\" data-element_type=\"widget\" data-widget_type=\"heading.default\">\n\t\t\t\t<div class=\"elementor-widget-container\">\n\t\t\t\t\t<h2 class=\"elementor-heading-title elementor-size-default\">Eine Seite aus meiner kleinen Enzyklop\u00e4die des Efeus<\/h2>\t\t\t\t<\/div>\n\t\t\t\t<\/div>\n\t\t\t\t\t<\/div>\n\t\t\t\t<\/div>\n\t\t\t\t<div class=\"elementor-element elementor-element-4aa1aef elementor-widget elementor-widget-global elementor-global-9009 elementor-widget-text-editor\" data-id=\"4aa1aef\" data-element_type=\"widget\" data-widget_type=\"text-editor.default\">\n\t\t\t\t<div class=\"elementor-widget-container\">\n\t\t\t\t\t\t\t\t\t<h3><span style=\"color: #008000;\">Alles \u00fcber die Gesundheit meiner Efeupflanzen<\/span><\/h3><p>Efeu wird relativ selten von Sch\u00e4dlingen befallen. Au\u00dferdem ist er bei einem Befall in der Regel widerstandsf\u00e4hig genug, um irreversible Sch\u00e4den zu vermeiden. Zu diesen potenziellen Sch\u00e4dlingen geh\u00f6rt die Efeublattlaus<\/p><h2><span style=\"color: #008000;\">Die Efeublattlaus (Aphis hederae)<\/span><\/h2><p>Diese Blattlausart besiedelt die jungen Bl\u00e4tter des Efeus. Die Blattlaus setzt dort Honigtau ab, der bei Ameisen sehr beliebt ist und einen schwarzen Pilz namens Fumagine entstehen l\u00e4sst. Dieser Filz sieht nicht nur unsch\u00f6n aus, sondern beeintr\u00e4chtigt vor allem die Entwicklung der Pflanze, da er die Spalt\u00f6ffnungen verstopft.<\/p><p>Bei einem Befall k\u00f6nnen Sie mit Schmierseife, Brennnesselaufguss, Tabak- oder Knoblauchtee spr\u00fchen. Eine weitere M\u00f6glichkeit ist der Kauf von Marienk\u00e4fer- oder Schwebfliegenlarven, die die Reinigung schnell durchf\u00fchren.<\/p><p>Durch regelm\u00e4\u00dfige \u00dcberwachung kann der Angriff fr\u00fchzeitig erkannt werden, was die Behandlung deutlich effektiver macht.<\/p><p><img decoding=\"async\" class=\"size-medium wp-image-9008 aligncenter\" src=\"https:\/\/www.hedera-etc.com\/wp-content\/uploads\/2024\/08\/Aphis-300x178.jpg\" alt=\"Efeublattlaus\" width=\"300\" height=\"178\" \/><\/p><p style=\"text-align: center;\">Efeublattlaus<\/p><p style=\"text-align: center;\">(Quelle: https:\/\/www.galerie-insecte.org\/galerie\/view.php?ref=300814)<\/p>\t\t\t\t\t\t\t\t<\/div>\n\t\t\t\t<\/div>\n\t\t\t\t<div class=\"elementor-element elementor-element-4e77a64f elementor-widget elementor-widget-image\" data-id=\"4e77a64f\" data-element_type=\"widget\" data-widget_type=\"image.default\">\n\t\t\t\t<div class=\"elementor-widget-container\">\n\t\t\t\t\t\t\t\t\t\t\t\t\t\t\t<img decoding=\"async\" width=\"1024\" height=\"146\" src=\"https:\/\/www.hedera-etc.com\/wp-content\/uploads\/2023\/10\/guirlande-1024x146.webp\" class=\"attachment-large size-large wp-image-116\" alt=\"La boutique du lierre - Efeu-Girlande\" srcset=\"https:\/\/www.hedera-etc.com\/wp-content\/uploads\/2023\/10\/guirlande-1024x146.webp 1024w, https:\/\/www.hedera-etc.com\/wp-content\/uploads\/2023\/10\/guirlande-900x129.webp 900w, https:\/\/www.hedera-etc.com\/wp-content\/uploads\/2023\/10\/guirlande-300x43.webp 300w, https:\/\/www.hedera-etc.com\/wp-content\/uploads\/2023\/10\/guirlande-768x110.webp 768w, https:\/\/www.hedera-etc.com\/wp-content\/uploads\/2023\/10\/guirlande.webp 1126w\" sizes=\"(max-width: 1024px) 100vw, 1024px\" \/>\t\t\t\t\t\t\t\t\t\t\t\t\t\t\t<\/div>\n\t\t\t\t<\/div>\n\t\t\t\t<div class=\"elementor-element elementor-element-1c963f69 elementor-widget elementor-widget-text-editor\" data-id=\"1c963f69\" data-element_type=\"widget\" data-widget_type=\"text-editor.default\">\n\t\t\t\t<div class=\"elementor-widget-container\">\n\t\t\t\t\t\t\t\t\t<h3 style=\"text-align: center;\"><span style=\"color: #008000;\">Efeu in der Literatur<\/span><\/h3><blockquote><p style=\"text-align: center;\"><span style=\"color: #993366;\">\u201cDer Efeu kroch mit entschlossener Langsamkeit und eroberte jede Ritze im kalten Stein.<\/span><span style=\"color: #993366;\">\u201d<\/span><\/p><\/blockquote><h5 style=\"text-align: right;\"><strong>Charles Dickens<\/strong>, <em>Das Spukhaus<\/em><\/h5>\t\t\t\t\t\t\t\t<\/div>\n\t\t\t\t<\/div>\n\t\t\t\t\t<\/div>\n\t\t\t\t<\/div>\n\t\t\t\t<\/div>","protected":false},"excerpt":{"rendered":"<p>Dunkelgr\u00fcne, gl\u00e4nzende Bl\u00e4tter, die abgerundet oder spitz sein k\u00f6nnen. R\u00e4nder oft unterseitig gebogen.<\/p>\n<p>Mittel- bis schnellwachsender Efeu, eher kletternd.<\/p>\n<p><b>\u2018Dendroides\u2019 ist eine selten gewordene Sorte.<\/b><\/p>","protected":false},"featured_media":1711,"comment_status":"open","ping_status":"closed","template":"","meta":{"_acf_changed":false,"ocean_post_layout":"","ocean_both_sidebars_style":"","ocean_both_sidebars_content_width":0,"ocean_both_sidebars_sidebars_width":0,"ocean_sidebar":"0","ocean_second_sidebar":"0","ocean_disable_margins":"enable","ocean_add_body_class":"","ocean_shortcode_before_top_bar":"","ocean_shortcode_after_top_bar":"","ocean_shortcode_before_header":"","ocean_shortcode_after_header":"","ocean_has_shortcode":"","ocean_shortcode_after_title":"","ocean_shortcode_before_footer_widgets":"","ocean_shortcode_after_footer_widgets":"","ocean_shortcode_before_footer_bottom":"","ocean_shortcode_after_footer_bottom":"","ocean_display_top_bar":"default","ocean_display_header":"default","ocean_header_style":"","ocean_center_header_left_menu":"0","ocean_custom_header_template":"0","ocean_custom_logo":0,"ocean_custom_retina_logo":0,"ocean_custom_logo_max_width":0,"ocean_custom_logo_tablet_max_width":0,"ocean_custom_logo_mobile_max_width":0,"ocean_custom_logo_max_height":0,"ocean_custom_logo_tablet_max_height":0,"ocean_custom_logo_mobile_max_height":0,"ocean_header_custom_menu":"0","ocean_menu_typo_font_family":"0","ocean_menu_typo_font_subset":"","ocean_menu_typo_font_size":0,"ocean_menu_typo_font_size_tablet":0,"ocean_menu_typo_font_size_mobile":0,"ocean_menu_typo_font_size_unit":"px","ocean_menu_typo_font_weight":"","ocean_menu_typo_font_weight_tablet":"","ocean_menu_typo_font_weight_mobile":"","ocean_menu_typo_transform":"","ocean_menu_typo_transform_tablet":"","ocean_menu_typo_transform_mobile":"","ocean_menu_typo_line_height":0,"ocean_menu_typo_line_height_tablet":0,"ocean_menu_typo_line_height_mobile":0,"ocean_menu_typo_line_height_unit":"","ocean_menu_typo_spacing":0,"ocean_menu_typo_spacing_tablet":0,"ocean_menu_typo_spacing_mobile":0,"ocean_menu_typo_spacing_unit":"","ocean_menu_link_color":"","ocean_menu_link_color_hover":"","ocean_menu_link_color_active":"","ocean_menu_link_background":"","ocean_menu_link_hover_background":"","ocean_menu_link_active_background":"","ocean_menu_social_links_bg":"","ocean_menu_social_hover_links_bg":"","ocean_menu_social_links_color":"","ocean_menu_social_hover_links_color":"","ocean_disable_title":"default","ocean_disable_heading":"default","ocean_post_title":"","ocean_post_subheading":"","ocean_post_title_style":"","ocean_post_title_background_color":"","ocean_post_title_background":0,"ocean_post_title_bg_image_position":"","ocean_post_title_bg_image_attachment":"","ocean_post_title_bg_image_repeat":"","ocean_post_title_bg_image_size":"","ocean_post_title_height":0,"ocean_post_title_bg_overlay":0.5,"ocean_post_title_bg_overlay_color":"","ocean_disable_breadcrumbs":"default","ocean_breadcrumbs_color":"","ocean_breadcrumbs_separator_color":"","ocean_breadcrumbs_links_color":"","ocean_breadcrumbs_links_hover_color":"","ocean_display_footer_widgets":"default","ocean_display_footer_bottom":"default","ocean_custom_footer_template":"0"},"product_brand":[],"product_cat":[134],"product_tag":[],"class_list":{"0":"post-1710","1":"product","2":"type-product","3":"status-publish","4":"has-post-thumbnail","6":"product_cat-lierre","8":"entry","9":"has-media","11":"first","12":"instock","13":"purchasable","14":"product-type-variable","15":"has-default-attributes","16":"has-product-nav","17":"col","18":"span_1_of_4","19":"owp-content-center","20":"item-entry","21":"owp-thumbs-layout-horizontal","22":"owp-btn-normal","23":"owp-tabs-layout-section"},"acf":[],"jetpack_sharing_enabled":true,"_links":{"self":[{"href":"https:\/\/www.hedera-etc.com\/de\/wp-json\/wp\/v2\/product\/1710","targetHints":{"allow":["GET"]}}],"collection":[{"href":"https:\/\/www.hedera-etc.com\/de\/wp-json\/wp\/v2\/product"}],"about":[{"href":"https:\/\/www.hedera-etc.com\/de\/wp-json\/wp\/v2\/types\/product"}],"replies":[{"embeddable":true,"href":"https:\/\/www.hedera-etc.com\/de\/wp-json\/wp\/v2\/comments?post=1710"}],"version-history":[{"count":4,"href":"https:\/\/www.hedera-etc.com\/de\/wp-json\/wp\/v2\/product\/1710\/revisions"}],"predecessor-version":[{"id":16454,"href":"https:\/\/www.hedera-etc.com\/de\/wp-json\/wp\/v2\/product\/1710\/revisions\/16454"}],"wp:featuredmedia":[{"embeddable":true,"href":"https:\/\/www.hedera-etc.com\/de\/wp-json\/wp\/v2\/media\/1711"}],"wp:attachment":[{"href":"https:\/\/www.hedera-etc.com\/de\/wp-json\/wp\/v2\/media?parent=1710"}],"wp:term":[{"taxonomy":"product_brand","embeddable":true,"href":"https:\/\/www.hedera-etc.com\/de\/wp-json\/wp\/v2\/product_brand?post=1710"},{"taxonomy":"product_cat","embeddable":true,"href":"https:\/\/www.hedera-etc.com\/de\/wp-json\/wp\/v2\/product_cat?post=1710"},{"taxonomy":"product_tag","embeddable":true,"href":"https:\/\/www.hedera-etc.com\/de\/wp-json\/wp\/v2\/product_tag?post=1710"}],"curies":[{"name":"wp","href":"https:\/\/api.w.org\/{rel}","templated":true}]}}