{"id":1716,"date":"2023-11-06T07:17:57","date_gmt":"2023-11-06T06:17:57","guid":{"rendered":"https:\/\/www.hedera-etc.com\/?post_type=product&#038;p=1716"},"modified":"2026-04-29T11:25:20","modified_gmt":"2026-04-29T09:25:20","slug":"hedera-colchica-dentata","status":"publish","type":"product","link":"https:\/\/www.hedera-etc.com\/de\/product\/hedera-colchica-dentata\/","title":{"rendered":"<em>Hedera colchica<\/em> &lsquo;Dentata&rsquo; &#8211; Kaukasischer Efeu"},"content":{"rendered":"<div data-elementor-type=\"product-post\" data-elementor-id=\"1716\" class=\"elementor elementor-1716\" data-elementor-post-type=\"product\">\n\t\t\t\t<div class=\"elementor-element elementor-element-22e52036 e-con-full e-flex e-con e-child\" data-id=\"22e52036\" data-element_type=\"container\">\n\t\t\t\t<div class=\"elementor-element elementor-element-44040958 elementor-widget elementor-widget-text-editor\" data-id=\"44040958\" data-element_type=\"widget\" data-widget_type=\"text-editor.default\">\n\t\t\t\t<div class=\"elementor-widget-container\">\n\t\t\t\t\t\t\t\t\t<h2 style=\"font-variant-ligatures: normal; font-variant-caps: normal; font-family: Spectral, sans-serif; font-style: normal;\"><span style=\"font-size: 30px; color: #f0ffed;\">Kaukasischer Efeu\u00a0 &#8211; Hedera colchica &lsquo;Dentata&rsquo;<\/span><\/h2>\t\t\t\t\t\t\t\t<\/div>\n\t\t\t\t<\/div>\n\t\t\t\t<\/div>\n\t\t<div class=\"elementor-element elementor-element-7318377e e-flex e-con-boxed e-con e-parent\" data-id=\"7318377e\" data-element_type=\"container\">\n\t\t\t\t\t<div class=\"e-con-inner\">\n\t\t<div class=\"elementor-element elementor-element-565401cb e-flex e-con-boxed e-con e-child\" data-id=\"565401cb\" data-element_type=\"container\">\n\t\t\t\t\t<div class=\"e-con-inner\">\n\t\t\t\t<div class=\"elementor-element elementor-element-44adea35 elementor-widget elementor-widget-heading\" data-id=\"44adea35\" data-element_type=\"widget\" data-widget_type=\"heading.default\">\n\t\t\t\t<div class=\"elementor-widget-container\">\n\t\t\t\t\t<h2 class=\"elementor-heading-title elementor-size-default\">Zusammenfassend<\/h2>\t\t\t\t<\/div>\n\t\t\t\t<\/div>\n\t\t\t\t<div class=\"elementor-element elementor-element-9f77cb1 elementor-widget elementor-widget-text-editor\" data-id=\"9f77cb1\" data-element_type=\"widget\" data-widget_type=\"text-editor.default\">\n\t\t\t\t<div class=\"elementor-widget-container\">\n\t\t\t\t\t\t\t\t\t<p>Kaukasischer Efeu, <strong><em>Hedera colchica<\/em> &lsquo;Dentata&rsquo;<\/strong>, Die Pflanze, die die gr\u00f6\u00dften Bl\u00e4tter der Gattung tr\u00e4gt <em>Hedera. <\/em>Sie k\u00f6nnen bis zu 25 cm lang werden.<\/p><p>Das ungelappte oder dreilappige Laub weist am Rand kleine Z\u00e4hne auf. Es riecht stark, wenn man es zerknittert. Die Blattspreite ist stumpfgr\u00fcn.<\/p><p>Diese Sorte kann als Kletterpflanze oder als Bodendecker f\u00fcr sehr gro\u00dfe Fl\u00e4chen verwendet werden. Wenn sie als Kletterpflanze an einer Wand verwendet wird, fallen die Bl\u00e4tter von den langen Stielen herab und bilden eine spektakul\u00e4re Wandverkleidung. Achten Sie darauf, dass Sie die Zweige, die sich nicht festhalten, zur\u00fcckschneiden, da sonst der gesamte Stamm von der Halterung abf\u00e4llt.<\/p><p>Dies ist ein sehr winterharter Efeu. Er soll die gro\u00dfe K\u00e4lte von 1893 \u00fcberlebt haben.\u00a0<\/p><p><span style=\"color: #ff0000;\"><b>Diese Sorte wurde 1993 von der Royal Horticultural Society (RHS) mit dem Garden Merit Award ausgezeichnet.<\/b><\/span><\/p>\t\t\t\t\t\t\t\t<\/div>\n\t\t\t\t<\/div>\n\t\t\t\t<div class=\"elementor-element elementor-element-11ebff11 elementor-widget elementor-widget-heading\" data-id=\"11ebff11\" data-element_type=\"widget\" data-widget_type=\"heading.default\">\n\t\t\t\t<div class=\"elementor-widget-container\">\n\t\t\t\t\t<h2 class=\"elementor-heading-title elementor-size-default\">Geschichte<\/h2>\t\t\t\t<\/div>\n\t\t\t\t<\/div>\n\t\t\t\t<div class=\"elementor-element elementor-element-792d06ae elementor-widget elementor-widget-text-editor\" data-id=\"792d06ae\" data-element_type=\"widget\" data-widget_type=\"text-editor.default\">\n\t\t\t\t<div class=\"elementor-widget-container\">\n\t\t\t\t\t\t\t\t\t<p>Diese Sorte wurde in freier Wildbahn, wahrscheinlich im Kaukasus, um 1860 von dem Botaniker Franz Joseph Ruprecht entdeckt<\/p>\t\t\t\t\t\t\t\t<\/div>\n\t\t\t\t<\/div>\n\t\t\t\t<div class=\"elementor-element elementor-element-67eae394 elementor-widget elementor-widget-heading\" data-id=\"67eae394\" data-element_type=\"widget\" data-widget_type=\"heading.default\">\n\t\t\t\t<div class=\"elementor-widget-container\">\n\t\t\t\t\t<h2 class=\"elementor-heading-title elementor-size-default\">Technisches Datenblatt - Hedera colchica 'Dentata'<\/h2>\t\t\t\t<\/div>\n\t\t\t\t<\/div>\n\t\t\t\t<div class=\"elementor-element elementor-element-215c2644 elementor-widget elementor-widget-text-editor\" data-id=\"215c2644\" data-element_type=\"widget\" data-widget_type=\"text-editor.default\">\n\t\t\t\t<div class=\"elementor-widget-container\">\n\t\t\t\t\t\t\t\t\t<h3>Botanische Informationen<\/h3><ul><li>Familie: Araliaceae<\/li><li>Gattung : <em><strong>Hedera<\/strong><\/em><\/li><li>Art : <em>colchica<\/em><\/li><li>Anbauen : &lsquo;Dentata&rsquo;<\/li><li>Pierot-Klassifikation: Herzf\u00f6rmiger Efeu<\/li><li>Blattstadium: juvenil<\/li><li>Herkunft der Art: Kaukasus, Westasien<\/li><li>Ursprung des Kultivars: Von F. J. Ruprecht um 1860 in freier Wildbahn gefunden.<\/li><\/ul><h3>\u00a0<\/h3><h3>Beschreibung von Hedera colchica &lsquo;Dentata&rsquo;<\/h3><ul><li>Wuchsform: Bodendecker<\/li><li>Anzahl der Lappen: 0 bis 3 Lappen in der Regel<\/li><li>L\u00e4nge des Blattes: 22 cm<\/li><li>Breite des Blattes: 17 cm<\/li><li>Blattfarbe: mattgr\u00fcn<\/li><li>Farbe der Rippen: hellgr\u00fcn<\/li><li>Farbe Stiel und Blattstiel: an der Basis dunkelpurpur, in der N\u00e4he der Bl\u00e4tter gr\u00fcn<\/li><li>Haare: schuppig, aus 12 bis 20 Verzweigungen bestehend<\/li><\/ul><h3>\u00a0<\/h3><h3>Tipps zu Pflanzung, Anbau und Pflege f\u00fcr Hedera colchica &lsquo;Dentata&rsquo;<\/h3><ul><li>Standort: Schatten, Halbschatten, Sonne<\/li><li>Winterh\u00e4rte: -17\u00b0C<\/li><li>Bodenfeuchtigkeit: frischer Boden<\/li><li>PH-Wert des Bodens: neutral oder kalkhaltig oder sauer<\/li><li>Bodenart: alle<\/li><li>Bodenreichtum: gew\u00f6hnlich oder humos<\/li><li>Verwendung: Bodendecker, Kletterer, K\u00fcbel, Blumenk\u00e4sten<\/li><li>Entwicklung: kr\u00e4ftig, schnell<\/li><li>Beschneiden: ein- bis zweimal im Jahr<\/li><li>Sch\u00e4dlinge: sehr selten (Rote Spinne, Schildl\u00e4use)<\/li><li>Krankheiten: sehr selten (Flecken auf den Bl\u00e4ttern)<\/li><\/ul>\t\t\t\t\t\t\t\t<\/div>\n\t\t\t\t<\/div>\n\t\t\t\t\t<\/div>\n\t\t\t\t<\/div>\n\t\t\t\t\t<\/div>\n\t\t\t\t<\/div>\n\t\t<div class=\"elementor-element elementor-element-71882a5d e-flex e-con-boxed e-con e-parent\" data-id=\"71882a5d\" data-element_type=\"container\">\n\t\t\t\t\t<div class=\"e-con-inner\">\n\t\t<div class=\"elementor-element elementor-element-5da034e4 e-flex e-con-boxed e-con e-child\" data-id=\"5da034e4\" data-element_type=\"container\" data-settings=\"{&quot;background_background&quot;:&quot;classic&quot;,&quot;shape_divider_top&quot;:&quot;mountains&quot;}\">\n\t\t\t\t\t<div class=\"e-con-inner\">\n\t\t\t\t<div class=\"elementor-shape elementor-shape-top\" data-negative=\"false\">\n\t\t\t<svg xmlns=\"http:\/\/www.w3.org\/2000\/svg\" viewbox=\"0 0 1000 100\" preserveaspectratio=\"none\">\n\t<path class=\"elementor-shape-fill\" opacity=\"0.33\" d=\"M473,67.3c-203.9,88.3-263.1-34-320.3,0C66,119.1,0,59.7,0,59.7V0h1000v59.7 c0,0-62.1,26.1-94.9,29.3c-32.8,3.3-62.8-12.3-75.8-22.1C806,49.6,745.3,8.7,694.9,4.7S492.4,59,473,67.3z\"\/>\n\t<path class=\"elementor-shape-fill\" opacity=\"0.66\" d=\"M734,67.3c-45.5,0-77.2-23.2-129.1-39.1c-28.6-8.7-150.3-10.1-254,39.1 s-91.7-34.4-149.2,0C115.7,118.3,0,39.8,0,39.8V0h1000v36.5c0,0-28.2-18.5-92.1-18.5C810.2,18.1,775.7,67.3,734,67.3z\"\/>\n\t<path class=\"elementor-shape-fill\" d=\"M766.1,28.9c-200-57.5-266,65.5-395.1,19.5C242,1.8,242,5.4,184.8,20.6C128,35.8,132.3,44.9,89.9,52.5C28.6,63.7,0,0,0,0 h1000c0,0-9.9,40.9-83.6,48.1S829.6,47,766.1,28.9z\"\/>\n<\/svg>\t\t<\/div>\n\t\t\t\t<div class=\"elementor-element elementor-element-622b93bf elementor-widget__width-initial elementor-widget elementor-widget-image\" data-id=\"622b93bf\" data-element_type=\"widget\" data-widget_type=\"image.default\">\n\t\t\t\t<div class=\"elementor-widget-container\">\n\t\t\t\t\t\t\t\t\t\t\t\t\t\t\t<img fetchpriority=\"high\" decoding=\"async\" width=\"300\" height=\"180\" src=\"https:\/\/www.hedera-etc.com\/wp-content\/uploads\/2024\/11\/vecteezy_simplicity-ivy-freehand-drawing_13643730_206-300x180.webp\" class=\"attachment-medium size-medium wp-image-10573\" alt=\"\" srcset=\"https:\/\/www.hedera-etc.com\/wp-content\/uploads\/2024\/11\/vecteezy_simplicity-ivy-freehand-drawing_13643730_206-300x180.webp 300w, https:\/\/www.hedera-etc.com\/wp-content\/uploads\/2024\/11\/vecteezy_simplicity-ivy-freehand-drawing_13643730_206-900x540.webp 900w, https:\/\/www.hedera-etc.com\/wp-content\/uploads\/2024\/11\/vecteezy_simplicity-ivy-freehand-drawing_13643730_206-1024x614.webp 1024w, https:\/\/www.hedera-etc.com\/wp-content\/uploads\/2024\/11\/vecteezy_simplicity-ivy-freehand-drawing_13643730_206-768x461.webp 768w, https:\/\/www.hedera-etc.com\/wp-content\/uploads\/2024\/11\/vecteezy_simplicity-ivy-freehand-drawing_13643730_206-1536x921.webp 1536w, https:\/\/www.hedera-etc.com\/wp-content\/uploads\/2024\/11\/vecteezy_simplicity-ivy-freehand-drawing_13643730_206.webp 1920w, https:\/\/www.hedera-etc.com\/wp-content\/uploads\/2024\/11\/vecteezy_simplicity-ivy-freehand-drawing_13643730_206-1320x791.webp 1320w\" sizes=\"(max-width: 300px) 100vw, 300px\" \/>\t\t\t\t\t\t\t\t\t\t\t\t\t\t\t<\/div>\n\t\t\t\t<\/div>\n\t\t\t\t<div class=\"elementor-element elementor-element-40c69b6b elementor-widget elementor-widget-heading\" data-id=\"40c69b6b\" data-element_type=\"widget\" data-widget_type=\"heading.default\">\n\t\t\t\t<div class=\"elementor-widget-container\">\n\t\t\t\t\t<h2 class=\"elementor-heading-title elementor-size-default\">Eine Seite aus meiner kleinen Enzyklop\u00e4die des Efeus<\/h2>\t\t\t\t<\/div>\n\t\t\t\t<\/div>\n\t\t\t\t\t<\/div>\n\t\t\t\t<\/div>\n\t\t\t\t<div class=\"elementor-element elementor-element-b5e729d elementor-widget elementor-widget-menu-anchor\" data-id=\"b5e729d\" data-element_type=\"widget\" data-widget_type=\"menu-anchor.default\">\n\t\t\t\t<div class=\"elementor-widget-container\">\n\t\t\t\t\t\t\t<div class=\"elementor-menu-anchor\" id=\"tetranyque\"><\/div>\n\t\t\t\t\t\t<\/div>\n\t\t\t\t<\/div>\n\t\t\t\t<div class=\"elementor-element elementor-element-b41ee28 elementor-widget elementor-widget-global elementor-global-8958 elementor-widget-text-editor\" data-id=\"b41ee28\" data-element_type=\"widget\" data-widget_type=\"text-editor.default\">\n\t\t\t\t<div class=\"elementor-widget-container\">\n\t\t\t\t\t\t\t\t\t<h3><span style=\"color: #008000;\">Alles \u00fcber die Gesundheit meiner Efeupflanzen<\/span><\/h3><p>Efeu wird relativ selten von Sch\u00e4dlingen befallen. Au\u00dferdem ist er im Falle eines Befalls in der Regel widerstandsf\u00e4hig genug, um irreversible Sch\u00e4den zu vermeiden. Zu den potenziellen Sch\u00e4dlingen geh\u00f6rt die Spinnmilbe.<\/p><h2><span style=\"color: #008000;\">Die Spinnmilbe (Tetranychus urticae)<\/span><\/h2><p>Diese rot gef\u00e4rbte, einen halben Millimeter gro\u00dfe Milbe ist im Gew\u00e4chshaus besonders gef\u00fcrchtet. Sie liebt die Trockenheit. Sie spinnt feine Netze und verf\u00e4rbt die Bl\u00e4tter, indem sie in die Blattspreite sticht.<\/p><p>Zur Vorbeugung empfiehlt es sich, eine feuchte und gut bel\u00fcftete Umgebung zu erhalten. Bei einem Befall sollten Sie die Bl\u00e4tter auf beiden Seiten gr\u00fcndlich mit Wasser bespr\u00fchen und dies mehrere Tage lang wiederholen. Bei anhaltendem Befall kann eine Behandlung mit einer milbent\u00f6tenden Seife oder mit Neem\u00f6l erforderlich sein.<\/p><p>Durch regelm\u00e4\u00dfige \u00dcberwachung kann der Angriff fr\u00fchzeitig erkannt werden, was die Behandlung deutlich effektiver macht.<\/p>\t\t\t\t\t\t\t\t<\/div>\n\t\t\t\t<\/div>\n\t\t\t\t<div class=\"elementor-element elementor-element-2e4e7a8f elementor-widget elementor-widget-image\" data-id=\"2e4e7a8f\" data-element_type=\"widget\" data-widget_type=\"image.default\">\n\t\t\t\t<div class=\"elementor-widget-container\">\n\t\t\t\t\t\t\t\t\t\t\t\t\t\t\t<img decoding=\"async\" width=\"1024\" height=\"146\" src=\"https:\/\/www.hedera-etc.com\/wp-content\/uploads\/2023\/10\/guirlande-1024x146.webp\" class=\"attachment-large size-large wp-image-116\" alt=\"La boutique du lierre - Efeu-Girlande\" srcset=\"https:\/\/www.hedera-etc.com\/wp-content\/uploads\/2023\/10\/guirlande-1024x146.webp 1024w, https:\/\/www.hedera-etc.com\/wp-content\/uploads\/2023\/10\/guirlande-900x129.webp 900w, https:\/\/www.hedera-etc.com\/wp-content\/uploads\/2023\/10\/guirlande-300x43.webp 300w, https:\/\/www.hedera-etc.com\/wp-content\/uploads\/2023\/10\/guirlande-768x110.webp 768w, https:\/\/www.hedera-etc.com\/wp-content\/uploads\/2023\/10\/guirlande.webp 1126w\" sizes=\"(max-width: 1024px) 100vw, 1024px\" \/>\t\t\t\t\t\t\t\t\t\t\t\t\t\t\t<\/div>\n\t\t\t\t<\/div>\n\t\t\t\t<div class=\"elementor-element elementor-element-31b0a806 elementor-widget elementor-widget-text-editor\" data-id=\"31b0a806\" data-element_type=\"widget\" data-widget_type=\"text-editor.default\">\n\t\t\t\t<div class=\"elementor-widget-container\">\n\t\t\t\t\t\t\t\t\t<h3 style=\"text-align: center;\"><span style=\"color: #008000;\">Efeu in der Literatur<\/span><\/h3><blockquote><p style=\"text-align: center;\"><span style=\"color: #993366;\">\u201cDie Gr\u00e4ber unter ihrer Efeudecke schienen von einer unendlichen Ruhe zu tr\u00e4umen.<\/span><span style=\"color: #993366;\">\u201d<\/span><\/p><\/blockquote><h5 style=\"text-align: right;\"><strong>Elizabeth Barrett Browning<\/strong>, <em>Portugiesische Sonette<\/em><\/h5>\t\t\t\t\t\t\t\t<\/div>\n\t\t\t\t<\/div>\n\t\t\t\t\t<\/div>\n\t\t\t\t<\/div>\n\t\t\t\t<\/div>","protected":false},"excerpt":{"rendered":"<p>Gr\u00f6\u00dfte Bl\u00e4tter der Gattung <em>Hedera.\u00a0<\/em>Sie k\u00f6nnen bis zu 25 cm lang werden. Das Blatt ist nicht gelappt oder dreilappig und weist am Rand kleine Z\u00e4hne auf. Es riecht stark, wenn es gekn\u00fcllt wird.<\/p>\n<p>Diese Sorte kann als Kletterpflanze oder als Bodendecker f\u00fcr sehr gro\u00dfe Fl\u00e4chen verwendet werden. Wenn sie als Kletterpflanze an einer Wand verwendet wird, fallen die Bl\u00e4tter von den langen Stielen herab und bilden eine spektakul\u00e4re Wandverkleidung.<\/p>\n<p>Dies ist ein sehr winterharter Efeu. Er soll die gro\u00dfe K\u00e4lte von 1893 \u00fcberlebt haben.<\/p>\n<p><span style=\"color: #ff0000;\"><b>Diese Sorte wurde 1993 von der Royal Horticultural Society (RHS) mit dem Garden Merit Award ausgezeichnet.<\/b><\/span><\/p>","protected":false},"featured_media":17146,"comment_status":"open","ping_status":"closed","template":"","meta":{"_acf_changed":false,"ocean_post_layout":"","ocean_both_sidebars_style":"","ocean_both_sidebars_content_width":0,"ocean_both_sidebars_sidebars_width":0,"ocean_sidebar":"0","ocean_second_sidebar":"0","ocean_disable_margins":"enable","ocean_add_body_class":"","ocean_shortcode_before_top_bar":"","ocean_shortcode_after_top_bar":"","ocean_shortcode_before_header":"","ocean_shortcode_after_header":"","ocean_has_shortcode":"","ocean_shortcode_after_title":"","ocean_shortcode_before_footer_widgets":"","ocean_shortcode_after_footer_widgets":"","ocean_shortcode_before_footer_bottom":"","ocean_shortcode_after_footer_bottom":"","ocean_display_top_bar":"default","ocean_display_header":"default","ocean_header_style":"","ocean_center_header_left_menu":"0","ocean_custom_header_template":"0","ocean_custom_logo":0,"ocean_custom_retina_logo":0,"ocean_custom_logo_max_width":0,"ocean_custom_logo_tablet_max_width":0,"ocean_custom_logo_mobile_max_width":0,"ocean_custom_logo_max_height":0,"ocean_custom_logo_tablet_max_height":0,"ocean_custom_logo_mobile_max_height":0,"ocean_header_custom_menu":"0","ocean_menu_typo_font_family":"0","ocean_menu_typo_font_subset":"","ocean_menu_typo_font_size":0,"ocean_menu_typo_font_size_tablet":0,"ocean_menu_typo_font_size_mobile":0,"ocean_menu_typo_font_size_unit":"px","ocean_menu_typo_font_weight":"","ocean_menu_typo_font_weight_tablet":"","ocean_menu_typo_font_weight_mobile":"","ocean_menu_typo_transform":"","ocean_menu_typo_transform_tablet":"","ocean_menu_typo_transform_mobile":"","ocean_menu_typo_line_height":0,"ocean_menu_typo_line_height_tablet":0,"ocean_menu_typo_line_height_mobile":0,"ocean_menu_typo_line_height_unit":"","ocean_menu_typo_spacing":0,"ocean_menu_typo_spacing_tablet":0,"ocean_menu_typo_spacing_mobile":0,"ocean_menu_typo_spacing_unit":"","ocean_menu_link_color":"","ocean_menu_link_color_hover":"","ocean_menu_link_color_active":"","ocean_menu_link_background":"","ocean_menu_link_hover_background":"","ocean_menu_link_active_background":"","ocean_menu_social_links_bg":"","ocean_menu_social_hover_links_bg":"","ocean_menu_social_links_color":"","ocean_menu_social_hover_links_color":"","ocean_disable_title":"default","ocean_disable_heading":"default","ocean_post_title":"","ocean_post_subheading":"","ocean_post_title_style":"","ocean_post_title_background_color":"","ocean_post_title_background":0,"ocean_post_title_bg_image_position":"","ocean_post_title_bg_image_attachment":"","ocean_post_title_bg_image_repeat":"","ocean_post_title_bg_image_size":"","ocean_post_title_height":0,"ocean_post_title_bg_overlay":0.5,"ocean_post_title_bg_overlay_color":"","ocean_disable_breadcrumbs":"default","ocean_breadcrumbs_color":"","ocean_breadcrumbs_separator_color":"","ocean_breadcrumbs_links_color":"","ocean_breadcrumbs_links_hover_color":"","ocean_display_footer_widgets":"default","ocean_display_footer_bottom":"default","ocean_custom_footer_template":"0"},"product_brand":[],"product_cat":[134],"product_tag":[],"class_list":{"0":"post-1716","1":"product","2":"type-product","3":"status-publish","4":"has-post-thumbnail","6":"product_cat-lierre","8":"entry","9":"has-media","11":"first","12":"instock","13":"purchasable","14":"product-type-variable","15":"has-default-attributes","16":"has-product-nav","17":"col","18":"span_1_of_4","19":"owp-content-center","20":"item-entry","21":"owp-thumbs-layout-horizontal","22":"owp-btn-normal","23":"owp-tabs-layout-section"},"acf":[],"jetpack_sharing_enabled":true,"_links":{"self":[{"href":"https:\/\/www.hedera-etc.com\/de\/wp-json\/wp\/v2\/product\/1716","targetHints":{"allow":["GET"]}}],"collection":[{"href":"https:\/\/www.hedera-etc.com\/de\/wp-json\/wp\/v2\/product"}],"about":[{"href":"https:\/\/www.hedera-etc.com\/de\/wp-json\/wp\/v2\/types\/product"}],"replies":[{"embeddable":true,"href":"https:\/\/www.hedera-etc.com\/de\/wp-json\/wp\/v2\/comments?post=1716"}],"version-history":[{"count":5,"href":"https:\/\/www.hedera-etc.com\/de\/wp-json\/wp\/v2\/product\/1716\/revisions"}],"predecessor-version":[{"id":15152,"href":"https:\/\/www.hedera-etc.com\/de\/wp-json\/wp\/v2\/product\/1716\/revisions\/15152"}],"wp:featuredmedia":[{"embeddable":true,"href":"https:\/\/www.hedera-etc.com\/de\/wp-json\/wp\/v2\/media\/17146"}],"wp:attachment":[{"href":"https:\/\/www.hedera-etc.com\/de\/wp-json\/wp\/v2\/media?parent=1716"}],"wp:term":[{"taxonomy":"product_brand","embeddable":true,"href":"https:\/\/www.hedera-etc.com\/de\/wp-json\/wp\/v2\/product_brand?post=1716"},{"taxonomy":"product_cat","embeddable":true,"href":"https:\/\/www.hedera-etc.com\/de\/wp-json\/wp\/v2\/product_cat?post=1716"},{"taxonomy":"product_tag","embeddable":true,"href":"https:\/\/www.hedera-etc.com\/de\/wp-json\/wp\/v2\/product_tag?post=1716"}],"curies":[{"name":"wp","href":"https:\/\/api.w.org\/{rel}","templated":true}]}}