{"id":17706,"date":"2025-12-12T19:55:36","date_gmt":"2025-12-12T18:55:36","guid":{"rendered":"https:\/\/www.hedera-etc.com\/?post_type=product&#038;p=17706"},"modified":"2026-04-29T07:09:23","modified_gmt":"2026-04-29T05:09:23","slug":"hedera-hibernica-argarai","status":"publish","type":"product","link":"https:\/\/www.hedera-etc.com\/de\/product\/hedera-hibernica-argarai\/","title":{"rendered":"<em>Hedera hibernica<\/em> &lsquo;Argarai&rsquo; &#8211; Irisches Efeu"},"content":{"rendered":"<div data-elementor-type=\"product-post\" data-elementor-id=\"17706\" class=\"elementor elementor-17706\" data-elementor-post-type=\"product\">\n\t\t\t\t<div class=\"elementor-element elementor-element-2541ec8 e-flex e-con-boxed e-con e-parent\" data-id=\"2541ec8\" data-element_type=\"container\">\n\t\t\t\t\t<div class=\"e-con-inner\">\n\t\t<div class=\"elementor-element elementor-element-1b97c39e e-flex e-con-boxed e-con e-child\" data-id=\"1b97c39e\" data-element_type=\"container\">\n\t\t\t\t\t<div class=\"e-con-inner\">\n\t\t\t\t<div class=\"elementor-element elementor-element-f633424 elementor-widget elementor-widget-text-editor\" data-id=\"f633424\" data-element_type=\"widget\" data-widget_type=\"text-editor.default\">\n\t\t\t\t<div class=\"elementor-widget-container\">\n\t\t\t\t\t\t\t\t\t<h2><span style=\"color: #f0ffed;\">Le Irisches Efeu &#8211; Hedera hibernica &lsquo;Argarai&rsquo;<\/span><\/h2>\t\t\t\t\t\t\t\t<\/div>\n\t\t\t\t<\/div>\n\t\t\t\t<div class=\"elementor-element elementor-element-5aaf277a elementor-widget elementor-widget-heading\" data-id=\"5aaf277a\" data-element_type=\"widget\" data-widget_type=\"heading.default\">\n\t\t\t\t<div class=\"elementor-widget-container\">\n\t\t\t\t\t<h2 class=\"elementor-heading-title elementor-size-default\">Zusammenfassend<\/h2>\t\t\t\t<\/div>\n\t\t\t\t<\/div>\n\t\t\t\t<div class=\"elementor-element elementor-element-400879ae elementor-widget elementor-widget-text-editor\" data-id=\"400879ae\" data-element_type=\"widget\" data-widget_type=\"text-editor.default\">\n\t\t\t\t<div class=\"elementor-widget-container\">\n\t\t\t\t\t\t\t\t\t<p>Der Efeu aus Irland, <strong><em>Hedera hibernica <\/em>\u2018Argarai\u2019<\/strong>, Der Efeu ist bis heute der einzige Efeu in Irland, dessen Bl\u00e4tter an den R\u00e4ndern weitgehend cremewei\u00df panaschiert sind.<\/p><p>Die Mitte der Blattspreite ist mehr oder weniger dunkelgr\u00fcn oder graugr\u00fcn gef\u00e4rbt. Das Blatt ist sch\u00f6n gro\u00df und besteht aus f\u00fcnf Lappen.<\/p><p>Dieser Efeu vertr\u00e4gt sehr gut Sonne, wird aber im Schatten noch sch\u00f6ner aussehen.<\/p>\t\t\t\t\t\t\t\t<\/div>\n\t\t\t\t<\/div>\n\t\t\t\t<div class=\"elementor-element elementor-element-6418fef3 elementor-widget elementor-widget-heading\" data-id=\"6418fef3\" data-element_type=\"widget\" data-widget_type=\"heading.default\">\n\t\t\t\t<div class=\"elementor-widget-container\">\n\t\t\t\t\t<h2 class=\"elementor-heading-title elementor-size-default\">Geschichte<\/h2>\t\t\t\t<\/div>\n\t\t\t\t<\/div>\n\t\t\t\t<div class=\"elementor-element elementor-element-21e60f96 elementor-widget elementor-widget-text-editor\" data-id=\"21e60f96\" data-element_type=\"widget\" data-widget_type=\"text-editor.default\">\n\t\t\t\t<div class=\"elementor-widget-container\">\n\t\t\t\t\t\t\t\t\t<p>Diese Sorte wurde von I\u00f1aki Garmendia entdeckt <span class=\"HwtZe\" lang=\"fr\"><span class=\"jCAhz ChMk0b\"><span class=\"ryNqvb\">im Jahr 2017 in Pamplona im Dorf Argarai. Wie I\u00f1aki erz\u00e4hlt , <em>\u00ab l<\/em><\/span><\/span><em><span class=\"jCAhz ChMk0b\"><span class=\"ryNqvb\">as Dorf Argarai liegt in der N\u00e4he des Flusses Arga, ist aber durch eine steile Schlucht von ihm getrennt.<\/span><\/span> <\/em><span class=\"jCAhz ChMk0b\"><span class=\"ryNqvb\"><em>An diesem steilen Hang, der mit Ulmen und einem Unterholz aus wildem Efeu bewachsen ist, f\u00fchrt ein kleiner Pfad hinunter zu der Stelle, an der der Autor diese Pflanze mit den panaschierten Bl\u00e4ttern im Sommer 2017 entdeckt hat.\u00bb<\/em> (Quelle <a href=\"https:\/\/www.floramontiberica.org\/Bouteloua\/Bouteloua_39.pdf\" target=\"_blank\" rel=\"noopener\">Bouteloua<\/a>)<\/span><\/span><\/span><\/p>\t\t\t\t\t\t\t\t<\/div>\n\t\t\t\t<\/div>\n\t\t\t\t<div class=\"elementor-element elementor-element-66cfcdc7 elementor-widget elementor-widget-heading\" data-id=\"66cfcdc7\" data-element_type=\"widget\" data-widget_type=\"heading.default\">\n\t\t\t\t<div class=\"elementor-widget-container\">\n\t\t\t\t\t<h2 class=\"elementor-heading-title elementor-size-default\">Detailansicht - Hedera hibernica 'Argarai'<\/h2>\t\t\t\t<\/div>\n\t\t\t\t<\/div>\n\t\t\t\t<div class=\"elementor-element elementor-element-75bac1a1 elementor-widget elementor-widget-text-editor\" data-id=\"75bac1a1\" data-element_type=\"widget\" data-widget_type=\"text-editor.default\">\n\t\t\t\t<div class=\"elementor-widget-container\">\n\t\t\t\t\t\t\t\t\t<h3>Botanische Informationen<\/h3><ul><li>Familie: Araliaceae<\/li><li>Gattung : <em><strong>Hedera<\/strong><\/em><\/li><li>Art : <em>hibernica<\/em><\/li><li>Anbauen : &lsquo;Argarai&rsquo;<\/li><li>Pierot-Klassifikation: Panaschierter Efeu<\/li><li>Blattstadium: juvenil<\/li><li>Herkunft der Art: Atlantikk\u00fcste Europas<\/li><li>Herkunft des Kultivars: 2017 von I\u00f1aki Garmendia im Baskenland entdeckt.<\/li><\/ul><h3>\u00a0<\/h3><h3>Beschreibung von Hedera hibernica &lsquo;Argarai&rsquo;<\/h3><ul><li>Wuchs: ausgebreitet<\/li><li>Anzahl der Lappen: 5 flache Lappen in der Regel<\/li><li>Blattl\u00e4nge: 7 bis 10 cm<\/li><li>Breite des Blattes: 7 bis 10 cm<\/li><li>Blattfarbe: verschiedene Gr\u00fcnt\u00f6ne, die am Rand der Blattspreite breit cremewei\u00df umrandet sind.<\/li><li>Farbe der Rippen: cremefarben oder graugr\u00fcn<\/li><li>Blattansatz: herzf\u00f6rmig oder stumpf<\/li><li>Blattspitze: spitz<\/li><li>Farbe Stiel und Blattstiel: gr\u00fcnlich-violett<\/li><li>L\u00e4nge des Blattstiels: 7 bis 10 cm<\/li><li>Verzweigungen: wenig verzweigt<\/li><li>Dicke der Matratze: wenig dick<\/li><li>Zwischenknoten: 5 cm<\/li><li>Haare: stellar, kleiner als bei <em>Hedera helix<\/em>.<\/li><\/ul><h3>\u00a0<\/h3><h3>Tipps zu Pflanzung, Anbau und Pflege f\u00fcr Hedera hibernica &lsquo;Argarai&rsquo;<\/h3><ul><li>Standort: Schatten, Halbschatten, Sonne<\/li><li>Winterh\u00e4rte: -15\u00b0C<\/li><li>Bodenfeuchtigkeit: frischer Boden<\/li><li>PH-Wert des Bodens: neutral oder kalkhaltig oder sauer<\/li><li>Bodenart: alle<\/li><li>Bodenreichtum: gew\u00f6hnlich oder humos<\/li><li>Verwendung: T\u00f6pfe, Blumenk\u00e4sten, Zimmerpflanze, Bodendecker<\/li><li>Entwicklung: m\u00e4\u00dfig<\/li><li>Wachstumsgeschwindigkeit: mittel<\/li><li>Beschneiden: einmal im Jahr<\/li><li>Sch\u00e4dlinge: selten (z.B. Dickmaulr\u00fcssler)<\/li><li>Krankheiten: selten (z. B. Flecken auf den Bl\u00e4ttern)<\/li><\/ul>\t\t\t\t\t\t\t\t<\/div>\n\t\t\t\t<\/div>\n\t\t\t\t\t<\/div>\n\t\t\t\t<\/div>\n\t\t\t\t\t<\/div>\n\t\t\t\t<\/div>\n\t\t<div class=\"elementor-element elementor-element-6a288a50 e-flex e-con-boxed e-con e-parent\" data-id=\"6a288a50\" data-element_type=\"container\">\n\t\t\t\t\t<div class=\"e-con-inner\">\n\t\t\t\t<div class=\"elementor-element elementor-element-69a41e79 elementor-widget elementor-widget-image\" data-id=\"69a41e79\" data-element_type=\"widget\" data-widget_type=\"image.default\">\n\t\t\t\t<div class=\"elementor-widget-container\">\n\t\t\t\t\t\t\t\t\t\t\t\t\t\t\t<img fetchpriority=\"high\" decoding=\"async\" width=\"1024\" height=\"146\" src=\"https:\/\/www.hedera-etc.com\/wp-content\/uploads\/2023\/10\/guirlande-1024x146.webp\" class=\"attachment-large size-large wp-image-116\" alt=\"La boutique du lierre - Efeu-Girlande\" srcset=\"https:\/\/www.hedera-etc.com\/wp-content\/uploads\/2023\/10\/guirlande-1024x146.webp 1024w, https:\/\/www.hedera-etc.com\/wp-content\/uploads\/2023\/10\/guirlande-900x129.webp 900w, https:\/\/www.hedera-etc.com\/wp-content\/uploads\/2023\/10\/guirlande-300x43.webp 300w, https:\/\/www.hedera-etc.com\/wp-content\/uploads\/2023\/10\/guirlande-768x110.webp 768w, https:\/\/www.hedera-etc.com\/wp-content\/uploads\/2023\/10\/guirlande.webp 1126w\" sizes=\"(max-width: 1024px) 100vw, 1024px\" \/>\t\t\t\t\t\t\t\t\t\t\t\t\t\t\t<\/div>\n\t\t\t\t<\/div>\n\t\t\t\t<div class=\"elementor-element elementor-element-5ccb8c17 elementor-widget elementor-widget-text-editor\" data-id=\"5ccb8c17\" data-element_type=\"widget\" data-widget_type=\"text-editor.default\">\n\t\t\t\t<div class=\"elementor-widget-container\">\n\t\t\t\t\t\t\t\t\t<h3 style=\"text-align: center;\"><span style=\"color: #008000;\">Efeu in der Literatur<\/span><\/h3><blockquote><p style=\"text-align: center;\"><span style=\"color: #993366;\">\u201c<\/span><span style=\"color: #993366;\">Sie werden sehen, dass man eines Tages Stoffe aus Efeuholz f\u00fcr treue Freunde und aus Trauerweide f\u00fcr untr\u00f6stliche Witwen herstellen wird! \u201d<\/span><\/p><\/blockquote><h5 style=\"text-align: right;\">Jules Verne, L \u00bbIle \u00e0 propices (Die Propellerinsel)<\/h5>\t\t\t\t\t\t\t\t<\/div>\n\t\t\t\t<\/div>\n\t\t\t\t\t<\/div>\n\t\t\t\t<\/div>\n\t\t\t\t<\/div>","protected":false},"excerpt":{"rendered":"<p>Der einzige Efeu in Irland mit Bl\u00e4ttern, die an den R\u00e4ndern breit cremewei\u00df panaschiert sind.<\/p>\n<p>Die Mitte der Blattspreite ist mehr oder weniger dunkelgr\u00fcn oder graugr\u00fcn gef\u00e4rbt. Das Blatt ist sch\u00f6n gro\u00df und besteht aus 5 Lappen.<\/p>\n<p>Vertr\u00e4gt sehr gut Sonne, aber im Schatten noch h\u00fcbscher.<\/p>","protected":false},"featured_media":17753,"comment_status":"open","ping_status":"closed","template":"","meta":{"_acf_changed":false,"ocean_post_layout":"","ocean_both_sidebars_style":"","ocean_both_sidebars_content_width":0,"ocean_both_sidebars_sidebars_width":0,"ocean_sidebar":"0","ocean_second_sidebar":"0","ocean_disable_margins":"enable","ocean_add_body_class":"","ocean_shortcode_before_top_bar":"","ocean_shortcode_after_top_bar":"","ocean_shortcode_before_header":"","ocean_shortcode_after_header":"","ocean_has_shortcode":"","ocean_shortcode_after_title":"","ocean_shortcode_before_footer_widgets":"","ocean_shortcode_after_footer_widgets":"","ocean_shortcode_before_footer_bottom":"","ocean_shortcode_after_footer_bottom":"","ocean_display_top_bar":"default","ocean_display_header":"default","ocean_header_style":"","ocean_center_header_left_menu":"0","ocean_custom_header_template":"0","ocean_custom_logo":0,"ocean_custom_retina_logo":0,"ocean_custom_logo_max_width":0,"ocean_custom_logo_tablet_max_width":0,"ocean_custom_logo_mobile_max_width":0,"ocean_custom_logo_max_height":0,"ocean_custom_logo_tablet_max_height":0,"ocean_custom_logo_mobile_max_height":0,"ocean_header_custom_menu":"0","ocean_menu_typo_font_family":"0","ocean_menu_typo_font_subset":"","ocean_menu_typo_font_size":0,"ocean_menu_typo_font_size_tablet":0,"ocean_menu_typo_font_size_mobile":0,"ocean_menu_typo_font_size_unit":"px","ocean_menu_typo_font_weight":"","ocean_menu_typo_font_weight_tablet":"","ocean_menu_typo_font_weight_mobile":"","ocean_menu_typo_transform":"","ocean_menu_typo_transform_tablet":"","ocean_menu_typo_transform_mobile":"","ocean_menu_typo_line_height":0,"ocean_menu_typo_line_height_tablet":0,"ocean_menu_typo_line_height_mobile":0,"ocean_menu_typo_line_height_unit":"","ocean_menu_typo_spacing":0,"ocean_menu_typo_spacing_tablet":0,"ocean_menu_typo_spacing_mobile":0,"ocean_menu_typo_spacing_unit":"","ocean_menu_link_color":"","ocean_menu_link_color_hover":"","ocean_menu_link_color_active":"","ocean_menu_link_background":"","ocean_menu_link_hover_background":"","ocean_menu_link_active_background":"","ocean_menu_social_links_bg":"","ocean_menu_social_hover_links_bg":"","ocean_menu_social_links_color":"","ocean_menu_social_hover_links_color":"","ocean_disable_title":"default","ocean_disable_heading":"default","ocean_post_title":"","ocean_post_subheading":"","ocean_post_title_style":"","ocean_post_title_background_color":"","ocean_post_title_background":0,"ocean_post_title_bg_image_position":"","ocean_post_title_bg_image_attachment":"","ocean_post_title_bg_image_repeat":"","ocean_post_title_bg_image_size":"","ocean_post_title_height":0,"ocean_post_title_bg_overlay":0.5,"ocean_post_title_bg_overlay_color":"","ocean_disable_breadcrumbs":"default","ocean_breadcrumbs_color":"","ocean_breadcrumbs_separator_color":"","ocean_breadcrumbs_links_color":"","ocean_breadcrumbs_links_hover_color":"","ocean_display_footer_widgets":"default","ocean_display_footer_bottom":"default","ocean_custom_footer_template":"0"},"product_brand":[],"product_cat":[134],"product_tag":[],"class_list":{"0":"post-17706","1":"product","2":"type-product","3":"status-publish","4":"has-post-thumbnail","6":"product_cat-lierre","8":"entry","9":"has-media","11":"first","12":"outofstock","13":"shipping-taxable","14":"product-type-variable","15":"has-default-attributes","16":"has-product-nav","17":"col","18":"span_1_of_4","19":"owp-content-center","20":"item-entry","21":"owp-thumbs-layout-horizontal","22":"owp-btn-normal","23":"owp-tabs-layout-section"},"acf":[],"jetpack_sharing_enabled":true,"_links":{"self":[{"href":"https:\/\/www.hedera-etc.com\/de\/wp-json\/wp\/v2\/product\/17706","targetHints":{"allow":["GET"]}}],"collection":[{"href":"https:\/\/www.hedera-etc.com\/de\/wp-json\/wp\/v2\/product"}],"about":[{"href":"https:\/\/www.hedera-etc.com\/de\/wp-json\/wp\/v2\/types\/product"}],"replies":[{"embeddable":true,"href":"https:\/\/www.hedera-etc.com\/de\/wp-json\/wp\/v2\/comments?post=17706"}],"version-history":[{"count":17,"href":"https:\/\/www.hedera-etc.com\/de\/wp-json\/wp\/v2\/product\/17706\/revisions"}],"predecessor-version":[{"id":17838,"href":"https:\/\/www.hedera-etc.com\/de\/wp-json\/wp\/v2\/product\/17706\/revisions\/17838"}],"wp:featuredmedia":[{"embeddable":true,"href":"https:\/\/www.hedera-etc.com\/de\/wp-json\/wp\/v2\/media\/17753"}],"wp:attachment":[{"href":"https:\/\/www.hedera-etc.com\/de\/wp-json\/wp\/v2\/media?parent=17706"}],"wp:term":[{"taxonomy":"product_brand","embeddable":true,"href":"https:\/\/www.hedera-etc.com\/de\/wp-json\/wp\/v2\/product_brand?post=17706"},{"taxonomy":"product_cat","embeddable":true,"href":"https:\/\/www.hedera-etc.com\/de\/wp-json\/wp\/v2\/product_cat?post=17706"},{"taxonomy":"product_tag","embeddable":true,"href":"https:\/\/www.hedera-etc.com\/de\/wp-json\/wp\/v2\/product_tag?post=17706"}],"curies":[{"name":"wp","href":"https:\/\/api.w.org\/{rel}","templated":true}]}}