{"id":1907,"date":"2023-11-10T20:23:42","date_gmt":"2023-11-10T19:23:42","guid":{"rendered":"https:\/\/www.hedera-etc.com\/?post_type=product&#038;p=1907"},"modified":"2026-04-29T07:09:29","modified_gmt":"2026-04-29T05:09:29","slug":"hedera-rhombea-pierot","status":"publish","type":"product","link":"https:\/\/www.hedera-etc.com\/de\/product\/hedera-rhombea-pierot\/","title":{"rendered":"<em>Hedera rhombea<\/em> &lsquo;Pierot&rsquo; &#8211; Japanischer Efeu"},"content":{"rendered":"\t\t<div data-elementor-type=\"product-post\" data-elementor-id=\"1907\" class=\"elementor elementor-1907\" data-elementor-post-type=\"product\">\n\t\t\t\t<div class=\"elementor-element elementor-element-600234e9 e-con-full e-flex e-con e-child\" data-id=\"600234e9\" data-element_type=\"container\">\n\t\t\t\t<div class=\"elementor-element elementor-element-1d8b0053 elementor-widget elementor-widget-text-editor\" data-id=\"1d8b0053\" data-element_type=\"widget\" data-widget_type=\"text-editor.default\">\n\t\t\t\t<div class=\"elementor-widget-container\">\n\t\t\t\t\t\t\t\t\t<h2><span style=\"color: #f0ffed;\">Le lierre du Japon\u00a0 &#8211; Hedera rhombea &lsquo;Pierot&rsquo;<\/span><\/h2>\t\t\t\t\t\t\t\t<\/div>\n\t\t\t\t<\/div>\n\t\t\t\t<\/div>\n\t\t<div class=\"elementor-element elementor-element-32df7d82 e-flex e-con-boxed e-con e-parent\" data-id=\"32df7d82\" data-element_type=\"container\">\n\t\t\t\t\t<div class=\"e-con-inner\">\n\t\t<div class=\"elementor-element elementor-element-7b051cc1 e-flex e-con-boxed e-con e-child\" data-id=\"7b051cc1\" data-element_type=\"container\">\n\t\t\t\t\t<div class=\"e-con-inner\">\n\t\t\t\t<div class=\"elementor-element elementor-element-5ac147ab elementor-widget elementor-widget-heading\" data-id=\"5ac147ab\" data-element_type=\"widget\" data-widget_type=\"heading.default\">\n\t\t\t\t<div class=\"elementor-widget-container\">\n\t\t\t\t\t<h2 class=\"elementor-heading-title elementor-size-default\">En r\u00e9sum\u00e9<\/h2>\t\t\t\t<\/div>\n\t\t\t\t<\/div>\n\t\t\t\t<div class=\"elementor-element elementor-element-28d21bca elementor-widget elementor-widget-text-editor\" data-id=\"28d21bca\" data-element_type=\"widget\" data-widget_type=\"text-editor.default\">\n\t\t\t\t<div class=\"elementor-widget-container\">\n\t\t\t\t\t\t\t\t\t<p>Le lierre du Japon, <strong><em>Hedera rhombea<\/em> &lsquo;Pierot&rsquo;<\/strong>, est un lierre de petite taille, avec des feuilles vert sombre, fines comme du papier. En hiver, en conditions froides, elles sont souvent teint\u00e9es de marron.<\/p><p>Elles sont assez largement espac\u00e9es et rattach\u00e9es par de longs p\u00e9tioles sur des tiges plut\u00f4t raides.<\/p><p>Madame Pierot fut la fondatrice et la pr\u00e9sidente de l&rsquo;Association am\u00e9ricaine du lierre.<\/p>\t\t\t\t\t\t\t\t<\/div>\n\t\t\t\t<\/div>\n\t\t\t\t<div class=\"elementor-element elementor-element-c232e11 elementor-widget elementor-widget-heading\" data-id=\"c232e11\" data-element_type=\"widget\" data-widget_type=\"heading.default\">\n\t\t\t\t<div class=\"elementor-widget-container\">\n\t\t\t\t\t<h2 class=\"elementor-heading-title elementor-size-default\">Historique<\/h2>\t\t\t\t<\/div>\n\t\t\t\t<\/div>\n\t\t\t\t<div class=\"elementor-element elementor-element-5283ec0 elementor-widget elementor-widget-text-editor\" data-id=\"5283ec0\" data-element_type=\"widget\" data-widget_type=\"text-editor.default\">\n\t\t\t\t<div class=\"elementor-widget-container\">\n\t\t\t\t\t\t\t\t\t<p>Le lierre du Japon, <strong><em>Hedera rhombea<\/em> &lsquo;Pierot&rsquo;<\/strong>, fut d\u00e9couvert dans l&rsquo;\u00eele de Jeju-do, en Cor\u00e9e du Sud, en 1975.\u00a0<\/p>\t\t\t\t\t\t\t\t<\/div>\n\t\t\t\t<\/div>\n\t\t\t\t<div class=\"elementor-element elementor-element-7191d6f9 elementor-widget elementor-widget-heading\" data-id=\"7191d6f9\" data-element_type=\"widget\" data-widget_type=\"heading.default\">\n\t\t\t\t<div class=\"elementor-widget-container\">\n\t\t\t\t\t<h2 class=\"elementor-heading-title elementor-size-default\">Fiche technique - Lierre du Japon 'Pierot'<\/h2>\t\t\t\t<\/div>\n\t\t\t\t<\/div>\n\t\t\t\t<div class=\"elementor-element elementor-element-65ce4cb3 elementor-widget elementor-widget-text-editor\" data-id=\"65ce4cb3\" data-element_type=\"widget\" data-widget_type=\"text-editor.default\">\n\t\t\t\t<div class=\"elementor-widget-container\">\n\t\t\t\t\t\t\t\t\t<h3>Informations botaniques<\/h3><ul><li>Famille : Araliac\u00e9es<\/li><li>Genre : <em><strong>Hedera<\/strong><\/em><\/li><li>Esp\u00e8ce : <em>rhombea<\/em><\/li><li>Cultivar : &lsquo;Pierot&rsquo;<\/li><li>Classification Pierot : lierre miniature, lierre type<\/li><li>Stade feuillage : juv\u00e9nile<\/li><li>Origine\u00a0 de l&rsquo;esp\u00e8ce : Est de l&rsquo;Asie<\/li><li>Origine du cultivar : trouv\u00e9 sur l&rsquo;\u00eele de Jeju-do en Cor\u00e9e du Sud en 1975<\/li><\/ul><h3>\u00a0<\/h3><h3>Description de Hedera rhombea &lsquo;Pierot&rsquo;<\/h3><ul><li>Port : \u00e9pars<\/li><li>Nombre de lobes : 3 lobes en g\u00e9n\u00e9ral<\/li><li>Longueur de la feuille : 2 cm<\/li><li>Largeur de la feuille : 4 cm<\/li><li>Couleur de la feuille : vert moyen<\/li><li>Couleur des nervures : vert clair<\/li><li>Couleur tige et p\u00e9tiole : brun \u00e0 vert<\/li><li>Poils : \u00e9cailleux, 10 \u00e0 18 ramifications arrondies<\/li><\/ul><h3>\u00a0<\/h3><h3>Conseils plantation, culture et entretien de Hedera rhombea &lsquo;Pierot&rsquo;<\/h3><ul><li>Exposition : ombre, mi-ombre<\/li><li>Rusticit\u00e9 : -12\u00b0C<\/li><li>Humidit\u00e9 du sol : sol frais<\/li><li>PH du sol : tous<\/li><li>Type de sol : tous<\/li><li>Richesse du sol : ordinaire ou humif\u00e8re<\/li><li>Utilisation : couvre-sol, grimpant<\/li><li>D\u00e9veloppement : mod\u00e9r\u00e9<\/li><li>Taille : une fois par an<\/li><li>Ravageurs : tr\u00e8s rares (araign\u00e9es rouges, cochenilles)<\/li><li>Maladies : tr\u00e8s rares (taches sur les feuilles)<\/li><\/ul>\t\t\t\t\t\t\t\t<\/div>\n\t\t\t\t<\/div>\n\t\t\t\t\t<\/div>\n\t\t\t\t<\/div>\n\t\t\t\t\t<\/div>\n\t\t\t\t<\/div>\n\t\t<div class=\"elementor-element elementor-element-5906ad14 e-flex e-con-boxed e-con e-parent\" data-id=\"5906ad14\" data-element_type=\"container\">\n\t\t\t\t\t<div class=\"e-con-inner\">\n\t\t<div class=\"elementor-element elementor-element-2cd9abe2 e-flex e-con-boxed e-con e-child\" data-id=\"2cd9abe2\" data-element_type=\"container\" data-settings=\"{&quot;background_background&quot;:&quot;classic&quot;,&quot;shape_divider_top&quot;:&quot;mountains&quot;}\">\n\t\t\t\t\t<div class=\"e-con-inner\">\n\t\t\t\t<div class=\"elementor-shape elementor-shape-top\" data-negative=\"false\">\n\t\t\t<svg xmlns=\"http:\/\/www.w3.org\/2000\/svg\" viewBox=\"0 0 1000 100\" preserveAspectRatio=\"none\">\n\t<path class=\"elementor-shape-fill\" opacity=\"0.33\" d=\"M473,67.3c-203.9,88.3-263.1-34-320.3,0C66,119.1,0,59.7,0,59.7V0h1000v59.7 c0,0-62.1,26.1-94.9,29.3c-32.8,3.3-62.8-12.3-75.8-22.1C806,49.6,745.3,8.7,694.9,4.7S492.4,59,473,67.3z\"\/>\n\t<path class=\"elementor-shape-fill\" opacity=\"0.66\" d=\"M734,67.3c-45.5,0-77.2-23.2-129.1-39.1c-28.6-8.7-150.3-10.1-254,39.1 s-91.7-34.4-149.2,0C115.7,118.3,0,39.8,0,39.8V0h1000v36.5c0,0-28.2-18.5-92.1-18.5C810.2,18.1,775.7,67.3,734,67.3z\"\/>\n\t<path class=\"elementor-shape-fill\" d=\"M766.1,28.9c-200-57.5-266,65.5-395.1,19.5C242,1.8,242,5.4,184.8,20.6C128,35.8,132.3,44.9,89.9,52.5C28.6,63.7,0,0,0,0 h1000c0,0-9.9,40.9-83.6,48.1S829.6,47,766.1,28.9z\"\/>\n<\/svg>\t\t<\/div>\n\t\t\t\t<div class=\"elementor-element elementor-element-68c6fc57 elementor-widget__width-initial elementor-widget elementor-widget-image\" data-id=\"68c6fc57\" data-element_type=\"widget\" data-widget_type=\"image.default\">\n\t\t\t\t<div class=\"elementor-widget-container\">\n\t\t\t\t\t\t\t\t\t\t\t\t\t\t\t<img fetchpriority=\"high\" decoding=\"async\" width=\"300\" height=\"180\" src=\"https:\/\/www.hedera-etc.com\/wp-content\/uploads\/2024\/11\/vecteezy_simplicity-ivy-freehand-drawing_13643730_206-300x180.webp\" class=\"attachment-medium size-medium wp-image-10573\" alt=\"\" srcset=\"https:\/\/www.hedera-etc.com\/wp-content\/uploads\/2024\/11\/vecteezy_simplicity-ivy-freehand-drawing_13643730_206-300x180.webp 300w, https:\/\/www.hedera-etc.com\/wp-content\/uploads\/2024\/11\/vecteezy_simplicity-ivy-freehand-drawing_13643730_206-900x540.webp 900w, https:\/\/www.hedera-etc.com\/wp-content\/uploads\/2024\/11\/vecteezy_simplicity-ivy-freehand-drawing_13643730_206-1024x614.webp 1024w, https:\/\/www.hedera-etc.com\/wp-content\/uploads\/2024\/11\/vecteezy_simplicity-ivy-freehand-drawing_13643730_206-768x461.webp 768w, https:\/\/www.hedera-etc.com\/wp-content\/uploads\/2024\/11\/vecteezy_simplicity-ivy-freehand-drawing_13643730_206-1536x921.webp 1536w, https:\/\/www.hedera-etc.com\/wp-content\/uploads\/2024\/11\/vecteezy_simplicity-ivy-freehand-drawing_13643730_206.webp 1920w, https:\/\/www.hedera-etc.com\/wp-content\/uploads\/2024\/11\/vecteezy_simplicity-ivy-freehand-drawing_13643730_206-1320x791.webp 1320w\" sizes=\"(max-width: 300px) 100vw, 300px\" \/>\t\t\t\t\t\t\t\t\t\t\t\t\t\t\t<\/div>\n\t\t\t\t<\/div>\n\t\t\t\t<div class=\"elementor-element elementor-element-5936b479 elementor-widget elementor-widget-heading\" data-id=\"5936b479\" data-element_type=\"widget\" data-widget_type=\"heading.default\">\n\t\t\t\t<div class=\"elementor-widget-container\">\n\t\t\t\t\t<h2 class=\"elementor-heading-title elementor-size-default\">Une page de ma petite encyclop\u00e9die du lierre<\/h2>\t\t\t\t<\/div>\n\t\t\t\t<\/div>\n\t\t\t\t\t<\/div>\n\t\t\t\t<\/div>\n\t\t\t\t<div class=\"elementor-element elementor-element-086996b elementor-widget elementor-widget-menu-anchor\" data-id=\"086996b\" data-element_type=\"widget\" data-widget_type=\"menu-anchor.default\">\n\t\t\t\t<div class=\"elementor-widget-container\">\n\t\t\t\t\t\t\t<div class=\"elementor-menu-anchor\" id=\"biodiversite\"><\/div>\n\t\t\t\t\t\t<\/div>\n\t\t\t\t<\/div>\n\t\t\t\t<div class=\"elementor-element elementor-element-d9afd30 elementor-widget elementor-widget-global elementor-global-8429 elementor-widget-text-editor\" data-id=\"d9afd30\" data-element_type=\"widget\" data-widget_type=\"text-editor.default\">\n\t\t\t\t<div class=\"elementor-widget-container\">\n\t\t\t\t\t\t\t\t\t<p><span style=\"color: #008000;\">Toutes vos questions sur le lierre<\/span><\/p><h2><span style=\"color: #008000;\">Le lierre est-il bon pour la biodiversit\u00e9 ?<\/span><\/h2><div class=\"flex flex-grow flex-col max-w-full\"><div class=\"min-h-[20px] text-message flex w-full flex-col items-end gap-2 whitespace-pre-wrap break-words [.text-message+&amp;]:mt-5 overflow-x-auto\" dir=\"auto\" data-message-author-role=\"assistant\" data-message-id=\"a9ce9341-c84b-452d-83b3-388a470f9577\"><div class=\"flex w-full flex-col gap-1 empty:hidden first:pt-[3px]\"><div class=\"markdown prose w-full break-words dark:prose-invert dark\"><p>Le lierre est tr\u00e8s utile pour la biodiversit\u00e9. Mais il peut aussi avoir un impact n\u00e9gatif dans certaines conditions.<\/p><p>En effet, le lierre est tr\u00e8s comp\u00e9titif. Il peut couvrir de larges surfaces, au d\u00e9triment d&rsquo;autres plantes indig\u00e8nes locales et des animaux qui en d\u00e9pendent. Il doit donc \u00eatre ma\u00eetris\u00e9 et utilis\u00e9 \u00e0 bon escient.<\/p><p>A c\u00f4t\u00e9 de cela, le lierre a de nombreux impacts positifs pour la biodiversit\u00e9 :<\/p><ul><li><strong>Il fournit habitat et abri<\/strong>. Son feuillage persistant offre une excellente protection contre les intemp\u00e9ries et les pr\u00e9dateurs. De nombreux insectes, oiseaux ou mammif\u00e8res s&rsquo;y logent volontiers. En hiver, son \u00e9pais feuillage offre un refuge hivernal appr\u00e9ci\u00e9.<\/li><li><strong>Il procure de la nourriture. <\/strong>Les fleurs de lierre, qui apparaissent tardivement en saison (souvent \u00e0 l&rsquo;automne), offrent une importante source de nectar pour les abeilles et autres insectes pollinisateurs \u00e0 un moment o\u00f9 peu de plantes fleurissent. Les baies de lierre, qui m\u00fbrissent en hiver, constituent \u00e9galement une source de nourriture pour de nombreux oiseaux.<\/li><\/ul><div>Globalement, moyennant une bonne ma\u00eetrise dans certaines conditions sp\u00e9cifiques, le lierre est largement favorable \u00e0 la biodiversit\u00e9 et plus que jamais utile pour pr\u00e9server les esp\u00e8ces.<\/div><\/div><\/div><\/div><\/div>\t\t\t\t\t\t\t\t<\/div>\n\t\t\t\t<\/div>\n\t\t\t\t<div class=\"elementor-element elementor-element-d7f22ea elementor-widget elementor-widget-image\" data-id=\"d7f22ea\" data-element_type=\"widget\" data-widget_type=\"image.default\">\n\t\t\t\t<div class=\"elementor-widget-container\">\n\t\t\t\t\t\t\t\t\t\t\t\t\t\t\t<img decoding=\"async\" width=\"1024\" height=\"146\" src=\"https:\/\/www.hedera-etc.com\/wp-content\/uploads\/2023\/10\/guirlande-1024x146.webp\" class=\"attachment-large size-large wp-image-116\" alt=\"La boutique du lierre - guirlande de lierre\" srcset=\"https:\/\/www.hedera-etc.com\/wp-content\/uploads\/2023\/10\/guirlande-1024x146.webp 1024w, https:\/\/www.hedera-etc.com\/wp-content\/uploads\/2023\/10\/guirlande-900x129.webp 900w, https:\/\/www.hedera-etc.com\/wp-content\/uploads\/2023\/10\/guirlande-300x43.webp 300w, https:\/\/www.hedera-etc.com\/wp-content\/uploads\/2023\/10\/guirlande-768x110.webp 768w, https:\/\/www.hedera-etc.com\/wp-content\/uploads\/2023\/10\/guirlande.webp 1126w\" sizes=\"(max-width: 1024px) 100vw, 1024px\" \/>\t\t\t\t\t\t\t\t\t\t\t\t\t\t\t<\/div>\n\t\t\t\t<\/div>\n\t\t\t\t<div class=\"elementor-element elementor-element-2140c4db elementor-widget elementor-widget-text-editor\" data-id=\"2140c4db\" data-element_type=\"widget\" data-widget_type=\"text-editor.default\">\n\t\t\t\t<div class=\"elementor-widget-container\">\n\t\t\t\t\t\t\t\t\t<h3 style=\"text-align: center;\"><span style=\"color: #008000;\">Le lierre dans la litt\u00e9rature<\/span><\/h3><blockquote><p style=\"text-align: center;\"><span style=\"color: #993366;\">\u201cLe lierre avait envahi la fa\u00e7ade, rendant la maison vivante dans sa solitude.<\/span><span style=\"color: #993366;\">\u201d<\/span><\/p><\/blockquote><h5 style=\"text-align: right;\"><strong>Charles Dickens<\/strong>, <em>David Copperfield<\/em><\/h5>\t\t\t\t\t\t\t\t<\/div>\n\t\t\t\t<\/div>\n\t\t\t\t\t<\/div>\n\t\t\t\t<\/div>\n\t\t\t\t<\/div>\n\t\t","protected":false},"excerpt":{"rendered":"<p>Kleinw\u00fcchsiger Efeu mit dunkelgr\u00fcnen, papierd\u00fcnnen Bl\u00e4ttern. Im Winter, unter kalten Bedingungen, sind sie oft braun gef\u00e4rbt.<\/p>\n<p>Sie stehen ziemlich weit auseinander und sind durch lange Blattstiele mit den eher steifen St\u00e4ngeln verbunden.<\/p>\n<p>Kompakter als die typische Art.<\/p>","protected":false},"featured_media":1908,"comment_status":"open","ping_status":"closed","template":"","meta":{"_acf_changed":false,"ocean_post_layout":"","ocean_both_sidebars_style":"","ocean_both_sidebars_content_width":0,"ocean_both_sidebars_sidebars_width":0,"ocean_sidebar":"0","ocean_second_sidebar":"0","ocean_disable_margins":"enable","ocean_add_body_class":"","ocean_shortcode_before_top_bar":"","ocean_shortcode_after_top_bar":"","ocean_shortcode_before_header":"","ocean_shortcode_after_header":"","ocean_has_shortcode":"","ocean_shortcode_after_title":"","ocean_shortcode_before_footer_widgets":"","ocean_shortcode_after_footer_widgets":"","ocean_shortcode_before_footer_bottom":"","ocean_shortcode_after_footer_bottom":"","ocean_display_top_bar":"default","ocean_display_header":"default","ocean_header_style":"","ocean_center_header_left_menu":"0","ocean_custom_header_template":"0","ocean_custom_logo":0,"ocean_custom_retina_logo":0,"ocean_custom_logo_max_width":0,"ocean_custom_logo_tablet_max_width":0,"ocean_custom_logo_mobile_max_width":0,"ocean_custom_logo_max_height":0,"ocean_custom_logo_tablet_max_height":0,"ocean_custom_logo_mobile_max_height":0,"ocean_header_custom_menu":"0","ocean_menu_typo_font_family":"0","ocean_menu_typo_font_subset":"","ocean_menu_typo_font_size":0,"ocean_menu_typo_font_size_tablet":0,"ocean_menu_typo_font_size_mobile":0,"ocean_menu_typo_font_size_unit":"px","ocean_menu_typo_font_weight":"","ocean_menu_typo_font_weight_tablet":"","ocean_menu_typo_font_weight_mobile":"","ocean_menu_typo_transform":"","ocean_menu_typo_transform_tablet":"","ocean_menu_typo_transform_mobile":"","ocean_menu_typo_line_height":0,"ocean_menu_typo_line_height_tablet":0,"ocean_menu_typo_line_height_mobile":0,"ocean_menu_typo_line_height_unit":"","ocean_menu_typo_spacing":0,"ocean_menu_typo_spacing_tablet":0,"ocean_menu_typo_spacing_mobile":0,"ocean_menu_typo_spacing_unit":"","ocean_menu_link_color":"","ocean_menu_link_color_hover":"","ocean_menu_link_color_active":"","ocean_menu_link_background":"","ocean_menu_link_hover_background":"","ocean_menu_link_active_background":"","ocean_menu_social_links_bg":"","ocean_menu_social_hover_links_bg":"","ocean_menu_social_links_color":"","ocean_menu_social_hover_links_color":"","ocean_disable_title":"default","ocean_disable_heading":"default","ocean_post_title":"","ocean_post_subheading":"","ocean_post_title_style":"","ocean_post_title_background_color":"","ocean_post_title_background":0,"ocean_post_title_bg_image_position":"","ocean_post_title_bg_image_attachment":"","ocean_post_title_bg_image_repeat":"","ocean_post_title_bg_image_size":"","ocean_post_title_height":0,"ocean_post_title_bg_overlay":0.5,"ocean_post_title_bg_overlay_color":"","ocean_disable_breadcrumbs":"default","ocean_breadcrumbs_color":"","ocean_breadcrumbs_separator_color":"","ocean_breadcrumbs_links_color":"","ocean_breadcrumbs_links_hover_color":"","ocean_display_footer_widgets":"default","ocean_display_footer_bottom":"default","ocean_custom_footer_template":"0"},"product_brand":[],"product_cat":[134],"product_tag":[],"class_list":{"0":"post-1907","1":"product","2":"type-product","3":"status-publish","4":"has-post-thumbnail","6":"product_cat-lierre","8":"entry","9":"has-media","11":"first","12":"outofstock","13":"product-type-variable","14":"has-default-attributes","15":"has-product-nav","16":"col","17":"span_1_of_4","18":"owp-content-center","19":"item-entry","20":"owp-thumbs-layout-horizontal","21":"owp-btn-normal","22":"owp-tabs-layout-section"},"acf":[],"jetpack_sharing_enabled":true,"_links":{"self":[{"href":"https:\/\/www.hedera-etc.com\/de\/wp-json\/wp\/v2\/product\/1907","targetHints":{"allow":["GET"]}}],"collection":[{"href":"https:\/\/www.hedera-etc.com\/de\/wp-json\/wp\/v2\/product"}],"about":[{"href":"https:\/\/www.hedera-etc.com\/de\/wp-json\/wp\/v2\/types\/product"}],"replies":[{"embeddable":true,"href":"https:\/\/www.hedera-etc.com\/de\/wp-json\/wp\/v2\/comments?post=1907"}],"version-history":[{"count":4,"href":"https:\/\/www.hedera-etc.com\/de\/wp-json\/wp\/v2\/product\/1907\/revisions"}],"predecessor-version":[{"id":15655,"href":"https:\/\/www.hedera-etc.com\/de\/wp-json\/wp\/v2\/product\/1907\/revisions\/15655"}],"wp:featuredmedia":[{"embeddable":true,"href":"https:\/\/www.hedera-etc.com\/de\/wp-json\/wp\/v2\/media\/1908"}],"wp:attachment":[{"href":"https:\/\/www.hedera-etc.com\/de\/wp-json\/wp\/v2\/media?parent=1907"}],"wp:term":[{"taxonomy":"product_brand","embeddable":true,"href":"https:\/\/www.hedera-etc.com\/de\/wp-json\/wp\/v2\/product_brand?post=1907"},{"taxonomy":"product_cat","embeddable":true,"href":"https:\/\/www.hedera-etc.com\/de\/wp-json\/wp\/v2\/product_cat?post=1907"},{"taxonomy":"product_tag","embeddable":true,"href":"https:\/\/www.hedera-etc.com\/de\/wp-json\/wp\/v2\/product_tag?post=1907"}],"curies":[{"name":"wp","href":"https:\/\/api.w.org\/{rel}","templated":true}]}}