{"id":1948,"date":"2023-11-10T21:50:42","date_gmt":"2023-11-10T20:50:42","guid":{"rendered":"https:\/\/www.hedera-etc.com\/?post_type=product&#038;p=1948"},"modified":"2026-04-28T07:09:23","modified_gmt":"2026-04-28T05:09:23","slug":"pflanzset-kletterefeu","status":"publish","type":"product","link":"https:\/\/www.hedera-etc.com\/de\/product\/kit-plantation-lierre-grimpant\/","title":{"rendered":"Pflanzset Kletterefeu"},"content":{"rendered":"<div data-elementor-type=\"product-post\" data-elementor-id=\"1948\" class=\"elementor elementor-1948\" data-elementor-post-type=\"product\">\n\t\t\t\t<div class=\"elementor-element elementor-element-bae028a e-flex e-con-boxed e-con e-parent\" data-id=\"bae028a\" data-element_type=\"container\">\n\t\t\t\t\t<div class=\"e-con-inner\">\n\t\t\t\t<div class=\"elementor-element elementor-element-6f1ef45 elementor-widget elementor-widget-text-editor\" data-id=\"6f1ef45\" data-element_type=\"widget\" data-widget_type=\"text-editor.default\">\n\t\t\t\t<div class=\"elementor-widget-container\">\n\t\t\t\t\t\t\t\t\t<p>Um schnell einen Pflanzenschirm von sch\u00f6ner Gr\u00f6\u00dfe zu schaffen, eine Mauer oder einen Zaun zu verkleiden, einen Vis-\u00e0-Vis zu verstecken usw., entscheiden Sie sich f\u00fcr die L\u00f6sung <strong>Pflanzset Kletterefeu<\/strong>. Dies ist eine kosteng\u00fcnstigere Variante als der Kauf einzelner T\u00f6pfe. Sie w\u00e4hlen aus allen Optionen dieses Sets und wir w\u00e4hlen dementsprechend die passende Sorte je nach Verf\u00fcgbarkeit.<\/p><p>Geben Sie uns zun\u00e4chst an, ob Sie eher <strong>gr\u00fcner Efeu oder panaschierter Efeu<\/strong>. Wenn es sich um panaschierten Efeu handelt, w\u00e4hlen wir je nach Verf\u00fcgbarkeit einen gelb panaschierten Efeu oder einen wei\u00df panaschierten Efeu.<\/p><p>W\u00e4hlen Sie dann <strong>die Art der Entwicklung<\/strong>. Mit einem kr\u00e4ftig wachsenden Efeu erzielen Sie schneller ein Ergebnis. Daf\u00fcr m\u00fcssen Sie ihn aber auch \u00f6fter beschneiden. Ein m\u00e4\u00dfig wachsender Efeu muss weniger beschnitten werden, aber er bedeckt Ihre Unterlage etwas langsamer und Sie brauchen mehr Pflanzen.<\/p><p>Geben Sie schlie\u00dflich an <strong>die L\u00e4nge<\/strong> Ihres Projekts. Wenn Ihr Projekt l\u00e4nger als 10 laufende Meter ist, bestellen Sie mehrere Sets, um die gew\u00fcnschte L\u00e4nge herzustellen.<\/p><p>Sie erhalten die f\u00fcr die gew\u00e4hlte L\u00e4nge ben\u00f6tigte Anzahl an Setzlingen im Verh\u00e4ltnis :<\/p><ul><li>3 Pflanzen pro 2 laufende Meter, wenn es sich um schnell wachsenden Efeu handelt,\u00a0<\/li><li>5 Pflanzen pro 2 laufende Meter, wenn es sich um m\u00e4\u00dfig wachsenden Efeu handelt.<\/li><\/ul><div>\u00a0<\/div><p>In jedem Fall sollten die Pflanzen mindestens 4 Jahre alt sein. Sie werden in 2-Liter-T\u00f6pfen kultiviert und derzeit auf mindestens 1 m H\u00f6he gest\u00fctzt.<\/p>\t\t\t\t\t\t\t\t<\/div>\n\t\t\t\t<\/div>\n\t\t\t\t<div class=\"elementor-element elementor-element-fcbe732 elementor-widget elementor-widget-heading\" data-id=\"fcbe732\" data-element_type=\"widget\" data-widget_type=\"heading.default\">\n\t\t\t\t<div class=\"elementor-widget-container\">\n\t\t\t\t\t<h2 class=\"elementor-heading-title elementor-size-default\">Tipps f\u00fcr eine erfolgreiche Pflanzung<\/h2>\t\t\t\t<\/div>\n\t\t\t\t<\/div>\n\t\t\t\t<div class=\"elementor-element elementor-element-d80f451 elementor-widget elementor-widget-text-editor\" data-id=\"d80f451\" data-element_type=\"widget\" data-widget_type=\"text-editor.default\">\n\t\t\t\t<div class=\"elementor-widget-container\">\n\t\t\t\t\t\t\t\t\t<p>Sobald Sie Ihr Kletterefeu-Pflanzset erhalten haben, \u00f6ffnen Sie es, damit die Pflanzen so schnell wie m\u00f6glich atmen und das Licht sehen k\u00f6nnen. Packen Sie vorsichtig aus und achten Sie darauf, dass Sie die Pflanzen nicht besch\u00e4digen. Weichen Sie die T\u00f6pfe etwa zehn Minuten lang in Wasser ein, um sie wieder zu befeuchten.<\/p>\n<h3>Bereiten Sie Ihr Land vor :<\/h3>\n<p>Zwei Schl\u00fcssel zum Erfolg sind wichtig: Zun\u00e4chst sollten Sie Ihr Grundst\u00fcck gr\u00fcndlich s\u00e4ubern und alle unerw\u00fcnschten Pflanzen sowie deren Wurzeln entfernen. Achten Sie au\u00dferdem darauf, dass Sie Ihre Erde gut auflockern, damit sich die Wurzeln leicht entwickeln k\u00f6nnen.<\/p>\n<h3>Anpflanzung :<\/h3>\n<p>Stellen Sie Ihre Pflanzen in einem Abstand von etwa 60-70 cm auf, wenn es sich um schnell wachsenden Efeu handelt, oder in einem Abstand von etwa 50 cm, wenn es sich um m\u00e4\u00dfig wachsenden Efeu handelt. Bereiten Sie eine<b>&nbsp;Loch, das 30 cm breit und 40 cm tief ist. <\/b>Ordnen Sie Ihre Pflanze in dem Loch so an, dass der Wurzelhals etwas unterhalb des Bodenniveaus liegt. Erstellen Sie eine Mulde um Ihre Pflanze, um das Gie\u00dfen zu erleichtern und effizienter zu gestalten.<\/p>\n<h3>Bew\u00e4sserung :<\/h3>\n<p><b>Gie\u00dfen Sie&nbsp;<\/b>gro\u00dfz\u00fcgig nach der Pflanzung, auch wenn es regnet. Eine Gie\u00dfkanne f\u00fcr jede Pflanze. Der Zweck des reichlichen Gie\u00dfens ist, dass die Erde an den Wurzeln haften bleibt und so einen guten Start erm\u00f6glicht.<\/p>\n<h3>Mulch :<\/h3>\n<p><b>Stroh&nbsp;<\/b>\u00fcber die gesamte L\u00e4nge Ihrer Pflanzung und 50 cm breit, um den Boden sch\u00f6n k\u00fchl zu halten und das Wachstum von unerw\u00fcnschtem Unkraut zu verhindern.<\/p>\n<h3>Pflege nach der Pflanzung :<\/h3>\n<p>Das erste Jahr<strong>,<\/strong> vernachl\u00e4ssigen Sie das Gie\u00dfen nicht, wenn das Wetter trocken und vor allem hei\u00df ist. Wenn sich der Efeu erst einmal etabliert hat (nach ein oder zwei Jahren), kommt er von selbst zurecht. Wenn n\u00f6tig, j\u00e4ten Sie regelm\u00e4\u00dfig Unkraut um Ihren Efeu herum.<\/p>\t\t\t\t\t\t\t\t<\/div>\n\t\t\t\t<\/div>\n\t\t\t\t\t<\/div>\n\t\t\t\t<\/div>\n\t\t\t\t<\/div>","protected":false},"excerpt":{"rendered":"<p>Um eine Mauer oder einen Zaun \u00e4sthetisch zu verkleiden, einen sch\u00f6n dimensionierten Pflanzenschirm zu schaffen, ein Gegen\u00fcber mit einer ganzj\u00e4hrig sch\u00f6nen Vegetation zu verbergen, ist die <strong>kosteng\u00fcnstigste L\u00f6sung<\/strong> ist das \u00abKletterefeu-Pflanzset\u00bb.<\/p>\n<p>W\u00e4hlen Sie Ihre Optionen entsprechend Ihrem Projekt. Darauf aufbauend w\u00e4hlen wir die Sorte je nach Verf\u00fcgbarkeit aus.<\/p>","protected":false},"featured_media":1949,"comment_status":"open","ping_status":"closed","template":"","meta":{"_acf_changed":false,"ocean_post_layout":"","ocean_both_sidebars_style":"","ocean_both_sidebars_content_width":0,"ocean_both_sidebars_sidebars_width":0,"ocean_sidebar":"0","ocean_second_sidebar":"0","ocean_disable_margins":"enable","ocean_add_body_class":"","ocean_shortcode_before_top_bar":"","ocean_shortcode_after_top_bar":"","ocean_shortcode_before_header":"","ocean_shortcode_after_header":"","ocean_has_shortcode":"","ocean_shortcode_after_title":"","ocean_shortcode_before_footer_widgets":"","ocean_shortcode_after_footer_widgets":"","ocean_shortcode_before_footer_bottom":"","ocean_shortcode_after_footer_bottom":"","ocean_display_top_bar":"default","ocean_display_header":"default","ocean_header_style":"","ocean_center_header_left_menu":"0","ocean_custom_header_template":"0","ocean_custom_logo":0,"ocean_custom_retina_logo":0,"ocean_custom_logo_max_width":0,"ocean_custom_logo_tablet_max_width":0,"ocean_custom_logo_mobile_max_width":0,"ocean_custom_logo_max_height":0,"ocean_custom_logo_tablet_max_height":0,"ocean_custom_logo_mobile_max_height":0,"ocean_header_custom_menu":"0","ocean_menu_typo_font_family":"0","ocean_menu_typo_font_subset":"","ocean_menu_typo_font_size":0,"ocean_menu_typo_font_size_tablet":0,"ocean_menu_typo_font_size_mobile":0,"ocean_menu_typo_font_size_unit":"px","ocean_menu_typo_font_weight":"","ocean_menu_typo_font_weight_tablet":"","ocean_menu_typo_font_weight_mobile":"","ocean_menu_typo_transform":"","ocean_menu_typo_transform_tablet":"","ocean_menu_typo_transform_mobile":"","ocean_menu_typo_line_height":0,"ocean_menu_typo_line_height_tablet":0,"ocean_menu_typo_line_height_mobile":0,"ocean_menu_typo_line_height_unit":"","ocean_menu_typo_spacing":0,"ocean_menu_typo_spacing_tablet":0,"ocean_menu_typo_spacing_mobile":0,"ocean_menu_typo_spacing_unit":"","ocean_menu_link_color":"","ocean_menu_link_color_hover":"","ocean_menu_link_color_active":"","ocean_menu_link_background":"","ocean_menu_link_hover_background":"","ocean_menu_link_active_background":"","ocean_menu_social_links_bg":"","ocean_menu_social_hover_links_bg":"","ocean_menu_social_links_color":"","ocean_menu_social_hover_links_color":"","ocean_disable_title":"default","ocean_disable_heading":"default","ocean_post_title":"","ocean_post_subheading":"","ocean_post_title_style":"","ocean_post_title_background_color":"","ocean_post_title_background":0,"ocean_post_title_bg_image_position":"","ocean_post_title_bg_image_attachment":"","ocean_post_title_bg_image_repeat":"","ocean_post_title_bg_image_size":"","ocean_post_title_height":0,"ocean_post_title_bg_overlay":0.5,"ocean_post_title_bg_overlay_color":"","ocean_disable_breadcrumbs":"default","ocean_breadcrumbs_color":"","ocean_breadcrumbs_separator_color":"","ocean_breadcrumbs_links_color":"","ocean_breadcrumbs_links_hover_color":"","ocean_display_footer_widgets":"default","ocean_display_footer_bottom":"default","ocean_custom_footer_template":"0"},"product_brand":[],"product_cat":[134],"product_tag":[],"class_list":{"0":"post-1948","1":"product","2":"type-product","3":"status-publish","4":"has-post-thumbnail","6":"product_cat-lierre","8":"entry","9":"has-media","11":"first","12":"instock","13":"purchasable","14":"product-type-variable","15":"has-default-attributes","16":"has-product-nav","17":"col","18":"span_1_of_4","19":"owp-content-center","20":"item-entry","21":"owp-thumbs-layout-horizontal","22":"owp-btn-normal","23":"owp-tabs-layout-section"},"acf":[],"jetpack_sharing_enabled":true,"_links":{"self":[{"href":"https:\/\/www.hedera-etc.com\/de\/wp-json\/wp\/v2\/product\/1948","targetHints":{"allow":["GET"]}}],"collection":[{"href":"https:\/\/www.hedera-etc.com\/de\/wp-json\/wp\/v2\/product"}],"about":[{"href":"https:\/\/www.hedera-etc.com\/de\/wp-json\/wp\/v2\/types\/product"}],"replies":[{"embeddable":true,"href":"https:\/\/www.hedera-etc.com\/de\/wp-json\/wp\/v2\/comments?post=1948"}],"version-history":[{"count":4,"href":"https:\/\/www.hedera-etc.com\/de\/wp-json\/wp\/v2\/product\/1948\/revisions"}],"predecessor-version":[{"id":15509,"href":"https:\/\/www.hedera-etc.com\/de\/wp-json\/wp\/v2\/product\/1948\/revisions\/15509"}],"wp:featuredmedia":[{"embeddable":true,"href":"https:\/\/www.hedera-etc.com\/de\/wp-json\/wp\/v2\/media\/1949"}],"wp:attachment":[{"href":"https:\/\/www.hedera-etc.com\/de\/wp-json\/wp\/v2\/media?parent=1948"}],"wp:term":[{"taxonomy":"product_brand","embeddable":true,"href":"https:\/\/www.hedera-etc.com\/de\/wp-json\/wp\/v2\/product_brand?post=1948"},{"taxonomy":"product_cat","embeddable":true,"href":"https:\/\/www.hedera-etc.com\/de\/wp-json\/wp\/v2\/product_cat?post=1948"},{"taxonomy":"product_tag","embeddable":true,"href":"https:\/\/www.hedera-etc.com\/de\/wp-json\/wp\/v2\/product_tag?post=1948"}],"curies":[{"name":"wp","href":"https:\/\/api.w.org\/{rel}","templated":true}]}}