{"id":3671,"date":"2023-12-21T22:25:24","date_gmt":"2023-12-21T21:25:24","guid":{"rendered":"https:\/\/www.hedera-etc.com\/?post_type=product&#038;p=3671"},"modified":"2026-05-01T07:09:43","modified_gmt":"2026-05-01T05:09:43","slug":"hedera-pastuchovii","status":"publish","type":"product","link":"https:\/\/www.hedera-etc.com\/de\/product\/hedera-pastuchovii\/","title":{"rendered":"<em>Hedera pastuchovii<\/em> - Efeu aus dem Iran"},"content":{"rendered":"<div data-elementor-type=\"product-post\" data-elementor-id=\"3671\" class=\"elementor elementor-3671\" data-elementor-post-type=\"product\">\n\t\t\t\t<div class=\"elementor-element elementor-element-43a5ec5e e-con-full e-flex e-con e-child\" data-id=\"43a5ec5e\" data-element_type=\"container\">\n\t\t\t\t<div class=\"elementor-element elementor-element-226a945a elementor-widget elementor-widget-text-editor\" data-id=\"226a945a\" data-element_type=\"widget\" data-widget_type=\"text-editor.default\">\n\t\t\t\t<div class=\"elementor-widget-container\">\n\t\t\t\t\t\t\t\t\t<h2><span style=\"color: #f0ffed;\">Iranischer Efeu - Hedera pastuchovii<\/span><\/h2>\t\t\t\t\t\t\t\t<\/div>\n\t\t\t\t<\/div>\n\t\t\t\t<\/div>\n\t\t<div class=\"elementor-element elementor-element-3cadd88c e-flex e-con-boxed e-con e-parent\" data-id=\"3cadd88c\" data-element_type=\"container\">\n\t\t\t\t\t<div class=\"e-con-inner\">\n\t\t<div class=\"elementor-element elementor-element-2dc2678a e-flex e-con-boxed e-con e-child\" data-id=\"2dc2678a\" data-element_type=\"container\">\n\t\t\t\t\t<div class=\"e-con-inner\">\n\t\t\t\t<div class=\"elementor-element elementor-element-3ba9199e elementor-widget elementor-widget-heading\" data-id=\"3ba9199e\" data-element_type=\"widget\" data-widget_type=\"heading.default\">\n\t\t\t\t<div class=\"elementor-widget-container\">\n\t\t\t\t\t<h2 class=\"elementor-heading-title elementor-size-default\">Zusammenfassend<\/h2>\t\t\t\t<\/div>\n\t\t\t\t<\/div>\n\t\t\t\t<div class=\"elementor-element elementor-element-1e5faf28 elementor-widget elementor-widget-text-editor\" data-id=\"1e5faf28\" data-element_type=\"widget\" data-widget_type=\"text-editor.default\">\n\t\t\t\t<div class=\"elementor-widget-container\">\n\t\t\t\t\t\t\t\t\t<p>Efeu aus dem Iran, <strong><em>Hedera pastuchovii<\/em><\/strong>, Der Efeu ist eine der botanischen Variet\u00e4ten des Efeus. Er kommt vor allem in der T\u00fcrkei, im Kaukasus und in Afghanistan vor.<\/p><p>Die Bl\u00e4tter sind eher dreieckig, ohne Lappen oder mit zwei recht unauff\u00e4lligen Lappen an der Basis. Sie sind deutlich l\u00e4nger als breit. Die Bl\u00e4tter sind sch\u00f6n ge\u00e4dert und haben gr\u00e4uliche Adern.\u00a0<\/p><p>Die Blattspreite ist gl\u00e4nzend dunkelgr\u00fcn und von recht dicker Textur. Die Unterseite ist olivgr\u00fcn bis hellgr\u00fcn.<\/p><p>Die St\u00e4ngel sind d\u00fcnn und relativ wenig verzweigt.\u00a0<span style=\"font-size: 16px; color: var( --e-global-color-text ); text-align: var(--text-align);\">Sie haben die Eigenschaft, sich in den Boden einzugraben, um sp\u00e4ter als Dragees wieder hervorzukommen.<\/span><\/p><p>Diese Qualit\u00e4t ist interessant, um alte Baumf\u00fc\u00dfe zu verkleiden, wenn ihr Wurzelsystem oberfl\u00e4chlich sehr dicht ist.<\/p>\t\t\t\t\t\t\t\t<\/div>\n\t\t\t\t<\/div>\n\t\t\t\t<div class=\"elementor-element elementor-element-49893b1 elementor-widget elementor-widget-heading\" data-id=\"49893b1\" data-element_type=\"widget\" data-widget_type=\"heading.default\">\n\t\t\t\t<div class=\"elementor-widget-container\">\n\t\t\t\t\t<h2 class=\"elementor-heading-title elementor-size-default\">D'autres lierres d'Iran<\/h2>\t\t\t\t<\/div>\n\t\t\t\t<\/div>\n\t\t\t\t<div class=\"elementor-element elementor-element-a7980d8 elementor-widget elementor-widget-text-editor\" data-id=\"a7980d8\" data-element_type=\"widget\" data-widget_type=\"text-editor.default\">\n\t\t\t\t<div class=\"elementor-widget-container\">\n\t\t\t\t\t\t\t\t\t<p>Es gibt nur sehr wenige Kultivare des Iranischen Efeus. Nur zwei sind bekannt:<\/p><ul><li><a href=\"https:\/\/www.hedera-etc.com\/de\/product\/hedera-pastuchovii-ann-ala\/\" target=\"_blank\" rel=\"noopener\"><em>Hedera pastuchovii<\/em> &lsquo;Ann Ala&rsquo;,<\/a> mit h\u00fcbsch ge\u00e4dertem Laub<\/li><li><a href=\"https:\/\/www.hedera-etc.com\/de\/product\/hedera-pastuchovii-lagodeckhi\/\" target=\"_blank\" rel=\"noopener\"><em>Hedera pastuchovii<\/em> &lsquo;Lagodeckhi&rsquo;<\/a>, Die Bl\u00e4tter sind gl\u00e4nzend und f\u00e4rben sich bei kaltem Wetter leicht rot.<\/li><\/ul><p>Botaniker unterscheiden eine Unterart dieses Efeus, die auf der Insel Zypern endemisch ist: <em>Hedera pastuchovii subsp. cypria, <\/em>umgangssprachlich auch Zypern-Efeu genannt.<\/p>\t\t\t\t\t\t\t\t<\/div>\n\t\t\t\t<\/div>\n\t\t\t\t<div class=\"elementor-element elementor-element-26553e92 elementor-widget elementor-widget-heading\" data-id=\"26553e92\" data-element_type=\"widget\" data-widget_type=\"heading.default\">\n\t\t\t\t<div class=\"elementor-widget-container\">\n\t\t\t\t\t<h2 class=\"elementor-heading-title elementor-size-default\">Steckbrief - Hedera pastuchovii<\/h2>\t\t\t\t<\/div>\n\t\t\t\t<\/div>\n\t\t\t\t<div class=\"elementor-element elementor-element-a344c4 elementor-widget elementor-widget-text-editor\" data-id=\"a344c4\" data-element_type=\"widget\" data-widget_type=\"text-editor.default\">\n\t\t\t\t<div class=\"elementor-widget-container\">\n\t\t\t\t\t\t\t\t\t<h3>Botanische Informationen<\/h3><ul><li>Familie: Araliaceae<\/li><li>Gattung : <em><strong>Hedera<\/strong><\/em><\/li><li>Art : <em>pastuchovii<\/em><\/li><li>Pierot-Klassifikation: Herzf\u00f6rmiger Efeu<\/li><li>Blattstadium: juvenil<\/li><li>Herkunft der Art: Westasien, vom Kaukasus bis Afghanistan<\/li><\/ul><h3>\u00a0<\/h3><h3>Beschreibung von Hedera pastuchovii<\/h3><ul><li>Wuchs: ausgebreitet, gedrungen, lianenartig<\/li><li>Anzahl der Lappen: keine oder 2 Lappen an der Basis<\/li><li>Blattl\u00e4nge: 4 bis 11 cm<\/li><li>Breite des Blattes: 3 bis 6 cm<\/li><li>Blattform: eher dreieckig<\/li><li>Form der Basis: leicht herzf\u00f6rmig<\/li><li>Form des Apex: spitz<\/li><li>Blattfarbe: mittelgr\u00fcn bis dunkelgr\u00fcn, matt<\/li><li>Farbe der Rippen: gr\u00e4ulich<\/li><li>Farbe Stiel und Blattstiel: gr\u00fcnbraun<\/li><li>St\u00e4ngel: d\u00fcnn, ziemlich wenig verzweigt<\/li><li>L\u00e4nge des Blattstiels: 3 bis 12 cm<\/li><li>Zwischen den Knoten: 0,5 bis 5 cm<\/li><li>Bl\u00fctezeit: Dolden einzeln oder in Gruppen von 3 bis 8<\/li><li>Bl\u00fctezeit: September<\/li><li>Fruchtbildung: Schwarze Beeren mit einem Durchmesser von 0,6 bis 1 mm<\/li><li>Fruchtbarkeitsperiode: im Winter<\/li><li>Haare: schuppig, 8 bis 12 Verzweigungen<\/li><\/ul><h3>\u00a0<\/h3><h3>Tipps zum Pflanzen, Anbauen und Pflegen von Hedera pastuchovii<\/h3><ul><li>Standort: Schatten, Halbschatten<\/li><li>Winterh\u00e4rte: -15\u00b0C<\/li><li>Bodenfeuchtigkeit: frischer Boden<\/li><li>PH-Wert des Bodens: sauer, neutral oder kalkhaltig<\/li><li>Bodenart: alle<\/li><li>Bodenreichtum: gew\u00f6hnlich oder humos<\/li><li>Verwendung: Bodendecker, Kletterpflanze<\/li><li>Entwicklung: m\u00e4\u00dfig<\/li><li>Beschneiden: einmal im Jahr<\/li><li>Sch\u00e4dlinge: sehr selten (Rote Spinne, Schildl\u00e4use)<\/li><li>Krankheiten: sehr selten (Flecken auf den Bl\u00e4ttern)<\/li><\/ul>\t\t\t\t\t\t\t\t<\/div>\n\t\t\t\t<\/div>\n\t\t\t\t\t<\/div>\n\t\t\t\t<\/div>\n\t\t\t\t\t<\/div>\n\t\t\t\t<\/div>\n\t\t<div class=\"elementor-element elementor-element-48e27400 e-flex e-con-boxed e-con e-parent\" data-id=\"48e27400\" data-element_type=\"container\">\n\t\t\t\t\t<div class=\"e-con-inner\">\n\t\t\t\t<div class=\"elementor-element elementor-element-6ce29671 elementor-widget elementor-widget-image\" data-id=\"6ce29671\" data-element_type=\"widget\" data-widget_type=\"image.default\">\n\t\t\t\t<div class=\"elementor-widget-container\">\n\t\t\t\t\t\t\t\t\t\t\t\t\t\t\t<img fetchpriority=\"high\" decoding=\"async\" width=\"1024\" height=\"146\" src=\"https:\/\/www.hedera-etc.com\/wp-content\/uploads\/2023\/10\/guirlande-1024x146.webp\" class=\"attachment-large size-large wp-image-116\" alt=\"La boutique du lierre - Efeu-Girlande\" srcset=\"https:\/\/www.hedera-etc.com\/wp-content\/uploads\/2023\/10\/guirlande-1024x146.webp 1024w, https:\/\/www.hedera-etc.com\/wp-content\/uploads\/2023\/10\/guirlande-900x129.webp 900w, https:\/\/www.hedera-etc.com\/wp-content\/uploads\/2023\/10\/guirlande-300x43.webp 300w, https:\/\/www.hedera-etc.com\/wp-content\/uploads\/2023\/10\/guirlande-768x110.webp 768w, https:\/\/www.hedera-etc.com\/wp-content\/uploads\/2023\/10\/guirlande.webp 1126w\" sizes=\"(max-width: 1024px) 100vw, 1024px\" \/>\t\t\t\t\t\t\t\t\t\t\t\t\t\t\t<\/div>\n\t\t\t\t<\/div>\n\t\t\t\t<div class=\"elementor-element elementor-element-5b2e3b36 elementor-widget elementor-widget-text-editor\" data-id=\"5b2e3b36\" data-element_type=\"widget\" data-widget_type=\"text-editor.default\">\n\t\t\t\t<div class=\"elementor-widget-container\">\n\t\t\t\t\t\t\t\t\t<h3 style=\"text-align: center;\"><span style=\"color: #008000;\">Efeu in der Literatur<\/span><\/h3><blockquote><p style=\"text-align: center;\"><span style=\"color: #993366;\">\u201cDer Efeu, der die St\u00e4mme toter B\u00e4ume umschlingt, gleicht dem Schmerz, der verw\u00fcstete Herzen umklammert.<\/span><span style=\"color: #993366;\">\u201d<\/span><\/p><\/blockquote><h5 style=\"text-align: right;\">Chateaubriand, Atala<\/h5>\t\t\t\t\t\t\t\t<\/div>\n\t\t\t\t<\/div>\n\t\t\t\t\t<\/div>\n\t\t\t\t<\/div>\n\t\t\t\t<\/div>","protected":false},"excerpt":{"rendered":"<p>Urspr\u00fcngliche Form mit leicht ge\u00e4dertem, marmoriertem Laub ebenso wie Hedera cypria, die eine Unterart von pastuchovii ist.<\/p>\n<p>2,5 cm x 2 cm gro\u00dfe, einlappige Bl\u00e4tter, die von d\u00fcnnen St\u00e4ngeln getragen werden, die die Eigenschaft haben, sich im Boden zu vergraben, um sp\u00e4ter als Wurzelausl\u00e4ufer wieder hervorzukommen.<\/p>\n<p>Interessant, um alte Baumf\u00fc\u00dfe zu verkleiden, wenn ihr Wurzelsystem oberfl\u00e4chlich sehr dicht ist.<\/p>","protected":false},"featured_media":13494,"comment_status":"open","ping_status":"closed","template":"","meta":{"_acf_changed":false,"ocean_post_layout":"","ocean_both_sidebars_style":"","ocean_both_sidebars_content_width":0,"ocean_both_sidebars_sidebars_width":0,"ocean_sidebar":"0","ocean_second_sidebar":"0","ocean_disable_margins":"enable","ocean_add_body_class":"","ocean_shortcode_before_top_bar":"","ocean_shortcode_after_top_bar":"","ocean_shortcode_before_header":"","ocean_shortcode_after_header":"","ocean_has_shortcode":"","ocean_shortcode_after_title":"","ocean_shortcode_before_footer_widgets":"","ocean_shortcode_after_footer_widgets":"","ocean_shortcode_before_footer_bottom":"","ocean_shortcode_after_footer_bottom":"","ocean_display_top_bar":"default","ocean_display_header":"default","ocean_header_style":"","ocean_center_header_left_menu":"0","ocean_custom_header_template":"0","ocean_custom_logo":0,"ocean_custom_retina_logo":0,"ocean_custom_logo_max_width":0,"ocean_custom_logo_tablet_max_width":0,"ocean_custom_logo_mobile_max_width":0,"ocean_custom_logo_max_height":0,"ocean_custom_logo_tablet_max_height":0,"ocean_custom_logo_mobile_max_height":0,"ocean_header_custom_menu":"0","ocean_menu_typo_font_family":"0","ocean_menu_typo_font_subset":"","ocean_menu_typo_font_size":0,"ocean_menu_typo_font_size_tablet":0,"ocean_menu_typo_font_size_mobile":0,"ocean_menu_typo_font_size_unit":"px","ocean_menu_typo_font_weight":"","ocean_menu_typo_font_weight_tablet":"","ocean_menu_typo_font_weight_mobile":"","ocean_menu_typo_transform":"","ocean_menu_typo_transform_tablet":"","ocean_menu_typo_transform_mobile":"","ocean_menu_typo_line_height":0,"ocean_menu_typo_line_height_tablet":0,"ocean_menu_typo_line_height_mobile":0,"ocean_menu_typo_line_height_unit":"","ocean_menu_typo_spacing":0,"ocean_menu_typo_spacing_tablet":0,"ocean_menu_typo_spacing_mobile":0,"ocean_menu_typo_spacing_unit":"","ocean_menu_link_color":"","ocean_menu_link_color_hover":"","ocean_menu_link_color_active":"","ocean_menu_link_background":"","ocean_menu_link_hover_background":"","ocean_menu_link_active_background":"","ocean_menu_social_links_bg":"","ocean_menu_social_hover_links_bg":"","ocean_menu_social_links_color":"","ocean_menu_social_hover_links_color":"","ocean_disable_title":"default","ocean_disable_heading":"default","ocean_post_title":"","ocean_post_subheading":"","ocean_post_title_style":"","ocean_post_title_background_color":"","ocean_post_title_background":0,"ocean_post_title_bg_image_position":"","ocean_post_title_bg_image_attachment":"","ocean_post_title_bg_image_repeat":"","ocean_post_title_bg_image_size":"","ocean_post_title_height":0,"ocean_post_title_bg_overlay":0.5,"ocean_post_title_bg_overlay_color":"","ocean_disable_breadcrumbs":"default","ocean_breadcrumbs_color":"","ocean_breadcrumbs_separator_color":"","ocean_breadcrumbs_links_color":"","ocean_breadcrumbs_links_hover_color":"","ocean_display_footer_widgets":"default","ocean_display_footer_bottom":"default","ocean_custom_footer_template":"0"},"product_brand":[],"product_cat":[134],"product_tag":[],"class_list":{"0":"post-3671","1":"product","2":"type-product","3":"status-publish","4":"has-post-thumbnail","6":"product_cat-lierre","8":"entry","9":"has-media","11":"first","12":"instock","13":"purchasable","14":"product-type-variable","15":"has-default-attributes","16":"has-product-nav","17":"col","18":"span_1_of_4","19":"owp-content-center","20":"item-entry","21":"owp-thumbs-layout-horizontal","22":"owp-btn-normal","23":"owp-tabs-layout-section","24":"has-no-thumbnails"},"acf":[],"jetpack_sharing_enabled":true,"_links":{"self":[{"href":"https:\/\/www.hedera-etc.com\/de\/wp-json\/wp\/v2\/product\/3671","targetHints":{"allow":["GET"]}}],"collection":[{"href":"https:\/\/www.hedera-etc.com\/de\/wp-json\/wp\/v2\/product"}],"about":[{"href":"https:\/\/www.hedera-etc.com\/de\/wp-json\/wp\/v2\/types\/product"}],"replies":[{"embeddable":true,"href":"https:\/\/www.hedera-etc.com\/de\/wp-json\/wp\/v2\/comments?post=3671"}],"version-history":[{"count":3,"href":"https:\/\/www.hedera-etc.com\/de\/wp-json\/wp\/v2\/product\/3671\/revisions"}],"predecessor-version":[{"id":13498,"href":"https:\/\/www.hedera-etc.com\/de\/wp-json\/wp\/v2\/product\/3671\/revisions\/13498"}],"wp:featuredmedia":[{"embeddable":true,"href":"https:\/\/www.hedera-etc.com\/de\/wp-json\/wp\/v2\/media\/13494"}],"wp:attachment":[{"href":"https:\/\/www.hedera-etc.com\/de\/wp-json\/wp\/v2\/media?parent=3671"}],"wp:term":[{"taxonomy":"product_brand","embeddable":true,"href":"https:\/\/www.hedera-etc.com\/de\/wp-json\/wp\/v2\/product_brand?post=3671"},{"taxonomy":"product_cat","embeddable":true,"href":"https:\/\/www.hedera-etc.com\/de\/wp-json\/wp\/v2\/product_cat?post=3671"},{"taxonomy":"product_tag","embeddable":true,"href":"https:\/\/www.hedera-etc.com\/de\/wp-json\/wp\/v2\/product_tag?post=3671"}],"curies":[{"name":"wp","href":"https:\/\/api.w.org\/{rel}","templated":true}]}}