{"id":399,"date":"2023-10-28T07:55:04","date_gmt":"2023-10-28T05:55:04","guid":{"rendered":"https:\/\/www.hedera-etc.com\/?post_type=product&#038;p=399"},"modified":"2026-04-28T07:09:31","modified_gmt":"2026-04-28T05:09:31","slug":"hedera-nepalensis-suzanne-adulte","status":"publish","type":"product","link":"https:\/\/www.hedera-etc.com\/de\/product\/hedera-nepalensis-suzanne-adulte\/","title":{"rendered":"<em>Hedera nepalensis<\/em> &lsquo;Suzanne&rsquo; ausgewachsener"},"content":{"rendered":"<div data-elementor-type=\"product-post\" data-elementor-id=\"399\" class=\"elementor elementor-399\" data-elementor-post-type=\"product\">\n\t\t\t\t<div class=\"elementor-element elementor-element-13bdf369 e-con-full e-flex e-con e-child\" data-id=\"13bdf369\" data-element_type=\"container\">\n\t\t\t\t<div class=\"elementor-element elementor-element-2231e44e elementor-widget elementor-widget-text-editor\" data-id=\"2231e44e\" data-element_type=\"widget\" data-widget_type=\"text-editor.default\">\n\t\t\t\t<div class=\"elementor-widget-container\">\n\t\t\t\t\t\t\t\t\t<h2 style=\"font-variant-ligatures: normal; font-variant-caps: normal; font-family: Spectral, sans-serif; font-style: normal;\"><span style=\"font-size: 30px; color: #f0ffed;\">Der Efeu aus Nepal &#8211; Hedera nepalensis &lsquo;Suzanne&rsquo; ausgewachsener<\/span><\/h2>\t\t\t\t\t\t\t\t<\/div>\n\t\t\t\t<\/div>\n\t\t\t\t<\/div>\n\t\t<div class=\"elementor-element elementor-element-7613242d e-flex e-con-boxed e-con e-parent\" data-id=\"7613242d\" data-element_type=\"container\">\n\t\t\t\t\t<div class=\"e-con-inner\">\n\t\t<div class=\"elementor-element elementor-element-2ce5ce71 e-flex e-con-boxed e-con e-child\" data-id=\"2ce5ce71\" data-element_type=\"container\">\n\t\t\t\t\t<div class=\"e-con-inner\">\n\t\t\t\t<div class=\"elementor-element elementor-element-2c56db8b elementor-widget elementor-widget-heading\" data-id=\"2c56db8b\" data-element_type=\"widget\" data-widget_type=\"heading.default\">\n\t\t\t\t<div class=\"elementor-widget-container\">\n\t\t\t\t\t<h2 class=\"elementor-heading-title elementor-size-default\">Zusammenfassend<\/h2>\t\t\t\t<\/div>\n\t\t\t\t<\/div>\n\t\t\t\t<div class=\"elementor-element elementor-element-6e637c0a elementor-widget elementor-widget-text-editor\" data-id=\"6e637c0a\" data-element_type=\"widget\" data-widget_type=\"text-editor.default\">\n\t\t\t\t<div class=\"elementor-widget-container\">\n\t\t\t\t\t\t\t\t\t<p>Der Efeu aus Nepal, Hedera nepalensis &lsquo;Suzanne&rsquo; ausgewachsener, est particuli\u00e8rement int\u00e9ressant pour ses inflorescences.<\/p><p>Die dunkelgr\u00fcnen Bl\u00e4tter sind elliptisch und haben nat\u00fcrlich keine Lappen, wie die meisten Efeuarten im Erwachsenenstadium. An sonnigen Standorten k\u00f6nnen sie eine leicht bronzefarbene T\u00f6nung annehmen. Die Bl\u00fctenst\u00e4nde\u00a0<span style=\"font-family: Roboto, sans-serif; font-size: 18px; font-style: normal; font-variant-ligatures: normal; font-variant-caps: normal; font-weight: 400; color: var( --e-global-color-text ); text-align: var(--text-align);\">sind viel feiner als bei <\/span><span style=\"font-family: Roboto, sans-serif; font-size: 18px; font-variant-ligatures: normal; font-variant-caps: normal; font-weight: 400; color: var( --e-global-color-text ); text-align: var(--text-align);\"><i>Hedera helix<\/i>. E<\/span><span style=\"font-family: Roboto, sans-serif; font-size: 18px; font-style: normal; font-variant-ligatures: normal; font-variant-caps: normal; font-weight: 400; color: var( --e-global-color-text ); text-align: var(--text-align);\">ie sind braun und verleihen der Pflanze ein sch\u00f6nes Aussehen.<\/span><\/p><p>Die Internodien sind sehr kurz. Die Pflanze bildet einen kompakten Busch. Das Wachstum ist langsam. Sie kann mit etwas Geduld als Einzelpflanze in einem Beet verwendet werden, um Volumen zu schaffen.<\/p>\t\t\t\t\t\t\t\t<\/div>\n\t\t\t\t<\/div>\n\t\t\t\t<div class=\"elementor-element elementor-element-7bb66a2f elementor-widget elementor-widget-heading\" data-id=\"7bb66a2f\" data-element_type=\"widget\" data-widget_type=\"heading.default\">\n\t\t\t\t<div class=\"elementor-widget-container\">\n\t\t\t\t\t<h2 class=\"elementor-heading-title elementor-size-default\">Geschichte<\/h2>\t\t\t\t<\/div>\n\t\t\t\t<\/div>\n\t\t\t\t<div class=\"elementor-element elementor-element-798d5822 elementor-widget elementor-widget-text-editor\" data-id=\"798d5822\" data-element_type=\"widget\" data-widget_type=\"text-editor.default\">\n\t\t\t\t<div class=\"elementor-widget-container\">\n\t\t\t\t\t\t\t\t\t<p>Diese Kultivar wurde 1975 von Dr. John L Creech in Nepal im Herzen eines Eichenwaldes gesammelt, wo sie auf B\u00e4umen und Felsen wuchs.<\/p>\t\t\t\t\t\t\t\t<\/div>\n\t\t\t\t<\/div>\n\t\t\t\t<div class=\"elementor-element elementor-element-6835b36a elementor-widget elementor-widget-heading\" data-id=\"6835b36a\" data-element_type=\"widget\" data-widget_type=\"heading.default\">\n\t\t\t\t<div class=\"elementor-widget-container\">\n\t\t\t\t\t<h2 class=\"elementor-heading-title elementor-size-default\">Detailansicht - Hedera nepalensis 'Suzanne' ausgewachsener<\/h2>\t\t\t\t<\/div>\n\t\t\t\t<\/div>\n\t\t\t\t<div class=\"elementor-element elementor-element-62759570 elementor-widget elementor-widget-text-editor\" data-id=\"62759570\" data-element_type=\"widget\" data-widget_type=\"text-editor.default\">\n\t\t\t\t<div class=\"elementor-widget-container\">\n\t\t\t\t\t\t\t\t\t<h3>Botanische Informationen<\/h3><ul><li>Familie: Araliaceae<\/li><li>Gattung : <em><strong>Hedera<\/strong><\/em><\/li><li>Art : <em>nepalensis<\/em><\/li><li>Anbauen : &lsquo;Suzanne&rsquo;<\/li><li>Pierot-Klassifikation: erwachsener Efeu<\/li><li>Laubblattstadium: erwachsen<\/li><li>Ursprung der Art: S\u00fcdwestasien, Nepal Indien, Indochina<\/li><li>Herkunft des Kultivars :\u00a0<span style=\"font-family: Roboto, sans-serif; font-size: 18px; font-style: normal; font-variant-ligatures: normal; font-variant-caps: normal; font-weight: 400; background-color: #f8f8f7;\">1975 von Dr. John L. Creech in Nepal im Herzen eines Eichenwaldes gesammelt<\/span><\/li><\/ul><h3>\u00a0<\/h3><h3>Beschreibung von Hedera nepalensis &lsquo;Suzanne&rsquo; ausgewachsener<\/h3><ul><li>Wuchs: strauchartig<\/li><li>Anzahl der Lappen: ungelappt<\/li><li>L\u00e4nge des Blattes: 5-6 cm<\/li><li>Breite des Blattes: 3 cm<\/li><li>Blattfarbe: dunkelgr\u00fcn<\/li><li>Farbe der Rippen: gr\u00fcn<\/li><li>Farbe Stiel und Blattstiel: r\u00f6tlich-gr\u00fcn<\/li><li>Bl\u00fctezeit: August bis Dezember<\/li><li>Bl\u00fctenfarbe: braun<\/li><li>Fruchtbildung: kleine orangefarbene Beeren<\/li><li>Haare: schuppig, orange-braun, spitze Verzweigungen.<\/li><\/ul><h3>\u00a0<\/h3><h3>Tipps zu Pflanzung, Anbau und Pflege f\u00fcr Hedera nepalensis &lsquo;Suzanne&rsquo; ausgewachsener<\/h3><ul><li>Standort: Sonne, Halbschatten<\/li><li>Winterh\u00e4rte: -13\u00b0C<\/li><li>Bodenfeuchtigkeit: frischer Boden<\/li><li>PH-Wert des Bodens: neutral oder kalkhaltig oder sauer<\/li><li>Bodenart: alle<\/li><li>Bodenreichtum: gew\u00f6hnlich oder humos<\/li><li>Verwendung: T\u00f6pfe, Blumenk\u00e4sten, Steingarten, einzeln stehend<\/li><li>Entwicklung: m\u00e4\u00dfig, langsam<\/li><li>Beschneiden: einmal im Jahr<\/li><li>Sch\u00e4dlinge: sehr selten (Rote Spinne, Schildl\u00e4use)<\/li><li>Krankheiten: sehr selten (Flecken auf den Bl\u00e4ttern)<\/li><\/ul>\t\t\t\t\t\t\t\t<\/div>\n\t\t\t\t<\/div>\n\t\t\t\t\t<\/div>\n\t\t\t\t<\/div>\n\t\t\t\t\t<\/div>\n\t\t\t\t<\/div>\n\t\t<div class=\"elementor-element elementor-element-27cf625f e-flex e-con-boxed e-con e-parent\" data-id=\"27cf625f\" data-element_type=\"container\">\n\t\t\t\t\t<div class=\"e-con-inner\">\n\t\t\t\t<div class=\"elementor-element elementor-element-3c5b158 elementor-widget elementor-widget-image\" data-id=\"3c5b158\" data-element_type=\"widget\" data-widget_type=\"image.default\">\n\t\t\t\t<div class=\"elementor-widget-container\">\n\t\t\t\t\t\t\t\t\t\t\t\t\t\t\t<img fetchpriority=\"high\" decoding=\"async\" width=\"1024\" height=\"146\" src=\"https:\/\/www.hedera-etc.com\/wp-content\/uploads\/2023\/10\/guirlande-1024x146.webp\" class=\"attachment-large size-large wp-image-116\" alt=\"La boutique du lierre - Efeu-Girlande\" srcset=\"https:\/\/www.hedera-etc.com\/wp-content\/uploads\/2023\/10\/guirlande-1024x146.webp 1024w, https:\/\/www.hedera-etc.com\/wp-content\/uploads\/2023\/10\/guirlande-900x129.webp 900w, https:\/\/www.hedera-etc.com\/wp-content\/uploads\/2023\/10\/guirlande-300x43.webp 300w, https:\/\/www.hedera-etc.com\/wp-content\/uploads\/2023\/10\/guirlande-768x110.webp 768w, https:\/\/www.hedera-etc.com\/wp-content\/uploads\/2023\/10\/guirlande.webp 1126w\" sizes=\"(max-width: 1024px) 100vw, 1024px\" \/>\t\t\t\t\t\t\t\t\t\t\t\t\t\t\t<\/div>\n\t\t\t\t<\/div>\n\t\t\t\t<div class=\"elementor-element elementor-element-66e30e3 elementor-widget elementor-widget-text-editor\" data-id=\"66e30e3\" data-element_type=\"widget\" data-widget_type=\"text-editor.default\">\n\t\t\t\t<div class=\"elementor-widget-container\">\n\t\t\t\t\t\t\t\t\t<h3 style=\"text-align: center;\"><span style=\"color: #008000;\">Efeu in der Literatur<\/span><\/h3><blockquote><p style=\"text-align: center;\"><span style=\"color: #993366;\">\u201cDie in Efeu geh\u00fcllten Ruinen fl\u00fcsterten Geschichten, die nur die B\u00e4ume verstehen konnten.<\/span><span style=\"color: #993366;\">\u201d<\/span><\/p><\/blockquote><h5 style=\"text-align: right;\"><strong>Herman Melville<\/strong>, <em>Billy Budd, Seemann<\/em><\/h5>\t\t\t\t\t\t\t\t<\/div>\n\t\t\t\t<\/div>\n\t\t\t\t\t<\/div>\n\t\t\t\t<\/div>\n\t\t\t\t<\/div>","protected":false},"excerpt":{"rendered":"<p>Ausgewachsener Efeu, der besonders wegen seiner Bl\u00fctenst\u00e4nde interessant ist.<\/p>\n<p>Dunkelgr\u00fcne, elliptische Bl\u00e4tter, die nat\u00fcrlich keine Lappen haben, wie die meisten Efeuarten im Erwachsenenstadium. K\u00f6nnen an sonnigen Standorten eine leicht bronzefarbene T\u00f6nung annehmen. Bl\u00fctenst\u00e4nde viel d\u00fcnner als bei <i>Hedera helix, <\/i>braun und verleihen der Pflanze ein sch\u00f6nes Aussehen.<\/p>\n<p>Sehr kurze Internodien. Bildet einen kompakten Busch. W\u00e4chst nur langsam. Kann mit etwas Geduld auch einzeln in einem Beet verwendet werden, um Volumen zu schaffen.<\/p>","protected":false},"featured_media":400,"comment_status":"open","ping_status":"closed","template":"","meta":{"_acf_changed":false,"ocean_post_layout":"","ocean_both_sidebars_style":"","ocean_both_sidebars_content_width":0,"ocean_both_sidebars_sidebars_width":0,"ocean_sidebar":"0","ocean_second_sidebar":"0","ocean_disable_margins":"enable","ocean_add_body_class":"","ocean_shortcode_before_top_bar":"","ocean_shortcode_after_top_bar":"","ocean_shortcode_before_header":"","ocean_shortcode_after_header":"","ocean_has_shortcode":"","ocean_shortcode_after_title":"","ocean_shortcode_before_footer_widgets":"","ocean_shortcode_after_footer_widgets":"","ocean_shortcode_before_footer_bottom":"","ocean_shortcode_after_footer_bottom":"","ocean_display_top_bar":"default","ocean_display_header":"default","ocean_header_style":"","ocean_center_header_left_menu":"0","ocean_custom_header_template":"0","ocean_custom_logo":0,"ocean_custom_retina_logo":0,"ocean_custom_logo_max_width":0,"ocean_custom_logo_tablet_max_width":0,"ocean_custom_logo_mobile_max_width":0,"ocean_custom_logo_max_height":0,"ocean_custom_logo_tablet_max_height":0,"ocean_custom_logo_mobile_max_height":0,"ocean_header_custom_menu":"0","ocean_menu_typo_font_family":"0","ocean_menu_typo_font_subset":"","ocean_menu_typo_font_size":0,"ocean_menu_typo_font_size_tablet":0,"ocean_menu_typo_font_size_mobile":0,"ocean_menu_typo_font_size_unit":"px","ocean_menu_typo_font_weight":"","ocean_menu_typo_font_weight_tablet":"","ocean_menu_typo_font_weight_mobile":"","ocean_menu_typo_transform":"","ocean_menu_typo_transform_tablet":"","ocean_menu_typo_transform_mobile":"","ocean_menu_typo_line_height":0,"ocean_menu_typo_line_height_tablet":0,"ocean_menu_typo_line_height_mobile":0,"ocean_menu_typo_line_height_unit":"","ocean_menu_typo_spacing":0,"ocean_menu_typo_spacing_tablet":0,"ocean_menu_typo_spacing_mobile":0,"ocean_menu_typo_spacing_unit":"","ocean_menu_link_color":"","ocean_menu_link_color_hover":"","ocean_menu_link_color_active":"","ocean_menu_link_background":"","ocean_menu_link_hover_background":"","ocean_menu_link_active_background":"","ocean_menu_social_links_bg":"","ocean_menu_social_hover_links_bg":"","ocean_menu_social_links_color":"","ocean_menu_social_hover_links_color":"","ocean_disable_title":"default","ocean_disable_heading":"default","ocean_post_title":"","ocean_post_subheading":"","ocean_post_title_style":"","ocean_post_title_background_color":"","ocean_post_title_background":0,"ocean_post_title_bg_image_position":"","ocean_post_title_bg_image_attachment":"","ocean_post_title_bg_image_repeat":"","ocean_post_title_bg_image_size":"","ocean_post_title_height":0,"ocean_post_title_bg_overlay":0.5,"ocean_post_title_bg_overlay_color":"","ocean_disable_breadcrumbs":"default","ocean_breadcrumbs_color":"","ocean_breadcrumbs_separator_color":"","ocean_breadcrumbs_links_color":"","ocean_breadcrumbs_links_hover_color":"","ocean_display_footer_widgets":"default","ocean_display_footer_bottom":"default","ocean_custom_footer_template":"0"},"product_brand":[],"product_cat":[134],"product_tag":[],"class_list":{"0":"post-399","1":"product","2":"type-product","3":"status-publish","4":"has-post-thumbnail","6":"product_cat-lierre","8":"entry","9":"has-media","11":"first","12":"outofstock","13":"product-type-variable","14":"has-product-nav","15":"col","16":"span_1_of_4","17":"owp-content-center","18":"item-entry","19":"owp-thumbs-layout-horizontal","20":"owp-btn-normal","21":"owp-tabs-layout-section","22":"has-no-thumbnails"},"acf":[],"jetpack_sharing_enabled":true,"_links":{"self":[{"href":"https:\/\/www.hedera-etc.com\/de\/wp-json\/wp\/v2\/product\/399","targetHints":{"allow":["GET"]}}],"collection":[{"href":"https:\/\/www.hedera-etc.com\/de\/wp-json\/wp\/v2\/product"}],"about":[{"href":"https:\/\/www.hedera-etc.com\/de\/wp-json\/wp\/v2\/types\/product"}],"replies":[{"embeddable":true,"href":"https:\/\/www.hedera-etc.com\/de\/wp-json\/wp\/v2\/comments?post=399"}],"version-history":[{"count":4,"href":"https:\/\/www.hedera-etc.com\/de\/wp-json\/wp\/v2\/product\/399\/revisions"}],"predecessor-version":[{"id":15504,"href":"https:\/\/www.hedera-etc.com\/de\/wp-json\/wp\/v2\/product\/399\/revisions\/15504"}],"wp:featuredmedia":[{"embeddable":true,"href":"https:\/\/www.hedera-etc.com\/de\/wp-json\/wp\/v2\/media\/400"}],"wp:attachment":[{"href":"https:\/\/www.hedera-etc.com\/de\/wp-json\/wp\/v2\/media?parent=399"}],"wp:term":[{"taxonomy":"product_brand","embeddable":true,"href":"https:\/\/www.hedera-etc.com\/de\/wp-json\/wp\/v2\/product_brand?post=399"},{"taxonomy":"product_cat","embeddable":true,"href":"https:\/\/www.hedera-etc.com\/de\/wp-json\/wp\/v2\/product_cat?post=399"},{"taxonomy":"product_tag","embeddable":true,"href":"https:\/\/www.hedera-etc.com\/de\/wp-json\/wp\/v2\/product_tag?post=399"}],"curies":[{"name":"wp","href":"https:\/\/api.w.org\/{rel}","templated":true}]}}