{"id":426,"date":"2023-10-28T08:58:57","date_gmt":"2023-10-28T06:58:57","guid":{"rendered":"https:\/\/www.hedera-etc.com\/?post_type=product&#038;p=426"},"modified":"2026-04-29T07:09:36","modified_gmt":"2026-04-29T05:09:36","slug":"hedera-helix-classy-lassie","status":"publish","type":"product","link":"https:\/\/www.hedera-etc.com\/de\/product\/hedera-helix-classy-lassie\/","title":{"rendered":"<em>Hedera helix<\/em> &lsquo;Classy Lassie&rsquo; &#8211; Zier-Efeu"},"content":{"rendered":"<div data-elementor-type=\"product-post\" data-elementor-id=\"426\" class=\"elementor elementor-426\" data-elementor-post-type=\"product\">\n\t\t\t\t<div class=\"elementor-element elementor-element-63fefafe e-con-full e-flex e-con e-child\" data-id=\"63fefafe\" data-element_type=\"container\">\n\t\t\t\t<div class=\"elementor-element elementor-element-205016a7 elementor-widget elementor-widget-text-editor\" data-id=\"205016a7\" data-element_type=\"widget\" data-widget_type=\"text-editor.default\">\n\t\t\t\t<div class=\"elementor-widget-container\">\n\t\t\t\t\t\t\t\t\t<h2><span style=\"color: #f0ffed;\">Der Zier-Efeu\u00a0 &#8211; Hedera helix &lsquo;Classy Lassie&rsquo;<\/span><\/h2>\t\t\t\t\t\t\t\t<\/div>\n\t\t\t\t<\/div>\n\t\t\t\t<\/div>\n\t\t<div class=\"elementor-element elementor-element-4648dbcd e-flex e-con-boxed e-con e-parent\" data-id=\"4648dbcd\" data-element_type=\"container\">\n\t\t\t\t\t<div class=\"e-con-inner\">\n\t\t<div class=\"elementor-element elementor-element-b731a8a e-flex e-con-boxed e-con e-child\" data-id=\"b731a8a\" data-element_type=\"container\">\n\t\t\t\t\t<div class=\"e-con-inner\">\n\t\t\t\t<div class=\"elementor-element elementor-element-55ebbb26 elementor-widget elementor-widget-heading\" data-id=\"55ebbb26\" data-element_type=\"widget\" data-widget_type=\"heading.default\">\n\t\t\t\t<div class=\"elementor-widget-container\">\n\t\t\t\t\t<h2 class=\"elementor-heading-title elementor-size-default\">Zusammenfassend<\/h2>\t\t\t\t<\/div>\n\t\t\t\t<\/div>\n\t\t\t\t<div class=\"elementor-element elementor-element-4754970b elementor-widget elementor-widget-text-editor\" data-id=\"4754970b\" data-element_type=\"widget\" data-widget_type=\"text-editor.default\">\n\t\t\t\t<div class=\"elementor-widget-container\">\n\t\t\t\t\t\t\t\t\t<p>Zier-Efeu, <strong><em>Hedera helix<\/em> &lsquo;Classy Lassie&rsquo;<\/strong>, ist eine sehr h\u00fcbsche, panaschierte Sorte, die die Blicke auf sich zieht.<\/p><p>Die Bl\u00e4tter bestehen aus 3 bis 5 flachen, eher abgerundeten Lappen. Die Blattspreite ist dunkelgr\u00fcn mit gelben und cremefarbenen Sprenkeln, die wunderbar mit den rosaroten Farben der Blattstiele und St\u00e4ngel harmonieren. Im Fr\u00fchling f\u00e4rben sich die jungen Bl\u00e4tter wundersch\u00f6n buttergelb. Die St\u00e4ngel sind gedrungen und wenig verzweigt. Die Internodien sind kurz.<\/p><p>Dies ist ein Efeu, der in T\u00f6pfen oder an kleinen Stellen im Garten verwendet werden sollte, wo er nicht unbemerkt bleibt, vorzugsweise an einem sonnigen Standort. Er ist trockenheitsresistent.<\/p>\t\t\t\t\t\t\t\t<\/div>\n\t\t\t\t<\/div>\n\t\t\t\t<div class=\"elementor-element elementor-element-abbaf11 elementor-widget elementor-widget-heading\" data-id=\"abbaf11\" data-element_type=\"widget\" data-widget_type=\"heading.default\">\n\t\t\t\t<div class=\"elementor-widget-container\">\n\t\t\t\t\t<h2 class=\"elementor-heading-title elementor-size-default\">Geschichte<\/h2>\t\t\t\t<\/div>\n\t\t\t\t<\/div>\n\t\t\t\t<div class=\"elementor-element elementor-element-2717cf6e elementor-widget elementor-widget-text-editor\" data-id=\"2717cf6e\" data-element_type=\"widget\" data-widget_type=\"text-editor.default\">\n\t\t\t\t<div class=\"elementor-widget-container\">\n\t\t\t\t\t\t\t\t\t<p>Ce cultivar fut d\u00e9couvert par Ebbe Storm, au Danemark, en 1996. C&rsquo;est une Ver\u00e4nderung de &lsquo;Oro di Bogliasco&rsquo;.<\/p>\t\t\t\t\t\t\t\t<\/div>\n\t\t\t\t<\/div>\n\t\t\t\t<div class=\"elementor-element elementor-element-43d574e0 elementor-widget elementor-widget-heading\" data-id=\"43d574e0\" data-element_type=\"widget\" data-widget_type=\"heading.default\">\n\t\t\t\t<div class=\"elementor-widget-container\">\n\t\t\t\t\t<h2 class=\"elementor-heading-title elementor-size-default\">Detailansicht - Hedera helix 'Classy Lassie'<\/h2>\t\t\t\t<\/div>\n\t\t\t\t<\/div>\n\t\t\t\t<div class=\"elementor-element elementor-element-34206c54 elementor-widget elementor-widget-text-editor\" data-id=\"34206c54\" data-element_type=\"widget\" data-widget_type=\"text-editor.default\">\n\t\t\t\t<div class=\"elementor-widget-container\">\n\t\t\t\t\t\t\t\t\t<h3>Botanische Informationen<\/h3>\n<ul>\n<li>Familie: Araliaceae<\/li>\n<li>Gattung : <em><strong>Hedera<\/strong><\/em><\/li>\n<li>Art : <em>helix<\/em><\/li>\n<li>Anbauen : &lsquo;Classy Lassie&rsquo;<\/li>\n<li>Pierot-Klassifikation: Panaschierter Efeu<\/li>\n<li>Blattstadium: juvenil<\/li>\n<li>Herkunft der Art: Europa, von Spanien bis Norwegen, aber kaum an der Atlantikk\u00fcste.<\/li>\n<li>Herkunft der Sorte: Mutation von &lsquo;Oro di Bogliasco&rsquo;,&nbsp;d\u00e9couvert en 1996 par Ebbe Storm, au Danemark.<\/li>\n<\/ul>\n<h3>&nbsp;<\/h3>\n<h3>Beschreibung von Hedera helix &lsquo;Classy Lassie&rsquo;<\/h3>\n<ul>\n<li>Habitus: kompakt, gedrungen<\/li>\n<li>Anzahl der Lappen: in der Regel 3 bis 5 Lappen<\/li>\n<li>Blattl\u00e4nge: 2 bis 4 cm<\/li>\n<li>Breite des Blattes: 2 bis 3 cm<\/li>\n<li>Blattfarbe: dunkelgr\u00fcn mit buttergelben Panaschierungen<\/li>\n<li>Farbvariante des Blattes: buttergelb im Fr\u00fchling<\/li>\n<li>Farbe der Rippen: gelb<\/li>\n<li>Farbe Stiel und Blattstiel: rosarot<\/li>\n<li>Verzweigungen: wenig verzweigt<\/li>\n<li>Haare: sternf\u00f6rmig, 3 bis 5 Arme<\/li>\n<\/ul>\n<h3>&nbsp;<\/h3>\n<h3>Tipps zu Pflanzung, Anbau und Pflege f\u00fcr Hedera helix &lsquo;Classy Lassie&rsquo;<\/h3>\n<ul>\n<li>Exposition: Sonne<\/li>\n<li>Winterh\u00e4rte: -15\u00b0C<\/li>\n<li>Bodenfeuchtigkeit: frischer oder trockener Boden<\/li>\n<li>PH-Wert des Bodens: neutral oder kalkhaltig<\/li>\n<li>Bodenart: alle<\/li>\n<li>Bodenreichtum: gew\u00f6hnlich oder humos<\/li>\n<li>Verwendung: Bodendecker, T\u00f6pfe, Blumenk\u00e4sten<\/li>\n<li>Entwicklung: langsam<\/li>\n<li>Beschneiden: einmal im Jahr<\/li>\n<li>Sch\u00e4dlinge: sehr selten (Rote Spinne, Schildl\u00e4use)<\/li>\n<li>Krankheiten: sehr selten (Flecken auf den Bl\u00e4ttern)<\/li>\n<\/ul>\t\t\t\t\t\t\t\t<\/div>\n\t\t\t\t<\/div>\n\t\t\t\t\t<\/div>\n\t\t\t\t<\/div>\n\t\t\t\t\t<\/div>\n\t\t\t\t<\/div>\n\t\t<div class=\"elementor-element elementor-element-4617ec70 e-flex e-con-boxed e-con e-parent\" data-id=\"4617ec70\" data-element_type=\"container\">\n\t\t\t\t\t<div class=\"e-con-inner\">\n\t\t\t\t<div class=\"elementor-element elementor-element-341b7a56 elementor-widget elementor-widget-image\" data-id=\"341b7a56\" data-element_type=\"widget\" data-widget_type=\"image.default\">\n\t\t\t\t<div class=\"elementor-widget-container\">\n\t\t\t\t\t\t\t\t\t\t\t\t\t\t\t<img fetchpriority=\"high\" decoding=\"async\" width=\"1024\" height=\"146\" src=\"https:\/\/www.hedera-etc.com\/wp-content\/uploads\/2023\/10\/guirlande-1024x146.webp\" class=\"attachment-large size-large wp-image-116\" alt=\"La boutique du lierre - Efeu-Girlande\" srcset=\"https:\/\/www.hedera-etc.com\/wp-content\/uploads\/2023\/10\/guirlande-1024x146.webp 1024w, https:\/\/www.hedera-etc.com\/wp-content\/uploads\/2023\/10\/guirlande-900x129.webp 900w, https:\/\/www.hedera-etc.com\/wp-content\/uploads\/2023\/10\/guirlande-300x43.webp 300w, https:\/\/www.hedera-etc.com\/wp-content\/uploads\/2023\/10\/guirlande-768x110.webp 768w, https:\/\/www.hedera-etc.com\/wp-content\/uploads\/2023\/10\/guirlande.webp 1126w\" sizes=\"(max-width: 1024px) 100vw, 1024px\" \/>\t\t\t\t\t\t\t\t\t\t\t\t\t\t\t<\/div>\n\t\t\t\t<\/div>\n\t\t\t\t<div class=\"elementor-element elementor-element-647d1f7d elementor-widget elementor-widget-text-editor\" data-id=\"647d1f7d\" data-element_type=\"widget\" data-widget_type=\"text-editor.default\">\n\t\t\t\t<div class=\"elementor-widget-container\">\n\t\t\t\t\t\t\t\t\t<h3 style=\"text-align: center;\"><span style=\"color: #008000;\">Efeu in der Literatur<\/span><\/h3><blockquote><p style=\"text-align: center;\"><span style=\"color: #993366;\">\u201cDer Efeu, dem die Jahreszeiten gleichg\u00fcltig waren, kletterte hartn\u00e4ckig empor und triumphierte \u00fcber alle St\u00fcrme.<\/span><span style=\"color: #993366;\">\u201d<\/span><\/p><\/blockquote><h5 style=\"text-align: right;\"><strong>Marcel Proust<\/strong>, <em>Im Schatten der bl\u00fchenden M\u00e4dchen<\/em><\/h5>\t\t\t\t\t\t\t\t<\/div>\n\t\t\t\t<\/div>\n\t\t\t\t\t<\/div>\n\t\t\t\t<\/div>\n\t\t\t\t<\/div>","protected":false},"excerpt":{"rendered":"<p>Eine sehr h\u00fcbsche panaschierte Sorte, die garantiert alle Blicke auf sich zieht.<\/p>\n<p>Die Bl\u00e4tter bestehen aus 3 bis 5 flachen, eher abgerundeten Lappen. Dunkelgr\u00fcne Blattspreite mit gelben und cremefarbenen Sprenkeln, die wunderbar mit den rosaroten Farben der Blattstiele und St\u00e4ngel harmonieren. St\u00e4ngel gedrungen und wenig verzweigt. Kurze Internodien.<\/p>\n<p>Efeu zur Verwendung in T\u00f6pfen oder an kleinen Stellen im Garten, wo er nicht unbemerkt bleiben wird, vorzugsweise an einem sonnigen Standort. H\u00e4lt sich gut an Trockenheit.<\/p>","protected":false},"featured_media":14783,"comment_status":"open","ping_status":"closed","template":"","meta":{"_acf_changed":false,"ocean_post_layout":"","ocean_both_sidebars_style":"","ocean_both_sidebars_content_width":0,"ocean_both_sidebars_sidebars_width":0,"ocean_sidebar":"0","ocean_second_sidebar":"0","ocean_disable_margins":"enable","ocean_add_body_class":"","ocean_shortcode_before_top_bar":"","ocean_shortcode_after_top_bar":"","ocean_shortcode_before_header":"","ocean_shortcode_after_header":"","ocean_has_shortcode":"","ocean_shortcode_after_title":"","ocean_shortcode_before_footer_widgets":"","ocean_shortcode_after_footer_widgets":"","ocean_shortcode_before_footer_bottom":"","ocean_shortcode_after_footer_bottom":"","ocean_display_top_bar":"default","ocean_display_header":"default","ocean_header_style":"","ocean_center_header_left_menu":"0","ocean_custom_header_template":"0","ocean_custom_logo":0,"ocean_custom_retina_logo":0,"ocean_custom_logo_max_width":0,"ocean_custom_logo_tablet_max_width":0,"ocean_custom_logo_mobile_max_width":0,"ocean_custom_logo_max_height":0,"ocean_custom_logo_tablet_max_height":0,"ocean_custom_logo_mobile_max_height":0,"ocean_header_custom_menu":"0","ocean_menu_typo_font_family":"0","ocean_menu_typo_font_subset":"","ocean_menu_typo_font_size":0,"ocean_menu_typo_font_size_tablet":0,"ocean_menu_typo_font_size_mobile":0,"ocean_menu_typo_font_size_unit":"px","ocean_menu_typo_font_weight":"","ocean_menu_typo_font_weight_tablet":"","ocean_menu_typo_font_weight_mobile":"","ocean_menu_typo_transform":"","ocean_menu_typo_transform_tablet":"","ocean_menu_typo_transform_mobile":"","ocean_menu_typo_line_height":0,"ocean_menu_typo_line_height_tablet":0,"ocean_menu_typo_line_height_mobile":0,"ocean_menu_typo_line_height_unit":"","ocean_menu_typo_spacing":0,"ocean_menu_typo_spacing_tablet":0,"ocean_menu_typo_spacing_mobile":0,"ocean_menu_typo_spacing_unit":"","ocean_menu_link_color":"","ocean_menu_link_color_hover":"","ocean_menu_link_color_active":"","ocean_menu_link_background":"","ocean_menu_link_hover_background":"","ocean_menu_link_active_background":"","ocean_menu_social_links_bg":"","ocean_menu_social_hover_links_bg":"","ocean_menu_social_links_color":"","ocean_menu_social_hover_links_color":"","ocean_disable_title":"default","ocean_disable_heading":"default","ocean_post_title":"","ocean_post_subheading":"","ocean_post_title_style":"","ocean_post_title_background_color":"","ocean_post_title_background":0,"ocean_post_title_bg_image_position":"","ocean_post_title_bg_image_attachment":"","ocean_post_title_bg_image_repeat":"","ocean_post_title_bg_image_size":"","ocean_post_title_height":0,"ocean_post_title_bg_overlay":0.5,"ocean_post_title_bg_overlay_color":"","ocean_disable_breadcrumbs":"default","ocean_breadcrumbs_color":"","ocean_breadcrumbs_separator_color":"","ocean_breadcrumbs_links_color":"","ocean_breadcrumbs_links_hover_color":"","ocean_display_footer_widgets":"default","ocean_display_footer_bottom":"default","ocean_custom_footer_template":"0"},"product_brand":[],"product_cat":[134],"product_tag":[],"class_list":{"0":"post-426","1":"product","2":"type-product","3":"status-publish","4":"has-post-thumbnail","6":"product_cat-lierre","8":"entry","9":"has-media","11":"first","12":"outofstock","13":"product-type-variable","14":"has-default-attributes","15":"has-product-nav","16":"col","17":"span_1_of_4","18":"owp-content-center","19":"item-entry","20":"owp-thumbs-layout-horizontal","21":"owp-btn-normal","22":"owp-tabs-layout-section","23":"has-no-thumbnails"},"acf":[],"jetpack_sharing_enabled":true,"_links":{"self":[{"href":"https:\/\/www.hedera-etc.com\/de\/wp-json\/wp\/v2\/product\/426","targetHints":{"allow":["GET"]}}],"collection":[{"href":"https:\/\/www.hedera-etc.com\/de\/wp-json\/wp\/v2\/product"}],"about":[{"href":"https:\/\/www.hedera-etc.com\/de\/wp-json\/wp\/v2\/types\/product"}],"replies":[{"embeddable":true,"href":"https:\/\/www.hedera-etc.com\/de\/wp-json\/wp\/v2\/comments?post=426"}],"version-history":[{"count":3,"href":"https:\/\/www.hedera-etc.com\/de\/wp-json\/wp\/v2\/product\/426\/revisions"}],"predecessor-version":[{"id":14784,"href":"https:\/\/www.hedera-etc.com\/de\/wp-json\/wp\/v2\/product\/426\/revisions\/14784"}],"wp:featuredmedia":[{"embeddable":true,"href":"https:\/\/www.hedera-etc.com\/de\/wp-json\/wp\/v2\/media\/14783"}],"wp:attachment":[{"href":"https:\/\/www.hedera-etc.com\/de\/wp-json\/wp\/v2\/media?parent=426"}],"wp:term":[{"taxonomy":"product_brand","embeddable":true,"href":"https:\/\/www.hedera-etc.com\/de\/wp-json\/wp\/v2\/product_brand?post=426"},{"taxonomy":"product_cat","embeddable":true,"href":"https:\/\/www.hedera-etc.com\/de\/wp-json\/wp\/v2\/product_cat?post=426"},{"taxonomy":"product_tag","embeddable":true,"href":"https:\/\/www.hedera-etc.com\/de\/wp-json\/wp\/v2\/product_tag?post=426"}],"curies":[{"name":"wp","href":"https:\/\/api.w.org\/{rel}","templated":true}]}}