{"id":504,"date":"2023-10-28T19:19:23","date_gmt":"2023-10-28T17:19:23","guid":{"rendered":"https:\/\/www.hedera-etc.com\/?post_type=product&#038;p=504"},"modified":"2026-05-01T07:09:52","modified_gmt":"2026-05-01T05:09:52","slug":"hedera-helix-caenwoodiana-aurea","status":"publish","type":"product","link":"https:\/\/www.hedera-etc.com\/de\/product\/hedera-helix-caenwoodiana-aurea\/","title":{"rendered":"<em>Hedera helix<\/em> &lsquo;Caenwoodiana Aurea&rsquo; &#8211; Zier-Efeu"},"content":{"rendered":"<div data-elementor-type=\"product-post\" data-elementor-id=\"504\" class=\"elementor elementor-504\" data-elementor-post-type=\"product\">\n\t\t\t\t<div class=\"elementor-element elementor-element-30b661c e-con-full e-flex e-con e-parent\" data-id=\"30b661c\" data-element_type=\"container\">\n\t\t\t\t<div class=\"elementor-element elementor-element-d17cd38 elementor-widget elementor-widget-text-editor\" data-id=\"d17cd38\" data-element_type=\"widget\" data-widget_type=\"text-editor.default\">\n\t\t\t\t<div class=\"elementor-widget-container\">\n\t\t\t\t\t\t\t\t\t<h2><span style=\"color: #f0ffed;\">Der Zier-Efeu\u00a0 &#8211; Hedera helix &lsquo;Brokamp&rsquo;<\/span><\/h2>\t\t\t\t\t\t\t\t<\/div>\n\t\t\t\t<\/div>\n\t\t\t\t<\/div>\n\t\t<div class=\"elementor-element elementor-element-6b80d75b e-flex e-con-boxed e-con e-parent\" data-id=\"6b80d75b\" data-element_type=\"container\">\n\t\t\t\t\t<div class=\"e-con-inner\">\n\t\t<div class=\"elementor-element elementor-element-31328d5e e-flex e-con-boxed e-con e-child\" data-id=\"31328d5e\" data-element_type=\"container\">\n\t\t\t\t\t<div class=\"e-con-inner\">\n\t\t\t\t<div class=\"elementor-element elementor-element-22f1083a elementor-widget elementor-widget-heading\" data-id=\"22f1083a\" data-element_type=\"widget\" data-widget_type=\"heading.default\">\n\t\t\t\t<div class=\"elementor-widget-container\">\n\t\t\t\t\t<h2 class=\"elementor-heading-title elementor-size-default\">Zusammenfassend<\/h2>\t\t\t\t<\/div>\n\t\t\t\t<\/div>\n\t\t\t\t<div class=\"elementor-element elementor-element-686914b elementor-widget elementor-widget-text-editor\" data-id=\"686914b\" data-element_type=\"widget\" data-widget_type=\"text-editor.default\">\n\t\t\t\t<div class=\"elementor-widget-container\">\n\t\t\t\t\t\t\t\t\t<p>Der Zier-Efeu, Hedera helix &lsquo;Caenwoodiana Aurea&rsquo; est un grimpant \u00e0 longues tiges.<\/p><p>Die Bl\u00e4tter sind mittelgro\u00df und bestehen aus f\u00fcnf schmalen Lappen. Sie werden gelb gefleckt geboren und entwickeln sich dann zu gr\u00fcn und grau. Bei hellem Licht bleiben sie jedoch l\u00e4nger und breiter gelb. Die Basis der Bl\u00e4tter ist sagittal oder gekerbt. Die St\u00e4ngel sind kr\u00e4ftig, aber wenig verzweigt.<\/p><p>Es ist ein Efeu, der eine d\u00fcnne Matratze bildet, die man vorzugsweise an einem sonnigen Standort aufstellen sollte, um von seiner leuchtenden F\u00e4rbung zu profitieren.<\/p>\t\t\t\t\t\t\t\t<\/div>\n\t\t\t\t<\/div>\n\t\t\t\t<div class=\"elementor-element elementor-element-1e9ba971 elementor-widget elementor-widget-heading\" data-id=\"1e9ba971\" data-element_type=\"widget\" data-widget_type=\"heading.default\">\n\t\t\t\t<div class=\"elementor-widget-container\">\n\t\t\t\t\t<h2 class=\"elementor-heading-title elementor-size-default\">Geschichte<\/h2>\t\t\t\t<\/div>\n\t\t\t\t<\/div>\n\t\t\t\t<div class=\"elementor-element elementor-element-53f95c78 elementor-widget elementor-widget-text-editor\" data-id=\"53f95c78\" data-element_type=\"widget\" data-widget_type=\"text-editor.default\">\n\t\t\t\t<div class=\"elementor-widget-container\">\n\t\t\t\t\t\t\t\t\t<p>Ce cultivar apparut pour la premi\u00e8re fois dans le catalogue de Robert Veitch &amp; Sons en 1905, mais il \u00e9tait connu bien avant en Angleterre. C&rsquo;est une Ver\u00e4nderung de &lsquo;Pedata&rsquo;<\/p>\t\t\t\t\t\t\t\t<\/div>\n\t\t\t\t<\/div>\n\t\t\t\t<div class=\"elementor-element elementor-element-e1367b8 elementor-widget elementor-widget-heading\" data-id=\"e1367b8\" data-element_type=\"widget\" data-widget_type=\"heading.default\">\n\t\t\t\t<div class=\"elementor-widget-container\">\n\t\t\t\t\t<h2 class=\"elementor-heading-title elementor-size-default\">Ausf\u00fchrliche Beschreibung - Hedera helix 'Caenwoodiana Aurea'<\/h2>\t\t\t\t<\/div>\n\t\t\t\t<\/div>\n\t\t\t\t<div class=\"elementor-element elementor-element-10ecb236 elementor-widget elementor-widget-text-editor\" data-id=\"10ecb236\" data-element_type=\"widget\" data-widget_type=\"text-editor.default\">\n\t\t\t\t<div class=\"elementor-widget-container\">\n\t\t\t\t\t\t\t\t\t<h3>Botanische Informationen<\/h3><ul><li>Familie: Araliaceae<\/li><li>Gattung : <em><strong>Hedera<\/strong><\/em><\/li><li>Art : <em>helix<\/em><\/li><li>Anbauen : &lsquo;Caenwoodiana Aurea&rsquo;<\/li><li>Pierot-Klassifikation: Efeu mit vogelbeinartigen Bl\u00e4ttern<\/li><li>Blattstadium: juvenil<\/li><li>Herkunft der Art: Europa, von Spanien bis Norwegen, jedoch kaum an der Atlantikk\u00fcste.<\/li><li>Herkunft der Sorte: Mutation von &lsquo;Pedata&rsquo; connu en Angleterre d\u00e8s les ann\u00e9es 1860, publi\u00e9 aux catalogues de Robert Veitch &amp; Sons en 1903.\u00a0<\/li><\/ul><h3>\u00a0<\/h3><h3>Beschreibung von Hedera helix &lsquo;Caenwoodiana Aurea&rsquo;<\/h3><ul><li>Hafen: \u00e9tal\u00e9l<\/li><li>Anzahl der Lappen: in der Regel 5 Lappen<\/li><li>L\u00e4nge des Blattes: 5 cm<\/li><li>Breite des Blattes: 6 cm<\/li><li>Blattfarbe: gr\u00fcn gelb<\/li><li>Farbe der Rippen: gelbgr\u00fcn<\/li><li>Farbe Stiel und Blattstiel: gr\u00fcn-violett<\/li><li>Verzweigungen: wenig verzweigt<\/li><li>Haare: sternf\u00f6rmig, 3 bis 5 Arme<\/li><\/ul><h3>\u00a0<\/h3><h3>Tipps zu Pflanzung, Anbau und Pflege f\u00fcr Hedera helix &lsquo;Caenwoodiana Aurea&rsquo;<\/h3><ul><li>Exposition: Sonne<\/li><li>Winterh\u00e4rte: -15\u00b0C<\/li><li>Bodenfeuchtigkeit: frischer Boden<\/li><li>PH-Wert des Bodens: neutral oder kalkhaltig<\/li><li>Bodenart: alle<\/li><li>Bodenreichtum: gew\u00f6hnlich oder humos<\/li><li>Verwendung: Kletterpflanze, T\u00f6pfe, Blumenk\u00e4sten<\/li><li>Entwicklung: schnell<\/li><li>Beschneiden: einmal im Jahr<\/li><li>Sch\u00e4dlinge: sehr selten (Rote Spinne, Schildl\u00e4use)<\/li><li>Krankheiten: sehr selten (Flecken auf den Bl\u00e4ttern)<\/li><\/ul>\t\t\t\t\t\t\t\t<\/div>\n\t\t\t\t<\/div>\n\t\t\t\t\t<\/div>\n\t\t\t\t<\/div>\n\t\t\t\t\t<\/div>\n\t\t\t\t<\/div>\n\t\t<div class=\"elementor-element elementor-element-30c90c2c e-flex e-con-boxed e-con e-parent\" data-id=\"30c90c2c\" data-element_type=\"container\">\n\t\t\t\t\t<div class=\"e-con-inner\">\n\t\t<div class=\"elementor-element elementor-element-2f7651eb e-flex e-con-boxed e-con e-child\" data-id=\"2f7651eb\" data-element_type=\"container\" data-settings=\"{&quot;background_background&quot;:&quot;classic&quot;,&quot;shape_divider_top&quot;:&quot;mountains&quot;}\">\n\t\t\t\t\t<div class=\"e-con-inner\">\n\t\t\t\t<div class=\"elementor-shape elementor-shape-top\" data-negative=\"false\">\n\t\t\t<svg xmlns=\"http:\/\/www.w3.org\/2000\/svg\" viewbox=\"0 0 1000 100\" preserveaspectratio=\"none\">\n\t<path class=\"elementor-shape-fill\" opacity=\"0.33\" d=\"M473,67.3c-203.9,88.3-263.1-34-320.3,0C66,119.1,0,59.7,0,59.7V0h1000v59.7 c0,0-62.1,26.1-94.9,29.3c-32.8,3.3-62.8-12.3-75.8-22.1C806,49.6,745.3,8.7,694.9,4.7S492.4,59,473,67.3z\"\/>\n\t<path class=\"elementor-shape-fill\" opacity=\"0.66\" d=\"M734,67.3c-45.5,0-77.2-23.2-129.1-39.1c-28.6-8.7-150.3-10.1-254,39.1 s-91.7-34.4-149.2,0C115.7,118.3,0,39.8,0,39.8V0h1000v36.5c0,0-28.2-18.5-92.1-18.5C810.2,18.1,775.7,67.3,734,67.3z\"\/>\n\t<path class=\"elementor-shape-fill\" d=\"M766.1,28.9c-200-57.5-266,65.5-395.1,19.5C242,1.8,242,5.4,184.8,20.6C128,35.8,132.3,44.9,89.9,52.5C28.6,63.7,0,0,0,0 h1000c0,0-9.9,40.9-83.6,48.1S829.6,47,766.1,28.9z\"\/>\n<\/svg>\t\t<\/div>\n\t\t\t\t<div class=\"elementor-element elementor-element-59e3ce2f elementor-widget__width-initial elementor-widget elementor-widget-image\" data-id=\"59e3ce2f\" data-element_type=\"widget\" data-widget_type=\"image.default\">\n\t\t\t\t<div class=\"elementor-widget-container\">\n\t\t\t\t\t\t\t\t\t\t\t\t\t\t\t<img fetchpriority=\"high\" decoding=\"async\" width=\"300\" height=\"180\" src=\"https:\/\/www.hedera-etc.com\/wp-content\/uploads\/2024\/11\/vecteezy_simplicity-ivy-freehand-drawing_13643730_206-300x180.webp\" class=\"attachment-medium size-medium wp-image-10573\" alt=\"\" srcset=\"https:\/\/www.hedera-etc.com\/wp-content\/uploads\/2024\/11\/vecteezy_simplicity-ivy-freehand-drawing_13643730_206-300x180.webp 300w, https:\/\/www.hedera-etc.com\/wp-content\/uploads\/2024\/11\/vecteezy_simplicity-ivy-freehand-drawing_13643730_206-900x540.webp 900w, https:\/\/www.hedera-etc.com\/wp-content\/uploads\/2024\/11\/vecteezy_simplicity-ivy-freehand-drawing_13643730_206-1024x614.webp 1024w, https:\/\/www.hedera-etc.com\/wp-content\/uploads\/2024\/11\/vecteezy_simplicity-ivy-freehand-drawing_13643730_206-768x461.webp 768w, https:\/\/www.hedera-etc.com\/wp-content\/uploads\/2024\/11\/vecteezy_simplicity-ivy-freehand-drawing_13643730_206-1536x921.webp 1536w, https:\/\/www.hedera-etc.com\/wp-content\/uploads\/2024\/11\/vecteezy_simplicity-ivy-freehand-drawing_13643730_206.webp 1920w, https:\/\/www.hedera-etc.com\/wp-content\/uploads\/2024\/11\/vecteezy_simplicity-ivy-freehand-drawing_13643730_206-1320x791.webp 1320w\" sizes=\"(max-width: 300px) 100vw, 300px\" \/>\t\t\t\t\t\t\t\t\t\t\t\t\t\t\t<\/div>\n\t\t\t\t<\/div>\n\t\t\t\t<div class=\"elementor-element elementor-element-5e198afa elementor-widget elementor-widget-heading\" data-id=\"5e198afa\" data-element_type=\"widget\" data-widget_type=\"heading.default\">\n\t\t\t\t<div class=\"elementor-widget-container\">\n\t\t\t\t\t<h2 class=\"elementor-heading-title elementor-size-default\">Eine Seite aus meiner kleinen Enzyklop\u00e4die des Efeus<\/h2>\t\t\t\t<\/div>\n\t\t\t\t<\/div>\n\t\t\t\t\t<\/div>\n\t\t\t\t<\/div>\n\t\t\t\t<div class=\"elementor-element elementor-element-4681f75 elementor-widget elementor-widget-menu-anchor\" data-id=\"4681f75\" data-element_type=\"widget\" data-widget_type=\"menu-anchor.default\">\n\t\t\t\t<div class=\"elementor-widget-container\">\n\t\t\t\t\t\t\t<div class=\"elementor-menu-anchor\" id=\"haste\"><\/div>\n\t\t\t\t\t\t<\/div>\n\t\t\t\t<\/div>\n\t\t\t\t<div class=\"elementor-element elementor-element-46551d4 elementor-widget elementor-widget-global elementor-global-11239 elementor-widget-text-editor\" data-id=\"46551d4\" data-element_type=\"widget\" data-widget_type=\"text-editor.default\">\n\t\t\t\t<div class=\"elementor-widget-container\">\n\t\t\t\t\t\t\t\t\t<h3><span style=\"color: #008000;\">Die Umstandsfrage ...<\/span><\/h3><h2><span style=\"color: #008000;\">Was ist ein gehacktes Blatt?<\/span><\/h2><p>Das Vokabular, das Botaniker zur Beschreibung von Pflanzen verwenden, ist sehr umfangreich. Allein bei den Bl\u00e4ttern k\u00f6nnen Sie auf Dutzende von Fachbegriffen sto\u00dfen.<\/p><p>Das Wort &lsquo;<b>hast\u00e9<\/b>&lsquo; beschreibt ein Blatt, dessen Blattspreite an die Form einer Hellebarde erinnert, das hei\u00dft eher dreieckig ist, wobei die beiden Lappen an der Basis fast auf einer Linie liegen. Darin besteht der Unterschied zu einem pfeilf\u00f6rmigen Blatt, bei dem die beiden Lappen an der Basis zu beiden Seiten abfallen, wie bei einem Pfeil.<\/p><p>Man kann den Begriff auch verwenden, um die Blattbasis zu beschreiben, was bedeutet, dass das Blatt an der Stelle, an der es mit dem Blattstiel verbunden ist, wie einen Pfeil bildet.<\/p><p><a href=\"https:\/\/www.jardinsdugue.eu\/la-feuille-description-globale\/\" target=\"_blank\" rel=\"noopener\">Um das gesamte Vokabular zur Beschreibung von Bl\u00e4ttern zu entdecken.<\/a><\/p>\t\t\t\t\t\t\t\t<\/div>\n\t\t\t\t<\/div>\n\t\t\t\t<div class=\"elementor-element elementor-element-6ddc1ea6 elementor-widget elementor-widget-image\" data-id=\"6ddc1ea6\" data-element_type=\"widget\" data-widget_type=\"image.default\">\n\t\t\t\t<div class=\"elementor-widget-container\">\n\t\t\t\t\t\t\t\t\t\t\t\t\t\t\t<img decoding=\"async\" width=\"1024\" height=\"146\" src=\"https:\/\/www.hedera-etc.com\/wp-content\/uploads\/2023\/10\/guirlande-1024x146.webp\" class=\"attachment-large size-large wp-image-116\" alt=\"La boutique du lierre - Efeu-Girlande\" srcset=\"https:\/\/www.hedera-etc.com\/wp-content\/uploads\/2023\/10\/guirlande-1024x146.webp 1024w, https:\/\/www.hedera-etc.com\/wp-content\/uploads\/2023\/10\/guirlande-900x129.webp 900w, https:\/\/www.hedera-etc.com\/wp-content\/uploads\/2023\/10\/guirlande-300x43.webp 300w, https:\/\/www.hedera-etc.com\/wp-content\/uploads\/2023\/10\/guirlande-768x110.webp 768w, https:\/\/www.hedera-etc.com\/wp-content\/uploads\/2023\/10\/guirlande.webp 1126w\" sizes=\"(max-width: 1024px) 100vw, 1024px\" \/>\t\t\t\t\t\t\t\t\t\t\t\t\t\t\t<\/div>\n\t\t\t\t<\/div>\n\t\t\t\t<div class=\"elementor-element elementor-element-2cfdce11 elementor-widget elementor-widget-text-editor\" data-id=\"2cfdce11\" data-element_type=\"widget\" data-widget_type=\"text-editor.default\">\n\t\t\t\t<div class=\"elementor-widget-container\">\n\t\t\t\t\t\t\t\t\t<h3 style=\"text-align: center;\"><span style=\"color: #008000;\">Efeu in der Literatur<\/span><\/h3><blockquote><p style=\"text-align: center;\"><span style=\"color: #993366;\">\u201cDie alten, mit Efeu bewachsenen Steine schienen sich in sich selbst zur\u00fcckzuziehen, gesch\u00fctzt durch ihren gr\u00fcnen Mantel.<\/span><span style=\"color: #993366;\">\u201d<\/span><\/p><\/blockquote><h5 style=\"text-align: right;\"><strong>Charlotte Bront\u00eb<\/strong>, <em>Jane Eyre<\/em><\/h5>\t\t\t\t\t\t\t\t<\/div>\n\t\t\t\t<\/div>\n\t\t\t\t\t<\/div>\n\t\t\t\t<\/div>\n\t\t\t\t<\/div>","protected":false},"excerpt":{"rendered":"<p>Kletternder Efeu mit langen Stielen.<\/p>\n<p>Mittelgro\u00dfe Bl\u00e4tter, die aus 5 schmalen Lappen bestehen, gelb gefleckt sind und sp\u00e4ter in gr\u00fcn und grau \u00fcbergehen. Die Blattbasis ist sagittal oder gehackt. Kr\u00e4ftige, aber wenig verzweigte St\u00e4ngel.<\/p>\n<p>Efeu, der eine d\u00fcnne Matratze bildet, die man vorzugsweise an einem sonnigen Standort aufstellen sollte, um von ihrer leuchtenden F\u00e4rbung zu profitieren.<\/p>","protected":false},"featured_media":14731,"comment_status":"open","ping_status":"closed","template":"","meta":{"_acf_changed":false,"ocean_post_layout":"","ocean_both_sidebars_style":"","ocean_both_sidebars_content_width":0,"ocean_both_sidebars_sidebars_width":0,"ocean_sidebar":"0","ocean_second_sidebar":"0","ocean_disable_margins":"enable","ocean_add_body_class":"","ocean_shortcode_before_top_bar":"","ocean_shortcode_after_top_bar":"","ocean_shortcode_before_header":"","ocean_shortcode_after_header":"","ocean_has_shortcode":"","ocean_shortcode_after_title":"","ocean_shortcode_before_footer_widgets":"","ocean_shortcode_after_footer_widgets":"","ocean_shortcode_before_footer_bottom":"","ocean_shortcode_after_footer_bottom":"","ocean_display_top_bar":"default","ocean_display_header":"default","ocean_header_style":"","ocean_center_header_left_menu":"0","ocean_custom_header_template":"0","ocean_custom_logo":0,"ocean_custom_retina_logo":0,"ocean_custom_logo_max_width":0,"ocean_custom_logo_tablet_max_width":0,"ocean_custom_logo_mobile_max_width":0,"ocean_custom_logo_max_height":0,"ocean_custom_logo_tablet_max_height":0,"ocean_custom_logo_mobile_max_height":0,"ocean_header_custom_menu":"0","ocean_menu_typo_font_family":"0","ocean_menu_typo_font_subset":"","ocean_menu_typo_font_size":0,"ocean_menu_typo_font_size_tablet":0,"ocean_menu_typo_font_size_mobile":0,"ocean_menu_typo_font_size_unit":"px","ocean_menu_typo_font_weight":"","ocean_menu_typo_font_weight_tablet":"","ocean_menu_typo_font_weight_mobile":"","ocean_menu_typo_transform":"","ocean_menu_typo_transform_tablet":"","ocean_menu_typo_transform_mobile":"","ocean_menu_typo_line_height":0,"ocean_menu_typo_line_height_tablet":0,"ocean_menu_typo_line_height_mobile":0,"ocean_menu_typo_line_height_unit":"","ocean_menu_typo_spacing":0,"ocean_menu_typo_spacing_tablet":0,"ocean_menu_typo_spacing_mobile":0,"ocean_menu_typo_spacing_unit":"","ocean_menu_link_color":"","ocean_menu_link_color_hover":"","ocean_menu_link_color_active":"","ocean_menu_link_background":"","ocean_menu_link_hover_background":"","ocean_menu_link_active_background":"","ocean_menu_social_links_bg":"","ocean_menu_social_hover_links_bg":"","ocean_menu_social_links_color":"","ocean_menu_social_hover_links_color":"","ocean_disable_title":"default","ocean_disable_heading":"default","ocean_post_title":"","ocean_post_subheading":"","ocean_post_title_style":"","ocean_post_title_background_color":"","ocean_post_title_background":0,"ocean_post_title_bg_image_position":"","ocean_post_title_bg_image_attachment":"","ocean_post_title_bg_image_repeat":"","ocean_post_title_bg_image_size":"","ocean_post_title_height":0,"ocean_post_title_bg_overlay":0.5,"ocean_post_title_bg_overlay_color":"","ocean_disable_breadcrumbs":"default","ocean_breadcrumbs_color":"","ocean_breadcrumbs_separator_color":"","ocean_breadcrumbs_links_color":"","ocean_breadcrumbs_links_hover_color":"","ocean_display_footer_widgets":"default","ocean_display_footer_bottom":"default","ocean_custom_footer_template":"0"},"product_brand":[],"product_cat":[134],"product_tag":[],"class_list":{"0":"post-504","1":"product","2":"type-product","3":"status-publish","4":"has-post-thumbnail","6":"product_cat-lierre","8":"entry","9":"has-media","11":"first","12":"instock","13":"purchasable","14":"product-type-variable","15":"has-default-attributes","16":"has-product-nav","17":"col","18":"span_1_of_4","19":"owp-content-center","20":"item-entry","21":"owp-thumbs-layout-horizontal","22":"owp-btn-normal","23":"owp-tabs-layout-section","24":"has-no-thumbnails"},"acf":[],"jetpack_sharing_enabled":true,"_links":{"self":[{"href":"https:\/\/www.hedera-etc.com\/de\/wp-json\/wp\/v2\/product\/504","targetHints":{"allow":["GET"]}}],"collection":[{"href":"https:\/\/www.hedera-etc.com\/de\/wp-json\/wp\/v2\/product"}],"about":[{"href":"https:\/\/www.hedera-etc.com\/de\/wp-json\/wp\/v2\/types\/product"}],"replies":[{"embeddable":true,"href":"https:\/\/www.hedera-etc.com\/de\/wp-json\/wp\/v2\/comments?post=504"}],"version-history":[{"count":3,"href":"https:\/\/www.hedera-etc.com\/de\/wp-json\/wp\/v2\/product\/504\/revisions"}],"predecessor-version":[{"id":14732,"href":"https:\/\/www.hedera-etc.com\/de\/wp-json\/wp\/v2\/product\/504\/revisions\/14732"}],"wp:featuredmedia":[{"embeddable":true,"href":"https:\/\/www.hedera-etc.com\/de\/wp-json\/wp\/v2\/media\/14731"}],"wp:attachment":[{"href":"https:\/\/www.hedera-etc.com\/de\/wp-json\/wp\/v2\/media?parent=504"}],"wp:term":[{"taxonomy":"product_brand","embeddable":true,"href":"https:\/\/www.hedera-etc.com\/de\/wp-json\/wp\/v2\/product_brand?post=504"},{"taxonomy":"product_cat","embeddable":true,"href":"https:\/\/www.hedera-etc.com\/de\/wp-json\/wp\/v2\/product_cat?post=504"},{"taxonomy":"product_tag","embeddable":true,"href":"https:\/\/www.hedera-etc.com\/de\/wp-json\/wp\/v2\/product_tag?post=504"}],"curies":[{"name":"wp","href":"https:\/\/api.w.org\/{rel}","templated":true}]}}