{"id":854,"date":"2023-10-30T18:41:19","date_gmt":"2023-10-30T17:41:19","guid":{"rendered":"https:\/\/www.hedera-etc.com\/?post_type=product&#038;p=854"},"modified":"2026-04-29T07:09:34","modified_gmt":"2026-04-29T05:09:34","slug":"hedera-helix-jake","status":"publish","type":"product","link":"https:\/\/www.hedera-etc.com\/de\/product\/hedera-helix-jake\/","title":{"rendered":"<em>Hedera helix<\/em> &lsquo;Jake&rsquo; &#8211; Zier-Efeu"},"content":{"rendered":"<div data-elementor-type=\"product-post\" data-elementor-id=\"854\" class=\"elementor elementor-854\" data-elementor-post-type=\"product\">\n\t\t\t\t<div class=\"elementor-element elementor-element-14948727 e-con-full e-flex e-con e-child\" data-id=\"14948727\" data-element_type=\"container\">\n\t\t\t\t<div class=\"elementor-element elementor-element-113a0ca9 elementor-widget elementor-widget-text-editor\" data-id=\"113a0ca9\" data-element_type=\"widget\" data-widget_type=\"text-editor.default\">\n\t\t\t\t<div class=\"elementor-widget-container\">\n\t\t\t\t\t\t\t\t\t<h2><span style=\"color: #f0ffed;\">Der Zier-Efeu\u00a0 &#8211; Hedera helix &lsquo;Jake&rsquo;<\/span><\/h2>\t\t\t\t\t\t\t\t<\/div>\n\t\t\t\t<\/div>\n\t\t\t\t<\/div>\n\t\t<div class=\"elementor-element elementor-element-7172096d e-flex e-con-boxed e-con e-parent\" data-id=\"7172096d\" data-element_type=\"container\">\n\t\t\t\t\t<div class=\"e-con-inner\">\n\t\t<div class=\"elementor-element elementor-element-3986e68e e-flex e-con-boxed e-con e-child\" data-id=\"3986e68e\" data-element_type=\"container\">\n\t\t\t\t\t<div class=\"e-con-inner\">\n\t\t\t\t<div class=\"elementor-element elementor-element-9f1b53 elementor-widget elementor-widget-heading\" data-id=\"9f1b53\" data-element_type=\"widget\" data-widget_type=\"heading.default\">\n\t\t\t\t<div class=\"elementor-widget-container\">\n\t\t\t\t\t<h2 class=\"elementor-heading-title elementor-size-default\">Zusammenfassend<\/h2>\t\t\t\t<\/div>\n\t\t\t\t<\/div>\n\t\t\t\t<div class=\"elementor-element elementor-element-7b2af684 elementor-widget elementor-widget-text-editor\" data-id=\"7b2af684\" data-element_type=\"widget\" data-widget_type=\"text-editor.default\">\n\t\t\t\t<div class=\"elementor-widget-container\">\n\t\t\t\t\t\t\t\t\t<p>Zier-Efeu, <strong><em>Hedera helix<\/em> &lsquo;Jake<\/strong>&lsquo;, a une croissance touffue tr\u00e8s compacte et une bonne auto-ramification.<\/p><p>Das Laub besteht aus drei stark abgerundeten Lappen mit einer herzf\u00f6rmigen Basis. Der Endlappen ist doppelt so gro\u00df wie die beiden Basislappen. Der Neuzuwachs ist leuchtend gelb und wird sp\u00e4ter blass limonengr\u00fcn.<\/p><p>Auch wenn sie Licht braucht, sollte sie die hei\u00dfesten Stunden des Tages aussparen, damit das Laub nicht vertrocknet.<\/p>\t\t\t\t\t\t\t\t<\/div>\n\t\t\t\t<\/div>\n\t\t\t\t<div class=\"elementor-element elementor-element-4be8f1a2 elementor-widget elementor-widget-heading\" data-id=\"4be8f1a2\" data-element_type=\"widget\" data-widget_type=\"heading.default\">\n\t\t\t\t<div class=\"elementor-widget-container\">\n\t\t\t\t\t<h2 class=\"elementor-heading-title elementor-size-default\">Geschichte<\/h2>\t\t\t\t<\/div>\n\t\t\t\t<\/div>\n\t\t\t\t<div class=\"elementor-element elementor-element-275702c4 elementor-widget elementor-widget-text-editor\" data-id=\"275702c4\" data-element_type=\"widget\" data-widget_type=\"text-editor.default\">\n\t\t\t\t<div class=\"elementor-widget-container\">\n\t\t\t\t\t\t\t\t\t<p>Ce cultivar est une Ver\u00e4nderung de &lsquo;Lightfinger&rsquo; d\u00e9couverte par la p\u00e9pini\u00e8re Fibrex, Royaume-Uni, en 1999.\u00a0<\/p>\t\t\t\t\t\t\t\t<\/div>\n\t\t\t\t<\/div>\n\t\t\t\t<div class=\"elementor-element elementor-element-299bc1f4 elementor-widget elementor-widget-heading\" data-id=\"299bc1f4\" data-element_type=\"widget\" data-widget_type=\"heading.default\">\n\t\t\t\t<div class=\"elementor-widget-container\">\n\t\t\t\t\t<h2 class=\"elementor-heading-title elementor-size-default\">Technisches Datenblatt - Hedera helix 'Jake'<\/h2>\t\t\t\t<\/div>\n\t\t\t\t<\/div>\n\t\t\t\t<div class=\"elementor-element elementor-element-6eadbb62 elementor-widget elementor-widget-text-editor\" data-id=\"6eadbb62\" data-element_type=\"widget\" data-widget_type=\"text-editor.default\">\n\t\t\t\t<div class=\"elementor-widget-container\">\n\t\t\t\t\t\t\t\t\t<h3>Botanische Informationen<\/h3><ul><li>Familie: Araliaceae<\/li><li>Gattung : <em><strong>Hedera<\/strong><\/em><\/li><li>Art : <em>helix<\/em><\/li><li>Anbauen : &lsquo;Jake&rsquo;<\/li><li>Pierot-Klassifikation: Miniaturefeu, herzf\u00f6rmiger Efeu<\/li><li>Blattstadium: juvenil<\/li><li>Herkunft der Art: Europa, von Spanien bis Norwegen, jedoch kaum an der Atlantikk\u00fcste.<\/li><li>Herkunft der Sorte: Mutation von &lsquo;Lightfinger&rsquo;, d\u00e9couvert par la p\u00e9pini\u00e8re Fibrex, Royaume-Uni, en 1989<\/li><\/ul><h3>\u00a0<\/h3><h3>Beschreibung von Hedera helix &lsquo;Jake&rsquo;<\/h3><ul><li>Wuchs: ausgebreitet, gedrungen, buschig<\/li><li>Anzahl der Blattlappen: in der Regel 3 Lappen<\/li><li>Blattl\u00e4nge: 1,5 bis 2 cm<\/li><li>Breite des Blattes: 2 bis 2,5 cm<\/li><li>Blattfarbe: erst leuchtend gelb, dann zitronengr\u00fcn<\/li><li>Farbe der Rippen: Cremegr\u00fcn<\/li><li>Farbe Stiel und Blattstiel: gr\u00fcnlich-violett<\/li><li>Verzweigungen: gut verzweigt<\/li><li>Haare: sternf\u00f6rmig, 3 bis 5 Arme<\/li><\/ul><h3>\u00a0<\/h3><h3>Tipps zu Pflanzung, Anbau und Pflege f\u00fcr Hedera helix &lsquo;Jake&rsquo;<\/h3><ul><li>Standort: Sonne, Halbschatten<\/li><li>Winterh\u00e4rte: -15\u00b0C<\/li><li>Bodenfeuchtigkeit: frischer Boden<\/li><li>PH-Wert des Bodens: neutral oder kalkhaltig<\/li><li>Bodenart: alle<\/li><li>Bodenreichtum: gew\u00f6hnlich oder humos<\/li><li>Verwendung: Bodendecker, T\u00f6pfe, Blumenk\u00e4sten, H\u00e4ngeampeln<\/li><li>Entwicklung: schnell<\/li><li>Beschneiden: einmal im Jahr<\/li><li>Sch\u00e4dlinge: sehr selten (Rote Spinne, Schildl\u00e4use)<\/li><li>Krankheiten: sehr selten (Flecken auf den Bl\u00e4ttern)<\/li><\/ul>\t\t\t\t\t\t\t\t<\/div>\n\t\t\t\t<\/div>\n\t\t\t\t\t<\/div>\n\t\t\t\t<\/div>\n\t\t\t\t\t<\/div>\n\t\t\t\t<\/div>\n\t\t<div class=\"elementor-element elementor-element-3e4149c8 e-flex e-con-boxed e-con e-parent\" data-id=\"3e4149c8\" data-element_type=\"container\">\n\t\t\t\t\t<div class=\"e-con-inner\">\n\t\t\t\t<div class=\"elementor-element elementor-element-4baa46d2 elementor-widget elementor-widget-image\" data-id=\"4baa46d2\" data-element_type=\"widget\" data-widget_type=\"image.default\">\n\t\t\t\t<div class=\"elementor-widget-container\">\n\t\t\t\t\t\t\t\t\t\t\t\t\t\t\t<img fetchpriority=\"high\" decoding=\"async\" width=\"1024\" height=\"146\" src=\"https:\/\/www.hedera-etc.com\/wp-content\/uploads\/2023\/10\/guirlande-1024x146.webp\" class=\"attachment-large size-large wp-image-116\" alt=\"La boutique du lierre - Efeu-Girlande\" srcset=\"https:\/\/www.hedera-etc.com\/wp-content\/uploads\/2023\/10\/guirlande-1024x146.webp 1024w, https:\/\/www.hedera-etc.com\/wp-content\/uploads\/2023\/10\/guirlande-900x129.webp 900w, https:\/\/www.hedera-etc.com\/wp-content\/uploads\/2023\/10\/guirlande-300x43.webp 300w, https:\/\/www.hedera-etc.com\/wp-content\/uploads\/2023\/10\/guirlande-768x110.webp 768w, https:\/\/www.hedera-etc.com\/wp-content\/uploads\/2023\/10\/guirlande.webp 1126w\" sizes=\"(max-width: 1024px) 100vw, 1024px\" \/>\t\t\t\t\t\t\t\t\t\t\t\t\t\t\t<\/div>\n\t\t\t\t<\/div>\n\t\t\t\t<div class=\"elementor-element elementor-element-74b2f340 elementor-widget elementor-widget-text-editor\" data-id=\"74b2f340\" data-element_type=\"widget\" data-widget_type=\"text-editor.default\">\n\t\t\t\t<div class=\"elementor-widget-container\">\n\t\t\t\t\t\t\t\t\t<h3 style=\"text-align: center;\"><span style=\"color: #008000;\">Efeu in der Literatur<\/span><\/h3><blockquote><p style=\"text-align: center;\"><span style=\"color: #993366;\">\u201cEfeu rankten sich an den grauen W\u00e4nden und nahmen den Blick mit in den Himmel, ein Symbol f\u00fcr die triumphierende Natur.<\/span><span style=\"color: #993366;\">\u201d<\/span><\/p><\/blockquote><h5 style=\"text-align: right;\"><strong>Victor Hugo<\/strong>, <em>Der Mann, der lacht<\/em><\/h5>\t\t\t\t\t\t\t\t<\/div>\n\t\t\t\t<\/div>\n\t\t\t\t\t<\/div>\n\t\t\t\t<\/div>\n\t\t\t\t<\/div>","protected":false},"excerpt":{"rendered":"<p>Sehr kompakter buschiger Wuchs und gute Selbstverzweigung.<\/p>\n<p>Das Blatt besteht aus drei stark abgerundeten Lappen mit einer herzf\u00f6rmigen Basis. Endlappen doppelt so gro\u00df wie die beiden Basislappen. Neuer Wuchs leuchtend gelb und sp\u00e4ter blass limonengr\u00fcn.<\/p>\n<p>Auch wenn sie Licht braucht, sollte sie die hei\u00dfesten Stunden des Tages aussparen, damit das Laub nicht vertrocknet.<\/p>","protected":false},"featured_media":14492,"comment_status":"open","ping_status":"closed","template":"","meta":{"_acf_changed":false,"ocean_post_layout":"","ocean_both_sidebars_style":"","ocean_both_sidebars_content_width":0,"ocean_both_sidebars_sidebars_width":0,"ocean_sidebar":"0","ocean_second_sidebar":"0","ocean_disable_margins":"enable","ocean_add_body_class":"","ocean_shortcode_before_top_bar":"","ocean_shortcode_after_top_bar":"","ocean_shortcode_before_header":"","ocean_shortcode_after_header":"","ocean_has_shortcode":"","ocean_shortcode_after_title":"","ocean_shortcode_before_footer_widgets":"","ocean_shortcode_after_footer_widgets":"","ocean_shortcode_before_footer_bottom":"","ocean_shortcode_after_footer_bottom":"","ocean_display_top_bar":"default","ocean_display_header":"default","ocean_header_style":"","ocean_center_header_left_menu":"0","ocean_custom_header_template":"0","ocean_custom_logo":0,"ocean_custom_retina_logo":0,"ocean_custom_logo_max_width":0,"ocean_custom_logo_tablet_max_width":0,"ocean_custom_logo_mobile_max_width":0,"ocean_custom_logo_max_height":0,"ocean_custom_logo_tablet_max_height":0,"ocean_custom_logo_mobile_max_height":0,"ocean_header_custom_menu":"0","ocean_menu_typo_font_family":"0","ocean_menu_typo_font_subset":"","ocean_menu_typo_font_size":0,"ocean_menu_typo_font_size_tablet":0,"ocean_menu_typo_font_size_mobile":0,"ocean_menu_typo_font_size_unit":"px","ocean_menu_typo_font_weight":"","ocean_menu_typo_font_weight_tablet":"","ocean_menu_typo_font_weight_mobile":"","ocean_menu_typo_transform":"","ocean_menu_typo_transform_tablet":"","ocean_menu_typo_transform_mobile":"","ocean_menu_typo_line_height":0,"ocean_menu_typo_line_height_tablet":0,"ocean_menu_typo_line_height_mobile":0,"ocean_menu_typo_line_height_unit":"","ocean_menu_typo_spacing":0,"ocean_menu_typo_spacing_tablet":0,"ocean_menu_typo_spacing_mobile":0,"ocean_menu_typo_spacing_unit":"","ocean_menu_link_color":"","ocean_menu_link_color_hover":"","ocean_menu_link_color_active":"","ocean_menu_link_background":"","ocean_menu_link_hover_background":"","ocean_menu_link_active_background":"","ocean_menu_social_links_bg":"","ocean_menu_social_hover_links_bg":"","ocean_menu_social_links_color":"","ocean_menu_social_hover_links_color":"","ocean_disable_title":"default","ocean_disable_heading":"default","ocean_post_title":"","ocean_post_subheading":"","ocean_post_title_style":"","ocean_post_title_background_color":"","ocean_post_title_background":0,"ocean_post_title_bg_image_position":"","ocean_post_title_bg_image_attachment":"","ocean_post_title_bg_image_repeat":"","ocean_post_title_bg_image_size":"","ocean_post_title_height":0,"ocean_post_title_bg_overlay":0.5,"ocean_post_title_bg_overlay_color":"","ocean_disable_breadcrumbs":"default","ocean_breadcrumbs_color":"","ocean_breadcrumbs_separator_color":"","ocean_breadcrumbs_links_color":"","ocean_breadcrumbs_links_hover_color":"","ocean_display_footer_widgets":"default","ocean_display_footer_bottom":"default","ocean_custom_footer_template":"0"},"product_brand":[],"product_cat":[134],"product_tag":[],"class_list":{"0":"post-854","1":"product","2":"type-product","3":"status-publish","4":"has-post-thumbnail","6":"product_cat-lierre","8":"entry","9":"has-media","11":"first","12":"instock","13":"purchasable","14":"product-type-variable","15":"has-default-attributes","16":"has-product-nav","17":"col","18":"span_1_of_4","19":"owp-content-center","20":"item-entry","21":"owp-thumbs-layout-horizontal","22":"owp-btn-normal","23":"owp-tabs-layout-section"},"acf":[],"jetpack_sharing_enabled":true,"_links":{"self":[{"href":"https:\/\/www.hedera-etc.com\/de\/wp-json\/wp\/v2\/product\/854","targetHints":{"allow":["GET"]}}],"collection":[{"href":"https:\/\/www.hedera-etc.com\/de\/wp-json\/wp\/v2\/product"}],"about":[{"href":"https:\/\/www.hedera-etc.com\/de\/wp-json\/wp\/v2\/types\/product"}],"replies":[{"embeddable":true,"href":"https:\/\/www.hedera-etc.com\/de\/wp-json\/wp\/v2\/comments?post=854"}],"version-history":[{"count":3,"href":"https:\/\/www.hedera-etc.com\/de\/wp-json\/wp\/v2\/product\/854\/revisions"}],"predecessor-version":[{"id":14493,"href":"https:\/\/www.hedera-etc.com\/de\/wp-json\/wp\/v2\/product\/854\/revisions\/14493"}],"wp:featuredmedia":[{"embeddable":true,"href":"https:\/\/www.hedera-etc.com\/de\/wp-json\/wp\/v2\/media\/14492"}],"wp:attachment":[{"href":"https:\/\/www.hedera-etc.com\/de\/wp-json\/wp\/v2\/media?parent=854"}],"wp:term":[{"taxonomy":"product_brand","embeddable":true,"href":"https:\/\/www.hedera-etc.com\/de\/wp-json\/wp\/v2\/product_brand?post=854"},{"taxonomy":"product_cat","embeddable":true,"href":"https:\/\/www.hedera-etc.com\/de\/wp-json\/wp\/v2\/product_cat?post=854"},{"taxonomy":"product_tag","embeddable":true,"href":"https:\/\/www.hedera-etc.com\/de\/wp-json\/wp\/v2\/product_tag?post=854"}],"curies":[{"name":"wp","href":"https:\/\/api.w.org\/{rel}","templated":true}]}}