{"id":3827,"date":"2024-01-26T18:22:53","date_gmt":"2024-01-26T17:22:53","guid":{"rendered":"https:\/\/www.hedera-etc.com\/?page_id=3827"},"modified":"2026-04-15T08:30:06","modified_gmt":"2026-04-15T06:30:06","slug":"bienvenue-sur-la-boutique-du-lierre","status":"publish","type":"page","link":"https:\/\/www.hedera-etc.com\/en\/","title":{"rendered":"THE Ivy shop - Hedera Collection"},"content":{"rendered":"<div data-elementor-type=\"wp-page\" data-elementor-id=\"3827\" class=\"elementor elementor-3827\" data-elementor-post-type=\"page\">\n\t\t\t\t<div class=\"elementor-element elementor-element-a01f825 e-flex e-con-boxed e-con e-parent\" data-id=\"a01f825\" data-element_type=\"container\">\n\t\t\t\t\t<div class=\"e-con-inner\">\n\t\t<div class=\"elementor-element elementor-element-5741992 e-con-full e-flex e-con e-child\" data-id=\"5741992\" data-element_type=\"container\">\n\t\t\t\t<div class=\"elementor-element elementor-element-addd2f7 elementor-hidden-mobile elementor-widget elementor-widget-heading\" data-id=\"addd2f7\" data-element_type=\"widget\" data-widget_type=\"heading.default\">\n\t\t\t\t<div class=\"elementor-widget-container\">\n\t\t\t\t\t<h3 class=\"elementor-heading-title elementor-size-default\">Hedera etc<\/h3>\t\t\t\t<\/div>\n\t\t\t\t<\/div>\n\t\t\t\t<\/div>\n\t\t<div class=\"elementor-element elementor-element-cfa8c94 e-con-full e-flex e-con e-child\" data-id=\"cfa8c94\" data-element_type=\"container\">\n\t\t\t\t<div class=\"elementor-element elementor-element-43c4675 elementor-headline--style-highlight elementor-widget elementor-widget-animated-headline\" data-id=\"43c4675\" data-element_type=\"widget\" data-settings=\"{&quot;highlighted_text&quot;:&quot;LA&quot;,&quot;headline_style&quot;:&quot;highlight&quot;,&quot;marker&quot;:&quot;circle&quot;,&quot;loop&quot;:&quot;yes&quot;,&quot;highlight_animation_duration&quot;:1200,&quot;highlight_iteration_delay&quot;:8000}\" data-widget_type=\"animated-headline.default\">\n\t\t\t\t<div class=\"elementor-widget-container\">\n\t\t\t\t\t\t\t<h3 class=\"elementor-headline\">\n\t\t\t\t\t<span class=\"elementor-headline-plain-text elementor-headline-text-wrapper\">Welcome to<\/span>\n\t\t\t\t<span class=\"elementor-headline-dynamic-wrapper elementor-headline-text-wrapper\">\n\t\t\t\t\t<span class=\"elementor-headline-dynamic-text elementor-headline-text-active\">THE<\/span>\n\t\t\t\t<\/span>\n\t\t\t\t\t<span class=\"elementor-headline-plain-text elementor-headline-text-wrapper\">ivy shop<\/span>\n\t\t\t\t\t<\/h3>\n\t\t\t\t\t\t<\/div>\n\t\t\t\t<\/div>\n\t\t\t\t<\/div>\n\t\t\t\t\t<\/div>\n\t\t\t\t<\/div>\n\t\t<div class=\"elementor-element elementor-element-7f99b18 e-flex e-con-boxed e-con e-parent\" data-id=\"7f99b18\" data-element_type=\"container\">\n\t\t\t\t\t<div class=\"e-con-inner\">\n\t\t<div class=\"elementor-element elementor-element-a4b124a e-con-full e-flex e-con e-child\" data-id=\"a4b124a\" data-element_type=\"container\" data-settings=\"{&quot;background_background&quot;:&quot;classic&quot;}\">\n\t\t\t\t<div class=\"elementor-element elementor-element-520e20a elementor-widget elementor-widget-heading\" data-id=\"520e20a\" data-element_type=\"widget\" data-widget_type=\"heading.default\">\n\t\t\t\t<div class=\"elementor-widget-container\">\n\t\t\t\t\t<h2 class=\"elementor-heading-title elementor-size-default\">Hedera Collection<\/h2>\t\t\t\t<\/div>\n\t\t\t\t<\/div>\n\t\t\t\t<div class=\"elementor-element elementor-element-dd2ab3b elementor-widget elementor-widget-image\" data-id=\"dd2ab3b\" data-element_type=\"widget\" data-widget_type=\"image.default\">\n\t\t\t\t<div class=\"elementor-widget-container\">\n\t\t\t\t\t\t\t\t\t\t\t\t\t\t\t<img decoding=\"async\" width=\"169\" height=\"181\" src=\"https:\/\/www.hedera-etc.com\/wp-content\/uploads\/2026\/04\/CCVS-logo.webp\" class=\"attachment-large size-large wp-image-18427\" alt=\"Conservatory of Specialised Plant Collections\" srcset=\"https:\/\/www.hedera-etc.com\/wp-content\/uploads\/2026\/04\/CCVS-logo.webp 169w, https:\/\/www.hedera-etc.com\/wp-content\/uploads\/2026\/04\/CCVS-logo-11x12.webp 11w\" sizes=\"(max-width: 169px) 100vw, 169px\" \/>\t\t\t\t\t\t\t\t\t\t\t\t\t\t\t<\/div>\n\t\t\t\t<\/div>\n\t\t\t\t<div class=\"elementor-element elementor-element-710a3c1 elementor-widget elementor-widget-heading\" data-id=\"710a3c1\" data-element_type=\"widget\" data-widget_type=\"heading.default\">\n\t\t\t\t<div class=\"elementor-widget-container\">\n\t\t\t\t\t<h2 class=\"elementor-heading-title elementor-size-default\">CCVS National Plant Collection Label<\/h2>\t\t\t\t<\/div>\n\t\t\t\t<\/div>\n\t\t\t\t<div class=\"elementor-element elementor-element-a69bbcd elementor-widget elementor-widget-heading\" data-id=\"a69bbcd\" data-element_type=\"widget\" data-widget_type=\"heading.default\">\n\t\t\t\t<div class=\"elementor-widget-container\">\n\t\t\t\t\t<h2 class=\"elementor-heading-title elementor-size-default\">One of the world's largest collections of ornamental ivy!<\/h2>\t\t\t\t<\/div>\n\t\t\t\t<\/div>\n\t\t\t\t<\/div>\n\t\t<div class=\"elementor-element elementor-element-4108e33 e-con-full e-flex e-con e-child\" data-id=\"4108e33\" data-element_type=\"container\">\n\t\t\t\t<div class=\"elementor-element elementor-element-de02c6f elementor-widget elementor-widget-image\" data-id=\"de02c6f\" data-element_type=\"widget\" data-widget_type=\"image.default\">\n\t\t\t\t<div class=\"elementor-widget-container\">\n\t\t\t\t\t\t\t\t\t\t\t\t\t\t\t<img fetchpriority=\"high\" decoding=\"async\" width=\"1024\" height=\"768\" src=\"https:\/\/www.hedera-etc.com\/wp-content\/uploads\/2025\/11\/Hedera-helix-Goldlight-1024x768.webp\" class=\"attachment-large size-large wp-image-16669\" alt=\"Hedera helix &#039;Goldlight&#039;\" srcset=\"https:\/\/www.hedera-etc.com\/wp-content\/uploads\/2025\/11\/Hedera-helix-Goldlight-1024x768.webp 1024w, https:\/\/www.hedera-etc.com\/wp-content\/uploads\/2025\/11\/Hedera-helix-Goldlight-300x225.webp 300w, https:\/\/www.hedera-etc.com\/wp-content\/uploads\/2025\/11\/Hedera-helix-Goldlight-900x675.webp 900w, https:\/\/www.hedera-etc.com\/wp-content\/uploads\/2025\/11\/Hedera-helix-Goldlight-768x576.webp 768w, https:\/\/www.hedera-etc.com\/wp-content\/uploads\/2025\/11\/Hedera-helix-Goldlight-1536x1152.webp 1536w, https:\/\/www.hedera-etc.com\/wp-content\/uploads\/2025\/11\/Hedera-helix-Goldlight-1320x990.webp 1320w, https:\/\/www.hedera-etc.com\/wp-content\/uploads\/2025\/11\/Hedera-helix-Goldlight.webp 1600w\" sizes=\"(max-width: 1024px) 100vw, 1024px\" \/>\t\t\t\t\t\t\t\t\t\t\t\t\t\t\t<\/div>\n\t\t\t\t<\/div>\n\t\t\t\t<\/div>\n\t\t\t\t\t<\/div>\n\t\t\t\t<\/div>\n\t\t<div class=\"elementor-element elementor-element-b2e3841 e-con-full e-flex e-con e-parent\" data-id=\"b2e3841\" data-element_type=\"container\" data-settings=\"{&quot;background_background&quot;:&quot;classic&quot;}\">\n\t\t\t\t<div class=\"elementor-element elementor-element-0145933 elementor-widget elementor-widget-text-editor\" data-id=\"0145933\" data-element_type=\"widget\" data-widget_type=\"text-editor.default\">\n\t\t\t\t<div class=\"elementor-widget-container\">\n\t\t\t\t\t\t\t\t\t<p><strong>You've come to the right place to buy ivy.<\/strong><\/p><p>This collection of ivy (botanical name <em>Hedera<\/em>), one of the most beautiful in the world, owes everything to its creator Olivier ARCELUS. Ivy was his passion for over 25 years!<\/p><p>It was he who nurtured, developed and enriched it year after year with passion and skill, after taking over from Herv\u00e9 Canals, who had the CCVS National Collection label.<\/p><p>The Hedera collection has now joined <a href=\"https:\/\/www.jardinsdugue.eu\" target=\"_blank\" rel=\"noopener\">the Jardins du Gu\u00e9 park,<\/a> in the Deux-S\u00e8vres region.\u00a0<\/p><p>The propagation, cultivation and sale of ivy will continue with the same rigour.<\/p><p>In this 4-hectare area, rich in microclimates, mother plants will find the location that suits them best.<\/p><p><span style=\"font-family: Roboto, sans-serif; font-size: 26px; font-style: normal; font-variant-ligatures: normal; font-variant-caps: normal; font-weight: 400;\">This collection was awarded the Collection Nationale label by the CCVS (Conservatoire des Collections V\u00e9g\u00e9tales Sp\u00e9cialis\u00e9es) in 2025. It<\/span>\u00a0already has more than 600 varieties of ivy, and it will continue to grow. Of course, some varieties are only propagated in limited quantities. If you require larger quantities, please contact us <a href=\"https:\/\/www.hedera-etc.com\/en\/contact-us\/\" target=\"_blank\" rel=\"noopener\">via the contact form<\/a>. We'll let you know which ones we have the biggest stocks of.<\/p><p>Discover the remarkable diversity of ivy in our <a href=\"https:\/\/www.hedera-etc.com\/en\/shop\/\">online shop.<\/a><\/p><p>If you need any advice on purchasing ivy, please don't hesitate to contact us.<\/p><p>Bernard Merlet<\/p>\t\t\t\t\t\t\t\t<\/div>\n\t\t\t\t<\/div>\n\t\t\t\t<div class=\"elementor-element elementor-element-b127b5c elementor-align-center elementor-widget elementor-widget-button\" data-id=\"b127b5c\" data-element_type=\"widget\" data-widget_type=\"button.default\">\n\t\t\t\t<div class=\"elementor-widget-container\">\n\t\t\t\t\t\t\t\t\t<div class=\"elementor-button-wrapper\">\n\t\t\t\t\t<a class=\"elementor-button elementor-button-link elementor-size-xl\" href=\"https:\/\/www.hedera-etc.com\/en\/blog\/\" target=\"_blank\">\n\t\t\t\t\t\t<span class=\"elementor-button-content-wrapper\">\n\t\t\t\t\t\t\t\t\t<span class=\"elementor-button-text\">All you need to know about ivy<\/span>\n\t\t\t\t\t<\/span>\n\t\t\t\t\t<\/a>\n\t\t\t\t<\/div>\n\t\t\t\t\t\t\t\t<\/div>\n\t\t\t\t<\/div>\n\t\t\t\t<div class=\"elementor-element elementor-element-ca9e3fa elementor-cta--skin-classic elementor-animated-content elementor-bg-transform elementor-bg-transform-zoom-in elementor-widget elementor-widget-call-to-action\" data-id=\"ca9e3fa\" data-element_type=\"widget\" data-widget_type=\"call-to-action.default\">\n\t\t\t\t<div class=\"elementor-widget-container\">\n\t\t\t\t\t\t\t<a class=\"elementor-cta\" href=\"https:\/\/www.hedera-etc.com\/en\/shop\/\">\n\t\t\t\t\t<div class=\"elementor-cta__bg-wrapper\">\n\t\t\t\t<div class=\"elementor-cta__bg elementor-bg\" style=\"background-image: url(https:\/\/www.hedera-etc.com\/wp-content\/uploads\/2023\/10\/guirlande-1024x146.webp);\" role=\"img\" aria-label=\"La boutique du lierre - Ivy garland\"><\/div>\n\t\t\t\t<div class=\"elementor-cta__bg-overlay\"><\/div>\n\t\t\t<\/div>\n\t\t\t\t\t\t\t<div class=\"elementor-cta__content\">\n\t\t\t\t\n\t\t\t\t\t\t\t\t\t<h2 class=\"elementor-cta__title elementor-cta__content-item elementor-content-item\">\n\t\t\t\t\t\tFind the entire collection in the online shop\t\t\t\t\t<\/h2>\n\t\t\t\t\n\t\t\t\t\n\t\t\t\t\t\t\t\t\t<div class=\"elementor-cta__button-wrapper elementor-cta__content-item elementor-content-item\">\n\t\t\t\t\t<span class=\"elementor-cta__button elementor-button elementor-size-xl\">\n\t\t\t\t\t\tGo to the shop\t\t\t\t\t<\/span>\n\t\t\t\t\t<\/div>\n\t\t\t\t\t\t\t<\/div>\n\t\t\t\t\t\t\t<div class=\"elementor-ribbon elementor-ribbon-right\">\n\t\t\t\t<div class=\"elementor-ribbon-inner\">Shop<\/div>\n\t\t\t<\/div>\n\t\t\t\t<\/a>\n\t\t\t\t\t\t<\/div>\n\t\t\t\t<\/div>\n\t\t\t\t<\/div>\n\t\t<div class=\"elementor-element elementor-element-55485ac e-flex e-con-boxed e-con e-parent\" data-id=\"55485ac\" data-element_type=\"container\" data-settings=\"{&quot;background_background&quot;:&quot;gradient&quot;}\">\n\t\t\t\t\t<div class=\"e-con-inner\">\n\t\t\t\t<div class=\"elementor-element elementor-element-f57d84c elementor-widget elementor-widget-text-editor\" data-id=\"f57d84c\" data-element_type=\"widget\" data-widget_type=\"text-editor.default\">\n\t\t\t\t<div class=\"elementor-widget-container\">\n\t\t\t\t\t\t\t\t\t<h3>A quick overview of the diversity of ivy (Hederas) available on this site:<\/h3><ul><li><a href=\"https:\/\/www.hedera-etc.com\/en\/product\/hedera-algeriensis\/\"><em>Hedera algeriensis<\/em><\/a>, Algerian ivy: 3<\/li><li><em>Hedera azorica<\/em>, Azorean ivy: 3<\/li><li><em>Hedera cypria<\/em>, Cyprus ivy: 2<\/li><li><em>Hedera colchic<\/em>a, Colchis ivy: 7<\/li><li><a href=\"https:\/\/www.hedera-etc.com\/en\/english-ivy\/\"><em>Hedera helix<\/em>, English ivy<\/a> or common ivy: 365<\/li><li><a href=\"https:\/\/www.hedera-etc.com\/en\/ivy-dirlande\/\"><em>Hedera hibernica<\/em>, Irish ivy<\/a> : 22<\/li><li><em>Hedera iberic<\/em>a, Spanish ivy: 2<\/li><li><em>Hedera maroccana<\/em>, Moroccan ivy: 2<\/li><li><a href=\"https:\/\/www.hedera-etc.com\/en\/nepal-ivy\/\"><em>Hedera nepalensis<\/em>,<\/a> Nepal ivy: 7<\/li><li><a href=\"https:\/\/www.hedera-etc.com\/en\/nepal-ivy\/\"><em>Hedera nepalensis var sinensis<\/em><\/a>, Chinese ivy: 2<\/li><li><a href=\"https:\/\/www.hedera-etc.com\/en\/product\/hedera-pastuchovii\/\" target=\"_blank\" rel=\"noopener\"><em>Hedera pastuchovii<\/em><\/a>, Iran ivy: 3<\/li><li><a href=\"https:\/\/www.hedera-etc.com\/en\/product\/hedera-rhombea-lierre-du-japon\/\" target=\"_blank\" rel=\"noopener\"><em>Hedera rhombea<\/em><\/a>, Japanese ivy: 3<\/li><li><em>Hedera x soroksarensis<\/em> : 2<\/li><\/ul>\t\t\t\t\t\t\t\t<\/div>\n\t\t\t\t<\/div>\n\t\t\t\t\t<\/div>\n\t\t\t\t<\/div>\n\t\t\t\t<\/div>","protected":false},"excerpt":{"rendered":"<p>Hedera etc Bienvenue sur LA boutique du lierre Collection Hedera Label Collection Nationale CCVS L&rsquo;une des plus grandes collections de lierre au monde Pour vos achats de lierres, vous \u00eates au bon endroit. Cette collection de lierres (nom botanique Hedera), l&rsquo;une des plus belles au monde, doit tout \u00e0 son cr\u00e9ateur Olivier ARCELUS. Le lierre [&hellip;]<\/p>\n","protected":false},"author":2,"featured_media":0,"parent":0,"menu_order":0,"comment_status":"closed","ping_status":"closed","template":"","meta":{"_acf_changed":false,"ocean_post_layout":"","ocean_both_sidebars_style":"","ocean_both_sidebars_content_width":0,"ocean_both_sidebars_sidebars_width":0,"ocean_sidebar":"","ocean_second_sidebar":"","ocean_disable_margins":"enable","ocean_add_body_class":"","ocean_shortcode_before_top_bar":"","ocean_shortcode_after_top_bar":"","ocean_shortcode_before_header":"","ocean_shortcode_after_header":"","ocean_has_shortcode":"","ocean_shortcode_after_title":"","ocean_shortcode_before_footer_widgets":"","ocean_shortcode_after_footer_widgets":"","ocean_shortcode_before_footer_bottom":"","ocean_shortcode_after_footer_bottom":"","ocean_display_top_bar":"default","ocean_display_header":"default","ocean_header_style":"","ocean_center_header_left_menu":"","ocean_custom_header_template":"","ocean_custom_logo":0,"ocean_custom_retina_logo":0,"ocean_custom_logo_max_width":0,"ocean_custom_logo_tablet_max_width":0,"ocean_custom_logo_mobile_max_width":0,"ocean_custom_logo_max_height":0,"ocean_custom_logo_tablet_max_height":0,"ocean_custom_logo_mobile_max_height":0,"ocean_header_custom_menu":"","ocean_menu_typo_font_family":"","ocean_menu_typo_font_subset":"","ocean_menu_typo_font_size":0,"ocean_menu_typo_font_size_tablet":0,"ocean_menu_typo_font_size_mobile":0,"ocean_menu_typo_font_size_unit":"px","ocean_menu_typo_font_weight":"","ocean_menu_typo_font_weight_tablet":"","ocean_menu_typo_font_weight_mobile":"","ocean_menu_typo_transform":"","ocean_menu_typo_transform_tablet":"","ocean_menu_typo_transform_mobile":"","ocean_menu_typo_line_height":0,"ocean_menu_typo_line_height_tablet":0,"ocean_menu_typo_line_height_mobile":0,"ocean_menu_typo_line_height_unit":"","ocean_menu_typo_spacing":0,"ocean_menu_typo_spacing_tablet":0,"ocean_menu_typo_spacing_mobile":0,"ocean_menu_typo_spacing_unit":"","ocean_menu_link_color":"","ocean_menu_link_color_hover":"","ocean_menu_link_color_active":"","ocean_menu_link_background":"","ocean_menu_link_hover_background":"","ocean_menu_link_active_background":"","ocean_menu_social_links_bg":"","ocean_menu_social_hover_links_bg":"","ocean_menu_social_links_color":"","ocean_menu_social_hover_links_color":"","ocean_disable_title":"default","ocean_disable_heading":"default","ocean_post_title":"","ocean_post_subheading":"","ocean_post_title_style":"","ocean_post_title_background_color":"","ocean_post_title_background":0,"ocean_post_title_bg_image_position":"","ocean_post_title_bg_image_attachment":"","ocean_post_title_bg_image_repeat":"","ocean_post_title_bg_image_size":"","ocean_post_title_height":0,"ocean_post_title_bg_overlay":0.5,"ocean_post_title_bg_overlay_color":"","ocean_disable_breadcrumbs":"default","ocean_breadcrumbs_color":"","ocean_breadcrumbs_separator_color":"","ocean_breadcrumbs_links_color":"","ocean_breadcrumbs_links_hover_color":"","ocean_display_footer_widgets":"default","ocean_display_footer_bottom":"default","ocean_custom_footer_template":"","footnotes":""},"class_list":["post-3827","page","type-page","status-publish","hentry","entry","owp-thumbs-layout-horizontal","owp-btn-normal","owp-tabs-layout-section","has-no-thumbnails","has-product-nav"],"acf":[],"jetpack_sharing_enabled":true,"_links":{"self":[{"href":"https:\/\/www.hedera-etc.com\/en\/wp-json\/wp\/v2\/pages\/3827","targetHints":{"allow":["GET"]}}],"collection":[{"href":"https:\/\/www.hedera-etc.com\/en\/wp-json\/wp\/v2\/pages"}],"about":[{"href":"https:\/\/www.hedera-etc.com\/en\/wp-json\/wp\/v2\/types\/page"}],"author":[{"embeddable":true,"href":"https:\/\/www.hedera-etc.com\/en\/wp-json\/wp\/v2\/users\/2"}],"replies":[{"embeddable":true,"href":"https:\/\/www.hedera-etc.com\/en\/wp-json\/wp\/v2\/comments?post=3827"}],"version-history":[{"count":25,"href":"https:\/\/www.hedera-etc.com\/en\/wp-json\/wp\/v2\/pages\/3827\/revisions"}],"predecessor-version":[{"id":18435,"href":"https:\/\/www.hedera-etc.com\/en\/wp-json\/wp\/v2\/pages\/3827\/revisions\/18435"}],"wp:attachment":[{"href":"https:\/\/www.hedera-etc.com\/en\/wp-json\/wp\/v2\/media?parent=3827"}],"curies":[{"name":"wp","href":"https:\/\/api.w.org\/{rel}","templated":true}]}}