{"id":1878,"date":"2023-11-10T19:02:27","date_gmt":"2023-11-10T18:02:27","guid":{"rendered":"https:\/\/www.hedera-etc.com\/?post_type=product&#038;p=1878"},"modified":"2026-04-28T07:09:24","modified_gmt":"2026-04-28T05:09:24","slug":"hedera-nepalensis-roy-lancaster","status":"publish","type":"product","link":"https:\/\/www.hedera-etc.com\/en\/product\/hedera-nepalensis-roy-lancaster\/","title":{"rendered":"<em>Hedera nepalensis<\/em> \u2018Roy Lancaster\u2019 - Nepal Ivy"},"content":{"rendered":"\t\t<div data-elementor-type=\"product-post\" data-elementor-id=\"1878\" class=\"elementor elementor-1878\" data-elementor-post-type=\"product\">\n\t\t\t\t<div class=\"elementor-element elementor-element-524e782e e-con-full e-flex e-con e-child\" data-id=\"524e782e\" data-element_type=\"container\">\n\t\t\t\t<div class=\"elementor-element elementor-element-1483b9e3 elementor-widget elementor-widget-text-editor\" data-id=\"1483b9e3\" data-element_type=\"widget\" data-widget_type=\"text-editor.default\">\n\t\t\t\t<div class=\"elementor-widget-container\">\n\t\t\t\t\t\t\t\t\t<h2 style=\"font-variant-ligatures: normal; font-variant-caps: normal; font-family: Spectral, sans-serif; font-style: normal;\"><span style=\"font-size: 30px; color: #f0ffed;\">Le lierre du N\u00e9pal\u00a0 &#8211; Hedera nepalensis &lsquo;Roy Lancaster&rsquo;<\/span><\/h2>\t\t\t\t\t\t\t\t<\/div>\n\t\t\t\t<\/div>\n\t\t\t\t<\/div>\n\t\t<div class=\"elementor-element elementor-element-21df669f e-flex e-con-boxed e-con e-parent\" data-id=\"21df669f\" data-element_type=\"container\">\n\t\t\t\t\t<div class=\"e-con-inner\">\n\t\t<div class=\"elementor-element elementor-element-27d5bd92 e-flex e-con-boxed e-con e-child\" data-id=\"27d5bd92\" data-element_type=\"container\">\n\t\t\t\t\t<div class=\"e-con-inner\">\n\t\t\t\t<div class=\"elementor-element elementor-element-4f518096 elementor-widget elementor-widget-heading\" data-id=\"4f518096\" data-element_type=\"widget\" data-widget_type=\"heading.default\">\n\t\t\t\t<div class=\"elementor-widget-container\">\n\t\t\t\t\t<h2 class=\"elementor-heading-title elementor-size-default\">En r\u00e9sum\u00e9<\/h2>\t\t\t\t<\/div>\n\t\t\t\t<\/div>\n\t\t\t\t<div class=\"elementor-element elementor-element-1cf7732e elementor-widget elementor-widget-text-editor\" data-id=\"1cf7732e\" data-element_type=\"widget\" data-widget_type=\"text-editor.default\">\n\t\t\t\t<div class=\"elementor-widget-container\">\n\t\t\t\t\t\t\t\t\t<p>Le lierre du N\u00e9pal, <strong><em>Hedera nepalensis<\/em> &lsquo;Roy Lancaster&rsquo;<\/strong>, pr\u00e9sente un feuillage polyforme, certaines sont oblongues quand d\u2019autres pr\u00e9sentent 2 lobes lat\u00e9raux plus ou moins d\u00e9velopp\u00e9s. Les feuilles sont plut\u00f4t larges, de couleur vert fonc\u00e9. \u00e0 vert gris, assez mates. Elles se teintent de bronze en conditions froides.<br \/>Au printemps, les jeunes pousses prennent une l\u00e9g\u00e8re coloration brune et les feuilles sont luisantes.\u00a0<\/p><p><span style=\"font-family: Roboto, sans-serif; font-size: 16px; font-style: normal; font-variant-ligatures: normal; font-variant-caps: normal; font-weight: 400; color: var( --e-global-color-text ); text-align: var(--text-align);\">C&rsquo;est un lierre vigoureux et branchu, \u00e0 utiliser plut\u00f4t comme grimpant, y compris au soleil.<\/span><\/p>\t\t\t\t\t\t\t\t<\/div>\n\t\t\t\t<\/div>\n\t\t\t\t<div class=\"elementor-element elementor-element-653d37ed elementor-widget elementor-widget-heading\" data-id=\"653d37ed\" data-element_type=\"widget\" data-widget_type=\"heading.default\">\n\t\t\t\t<div class=\"elementor-widget-container\">\n\t\t\t\t\t<h2 class=\"elementor-heading-title elementor-size-default\">Historique<\/h2>\t\t\t\t<\/div>\n\t\t\t\t<\/div>\n\t\t\t\t<div class=\"elementor-element elementor-element-769976b5 elementor-widget elementor-widget-text-editor\" data-id=\"769976b5\" data-element_type=\"widget\" data-widget_type=\"text-editor.default\">\n\t\t\t\t<div class=\"elementor-widget-container\">\n\t\t\t\t\t\t\t\t\t<p>Ce cultivar fut d\u00e9crit et nomm\u00e9 par Peter Q. Rose en 1982. Il avait \u00e9t\u00e9 d\u00e9couvert en 1980 par Roy Lancaster au mont Emei, dans la province du Sichuan, Chine. Parmi tous les plants de <i>Hedera nepalensis<\/i> collect\u00e9s \u00e0 cette occasion, celui-ci se distinguait par sa coloration teint\u00e9e de chocolat sur le jeune feuillage.<\/p>\t\t\t\t\t\t\t\t<\/div>\n\t\t\t\t<\/div>\n\t\t\t\t<div class=\"elementor-element elementor-element-43445929 elementor-widget elementor-widget-heading\" data-id=\"43445929\" data-element_type=\"widget\" data-widget_type=\"heading.default\">\n\t\t\t\t<div class=\"elementor-widget-container\">\n\t\t\t\t\t<h2 class=\"elementor-heading-title elementor-size-default\">Fiche technique - Lierre du N\u00e9pal 'Roy Lancaster'<\/h2>\t\t\t\t<\/div>\n\t\t\t\t<\/div>\n\t\t\t\t<div class=\"elementor-element elementor-element-26173870 elementor-widget elementor-widget-text-editor\" data-id=\"26173870\" data-element_type=\"widget\" data-widget_type=\"text-editor.default\">\n\t\t\t\t<div class=\"elementor-widget-container\">\n\t\t\t\t\t\t\t\t\t<h3>Informations botaniques<\/h3><ul><li>Famille : Araliac\u00e9es<\/li><li>Genre : <em><strong>Hedera<\/strong><\/em><\/li><li>Esp\u00e8ce : <em>nepalensis<\/em><\/li><li>Cultivar : &lsquo;Roy Lancaster&rsquo;<\/li><li>Classification Pierot : lierre aux feuilles en patte d&rsquo;oiseau<\/li><li>Stade feuillage : juv\u00e9nile<\/li><li>Origine\u00a0 de l&rsquo;esp\u00e8ce : Ouest de l&rsquo;Asie, subcontinent indien, Indochine<\/li><li>Origine du cultivar : d\u00e9couvert par Roy Lancaster dans le Sichuan, Chine, en 1980<\/li><\/ul><h3>\u00a0<\/h3><h3>Description de Hedera nepalensis &lsquo;Roy Lancaster&rsquo;<\/h3><ul><li>Port : \u00e9tal\u00e9<\/li><li>Nombre de lobes : 0 \u00e0 3 lobes en g\u00e9n\u00e9ral<\/li><li>Longueur de la feuille : 10 cm<\/li><li>Largeur de la feuille : 9 cm<\/li><li>Couleur de la feuille : vert fonc\u00e9 mat \u00e0 vert gris, jeunes feuilles teint\u00e9es de brun<\/li><li>Couleur des nervures : vert clair<\/li><li>Tige : branchu<\/li><li>Couleur tige et p\u00e9tiole : vert rouge\u00e2tre<\/li><li>Poils : \u00e9cailleux, petits, ramifications pointues<\/li><\/ul><h3>\u00a0<\/h3><h3>Conseils plantation, culture et entretien de Hedera nepalensis &lsquo;Roy Lancaster&rsquo;<\/h3><ul><li>Exposition : ombre, mi-ombre, soleil<\/li><li>Rusticit\u00e9 : -13\u00b0C<\/li><li>Humidit\u00e9 du sol : sol frais<\/li><li>PH du sol : tous<\/li><li>Type de sol : tous<\/li><li>Richesse du sol : ordinaire ou humif\u00e8re<\/li><li>Utilisation : grimpant<\/li><li>D\u00e9veloppement : vigoureux<\/li><li>Taille : une fois par an<\/li><li>Ravageurs : tr\u00e8s rares (araign\u00e9es rouges, cochenilles)<\/li><li>Maladies : tr\u00e8s rares (taches sur les feuilles)<\/li><\/ul>\t\t\t\t\t\t\t\t<\/div>\n\t\t\t\t<\/div>\n\t\t\t\t\t<\/div>\n\t\t\t\t<\/div>\n\t\t\t\t\t<\/div>\n\t\t\t\t<\/div>\n\t\t<div class=\"elementor-element elementor-element-3549a4d9 e-flex e-con-boxed e-con e-parent\" data-id=\"3549a4d9\" data-element_type=\"container\">\n\t\t\t\t\t<div class=\"e-con-inner\">\n\t\t<div class=\"elementor-element elementor-element-1cc36bf7 e-flex e-con-boxed e-con e-child\" data-id=\"1cc36bf7\" data-element_type=\"container\" data-settings=\"{&quot;background_background&quot;:&quot;classic&quot;,&quot;shape_divider_top&quot;:&quot;mountains&quot;}\">\n\t\t\t\t\t<div class=\"e-con-inner\">\n\t\t\t\t<div class=\"elementor-shape elementor-shape-top\" data-negative=\"false\">\n\t\t\t<svg xmlns=\"http:\/\/www.w3.org\/2000\/svg\" viewBox=\"0 0 1000 100\" preserveAspectRatio=\"none\">\n\t<path class=\"elementor-shape-fill\" opacity=\"0.33\" d=\"M473,67.3c-203.9,88.3-263.1-34-320.3,0C66,119.1,0,59.7,0,59.7V0h1000v59.7 c0,0-62.1,26.1-94.9,29.3c-32.8,3.3-62.8-12.3-75.8-22.1C806,49.6,745.3,8.7,694.9,4.7S492.4,59,473,67.3z\"\/>\n\t<path class=\"elementor-shape-fill\" opacity=\"0.66\" d=\"M734,67.3c-45.5,0-77.2-23.2-129.1-39.1c-28.6-8.7-150.3-10.1-254,39.1 s-91.7-34.4-149.2,0C115.7,118.3,0,39.8,0,39.8V0h1000v36.5c0,0-28.2-18.5-92.1-18.5C810.2,18.1,775.7,67.3,734,67.3z\"\/>\n\t<path class=\"elementor-shape-fill\" d=\"M766.1,28.9c-200-57.5-266,65.5-395.1,19.5C242,1.8,242,5.4,184.8,20.6C128,35.8,132.3,44.9,89.9,52.5C28.6,63.7,0,0,0,0 h1000c0,0-9.9,40.9-83.6,48.1S829.6,47,766.1,28.9z\"\/>\n<\/svg>\t\t<\/div>\n\t\t\t\t<div class=\"elementor-element elementor-element-6f19e2d8 elementor-widget__width-initial elementor-widget elementor-widget-image\" data-id=\"6f19e2d8\" data-element_type=\"widget\" data-widget_type=\"image.default\">\n\t\t\t\t<div class=\"elementor-widget-container\">\n\t\t\t\t\t\t\t\t\t\t\t\t\t\t\t<img fetchpriority=\"high\" decoding=\"async\" width=\"300\" height=\"180\" src=\"https:\/\/www.hedera-etc.com\/wp-content\/uploads\/2024\/11\/vecteezy_simplicity-ivy-freehand-drawing_13643730_206-300x180.webp\" class=\"attachment-medium size-medium wp-image-10573\" alt=\"\" srcset=\"https:\/\/www.hedera-etc.com\/wp-content\/uploads\/2024\/11\/vecteezy_simplicity-ivy-freehand-drawing_13643730_206-300x180.webp 300w, https:\/\/www.hedera-etc.com\/wp-content\/uploads\/2024\/11\/vecteezy_simplicity-ivy-freehand-drawing_13643730_206-900x540.webp 900w, https:\/\/www.hedera-etc.com\/wp-content\/uploads\/2024\/11\/vecteezy_simplicity-ivy-freehand-drawing_13643730_206-1024x614.webp 1024w, https:\/\/www.hedera-etc.com\/wp-content\/uploads\/2024\/11\/vecteezy_simplicity-ivy-freehand-drawing_13643730_206-768x461.webp 768w, https:\/\/www.hedera-etc.com\/wp-content\/uploads\/2024\/11\/vecteezy_simplicity-ivy-freehand-drawing_13643730_206-1536x921.webp 1536w, https:\/\/www.hedera-etc.com\/wp-content\/uploads\/2024\/11\/vecteezy_simplicity-ivy-freehand-drawing_13643730_206.webp 1920w, https:\/\/www.hedera-etc.com\/wp-content\/uploads\/2024\/11\/vecteezy_simplicity-ivy-freehand-drawing_13643730_206-1320x791.webp 1320w\" sizes=\"(max-width: 300px) 100vw, 300px\" \/>\t\t\t\t\t\t\t\t\t\t\t\t\t\t\t<\/div>\n\t\t\t\t<\/div>\n\t\t\t\t<div class=\"elementor-element elementor-element-171627d0 elementor-widget elementor-widget-heading\" data-id=\"171627d0\" data-element_type=\"widget\" data-widget_type=\"heading.default\">\n\t\t\t\t<div class=\"elementor-widget-container\">\n\t\t\t\t\t<h2 class=\"elementor-heading-title elementor-size-default\">Une page de ma petite encyclop\u00e9die du lierre<\/h2>\t\t\t\t<\/div>\n\t\t\t\t<\/div>\n\t\t\t\t\t<\/div>\n\t\t\t\t<\/div>\n\t\t\t\t<div class=\"elementor-element elementor-element-b82944a elementor-widget elementor-widget-menu-anchor\" data-id=\"b82944a\" data-element_type=\"widget\" data-widget_type=\"menu-anchor.default\">\n\t\t\t\t<div class=\"elementor-widget-container\">\n\t\t\t\t\t\t\t<div class=\"elementor-menu-anchor\" id=\"region\"><\/div>\n\t\t\t\t\t\t<\/div>\n\t\t\t\t<\/div>\n\t\t\t\t<div class=\"elementor-element elementor-element-2457bcf elementor-widget elementor-widget-global elementor-global-8513 elementor-widget-text-editor\" data-id=\"2457bcf\" data-element_type=\"widget\" data-widget_type=\"text-editor.default\">\n\t\t\t\t<div class=\"elementor-widget-container\">\n\t\t\t\t\t\t\t\t\t<p><span style=\"color: #008000;\">Toutes vos questions sur le lierre<\/span><\/p><h2><span style=\"color: #008000;\">De quelles r\u00e9gions du monde provient le lierre ?<\/span><\/h2><p>Le lierre provient principalement de l&rsquo;Europe, de l&rsquo;Asie et de l&rsquo;Afrique du Nord<\/p><div class=\"flex flex-grow flex-col max-w-full\"><div class=\"min-h-[20px] text-message flex w-full flex-col items-end gap-2 whitespace-pre-wrap break-words [.text-message+&amp;]:mt-5 overflow-x-auto\" dir=\"auto\" data-message-author-role=\"assistant\" data-message-id=\"a9ce9341-c84b-452d-83b3-388a470f9577\"><div class=\"flex w-full flex-col gap-1 empty:hidden first:pt-[3px]\"><div class=\"markdown prose w-full break-words dark:prose-invert dark\"><ul><li><strong>Europe<\/strong> : Le lierre commun (<em style=\"font-size: 16px; color: var( --e-global-color-text ); text-align: var(--text-align);\"><strong>Hedera helix<\/strong><\/em><span style=\"font-size: 16px; color: var( --e-global-color-text ); text-align: var(--text-align);\">) est largement r\u00e9pandu \u00e0 travers l&rsquo;Europe, depuis le nord de l&rsquo;Europe jusqu&rsquo;\u00e0 la M\u00e9diterran\u00e9e. <\/span><em style=\"font-size: 16px; color: var( --e-global-color-text ); text-align: var(--text-align);\"><strong>Hedera hibernica<\/strong><\/em><span style=\"font-size: 16px; color: var( --e-global-color-text ); text-align: var(--text-align);\"> (lierre d&rsquo;Irlande) est particuli\u00e8rement commun en Europe de l&rsquo;Ouest, notamment en Irlande et au Royaume-Uni. Il faut aussi signaler le lierre d&rsquo;Espagne (<\/span><em style=\"font-size: 16px; color: var( --e-global-color-text ); text-align: var(--text-align);\">Hedera iberica<\/em><span style=\"font-size: 16px; color: var( --e-global-color-text ); text-align: var(--text-align);\">), le lierre de Mad\u00e8re (<\/span><em style=\"font-size: 16px; color: var( --e-global-color-text ); text-align: var(--text-align);\">Hedera maderensis<\/em><span style=\"font-size: 16px; color: var( --e-global-color-text ); text-align: var(--text-align);\">), le lierre des Canaries (<\/span><em style=\"font-size: 16px; color: var( --e-global-color-text ); text-align: var(--text-align);\">Hedera canariensis<\/em><span style=\"font-size: 16px; color: var( --e-global-color-text ); text-align: var(--text-align);\">), le lierre des A\u00e7ores (<\/span><em style=\"font-size: 16px; color: var( --e-global-color-text ); text-align: var(--text-align);\">Hedera azorica<\/em><span style=\"font-size: 16px; color: var( --e-global-color-text ); text-align: var(--text-align);\">).<\/span><\/li><li><strong>Afrique du Nord<\/strong> :\u00a0<em style=\"font-size: 16px; color: var( --e-global-color-text ); text-align: var(--text-align);\"><strong>Hedera algeriensis<\/strong><\/em><span style=\"font-size: 16px; color: var( --e-global-color-text ); text-align: var(--text-align);\"> (lierre d&rsquo;Alg\u00e9rie) provient de l&rsquo;Afrique du Nord, principalement de l&rsquo;Alg\u00e9rie et des r\u00e9gions adjacentes. <\/span><em style=\"font-size: 16px; color: var( --e-global-color-text ); text-align: var(--text-align);\"><b>Hedera maroccana<\/b><\/em><span style=\"font-size: 16px; color: var( --e-global-color-text ); text-align: var(--text-align);\"> provient, comme son nom l&rsquo;indique, principalement du Maroc.<\/span><\/li><li><strong>Asie<\/strong> :\u00a0<em><strong style=\"font-size: 16px; color: var( --e-global-color-text ); text-align: var(--text-align);\">Hedera nepalensis<\/strong><\/em><span style=\"font-size: 16px; color: var( --e-global-color-text ); text-align: var(--text-align);\"> (lierre du N\u00e9pal) est originaire d&rsquo;Asie, particuli\u00e8rement des r\u00e9gions de l&rsquo;Himalaya jusqu&rsquo;au sud de la Chine. <em>H<\/em><\/span><em><strong style=\"font-size: 16px; color: var( --e-global-color-text ); text-align: var(--text-align);\">edera colchica<\/strong><\/em><span style=\"font-size: 16px; color: var( --e-global-color-text ); text-align: var(--text-align);\"> (lierre du Caucase) se trouve dans le Caucase et l&rsquo;Asie mineure. <strong><em>Hedera rhombea<\/em><\/strong> provient de l&rsquo;est de l&rsquo;Asie, notamment le Japon. <em><strong>Hedera pastuchovii<\/strong><\/em> est originaire de l&rsquo;ouest de l&rsquo;Asie, notamment l&rsquo;Iran.<\/span><\/li><\/ul><div>\u00a0<\/div><div>Les diff\u00e9rentes esp\u00e8ces de lierre correspondent donc \u00e0 diff\u00e9rentes origines g\u00e9ographiques. Le lierre s&rsquo;y est adapt\u00e9 aux conditions de climat et de sol. Bien s\u00fbr, il s&rsquo;est ensuite r\u00e9pandu partout dans le monde, si bien qu&rsquo;on le trouve d\u00e9sormais couramment en Am\u00e9rique du Nord, en Australie, en Nouvelle-Z\u00e9lande \u2026<\/div><\/div><\/div><\/div><\/div>\t\t\t\t\t\t\t\t<\/div>\n\t\t\t\t<\/div>\n\t\t\t\t<div class=\"elementor-element elementor-element-1261f9d1 elementor-widget elementor-widget-image\" data-id=\"1261f9d1\" data-element_type=\"widget\" data-widget_type=\"image.default\">\n\t\t\t\t<div class=\"elementor-widget-container\">\n\t\t\t\t\t\t\t\t\t\t\t\t\t\t\t<img decoding=\"async\" width=\"1024\" height=\"146\" src=\"https:\/\/www.hedera-etc.com\/wp-content\/uploads\/2023\/10\/guirlande-1024x146.webp\" class=\"attachment-large size-large wp-image-116\" alt=\"La boutique du lierre - guirlande de lierre\" srcset=\"https:\/\/www.hedera-etc.com\/wp-content\/uploads\/2023\/10\/guirlande-1024x146.webp 1024w, https:\/\/www.hedera-etc.com\/wp-content\/uploads\/2023\/10\/guirlande-900x129.webp 900w, https:\/\/www.hedera-etc.com\/wp-content\/uploads\/2023\/10\/guirlande-300x43.webp 300w, https:\/\/www.hedera-etc.com\/wp-content\/uploads\/2023\/10\/guirlande-768x110.webp 768w, https:\/\/www.hedera-etc.com\/wp-content\/uploads\/2023\/10\/guirlande.webp 1126w\" sizes=\"(max-width: 1024px) 100vw, 1024px\" \/>\t\t\t\t\t\t\t\t\t\t\t\t\t\t\t<\/div>\n\t\t\t\t<\/div>\n\t\t\t\t<div class=\"elementor-element elementor-element-2ef685e6 elementor-widget elementor-widget-text-editor\" data-id=\"2ef685e6\" data-element_type=\"widget\" data-widget_type=\"text-editor.default\">\n\t\t\t\t<div class=\"elementor-widget-container\">\n\t\t\t\t\t\t\t\t\t<h3 style=\"text-align: center;\"><span style=\"color: #008000;\">Le lierre dans la litt\u00e9rature<\/span><\/h3>\n<blockquote>\n<p style=\"text-align: center;\"><span style=\"color: #993366;\">\u201cLes pierres us\u00e9es, couvertes de lierre, t\u00e9moignaient de la lutte entre l\u2019homme et la nature.\u00a0\u00bb<\/span><\/p>\n<\/blockquote>\n<h5 style=\"text-align: right;\"><strong>Mary Shelley<\/strong>, <em>Le Dernier Homme<\/em><\/h5>\t\t\t\t\t\t\t\t<\/div>\n\t\t\t\t<\/div>\n\t\t\t\t\t<\/div>\n\t\t\t\t<\/div>\n\t\t\t\t<\/div>\n\t\t","protected":false},"excerpt":{"rendered":"<p>Polyform foliage, some oblong while others have 2 more or less developed lateral lobes. Rather broad, dark green to grey-green leaves, fairly dull, tinged with bronze in cold conditions.<\/p>\n<p>In spring, the young shoots take on a light brown colour and the leaves are shiny.<\/p>\n<p>A vigorous, branching ivy, best used as a climber, even in the sun.<\/p>","protected":false},"featured_media":13809,"comment_status":"open","ping_status":"closed","template":"","meta":{"_acf_changed":false,"ocean_post_layout":"","ocean_both_sidebars_style":"","ocean_both_sidebars_content_width":0,"ocean_both_sidebars_sidebars_width":0,"ocean_sidebar":"0","ocean_second_sidebar":"0","ocean_disable_margins":"enable","ocean_add_body_class":"","ocean_shortcode_before_top_bar":"","ocean_shortcode_after_top_bar":"","ocean_shortcode_before_header":"","ocean_shortcode_after_header":"","ocean_has_shortcode":"","ocean_shortcode_after_title":"","ocean_shortcode_before_footer_widgets":"","ocean_shortcode_after_footer_widgets":"","ocean_shortcode_before_footer_bottom":"","ocean_shortcode_after_footer_bottom":"","ocean_display_top_bar":"default","ocean_display_header":"default","ocean_header_style":"","ocean_center_header_left_menu":"0","ocean_custom_header_template":"0","ocean_custom_logo":0,"ocean_custom_retina_logo":0,"ocean_custom_logo_max_width":0,"ocean_custom_logo_tablet_max_width":0,"ocean_custom_logo_mobile_max_width":0,"ocean_custom_logo_max_height":0,"ocean_custom_logo_tablet_max_height":0,"ocean_custom_logo_mobile_max_height":0,"ocean_header_custom_menu":"0","ocean_menu_typo_font_family":"0","ocean_menu_typo_font_subset":"","ocean_menu_typo_font_size":0,"ocean_menu_typo_font_size_tablet":0,"ocean_menu_typo_font_size_mobile":0,"ocean_menu_typo_font_size_unit":"px","ocean_menu_typo_font_weight":"","ocean_menu_typo_font_weight_tablet":"","ocean_menu_typo_font_weight_mobile":"","ocean_menu_typo_transform":"","ocean_menu_typo_transform_tablet":"","ocean_menu_typo_transform_mobile":"","ocean_menu_typo_line_height":0,"ocean_menu_typo_line_height_tablet":0,"ocean_menu_typo_line_height_mobile":0,"ocean_menu_typo_line_height_unit":"","ocean_menu_typo_spacing":0,"ocean_menu_typo_spacing_tablet":0,"ocean_menu_typo_spacing_mobile":0,"ocean_menu_typo_spacing_unit":"","ocean_menu_link_color":"","ocean_menu_link_color_hover":"","ocean_menu_link_color_active":"","ocean_menu_link_background":"","ocean_menu_link_hover_background":"","ocean_menu_link_active_background":"","ocean_menu_social_links_bg":"","ocean_menu_social_hover_links_bg":"","ocean_menu_social_links_color":"","ocean_menu_social_hover_links_color":"","ocean_disable_title":"default","ocean_disable_heading":"default","ocean_post_title":"","ocean_post_subheading":"","ocean_post_title_style":"","ocean_post_title_background_color":"","ocean_post_title_background":0,"ocean_post_title_bg_image_position":"","ocean_post_title_bg_image_attachment":"","ocean_post_title_bg_image_repeat":"","ocean_post_title_bg_image_size":"","ocean_post_title_height":0,"ocean_post_title_bg_overlay":0.5,"ocean_post_title_bg_overlay_color":"","ocean_disable_breadcrumbs":"default","ocean_breadcrumbs_color":"","ocean_breadcrumbs_separator_color":"","ocean_breadcrumbs_links_color":"","ocean_breadcrumbs_links_hover_color":"","ocean_display_footer_widgets":"default","ocean_display_footer_bottom":"default","ocean_custom_footer_template":"0"},"product_brand":[],"product_cat":[134],"product_tag":[],"class_list":{"0":"post-1878","1":"product","2":"type-product","3":"status-publish","4":"has-post-thumbnail","6":"product_cat-lierre","8":"entry","9":"has-media","11":"first","12":"instock","13":"purchasable","14":"product-type-variable","15":"has-default-attributes","16":"has-product-nav","17":"col","18":"span_1_of_4","19":"owp-content-center","20":"item-entry","21":"owp-thumbs-layout-horizontal","22":"owp-btn-normal","23":"owp-tabs-layout-section"},"acf":[],"jetpack_sharing_enabled":true,"_links":{"self":[{"href":"https:\/\/www.hedera-etc.com\/en\/wp-json\/wp\/v2\/product\/1878","targetHints":{"allow":["GET"]}}],"collection":[{"href":"https:\/\/www.hedera-etc.com\/en\/wp-json\/wp\/v2\/product"}],"about":[{"href":"https:\/\/www.hedera-etc.com\/en\/wp-json\/wp\/v2\/types\/product"}],"replies":[{"embeddable":true,"href":"https:\/\/www.hedera-etc.com\/en\/wp-json\/wp\/v2\/comments?post=1878"}],"version-history":[{"count":3,"href":"https:\/\/www.hedera-etc.com\/en\/wp-json\/wp\/v2\/product\/1878\/revisions"}],"predecessor-version":[{"id":15141,"href":"https:\/\/www.hedera-etc.com\/en\/wp-json\/wp\/v2\/product\/1878\/revisions\/15141"}],"wp:featuredmedia":[{"embeddable":true,"href":"https:\/\/www.hedera-etc.com\/en\/wp-json\/wp\/v2\/media\/13809"}],"wp:attachment":[{"href":"https:\/\/www.hedera-etc.com\/en\/wp-json\/wp\/v2\/media?parent=1878"}],"wp:term":[{"taxonomy":"product_brand","embeddable":true,"href":"https:\/\/www.hedera-etc.com\/en\/wp-json\/wp\/v2\/product_brand?post=1878"},{"taxonomy":"product_cat","embeddable":true,"href":"https:\/\/www.hedera-etc.com\/en\/wp-json\/wp\/v2\/product_cat?post=1878"},{"taxonomy":"product_tag","embeddable":true,"href":"https:\/\/www.hedera-etc.com\/en\/wp-json\/wp\/v2\/product_tag?post=1878"}],"curies":[{"name":"wp","href":"https:\/\/api.w.org\/{rel}","templated":true}]}}