{"id":448,"date":"2023-10-28T12:30:32","date_gmt":"2023-10-28T10:30:32","guid":{"rendered":"https:\/\/www.hedera-etc.com\/?post_type=product&#038;p=448"},"modified":"2026-04-29T07:09:36","modified_gmt":"2026-04-29T05:09:36","slug":"hedera-helix-armel","status":"publish","type":"product","link":"https:\/\/www.hedera-etc.com\/en\/product\/hedera-helix-armel\/","title":{"rendered":"<em>Hedera helix<\/em> \u2018Armel\u2019 - Ornamental ivy"},"content":{"rendered":"\t\t<div data-elementor-type=\"product-post\" data-elementor-id=\"448\" class=\"elementor elementor-448\" data-elementor-post-type=\"product\">\n\t\t\t\t<div class=\"elementor-element elementor-element-5a2b3e16 e-con-full e-flex e-con e-child\" data-id=\"5a2b3e16\" data-element_type=\"container\">\n\t\t\t\t<div class=\"elementor-element elementor-element-6c1e1460 elementor-widget elementor-widget-text-editor\" data-id=\"6c1e1460\" data-element_type=\"widget\" data-widget_type=\"text-editor.default\">\n\t\t\t\t<div class=\"elementor-widget-container\">\n\t\t\t\t\t\t\t\t\t<h2><span style=\"color: #f0ffed;\">Le lierre d&rsquo;ornement\u00a0 &#8211; Hedera helix &lsquo;Armel&rsquo;<\/span><\/h2>\t\t\t\t\t\t\t\t<\/div>\n\t\t\t\t<\/div>\n\t\t\t\t<\/div>\n\t\t<div class=\"elementor-element elementor-element-4739dff e-flex e-con-boxed e-con e-parent\" data-id=\"4739dff\" data-element_type=\"container\">\n\t\t\t\t\t<div class=\"e-con-inner\">\n\t\t<div class=\"elementor-element elementor-element-610bad1c e-flex e-con-boxed e-con e-child\" data-id=\"610bad1c\" data-element_type=\"container\">\n\t\t\t\t\t<div class=\"e-con-inner\">\n\t\t\t\t<div class=\"elementor-element elementor-element-2eda8cf3 elementor-widget elementor-widget-heading\" data-id=\"2eda8cf3\" data-element_type=\"widget\" data-widget_type=\"heading.default\">\n\t\t\t\t<div class=\"elementor-widget-container\">\n\t\t\t\t\t<h2 class=\"elementor-heading-title elementor-size-default\">En r\u00e9sum\u00e9<\/h2>\t\t\t\t<\/div>\n\t\t\t\t<\/div>\n\t\t\t\t<div class=\"elementor-element elementor-element-2e47a193 elementor-widget elementor-widget-text-editor\" data-id=\"2e47a193\" data-element_type=\"widget\" data-widget_type=\"text-editor.default\">\n\t\t\t\t<div class=\"elementor-widget-container\">\n\t\t\t\t\t\t\t\t\t<p>Le lierre d&rsquo;ornement, <strong><em>Hedera helix<\/em> &lsquo;Armel&rsquo;<\/strong>, est un clone r\u00e9colt\u00e9 dans la nature. C&rsquo;est tr\u00e8s probablement un des clones les plus color\u00e9s qui existent cher <em>Hedera helix<\/em>. Il prend , en effet, en hiver, une coloration rouge marron.<\/p><p>La feuille est de taille moyenne. Le port est \u00e9tal\u00e9.\u00a0<\/p><p>Ce lierre forme de beaux tapis peu \u00e9pais. La pousse est assez lente et mod\u00e9r\u00e9e.<\/p>\t\t\t\t\t\t\t\t<\/div>\n\t\t\t\t<\/div>\n\t\t\t\t<div class=\"elementor-element elementor-element-5f92b50 elementor-widget elementor-widget-heading\" data-id=\"5f92b50\" data-element_type=\"widget\" data-widget_type=\"heading.default\">\n\t\t\t\t<div class=\"elementor-widget-container\">\n\t\t\t\t\t<h2 class=\"elementor-heading-title elementor-size-default\">Historique<\/h2>\t\t\t\t<\/div>\n\t\t\t\t<\/div>\n\t\t\t\t<div class=\"elementor-element elementor-element-db6dae4 elementor-widget elementor-widget-text-editor\" data-id=\"db6dae4\" data-element_type=\"widget\" data-widget_type=\"text-editor.default\">\n\t\t\t\t<div class=\"elementor-widget-container\">\n\t\t\t\t\t\t\t\t\t<p>Clone r\u00e9colt\u00e9 dans la nature par Olivier Arcelus.<\/p>\t\t\t\t\t\t\t\t<\/div>\n\t\t\t\t<\/div>\n\t\t\t\t<div class=\"elementor-element elementor-element-e1aba05 elementor-widget elementor-widget-heading\" data-id=\"e1aba05\" data-element_type=\"widget\" data-widget_type=\"heading.default\">\n\t\t\t\t<div class=\"elementor-widget-container\">\n\t\t\t\t\t<h2 class=\"elementor-heading-title elementor-size-default\">Fiche technique - Hedera helix 'Armel'<\/h2>\t\t\t\t<\/div>\n\t\t\t\t<\/div>\n\t\t\t\t<div class=\"elementor-element elementor-element-7551b1d9 elementor-widget elementor-widget-text-editor\" data-id=\"7551b1d9\" data-element_type=\"widget\" data-widget_type=\"text-editor.default\">\n\t\t\t\t<div class=\"elementor-widget-container\">\n\t\t\t\t\t\t\t\t\t<h3>Informations botaniques<\/h3>\n<ul>\n<li>Famille : Araliac\u00e9es<\/li>\n<li>Genre : <em><strong>Hedera<\/strong><\/em><\/li>\n<li>Esp\u00e8ce : <em>helix<\/em><\/li>\n<li>Cultivar : &lsquo;Armel&rsquo;<\/li>\n<li>Classification Pierot : lierre type<\/li>\n<li>Stade feuillage : juv\u00e9nile<\/li>\n<li>Origine&nbsp; de l&rsquo;esp\u00e8ce : Europe, de l&rsquo;Espagne \u00e0 la Norv\u00e8ge, mais peu sur la c\u00f4te atlantique.<\/li>\n<li>Origine du cultivar : r\u00e9colt\u00e9 dans la nature par O. Arcelus<\/li>\n<\/ul>\n<h3>&nbsp;<\/h3>\n<h3>Description de Hedera helix &lsquo;Armel&rsquo;<\/h3>\n<ul>\n<li>Port : \u00e9tal\u00e9, \u00e9pars<\/li>\n<li>Nombre de lobes : 3 lobes en g\u00e9n\u00e9ral<\/li>\n<li>Longueur de la feuille : 3 cm<\/li>\n<li>Largeur de la feuille : 2 \u00e0 3 cm<\/li>\n<li>Couleur de la feuille : vert fonc\u00e9<\/li>\n<li>Couleur des nervures : vert clair<\/li>\n<li>Base de la feuille : tronqu\u00e9e \u00e0 cordiforme<\/li>\n<li>Apex de la feuille : aigu, l\u00e9g\u00e8rement arrondi<\/li>\n<li>Couleur tige et p\u00e9tiole : brun \u00e0 vert brun<\/li>\n<li>Poils : stellaires, 3 \u00e0 5 branches<\/li>\n<\/ul>\n<h3>&nbsp;<\/h3>\n<h3>Conseils plantation, culture et entretien de Hedera helix &lsquo;Armel&rsquo;<\/h3>\n<ul>\n<li>Exposition : ombre, mi-ombre<\/li>\n<li>Rusticit\u00e9 : -15\u00b0C<\/li>\n<li>Humidit\u00e9 du sol : sol frais<\/li>\n<li>PH du sol : neutre ou calcaire<\/li>\n<li>Type de sol : tous<\/li>\n<li>Richesse du sol : ordinaire ou humif\u00e8re<\/li>\n<li>Utilisation : couvre-sol, grimpant, suspension<\/li>\n<li>D\u00e9veloppement : mod\u00e9r\u00e9<\/li><li>Croissance : assez lente<\/li>\n<li>Taille : une fois par an<\/li>\n<li>Ravageurs : tr\u00e8s rares (araign\u00e9es rouges, cochenilles)<\/li>\n<li>Maladies : tr\u00e8s rares (taches sur les feuilles)<\/li>\n<\/ul>\t\t\t\t\t\t\t\t<\/div>\n\t\t\t\t<\/div>\n\t\t\t\t\t<\/div>\n\t\t\t\t<\/div>\n\t\t\t\t\t<\/div>\n\t\t\t\t<\/div>\n\t\t<div class=\"elementor-element elementor-element-1db0e2dc e-flex e-con-boxed e-con e-parent\" data-id=\"1db0e2dc\" data-element_type=\"container\">\n\t\t\t\t\t<div class=\"e-con-inner\">\n\t\t<div class=\"elementor-element elementor-element-35d1bf7a e-flex e-con-boxed e-con e-child\" data-id=\"35d1bf7a\" data-element_type=\"container\" data-settings=\"{&quot;background_background&quot;:&quot;classic&quot;,&quot;shape_divider_top&quot;:&quot;mountains&quot;}\">\n\t\t\t\t\t<div class=\"e-con-inner\">\n\t\t\t\t<div class=\"elementor-shape elementor-shape-top\" data-negative=\"false\">\n\t\t\t<svg xmlns=\"http:\/\/www.w3.org\/2000\/svg\" viewBox=\"0 0 1000 100\" preserveAspectRatio=\"none\">\n\t<path class=\"elementor-shape-fill\" opacity=\"0.33\" d=\"M473,67.3c-203.9,88.3-263.1-34-320.3,0C66,119.1,0,59.7,0,59.7V0h1000v59.7 c0,0-62.1,26.1-94.9,29.3c-32.8,3.3-62.8-12.3-75.8-22.1C806,49.6,745.3,8.7,694.9,4.7S492.4,59,473,67.3z\"\/>\n\t<path class=\"elementor-shape-fill\" opacity=\"0.66\" d=\"M734,67.3c-45.5,0-77.2-23.2-129.1-39.1c-28.6-8.7-150.3-10.1-254,39.1 s-91.7-34.4-149.2,0C115.7,118.3,0,39.8,0,39.8V0h1000v36.5c0,0-28.2-18.5-92.1-18.5C810.2,18.1,775.7,67.3,734,67.3z\"\/>\n\t<path class=\"elementor-shape-fill\" d=\"M766.1,28.9c-200-57.5-266,65.5-395.1,19.5C242,1.8,242,5.4,184.8,20.6C128,35.8,132.3,44.9,89.9,52.5C28.6,63.7,0,0,0,0 h1000c0,0-9.9,40.9-83.6,48.1S829.6,47,766.1,28.9z\"\/>\n<\/svg>\t\t<\/div>\n\t\t\t\t<div class=\"elementor-element elementor-element-10c5e7c8 elementor-widget__width-initial elementor-widget elementor-widget-image\" data-id=\"10c5e7c8\" data-element_type=\"widget\" data-widget_type=\"image.default\">\n\t\t\t\t<div class=\"elementor-widget-container\">\n\t\t\t\t\t\t\t\t\t\t\t\t\t\t\t<img fetchpriority=\"high\" decoding=\"async\" width=\"300\" height=\"180\" src=\"https:\/\/www.hedera-etc.com\/wp-content\/uploads\/2024\/11\/vecteezy_simplicity-ivy-freehand-drawing_13643730_206-300x180.webp\" class=\"attachment-medium size-medium wp-image-10573\" alt=\"\" srcset=\"https:\/\/www.hedera-etc.com\/wp-content\/uploads\/2024\/11\/vecteezy_simplicity-ivy-freehand-drawing_13643730_206-300x180.webp 300w, https:\/\/www.hedera-etc.com\/wp-content\/uploads\/2024\/11\/vecteezy_simplicity-ivy-freehand-drawing_13643730_206-900x540.webp 900w, https:\/\/www.hedera-etc.com\/wp-content\/uploads\/2024\/11\/vecteezy_simplicity-ivy-freehand-drawing_13643730_206-1024x614.webp 1024w, https:\/\/www.hedera-etc.com\/wp-content\/uploads\/2024\/11\/vecteezy_simplicity-ivy-freehand-drawing_13643730_206-768x461.webp 768w, https:\/\/www.hedera-etc.com\/wp-content\/uploads\/2024\/11\/vecteezy_simplicity-ivy-freehand-drawing_13643730_206-1536x921.webp 1536w, https:\/\/www.hedera-etc.com\/wp-content\/uploads\/2024\/11\/vecteezy_simplicity-ivy-freehand-drawing_13643730_206.webp 1920w, https:\/\/www.hedera-etc.com\/wp-content\/uploads\/2024\/11\/vecteezy_simplicity-ivy-freehand-drawing_13643730_206-1320x791.webp 1320w\" sizes=\"(max-width: 300px) 100vw, 300px\" \/>\t\t\t\t\t\t\t\t\t\t\t\t\t\t\t<\/div>\n\t\t\t\t<\/div>\n\t\t\t\t<div class=\"elementor-element elementor-element-493abdd5 elementor-widget elementor-widget-heading\" data-id=\"493abdd5\" data-element_type=\"widget\" data-widget_type=\"heading.default\">\n\t\t\t\t<div class=\"elementor-widget-container\">\n\t\t\t\t\t<h2 class=\"elementor-heading-title elementor-size-default\">Une page de ma petite encyclop\u00e9die du lierre<\/h2>\t\t\t\t<\/div>\n\t\t\t\t<\/div>\n\t\t\t\t\t<\/div>\n\t\t\t\t<\/div>\n\t\t\t\t<div class=\"elementor-element elementor-element-2f89cf9 elementor-widget elementor-widget-menu-anchor\" data-id=\"2f89cf9\" data-element_type=\"widget\" data-widget_type=\"menu-anchor.default\">\n\t\t\t\t<div class=\"elementor-widget-container\">\n\t\t\t\t\t\t\t<div class=\"elementor-menu-anchor\" id=\"typebouture\"><\/div>\n\t\t\t\t\t\t<\/div>\n\t\t\t\t<\/div>\n\t\t\t\t<div class=\"elementor-element elementor-element-ed3e308 elementor-widget elementor-widget-global elementor-global-8412 elementor-widget-text-editor\" data-id=\"ed3e308\" data-element_type=\"widget\" data-widget_type=\"text-editor.default\">\n\t\t\t\t<div class=\"elementor-widget-container\">\n\t\t\t\t\t\t\t\t\t<p><span style=\"color: #008000;\">Toutes vos questions sur le lierre<\/span><\/p><h2><span style=\"color: #008000;\">Quel type de bouture pratiquer pour le lierre ?<\/span><\/h2><div class=\"flex flex-grow flex-col max-w-full\"><div class=\"min-h-[20px] text-message flex w-full flex-col items-end gap-2 whitespace-pre-wrap break-words [.text-message+&amp;]:mt-5 overflow-x-auto\" dir=\"auto\" data-message-author-role=\"assistant\" data-message-id=\"a9ce9341-c84b-452d-83b3-388a470f9577\"><div class=\"flex w-full flex-col gap-1 empty:hidden first:pt-[3px]\"><div class=\"markdown prose w-full break-words dark:prose-invert dark\"><p>Pour r\u00e9ussir le bouturage du lierre, 3 types de boutures sont envisageables :<\/p><ul><li>la plus fr\u00e9quente est la bouture de tron\u00e7on. Couper une partie de tige de 4 \u00e0 10 cm, sous un noeud et avec un ou deux entre-noeuds. Sur une longue tige, avec de nombreux entre-noeuds, vous pouvez ainsi faire plusieurs boutures. Ces boutures peuvent se faire en vert, en tige semi-ao\u00fbt\u00e9e ou en tige ao\u00fbt\u00e9e.<\/li><li>la bouture de t\u00eate est une autre possibilit\u00e9. Dans ce cas, seule la t\u00eate de la tige est boutur\u00e9e. L\u00e0 encore, coupez sous un noeud et laissez deux \u00e0 trois entre-noeuds.<\/li><li>La bouture \u00e0 crossette, enfin, consiste \u00e0 laisser \u00e0 la base de la tige boutur\u00e9e un morceau du rameau porteur.<\/li><\/ul><p>Nous utilisons les trois techniques, en fonction de ce dont on dispose sur l&rsquo;esp\u00e8ce \u00e0 bouturer.<\/p><\/div><\/div><\/div><\/div>\t\t\t\t\t\t\t\t<\/div>\n\t\t\t\t<\/div>\n\t\t\t\t<div class=\"elementor-element elementor-element-6e2a2f0e elementor-widget elementor-widget-image\" data-id=\"6e2a2f0e\" data-element_type=\"widget\" data-widget_type=\"image.default\">\n\t\t\t\t<div class=\"elementor-widget-container\">\n\t\t\t\t\t\t\t\t\t\t\t\t\t\t\t<img decoding=\"async\" width=\"1024\" height=\"146\" src=\"https:\/\/www.hedera-etc.com\/wp-content\/uploads\/2023\/10\/guirlande-1024x146.webp\" class=\"attachment-large size-large wp-image-116\" alt=\"La boutique du lierre - guirlande de lierre\" srcset=\"https:\/\/www.hedera-etc.com\/wp-content\/uploads\/2023\/10\/guirlande-1024x146.webp 1024w, https:\/\/www.hedera-etc.com\/wp-content\/uploads\/2023\/10\/guirlande-900x129.webp 900w, https:\/\/www.hedera-etc.com\/wp-content\/uploads\/2023\/10\/guirlande-300x43.webp 300w, https:\/\/www.hedera-etc.com\/wp-content\/uploads\/2023\/10\/guirlande-768x110.webp 768w, https:\/\/www.hedera-etc.com\/wp-content\/uploads\/2023\/10\/guirlande.webp 1126w\" sizes=\"(max-width: 1024px) 100vw, 1024px\" \/>\t\t\t\t\t\t\t\t\t\t\t\t\t\t\t<\/div>\n\t\t\t\t<\/div>\n\t\t\t\t<div class=\"elementor-element elementor-element-2b407aed elementor-widget elementor-widget-text-editor\" data-id=\"2b407aed\" data-element_type=\"widget\" data-widget_type=\"text-editor.default\">\n\t\t\t\t<div class=\"elementor-widget-container\">\n\t\t\t\t\t\t\t\t\t<h3 style=\"text-align: center;\"><span style=\"color: #008000;\">Le lierre dans la litt\u00e9rature<\/span><\/h3><blockquote><p style=\"text-align: center;\"><span style=\"color: #993366;\">\u201cLe sentier \u00e9tait bord\u00e9 d\u2019un lierre dense qui murmurait des souvenirs \u00e0 chaque pas.<\/span><span style=\"color: #993366;\">\u201d<\/span><\/p><\/blockquote><h5 style=\"text-align: right;\">Vicente Blasco Ib\u00e1\u00f1ez, Les Quatre Cavaliers de l&rsquo;Apocalypse<\/h5>\t\t\t\t\t\t\t\t<\/div>\n\t\t\t\t<\/div>\n\t\t\t\t\t<\/div>\n\t\t\t\t<\/div>\n\t\t\t\t<\/div>\n\t\t","protected":false},"excerpt":{"rendered":"<p>Wild-harvested clone. Probably one of the most colourful clones in existence. <em>Hedera helix<\/em>. In winter, it takes on a reddish-brown colour.<\/p>\n<p>Medium-sized leaves. Spreading habit.<\/p>\n<p>Forms attractive, thin carpets. Slow, moderate growth.<\/p>","protected":false},"featured_media":12295,"comment_status":"open","ping_status":"closed","template":"","meta":{"_acf_changed":false,"ocean_post_layout":"","ocean_both_sidebars_style":"","ocean_both_sidebars_content_width":0,"ocean_both_sidebars_sidebars_width":0,"ocean_sidebar":"0","ocean_second_sidebar":"0","ocean_disable_margins":"enable","ocean_add_body_class":"","ocean_shortcode_before_top_bar":"","ocean_shortcode_after_top_bar":"","ocean_shortcode_before_header":"","ocean_shortcode_after_header":"","ocean_has_shortcode":"","ocean_shortcode_after_title":"","ocean_shortcode_before_footer_widgets":"","ocean_shortcode_after_footer_widgets":"","ocean_shortcode_before_footer_bottom":"","ocean_shortcode_after_footer_bottom":"","ocean_display_top_bar":"default","ocean_display_header":"default","ocean_header_style":"","ocean_center_header_left_menu":"0","ocean_custom_header_template":"0","ocean_custom_logo":0,"ocean_custom_retina_logo":0,"ocean_custom_logo_max_width":0,"ocean_custom_logo_tablet_max_width":0,"ocean_custom_logo_mobile_max_width":0,"ocean_custom_logo_max_height":0,"ocean_custom_logo_tablet_max_height":0,"ocean_custom_logo_mobile_max_height":0,"ocean_header_custom_menu":"0","ocean_menu_typo_font_family":"0","ocean_menu_typo_font_subset":"","ocean_menu_typo_font_size":0,"ocean_menu_typo_font_size_tablet":0,"ocean_menu_typo_font_size_mobile":0,"ocean_menu_typo_font_size_unit":"px","ocean_menu_typo_font_weight":"","ocean_menu_typo_font_weight_tablet":"","ocean_menu_typo_font_weight_mobile":"","ocean_menu_typo_transform":"","ocean_menu_typo_transform_tablet":"","ocean_menu_typo_transform_mobile":"","ocean_menu_typo_line_height":0,"ocean_menu_typo_line_height_tablet":0,"ocean_menu_typo_line_height_mobile":0,"ocean_menu_typo_line_height_unit":"","ocean_menu_typo_spacing":0,"ocean_menu_typo_spacing_tablet":0,"ocean_menu_typo_spacing_mobile":0,"ocean_menu_typo_spacing_unit":"","ocean_menu_link_color":"","ocean_menu_link_color_hover":"","ocean_menu_link_color_active":"","ocean_menu_link_background":"","ocean_menu_link_hover_background":"","ocean_menu_link_active_background":"","ocean_menu_social_links_bg":"","ocean_menu_social_hover_links_bg":"","ocean_menu_social_links_color":"","ocean_menu_social_hover_links_color":"","ocean_disable_title":"default","ocean_disable_heading":"default","ocean_post_title":"","ocean_post_subheading":"","ocean_post_title_style":"","ocean_post_title_background_color":"","ocean_post_title_background":0,"ocean_post_title_bg_image_position":"","ocean_post_title_bg_image_attachment":"","ocean_post_title_bg_image_repeat":"","ocean_post_title_bg_image_size":"","ocean_post_title_height":0,"ocean_post_title_bg_overlay":0.5,"ocean_post_title_bg_overlay_color":"","ocean_disable_breadcrumbs":"default","ocean_breadcrumbs_color":"","ocean_breadcrumbs_separator_color":"","ocean_breadcrumbs_links_color":"","ocean_breadcrumbs_links_hover_color":"","ocean_display_footer_widgets":"default","ocean_display_footer_bottom":"default","ocean_custom_footer_template":"0"},"product_brand":[],"product_cat":[134],"product_tag":[],"class_list":{"0":"post-448","1":"product","2":"type-product","3":"status-publish","4":"has-post-thumbnail","6":"product_cat-lierre","8":"entry","9":"has-media","11":"first","12":"instock","13":"purchasable","14":"product-type-variable","15":"has-default-attributes","16":"has-product-nav","17":"col","18":"span_1_of_4","19":"owp-content-center","20":"item-entry","21":"owp-thumbs-layout-horizontal","22":"owp-btn-normal","23":"owp-tabs-layout-section"},"acf":[],"jetpack_sharing_enabled":true,"_links":{"self":[{"href":"https:\/\/www.hedera-etc.com\/en\/wp-json\/wp\/v2\/product\/448","targetHints":{"allow":["GET"]}}],"collection":[{"href":"https:\/\/www.hedera-etc.com\/en\/wp-json\/wp\/v2\/product"}],"about":[{"href":"https:\/\/www.hedera-etc.com\/en\/wp-json\/wp\/v2\/types\/product"}],"replies":[{"embeddable":true,"href":"https:\/\/www.hedera-etc.com\/en\/wp-json\/wp\/v2\/comments?post=448"}],"version-history":[{"count":4,"href":"https:\/\/www.hedera-etc.com\/en\/wp-json\/wp\/v2\/product\/448\/revisions"}],"predecessor-version":[{"id":15548,"href":"https:\/\/www.hedera-etc.com\/en\/wp-json\/wp\/v2\/product\/448\/revisions\/15548"}],"wp:featuredmedia":[{"embeddable":true,"href":"https:\/\/www.hedera-etc.com\/en\/wp-json\/wp\/v2\/media\/12295"}],"wp:attachment":[{"href":"https:\/\/www.hedera-etc.com\/en\/wp-json\/wp\/v2\/media?parent=448"}],"wp:term":[{"taxonomy":"product_brand","embeddable":true,"href":"https:\/\/www.hedera-etc.com\/en\/wp-json\/wp\/v2\/product_brand?post=448"},{"taxonomy":"product_cat","embeddable":true,"href":"https:\/\/www.hedera-etc.com\/en\/wp-json\/wp\/v2\/product_cat?post=448"},{"taxonomy":"product_tag","embeddable":true,"href":"https:\/\/www.hedera-etc.com\/en\/wp-json\/wp\/v2\/product_tag?post=448"}],"curies":[{"name":"wp","href":"https:\/\/api.w.org\/{rel}","templated":true}]}}