{"id":3856,"date":"2024-01-26T19:17:41","date_gmt":"2024-01-26T18:17:41","guid":{"rendered":"https:\/\/www.hedera-etc.com\/?page_id=3856"},"modified":"2025-08-08T23:20:45","modified_gmt":"2025-08-08T21:20:45","slug":"conditions-generales-de-vente","status":"publish","type":"page","link":"https:\/\/www.hedera-etc.com\/it\/conditions-generales-de-vente\/","title":{"rendered":"Termini e condizioni di vendita"},"content":{"rendered":"<div data-elementor-type=\"wp-page\" data-elementor-id=\"3856\" class=\"elementor elementor-3856\" data-elementor-post-type=\"page\">\n\t\t\t\t<div class=\"elementor-element elementor-element-156fdac e-flex e-con-boxed e-con e-parent\" data-id=\"156fdac\" data-element_type=\"container\">\n\t\t\t\t\t<div class=\"e-con-inner\">\n\t\t\t\t<div class=\"elementor-element elementor-element-c353741 elementor-widget elementor-widget-text-editor\" data-id=\"c353741\" data-element_type=\"widget\" data-widget_type=\"text-editor.default\">\n\t\t\t\t<div class=\"elementor-widget-container\">\n\t\t\t\t\t\t\t\t\t<p>CONDIZIONI DI VENDITA\u00a0<\/p><p>Condizioni generali di vendita del Vivaio Lierres.com<\/p><p>Il nostro stabilimento non \u00e8 soggetto a IVA.<\/p><p>Le presenti Condizioni Generali di Vendita si applicano integralmente a tutte le vendite online, di Hederas e di tutte le variet\u00e0 di Edera rustica proposte dal sito www.hedera-etc.com, e consegnabili in Francia metropolitana, nonch\u00e9 nei 24 altri paesi dell'Unione Europea e nel Regno Unito.<\/p><p>Di conseguenza, ogni ordine effettuato sul sito Internet www.hedera-etc.com implica l'adesione intera e senza riserve dell'acquirente alle presenti Condizioni Generali di Vendita, escludendo qualsiasi altro documento, come prospetti e altre pubblicit\u00e0 che abbiano solo valore indicativo.<\/p><p>Lierres.com \u00e8 un servizio dell'Association des Amis des Jardins du Gu\u00e9.<\/p><p>Sede legale: 1 lieu-dit le Gu\u00e9 de Flais 79390 LHOUMOIS<\/p><p>SIRET: 878 926 369 00017<\/p><p>Le piante che offriamo sono descritte sul sito per aiutare i clienti internet a fare la loro scelta.\u00a0<\/p><p>Il cliente effettua il suo ordine sul sito www.hedera-etc.com.\u00a0<\/p><p>Tutti gli ordini effettuati saranno trattati dall'Association des Amis des Jardins du Gu\u00e9.<\/p><p>Le offerte sulle piante sono valide fino ad esaurimento scorte presso il vivaio. I prezzi dei prodotti sono espressi in euro, comprensivi di tutte le tasse ed escluse le spese di consegna.<\/p><p>Tutti gli ordini sono pagabili in euro.<\/p><p>L'associazione Les Amis des Jardins du Gu\u00e9 si riserva il diritto di modificare i propri prezzi (di vendita e di consegna) in qualsiasi momento, ma i prodotti e le spese di consegna saranno fatturati sulla base delle tariffe in vigore al momento dell'ordine.<\/p><p>Le piante saranno spedite da Colissimo. Le spese di trasporto sono a carico del cliente.\u00a0<\/p><p>Spediamo dal luned\u00ec al mercoled\u00ec tutto l'anno, tranne nei periodi di gelo o di canicola.<\/p><p>La vendita viene consegnata all'indirizzo di consegna indicato dal cliente al momento dell'ordine.<\/p><p>Se il destinatario \u00e8 assente dall'indirizzo di consegna, verr\u00e0 inviato un avviso di consegna all'ufficio postale del destinatario. Se il pacco non viene ritirato dal destinatario entro il termine stabilito, verr\u00e0 restituito al mittente. Non \u00e8 previsto alcun rimborso al destinatario per le restituzioni \u00abnon reclamate\u00bb.<\/p>\t\t\t\t\t\t\t\t<\/div>\n\t\t\t\t<\/div>\n\t\t\t\t\t<\/div>\n\t\t\t\t<\/div>\n\t\t\t\t<\/div>","protected":false},"excerpt":{"rendered":"<p>CONDITIONS DE VENTE\u00a0 Conditions G\u00e9n\u00e9rales de vente de la P\u00e9pini\u00e8re Lierres.com Notre \u00e9tablissement n&rsquo;est pas assujetti \u00e0 la TVA. Les pr\u00e9sentes Conditions G\u00e9n\u00e9rales de Vente s&rsquo;appliquent dans leur int\u00e9gralit\u00e9 \u00e0 toutes les ventes en ligne, d\u2019Hederas et de tous les Lierres rustiques propos\u00e9s par le site www.hedera-etc.com , et livrables en France M\u00e9tropolitaine, ainsi que [&hellip;]<\/p>\n","protected":false},"author":2,"featured_media":0,"parent":0,"menu_order":0,"comment_status":"closed","ping_status":"closed","template":"","meta":{"_acf_changed":false,"ocean_post_layout":"","ocean_both_sidebars_style":"","ocean_both_sidebars_content_width":0,"ocean_both_sidebars_sidebars_width":0,"ocean_sidebar":"","ocean_second_sidebar":"","ocean_disable_margins":"enable","ocean_add_body_class":"","ocean_shortcode_before_top_bar":"","ocean_shortcode_after_top_bar":"","ocean_shortcode_before_header":"","ocean_shortcode_after_header":"","ocean_has_shortcode":"","ocean_shortcode_after_title":"","ocean_shortcode_before_footer_widgets":"","ocean_shortcode_after_footer_widgets":"","ocean_shortcode_before_footer_bottom":"","ocean_shortcode_after_footer_bottom":"","ocean_display_top_bar":"default","ocean_display_header":"default","ocean_header_style":"","ocean_center_header_left_menu":"","ocean_custom_header_template":"","ocean_custom_logo":0,"ocean_custom_retina_logo":0,"ocean_custom_logo_max_width":0,"ocean_custom_logo_tablet_max_width":0,"ocean_custom_logo_mobile_max_width":0,"ocean_custom_logo_max_height":0,"ocean_custom_logo_tablet_max_height":0,"ocean_custom_logo_mobile_max_height":0,"ocean_header_custom_menu":"","ocean_menu_typo_font_family":"","ocean_menu_typo_font_subset":"","ocean_menu_typo_font_size":0,"ocean_menu_typo_font_size_tablet":0,"ocean_menu_typo_font_size_mobile":0,"ocean_menu_typo_font_size_unit":"px","ocean_menu_typo_font_weight":"","ocean_menu_typo_font_weight_tablet":"","ocean_menu_typo_font_weight_mobile":"","ocean_menu_typo_transform":"","ocean_menu_typo_transform_tablet":"","ocean_menu_typo_transform_mobile":"","ocean_menu_typo_line_height":0,"ocean_menu_typo_line_height_tablet":0,"ocean_menu_typo_line_height_mobile":0,"ocean_menu_typo_line_height_unit":"","ocean_menu_typo_spacing":0,"ocean_menu_typo_spacing_tablet":0,"ocean_menu_typo_spacing_mobile":0,"ocean_menu_typo_spacing_unit":"","ocean_menu_link_color":"","ocean_menu_link_color_hover":"","ocean_menu_link_color_active":"","ocean_menu_link_background":"","ocean_menu_link_hover_background":"","ocean_menu_link_active_background":"","ocean_menu_social_links_bg":"","ocean_menu_social_hover_links_bg":"","ocean_menu_social_links_color":"","ocean_menu_social_hover_links_color":"","ocean_disable_title":"default","ocean_disable_heading":"default","ocean_post_title":"","ocean_post_subheading":"","ocean_post_title_style":"","ocean_post_title_background_color":"","ocean_post_title_background":0,"ocean_post_title_bg_image_position":"","ocean_post_title_bg_image_attachment":"","ocean_post_title_bg_image_repeat":"","ocean_post_title_bg_image_size":"","ocean_post_title_height":0,"ocean_post_title_bg_overlay":0.5,"ocean_post_title_bg_overlay_color":"","ocean_disable_breadcrumbs":"default","ocean_breadcrumbs_color":"","ocean_breadcrumbs_separator_color":"","ocean_breadcrumbs_links_color":"","ocean_breadcrumbs_links_hover_color":"","ocean_display_footer_widgets":"default","ocean_display_footer_bottom":"default","ocean_custom_footer_template":"","footnotes":""},"class_list":["post-3856","page","type-page","status-publish","hentry","entry","owp-thumbs-layout-horizontal","owp-btn-normal","owp-tabs-layout-section","has-no-thumbnails","has-product-nav"],"acf":[],"jetpack_sharing_enabled":true,"_links":{"self":[{"href":"https:\/\/www.hedera-etc.com\/it\/wp-json\/wp\/v2\/pages\/3856","targetHints":{"allow":["GET"]}}],"collection":[{"href":"https:\/\/www.hedera-etc.com\/it\/wp-json\/wp\/v2\/pages"}],"about":[{"href":"https:\/\/www.hedera-etc.com\/it\/wp-json\/wp\/v2\/types\/page"}],"author":[{"embeddable":true,"href":"https:\/\/www.hedera-etc.com\/it\/wp-json\/wp\/v2\/users\/2"}],"replies":[{"embeddable":true,"href":"https:\/\/www.hedera-etc.com\/it\/wp-json\/wp\/v2\/comments?post=3856"}],"version-history":[{"count":6,"href":"https:\/\/www.hedera-etc.com\/it\/wp-json\/wp\/v2\/pages\/3856\/revisions"}],"predecessor-version":[{"id":15685,"href":"https:\/\/www.hedera-etc.com\/it\/wp-json\/wp\/v2\/pages\/3856\/revisions\/15685"}],"wp:attachment":[{"href":"https:\/\/www.hedera-etc.com\/it\/wp-json\/wp\/v2\/media?parent=3856"}],"curies":[{"name":"wp","href":"https:\/\/api.w.org\/{rel}","templated":true}]}}