{"id":1191,"date":"2023-11-01T07:34:51","date_gmt":"2023-11-01T06:34:51","guid":{"rendered":"https:\/\/www.hedera-etc.com\/?post_type=product&#038;p=1191"},"modified":"2026-05-01T07:09:48","modified_gmt":"2026-05-01T05:09:48","slug":"hedera-helix-perkeo","status":"publish","type":"product","link":"https:\/\/www.hedera-etc.com\/it\/product\/hedera-helix-perkeo\/","title":{"rendered":"<em>Hedera helix<\/em> &lsquo;Perkeo&rsquo; &#8211; Edera ornamentale"},"content":{"rendered":"<div data-elementor-type=\"product-post\" data-elementor-id=\"1191\" class=\"elementor elementor-1191\" data-elementor-post-type=\"product\">\n\t\t\t\t<div class=\"elementor-element elementor-element-2777d19 e-flex e-con-boxed e-con e-parent\" data-id=\"2777d19\" data-element_type=\"container\">\n\t\t\t\t\t<div class=\"e-con-inner\">\n\t\t\t\t<div class=\"elementor-element elementor-element-d65aa4d elementor-widget elementor-widget-text-editor\" data-id=\"d65aa4d\" data-element_type=\"widget\" data-widget_type=\"text-editor.default\">\n\t\t\t\t<div class=\"elementor-widget-container\">\n\t\t\t\t\t\t\t\t\t<h2><span style=\"color: #f0ffed;\">Edera ornamentale - Hedera helix \u2018Perkeo\u2019<\/span><\/h2>\t\t\t\t\t\t\t\t<\/div>\n\t\t\t\t<\/div>\n\t\t\t\t\t<\/div>\n\t\t\t\t<\/div>\n\t\t<div class=\"elementor-element elementor-element-3c977727 e-flex e-con-boxed e-con e-parent\" data-id=\"3c977727\" data-element_type=\"container\">\n\t\t\t\t\t<div class=\"e-con-inner\">\n\t\t<div class=\"elementor-element elementor-element-3c410c1e e-flex e-con-boxed e-con e-child\" data-id=\"3c410c1e\" data-element_type=\"container\">\n\t\t\t\t\t<div class=\"e-con-inner\">\n\t\t\t\t<div class=\"elementor-element elementor-element-41d28993 elementor-widget elementor-widget-heading\" data-id=\"41d28993\" data-element_type=\"widget\" data-widget_type=\"heading.default\">\n\t\t\t\t<div class=\"elementor-widget-container\">\n\t\t\t\t\t<h2 class=\"elementor-heading-title elementor-size-default\">In breve<\/h2>\t\t\t\t<\/div>\n\t\t\t\t<\/div>\n\t\t\t\t<div class=\"elementor-element elementor-element-d71959d elementor-widget elementor-widget-text-editor\" data-id=\"d71959d\" data-element_type=\"widget\" data-widget_type=\"text-editor.default\">\n\t\t\t\t<div class=\"elementor-widget-container\">\n\t\t\t\t\t\t\t\t\t<p>Edera ornamentale, <strong><em>Hedera helix<\/em> \u2018Perkeo\u2019<\/strong>, Questa pianta \u00e8 un'interessante curiosit\u00e0 per la copertura del terreno, diffondendo i suoi steli bassi al suolo, con foglie tagliate che assomigliano a spighe.<\/p><p>Foglie verde chiaro, tagliate con steli e venature rosse, portamento cespuglioso. Bellissimi colori invernali.<\/p><p>Il suo fogliame caratteristico persiste in terreni secchi e poveri; in condizioni pi\u00f9 favorevoli, i germogli vigorosi presentano foglie trilobate.<\/p>\t\t\t\t\t\t\t\t<\/div>\n\t\t\t\t<\/div>\n\t\t\t\t<div class=\"elementor-element elementor-element-2a88c5e elementor-headline--style-highlight elementor-widget elementor-widget-animated-headline\" data-id=\"2a88c5e\" data-element_type=\"widget\" data-settings=\"{&quot;highlighted_text&quot;:&quot;un original&quot;,&quot;headline_style&quot;:&quot;highlight&quot;,&quot;marker&quot;:&quot;circle&quot;,&quot;loop&quot;:&quot;yes&quot;,&quot;highlight_animation_duration&quot;:1200,&quot;highlight_iteration_delay&quot;:8000}\" data-widget_type=\"animated-headline.default\">\n\t\t\t\t<div class=\"elementor-widget-container\">\n\t\t\t\t\t\t\t<h2 class=\"elementor-headline\">\n\t\t\t\t\t<span class=\"elementor-headline-plain-text elementor-headline-text-wrapper\">Edera, Hedera helix 'Perkeo', <\/span>\n\t\t\t\t<span class=\"elementor-headline-dynamic-wrapper elementor-headline-text-wrapper\">\n\t\t\t\t\t<span class=\"elementor-headline-dynamic-text elementor-headline-text-active\">un originale<\/span>\n\t\t\t\t<\/span>\n\t\t\t\t<\/h2>\n\t\t\t\t\t\t<\/div>\n\t\t\t\t<\/div>\n\t\t\t\t<div class=\"elementor-element elementor-element-4e20e66 elementor-widget elementor-widget-text-editor\" data-id=\"4e20e66\" data-element_type=\"widget\" data-widget_type=\"text-editor.default\">\n\t\t\t\t<div class=\"elementor-widget-container\">\n\t\t\t\t\t\t\t\t\t<h3>Prima di tutto, il fogliame<\/h3><p>La maggior parte delle piante di edera ha un fogliame diviso in 3, 5 o 7 lobi. Ma <i>Hedera helix<\/i> \u2018Perkeo\u2019 \u00e8 un'eccezione, con le sue foglie quasi rotonde. Si tratta di una caratteristica rara nell'edera. Ma non \u00e8 tutto. La maggior parte delle foglie dell'edera sono piatte. Non \u00e8 cos\u00ec per la \u2018Perkeo\u2019, le cui foglie sono curve, in rilievo o irregolari. Alcuni le vedono come orecchie. Ma state tranquilli, non stanno ascoltando! Resta il fatto che \u2018Perkeo\u2019 non manca di fascino, con il suo tenero fogliame verde in primavera, che assume belle sfumature arancioni in inverno. \u00c8 ancora pi\u00f9 bello quando spiccano le venature rosse che lo attraversano.<\/p><h3>Ma anche il comportamento<\/h3><div>Come avrete notato spesso, le piante di edera hanno un solo desiderio: arrampicarsi. Queste piante ombrose strisciano fino a quando non trovano un albero, un muro o un palo, insomma un supporto che dia loro accesso a un po' pi\u00f9 di luce. Anche qui, <em>Hedera helix<\/em> \u2018Perkeo\u2019 \u00e8 un'eccezione. Forma un folto ciuffo simile a un cespuglio, ma non \u00e8 particolarmente rampicante. Per questo \u00e8 una scelta eccellente per chi cerca una copertura del terreno che non attacchi gli alberi, anche se l'edera non danneggia gli alberi su cui si arrampica.<\/div><div>\u00a0<\/div><h3>E la sua frugalit\u00e0<\/h3><p>L'edera di solito prospera nel sottobosco, dove il terreno \u00e8 ricco di humus proveniente dalla decomposizione di rami e foglie degli alberi. Il Perkeo non disdegna questo tipo di situazione. Ma poi si comporter\u00e0 come una normale edera con foglie lobate, perdendo la sua originalit\u00e0. Al contrario, \u00e8 in terreni poveri e persino secchi che dar\u00e0 il meglio di s\u00e9, con le sue foglie e il suo portamento originali.<\/p><p>Edera, <em>Hedera helix<\/em> \u2018Perkeo\u2019 \u00e8 la prova che l'edera \u00e8 estremamente varia e che \u00e8 possibile creare decorazioni originali e permanenti scegliendo tra una vasta gamma di forme diverse, fogliame diverso, colori diversi, comportamenti diversi...<\/p><p>Un'altra edera che presenta quasi le stesse caratteristiche di \u2018Perkeo\u2019 : <a href=\"https:\/\/www.hedera-etc.com\/it\/product\/hedera-helix-ralf\/\" target=\"_blank\" rel=\"noopener\"><i>Hedera helix<\/i> \u2018Ralf\u2019<\/a>. L'edera \u2018Perkeo\u2019 \u00e8 una mutazione di \u2018Ralf\u2019.<\/p>\t\t\t\t\t\t\t\t<\/div>\n\t\t\t\t<\/div>\n\t\t\t\t<div class=\"elementor-element elementor-element-3b7ecfa6 elementor-widget elementor-widget-heading\" data-id=\"3b7ecfa6\" data-element_type=\"widget\" data-widget_type=\"heading.default\">\n\t\t\t\t<div class=\"elementor-widget-container\">\n\t\t\t\t\t<h2 class=\"elementor-heading-title elementor-size-default\">La storia<\/h2>\t\t\t\t<\/div>\n\t\t\t\t<\/div>\n\t\t\t\t<div class=\"elementor-element elementor-element-5c37b8b9 elementor-widget elementor-widget-text-editor\" data-id=\"5c37b8b9\" data-element_type=\"widget\" data-widget_type=\"text-editor.default\">\n\t\t\t\t<div class=\"elementor-widget-container\">\n\t\t\t\t\t\t\t\t\t<p>Questa cultivar \u00e8 stata scoperta da Ingobert Heieck nel monastero di Neuburf, in Germania, nel 1980.<\/p>\t\t\t\t\t\t\t\t<\/div>\n\t\t\t\t<\/div>\n\t\t\t\t<div class=\"elementor-element elementor-element-7a4f3510 elementor-widget elementor-widget-heading\" data-id=\"7a4f3510\" data-element_type=\"widget\" data-widget_type=\"heading.default\">\n\t\t\t\t<div class=\"elementor-widget-container\">\n\t\t\t\t\t<h2 class=\"elementor-heading-title elementor-size-default\">Scheda dettagliata - Hedera helix 'Perkeo'<\/h2>\t\t\t\t<\/div>\n\t\t\t\t<\/div>\n\t\t\t\t<div class=\"elementor-element elementor-element-24f82d27 elementor-widget elementor-widget-text-editor\" data-id=\"24f82d27\" data-element_type=\"widget\" data-widget_type=\"text-editor.default\">\n\t\t\t\t<div class=\"elementor-widget-container\">\n\t\t\t\t\t\t\t\t\t<h3>Informazioni botaniche<\/h3>\n<ul>\n<li>Famiglia: Araliaceae<\/li>\n<li>Genere : <em><strong>Hedera<\/strong><\/em><\/li>\n<li>Specie : <em>helix<\/em><\/li>\n<li>Cultivar: \u2018Perkeo\u2019<\/li>\n<li>Classificazione di Pierot: edera curiosa, edera cordata<\/li>\n<li>Stadio fogliare: giovanile<\/li>\n<li>Origine della specie: Europa, dalla Spagna alla Norvegia, ma poco sulla costa atlantica.<\/li>\n<li>Origine della cultivar: sport di \u2018Ralf\u2019, scoperto nel 1980 da Hingobert Heieck presso il monastero di Neuburg, in Germania.<\/li>\n<\/ul>\n<h3>&nbsp;<\/h3>\n<h3>Descrizione di Hedera helix \u2018Perkeo\u2019<\/h3>\n<ul>\n<li>Porto: semi-eretto<\/li>\n<li>Numero di lobi: generalmente non lobati<\/li>\n<li>Lunghezza delle foglie: 7 cm<\/li>\n<li>Larghezza del foglio: 6 cm<\/li>\n<li>Colore delle foglie: verde medio<\/li>\n<li>Variazione di colore: foglie giovani verde giallastro, diventa rosa in inverno.<\/li>\n<li>Colore delle venature: rossastro<\/li>\n<li>Colore del fusto e del picciolo: viola verdastro<\/li>\n<li>Ramificazioni: abbastanza diffuse<\/li>\n<li>Peli: stellati, da 3 a 5 ramificazioni<\/li>\n<\/ul>\n<h3>&nbsp;<\/h3>\n<h3>Consigli per la semina, la coltivazione e la manutenzione di Hedera helix \u2018Perkeo\u2019<\/h3>\n<ul>\n<li>Esposizione: ombra, ombra parziale, sole<\/li>\n<li>Resistenza: -8\u00b0C<\/li>\n<li>Umidit\u00e0 del terreno: terreno fresco<\/li>\n<li>PH del terreno: neutro o calcareo<\/li>\n<li>Tipo di terreno: tutti<\/li>\n<li>Ricchezza del suolo: ordinario o ricco di humus<\/li>\n<li>Uso: copertura del terreno, roccaglia, vasi, jardiniere, bonsai<\/li>\n<li>Sviluppo: modesto, lento<\/li>\n<li>Potatura: una volta all'anno<\/li>\n<li>Parassiti: molto rari (ragnetto, cocciniglia)<\/li>\n<li>Malattie: molto rare (macchie fogliari)<\/li>\n<\/ul>\t\t\t\t\t\t\t\t<\/div>\n\t\t\t\t<\/div>\n\t\t\t\t\t<\/div>\n\t\t\t\t<\/div>\n\t\t\t\t\t<\/div>\n\t\t\t\t<\/div>\n\t\t<div class=\"elementor-element elementor-element-4e2f05ec e-flex e-con-boxed e-con e-parent\" data-id=\"4e2f05ec\" data-element_type=\"container\">\n\t\t\t\t\t<div class=\"e-con-inner\">\n\t\t\t\t<div class=\"elementor-element elementor-element-d8456ed elementor-widget elementor-widget-image\" data-id=\"d8456ed\" data-element_type=\"widget\" data-widget_type=\"image.default\">\n\t\t\t\t<div class=\"elementor-widget-container\">\n\t\t\t\t\t\t\t\t\t\t\t\t\t\t\t<img fetchpriority=\"high\" decoding=\"async\" width=\"1024\" height=\"146\" src=\"https:\/\/www.hedera-etc.com\/wp-content\/uploads\/2023\/10\/guirlande-1024x146.webp\" class=\"attachment-large size-large wp-image-116\" alt=\"La boutique du lierre - Ghirlanda di edera\" srcset=\"https:\/\/www.hedera-etc.com\/wp-content\/uploads\/2023\/10\/guirlande-1024x146.webp 1024w, https:\/\/www.hedera-etc.com\/wp-content\/uploads\/2023\/10\/guirlande-900x129.webp 900w, https:\/\/www.hedera-etc.com\/wp-content\/uploads\/2023\/10\/guirlande-300x43.webp 300w, https:\/\/www.hedera-etc.com\/wp-content\/uploads\/2023\/10\/guirlande-768x110.webp 768w, https:\/\/www.hedera-etc.com\/wp-content\/uploads\/2023\/10\/guirlande.webp 1126w\" sizes=\"(max-width: 1024px) 100vw, 1024px\" \/>\t\t\t\t\t\t\t\t\t\t\t\t\t\t\t<\/div>\n\t\t\t\t<\/div>\n\t\t\t\t<div class=\"elementor-element elementor-element-7e8a3319 elementor-widget elementor-widget-text-editor\" data-id=\"7e8a3319\" data-element_type=\"widget\" data-widget_type=\"text-editor.default\">\n\t\t\t\t<div class=\"elementor-widget-container\">\n\t\t\t\t\t\t\t\t\t<h3 style=\"text-align: center;\"><span style=\"color: #008000;\">L'edera nella letteratura<\/span><\/h3><blockquote><p style=\"text-align: center;\"><span style=\"color: #993366;\">\u201cLe pareti ricoperte di edera sussurravano segreti dimenticati, cullati dal vento.<\/span><span style=\"color: #993366;\">\u201d<\/span><\/p><\/blockquote><h5 style=\"text-align: right;\"><strong>F. Scott Fitzgerald<\/strong>, <em>Lo straniero alla porta<\/em><\/h5>\t\t\t\t\t\t\t\t<\/div>\n\t\t\t\t<\/div>\n\t\t\t\t\t<\/div>\n\t\t\t\t<\/div>\n\t\t\t\t<\/div>","protected":false},"excerpt":{"rendered":"<p>Un'interessante curiosit\u00e0 per la copertura del terreno. Foglie a forma di coppa che assomigliano a delle orecchie.<\/p>\n<p>Foglie verde chiaro, tagliate con steli e venature rosse, portamento cespuglioso. Bellissimi colori invernali.<\/p>\n<p>Caratteristica del suo fogliame sempreverde in terreni secchi e poveri.<\/p>","protected":false},"featured_media":1192,"comment_status":"open","ping_status":"closed","template":"","meta":{"_acf_changed":false,"ocean_post_layout":"","ocean_both_sidebars_style":"","ocean_both_sidebars_content_width":0,"ocean_both_sidebars_sidebars_width":0,"ocean_sidebar":"0","ocean_second_sidebar":"0","ocean_disable_margins":"enable","ocean_add_body_class":"","ocean_shortcode_before_top_bar":"","ocean_shortcode_after_top_bar":"","ocean_shortcode_before_header":"","ocean_shortcode_after_header":"","ocean_has_shortcode":"","ocean_shortcode_after_title":"","ocean_shortcode_before_footer_widgets":"","ocean_shortcode_after_footer_widgets":"","ocean_shortcode_before_footer_bottom":"","ocean_shortcode_after_footer_bottom":"","ocean_display_top_bar":"default","ocean_display_header":"default","ocean_header_style":"","ocean_center_header_left_menu":"0","ocean_custom_header_template":"0","ocean_custom_logo":0,"ocean_custom_retina_logo":0,"ocean_custom_logo_max_width":0,"ocean_custom_logo_tablet_max_width":0,"ocean_custom_logo_mobile_max_width":0,"ocean_custom_logo_max_height":0,"ocean_custom_logo_tablet_max_height":0,"ocean_custom_logo_mobile_max_height":0,"ocean_header_custom_menu":"0","ocean_menu_typo_font_family":"0","ocean_menu_typo_font_subset":"","ocean_menu_typo_font_size":0,"ocean_menu_typo_font_size_tablet":0,"ocean_menu_typo_font_size_mobile":0,"ocean_menu_typo_font_size_unit":"px","ocean_menu_typo_font_weight":"","ocean_menu_typo_font_weight_tablet":"","ocean_menu_typo_font_weight_mobile":"","ocean_menu_typo_transform":"","ocean_menu_typo_transform_tablet":"","ocean_menu_typo_transform_mobile":"","ocean_menu_typo_line_height":0,"ocean_menu_typo_line_height_tablet":0,"ocean_menu_typo_line_height_mobile":0,"ocean_menu_typo_line_height_unit":"","ocean_menu_typo_spacing":0,"ocean_menu_typo_spacing_tablet":0,"ocean_menu_typo_spacing_mobile":0,"ocean_menu_typo_spacing_unit":"","ocean_menu_link_color":"","ocean_menu_link_color_hover":"","ocean_menu_link_color_active":"","ocean_menu_link_background":"","ocean_menu_link_hover_background":"","ocean_menu_link_active_background":"","ocean_menu_social_links_bg":"","ocean_menu_social_hover_links_bg":"","ocean_menu_social_links_color":"","ocean_menu_social_hover_links_color":"","ocean_disable_title":"default","ocean_disable_heading":"default","ocean_post_title":"","ocean_post_subheading":"","ocean_post_title_style":"","ocean_post_title_background_color":"","ocean_post_title_background":0,"ocean_post_title_bg_image_position":"","ocean_post_title_bg_image_attachment":"","ocean_post_title_bg_image_repeat":"","ocean_post_title_bg_image_size":"","ocean_post_title_height":0,"ocean_post_title_bg_overlay":0.5,"ocean_post_title_bg_overlay_color":"","ocean_disable_breadcrumbs":"default","ocean_breadcrumbs_color":"","ocean_breadcrumbs_separator_color":"","ocean_breadcrumbs_links_color":"","ocean_breadcrumbs_links_hover_color":"","ocean_display_footer_widgets":"default","ocean_display_footer_bottom":"default","ocean_custom_footer_template":"0"},"product_brand":[],"product_cat":[134],"product_tag":[],"class_list":{"0":"post-1191","1":"product","2":"type-product","3":"status-publish","4":"has-post-thumbnail","6":"product_cat-lierre","8":"entry","9":"has-media","11":"first","12":"instock","13":"purchasable","14":"product-type-variable","15":"has-default-attributes","16":"has-product-nav","17":"col","18":"span_1_of_4","19":"owp-content-center","20":"item-entry","21":"owp-thumbs-layout-horizontal","22":"owp-btn-normal","23":"owp-tabs-layout-section"},"acf":[],"jetpack_sharing_enabled":true,"_links":{"self":[{"href":"https:\/\/www.hedera-etc.com\/it\/wp-json\/wp\/v2\/product\/1191","targetHints":{"allow":["GET"]}}],"collection":[{"href":"https:\/\/www.hedera-etc.com\/it\/wp-json\/wp\/v2\/product"}],"about":[{"href":"https:\/\/www.hedera-etc.com\/it\/wp-json\/wp\/v2\/types\/product"}],"replies":[{"embeddable":true,"href":"https:\/\/www.hedera-etc.com\/it\/wp-json\/wp\/v2\/comments?post=1191"}],"version-history":[{"count":5,"href":"https:\/\/www.hedera-etc.com\/it\/wp-json\/wp\/v2\/product\/1191\/revisions"}],"predecessor-version":[{"id":18492,"href":"https:\/\/www.hedera-etc.com\/it\/wp-json\/wp\/v2\/product\/1191\/revisions\/18492"}],"wp:featuredmedia":[{"embeddable":true,"href":"https:\/\/www.hedera-etc.com\/it\/wp-json\/wp\/v2\/media\/1192"}],"wp:attachment":[{"href":"https:\/\/www.hedera-etc.com\/it\/wp-json\/wp\/v2\/media?parent=1191"}],"wp:term":[{"taxonomy":"product_brand","embeddable":true,"href":"https:\/\/www.hedera-etc.com\/it\/wp-json\/wp\/v2\/product_brand?post=1191"},{"taxonomy":"product_cat","embeddable":true,"href":"https:\/\/www.hedera-etc.com\/it\/wp-json\/wp\/v2\/product_cat?post=1191"},{"taxonomy":"product_tag","embeddable":true,"href":"https:\/\/www.hedera-etc.com\/it\/wp-json\/wp\/v2\/product_tag?post=1191"}],"curies":[{"name":"wp","href":"https:\/\/api.w.org\/{rel}","templated":true}]}}