{"id":1313,"date":"2023-11-03T08:34:00","date_gmt":"2023-11-03T07:34:00","guid":{"rendered":"https:\/\/www.hedera-etc.com\/?post_type=product&#038;p=1313"},"modified":"2026-04-28T07:09:27","modified_gmt":"2026-04-28T05:09:27","slug":"hedera-helix-russells-gold","status":"publish","type":"product","link":"https:\/\/www.hedera-etc.com\/it\/product\/hedera-helix-russells-gold\/","title":{"rendered":"<em>Hedera helix<\/em> &lsquo;Russell&rsquo;s Gold&rsquo; &#8211; Edera ornamentale"},"content":{"rendered":"<div data-elementor-type=\"product-post\" data-elementor-id=\"1313\" class=\"elementor elementor-1313\" data-elementor-post-type=\"product\">\n\t\t\t\t<div class=\"elementor-element elementor-element-58ec95d1 e-con-full e-flex e-con e-child\" data-id=\"58ec95d1\" data-element_type=\"container\">\n\t\t\t\t<div class=\"elementor-element elementor-element-1a7e43b3 elementor-widget elementor-widget-text-editor\" data-id=\"1a7e43b3\" data-element_type=\"widget\" data-widget_type=\"text-editor.default\">\n\t\t\t\t<div class=\"elementor-widget-container\">\n\t\t\t\t\t\t\t\t\t<h2><span style=\"color: #f0ffed;\">L'edera ornamentale\u00a0 &#8211; Hedera helix &lsquo;Russell&rsquo;s Gold&rsquo;<\/span><\/h2>\t\t\t\t\t\t\t\t<\/div>\n\t\t\t\t<\/div>\n\t\t\t\t<\/div>\n\t\t<div class=\"elementor-element elementor-element-626d7a80 e-flex e-con-boxed e-con e-parent\" data-id=\"626d7a80\" data-element_type=\"container\">\n\t\t\t\t\t<div class=\"e-con-inner\">\n\t\t<div class=\"elementor-element elementor-element-7a9426fb e-flex e-con-boxed e-con e-child\" data-id=\"7a9426fb\" data-element_type=\"container\">\n\t\t\t\t\t<div class=\"e-con-inner\">\n\t\t\t\t<div class=\"elementor-element elementor-element-4627a45e elementor-widget elementor-widget-heading\" data-id=\"4627a45e\" data-element_type=\"widget\" data-widget_type=\"heading.default\">\n\t\t\t\t<div class=\"elementor-widget-container\">\n\t\t\t\t\t<h2 class=\"elementor-heading-title elementor-size-default\">In breve<\/h2>\t\t\t\t<\/div>\n\t\t\t\t<\/div>\n\t\t\t\t<div class=\"elementor-element elementor-element-7f3ce1ae elementor-widget elementor-widget-text-editor\" data-id=\"7f3ce1ae\" data-element_type=\"widget\" data-widget_type=\"text-editor.default\">\n\t\t\t\t<div class=\"elementor-widget-container\">\n\t\t\t\t\t\t\t\t\t<p>Edera ornamentale, <strong><em>Hedera helix<\/em> &lsquo;Russell&rsquo;s Gold&rsquo;,<\/strong> \u00e8 interessante per i suoi giovani germogli di colore da dorato a giallo chiaro. Le foglie giovani misurano 4-6 cm, e sono portate su steli con internodi distanti 4 cm l'uno dall'altro. A maturit\u00e0 diventano verde scuro, con foglie molto pi\u00f9 piccole.<\/p><p>Ce lierre ressemble \u00e0 &lsquo;Buttercup&rsquo;, avec des feuilles plus espac\u00e9es, de texture plus fine et aux lobes centraux de longueur variable, mais souvent plus longs et plus ondul\u00e9s \u00e0 la marge.\u00a0<\/p><p>I suoi germogli hanno pochissime radici avventizie. \u00c8 un buon rampicante, che non sovrasta il suo supporto e rimane discreto con le sue piccole foglie.<\/p>\t\t\t\t\t\t\t\t<\/div>\n\t\t\t\t<\/div>\n\t\t\t\t<div class=\"elementor-element elementor-element-1832c4cd elementor-widget elementor-widget-heading\" data-id=\"1832c4cd\" data-element_type=\"widget\" data-widget_type=\"heading.default\">\n\t\t\t\t<div class=\"elementor-widget-container\">\n\t\t\t\t\t<h2 class=\"elementor-heading-title elementor-size-default\">La storia<\/h2>\t\t\t\t<\/div>\n\t\t\t\t<\/div>\n\t\t\t\t<div class=\"elementor-element elementor-element-7041aa31 elementor-widget elementor-widget-text-editor\" data-id=\"7041aa31\" data-element_type=\"widget\" data-widget_type=\"text-editor.default\">\n\t\t\t\t<div class=\"elementor-widget-container\">\n\t\t\t\t\t\t\t\t\t<p>Questa cultivar \u00e8 stata introdotta da LR Russel Ltd, Regno Unito, nel 1908.<\/p>\t\t\t\t\t\t\t\t<\/div>\n\t\t\t\t<\/div>\n\t\t\t\t<div class=\"elementor-element elementor-element-64ef483f elementor-widget elementor-widget-heading\" data-id=\"64ef483f\" data-element_type=\"widget\" data-widget_type=\"heading.default\">\n\t\t\t\t<div class=\"elementor-widget-container\">\n\t\t\t\t\t<h2 class=\"elementor-heading-title elementor-size-default\">Scheda tecnica - Hedera helix 'Russell's Gold'<\/h2>\t\t\t\t<\/div>\n\t\t\t\t<\/div>\n\t\t\t\t<div class=\"elementor-element elementor-element-1b713fe elementor-widget elementor-widget-text-editor\" data-id=\"1b713fe\" data-element_type=\"widget\" data-widget_type=\"text-editor.default\">\n\t\t\t\t<div class=\"elementor-widget-container\">\n\t\t\t\t\t\t\t\t\t<h3>Informazioni botaniche<\/h3>\n<ul>\n<li>Famiglia: Araliaceae<\/li>\n<li>Genere : <em><strong>Hedera<\/strong><\/em><\/li>\n<li>Specie : <em>helix<\/em><\/li>\n<li>Coltivare : &lsquo;Russell&rsquo;s Gold&rsquo;<\/li>\n<li>Classificazione Pierot: tipo edera<\/li>\n<li>Stadio fogliare: giovanile<\/li>\n<li>Origine della specie: Europa, dalla Spagna alla Norvegia, ma poco sulla costa atlantica.<\/li>\n<li>Origine della cultivar: sconosciuta<\/li>\n<\/ul>\n<h3>&nbsp;<\/h3>\n<h3>Descrizione di Hedera helix &lsquo;Russell&rsquo;s Gold&rsquo;<\/h3>\n<ul>\n<li>Portamento di crescita: copertura del terreno<\/li>\n<li>Numero di lobi: da 3 a 5 lobi in generale<\/li>\n<li>Lunghezza delle foglie: 7 cm<\/li>\n<li>Larghezza del foglio: 6 cm<\/li>\n<li>Colore delle foglie: i giovani germogli sono gialli, poi diventano verde scuro.<\/li>\n<li>Colore delle vene: verde chiaro<\/li>\n<li>Colore del fusto e del picciolo: rossastro<\/li>\n<li>Fusto: ben ramificato<\/li>\n<li>Lunghezza del picciolo: 2 cm<\/li>\n<li>Distanza tra i nodi: 2 cm<\/li>\n<li>Peli: stellati, da 3 a 5 ramificazioni<\/li>\n<\/ul>\n<h3>&nbsp;<\/h3>\n<h3>Consigli per la piantagione, la coltivazione e la cura di Hedera helix &lsquo;Russell&rsquo;s Gold&rsquo;<\/h3>\n<ul>\n<li>Esposizione: ombra, ombra parziale, sole<\/li>\n<li>Resistenza: -12\u00b0C<\/li>\n<li>Umidit\u00e0 del terreno: terreno fresco<\/li>\n<li>PH del terreno: neutro o calcareo<\/li>\n<li>Tipo di terreno: tutti<\/li>\n<li>Ricchezza del suolo: ordinario o ricco di humus<\/li>\n<li>Uso: arrampicata<\/li>\n<li>Sviluppo: moderato, lento<\/li>\n<li>Potatura: una volta all'anno<\/li>\n<li>Parassiti: molto rari (ragnetto, cocciniglia)<\/li>\n<li>Malattie: molto rare (macchie fogliari)<\/li>\n<\/ul>\t\t\t\t\t\t\t\t<\/div>\n\t\t\t\t<\/div>\n\t\t\t\t\t<\/div>\n\t\t\t\t<\/div>\n\t\t\t\t\t<\/div>\n\t\t\t\t<\/div>\n\t\t<div class=\"elementor-element elementor-element-6b191c96 e-flex e-con-boxed e-con e-parent\" data-id=\"6b191c96\" data-element_type=\"container\">\n\t\t\t\t\t<div class=\"e-con-inner\">\n\t\t\t\t<div class=\"elementor-element elementor-element-4db70e9d elementor-widget elementor-widget-image\" data-id=\"4db70e9d\" data-element_type=\"widget\" data-widget_type=\"image.default\">\n\t\t\t\t<div class=\"elementor-widget-container\">\n\t\t\t\t\t\t\t\t\t\t\t\t\t\t\t<img fetchpriority=\"high\" decoding=\"async\" width=\"1024\" height=\"146\" src=\"https:\/\/www.hedera-etc.com\/wp-content\/uploads\/2023\/10\/guirlande-1024x146.webp\" class=\"attachment-large size-large wp-image-116\" alt=\"La boutique du lierre - Ghirlanda di edera\" srcset=\"https:\/\/www.hedera-etc.com\/wp-content\/uploads\/2023\/10\/guirlande-1024x146.webp 1024w, https:\/\/www.hedera-etc.com\/wp-content\/uploads\/2023\/10\/guirlande-900x129.webp 900w, https:\/\/www.hedera-etc.com\/wp-content\/uploads\/2023\/10\/guirlande-300x43.webp 300w, https:\/\/www.hedera-etc.com\/wp-content\/uploads\/2023\/10\/guirlande-768x110.webp 768w, https:\/\/www.hedera-etc.com\/wp-content\/uploads\/2023\/10\/guirlande.webp 1126w\" sizes=\"(max-width: 1024px) 100vw, 1024px\" \/>\t\t\t\t\t\t\t\t\t\t\t\t\t\t\t<\/div>\n\t\t\t\t<\/div>\n\t\t\t\t<div class=\"elementor-element elementor-element-6f4c72a0 elementor-widget elementor-widget-text-editor\" data-id=\"6f4c72a0\" data-element_type=\"widget\" data-widget_type=\"text-editor.default\">\n\t\t\t\t<div class=\"elementor-widget-container\">\n\t\t\t\t\t\t\t\t\t<h3 style=\"text-align: center;\"><span style=\"color: #008000;\">L'edera nella letteratura<\/span><\/h3><blockquote><p style=\"text-align: center;\"><span style=\"color: #993366;\">\u201cLe rovine ricoperte di edera ci ricordano che anche in mezzo all'abbandono la vita persiste.<\/span><span style=\"color: #993366;\">\u201d<\/span><\/p><\/blockquote><h5 style=\"text-align: right;\">Guy de Maupassant, <em>Una vita<\/em><\/h5>\t\t\t\t\t\t\t\t<\/div>\n\t\t\t\t<\/div>\n\t\t\t\t\t<\/div>\n\t\t\t\t<\/div>\n\t\t\t\t<\/div>","protected":false},"excerpt":{"rendered":"<p>Interessante per i suoi giovani germogli di colore giallo oro o giallo chiaro, che diventano verde scuro a maturit\u00e0.<\/p>\n<p>Simile a \u2018Buttercup\u2019, con foglie pi\u00f9 distanziate, di consistenza pi\u00f9 fine e lobi centrali di lunghezza variabile, ma spesso pi\u00f9 lunghi e ondulati al margine.<\/p>\n<p>Un buon rampicante che non sovrasta il suo supporto e rimane discreto con le sue piccole foglie.<\/p>","protected":false},"featured_media":14221,"comment_status":"open","ping_status":"closed","template":"","meta":{"_acf_changed":false,"ocean_post_layout":"","ocean_both_sidebars_style":"","ocean_both_sidebars_content_width":0,"ocean_both_sidebars_sidebars_width":0,"ocean_sidebar":"0","ocean_second_sidebar":"0","ocean_disable_margins":"enable","ocean_add_body_class":"","ocean_shortcode_before_top_bar":"","ocean_shortcode_after_top_bar":"","ocean_shortcode_before_header":"","ocean_shortcode_after_header":"","ocean_has_shortcode":"","ocean_shortcode_after_title":"","ocean_shortcode_before_footer_widgets":"","ocean_shortcode_after_footer_widgets":"","ocean_shortcode_before_footer_bottom":"","ocean_shortcode_after_footer_bottom":"","ocean_display_top_bar":"default","ocean_display_header":"default","ocean_header_style":"","ocean_center_header_left_menu":"0","ocean_custom_header_template":"0","ocean_custom_logo":0,"ocean_custom_retina_logo":0,"ocean_custom_logo_max_width":0,"ocean_custom_logo_tablet_max_width":0,"ocean_custom_logo_mobile_max_width":0,"ocean_custom_logo_max_height":0,"ocean_custom_logo_tablet_max_height":0,"ocean_custom_logo_mobile_max_height":0,"ocean_header_custom_menu":"0","ocean_menu_typo_font_family":"0","ocean_menu_typo_font_subset":"","ocean_menu_typo_font_size":0,"ocean_menu_typo_font_size_tablet":0,"ocean_menu_typo_font_size_mobile":0,"ocean_menu_typo_font_size_unit":"px","ocean_menu_typo_font_weight":"","ocean_menu_typo_font_weight_tablet":"","ocean_menu_typo_font_weight_mobile":"","ocean_menu_typo_transform":"","ocean_menu_typo_transform_tablet":"","ocean_menu_typo_transform_mobile":"","ocean_menu_typo_line_height":0,"ocean_menu_typo_line_height_tablet":0,"ocean_menu_typo_line_height_mobile":0,"ocean_menu_typo_line_height_unit":"","ocean_menu_typo_spacing":0,"ocean_menu_typo_spacing_tablet":0,"ocean_menu_typo_spacing_mobile":0,"ocean_menu_typo_spacing_unit":"","ocean_menu_link_color":"","ocean_menu_link_color_hover":"","ocean_menu_link_color_active":"","ocean_menu_link_background":"","ocean_menu_link_hover_background":"","ocean_menu_link_active_background":"","ocean_menu_social_links_bg":"","ocean_menu_social_hover_links_bg":"","ocean_menu_social_links_color":"","ocean_menu_social_hover_links_color":"","ocean_disable_title":"default","ocean_disable_heading":"default","ocean_post_title":"","ocean_post_subheading":"","ocean_post_title_style":"","ocean_post_title_background_color":"","ocean_post_title_background":0,"ocean_post_title_bg_image_position":"","ocean_post_title_bg_image_attachment":"","ocean_post_title_bg_image_repeat":"","ocean_post_title_bg_image_size":"","ocean_post_title_height":0,"ocean_post_title_bg_overlay":0.5,"ocean_post_title_bg_overlay_color":"","ocean_disable_breadcrumbs":"default","ocean_breadcrumbs_color":"","ocean_breadcrumbs_separator_color":"","ocean_breadcrumbs_links_color":"","ocean_breadcrumbs_links_hover_color":"","ocean_display_footer_widgets":"default","ocean_display_footer_bottom":"default","ocean_custom_footer_template":"0"},"product_brand":[],"product_cat":[134],"product_tag":[],"class_list":{"0":"post-1313","1":"product","2":"type-product","3":"status-publish","4":"has-post-thumbnail","6":"product_cat-lierre","8":"entry","9":"has-media","11":"first","12":"instock","13":"purchasable","14":"product-type-variable","15":"has-default-attributes","16":"has-product-nav","17":"col","18":"span_1_of_4","19":"owp-content-center","20":"item-entry","21":"owp-thumbs-layout-horizontal","22":"owp-btn-normal","23":"owp-tabs-layout-section"},"acf":[],"jetpack_sharing_enabled":true,"_links":{"self":[{"href":"https:\/\/www.hedera-etc.com\/it\/wp-json\/wp\/v2\/product\/1313","targetHints":{"allow":["GET"]}}],"collection":[{"href":"https:\/\/www.hedera-etc.com\/it\/wp-json\/wp\/v2\/product"}],"about":[{"href":"https:\/\/www.hedera-etc.com\/it\/wp-json\/wp\/v2\/types\/product"}],"replies":[{"embeddable":true,"href":"https:\/\/www.hedera-etc.com\/it\/wp-json\/wp\/v2\/comments?post=1313"}],"version-history":[{"count":3,"href":"https:\/\/www.hedera-etc.com\/it\/wp-json\/wp\/v2\/product\/1313\/revisions"}],"predecessor-version":[{"id":14224,"href":"https:\/\/www.hedera-etc.com\/it\/wp-json\/wp\/v2\/product\/1313\/revisions\/14224"}],"wp:featuredmedia":[{"embeddable":true,"href":"https:\/\/www.hedera-etc.com\/it\/wp-json\/wp\/v2\/media\/14221"}],"wp:attachment":[{"href":"https:\/\/www.hedera-etc.com\/it\/wp-json\/wp\/v2\/media?parent=1313"}],"wp:term":[{"taxonomy":"product_brand","embeddable":true,"href":"https:\/\/www.hedera-etc.com\/it\/wp-json\/wp\/v2\/product_brand?post=1313"},{"taxonomy":"product_cat","embeddable":true,"href":"https:\/\/www.hedera-etc.com\/it\/wp-json\/wp\/v2\/product_cat?post=1313"},{"taxonomy":"product_tag","embeddable":true,"href":"https:\/\/www.hedera-etc.com\/it\/wp-json\/wp\/v2\/product_tag?post=1313"}],"curies":[{"name":"wp","href":"https:\/\/api.w.org\/{rel}","templated":true}]}}