{"id":1734,"date":"2023-11-06T07:39:52","date_gmt":"2023-11-06T06:39:52","guid":{"rendered":"https:\/\/www.hedera-etc.com\/?post_type=product&#038;p=1734"},"modified":"2026-04-29T07:09:30","modified_gmt":"2026-04-29T05:09:30","slug":"hedera-colchica-georgian","status":"publish","type":"product","link":"https:\/\/www.hedera-etc.com\/it\/product\/hedera-colchica-georgian\/","title":{"rendered":"<em>Hedera colchica<\/em> &lsquo;Georgian&rsquo; &#8211; Edera del Caucaso"},"content":{"rendered":"<div data-elementor-type=\"product-post\" data-elementor-id=\"1734\" class=\"elementor elementor-1734\" data-elementor-post-type=\"product\">\n\t\t\t\t<div class=\"elementor-element elementor-element-148410d5 e-flex e-con-boxed e-con e-parent\" data-id=\"148410d5\" data-element_type=\"container\">\n\t\t\t\t\t<div class=\"e-con-inner\">\n\t\t<div class=\"elementor-element elementor-element-e8fb6e4 e-flex e-con-boxed e-con e-child\" data-id=\"e8fb6e4\" data-element_type=\"container\">\n\t\t\t\t\t<div class=\"e-con-inner\">\n\t\t\t\t<div class=\"elementor-element elementor-element-e8df538 elementor-widget elementor-widget-text-editor\" data-id=\"e8df538\" data-element_type=\"widget\" data-widget_type=\"text-editor.default\">\n\t\t\t\t<div class=\"elementor-widget-container\">\n\t\t\t\t\t\t\t\t\t<h2><span style=\"color: #f0ffed;\">L'edera del Caucaso &#8211; Hedera colchica &lsquo;Georgian&rsquo;<\/span><\/h2>\t\t\t\t\t\t\t\t<\/div>\n\t\t\t\t<\/div>\n\t\t\t\t<div class=\"elementor-element elementor-element-5059d13e elementor-widget elementor-widget-heading\" data-id=\"5059d13e\" data-element_type=\"widget\" data-widget_type=\"heading.default\">\n\t\t\t\t<div class=\"elementor-widget-container\">\n\t\t\t\t\t<h2 class=\"elementor-heading-title elementor-size-default\">In breve<\/h2>\t\t\t\t<\/div>\n\t\t\t\t<\/div>\n\t\t\t\t<div class=\"elementor-element elementor-element-49a91cf7 elementor-widget elementor-widget-text-editor\" data-id=\"49a91cf7\" data-element_type=\"widget\" data-widget_type=\"text-editor.default\">\n\t\t\t\t<div class=\"elementor-widget-container\">\n\t\t\t\t\t\t\t\t\t<p>Edera caucasica, <strong><em>Hedera colchica<\/em> &lsquo;Georgian&rsquo;<\/strong>, Questa edera attraente ha un fogliame stretto, verde scuro, lucido e appuntito con 0-3 lobi.<\/p><p>La base delle foglie \u00e8 leggermente cordata. I fusti sono spessi e scarsamente ramificati, con internodi di circa 3 cm.<\/p><p>In inverno, quando il clima \u00e8 freddo, il verde diventa molto pi\u00f9 scuro.<\/p>\t\t\t\t\t\t\t\t<\/div>\n\t\t\t\t<\/div>\n\t\t\t\t<div class=\"elementor-element elementor-element-391fd95d elementor-widget elementor-widget-heading\" data-id=\"391fd95d\" data-element_type=\"widget\" data-widget_type=\"heading.default\">\n\t\t\t\t<div class=\"elementor-widget-container\">\n\t\t\t\t\t<h2 class=\"elementor-heading-title elementor-size-default\">La storia<\/h2>\t\t\t\t<\/div>\n\t\t\t\t<\/div>\n\t\t\t\t<div class=\"elementor-element elementor-element-5a5bf15b elementor-widget elementor-widget-text-editor\" data-id=\"5a5bf15b\" data-element_type=\"widget\" data-widget_type=\"text-editor.default\">\n\t\t\t\t<div class=\"elementor-widget-container\">\n\t\t\t\t\t\t\t\t\t<p>Questa cultivar \u00e8 stata scoperta dal dottor Siepe in Georgia nel 2002.<\/p>\t\t\t\t\t\t\t\t<\/div>\n\t\t\t\t<\/div>\n\t\t\t\t<div class=\"elementor-element elementor-element-3cbf365b elementor-widget elementor-widget-heading\" data-id=\"3cbf365b\" data-element_type=\"widget\" data-widget_type=\"heading.default\">\n\t\t\t\t<div class=\"elementor-widget-container\">\n\t\t\t\t\t<h2 class=\"elementor-heading-title elementor-size-default\">Scheda tecnica - Hedera colchica 'Georgian'<\/h2>\t\t\t\t<\/div>\n\t\t\t\t<\/div>\n\t\t\t\t<div class=\"elementor-element elementor-element-5f82aac6 elementor-widget elementor-widget-text-editor\" data-id=\"5f82aac6\" data-element_type=\"widget\" data-widget_type=\"text-editor.default\">\n\t\t\t\t<div class=\"elementor-widget-container\">\n\t\t\t\t\t\t\t\t\t<h3>Informazioni botaniche<\/h3><ul><li>Famiglia: Araliaceae<\/li><li>Genere : <em><strong>Hedera<\/strong><\/em><\/li><li>Specie : <em>colchica<\/em><\/li><li>Coltivare : &lsquo;Georgian&rsquo;<\/li><li>Classificazione Pierot: edera a forma di cuore<\/li><li>Stadio fogliare: giovanile<\/li><li>Origine della specie: Caucaso, Asia occidentale<\/li><li>Origine della cultivar: trovata in Georgia dal dottor Siepe nel 2002.<\/li><\/ul><h3>\u00a0<\/h3><h3>Descrizione di Hedera colchica &lsquo;Georgian&rsquo;<\/h3><ul><li>Portamento di crescita: si allarga<\/li><li>Numero di lobi: da 0 a 3 lobi in generale<\/li><li>Lunghezza delle foglie: 7-8 cm<\/li><li>Larghezza delle foglie: da 4 a 5 cm<\/li><li>Colore della foglia: verde scuro<\/li><li>Colore delle vene: verde chiaro<\/li><li>Colore del fusto e del picciolo: fusto bruno-rossastro, piccioli verdi.<\/li><li>Peli: squamosi, composti da 12-20 rami.<\/li><\/ul><h3>\u00a0<\/h3><h3>Consigli per la semina, la coltivazione e la cura dell'Hedera\u00a0<span style=\"font-family: Roboto, sans-serif; font-size: 18px; font-style: normal; font-variant-ligatures: normal; font-variant-caps: normal; font-weight: 600; text-align: var(--text-align);\">colchica &lsquo;Georgian&rsquo;<\/span><\/h3><ul><li>Esposizione: ombra, ombra parziale, sole<\/li><li>Resistenza: -17\u00b0C<\/li><li>Umidit\u00e0 del terreno: terreno fresco<\/li><li>PH del terreno: neutro, calcareo o acido.<\/li><li>Tipo di terreno: tutti<\/li><li>Ricchezza del suolo: ordinario o ricco di humus<\/li><li>Uso: arrampicata<\/li><li>Sviluppo: moderato<\/li><li>Potatura: una volta all'anno<\/li><li>Parassiti: molto rari (ragnetto, cocciniglia)<\/li><li>Malattie: molto rare (macchie fogliari)<\/li><\/ul>\t\t\t\t\t\t\t\t<\/div>\n\t\t\t\t<\/div>\n\t\t\t\t\t<\/div>\n\t\t\t\t<\/div>\n\t\t\t\t\t<\/div>\n\t\t\t\t<\/div>\n\t\t<div class=\"elementor-element elementor-element-39a5d433 e-flex e-con-boxed e-con e-parent\" data-id=\"39a5d433\" data-element_type=\"container\">\n\t\t\t\t\t<div class=\"e-con-inner\">\n\t\t<div class=\"elementor-element elementor-element-12ed62af e-flex e-con-boxed e-con e-child\" data-id=\"12ed62af\" data-element_type=\"container\" data-settings=\"{&quot;background_background&quot;:&quot;classic&quot;,&quot;shape_divider_top&quot;:&quot;mountains&quot;}\">\n\t\t\t\t\t<div class=\"e-con-inner\">\n\t\t\t\t<div class=\"elementor-shape elementor-shape-top\" data-negative=\"false\">\n\t\t\t<svg xmlns=\"http:\/\/www.w3.org\/2000\/svg\" viewbox=\"0 0 1000 100\" preserveaspectratio=\"none\">\n\t<path class=\"elementor-shape-fill\" opacity=\"0.33\" d=\"M473,67.3c-203.9,88.3-263.1-34-320.3,0C66,119.1,0,59.7,0,59.7V0h1000v59.7 c0,0-62.1,26.1-94.9,29.3c-32.8,3.3-62.8-12.3-75.8-22.1C806,49.6,745.3,8.7,694.9,4.7S492.4,59,473,67.3z\"\/>\n\t<path class=\"elementor-shape-fill\" opacity=\"0.66\" d=\"M734,67.3c-45.5,0-77.2-23.2-129.1-39.1c-28.6-8.7-150.3-10.1-254,39.1 s-91.7-34.4-149.2,0C115.7,118.3,0,39.8,0,39.8V0h1000v36.5c0,0-28.2-18.5-92.1-18.5C810.2,18.1,775.7,67.3,734,67.3z\"\/>\n\t<path class=\"elementor-shape-fill\" d=\"M766.1,28.9c-200-57.5-266,65.5-395.1,19.5C242,1.8,242,5.4,184.8,20.6C128,35.8,132.3,44.9,89.9,52.5C28.6,63.7,0,0,0,0 h1000c0,0-9.9,40.9-83.6,48.1S829.6,47,766.1,28.9z\"\/>\n<\/svg>\t\t<\/div>\n\t\t\t\t<div class=\"elementor-element elementor-element-17e53a7a elementor-widget__width-initial elementor-widget elementor-widget-image\" data-id=\"17e53a7a\" data-element_type=\"widget\" data-widget_type=\"image.default\">\n\t\t\t\t<div class=\"elementor-widget-container\">\n\t\t\t\t\t\t\t\t\t\t\t\t\t\t\t<img fetchpriority=\"high\" decoding=\"async\" width=\"300\" height=\"180\" src=\"https:\/\/www.hedera-etc.com\/wp-content\/uploads\/2024\/11\/vecteezy_simplicity-ivy-freehand-drawing_13643730_206-300x180.webp\" class=\"attachment-medium size-medium wp-image-10573\" alt=\"\" srcset=\"https:\/\/www.hedera-etc.com\/wp-content\/uploads\/2024\/11\/vecteezy_simplicity-ivy-freehand-drawing_13643730_206-300x180.webp 300w, https:\/\/www.hedera-etc.com\/wp-content\/uploads\/2024\/11\/vecteezy_simplicity-ivy-freehand-drawing_13643730_206-900x540.webp 900w, https:\/\/www.hedera-etc.com\/wp-content\/uploads\/2024\/11\/vecteezy_simplicity-ivy-freehand-drawing_13643730_206-1024x614.webp 1024w, https:\/\/www.hedera-etc.com\/wp-content\/uploads\/2024\/11\/vecteezy_simplicity-ivy-freehand-drawing_13643730_206-768x461.webp 768w, https:\/\/www.hedera-etc.com\/wp-content\/uploads\/2024\/11\/vecteezy_simplicity-ivy-freehand-drawing_13643730_206-1536x921.webp 1536w, https:\/\/www.hedera-etc.com\/wp-content\/uploads\/2024\/11\/vecteezy_simplicity-ivy-freehand-drawing_13643730_206.webp 1920w, https:\/\/www.hedera-etc.com\/wp-content\/uploads\/2024\/11\/vecteezy_simplicity-ivy-freehand-drawing_13643730_206-1320x791.webp 1320w\" sizes=\"(max-width: 300px) 100vw, 300px\" \/>\t\t\t\t\t\t\t\t\t\t\t\t\t\t\t<\/div>\n\t\t\t\t<\/div>\n\t\t\t\t<div class=\"elementor-element elementor-element-26378455 elementor-widget elementor-widget-heading\" data-id=\"26378455\" data-element_type=\"widget\" data-widget_type=\"heading.default\">\n\t\t\t\t<div class=\"elementor-widget-container\">\n\t\t\t\t\t<h2 class=\"elementor-heading-title elementor-size-default\">Una pagina della mia piccola enciclopedia dell'edera<\/h2>\t\t\t\t<\/div>\n\t\t\t\t<\/div>\n\t\t\t\t\t<\/div>\n\t\t\t\t<\/div>\n\t\t\t\t<div class=\"elementor-element elementor-element-ef96bbb elementor-widget elementor-widget-menu-anchor\" data-id=\"ef96bbb\" data-element_type=\"widget\" data-widget_type=\"menu-anchor.default\">\n\t\t\t\t<div class=\"elementor-widget-container\">\n\t\t\t\t\t\t\t<div class=\"elementor-menu-anchor\" id=\"cochenillecarapace\"><\/div>\n\t\t\t\t\t\t<\/div>\n\t\t\t\t<\/div>\n\t\t\t\t<div class=\"elementor-element elementor-element-f0855da elementor-widget elementor-widget-global elementor-global-8988 elementor-widget-text-editor\" data-id=\"f0855da\" data-element_type=\"widget\" data-widget_type=\"text-editor.default\">\n\t\t\t\t<div class=\"elementor-widget-container\">\n\t\t\t\t\t\t\t\t\t<h3><span style=\"color: #008000;\">Tutto sulla salute della mia edera<\/span><\/h3><p>L'edera \u00e8 raramente attaccata da parassiti. Inoltre, in caso di infestazione, \u00e8 generalmente abbastanza resistente da evitare danni irreversibili. Tra i potenziali parassiti c'\u00e8 la cocciniglia.<\/p><h2><span style=\"color: #008000;\">La squama del carapace (Coccus hesperidum)<\/span><\/h2><p>Si tratta di una cocciniglia molto piatta, di colore da giallo a marrone chiaro. Produce abbondante melata, ricercata dalle formiche. Questa melata viene rapidamente invasa da un fungo nero chiamato fumaginia. Questo compromette l'aspetto ornamentale dell'edera e ne riduce notevolmente il vigore e la crescita.\u00a0<\/p><p>In caso di infestazione, una delle tecniche pi\u00f9 efficaci per combattere le cocciniglie \u00e8 la pulizia manuale con un panno imbevuto di sapone nero o di alcol a 70\u00b0, oppure con uno spazzolino da denti morbido. Come insetticida naturale si possono utilizzare anche spray all'olio di neem o macerati di aglio e peperoncino.<\/p><p>Il monitoraggio regolare consente di individuare gli attacchi il pi\u00f9 precocemente possibile, rendendo il trattamento molto pi\u00f9 efficace.<img decoding=\"async\" class=\"size-medium wp-image-8994 aligncenter\" src=\"https:\/\/www.hedera-etc.com\/wp-content\/uploads\/2024\/08\/f-lie02-300x200.gif\" alt=\"Scimmia\" width=\"300\" height=\"200\" \/><\/p><p style=\"text-align: center;\">Scala a conchiglia<\/p>\t\t\t\t\t\t\t\t<\/div>\n\t\t\t\t<\/div>\n\t\t\t\t<div class=\"elementor-element elementor-element-3874a0f2 elementor-widget elementor-widget-image\" data-id=\"3874a0f2\" data-element_type=\"widget\" data-widget_type=\"image.default\">\n\t\t\t\t<div class=\"elementor-widget-container\">\n\t\t\t\t\t\t\t\t\t\t\t\t\t\t\t<img decoding=\"async\" width=\"1024\" height=\"146\" src=\"https:\/\/www.hedera-etc.com\/wp-content\/uploads\/2023\/10\/guirlande-1024x146.webp\" class=\"attachment-large size-large wp-image-116\" alt=\"La boutique du lierre - Ghirlanda di edera\" srcset=\"https:\/\/www.hedera-etc.com\/wp-content\/uploads\/2023\/10\/guirlande-1024x146.webp 1024w, https:\/\/www.hedera-etc.com\/wp-content\/uploads\/2023\/10\/guirlande-900x129.webp 900w, https:\/\/www.hedera-etc.com\/wp-content\/uploads\/2023\/10\/guirlande-300x43.webp 300w, https:\/\/www.hedera-etc.com\/wp-content\/uploads\/2023\/10\/guirlande-768x110.webp 768w, https:\/\/www.hedera-etc.com\/wp-content\/uploads\/2023\/10\/guirlande.webp 1126w\" sizes=\"(max-width: 1024px) 100vw, 1024px\" \/>\t\t\t\t\t\t\t\t\t\t\t\t\t\t\t<\/div>\n\t\t\t\t<\/div>\n\t\t\t\t<div class=\"elementor-element elementor-element-1a7ebb7e elementor-widget elementor-widget-text-editor\" data-id=\"1a7ebb7e\" data-element_type=\"widget\" data-widget_type=\"text-editor.default\">\n\t\t\t\t<div class=\"elementor-widget-container\">\n\t\t\t\t\t\t\t\t\t<h3 style=\"text-align: center;\"><span style=\"color: #008000;\">L'edera nella letteratura<\/span><\/h3><blockquote><p style=\"text-align: center;\"><span style=\"color: #993366;\">\u201cL'edera, testimone silenziosa, custodiva i segreti dei muri che ricopriva.<\/span><span style=\"color: #993366;\">\u201d<\/span><\/p><\/blockquote><h5 style=\"text-align: right;\"><strong>Emily Dickinson<\/strong>, <em>Poesie<\/em><\/h5>\t\t\t\t\t\t\t\t<\/div>\n\t\t\t\t<\/div>\n\t\t\t\t\t<\/div>\n\t\t\t\t<\/div>\n\t\t\t\t<\/div>","protected":false},"excerpt":{"rendered":"<p>Edera attraente, con fogliame stretto, verde scuro, lucido e appuntito, composto da 0 a 3 lobi.<\/p>\n<p>Base delle foglie leggermente cordata. Fusti spessi, poco ramificati, con internodi di circa 3 cm.<\/p>\n<p>In inverno, quando il clima \u00e8 freddo, il verde diventa molto pi\u00f9 scuro.<\/p>","protected":false},"featured_media":17148,"comment_status":"open","ping_status":"closed","template":"","meta":{"_acf_changed":false,"ocean_post_layout":"","ocean_both_sidebars_style":"","ocean_both_sidebars_content_width":0,"ocean_both_sidebars_sidebars_width":0,"ocean_sidebar":"0","ocean_second_sidebar":"0","ocean_disable_margins":"enable","ocean_add_body_class":"","ocean_shortcode_before_top_bar":"","ocean_shortcode_after_top_bar":"","ocean_shortcode_before_header":"","ocean_shortcode_after_header":"","ocean_has_shortcode":"","ocean_shortcode_after_title":"","ocean_shortcode_before_footer_widgets":"","ocean_shortcode_after_footer_widgets":"","ocean_shortcode_before_footer_bottom":"","ocean_shortcode_after_footer_bottom":"","ocean_display_top_bar":"default","ocean_display_header":"default","ocean_header_style":"","ocean_center_header_left_menu":"0","ocean_custom_header_template":"0","ocean_custom_logo":0,"ocean_custom_retina_logo":0,"ocean_custom_logo_max_width":0,"ocean_custom_logo_tablet_max_width":0,"ocean_custom_logo_mobile_max_width":0,"ocean_custom_logo_max_height":0,"ocean_custom_logo_tablet_max_height":0,"ocean_custom_logo_mobile_max_height":0,"ocean_header_custom_menu":"0","ocean_menu_typo_font_family":"0","ocean_menu_typo_font_subset":"","ocean_menu_typo_font_size":0,"ocean_menu_typo_font_size_tablet":0,"ocean_menu_typo_font_size_mobile":0,"ocean_menu_typo_font_size_unit":"px","ocean_menu_typo_font_weight":"","ocean_menu_typo_font_weight_tablet":"","ocean_menu_typo_font_weight_mobile":"","ocean_menu_typo_transform":"","ocean_menu_typo_transform_tablet":"","ocean_menu_typo_transform_mobile":"","ocean_menu_typo_line_height":0,"ocean_menu_typo_line_height_tablet":0,"ocean_menu_typo_line_height_mobile":0,"ocean_menu_typo_line_height_unit":"","ocean_menu_typo_spacing":0,"ocean_menu_typo_spacing_tablet":0,"ocean_menu_typo_spacing_mobile":0,"ocean_menu_typo_spacing_unit":"","ocean_menu_link_color":"","ocean_menu_link_color_hover":"","ocean_menu_link_color_active":"","ocean_menu_link_background":"","ocean_menu_link_hover_background":"","ocean_menu_link_active_background":"","ocean_menu_social_links_bg":"","ocean_menu_social_hover_links_bg":"","ocean_menu_social_links_color":"","ocean_menu_social_hover_links_color":"","ocean_disable_title":"default","ocean_disable_heading":"default","ocean_post_title":"","ocean_post_subheading":"","ocean_post_title_style":"","ocean_post_title_background_color":"","ocean_post_title_background":0,"ocean_post_title_bg_image_position":"","ocean_post_title_bg_image_attachment":"","ocean_post_title_bg_image_repeat":"","ocean_post_title_bg_image_size":"","ocean_post_title_height":0,"ocean_post_title_bg_overlay":0.5,"ocean_post_title_bg_overlay_color":"","ocean_disable_breadcrumbs":"default","ocean_breadcrumbs_color":"","ocean_breadcrumbs_separator_color":"","ocean_breadcrumbs_links_color":"","ocean_breadcrumbs_links_hover_color":"","ocean_display_footer_widgets":"default","ocean_display_footer_bottom":"default","ocean_custom_footer_template":"0"},"product_brand":[],"product_cat":[134],"product_tag":[],"class_list":{"0":"post-1734","1":"product","2":"type-product","3":"status-publish","4":"has-post-thumbnail","6":"product_cat-lierre","8":"entry","9":"has-media","11":"first","12":"instock","13":"purchasable","14":"product-type-variable","15":"has-default-attributes","16":"has-product-nav","17":"col","18":"span_1_of_4","19":"owp-content-center","20":"item-entry","21":"owp-thumbs-layout-horizontal","22":"owp-btn-normal","23":"owp-tabs-layout-section"},"acf":[],"jetpack_sharing_enabled":true,"_links":{"self":[{"href":"https:\/\/www.hedera-etc.com\/it\/wp-json\/wp\/v2\/product\/1734","targetHints":{"allow":["GET"]}}],"collection":[{"href":"https:\/\/www.hedera-etc.com\/it\/wp-json\/wp\/v2\/product"}],"about":[{"href":"https:\/\/www.hedera-etc.com\/it\/wp-json\/wp\/v2\/types\/product"}],"replies":[{"embeddable":true,"href":"https:\/\/www.hedera-etc.com\/it\/wp-json\/wp\/v2\/comments?post=1734"}],"version-history":[{"count":6,"href":"https:\/\/www.hedera-etc.com\/it\/wp-json\/wp\/v2\/product\/1734\/revisions"}],"predecessor-version":[{"id":17150,"href":"https:\/\/www.hedera-etc.com\/it\/wp-json\/wp\/v2\/product\/1734\/revisions\/17150"}],"wp:featuredmedia":[{"embeddable":true,"href":"https:\/\/www.hedera-etc.com\/it\/wp-json\/wp\/v2\/media\/17148"}],"wp:attachment":[{"href":"https:\/\/www.hedera-etc.com\/it\/wp-json\/wp\/v2\/media?parent=1734"}],"wp:term":[{"taxonomy":"product_brand","embeddable":true,"href":"https:\/\/www.hedera-etc.com\/it\/wp-json\/wp\/v2\/product_brand?post=1734"},{"taxonomy":"product_cat","embeddable":true,"href":"https:\/\/www.hedera-etc.com\/it\/wp-json\/wp\/v2\/product_cat?post=1734"},{"taxonomy":"product_tag","embeddable":true,"href":"https:\/\/www.hedera-etc.com\/it\/wp-json\/wp\/v2\/product_tag?post=1734"}],"curies":[{"name":"wp","href":"https:\/\/api.w.org\/{rel}","templated":true}]}}