{"id":17818,"date":"2025-12-14T21:50:49","date_gmt":"2025-12-14T20:50:49","guid":{"rendered":"https:\/\/www.hedera-etc.com\/?post_type=product&#038;p=17818"},"modified":"2026-04-28T07:09:17","modified_gmt":"2026-04-28T05:09:17","slug":"hedera-hibernica-sulphurea-adulte","status":"publish","type":"product","link":"https:\/\/www.hedera-etc.com\/it\/product\/hedera-hibernica-sulphurea-adulte\/","title":{"rendered":"<em>Hedera hibernica<\/em> &lsquo;Sulphurea&rsquo; adulta"},"content":{"rendered":"<div data-elementor-type=\"product-post\" data-elementor-id=\"17818\" class=\"elementor elementor-17818\" data-elementor-post-type=\"product\">\n\t\t\t\t<div class=\"elementor-element elementor-element-704bd52c e-con-full e-flex e-con e-child\" data-id=\"704bd52c\" data-element_type=\"container\">\n\t\t\t\t<div class=\"elementor-element elementor-element-4af86c47 elementor-widget elementor-widget-text-editor\" data-id=\"4af86c47\" data-element_type=\"widget\" data-widget_type=\"text-editor.default\">\n\t\t\t\t<div class=\"elementor-widget-container\">\n\t\t\t\t\t\t\t\t\t<h2><span style=\"color: #f0ffed;\">Le Edera d'Irlanda &#8211; Hedera hibernica &lsquo;Sulphurea&rsquo; adulta<\/span><\/h2>\t\t\t\t\t\t\t\t<\/div>\n\t\t\t\t<\/div>\n\t\t\t\t<\/div>\n\t\t<div class=\"elementor-element elementor-element-67bd78fb e-flex e-con-boxed e-con e-parent\" data-id=\"67bd78fb\" data-element_type=\"container\">\n\t\t\t\t\t<div class=\"e-con-inner\">\n\t\t<div class=\"elementor-element elementor-element-ca252e3 e-flex e-con-boxed e-con e-child\" data-id=\"ca252e3\" data-element_type=\"container\">\n\t\t\t\t\t<div class=\"e-con-inner\">\n\t\t\t\t<div class=\"elementor-element elementor-element-3636ded7 elementor-widget elementor-widget-heading\" data-id=\"3636ded7\" data-element_type=\"widget\" data-widget_type=\"heading.default\">\n\t\t\t\t<div class=\"elementor-widget-container\">\n\t\t\t\t\t<h2 class=\"elementor-heading-title elementor-size-default\">In breve<\/h2>\t\t\t\t<\/div>\n\t\t\t\t<\/div>\n\t\t\t\t<div class=\"elementor-element elementor-element-319e9af9 elementor-widget elementor-widget-text-editor\" data-id=\"319e9af9\" data-element_type=\"widget\" data-widget_type=\"text-editor.default\">\n\t\t\t\t<div class=\"elementor-widget-container\">\n\t\t\t\t\t\t\t\t\t<p>Edera irlandese, <strong><em>Hedera hibernica<\/em> &lsquo;Sulphurea&rsquo; adulta, <\/strong>\u00e8 un'edera arbustiva con foglie concave segnate da grandi macchie di colore verde chiaro o giallo-verde, soprattutto sui margini.<\/p><p>La lamina fogliare \u00e8 quasi rotonda, non lobata o trilobata.<\/p><p>Fiorisce in ombrelle verdastre nel tardo autunno.<\/p>\t\t\t\t\t\t\t\t<\/div>\n\t\t\t\t<\/div>\n\t\t\t\t<div class=\"elementor-element elementor-element-68943a0a elementor-widget elementor-widget-heading\" data-id=\"68943a0a\" data-element_type=\"widget\" data-widget_type=\"heading.default\">\n\t\t\t\t<div class=\"elementor-widget-container\">\n\t\t\t\t\t<h2 class=\"elementor-heading-title elementor-size-default\">La storia<\/h2>\t\t\t\t<\/div>\n\t\t\t\t<\/div>\n\t\t\t\t<div class=\"elementor-element elementor-element-220fca77 elementor-widget elementor-widget-text-editor\" data-id=\"220fca77\" data-element_type=\"widget\" data-widget_type=\"text-editor.default\">\n\t\t\t\t<div class=\"elementor-widget-container\">\n\t\t\t\t\t\t\t\t\t<p>Ce cultivar a une histoire un peu chaotique. Il fut d\u00e9couvert et d\u00e9crit par Hibberd en 1872. Puis il disparut pendant toute une p\u00e9riode. Il fut red\u00e9couvert dans les jardins de Spetchley Park, Eversham, Royaume-Uni mais sans l&rsquo;identifier d&rsquo;abord \u00e0 &lsquo;Sulphurea&rsquo;. Il prit alors le nom de &lsquo;Spetchley Variegated&rsquo; jusqu&rsquo;\u00e0 ce qu&rsquo;en 1975, il fut identifi\u00e9 comme &lsquo;Sulphurea&rsquo; et reprit alors son nom d&rsquo;origine. Il est pr\u00e9sent\u00e9 ici dans sa version adulta.<\/p>\t\t\t\t\t\t\t\t<\/div>\n\t\t\t\t<\/div>\n\t\t\t\t<div class=\"elementor-element elementor-element-384bdc5b elementor-widget elementor-widget-heading\" data-id=\"384bdc5b\" data-element_type=\"widget\" data-widget_type=\"heading.default\">\n\t\t\t\t<div class=\"elementor-widget-container\">\n\t\t\t\t\t<h2 class=\"elementor-heading-title elementor-size-default\">Scheda tecnica - Hedera hibernica 'Sulphurea' adulta<\/h2>\t\t\t\t<\/div>\n\t\t\t\t<\/div>\n\t\t\t\t<div class=\"elementor-element elementor-element-4f97b810 elementor-widget elementor-widget-text-editor\" data-id=\"4f97b810\" data-element_type=\"widget\" data-widget_type=\"text-editor.default\">\n\t\t\t\t<div class=\"elementor-widget-container\">\n\t\t\t\t\t\t\t\t\t<h3>Informazioni botaniche<\/h3><ul><li>Famiglia: Araliaceae<\/li><li>Genere : <em><strong>Hedera<\/strong><\/em><\/li><li>Specie : <em>ibernico<\/em><\/li><li>Coltivare : &lsquo;Sulphurea&rsquo; adulta<\/li><li>Classificazione di Pierot: edera adulta, edera variegata<\/li><li>Stadio fogliare: adulto<\/li><li>Origine della specie: Europa, costa atlantica, dal Portogallo alla Scozia.<\/li><li>Origine della cultivar: scoperta da Hibbert nel 1872.<\/li><\/ul><h3>\u00a0<\/h3><h3>Descrizione di Hedera hibernica &lsquo;Sulphurea&rsquo; adulta<\/h3><ul><li>Portamento di crescita: arbustivo<\/li><li>Numero di lobi: da 0 a 3 lobi in generale<\/li><li>Lunghezza delle foglie: 4 cm<\/li><li>Larghezza del foglio: 4 cm<\/li><li>Colore della foglia: grandi macchie giallo-verdi<\/li><li>Forma della foglia: a forma di conchiglia, quasi rotonda<\/li><li>Colore delle venature: giallo-verde<\/li><li style=\"font-size: 16px;\">Fusto: abbastanza spesso, poco ramificato.<\/li><li>Colore del fusto e del picciolo: verde\u00a0<\/li><li>Lunghezza del picciolo: da 5 a 7 cm.<\/li><li>Peli: stellati, piccoli<\/li><\/ul><h3>\u00a0<\/h3><h3>Consigli per la piantagione, la coltivazione e la cura di Hedera hiberniva &lsquo;Sulphurea&rsquo; adulta<\/h3><ul><li>Esposizione: sole, ombra parziale<\/li><li>Resistenza: -15\u00b0C<\/li><li>Umidit\u00e0 del terreno: terreno fresco<\/li><li>PH del terreno: tutti<\/li><li>Tipo di terreno: tutti<\/li><li>Ricchezza del suolo: ordinario o ricco di humus<\/li><li>Utilizzo: vaso, autoportante, roccioso<\/li><li>Sviluppo: moderato<\/li><li>Potatura: una volta all'anno<\/li><li>Parassiti: molto rari (ragnetto, cocciniglia)<\/li><li>Malattie: molto rare (macchie fogliari)<\/li><\/ul>\t\t\t\t\t\t\t\t<\/div>\n\t\t\t\t<\/div>\n\t\t\t\t\t<\/div>\n\t\t\t\t<\/div>\n\t\t\t\t\t<\/div>\n\t\t\t\t<\/div>\n\t\t<div class=\"elementor-element elementor-element-933898d e-flex e-con-boxed e-con e-parent\" data-id=\"933898d\" data-element_type=\"container\">\n\t\t\t\t\t<div class=\"e-con-inner\">\n\t\t\t\t<div class=\"elementor-element elementor-element-66fc8e2a elementor-widget elementor-widget-image\" data-id=\"66fc8e2a\" data-element_type=\"widget\" data-widget_type=\"image.default\">\n\t\t\t\t<div class=\"elementor-widget-container\">\n\t\t\t\t\t\t\t\t\t\t\t\t\t\t\t<img fetchpriority=\"high\" decoding=\"async\" width=\"1024\" height=\"146\" src=\"https:\/\/www.hedera-etc.com\/wp-content\/uploads\/2023\/10\/guirlande-1024x146.webp\" class=\"attachment-large size-large wp-image-116\" alt=\"La boutique du lierre - Ghirlanda di edera\" srcset=\"https:\/\/www.hedera-etc.com\/wp-content\/uploads\/2023\/10\/guirlande-1024x146.webp 1024w, https:\/\/www.hedera-etc.com\/wp-content\/uploads\/2023\/10\/guirlande-900x129.webp 900w, https:\/\/www.hedera-etc.com\/wp-content\/uploads\/2023\/10\/guirlande-300x43.webp 300w, https:\/\/www.hedera-etc.com\/wp-content\/uploads\/2023\/10\/guirlande-768x110.webp 768w, https:\/\/www.hedera-etc.com\/wp-content\/uploads\/2023\/10\/guirlande.webp 1126w\" sizes=\"(max-width: 1024px) 100vw, 1024px\" \/>\t\t\t\t\t\t\t\t\t\t\t\t\t\t\t<\/div>\n\t\t\t\t<\/div>\n\t\t\t\t<div class=\"elementor-element elementor-element-af603e8 elementor-widget elementor-widget-text-editor\" data-id=\"af603e8\" data-element_type=\"widget\" data-widget_type=\"text-editor.default\">\n\t\t\t\t<div class=\"elementor-widget-container\">\n\t\t\t\t\t\t\t\t\t<h3 style=\"text-align: center;\"><span style=\"color: #008000;\">L'edera nella letteratura<\/span><\/h3><blockquote><p style=\"text-align: center;\"><span style=\"color: #993366;\">\u201cL'edera, fedele alle pietre morte, dona loro ancora un residuo di vita.<\/span><span style=\"color: #993366;\">\u201d<\/span><\/p><\/blockquote><h5 style=\"text-align: right;\">Jules Michelet, La Montagne<\/h5>\t\t\t\t\t\t\t\t<\/div>\n\t\t\t\t<\/div>\n\t\t\t\t\t<\/div>\n\t\t\t\t<\/div>\n\t\t\t\t<\/div>","protected":false},"excerpt":{"rendered":"<p>Edera arbustiva, foglie concave segnate da grandi macchie di colore verde chiaro o verde-giallo, in particolare sui margini.<\/p>\n<p>Lama quasi rotonda, non lobata o trilobata.<\/p>\n<p>Fiorisce in ombrelle verdastre nel tardo autunno.<\/p>","protected":false},"featured_media":17823,"comment_status":"open","ping_status":"closed","template":"","meta":{"_acf_changed":false,"ocean_post_layout":"","ocean_both_sidebars_style":"","ocean_both_sidebars_content_width":0,"ocean_both_sidebars_sidebars_width":0,"ocean_sidebar":"0","ocean_second_sidebar":"0","ocean_disable_margins":"enable","ocean_add_body_class":"","ocean_shortcode_before_top_bar":"","ocean_shortcode_after_top_bar":"","ocean_shortcode_before_header":"","ocean_shortcode_after_header":"","ocean_has_shortcode":"","ocean_shortcode_after_title":"","ocean_shortcode_before_footer_widgets":"","ocean_shortcode_after_footer_widgets":"","ocean_shortcode_before_footer_bottom":"","ocean_shortcode_after_footer_bottom":"","ocean_display_top_bar":"default","ocean_display_header":"default","ocean_header_style":"","ocean_center_header_left_menu":"0","ocean_custom_header_template":"0","ocean_custom_logo":0,"ocean_custom_retina_logo":0,"ocean_custom_logo_max_width":0,"ocean_custom_logo_tablet_max_width":0,"ocean_custom_logo_mobile_max_width":0,"ocean_custom_logo_max_height":0,"ocean_custom_logo_tablet_max_height":0,"ocean_custom_logo_mobile_max_height":0,"ocean_header_custom_menu":"0","ocean_menu_typo_font_family":"0","ocean_menu_typo_font_subset":"","ocean_menu_typo_font_size":0,"ocean_menu_typo_font_size_tablet":0,"ocean_menu_typo_font_size_mobile":0,"ocean_menu_typo_font_size_unit":"px","ocean_menu_typo_font_weight":"","ocean_menu_typo_font_weight_tablet":"","ocean_menu_typo_font_weight_mobile":"","ocean_menu_typo_transform":"","ocean_menu_typo_transform_tablet":"","ocean_menu_typo_transform_mobile":"","ocean_menu_typo_line_height":0,"ocean_menu_typo_line_height_tablet":0,"ocean_menu_typo_line_height_mobile":0,"ocean_menu_typo_line_height_unit":"","ocean_menu_typo_spacing":0,"ocean_menu_typo_spacing_tablet":0,"ocean_menu_typo_spacing_mobile":0,"ocean_menu_typo_spacing_unit":"","ocean_menu_link_color":"","ocean_menu_link_color_hover":"","ocean_menu_link_color_active":"","ocean_menu_link_background":"","ocean_menu_link_hover_background":"","ocean_menu_link_active_background":"","ocean_menu_social_links_bg":"","ocean_menu_social_hover_links_bg":"","ocean_menu_social_links_color":"","ocean_menu_social_hover_links_color":"","ocean_disable_title":"default","ocean_disable_heading":"default","ocean_post_title":"","ocean_post_subheading":"","ocean_post_title_style":"","ocean_post_title_background_color":"","ocean_post_title_background":0,"ocean_post_title_bg_image_position":"","ocean_post_title_bg_image_attachment":"","ocean_post_title_bg_image_repeat":"","ocean_post_title_bg_image_size":"","ocean_post_title_height":0,"ocean_post_title_bg_overlay":0.5,"ocean_post_title_bg_overlay_color":"","ocean_disable_breadcrumbs":"default","ocean_breadcrumbs_color":"","ocean_breadcrumbs_separator_color":"","ocean_breadcrumbs_links_color":"","ocean_breadcrumbs_links_hover_color":"","ocean_display_footer_widgets":"default","ocean_display_footer_bottom":"default","ocean_custom_footer_template":"0"},"product_brand":[],"product_cat":[134],"product_tag":[],"class_list":{"0":"post-17818","1":"product","2":"type-product","3":"status-publish","4":"has-post-thumbnail","6":"product_cat-lierre","8":"entry","9":"has-media","11":"first","12":"instock","13":"purchasable","14":"product-type-variable","15":"has-default-attributes","16":"has-product-nav","17":"col","18":"span_1_of_4","19":"owp-content-center","20":"item-entry","21":"owp-thumbs-layout-horizontal","22":"owp-btn-normal","23":"owp-tabs-layout-section"},"acf":[],"jetpack_sharing_enabled":true,"_links":{"self":[{"href":"https:\/\/www.hedera-etc.com\/it\/wp-json\/wp\/v2\/product\/17818","targetHints":{"allow":["GET"]}}],"collection":[{"href":"https:\/\/www.hedera-etc.com\/it\/wp-json\/wp\/v2\/product"}],"about":[{"href":"https:\/\/www.hedera-etc.com\/it\/wp-json\/wp\/v2\/types\/product"}],"replies":[{"embeddable":true,"href":"https:\/\/www.hedera-etc.com\/it\/wp-json\/wp\/v2\/comments?post=17818"}],"version-history":[{"count":9,"href":"https:\/\/www.hedera-etc.com\/it\/wp-json\/wp\/v2\/product\/17818\/revisions"}],"predecessor-version":[{"id":18125,"href":"https:\/\/www.hedera-etc.com\/it\/wp-json\/wp\/v2\/product\/17818\/revisions\/18125"}],"wp:featuredmedia":[{"embeddable":true,"href":"https:\/\/www.hedera-etc.com\/it\/wp-json\/wp\/v2\/media\/17823"}],"wp:attachment":[{"href":"https:\/\/www.hedera-etc.com\/it\/wp-json\/wp\/v2\/media?parent=17818"}],"wp:term":[{"taxonomy":"product_brand","embeddable":true,"href":"https:\/\/www.hedera-etc.com\/it\/wp-json\/wp\/v2\/product_brand?post=17818"},{"taxonomy":"product_cat","embeddable":true,"href":"https:\/\/www.hedera-etc.com\/it\/wp-json\/wp\/v2\/product_cat?post=17818"},{"taxonomy":"product_tag","embeddable":true,"href":"https:\/\/www.hedera-etc.com\/it\/wp-json\/wp\/v2\/product_tag?post=17818"}],"curies":[{"name":"wp","href":"https:\/\/api.w.org\/{rel}","templated":true}]}}