{"id":1912,"date":"2023-11-10T20:34:56","date_gmt":"2023-11-10T19:34:56","guid":{"rendered":"https:\/\/www.hedera-etc.com\/?post_type=product&#038;p=1912"},"modified":"2026-04-28T07:09:23","modified_gmt":"2026-04-28T05:09:23","slug":"hedera-rhombea-variegata","status":"publish","type":"product","link":"https:\/\/www.hedera-etc.com\/it\/product\/hedera-rhombea-variegata\/","title":{"rendered":"<em>Hedera rhombea<\/em> &lsquo;Variegata&rsquo; &#8211; Edera giapponese"},"content":{"rendered":"\t\t<div data-elementor-type=\"product-post\" data-elementor-id=\"1912\" class=\"elementor elementor-1912\" data-elementor-post-type=\"product\">\n\t\t\t\t<div class=\"elementor-element elementor-element-5733ec45 e-con-full e-flex e-con e-child\" data-id=\"5733ec45\" data-element_type=\"container\">\n\t\t\t\t<div class=\"elementor-element elementor-element-2c22e064 elementor-widget elementor-widget-text-editor\" data-id=\"2c22e064\" data-element_type=\"widget\" data-widget_type=\"text-editor.default\">\n\t\t\t\t<div class=\"elementor-widget-container\">\n\t\t\t\t\t\t\t\t\t<h2><span style=\"color: #f0ffed;\">Le lierre du Japon\u00a0 &#8211; Hedera rhombea &lsquo;Variegata&rsquo;<\/span><\/h2>\t\t\t\t\t\t\t\t<\/div>\n\t\t\t\t<\/div>\n\t\t\t\t<\/div>\n\t\t<div class=\"elementor-element elementor-element-1396ae3c e-con-full e-flex e-con e-child\" data-id=\"1396ae3c\" data-element_type=\"container\">\n\t\t\t\t<\/div>\n\t\t<div class=\"elementor-element elementor-element-2f5d6b9f e-flex e-con-boxed e-con e-parent\" data-id=\"2f5d6b9f\" data-element_type=\"container\">\n\t\t\t\t\t<div class=\"e-con-inner\">\n\t\t<div class=\"elementor-element elementor-element-7a2a8aad e-flex e-con-boxed e-con e-child\" data-id=\"7a2a8aad\" data-element_type=\"container\">\n\t\t\t\t\t<div class=\"e-con-inner\">\n\t\t\t\t<div class=\"elementor-element elementor-element-3a6c169c elementor-widget elementor-widget-heading\" data-id=\"3a6c169c\" data-element_type=\"widget\" data-widget_type=\"heading.default\">\n\t\t\t\t<div class=\"elementor-widget-container\">\n\t\t\t\t\t<h2 class=\"elementor-heading-title elementor-size-default\">En r\u00e9sum\u00e9<\/h2>\t\t\t\t<\/div>\n\t\t\t\t<\/div>\n\t\t\t\t<div class=\"elementor-element elementor-element-567d723d elementor-widget elementor-widget-text-editor\" data-id=\"567d723d\" data-element_type=\"widget\" data-widget_type=\"text-editor.default\">\n\t\t\t\t<div class=\"elementor-widget-container\">\n\t\t\t\t\t\t\t\t\t<p>Le lierre du Japon, <strong><em>Hedera rhombea<\/em> &lsquo;Variegata&rsquo;<\/strong>, pr\u00e9sente de petites feuilles triangulaires ou trilob\u00e9es. Les lobes, lorsqu&rsquo;ils existent sont arrondis. Le limbe, vert gris\u00e2tre au centre, est \u00e9troitement margin\u00e9 de blanc.<\/p><p>En hiver, la bordure blanche se teinte de rose. Les p\u00e9tioles et les tiges deviennent rouge vineux.<\/p><p>C&rsquo;est un lierre rapport\u00e9 du Japon vers 1860 et introduit en Belgique. Il est d\u00e9crit pour la premi\u00e8re fois dans &lsquo;<em>La Belgique Horticole<\/em>&lsquo; en 1865.<\/p><p>On peut l&rsquo;utiliser notamment en rocaille.<\/p>\t\t\t\t\t\t\t\t<\/div>\n\t\t\t\t<\/div>\n\t\t\t\t<div class=\"elementor-element elementor-element-4bfdf0b elementor-widget elementor-widget-heading\" data-id=\"4bfdf0b\" data-element_type=\"widget\" data-widget_type=\"heading.default\">\n\t\t\t\t<div class=\"elementor-widget-container\">\n\t\t\t\t\t<h2 class=\"elementor-heading-title elementor-size-default\">Historique<\/h2>\t\t\t\t<\/div>\n\t\t\t\t<\/div>\n\t\t\t\t<div class=\"elementor-element elementor-element-b8cf1af elementor-widget elementor-widget-text-editor\" data-id=\"b8cf1af\" data-element_type=\"widget\" data-widget_type=\"text-editor.default\">\n\t\t\t\t<div class=\"elementor-widget-container\">\n\t\t\t\t\t\t\t\t\t<p>L&rsquo;origine de ce cultivar n&rsquo;est pas connue.<\/p>\t\t\t\t\t\t\t\t<\/div>\n\t\t\t\t<\/div>\n\t\t\t\t<div class=\"elementor-element elementor-element-7978a933 elementor-widget elementor-widget-heading\" data-id=\"7978a933\" data-element_type=\"widget\" data-widget_type=\"heading.default\">\n\t\t\t\t<div class=\"elementor-widget-container\">\n\t\t\t\t\t<h2 class=\"elementor-heading-title elementor-size-default\">Fiche technique - lierre du Japon 'Variegata'<\/h2>\t\t\t\t<\/div>\n\t\t\t\t<\/div>\n\t\t\t\t<div class=\"elementor-element elementor-element-4a4967e9 elementor-widget elementor-widget-text-editor\" data-id=\"4a4967e9\" data-element_type=\"widget\" data-widget_type=\"text-editor.default\">\n\t\t\t\t<div class=\"elementor-widget-container\">\n\t\t\t\t\t\t\t\t\t<h3>Informations botaniques<\/h3>\n<ul>\n<li>Famille : Araliac\u00e9es<\/li>\n<li>Genre : <em><strong>Hedera<\/strong><\/em><\/li>\n<li>Esp\u00e8ce : <em>rhombea<\/em><\/li>\n<li>Cultivar : &lsquo;Variegata&rsquo;<\/li>\n<li>Classification Pierot : lierre en forme de coeur, lierre panach\u00e9<\/li>\n<li>Stade feuillage : juv\u00e9nile<\/li>\n<li>Origine&nbsp; de l&rsquo;esp\u00e8ce : Est de l&rsquo;Asie<\/li>\n<li>Origine du cultivar : inconnue<\/li>\n<\/ul>\n<h3>&nbsp;<\/h3>\n<h3>Description de Hedera rhombea &lsquo;Variegata&rsquo;<\/h3>\n<ul>\n<li>Port : \u00e9tal\u00e9, \u00e9pars<\/li>\n<li>Nombre de lobes : 0 \u00e0 3 lobes en g\u00e9n\u00e9ral<\/li>\n<li>Longueur de la feuille : 3 cm<\/li>\n<li>Largeur de la feuille : 3 cm<\/li>\n<li>Couleur de la feuille : vert gris\u00e2tre, margin\u00e9 de blanc<\/li>\n<li>Variantes de couleur : bordure teint\u00e9e de rose en hiver<\/li>\n<li>Couleur des nervures : cr\u00e8me<\/li>\n<li>Tiges : fines<\/li>\n<li>Couleur tige et p\u00e9tiole : vert ros\u00e2tre, devenant rouge vineux en hiver<\/li>\n<li>Poils : \u00e9cailleux, 10 \u00e0 18 ramifications<\/li>\n<\/ul>\n<h3>&nbsp;<\/h3>\n<h3>Conseils plantation, culture et entretien de Hedera rhombea &lsquo;Variegata&rsquo;<\/h3>\n<ul>\n<li>Exposition : soleil, mi-ombre<\/li>\n<li>Rusticit\u00e9 : -12\u00b0C<\/li>\n<li>Humidit\u00e9 du sol : sol frais<\/li>\n<li>PH du sol : tous<\/li>\n<li>Type de sol : tous<\/li>\n<li>Richesse du sol : ordinaire ou humif\u00e8re<\/li>\n<li>Utilisation : couvre-sol, pot\u00e9es, jardini\u00e8res, rocaille<\/li>\n<li>D\u00e9veloppement : mod\u00e9r\u00e9<\/li>\n<li>Taille : une fois par an<\/li>\n<li>Ravageurs : tr\u00e8s rares (araign\u00e9es rouges, cochenilles)<\/li>\n<li>Maladies : tr\u00e8s rares (taches sur les feuilles),<\/li>\n<\/ul>\t\t\t\t\t\t\t\t<\/div>\n\t\t\t\t<\/div>\n\t\t\t\t\t<\/div>\n\t\t\t\t<\/div>\n\t\t\t\t\t<\/div>\n\t\t\t\t<\/div>\n\t\t<div class=\"elementor-element elementor-element-73bb2d5c e-flex e-con-boxed e-con e-parent\" data-id=\"73bb2d5c\" data-element_type=\"container\">\n\t\t\t\t\t<div class=\"e-con-inner\">\n\t\t<div class=\"elementor-element elementor-element-1d510033 e-flex e-con-boxed e-con e-child\" data-id=\"1d510033\" data-element_type=\"container\" data-settings=\"{&quot;background_background&quot;:&quot;classic&quot;,&quot;shape_divider_top&quot;:&quot;mountains&quot;}\">\n\t\t\t\t\t<div class=\"e-con-inner\">\n\t\t\t\t<div class=\"elementor-shape elementor-shape-top\" data-negative=\"false\">\n\t\t\t<svg xmlns=\"http:\/\/www.w3.org\/2000\/svg\" viewBox=\"0 0 1000 100\" preserveAspectRatio=\"none\">\n\t<path class=\"elementor-shape-fill\" opacity=\"0.33\" d=\"M473,67.3c-203.9,88.3-263.1-34-320.3,0C66,119.1,0,59.7,0,59.7V0h1000v59.7 c0,0-62.1,26.1-94.9,29.3c-32.8,3.3-62.8-12.3-75.8-22.1C806,49.6,745.3,8.7,694.9,4.7S492.4,59,473,67.3z\"\/>\n\t<path class=\"elementor-shape-fill\" opacity=\"0.66\" d=\"M734,67.3c-45.5,0-77.2-23.2-129.1-39.1c-28.6-8.7-150.3-10.1-254,39.1 s-91.7-34.4-149.2,0C115.7,118.3,0,39.8,0,39.8V0h1000v36.5c0,0-28.2-18.5-92.1-18.5C810.2,18.1,775.7,67.3,734,67.3z\"\/>\n\t<path class=\"elementor-shape-fill\" d=\"M766.1,28.9c-200-57.5-266,65.5-395.1,19.5C242,1.8,242,5.4,184.8,20.6C128,35.8,132.3,44.9,89.9,52.5C28.6,63.7,0,0,0,0 h1000c0,0-9.9,40.9-83.6,48.1S829.6,47,766.1,28.9z\"\/>\n<\/svg>\t\t<\/div>\n\t\t\t\t<div class=\"elementor-element elementor-element-269c4064 elementor-widget__width-initial elementor-widget elementor-widget-image\" data-id=\"269c4064\" data-element_type=\"widget\" data-widget_type=\"image.default\">\n\t\t\t\t<div class=\"elementor-widget-container\">\n\t\t\t\t\t\t\t\t\t\t\t\t\t\t\t<img fetchpriority=\"high\" decoding=\"async\" width=\"300\" height=\"180\" src=\"https:\/\/www.hedera-etc.com\/wp-content\/uploads\/2024\/11\/vecteezy_simplicity-ivy-freehand-drawing_13643730_206-300x180.webp\" class=\"attachment-medium size-medium wp-image-10573\" alt=\"\" srcset=\"https:\/\/www.hedera-etc.com\/wp-content\/uploads\/2024\/11\/vecteezy_simplicity-ivy-freehand-drawing_13643730_206-300x180.webp 300w, https:\/\/www.hedera-etc.com\/wp-content\/uploads\/2024\/11\/vecteezy_simplicity-ivy-freehand-drawing_13643730_206-900x540.webp 900w, https:\/\/www.hedera-etc.com\/wp-content\/uploads\/2024\/11\/vecteezy_simplicity-ivy-freehand-drawing_13643730_206-1024x614.webp 1024w, https:\/\/www.hedera-etc.com\/wp-content\/uploads\/2024\/11\/vecteezy_simplicity-ivy-freehand-drawing_13643730_206-768x461.webp 768w, https:\/\/www.hedera-etc.com\/wp-content\/uploads\/2024\/11\/vecteezy_simplicity-ivy-freehand-drawing_13643730_206-1536x921.webp 1536w, https:\/\/www.hedera-etc.com\/wp-content\/uploads\/2024\/11\/vecteezy_simplicity-ivy-freehand-drawing_13643730_206.webp 1920w, https:\/\/www.hedera-etc.com\/wp-content\/uploads\/2024\/11\/vecteezy_simplicity-ivy-freehand-drawing_13643730_206-1320x791.webp 1320w\" sizes=\"(max-width: 300px) 100vw, 300px\" \/>\t\t\t\t\t\t\t\t\t\t\t\t\t\t\t<\/div>\n\t\t\t\t<\/div>\n\t\t\t\t<div class=\"elementor-element elementor-element-6e46d040 elementor-widget elementor-widget-heading\" data-id=\"6e46d040\" data-element_type=\"widget\" data-widget_type=\"heading.default\">\n\t\t\t\t<div class=\"elementor-widget-container\">\n\t\t\t\t\t<h2 class=\"elementor-heading-title elementor-size-default\">Une page de ma petite encyclop\u00e9die du lierre<\/h2>\t\t\t\t<\/div>\n\t\t\t\t<\/div>\n\t\t\t\t\t<\/div>\n\t\t\t\t<\/div>\n\t\t\t\t<div class=\"elementor-element elementor-element-9400b6b elementor-widget elementor-widget-menu-anchor\" data-id=\"9400b6b\" data-element_type=\"widget\" data-widget_type=\"menu-anchor.default\">\n\t\t\t\t<div class=\"elementor-widget-container\">\n\t\t\t\t\t\t\t<div class=\"elementor-menu-anchor\" id=\"nuisible\"><\/div>\n\t\t\t\t\t\t<\/div>\n\t\t\t\t<\/div>\n\t\t\t\t<div class=\"elementor-element elementor-element-23e7d2c elementor-widget elementor-widget-text-editor\" data-id=\"23e7d2c\" data-element_type=\"widget\" data-widget_type=\"text-editor.default\">\n\t\t\t\t<div class=\"elementor-widget-container\">\n\t\t\t\t\t\t\t\t\t<p><span style=\"color: #008000;\">Toutes vos questions sur le lierre<\/span><\/p><h2><span style=\"color: #008000;\">Le lierre risque-t-il d&rsquo;attirer des insectes ou des nuisibles ?<\/span><\/h2><div class=\"flex flex-grow flex-col max-w-full\"><div class=\"min-h-[20px] text-message flex w-full flex-col items-end gap-2 whitespace-pre-wrap break-words [.text-message+&amp;]:mt-5 overflow-x-auto\" dir=\"auto\" data-message-author-role=\"assistant\" data-message-id=\"a9ce9341-c84b-452d-83b3-388a470f9577\"><div class=\"flex w-full flex-col gap-1 empty:hidden first:pt-[3px]\"><div class=\"markdown prose w-full break-words dark:prose-invert dark\"><p>Le lierre offre un abri \u00e0 une faune tr\u00e8s diversifi\u00e9e, notamment des insectes, des oiseaux et des petits mammif\u00e8res. Parmi ceux-ci peuvent se trouver des ind\u00e9sirables, mais aussi de nombreuses esp\u00e8ces utiles.\u00a0 \u00a0<\/p><p>On peut, par exemple, y trouver des pucerons ou des cochenilles, mais aussi des coccinelles. Au moment de sa floraison, en fin d&rsquo;\u00e9t\u00e9 ou en automne, il attire de tr\u00e8s nombreux pollinisateurs, tels que des papillons ou des abeilles. Le miel de lierre est tr\u00e8s appr\u00e9ci\u00e9.<\/p><p>De nombreux oiseaux appr\u00e9cient le lierre. Ils peuvent s&rsquo;y nicher et ils y trouvent de la nourriture. On peut notamment y rencontrer des merles, des grives, des moineaux, des rouges-gorges, des troglodytes mignons, des fauvettes \u00e0 t\u00eate noire, des pigeons, etc.<\/p><p>Certains petits mammif\u00e8res peuvent s&rsquo;y installer, parmi lesquls vous pouvez trouver des h\u00e9rissons, des musaraignes, des souris, des mulots, des chauves-souris, des \u00e9cureuils, des loirs.<\/p><p>Un \u00e9quilibre se cr\u00e9e naturellement dans cet espace plein de vie.\u00a0 \u00a0 \u00a0 \u00a0 \u00a0 \u00a0 \u00a0 \u00a0 \u00a0 \u00a0 \u00a0 \u00a0 \u00a0 \u00a0 \u00a0 \u00a0 \u00a0 \u00a0 \u00a0\u00a0<\/p><\/div><\/div><\/div><\/div>\t\t\t\t\t\t\t\t<\/div>\n\t\t\t\t<\/div>\n\t\t\t\t<div class=\"elementor-element elementor-element-11d9e9d elementor-widget elementor-widget-image\" data-id=\"11d9e9d\" data-element_type=\"widget\" data-widget_type=\"image.default\">\n\t\t\t\t<div class=\"elementor-widget-container\">\n\t\t\t\t\t\t\t\t\t\t\t\t\t\t\t<img decoding=\"async\" width=\"1024\" height=\"146\" src=\"https:\/\/www.hedera-etc.com\/wp-content\/uploads\/2023\/10\/guirlande-1024x146.webp\" class=\"attachment-large size-large wp-image-116\" alt=\"La boutique du lierre - guirlande de lierre\" srcset=\"https:\/\/www.hedera-etc.com\/wp-content\/uploads\/2023\/10\/guirlande-1024x146.webp 1024w, https:\/\/www.hedera-etc.com\/wp-content\/uploads\/2023\/10\/guirlande-900x129.webp 900w, https:\/\/www.hedera-etc.com\/wp-content\/uploads\/2023\/10\/guirlande-300x43.webp 300w, https:\/\/www.hedera-etc.com\/wp-content\/uploads\/2023\/10\/guirlande-768x110.webp 768w, https:\/\/www.hedera-etc.com\/wp-content\/uploads\/2023\/10\/guirlande.webp 1126w\" sizes=\"(max-width: 1024px) 100vw, 1024px\" \/>\t\t\t\t\t\t\t\t\t\t\t\t\t\t\t<\/div>\n\t\t\t\t<\/div>\n\t\t\t\t<div class=\"elementor-element elementor-element-58ed9742 elementor-widget elementor-widget-text-editor\" data-id=\"58ed9742\" data-element_type=\"widget\" data-widget_type=\"text-editor.default\">\n\t\t\t\t<div class=\"elementor-widget-container\">\n\t\t\t\t\t\t\t\t\t<h3 style=\"text-align: center;\"><span style=\"color: #008000;\">Le lierre dans la litt\u00e9rature<\/span><\/h3><blockquote><p style=\"text-align: center;\"><span style=\"color: #993366;\">\u201cLe lierre s&rsquo;accroche l\u00e0 o\u00f9 le vent passe, se nourrissant des ruines comme d&rsquo;un sol fertile.<\/span><span style=\"color: #993366;\">\u201d<\/span><\/p><\/blockquote><h5 style=\"text-align: right;\"><strong>George Eliot<\/strong>, <em>Silas Marner<\/em><\/h5>\t\t\t\t\t\t\t\t<\/div>\n\t\t\t\t<\/div>\n\t\t\t\t\t<\/div>\n\t\t\t\t<\/div>\n\t\t\t\t<\/div>\n\t\t","protected":false},"excerpt":{"rendered":"<p>Piccole foglie triangolari o trilobate, di colore verde grigiastro al centro, strettamente bordate di bianco. Lobi arrotondati.<\/p>\n<p>In inverno, il bordo bianco diventa rosa. I piccioli e gli steli diventano rosso vino.<\/p>\n<p>Un'edera interessante, soprattutto per i giardini rocciosi.<\/p>","protected":false},"featured_media":1913,"comment_status":"open","ping_status":"closed","template":"","meta":{"_acf_changed":false,"ocean_post_layout":"","ocean_both_sidebars_style":"","ocean_both_sidebars_content_width":0,"ocean_both_sidebars_sidebars_width":0,"ocean_sidebar":"0","ocean_second_sidebar":"0","ocean_disable_margins":"enable","ocean_add_body_class":"","ocean_shortcode_before_top_bar":"","ocean_shortcode_after_top_bar":"","ocean_shortcode_before_header":"","ocean_shortcode_after_header":"","ocean_has_shortcode":"","ocean_shortcode_after_title":"","ocean_shortcode_before_footer_widgets":"","ocean_shortcode_after_footer_widgets":"","ocean_shortcode_before_footer_bottom":"","ocean_shortcode_after_footer_bottom":"","ocean_display_top_bar":"default","ocean_display_header":"default","ocean_header_style":"","ocean_center_header_left_menu":"0","ocean_custom_header_template":"0","ocean_custom_logo":0,"ocean_custom_retina_logo":0,"ocean_custom_logo_max_width":0,"ocean_custom_logo_tablet_max_width":0,"ocean_custom_logo_mobile_max_width":0,"ocean_custom_logo_max_height":0,"ocean_custom_logo_tablet_max_height":0,"ocean_custom_logo_mobile_max_height":0,"ocean_header_custom_menu":"0","ocean_menu_typo_font_family":"0","ocean_menu_typo_font_subset":"","ocean_menu_typo_font_size":0,"ocean_menu_typo_font_size_tablet":0,"ocean_menu_typo_font_size_mobile":0,"ocean_menu_typo_font_size_unit":"px","ocean_menu_typo_font_weight":"","ocean_menu_typo_font_weight_tablet":"","ocean_menu_typo_font_weight_mobile":"","ocean_menu_typo_transform":"","ocean_menu_typo_transform_tablet":"","ocean_menu_typo_transform_mobile":"","ocean_menu_typo_line_height":0,"ocean_menu_typo_line_height_tablet":0,"ocean_menu_typo_line_height_mobile":0,"ocean_menu_typo_line_height_unit":"","ocean_menu_typo_spacing":0,"ocean_menu_typo_spacing_tablet":0,"ocean_menu_typo_spacing_mobile":0,"ocean_menu_typo_spacing_unit":"","ocean_menu_link_color":"","ocean_menu_link_color_hover":"","ocean_menu_link_color_active":"","ocean_menu_link_background":"","ocean_menu_link_hover_background":"","ocean_menu_link_active_background":"","ocean_menu_social_links_bg":"","ocean_menu_social_hover_links_bg":"","ocean_menu_social_links_color":"","ocean_menu_social_hover_links_color":"","ocean_disable_title":"default","ocean_disable_heading":"default","ocean_post_title":"","ocean_post_subheading":"","ocean_post_title_style":"","ocean_post_title_background_color":"","ocean_post_title_background":0,"ocean_post_title_bg_image_position":"","ocean_post_title_bg_image_attachment":"","ocean_post_title_bg_image_repeat":"","ocean_post_title_bg_image_size":"","ocean_post_title_height":0,"ocean_post_title_bg_overlay":0.5,"ocean_post_title_bg_overlay_color":"","ocean_disable_breadcrumbs":"default","ocean_breadcrumbs_color":"","ocean_breadcrumbs_separator_color":"","ocean_breadcrumbs_links_color":"","ocean_breadcrumbs_links_hover_color":"","ocean_display_footer_widgets":"default","ocean_display_footer_bottom":"default","ocean_custom_footer_template":"0"},"product_brand":[],"product_cat":[134],"product_tag":[],"class_list":{"0":"post-1912","1":"product","2":"type-product","3":"status-publish","4":"has-post-thumbnail","6":"product_cat-lierre","8":"entry","9":"has-media","11":"first","12":"instock","13":"purchasable","14":"product-type-variable","15":"has-default-attributes","16":"has-product-nav","17":"col","18":"span_1_of_4","19":"owp-content-center","20":"item-entry","21":"owp-thumbs-layout-horizontal","22":"owp-btn-normal","23":"owp-tabs-layout-section"},"acf":[],"jetpack_sharing_enabled":true,"_links":{"self":[{"href":"https:\/\/www.hedera-etc.com\/it\/wp-json\/wp\/v2\/product\/1912","targetHints":{"allow":["GET"]}}],"collection":[{"href":"https:\/\/www.hedera-etc.com\/it\/wp-json\/wp\/v2\/product"}],"about":[{"href":"https:\/\/www.hedera-etc.com\/it\/wp-json\/wp\/v2\/types\/product"}],"replies":[{"embeddable":true,"href":"https:\/\/www.hedera-etc.com\/it\/wp-json\/wp\/v2\/comments?post=1912"}],"version-history":[{"count":4,"href":"https:\/\/www.hedera-etc.com\/it\/wp-json\/wp\/v2\/product\/1912\/revisions"}],"predecessor-version":[{"id":15700,"href":"https:\/\/www.hedera-etc.com\/it\/wp-json\/wp\/v2\/product\/1912\/revisions\/15700"}],"wp:featuredmedia":[{"embeddable":true,"href":"https:\/\/www.hedera-etc.com\/it\/wp-json\/wp\/v2\/media\/1913"}],"wp:attachment":[{"href":"https:\/\/www.hedera-etc.com\/it\/wp-json\/wp\/v2\/media?parent=1912"}],"wp:term":[{"taxonomy":"product_brand","embeddable":true,"href":"https:\/\/www.hedera-etc.com\/it\/wp-json\/wp\/v2\/product_brand?post=1912"},{"taxonomy":"product_cat","embeddable":true,"href":"https:\/\/www.hedera-etc.com\/it\/wp-json\/wp\/v2\/product_cat?post=1912"},{"taxonomy":"product_tag","embeddable":true,"href":"https:\/\/www.hedera-etc.com\/it\/wp-json\/wp\/v2\/product_tag?post=1912"}],"curies":[{"name":"wp","href":"https:\/\/api.w.org\/{rel}","templated":true}]}}