{"id":1918,"date":"2023-11-10T20:47:32","date_gmt":"2023-11-10T19:47:32","guid":{"rendered":"https:\/\/www.hedera-etc.com\/?post_type=product&#038;p=1918"},"modified":"2026-04-28T07:09:23","modified_gmt":"2026-04-28T05:09:23","slug":"hedera-helix-cristo","status":"publish","type":"product","link":"https:\/\/www.hedera-etc.com\/it\/product\/hedera-helix-cristo\/","title":{"rendered":"<em>Hedera helix<\/em> &lsquo;Cristo&rsquo; &#8211; Edera ornamentale"},"content":{"rendered":"\t\t<div data-elementor-type=\"product-post\" data-elementor-id=\"1918\" class=\"elementor elementor-1918\" data-elementor-post-type=\"product\">\n\t\t\t\t<div class=\"elementor-element elementor-element-1904d649 e-con-full e-flex e-con e-child\" data-id=\"1904d649\" data-element_type=\"container\">\n\t\t\t\t<div class=\"elementor-element elementor-element-5c3173b8 elementor-widget elementor-widget-text-editor\" data-id=\"5c3173b8\" data-element_type=\"widget\" data-widget_type=\"text-editor.default\">\n\t\t\t\t<div class=\"elementor-widget-container\">\n\t\t\t\t\t\t\t\t\t<h2><span style=\"color: #f0ffed;\">Le lierre d&rsquo;ornement\u00a0 &#8211; Hedera helix &lsquo;Cristo&rsquo;<\/span><\/h2>\t\t\t\t\t\t\t\t<\/div>\n\t\t\t\t<\/div>\n\t\t\t\t<\/div>\n\t\t<div class=\"elementor-element elementor-element-b7fb94f e-flex e-con-boxed e-con e-parent\" data-id=\"b7fb94f\" data-element_type=\"container\">\n\t\t\t\t\t<div class=\"e-con-inner\">\n\t\t<div class=\"elementor-element elementor-element-622331c8 e-flex e-con-boxed e-con e-child\" data-id=\"622331c8\" data-element_type=\"container\">\n\t\t\t\t\t<div class=\"e-con-inner\">\n\t\t\t\t<div class=\"elementor-element elementor-element-77e98fa1 elementor-widget elementor-widget-heading\" data-id=\"77e98fa1\" data-element_type=\"widget\" data-widget_type=\"heading.default\">\n\t\t\t\t<div class=\"elementor-widget-container\">\n\t\t\t\t\t<h2 class=\"elementor-heading-title elementor-size-default\">En r\u00e9sum\u00e9<\/h2>\t\t\t\t<\/div>\n\t\t\t\t<\/div>\n\t\t\t\t<div class=\"elementor-element elementor-element-7e01c019 elementor-widget elementor-widget-text-editor\" data-id=\"7e01c019\" data-element_type=\"widget\" data-widget_type=\"text-editor.default\">\n\t\t\t\t<div class=\"elementor-widget-container\">\n\t\t\t\t\t\t\t\t\t<p>Le lierre d&rsquo;ornement, <strong><em>Hedera helix<\/em> &lsquo;Cristo&rsquo;<\/strong>, est une mutation de <a href=\"https:\/\/www.hedera-etc.com\/product\/hedera-helix-touch-of-class\/\" target=\"_blank\" rel=\"noopener\"><em>Hedera helix<\/em> \u2018Touch of Class\u2019<\/a> s\u00e9lectionn\u00e9e par Olivier Arcelus.<\/p><p>C&rsquo;est un lierre de forme compacte. Les feuilles sont enroul\u00e9es sur elles m\u00eames, des excroissances poussent sur le bord de la feuille.<\/p><p><span style=\"font-size: 18px; color: var( --e-global-color-text ); text-align: var(--text-align);\">C&rsquo;est une curiosit\u00e9 int\u00e9ressante !<\/span><\/p>\t\t\t\t\t\t\t\t<\/div>\n\t\t\t\t<\/div>\n\t\t\t\t<div class=\"elementor-element elementor-element-20af67a1 elementor-widget elementor-widget-heading\" data-id=\"20af67a1\" data-element_type=\"widget\" data-widget_type=\"heading.default\">\n\t\t\t\t<div class=\"elementor-widget-container\">\n\t\t\t\t\t<h2 class=\"elementor-heading-title elementor-size-default\">Fiche technique - Hedera helix 'Cristo'<\/h2>\t\t\t\t<\/div>\n\t\t\t\t<\/div>\n\t\t\t\t<div class=\"elementor-element elementor-element-8e7766e elementor-widget elementor-widget-text-editor\" data-id=\"8e7766e\" data-element_type=\"widget\" data-widget_type=\"text-editor.default\">\n\t\t\t\t<div class=\"elementor-widget-container\">\n\t\t\t\t\t\t\t\t\t<h3>Informations botaniques<\/h3>\n<ul>\n<li>Famille : Araliac\u00e9es<\/li>\n<li>Genre : <em><strong>Hedera<\/strong><\/em><\/li>\n<li>Esp\u00e8ce : <em>helix<\/em><\/li>\n<li>Cultivar : &lsquo;Cristo&rsquo;<\/li>\n<li>Classification Pierot : curiosit\u00e9, lierre \u00e0 feuillage ondul\u00e9<\/li>\n<li>Stade feuillage : juv\u00e9nile<\/li>\n<li>Origine&nbsp; de l&rsquo;esp\u00e8ce : Europe, de l&rsquo;Espagne \u00e0 la Norv\u00e8ge, mais peu sur la c\u00f4te atlantique.<\/li>\n<li>Origine du cultivar : mutation de &lsquo;Touch of Class&rsquo;<\/li>\n<\/ul>\n<h3>&nbsp;<\/h3>\n<h3>Description de Hedera helix &lsquo;Cristo&rsquo;<\/h3>\n<ul>\n<li>Port : compact<\/li>\n<li>Nombre de lobes : 5 lobes en g\u00e9n\u00e9ral<\/li>\n<li>Longueur de la feuille : 4 cm<\/li>\n<li>Largeur de la feuille : 4 cm<\/li>\n<li>Couleur de la feuille : vert clair<\/li>\n<li>Couleur des nervures : cr\u00e8me<\/li>\n<li>Couleur tige et p\u00e9tiole : rose violac\u00e9<\/li>\n<li>Poils : stellaires, 3 \u00e0 5 branches<\/li>\n<\/ul>\n<h3>&nbsp;<\/h3>\n<h3>Conseils plantation, culture et entretien de Hedera helix &lsquo;Cristo&rsquo;<\/h3>\n<ul>\n<li>Exposition : ombre, mi-ombre<\/li>\n<li>Rusticit\u00e9 : -15\u00b0C<\/li>\n<li>Humidit\u00e9 du sol : sol frais<\/li>\n<li>PH du sol : neutre ou calcaire<\/li>\n<li>Type de sol : tous<\/li>\n<li>Richesse du sol : ordinaire ou humif\u00e8re<\/li>\n<li>Utilisation : pot\u00e9es, jardini\u00e8res, plante d&rsquo;appartement<\/li>\n<li>D\u00e9veloppement : mod\u00e9r\u00e9<\/li>\n<li>Taille : une fois par an<\/li>\n<li>Ravageurs : tr\u00e8s rares (araign\u00e9es rouges, cochenilles)<\/li>\n<li>Maladies : tr\u00e8s rares (taches sur les feuilles)<\/li>\n<\/ul>\t\t\t\t\t\t\t\t<\/div>\n\t\t\t\t<\/div>\n\t\t\t\t\t<\/div>\n\t\t\t\t<\/div>\n\t\t\t\t\t<\/div>\n\t\t\t\t<\/div>\n\t\t<div class=\"elementor-element elementor-element-5b41a8a1 e-flex e-con-boxed e-con e-parent\" data-id=\"5b41a8a1\" data-element_type=\"container\">\n\t\t\t\t\t<div class=\"e-con-inner\">\n\t\t<div class=\"elementor-element elementor-element-4ed27cd9 e-flex e-con-boxed e-con e-child\" data-id=\"4ed27cd9\" data-element_type=\"container\" data-settings=\"{&quot;background_background&quot;:&quot;classic&quot;,&quot;shape_divider_top&quot;:&quot;mountains&quot;}\">\n\t\t\t\t\t<div class=\"e-con-inner\">\n\t\t\t\t<div class=\"elementor-shape elementor-shape-top\" data-negative=\"false\">\n\t\t\t<svg xmlns=\"http:\/\/www.w3.org\/2000\/svg\" viewBox=\"0 0 1000 100\" preserveAspectRatio=\"none\">\n\t<path class=\"elementor-shape-fill\" opacity=\"0.33\" d=\"M473,67.3c-203.9,88.3-263.1-34-320.3,0C66,119.1,0,59.7,0,59.7V0h1000v59.7 c0,0-62.1,26.1-94.9,29.3c-32.8,3.3-62.8-12.3-75.8-22.1C806,49.6,745.3,8.7,694.9,4.7S492.4,59,473,67.3z\"\/>\n\t<path class=\"elementor-shape-fill\" opacity=\"0.66\" d=\"M734,67.3c-45.5,0-77.2-23.2-129.1-39.1c-28.6-8.7-150.3-10.1-254,39.1 s-91.7-34.4-149.2,0C115.7,118.3,0,39.8,0,39.8V0h1000v36.5c0,0-28.2-18.5-92.1-18.5C810.2,18.1,775.7,67.3,734,67.3z\"\/>\n\t<path class=\"elementor-shape-fill\" d=\"M766.1,28.9c-200-57.5-266,65.5-395.1,19.5C242,1.8,242,5.4,184.8,20.6C128,35.8,132.3,44.9,89.9,52.5C28.6,63.7,0,0,0,0 h1000c0,0-9.9,40.9-83.6,48.1S829.6,47,766.1,28.9z\"\/>\n<\/svg>\t\t<\/div>\n\t\t\t\t<div class=\"elementor-element elementor-element-6cbb0030 elementor-widget__width-initial elementor-widget elementor-widget-image\" data-id=\"6cbb0030\" data-element_type=\"widget\" data-widget_type=\"image.default\">\n\t\t\t\t<div class=\"elementor-widget-container\">\n\t\t\t\t\t\t\t\t\t\t\t\t\t\t\t<img fetchpriority=\"high\" decoding=\"async\" width=\"300\" height=\"180\" src=\"https:\/\/www.hedera-etc.com\/wp-content\/uploads\/2024\/11\/vecteezy_simplicity-ivy-freehand-drawing_13643730_206-300x180.webp\" class=\"attachment-medium size-medium wp-image-10573\" alt=\"\" srcset=\"https:\/\/www.hedera-etc.com\/wp-content\/uploads\/2024\/11\/vecteezy_simplicity-ivy-freehand-drawing_13643730_206-300x180.webp 300w, https:\/\/www.hedera-etc.com\/wp-content\/uploads\/2024\/11\/vecteezy_simplicity-ivy-freehand-drawing_13643730_206-900x540.webp 900w, https:\/\/www.hedera-etc.com\/wp-content\/uploads\/2024\/11\/vecteezy_simplicity-ivy-freehand-drawing_13643730_206-1024x614.webp 1024w, https:\/\/www.hedera-etc.com\/wp-content\/uploads\/2024\/11\/vecteezy_simplicity-ivy-freehand-drawing_13643730_206-768x461.webp 768w, https:\/\/www.hedera-etc.com\/wp-content\/uploads\/2024\/11\/vecteezy_simplicity-ivy-freehand-drawing_13643730_206-1536x921.webp 1536w, https:\/\/www.hedera-etc.com\/wp-content\/uploads\/2024\/11\/vecteezy_simplicity-ivy-freehand-drawing_13643730_206.webp 1920w, https:\/\/www.hedera-etc.com\/wp-content\/uploads\/2024\/11\/vecteezy_simplicity-ivy-freehand-drawing_13643730_206-1320x791.webp 1320w\" sizes=\"(max-width: 300px) 100vw, 300px\" \/>\t\t\t\t\t\t\t\t\t\t\t\t\t\t\t<\/div>\n\t\t\t\t<\/div>\n\t\t\t\t<div class=\"elementor-element elementor-element-6121bd25 elementor-widget elementor-widget-heading\" data-id=\"6121bd25\" data-element_type=\"widget\" data-widget_type=\"heading.default\">\n\t\t\t\t<div class=\"elementor-widget-container\">\n\t\t\t\t\t<h2 class=\"elementor-heading-title elementor-size-default\">Une page de ma petite encyclop\u00e9die du lierre<\/h2>\t\t\t\t<\/div>\n\t\t\t\t<\/div>\n\t\t\t\t\t<\/div>\n\t\t\t\t<\/div>\n\t\t\t\t<div class=\"elementor-element elementor-element-1d55630 elementor-widget elementor-widget-menu-anchor\" data-id=\"1d55630\" data-element_type=\"widget\" data-widget_type=\"menu-anchor.default\">\n\t\t\t\t<div class=\"elementor-widget-container\">\n\t\t\t\t\t\t\t<div class=\"elementor-menu-anchor\" id=\"division\"><\/div>\n\t\t\t\t\t\t<\/div>\n\t\t\t\t<\/div>\n\t\t\t\t<div class=\"elementor-element elementor-element-37cf894 elementor-widget elementor-widget-global elementor-global-8399 elementor-widget-text-editor\" data-id=\"37cf894\" data-element_type=\"widget\" data-widget_type=\"text-editor.default\">\n\t\t\t\t<div class=\"elementor-widget-container\">\n\t\t\t\t\t\t\t\t\t<p><span style=\"color: #008000;\">Toutes vos questions sur le lierre<\/span><\/p><h2><span style=\"color: #008000;\">Comment multiplier le lierre par division ?<\/span><\/h2><div class=\"flex flex-grow flex-col max-w-full\"><div class=\"min-h-[20px] text-message flex w-full flex-col items-end gap-2 whitespace-pre-wrap break-words [.text-message+&amp;]:mt-5 overflow-x-auto\" dir=\"auto\" data-message-author-role=\"assistant\" data-message-id=\"a9ce9341-c84b-452d-83b3-388a470f9577\"><div class=\"flex w-full flex-col gap-1 empty:hidden first:pt-[3px]\"><div class=\"markdown prose w-full break-words dark:prose-invert dark\"><p>La multiplication du lierre par division est assez peu pratiqu\u00e9e, car il existe bien d&rsquo;autres moyens plus efficaces de multiplier le lierre.<\/p><p>Toutefois, en pr\u00e9sence d&rsquo;une touffe de lierre devenue trop imposante pour son pot ou pour son emplacement, il est int\u00e9ressant d&rsquo;envisager de la diviser.<\/p><p>Pour cela, il faut d\u00e9terrer la plante-m\u00e8re et bien d\u00e9gager le collet de la plante pour pouvoir rep\u00e9rer les diff\u00e9rentes sections possibles. S\u00e9parez chacune des sections en veillant bien \u00e0 ce qu&rsquo;elles disposent toutes de tiges, de feuilles et de racines. S&rsquo;il est n\u00e9cessaire de couper, veiller \u00e0 le faire le plus proprement possible sans abimer les v\u00e9g\u00e9taux.<\/p><p>Replantez aussit\u00f4t ces sections de plantes dans des pots ou en pleine terre et arrosez abondamment. Surveillez les arrosages jusqu&rsquo;\u00e0 ce que chaque nouvelle plante soit bien \u00e9tablie.<\/p><\/div><\/div><\/div><\/div>\t\t\t\t\t\t\t\t<\/div>\n\t\t\t\t<\/div>\n\t\t\t\t<div class=\"elementor-element elementor-element-6b39ac0b elementor-widget elementor-widget-image\" data-id=\"6b39ac0b\" data-element_type=\"widget\" data-widget_type=\"image.default\">\n\t\t\t\t<div class=\"elementor-widget-container\">\n\t\t\t\t\t\t\t\t\t\t\t\t\t\t\t<img decoding=\"async\" width=\"1024\" height=\"146\" src=\"https:\/\/www.hedera-etc.com\/wp-content\/uploads\/2023\/10\/guirlande-1024x146.webp\" class=\"attachment-large size-large wp-image-116\" alt=\"La boutique du lierre - guirlande de lierre\" srcset=\"https:\/\/www.hedera-etc.com\/wp-content\/uploads\/2023\/10\/guirlande-1024x146.webp 1024w, https:\/\/www.hedera-etc.com\/wp-content\/uploads\/2023\/10\/guirlande-900x129.webp 900w, https:\/\/www.hedera-etc.com\/wp-content\/uploads\/2023\/10\/guirlande-300x43.webp 300w, https:\/\/www.hedera-etc.com\/wp-content\/uploads\/2023\/10\/guirlande-768x110.webp 768w, https:\/\/www.hedera-etc.com\/wp-content\/uploads\/2023\/10\/guirlande.webp 1126w\" sizes=\"(max-width: 1024px) 100vw, 1024px\" \/>\t\t\t\t\t\t\t\t\t\t\t\t\t\t\t<\/div>\n\t\t\t\t<\/div>\n\t\t\t\t<div class=\"elementor-element elementor-element-55bee6e3 elementor-widget elementor-widget-text-editor\" data-id=\"55bee6e3\" data-element_type=\"widget\" data-widget_type=\"text-editor.default\">\n\t\t\t\t<div class=\"elementor-widget-container\">\n\t\t\t\t\t\t\t\t\t<h3 style=\"text-align: center;\"><span style=\"color: #008000;\">Le lierre dans la litt\u00e9rature<\/span><\/h3><blockquote><p style=\"text-align: center;\"><span style=\"color: #993366;\">\u201cLe lierre s\u2019enroule, embrassant l\u2019\u00e9corce comme une caresse silencieuse.\u00a0\u00bb<\/span><\/p><\/blockquote><h5 style=\"text-align: right;\"><strong>D.H. Lawrence<\/strong>, <em>Women in Love<\/em><\/h5>\t\t\t\t\t\t\t\t<\/div>\n\t\t\t\t<\/div>\n\t\t\t\t\t<\/div>\n\t\t\t\t<\/div>\n\t\t\t\t<\/div>\n\t\t","protected":false},"excerpt":{"rendered":"<p>Edera compatta. Foglie arrotolate su se stesse. A volte con escrescenze sul bordo della foglia.<\/p>\n<p>Risultante da una mutazione di\u00a0<a href=\"https:\/\/www.hedera-etc.com\/it\/product\/hedera-helix-touch-of-class\/\" target=\"_blank\" rel=\"noopener\"><em>Hedera helix<\/em>\u00a0\u2018Un tocco di classe\u2019<\/a>.<\/p>\n<p>Curiosit\u00e0 interessante!<\/p>","protected":false},"featured_media":1919,"comment_status":"open","ping_status":"closed","template":"","meta":{"_acf_changed":false,"ocean_post_layout":"","ocean_both_sidebars_style":"","ocean_both_sidebars_content_width":0,"ocean_both_sidebars_sidebars_width":0,"ocean_sidebar":"0","ocean_second_sidebar":"0","ocean_disable_margins":"enable","ocean_add_body_class":"","ocean_shortcode_before_top_bar":"","ocean_shortcode_after_top_bar":"","ocean_shortcode_before_header":"","ocean_shortcode_after_header":"","ocean_has_shortcode":"","ocean_shortcode_after_title":"","ocean_shortcode_before_footer_widgets":"","ocean_shortcode_after_footer_widgets":"","ocean_shortcode_before_footer_bottom":"","ocean_shortcode_after_footer_bottom":"","ocean_display_top_bar":"default","ocean_display_header":"default","ocean_header_style":"","ocean_center_header_left_menu":"0","ocean_custom_header_template":"0","ocean_custom_logo":0,"ocean_custom_retina_logo":0,"ocean_custom_logo_max_width":0,"ocean_custom_logo_tablet_max_width":0,"ocean_custom_logo_mobile_max_width":0,"ocean_custom_logo_max_height":0,"ocean_custom_logo_tablet_max_height":0,"ocean_custom_logo_mobile_max_height":0,"ocean_header_custom_menu":"0","ocean_menu_typo_font_family":"0","ocean_menu_typo_font_subset":"","ocean_menu_typo_font_size":0,"ocean_menu_typo_font_size_tablet":0,"ocean_menu_typo_font_size_mobile":0,"ocean_menu_typo_font_size_unit":"px","ocean_menu_typo_font_weight":"","ocean_menu_typo_font_weight_tablet":"","ocean_menu_typo_font_weight_mobile":"","ocean_menu_typo_transform":"","ocean_menu_typo_transform_tablet":"","ocean_menu_typo_transform_mobile":"","ocean_menu_typo_line_height":0,"ocean_menu_typo_line_height_tablet":0,"ocean_menu_typo_line_height_mobile":0,"ocean_menu_typo_line_height_unit":"","ocean_menu_typo_spacing":0,"ocean_menu_typo_spacing_tablet":0,"ocean_menu_typo_spacing_mobile":0,"ocean_menu_typo_spacing_unit":"","ocean_menu_link_color":"","ocean_menu_link_color_hover":"","ocean_menu_link_color_active":"","ocean_menu_link_background":"","ocean_menu_link_hover_background":"","ocean_menu_link_active_background":"","ocean_menu_social_links_bg":"","ocean_menu_social_hover_links_bg":"","ocean_menu_social_links_color":"","ocean_menu_social_hover_links_color":"","ocean_disable_title":"default","ocean_disable_heading":"default","ocean_post_title":"","ocean_post_subheading":"","ocean_post_title_style":"","ocean_post_title_background_color":"","ocean_post_title_background":0,"ocean_post_title_bg_image_position":"","ocean_post_title_bg_image_attachment":"","ocean_post_title_bg_image_repeat":"","ocean_post_title_bg_image_size":"","ocean_post_title_height":0,"ocean_post_title_bg_overlay":0.5,"ocean_post_title_bg_overlay_color":"","ocean_disable_breadcrumbs":"default","ocean_breadcrumbs_color":"","ocean_breadcrumbs_separator_color":"","ocean_breadcrumbs_links_color":"","ocean_breadcrumbs_links_hover_color":"","ocean_display_footer_widgets":"default","ocean_display_footer_bottom":"default","ocean_custom_footer_template":"0"},"product_brand":[],"product_cat":[134],"product_tag":[],"class_list":{"0":"post-1918","1":"product","2":"type-product","3":"status-publish","4":"has-post-thumbnail","6":"product_cat-lierre","8":"entry","9":"has-media","11":"first","12":"instock","13":"purchasable","14":"product-type-variable","15":"has-default-attributes","16":"has-product-nav","17":"col","18":"span_1_of_4","19":"owp-content-center","20":"item-entry","21":"owp-thumbs-layout-horizontal","22":"owp-btn-normal","23":"owp-tabs-layout-section","24":"has-no-thumbnails"},"acf":[],"jetpack_sharing_enabled":true,"_links":{"self":[{"href":"https:\/\/www.hedera-etc.com\/it\/wp-json\/wp\/v2\/product\/1918","targetHints":{"allow":["GET"]}}],"collection":[{"href":"https:\/\/www.hedera-etc.com\/it\/wp-json\/wp\/v2\/product"}],"about":[{"href":"https:\/\/www.hedera-etc.com\/it\/wp-json\/wp\/v2\/types\/product"}],"replies":[{"embeddable":true,"href":"https:\/\/www.hedera-etc.com\/it\/wp-json\/wp\/v2\/comments?post=1918"}],"version-history":[{"count":3,"href":"https:\/\/www.hedera-etc.com\/it\/wp-json\/wp\/v2\/product\/1918\/revisions"}],"predecessor-version":[{"id":13745,"href":"https:\/\/www.hedera-etc.com\/it\/wp-json\/wp\/v2\/product\/1918\/revisions\/13745"}],"wp:featuredmedia":[{"embeddable":true,"href":"https:\/\/www.hedera-etc.com\/it\/wp-json\/wp\/v2\/media\/1919"}],"wp:attachment":[{"href":"https:\/\/www.hedera-etc.com\/it\/wp-json\/wp\/v2\/media?parent=1918"}],"wp:term":[{"taxonomy":"product_brand","embeddable":true,"href":"https:\/\/www.hedera-etc.com\/it\/wp-json\/wp\/v2\/product_brand?post=1918"},{"taxonomy":"product_cat","embeddable":true,"href":"https:\/\/www.hedera-etc.com\/it\/wp-json\/wp\/v2\/product_cat?post=1918"},{"taxonomy":"product_tag","embeddable":true,"href":"https:\/\/www.hedera-etc.com\/it\/wp-json\/wp\/v2\/product_tag?post=1918"}],"curies":[{"name":"wp","href":"https:\/\/api.w.org\/{rel}","templated":true}]}}