{"id":1948,"date":"2023-11-10T21:50:42","date_gmt":"2023-11-10T20:50:42","guid":{"rendered":"https:\/\/www.hedera-etc.com\/?post_type=product&#038;p=1948"},"modified":"2026-04-28T07:09:23","modified_gmt":"2026-04-28T05:09:23","slug":"kit-plantation-lierre-grimpant","status":"publish","type":"product","link":"https:\/\/www.hedera-etc.com\/it\/product\/kit-plantation-lierre-grimpant\/","title":{"rendered":"Kit per la messa a dimora dell'edera rampicante"},"content":{"rendered":"<div data-elementor-type=\"product-post\" data-elementor-id=\"1948\" class=\"elementor elementor-1948\" data-elementor-post-type=\"product\">\n\t\t\t\t<div class=\"elementor-element elementor-element-bae028a e-flex e-con-boxed e-con e-parent\" data-id=\"bae028a\" data-element_type=\"container\">\n\t\t\t\t\t<div class=\"e-con-inner\">\n\t\t\t\t<div class=\"elementor-element elementor-element-6f1ef45 elementor-widget elementor-widget-text-editor\" data-id=\"6f1ef45\" data-element_type=\"widget\" data-widget_type=\"text-editor.default\">\n\t\t\t\t<div class=\"elementor-widget-container\">\n\t\t\t\t\t\t\t\t\t<p>Per creare rapidamente un attraente schermo di vegetazione, abbellire un muro o una recinzione, nascondere una zona trascurata, ecc... optate per questa soluzione. <strong>Kit per la messa a dimora dell'edera rampicante<\/strong>. \u00c8 pi\u00f9 economico rispetto all'acquisto di vasi singoli. Scegliete tra tutte le opzioni di questo kit e noi selezioneremo la variet\u00e0 pi\u00f9 adatta in base alla disponibilit\u00e0.<\/p><p>Prima di tutto diteci se preferite <strong>edera verde o variegata<\/strong>. Per l'edera variegata, sceglieremo l'edera variegata gialla o l'edera variegata bianca, a seconda della disponibilit\u00e0.<\/p><p>Quindi scegliere <strong>il tipo di sviluppo<\/strong>. Un'edera vigorosa dar\u00e0 risultati pi\u00f9 rapidi. Ma dovr\u00e0 essere potata pi\u00f9 spesso. L'edera a crescita moderata richieder\u00e0 meno potature, ma sar\u00e0 un po' pi\u00f9 lenta a coprire il supporto e avr\u00e0 bisogno di pi\u00f9 piante.<\/p><p>Infine, indicare <strong>la lunghezza<\/strong> del vostro progetto. Se il progetto \u00e8 pi\u00f9 lungo di 10 metri lineari, ordinare pi\u00f9 kit per ottenere la lunghezza desiderata.<\/p><p>Riceverete il numero di piante necessarie per la lunghezza scelta, al ritmo di :<\/p><ul><li>3 piante per 2 metri lineari di edera a crescita rapida,\u00a0<\/li><li>5 piante ogni 2 metri lineari nel caso di edera moderata.<\/li><\/ul><div>\u00a0<\/div><p>In ogni caso, le piante dovrebbero avere almeno 4 anni. Sono coltivate in vasi da 2 litri e attualmente sono piantate a un'altezza minima di 1 metro.<\/p>\t\t\t\t\t\t\t\t<\/div>\n\t\t\t\t<\/div>\n\t\t\t\t<div class=\"elementor-element elementor-element-fcbe732 elementor-widget elementor-widget-heading\" data-id=\"fcbe732\" data-element_type=\"widget\" data-widget_type=\"heading.default\">\n\t\t\t\t<div class=\"elementor-widget-container\">\n\t\t\t\t\t<h2 class=\"elementor-heading-title elementor-size-default\">Consigli per una semina di successo<\/h2>\t\t\t\t<\/div>\n\t\t\t\t<\/div>\n\t\t\t\t<div class=\"elementor-element elementor-element-d80f451 elementor-widget elementor-widget-text-editor\" data-id=\"d80f451\" data-element_type=\"widget\" data-widget_type=\"text-editor.default\">\n\t\t\t\t<div class=\"elementor-widget-container\">\n\t\t\t\t\t\t\t\t\t<p>Appena ricevuto il kit di piantine di edera rampicante, apritelo in modo che le piante possano respirare e vedere la luce il prima possibile. Disimballate con cura, facendo attenzione a non danneggiare le piante. Immergete i vasi in acqua per una decina di minuti per bagnarli nuovamente.<\/p>\n<h3>Preparare il terreno:<\/h3>\n<p>Le chiavi del successo sono due: in primo luogo, \u00e8 necessario pulire accuratamente il terreno, eliminando tutte le piante indesiderate e le loro radici. Inoltre, assicuratevi che il terreno sia ben allentato, in modo che le radici possano svilupparsi facilmente.<\/p>\n<h3>Piantagione :<\/h3>\n<p>Distanziate le piante di circa 60-70 cm per un'edera a crescita rapida, o di circa 50 cm per un'edera a crescita moderata. Preparate un<b>&nbsp;foro largo 30 cm e profondo 40 cm. <\/b>Posizionate la pianta nella buca in modo che il colletto sia leggermente sotto il livello del terreno. Create un abbeveratoio intorno alla pianta per rendere l'irrigazione pi\u00f9 facile ed efficiente.<\/p>\n<h3>Irrigazione :<\/h3>\n<p><b>Acqua&nbsp;<\/b>generosamente dopo la messa a dimora, anche in caso di pioggia. Un annaffiatoio per ogni pianta. L'obiettivo di questa abbondante annaffiatura \u00e8 far aderire il terreno alle radici, in modo che le piante partano bene.<\/p>\n<h3>Pacciamatura :<\/h3>\n<p><b>Pacciamatura&nbsp;<\/b>per tutta la lunghezza della piantagione e per una larghezza di 50 cm, per mantenere il terreno fresco e prevenire la crescita di piante indesiderate.<\/p>\n<h3>Cura post-pianta :<\/h3>\n<p>Il primo anno<strong>,<\/strong> Non trascurate l'irrigazione se il tempo \u00e8 secco, soprattutto se fa caldo. Una volta ben radicata (dopo un anno o due), l'edera si prender\u00e0 cura di s\u00e9. Se necessario, estirpare regolarmente le erbacce intorno all'edera.<\/p>\t\t\t\t\t\t\t\t<\/div>\n\t\t\t\t<\/div>\n\t\t\t\t\t<\/div>\n\t\t\t\t<\/div>\n\t\t\t\t<\/div>","protected":false},"excerpt":{"rendered":"<p>Per dare una finitura estetica a un muro o a una recinzione, per creare un'attraente schermatura della vegetazione o per nascondere un affaccio con una vegetazione bella tutto l'anno, il <strong>la soluzione pi\u00f9 economica<\/strong> \u00e8 il \u00abkit per la semina dell'edera rampicante\u00bb.<\/p>\n<p>Scegliete le opzioni in base al vostro progetto. Da l\u00ec, sceglieremo la variet\u00e0 in base alla disponibilit\u00e0.<\/p>","protected":false},"featured_media":1949,"comment_status":"open","ping_status":"closed","template":"","meta":{"_acf_changed":false,"ocean_post_layout":"","ocean_both_sidebars_style":"","ocean_both_sidebars_content_width":0,"ocean_both_sidebars_sidebars_width":0,"ocean_sidebar":"0","ocean_second_sidebar":"0","ocean_disable_margins":"enable","ocean_add_body_class":"","ocean_shortcode_before_top_bar":"","ocean_shortcode_after_top_bar":"","ocean_shortcode_before_header":"","ocean_shortcode_after_header":"","ocean_has_shortcode":"","ocean_shortcode_after_title":"","ocean_shortcode_before_footer_widgets":"","ocean_shortcode_after_footer_widgets":"","ocean_shortcode_before_footer_bottom":"","ocean_shortcode_after_footer_bottom":"","ocean_display_top_bar":"default","ocean_display_header":"default","ocean_header_style":"","ocean_center_header_left_menu":"0","ocean_custom_header_template":"0","ocean_custom_logo":0,"ocean_custom_retina_logo":0,"ocean_custom_logo_max_width":0,"ocean_custom_logo_tablet_max_width":0,"ocean_custom_logo_mobile_max_width":0,"ocean_custom_logo_max_height":0,"ocean_custom_logo_tablet_max_height":0,"ocean_custom_logo_mobile_max_height":0,"ocean_header_custom_menu":"0","ocean_menu_typo_font_family":"0","ocean_menu_typo_font_subset":"","ocean_menu_typo_font_size":0,"ocean_menu_typo_font_size_tablet":0,"ocean_menu_typo_font_size_mobile":0,"ocean_menu_typo_font_size_unit":"px","ocean_menu_typo_font_weight":"","ocean_menu_typo_font_weight_tablet":"","ocean_menu_typo_font_weight_mobile":"","ocean_menu_typo_transform":"","ocean_menu_typo_transform_tablet":"","ocean_menu_typo_transform_mobile":"","ocean_menu_typo_line_height":0,"ocean_menu_typo_line_height_tablet":0,"ocean_menu_typo_line_height_mobile":0,"ocean_menu_typo_line_height_unit":"","ocean_menu_typo_spacing":0,"ocean_menu_typo_spacing_tablet":0,"ocean_menu_typo_spacing_mobile":0,"ocean_menu_typo_spacing_unit":"","ocean_menu_link_color":"","ocean_menu_link_color_hover":"","ocean_menu_link_color_active":"","ocean_menu_link_background":"","ocean_menu_link_hover_background":"","ocean_menu_link_active_background":"","ocean_menu_social_links_bg":"","ocean_menu_social_hover_links_bg":"","ocean_menu_social_links_color":"","ocean_menu_social_hover_links_color":"","ocean_disable_title":"default","ocean_disable_heading":"default","ocean_post_title":"","ocean_post_subheading":"","ocean_post_title_style":"","ocean_post_title_background_color":"","ocean_post_title_background":0,"ocean_post_title_bg_image_position":"","ocean_post_title_bg_image_attachment":"","ocean_post_title_bg_image_repeat":"","ocean_post_title_bg_image_size":"","ocean_post_title_height":0,"ocean_post_title_bg_overlay":0.5,"ocean_post_title_bg_overlay_color":"","ocean_disable_breadcrumbs":"default","ocean_breadcrumbs_color":"","ocean_breadcrumbs_separator_color":"","ocean_breadcrumbs_links_color":"","ocean_breadcrumbs_links_hover_color":"","ocean_display_footer_widgets":"default","ocean_display_footer_bottom":"default","ocean_custom_footer_template":"0"},"product_brand":[],"product_cat":[134],"product_tag":[],"class_list":{"0":"post-1948","1":"product","2":"type-product","3":"status-publish","4":"has-post-thumbnail","6":"product_cat-lierre","8":"entry","9":"has-media","11":"first","12":"instock","13":"purchasable","14":"product-type-variable","15":"has-default-attributes","16":"has-product-nav","17":"col","18":"span_1_of_4","19":"owp-content-center","20":"item-entry","21":"owp-thumbs-layout-horizontal","22":"owp-btn-normal","23":"owp-tabs-layout-section"},"acf":[],"jetpack_sharing_enabled":true,"_links":{"self":[{"href":"https:\/\/www.hedera-etc.com\/it\/wp-json\/wp\/v2\/product\/1948","targetHints":{"allow":["GET"]}}],"collection":[{"href":"https:\/\/www.hedera-etc.com\/it\/wp-json\/wp\/v2\/product"}],"about":[{"href":"https:\/\/www.hedera-etc.com\/it\/wp-json\/wp\/v2\/types\/product"}],"replies":[{"embeddable":true,"href":"https:\/\/www.hedera-etc.com\/it\/wp-json\/wp\/v2\/comments?post=1948"}],"version-history":[{"count":4,"href":"https:\/\/www.hedera-etc.com\/it\/wp-json\/wp\/v2\/product\/1948\/revisions"}],"predecessor-version":[{"id":15509,"href":"https:\/\/www.hedera-etc.com\/it\/wp-json\/wp\/v2\/product\/1948\/revisions\/15509"}],"wp:featuredmedia":[{"embeddable":true,"href":"https:\/\/www.hedera-etc.com\/it\/wp-json\/wp\/v2\/media\/1949"}],"wp:attachment":[{"href":"https:\/\/www.hedera-etc.com\/it\/wp-json\/wp\/v2\/media?parent=1948"}],"wp:term":[{"taxonomy":"product_brand","embeddable":true,"href":"https:\/\/www.hedera-etc.com\/it\/wp-json\/wp\/v2\/product_brand?post=1948"},{"taxonomy":"product_cat","embeddable":true,"href":"https:\/\/www.hedera-etc.com\/it\/wp-json\/wp\/v2\/product_cat?post=1948"},{"taxonomy":"product_tag","embeddable":true,"href":"https:\/\/www.hedera-etc.com\/it\/wp-json\/wp\/v2\/product_tag?post=1948"}],"curies":[{"name":"wp","href":"https:\/\/api.w.org\/{rel}","templated":true}]}}