{"id":1979,"date":"2023-11-11T09:26:10","date_gmt":"2023-11-11T08:26:10","guid":{"rendered":"https:\/\/www.hedera-etc.com\/?post_type=product&#038;p=1979"},"modified":"2026-05-01T07:09:44","modified_gmt":"2026-05-01T05:09:44","slug":"hedera-helix-flashback","status":"publish","type":"product","link":"https:\/\/www.hedera-etc.com\/it\/product\/hedera-helix-flashback\/","title":{"rendered":"<em>Hedera helix<\/em> &lsquo;Flashback&rsquo; &#8211; Edera ornamentale"},"content":{"rendered":"\t\t<div data-elementor-type=\"product-post\" data-elementor-id=\"1979\" class=\"elementor elementor-1979\" data-elementor-post-type=\"product\">\n\t\t\t\t<div class=\"elementor-element elementor-element-3e6f0539 e-con-full e-flex e-con e-child\" data-id=\"3e6f0539\" data-element_type=\"container\">\n\t\t\t\t<div class=\"elementor-element elementor-element-1de881ab elementor-widget elementor-widget-text-editor\" data-id=\"1de881ab\" data-element_type=\"widget\" data-widget_type=\"text-editor.default\">\n\t\t\t\t<div class=\"elementor-widget-container\">\n\t\t\t\t\t\t\t\t\t<h2><span style=\"color: #f0ffed;\">Le lierre d&rsquo;ornement\u00a0 &#8211; Hedera helix &lsquo;Flashback&rsquo;<\/span><\/h2>\t\t\t\t\t\t\t\t<\/div>\n\t\t\t\t<\/div>\n\t\t\t\t<\/div>\n\t\t<div class=\"elementor-element elementor-element-6d31c52b e-flex e-con-boxed e-con e-parent\" data-id=\"6d31c52b\" data-element_type=\"container\">\n\t\t\t\t\t<div class=\"e-con-inner\">\n\t\t<div class=\"elementor-element elementor-element-3165cd81 e-flex e-con-boxed e-con e-child\" data-id=\"3165cd81\" data-element_type=\"container\">\n\t\t\t\t\t<div class=\"e-con-inner\">\n\t\t\t\t<div class=\"elementor-element elementor-element-5b81a4fc elementor-widget elementor-widget-heading\" data-id=\"5b81a4fc\" data-element_type=\"widget\" data-widget_type=\"heading.default\">\n\t\t\t\t<div class=\"elementor-widget-container\">\n\t\t\t\t\t<h2 class=\"elementor-heading-title elementor-size-default\">En r\u00e9sum\u00e9<\/h2>\t\t\t\t<\/div>\n\t\t\t\t<\/div>\n\t\t\t\t<div class=\"elementor-element elementor-element-3b9d206b elementor-widget elementor-widget-text-editor\" data-id=\"3b9d206b\" data-element_type=\"widget\" data-widget_type=\"text-editor.default\">\n\t\t\t\t<div class=\"elementor-widget-container\">\n\t\t\t\t\t\t\t\t\t<p>Le lierre d&rsquo;ornement, <strong><em>Hedera helix<\/em> &lsquo;Flashback&rsquo;<\/strong>, est une tr\u00e8s belle vari\u00e9t\u00e9 pour situation ensoleill\u00e9e, \u00e0 croissance rapide.<\/p><p>La feuille est compos\u00e9e de 3 \u00e0 5 lobes pointus assez larges. La couleur du limbe est changeante. En condition lumineuse, les jeunes pousses sont jaunes d\u2019or avec une grosse macule verte. D&rsquo;autres feuilles sont jaunes tachet\u00e9es de vert ou totalement vert chartreux avec une grosse macule vert fonc\u00e9 au centre. En vieillissant, les feuilles deviennent vertes avec des veines blanches.<\/p><p>C&rsquo;est une vari\u00e9t\u00e9 qui peut s&rsquo;utiliser de multiples fa\u00e7ons, en couvre-sol, en grimpant ou en pot\u00e9es.<\/p>\t\t\t\t\t\t\t\t<\/div>\n\t\t\t\t<\/div>\n\t\t\t\t<div class=\"elementor-element elementor-element-bd171cf elementor-widget elementor-widget-heading\" data-id=\"bd171cf\" data-element_type=\"widget\" data-widget_type=\"heading.default\">\n\t\t\t\t<div class=\"elementor-widget-container\">\n\t\t\t\t\t<h2 class=\"elementor-heading-title elementor-size-default\">Historique<\/h2>\t\t\t\t<\/div>\n\t\t\t\t<\/div>\n\t\t\t\t<div class=\"elementor-element elementor-element-36c1840 elementor-widget elementor-widget-text-editor\" data-id=\"36c1840\" data-element_type=\"widget\" data-widget_type=\"text-editor.default\">\n\t\t\t\t<div class=\"elementor-widget-container\">\n\t\t\t\t\t\t\t\t\t<p>Cette vari\u00e9t\u00e9 de lierre est une mutation de \u2018Rumania\u2019, d\u00e9couverte en Californie, Etats-Unis en 1990.<\/p>\t\t\t\t\t\t\t\t<\/div>\n\t\t\t\t<\/div>\n\t\t\t\t<div class=\"elementor-element elementor-element-1dce95d1 elementor-widget elementor-widget-heading\" data-id=\"1dce95d1\" data-element_type=\"widget\" data-widget_type=\"heading.default\">\n\t\t\t\t<div class=\"elementor-widget-container\">\n\t\t\t\t\t<h2 class=\"elementor-heading-title elementor-size-default\">Fiche technique - Hedera helix 'Flashback'<\/h2>\t\t\t\t<\/div>\n\t\t\t\t<\/div>\n\t\t\t\t<div class=\"elementor-element elementor-element-25bd3abe elementor-widget elementor-widget-text-editor\" data-id=\"25bd3abe\" data-element_type=\"widget\" data-widget_type=\"text-editor.default\">\n\t\t\t\t<div class=\"elementor-widget-container\">\n\t\t\t\t\t\t\t\t\t<h3>Informations botaniques<\/h3><ul><li>Famille : Araliac\u00e9es<\/li><li>Genre : <em><strong>Hedera<\/strong><\/em><\/li><li>Esp\u00e8ce : <em>helix<\/em><\/li><li>Cultivar : &lsquo;Flashback&rsquo;<\/li><li>Classification Pierot : lierre type, lierre panacch\u00e9<\/li><li>Stade feuillage : juv\u00e9nile<\/li><li>Origine\u00a0 de l&rsquo;esp\u00e8ce : Europe, de l&rsquo;Espagne \u00e0 la Norv\u00e8ge, mais peu sur la c\u00f4te atlantique.<\/li><li>Origine du cultivar : mutation de &lsquo;Rumania&rsquo;, d\u00e9couverte par Ronny Tannenbaum, Prime Cuttings, en Californie, en 1990<\/li><\/ul><h3>\u00a0<\/h3><h3>Description de Hedera helix &lsquo;Flashback&rsquo;<\/h3><ul><li>Port : \u00e9tal\u00e9, \u00e9tendu<\/li><li>Nombre de lobes : 3 \u00e0 5 lobes en g\u00e9n\u00e9ral<\/li><li>Longueur de la feuille : 5 cm<\/li><li>Largeur de la feuille : 4 cm<\/li><li>Couleur de la feuille : jaune avec macule verte ou verte chartreux avec macule vert fonc\u00e9 au centre<\/li><li>Couleur des nervures : vert clair \u00e0 blanc<\/li><li>Couleur tige et p\u00e9tiole : pourpre<\/li><li>Poils : stellaires, 3 \u00e0 5 branches<\/li><\/ul><h3>\u00a0<\/h3><h3>Conseils plantation, culture et entretien de Hedera helix &lsquo;Flashback&rsquo;<\/h3><ul><li>Exposition : soleil<\/li><li>Rusticit\u00e9 : -15\u00b0C<\/li><li>Humidit\u00e9 du sol : sol frais<\/li><li>PH du sol : neutre ou calcaire<\/li><li>Type de sol : tous<\/li><li>Richesse du sol : ordinaire ou humif\u00e8re<\/li><li>Utilisation : couvre-sol, grimpant, pot\u00e9es, jardini\u00e8res<\/li><li>D\u00e9veloppement : vigoureux et rapide<\/li><li>Taille : une fois par an<\/li><li>Ravageurs : tr\u00e8s rares (araign\u00e9es rouges, cochenilles)<\/li><li>Maladies : tr\u00e8s rares (taches sur les feuilles)<\/li><\/ul>\t\t\t\t\t\t\t\t<\/div>\n\t\t\t\t<\/div>\n\t\t\t\t\t<\/div>\n\t\t\t\t<\/div>\n\t\t\t\t\t<\/div>\n\t\t\t\t<\/div>\n\t\t<div class=\"elementor-element elementor-element-75e3e784 e-flex e-con-boxed e-con e-parent\" data-id=\"75e3e784\" data-element_type=\"container\">\n\t\t\t\t\t<div class=\"e-con-inner\">\n\t\t<div class=\"elementor-element elementor-element-77697ccc e-flex e-con-boxed e-con e-child\" data-id=\"77697ccc\" data-element_type=\"container\" data-settings=\"{&quot;background_background&quot;:&quot;classic&quot;,&quot;shape_divider_top&quot;:&quot;mountains&quot;}\">\n\t\t\t\t\t<div class=\"e-con-inner\">\n\t\t\t\t<div class=\"elementor-shape elementor-shape-top\" data-negative=\"false\">\n\t\t\t<svg xmlns=\"http:\/\/www.w3.org\/2000\/svg\" viewBox=\"0 0 1000 100\" preserveAspectRatio=\"none\">\n\t<path class=\"elementor-shape-fill\" opacity=\"0.33\" d=\"M473,67.3c-203.9,88.3-263.1-34-320.3,0C66,119.1,0,59.7,0,59.7V0h1000v59.7 c0,0-62.1,26.1-94.9,29.3c-32.8,3.3-62.8-12.3-75.8-22.1C806,49.6,745.3,8.7,694.9,4.7S492.4,59,473,67.3z\"\/>\n\t<path class=\"elementor-shape-fill\" opacity=\"0.66\" d=\"M734,67.3c-45.5,0-77.2-23.2-129.1-39.1c-28.6-8.7-150.3-10.1-254,39.1 s-91.7-34.4-149.2,0C115.7,118.3,0,39.8,0,39.8V0h1000v36.5c0,0-28.2-18.5-92.1-18.5C810.2,18.1,775.7,67.3,734,67.3z\"\/>\n\t<path class=\"elementor-shape-fill\" d=\"M766.1,28.9c-200-57.5-266,65.5-395.1,19.5C242,1.8,242,5.4,184.8,20.6C128,35.8,132.3,44.9,89.9,52.5C28.6,63.7,0,0,0,0 h1000c0,0-9.9,40.9-83.6,48.1S829.6,47,766.1,28.9z\"\/>\n<\/svg>\t\t<\/div>\n\t\t\t\t<div class=\"elementor-element elementor-element-5a0e63de elementor-widget__width-initial elementor-widget elementor-widget-image\" data-id=\"5a0e63de\" data-element_type=\"widget\" data-widget_type=\"image.default\">\n\t\t\t\t<div class=\"elementor-widget-container\">\n\t\t\t\t\t\t\t\t\t\t\t\t\t\t\t<img fetchpriority=\"high\" decoding=\"async\" width=\"300\" height=\"180\" src=\"https:\/\/www.hedera-etc.com\/wp-content\/uploads\/2024\/11\/vecteezy_simplicity-ivy-freehand-drawing_13643730_206-300x180.webp\" class=\"attachment-medium size-medium wp-image-10573\" alt=\"\" srcset=\"https:\/\/www.hedera-etc.com\/wp-content\/uploads\/2024\/11\/vecteezy_simplicity-ivy-freehand-drawing_13643730_206-300x180.webp 300w, https:\/\/www.hedera-etc.com\/wp-content\/uploads\/2024\/11\/vecteezy_simplicity-ivy-freehand-drawing_13643730_206-900x540.webp 900w, https:\/\/www.hedera-etc.com\/wp-content\/uploads\/2024\/11\/vecteezy_simplicity-ivy-freehand-drawing_13643730_206-1024x614.webp 1024w, https:\/\/www.hedera-etc.com\/wp-content\/uploads\/2024\/11\/vecteezy_simplicity-ivy-freehand-drawing_13643730_206-768x461.webp 768w, https:\/\/www.hedera-etc.com\/wp-content\/uploads\/2024\/11\/vecteezy_simplicity-ivy-freehand-drawing_13643730_206-1536x921.webp 1536w, https:\/\/www.hedera-etc.com\/wp-content\/uploads\/2024\/11\/vecteezy_simplicity-ivy-freehand-drawing_13643730_206.webp 1920w, https:\/\/www.hedera-etc.com\/wp-content\/uploads\/2024\/11\/vecteezy_simplicity-ivy-freehand-drawing_13643730_206-1320x791.webp 1320w\" sizes=\"(max-width: 300px) 100vw, 300px\" \/>\t\t\t\t\t\t\t\t\t\t\t\t\t\t\t<\/div>\n\t\t\t\t<\/div>\n\t\t\t\t<div class=\"elementor-element elementor-element-1738fc4e elementor-widget elementor-widget-heading\" data-id=\"1738fc4e\" data-element_type=\"widget\" data-widget_type=\"heading.default\">\n\t\t\t\t<div class=\"elementor-widget-container\">\n\t\t\t\t\t<h2 class=\"elementor-heading-title elementor-size-default\">Une page de ma petite encyclop\u00e9die du lierre<\/h2>\t\t\t\t<\/div>\n\t\t\t\t<\/div>\n\t\t\t\t\t<\/div>\n\t\t\t\t<\/div>\n\t\t\t\t<div class=\"elementor-element elementor-element-5759cca elementor-widget elementor-widget-menu-anchor\" data-id=\"5759cca\" data-element_type=\"widget\" data-widget_type=\"menu-anchor.default\">\n\t\t\t\t<div class=\"elementor-widget-container\">\n\t\t\t\t\t\t\t<div class=\"elementor-menu-anchor\" id=\"techniquebouture\"><\/div>\n\t\t\t\t\t\t<\/div>\n\t\t\t\t<\/div>\n\t\t\t\t<div class=\"elementor-element elementor-element-46b0689 elementor-widget elementor-widget-global elementor-global-8156 elementor-widget-text-editor\" data-id=\"46b0689\" data-element_type=\"widget\" data-widget_type=\"text-editor.default\">\n\t\t\t\t<div class=\"elementor-widget-container\">\n\t\t\t\t\t\t\t\t\t<p><span style=\"color: #008000;\">Toutes vos questions sur le lierre<\/span><\/p>\n<h2><span style=\"color: #008000;\">Comment faire des boutures de lierre ?<\/span><\/h2>\n<div class=\"flex flex-grow flex-col max-w-full\">\n<div class=\"min-h-[20px] text-message flex w-full flex-col items-end gap-2 whitespace-pre-wrap break-words [.text-message+&amp;]:mt-5 overflow-x-auto\" dir=\"auto\" data-message-author-role=\"assistant\" data-message-id=\"a9ce9341-c84b-452d-83b3-388a470f9577\">\n<div class=\"flex w-full flex-col gap-1 empty:hidden first:pt-[3px]\">\n<div class=\"markdown prose w-full break-words dark:prose-invert dark\">\n<p>Choisissez une tige saine et vigoureuse du lierre. Coupez une section de 10 \u00e0 15 cm de long, en dessous d&rsquo;un n\u0153ud. Enlevez les feuilles les plus basses sur la tige, en ne laissant que 2 \u00e0 3 feuilles sup\u00e9rieures.<\/p>\n<p>Remplissez un pot de culture avec du terreau l\u00e9ger et assez fin. Ins\u00e9rez l&rsquo;extr\u00e9mit\u00e9 de la bouture dans le trou, en vous assurant que les n\u0153uds o\u00f9 les feuilles ont \u00e9t\u00e9 enlev\u00e9es sont enterr\u00e9s. Tassez l\u00e9g\u00e8rement le terreau autour de la bouture pour la maintenir en place.<\/p>\n<p>Arrosez doucement le terreau pour le maintenir humide, mais pas d\u00e9tremp\u00e9. Si vous le souhaitez, vous pouvez couvrir le pot avec un sac en plastique transparent pour cr\u00e9er une mini-serre, ce qui aidera \u00e0 maintenir une humidit\u00e9 \u00e9lev\u00e9e.<\/p>\n<p>Placez le pot dans un endroit lumineux mais \u00e0 l&rsquo;abri de la lumi\u00e8re directe du soleil.&nbsp;<span style=\"color: var( --e-global-color-text ); font-size: 16px; text-align: var(--text-align);\">Apr\u00e8s quelques semaines, les boutures devraient commencer \u00e0 d\u00e9velopper des racines. Une fois les racines bien \u00e9tablies, vous pouvez transplanter les nouvelles plantes dans des pots individuels ou directement dans le jardin.<\/span><\/p><p><span style=\"color: var( --e-global-color-text ); font-size: 16px; text-align: var(--text-align);\">Les boutures de lierre adulte sont beaucoup plus longues \u00e0 s&rsquo;enraciner (parfois plus d&rsquo;un an).<\/span><\/p>\n<p>Le meilleur moment pour prendre des boutures de lierre est au printemps ou au d\u00e9but de l&rsquo;\u00e9t\u00e9.<\/p>\n<\/div>\n<\/div>\n<\/div>\n<\/div>\t\t\t\t\t\t\t\t<\/div>\n\t\t\t\t<\/div>\n\t\t\t\t<div class=\"elementor-element elementor-element-595c6dba elementor-widget elementor-widget-image\" data-id=\"595c6dba\" data-element_type=\"widget\" data-widget_type=\"image.default\">\n\t\t\t\t<div class=\"elementor-widget-container\">\n\t\t\t\t\t\t\t\t\t\t\t\t\t\t\t<img decoding=\"async\" width=\"1024\" height=\"146\" src=\"https:\/\/www.hedera-etc.com\/wp-content\/uploads\/2023\/10\/guirlande-1024x146.webp\" class=\"attachment-large size-large wp-image-116\" alt=\"La boutique du lierre - guirlande de lierre\" srcset=\"https:\/\/www.hedera-etc.com\/wp-content\/uploads\/2023\/10\/guirlande-1024x146.webp 1024w, https:\/\/www.hedera-etc.com\/wp-content\/uploads\/2023\/10\/guirlande-900x129.webp 900w, https:\/\/www.hedera-etc.com\/wp-content\/uploads\/2023\/10\/guirlande-300x43.webp 300w, https:\/\/www.hedera-etc.com\/wp-content\/uploads\/2023\/10\/guirlande-768x110.webp 768w, https:\/\/www.hedera-etc.com\/wp-content\/uploads\/2023\/10\/guirlande.webp 1126w\" sizes=\"(max-width: 1024px) 100vw, 1024px\" \/>\t\t\t\t\t\t\t\t\t\t\t\t\t\t\t<\/div>\n\t\t\t\t<\/div>\n\t\t\t\t<div class=\"elementor-element elementor-element-7ffdc9b9 elementor-widget elementor-widget-text-editor\" data-id=\"7ffdc9b9\" data-element_type=\"widget\" data-widget_type=\"text-editor.default\">\n\t\t\t\t<div class=\"elementor-widget-container\">\n\t\t\t\t\t\t\t\t\t<h3 style=\"text-align: center;\"><span style=\"color: #008000;\">Le lierre dans la litt\u00e9rature<\/span><\/h3><blockquote><p style=\"text-align: center;\"><span style=\"color: #993366;\">\u201cUn c\u0153ur fid\u00e8le est comme le lierre ; il s\u2019attache \u00e0 ce qu\u2019il aime pour l\u2019\u00e9ternit\u00e9.<\/span><span style=\"color: #993366;\">\u201d<\/span><\/p><\/blockquote><h5 style=\"text-align: right;\">Shakespeare, Tout est bien qui finit bien<\/h5>\t\t\t\t\t\t\t\t<\/div>\n\t\t\t\t<\/div>\n\t\t\t\t\t<\/div>\n\t\t\t\t<\/div>\n\t\t\t\t<\/div>\n\t\t","protected":false},"excerpt":{"rendered":"<p>Una variet\u00e0 molto bella per una zona soleggiata, con una crescita rapida.<\/p>\n<p>Il colore della lamina fogliare cambia. In condizioni di luminosit\u00e0, i giovani germogli sono giallo oro con una grande macchia verde. Altre foglie sono gialle screziate di verde o completamente verde chartreuse con una grande macula verde scuro al centro. Con l'et\u00e0, le foglie diventano verdi con venature bianche.<\/p>\n<p>Una variet\u00e0 che pu\u00f2 essere utilizzata in molti modi, come copertura del terreno, come rampicante o in vaso.<\/p>","protected":false},"featured_media":13721,"comment_status":"open","ping_status":"closed","template":"","meta":{"_acf_changed":false,"ocean_post_layout":"","ocean_both_sidebars_style":"","ocean_both_sidebars_content_width":0,"ocean_both_sidebars_sidebars_width":0,"ocean_sidebar":"0","ocean_second_sidebar":"0","ocean_disable_margins":"enable","ocean_add_body_class":"","ocean_shortcode_before_top_bar":"","ocean_shortcode_after_top_bar":"","ocean_shortcode_before_header":"","ocean_shortcode_after_header":"","ocean_has_shortcode":"","ocean_shortcode_after_title":"","ocean_shortcode_before_footer_widgets":"","ocean_shortcode_after_footer_widgets":"","ocean_shortcode_before_footer_bottom":"","ocean_shortcode_after_footer_bottom":"","ocean_display_top_bar":"default","ocean_display_header":"default","ocean_header_style":"","ocean_center_header_left_menu":"0","ocean_custom_header_template":"0","ocean_custom_logo":0,"ocean_custom_retina_logo":0,"ocean_custom_logo_max_width":0,"ocean_custom_logo_tablet_max_width":0,"ocean_custom_logo_mobile_max_width":0,"ocean_custom_logo_max_height":0,"ocean_custom_logo_tablet_max_height":0,"ocean_custom_logo_mobile_max_height":0,"ocean_header_custom_menu":"0","ocean_menu_typo_font_family":"0","ocean_menu_typo_font_subset":"","ocean_menu_typo_font_size":0,"ocean_menu_typo_font_size_tablet":0,"ocean_menu_typo_font_size_mobile":0,"ocean_menu_typo_font_size_unit":"px","ocean_menu_typo_font_weight":"","ocean_menu_typo_font_weight_tablet":"","ocean_menu_typo_font_weight_mobile":"","ocean_menu_typo_transform":"","ocean_menu_typo_transform_tablet":"","ocean_menu_typo_transform_mobile":"","ocean_menu_typo_line_height":0,"ocean_menu_typo_line_height_tablet":0,"ocean_menu_typo_line_height_mobile":0,"ocean_menu_typo_line_height_unit":"","ocean_menu_typo_spacing":0,"ocean_menu_typo_spacing_tablet":0,"ocean_menu_typo_spacing_mobile":0,"ocean_menu_typo_spacing_unit":"","ocean_menu_link_color":"","ocean_menu_link_color_hover":"","ocean_menu_link_color_active":"","ocean_menu_link_background":"","ocean_menu_link_hover_background":"","ocean_menu_link_active_background":"","ocean_menu_social_links_bg":"","ocean_menu_social_hover_links_bg":"","ocean_menu_social_links_color":"","ocean_menu_social_hover_links_color":"","ocean_disable_title":"default","ocean_disable_heading":"default","ocean_post_title":"","ocean_post_subheading":"","ocean_post_title_style":"","ocean_post_title_background_color":"","ocean_post_title_background":0,"ocean_post_title_bg_image_position":"","ocean_post_title_bg_image_attachment":"","ocean_post_title_bg_image_repeat":"","ocean_post_title_bg_image_size":"","ocean_post_title_height":0,"ocean_post_title_bg_overlay":0.5,"ocean_post_title_bg_overlay_color":"","ocean_disable_breadcrumbs":"default","ocean_breadcrumbs_color":"","ocean_breadcrumbs_separator_color":"","ocean_breadcrumbs_links_color":"","ocean_breadcrumbs_links_hover_color":"","ocean_display_footer_widgets":"default","ocean_display_footer_bottom":"default","ocean_custom_footer_template":"0"},"product_brand":[],"product_cat":[134],"product_tag":[],"class_list":{"0":"post-1979","1":"product","2":"type-product","3":"status-publish","4":"has-post-thumbnail","6":"product_cat-lierre","8":"entry","9":"has-media","11":"first","12":"instock","13":"purchasable","14":"product-type-variable","15":"has-default-attributes","16":"has-product-nav","17":"col","18":"span_1_of_4","19":"owp-content-center","20":"item-entry","21":"owp-thumbs-layout-horizontal","22":"owp-btn-normal","23":"owp-tabs-layout-section"},"acf":[],"jetpack_sharing_enabled":true,"_links":{"self":[{"href":"https:\/\/www.hedera-etc.com\/it\/wp-json\/wp\/v2\/product\/1979","targetHints":{"allow":["GET"]}}],"collection":[{"href":"https:\/\/www.hedera-etc.com\/it\/wp-json\/wp\/v2\/product"}],"about":[{"href":"https:\/\/www.hedera-etc.com\/it\/wp-json\/wp\/v2\/types\/product"}],"replies":[{"embeddable":true,"href":"https:\/\/www.hedera-etc.com\/it\/wp-json\/wp\/v2\/comments?post=1979"}],"version-history":[{"count":3,"href":"https:\/\/www.hedera-etc.com\/it\/wp-json\/wp\/v2\/product\/1979\/revisions"}],"predecessor-version":[{"id":13720,"href":"https:\/\/www.hedera-etc.com\/it\/wp-json\/wp\/v2\/product\/1979\/revisions\/13720"}],"wp:featuredmedia":[{"embeddable":true,"href":"https:\/\/www.hedera-etc.com\/it\/wp-json\/wp\/v2\/media\/13721"}],"wp:attachment":[{"href":"https:\/\/www.hedera-etc.com\/it\/wp-json\/wp\/v2\/media?parent=1979"}],"wp:term":[{"taxonomy":"product_brand","embeddable":true,"href":"https:\/\/www.hedera-etc.com\/it\/wp-json\/wp\/v2\/product_brand?post=1979"},{"taxonomy":"product_cat","embeddable":true,"href":"https:\/\/www.hedera-etc.com\/it\/wp-json\/wp\/v2\/product_cat?post=1979"},{"taxonomy":"product_tag","embeddable":true,"href":"https:\/\/www.hedera-etc.com\/it\/wp-json\/wp\/v2\/product_tag?post=1979"}],"curies":[{"name":"wp","href":"https:\/\/api.w.org\/{rel}","templated":true}]}}