{"id":221,"date":"2023-10-26T09:17:52","date_gmt":"2023-10-26T07:17:52","guid":{"rendered":"https:\/\/www.hedera-etc.com\/?post_type=product&#038;p=221"},"modified":"2026-04-28T07:09:32","modified_gmt":"2026-04-28T05:09:32","slug":"hedera-helix-cathedral-wall","status":"publish","type":"product","link":"https:\/\/www.hedera-etc.com\/it\/product\/hedera-helix-cathedral-wall\/","title":{"rendered":"<em>Hedera helix<\/em> &lsquo;Cathedral Wall&rsquo; &#8211; Edera ornamentale"},"content":{"rendered":"<div data-elementor-type=\"product-post\" data-elementor-id=\"221\" class=\"elementor elementor-221\" data-elementor-post-type=\"product\">\n\t\t\t\t<div class=\"elementor-element elementor-element-56e2a7cf e-con-full e-flex e-con e-child\" data-id=\"56e2a7cf\" data-element_type=\"container\">\n\t\t\t\t<div class=\"elementor-element elementor-element-1cb82130 elementor-widget elementor-widget-text-editor\" data-id=\"1cb82130\" data-element_type=\"widget\" data-widget_type=\"text-editor.default\">\n\t\t\t\t<div class=\"elementor-widget-container\">\n\t\t\t\t\t\t\t\t\t<h2 style=\"font-variant-ligatures: normal; font-variant-caps: normal; font-family: Spectral, sans-serif; font-style: normal;\"><span style=\"font-size: 30px; color: #f0ffed;\">Edera ornamentale - Hedera helix \u2018Cathedral Wall\u2019<\/span><\/h2>\t\t\t\t\t\t\t\t<\/div>\n\t\t\t\t<\/div>\n\t\t\t\t<\/div>\n\t\t<div class=\"elementor-element elementor-element-6b43a55f e-flex e-con-boxed e-con e-parent\" data-id=\"6b43a55f\" data-element_type=\"container\">\n\t\t\t\t\t<div class=\"e-con-inner\">\n\t\t<div class=\"elementor-element elementor-element-3b0f5d24 e-flex e-con-boxed e-con e-child\" data-id=\"3b0f5d24\" data-element_type=\"container\">\n\t\t\t\t\t<div class=\"e-con-inner\">\n\t\t\t\t<div class=\"elementor-element elementor-element-137d28d9 elementor-widget elementor-widget-heading\" data-id=\"137d28d9\" data-element_type=\"widget\" data-widget_type=\"heading.default\">\n\t\t\t\t<div class=\"elementor-widget-container\">\n\t\t\t\t\t<h2 class=\"elementor-heading-title elementor-size-default\">In breve<\/h2>\t\t\t\t<\/div>\n\t\t\t\t<\/div>\n\t\t\t\t<div class=\"elementor-element elementor-element-5961a9cb elementor-widget elementor-widget-text-editor\" data-id=\"5961a9cb\" data-element_type=\"widget\" data-widget_type=\"text-editor.default\">\n\t\t\t\t<div class=\"elementor-widget-container\">\n\t\t\t\t\t\t\t\t\t<div class=\"elementor-element elementor-element-28014c4 elementor-widget elementor-widget-woocommerce-product-short-description\" data-id=\"28014c4\" data-element_type=\"widget\" data-widget_type=\"woocommerce-product-short-description.default\"><div class=\"elementor-widget-container\"><div class=\"woocommerce-product-details__short-description\"><p>Edera ornamentale, <strong><em>Hedera helix<\/em> \u2018Parete della cattedrale\u2019<\/strong>, \u00e8 una cultivar affidabile e sicura con fogliame uniforme.<\/p><p>Le foglie hanno 5 lobi, poco profondi e pi\u00f9 o meno arrotondati, tranne il lobo mediano che \u00e8 appuntito. Il lobo centrale \u00e8 pi\u00f9 lungo dei lobi laterali. La base della foglia \u00e8 tronca o cordata. La lamina fogliare \u00e8 di colore verde medio, attraversata da venature ben definite. Il fogliame assume bellissimi colori in inverno.\u00a0<\/p><p>\u00c8 un rampicante vigoroso. La crescita \u00e8 cespugliosa e produce una copertura buona ma non troppo fitta.<span style=\"font-size: 18px; color: var( --e-global-color-text ); text-align: var(--text-align);\">\u00a0<\/span><\/p><\/div><\/div><\/div>\t\t\t\t\t\t\t\t<\/div>\n\t\t\t\t<\/div>\n\t\t\t\t<div class=\"elementor-element elementor-element-bc42dd5 elementor-widget elementor-widget-heading\" data-id=\"bc42dd5\" data-element_type=\"widget\" data-widget_type=\"heading.default\">\n\t\t\t\t<div class=\"elementor-widget-container\">\n\t\t\t\t\t<h2 class=\"elementor-heading-title elementor-size-default\">La storia<\/h2>\t\t\t\t<\/div>\n\t\t\t\t<\/div>\n\t\t\t\t<div class=\"elementor-element elementor-element-72311a51 elementor-widget elementor-widget-text-editor\" data-id=\"72311a51\" data-element_type=\"widget\" data-widget_type=\"text-editor.default\">\n\t\t\t\t<div class=\"elementor-widget-container\">\n\t\t\t\t\t\t\t\t\t<p>Questa cultivar \u00e8 stata individuata intorno al 1961 da A Rosenboom, custode della Cattedrale Nazionale di Washington. \u00c8 stata propagata dal vivaista WO Freeland, Columbia, South Carolina, USA.<\/p>\t\t\t\t\t\t\t\t<\/div>\n\t\t\t\t<\/div>\n\t\t\t\t<div class=\"elementor-element elementor-element-4c3054c2 elementor-widget elementor-widget-heading\" data-id=\"4c3054c2\" data-element_type=\"widget\" data-widget_type=\"heading.default\">\n\t\t\t\t<div class=\"elementor-widget-container\">\n\t\t\t\t\t<h2 class=\"elementor-heading-title elementor-size-default\">Scheda dettagliata - Hedera helix 'Cathedral Wall'<\/h2>\t\t\t\t<\/div>\n\t\t\t\t<\/div>\n\t\t\t\t<div class=\"elementor-element elementor-element-3526c6c7 elementor-widget elementor-widget-text-editor\" data-id=\"3526c6c7\" data-element_type=\"widget\" data-widget_type=\"text-editor.default\">\n\t\t\t\t<div class=\"elementor-widget-container\">\n\t\t\t\t\t\t\t\t\t<h3>Informazioni botaniche<\/h3><ul><li>Famiglia: Araliaceae<\/li><li>Genere : <em><strong>Hedera<\/strong><\/em><\/li><li>Specie : <em>helix<\/em><\/li><li>Cultivar : \u2018Cathedral Wall\u2019<\/li><li>Classificazione Pierot: edera cuoriforme, edera tipo<\/li><li>Stadio fogliare: giovanile<\/li><li>Origine della specie: Europa, dalla Spagna alla Norvegia, ma poco sulla costa atlantica.<\/li><li>Origine della cultivar: trovata nei pressi della Cattedrale Nazionale di Washington e coltivata dal vivaista WO Freeland, South Carolina, USA.<\/li><\/ul><h3>\u00a0<\/h3><h3>Descrizione di Hedera helix \u2018Cathedral Wall\u2019<\/h3><ul><li>Portamento di crescita: allargato, tozzo<\/li><li>Numero di lobi: da 0 a 5 lobi arrotondati, ad eccezione del lobo centrale che \u00e8 appuntito.<\/li><li>Lunghezza delle foglie: 6 cm<\/li><li>Larghezza del foglio: 5 cm<\/li><li>Colore delle foglie: verde medio<\/li><li>Variazione del colore delle foglie: bella colorazione invernale<\/li><li>Colore delle vene: verde chiaro<\/li><li>Colore del fusto e del picciolo: verde porpora<\/li><li>Rami: ben ramificati<\/li><li>Peli: stellati, da 3 a 5 ramificazioni<\/li><\/ul><h3>\u00a0<\/h3><h3>Consigli per la semina, la coltivazione e la manutenzione di Hedera helix \u2018Cathedral Wall\u2019<\/h3><ul><li>Esposizione: ombra, ombra parziale, sole<\/li><li>Resistenza: -15\u00b0C<\/li><li>Umidit\u00e0 del terreno: terreno fresco<\/li><li>PH del terreno: neutro o calcareo<\/li><li>Tipo di terreno: tutti<\/li><li>Ricchezza del suolo: ordinario o ricco di humus<\/li><li>Uso: coprisuolo, rampicante, cesti appesi, vasi, cassette per finestre<\/li><li>Sviluppo: vigoroso, rapido<\/li><li>Potatura: una volta all'anno<\/li><li>Parassiti: molto rari (ragnetto, cocciniglia)<\/li><li>Malattie: molto rare (macchie fogliari)<\/li><\/ul>\t\t\t\t\t\t\t\t<\/div>\n\t\t\t\t<\/div>\n\t\t\t\t\t<\/div>\n\t\t\t\t<\/div>\n\t\t\t\t\t<\/div>\n\t\t\t\t<\/div>\n\t\t<div class=\"elementor-element elementor-element-5fbc22b0 e-flex e-con-boxed e-con e-parent\" data-id=\"5fbc22b0\" data-element_type=\"container\">\n\t\t\t\t\t<div class=\"e-con-inner\">\n\t\t\t\t<div class=\"elementor-element elementor-element-3c861c2d elementor-widget elementor-widget-image\" data-id=\"3c861c2d\" data-element_type=\"widget\" data-widget_type=\"image.default\">\n\t\t\t\t<div class=\"elementor-widget-container\">\n\t\t\t\t\t\t\t\t\t\t\t\t\t\t\t<img fetchpriority=\"high\" decoding=\"async\" width=\"1024\" height=\"146\" src=\"https:\/\/www.hedera-etc.com\/wp-content\/uploads\/2023\/10\/guirlande-1024x146.webp\" class=\"attachment-large size-large wp-image-116\" alt=\"La boutique du lierre - Ghirlanda di edera\" srcset=\"https:\/\/www.hedera-etc.com\/wp-content\/uploads\/2023\/10\/guirlande-1024x146.webp 1024w, https:\/\/www.hedera-etc.com\/wp-content\/uploads\/2023\/10\/guirlande-900x129.webp 900w, https:\/\/www.hedera-etc.com\/wp-content\/uploads\/2023\/10\/guirlande-300x43.webp 300w, https:\/\/www.hedera-etc.com\/wp-content\/uploads\/2023\/10\/guirlande-768x110.webp 768w, https:\/\/www.hedera-etc.com\/wp-content\/uploads\/2023\/10\/guirlande.webp 1126w\" sizes=\"(max-width: 1024px) 100vw, 1024px\" \/>\t\t\t\t\t\t\t\t\t\t\t\t\t\t\t<\/div>\n\t\t\t\t<\/div>\n\t\t\t\t<div class=\"elementor-element elementor-element-30e55fb1 elementor-widget elementor-widget-text-editor\" data-id=\"30e55fb1\" data-element_type=\"widget\" data-widget_type=\"text-editor.default\">\n\t\t\t\t<div class=\"elementor-widget-container\">\n\t\t\t\t\t\t\t\t\t<h3 style=\"text-align: center;\"><span style=\"color: #008000;\">L'edera nella letteratura<\/span><\/h3><blockquote><p style=\"text-align: center;\"><span style=\"color: #993366;\">\u201cLe rovine ricoperte di edera evocavano un mistero che solo il silenzio poteva comprendere.<\/span><span style=\"color: #993366;\">\u201d<\/span><\/p><\/blockquote><h5 style=\"text-align: right;\"><strong>Bram Stoker<\/strong>, <em>Il mistero del mare<\/em><\/h5>\t\t\t\t\t\t\t\t<\/div>\n\t\t\t\t<\/div>\n\t\t\t\t\t<\/div>\n\t\t\t\t<\/div>\n\t\t\t\t<\/div>","protected":false},"excerpt":{"rendered":"<p>\u00c8 una cultivar affidabile e sicura, con fogliame uniforme.<\/p>\n<p>Foglie con 5 lobi, poco profondi e pi\u00f9 o meno arrotondati, tranne il lobo mediano che \u00e8 appuntito. Lobo centrale pi\u00f9 lungo dei lobi laterali. Base della foglia da tronca a cordata. Lama di colore verde medio, solcata da venature ben definite. Colore attraente in inverno.<\/p>\n<p>Rampicante vigoroso. Crescita cespugliosa, produce una buona copertura, ma non troppo fitta.<\/p>","protected":false},"featured_media":222,"comment_status":"open","ping_status":"closed","template":"","meta":{"_acf_changed":false,"ocean_post_layout":"","ocean_both_sidebars_style":"","ocean_both_sidebars_content_width":0,"ocean_both_sidebars_sidebars_width":0,"ocean_sidebar":"0","ocean_second_sidebar":"0","ocean_disable_margins":"enable","ocean_add_body_class":"","ocean_shortcode_before_top_bar":"","ocean_shortcode_after_top_bar":"","ocean_shortcode_before_header":"","ocean_shortcode_after_header":"","ocean_has_shortcode":"","ocean_shortcode_after_title":"","ocean_shortcode_before_footer_widgets":"","ocean_shortcode_after_footer_widgets":"","ocean_shortcode_before_footer_bottom":"","ocean_shortcode_after_footer_bottom":"","ocean_display_top_bar":"default","ocean_display_header":"default","ocean_header_style":"","ocean_center_header_left_menu":"0","ocean_custom_header_template":"0","ocean_custom_logo":0,"ocean_custom_retina_logo":0,"ocean_custom_logo_max_width":0,"ocean_custom_logo_tablet_max_width":0,"ocean_custom_logo_mobile_max_width":0,"ocean_custom_logo_max_height":0,"ocean_custom_logo_tablet_max_height":0,"ocean_custom_logo_mobile_max_height":0,"ocean_header_custom_menu":"0","ocean_menu_typo_font_family":"0","ocean_menu_typo_font_subset":"","ocean_menu_typo_font_size":0,"ocean_menu_typo_font_size_tablet":0,"ocean_menu_typo_font_size_mobile":0,"ocean_menu_typo_font_size_unit":"px","ocean_menu_typo_font_weight":"","ocean_menu_typo_font_weight_tablet":"","ocean_menu_typo_font_weight_mobile":"","ocean_menu_typo_transform":"","ocean_menu_typo_transform_tablet":"","ocean_menu_typo_transform_mobile":"","ocean_menu_typo_line_height":0,"ocean_menu_typo_line_height_tablet":0,"ocean_menu_typo_line_height_mobile":0,"ocean_menu_typo_line_height_unit":"","ocean_menu_typo_spacing":0,"ocean_menu_typo_spacing_tablet":0,"ocean_menu_typo_spacing_mobile":0,"ocean_menu_typo_spacing_unit":"","ocean_menu_link_color":"","ocean_menu_link_color_hover":"","ocean_menu_link_color_active":"","ocean_menu_link_background":"","ocean_menu_link_hover_background":"","ocean_menu_link_active_background":"","ocean_menu_social_links_bg":"","ocean_menu_social_hover_links_bg":"","ocean_menu_social_links_color":"","ocean_menu_social_hover_links_color":"","ocean_disable_title":"default","ocean_disable_heading":"default","ocean_post_title":"","ocean_post_subheading":"","ocean_post_title_style":"","ocean_post_title_background_color":"","ocean_post_title_background":0,"ocean_post_title_bg_image_position":"","ocean_post_title_bg_image_attachment":"","ocean_post_title_bg_image_repeat":"","ocean_post_title_bg_image_size":"","ocean_post_title_height":0,"ocean_post_title_bg_overlay":0.5,"ocean_post_title_bg_overlay_color":"","ocean_disable_breadcrumbs":"default","ocean_breadcrumbs_color":"","ocean_breadcrumbs_separator_color":"","ocean_breadcrumbs_links_color":"","ocean_breadcrumbs_links_hover_color":"","ocean_display_footer_widgets":"default","ocean_display_footer_bottom":"default","ocean_custom_footer_template":"0"},"product_brand":[],"product_cat":[134],"product_tag":[],"class_list":{"0":"post-221","1":"product","2":"type-product","3":"status-publish","4":"has-post-thumbnail","6":"product_cat-lierre","8":"entry","9":"has-media","11":"first","12":"instock","13":"purchasable","14":"product-type-variable","15":"has-default-attributes","16":"has-product-nav","17":"col","18":"span_1_of_4","19":"owp-content-center","20":"item-entry","21":"owp-thumbs-layout-horizontal","22":"owp-btn-normal","23":"owp-tabs-layout-section"},"acf":[],"jetpack_sharing_enabled":true,"_links":{"self":[{"href":"https:\/\/www.hedera-etc.com\/it\/wp-json\/wp\/v2\/product\/221","targetHints":{"allow":["GET"]}}],"collection":[{"href":"https:\/\/www.hedera-etc.com\/it\/wp-json\/wp\/v2\/product"}],"about":[{"href":"https:\/\/www.hedera-etc.com\/it\/wp-json\/wp\/v2\/types\/product"}],"replies":[{"embeddable":true,"href":"https:\/\/www.hedera-etc.com\/it\/wp-json\/wp\/v2\/comments?post=221"}],"version-history":[{"count":3,"href":"https:\/\/www.hedera-etc.com\/it\/wp-json\/wp\/v2\/product\/221\/revisions"}],"predecessor-version":[{"id":14929,"href":"https:\/\/www.hedera-etc.com\/it\/wp-json\/wp\/v2\/product\/221\/revisions\/14929"}],"wp:featuredmedia":[{"embeddable":true,"href":"https:\/\/www.hedera-etc.com\/it\/wp-json\/wp\/v2\/media\/222"}],"wp:attachment":[{"href":"https:\/\/www.hedera-etc.com\/it\/wp-json\/wp\/v2\/media?parent=221"}],"wp:term":[{"taxonomy":"product_brand","embeddable":true,"href":"https:\/\/www.hedera-etc.com\/it\/wp-json\/wp\/v2\/product_brand?post=221"},{"taxonomy":"product_cat","embeddable":true,"href":"https:\/\/www.hedera-etc.com\/it\/wp-json\/wp\/v2\/product_cat?post=221"},{"taxonomy":"product_tag","embeddable":true,"href":"https:\/\/www.hedera-etc.com\/it\/wp-json\/wp\/v2\/product_tag?post=221"}],"curies":[{"name":"wp","href":"https:\/\/api.w.org\/{rel}","templated":true}]}}