{"id":3782,"date":"2024-01-04T21:27:56","date_gmt":"2024-01-04T20:27:56","guid":{"rendered":"https:\/\/www.hedera-etc.com\/?post_type=product&#038;p=3782"},"modified":"2026-05-01T07:09:42","modified_gmt":"2026-05-01T05:09:42","slug":"hedera-maroccana-alhaja","status":"publish","type":"product","link":"https:\/\/www.hedera-etc.com\/it\/product\/hedera-maroccana-alhaja\/","title":{"rendered":"<em>Hedera maroccana<\/em> &lsquo;Alhaja&rsquo; &#8211; Edera del Marocco"},"content":{"rendered":"<div data-elementor-type=\"product-post\" data-elementor-id=\"3782\" class=\"elementor elementor-3782\" data-elementor-post-type=\"product\">\n\t\t\t\t<div class=\"elementor-element elementor-element-7c4e0ed e-con-full e-flex e-con e-child\" data-id=\"7c4e0ed\" data-element_type=\"container\">\n\t\t\t\t<div class=\"elementor-element elementor-element-209413ce elementor-widget elementor-widget-text-editor\" data-id=\"209413ce\" data-element_type=\"widget\" data-widget_type=\"text-editor.default\">\n\t\t\t\t<div class=\"elementor-widget-container\">\n\t\t\t\t\t\t\t\t\t<h2><span style=\"color: #f0ffed;\">Le Edera del Marocco\u00a0 &#8211; Hedera maroccana &lsquo;Alhaja&rsquo;<\/span><\/h2>\t\t\t\t\t\t\t\t<\/div>\n\t\t\t\t<\/div>\n\t\t\t\t<\/div>\n\t\t<div class=\"elementor-element elementor-element-cf1036a e-flex e-con-boxed e-con e-parent\" data-id=\"cf1036a\" data-element_type=\"container\">\n\t\t\t\t\t<div class=\"e-con-inner\">\n\t\t<div class=\"elementor-element elementor-element-6309cc8 e-flex e-con-boxed e-con e-child\" data-id=\"6309cc8\" data-element_type=\"container\">\n\t\t\t\t\t<div class=\"e-con-inner\">\n\t\t\t\t<div class=\"elementor-element elementor-element-d7a99ad elementor-widget elementor-widget-heading\" data-id=\"d7a99ad\" data-element_type=\"widget\" data-widget_type=\"heading.default\">\n\t\t\t\t<div class=\"elementor-widget-container\">\n\t\t\t\t\t<h2 class=\"elementor-heading-title elementor-size-default\">In breve<\/h2>\t\t\t\t<\/div>\n\t\t\t\t<\/div>\n\t\t\t\t<div class=\"elementor-element elementor-element-c8cd078 elementor-widget elementor-widget-text-editor\" data-id=\"c8cd078\" data-element_type=\"widget\" data-widget_type=\"text-editor.default\">\n\t\t\t\t<div class=\"elementor-widget-container\">\n\t\t\t\t\t\t\t\t\t<p>Edera marocchina,\u00a0<strong><em>Hedera maroccana<\/em> \u2018Alhaja\u2019<\/strong>, Alhaja \u00e8 una mutazione recente, scoperta da I\u00f1aki Garmendia in un giardino dei Paesi Baschi spagnoli. \u201cAlhaja\u201d \u00e8 una parola spagnola di origine araba che significa \u201cgioiello\u201d.<\/p><p>\u00c8 una variet\u00e0 da pieno sole che tollera bene il caldo ma non matura rapidamente. Ha foglie trilobate molto attraenti con uno sfondo giallo molto brillante e una macchia verde pi\u00f9 o meno evidente. All'ombra il fogliame \u00e8 pi\u00f9 spento.<\/p><p>I germogli annuali misurano circa cinquanta centimetri. Quest'edera \u00e8 un'ottima copertura del terreno.<\/p>\t\t\t\t\t\t\t\t<\/div>\n\t\t\t\t<\/div>\n\t\t\t\t<div class=\"elementor-element elementor-element-3f5c509 elementor-widget elementor-widget-heading\" data-id=\"3f5c509\" data-element_type=\"widget\" data-widget_type=\"heading.default\">\n\t\t\t\t<div class=\"elementor-widget-container\">\n\t\t\t\t\t<h2 class=\"elementor-heading-title elementor-size-default\">La storia<\/h2>\t\t\t\t<\/div>\n\t\t\t\t<\/div>\n\t\t\t\t<div class=\"elementor-element elementor-element-520e862 elementor-widget elementor-widget-text-editor\" data-id=\"520e862\" data-element_type=\"widget\" data-widget_type=\"text-editor.default\">\n\t\t\t\t<div class=\"elementor-widget-container\">\n\t\t\t\t\t\t\t\t\t<p>Questa cultivar \u00e8 il risultato di una mutazione recentemente scoperta\u00a0<span style=\"font-family: Roboto, sans-serif; font-size: 18px; font-style: normal; font-variant-ligatures: normal; font-variant-caps: normal; font-weight: 400; color: var( --e-global-color-text ); text-align: var(--text-align);\">di I\u00f1aki Garmendia, in un giardino dei Paesi Baschi spagnoli.<\/span><\/p>\t\t\t\t\t\t\t\t<\/div>\n\t\t\t\t<\/div>\n\t\t\t\t<div class=\"elementor-element elementor-element-8823b12 elementor-widget elementor-widget-heading\" data-id=\"8823b12\" data-element_type=\"widget\" data-widget_type=\"heading.default\">\n\t\t\t\t<div class=\"elementor-widget-container\">\n\t\t\t\t\t<h2 class=\"elementor-heading-title elementor-size-default\">Scheda tecnica - Hedera maroccana 'Alhaja'<\/h2>\t\t\t\t<\/div>\n\t\t\t\t<\/div>\n\t\t\t\t<div class=\"elementor-element elementor-element-03be4c8 elementor-widget elementor-widget-text-editor\" data-id=\"03be4c8\" data-element_type=\"widget\" data-widget_type=\"text-editor.default\">\n\t\t\t\t<div class=\"elementor-widget-container\">\n\t\t\t\t\t\t\t\t\t<h3>Informazioni botaniche<\/h3><ul><li>Famiglia: Araliaceae<\/li><li>Genere : <em><strong>Hedera<\/strong><\/em><\/li><li>Specie : <em>maroccana<\/em><\/li><li>Coltivare : &lsquo;Alhaja&rsquo;<\/li><li>Classificazione Pierot: edera standard, edera variegata<\/li><li>Stadio fogliare: giovanile<\/li><li>Origine della specie: Nord Africa, in particolare Algeria settentrionale e Tunisia.<\/li><li>Origine della cultivar: scoperta da I\u00f1aki Garmendia in un giardino pubblico dei Paesi Baschi spagnoli.<\/li><\/ul><h3>\u00a0<\/h3><h3>Descrizione di Hedera maroccana &lsquo;Alhaja&rsquo;<\/h3><ul><li>Portamento di crescita: si allarga<\/li><li>Numero di lobi: 3 lobi<\/li><li>Lunghezza delle foglie: 7 cm<\/li><li>Larghezza del foglio: 5 cm<\/li><li>Colore della foglia: giallo con vari gradi di screziatura verde<\/li><li>Base della foglia: cordata<\/li><li>Apice della foglia: acuto<\/li><li>Colore delle vene: giallo<\/li><li>Colore del fusto e del picciolo: verde<\/li><li>Peli: squamosi, da 4 a 9 rami<\/li><\/ul><h3>\u00a0<\/h3><h3>Consigli per la piantagione, la coltivazione e la cura di Hedera maroccana &lsquo;Alhaja&rsquo;<\/h3><ul><li>Esposizione: sole<\/li><li>Resistenza: -15\u00b0C<\/li><li>Umidit\u00e0 del terreno: terreno fresco o secco<\/li><li>PH del terreno: neutro, calcareo o acido.<\/li><li>Tipo di terreno: tutti<\/li><li>Ricchezza del suolo: ordinario o ricco di humus<\/li><li>Uso: copertura del terreno, rampicante<\/li><li>Sviluppo: vigoroso<\/li><li>Tasso di crescita: germogli di 50 cm all'anno<\/li><li>Potatura: una volta all'anno<\/li><li>Parassiti: molto rari (ragnetto, cocciniglia)<\/li><li>Malattie: molto rare (macchie fogliari)<\/li><\/ul>\t\t\t\t\t\t\t\t<\/div>\n\t\t\t\t<\/div>\n\t\t\t\t\t<\/div>\n\t\t\t\t<\/div>\n\t\t\t\t\t<\/div>\n\t\t\t\t<\/div>\n\t\t<div class=\"elementor-element elementor-element-26b39d3 e-flex e-con-boxed e-con e-parent\" data-id=\"26b39d3\" data-element_type=\"container\">\n\t\t\t\t\t<div class=\"e-con-inner\">\n\t\t<div class=\"elementor-element elementor-element-5af257fa e-flex e-con-boxed e-con e-child\" data-id=\"5af257fa\" data-element_type=\"container\" data-settings=\"{&quot;background_background&quot;:&quot;classic&quot;,&quot;shape_divider_top&quot;:&quot;mountains&quot;}\">\n\t\t\t\t\t<div class=\"e-con-inner\">\n\t\t\t\t<div class=\"elementor-shape elementor-shape-top\" data-negative=\"false\">\n\t\t\t<svg xmlns=\"http:\/\/www.w3.org\/2000\/svg\" viewbox=\"0 0 1000 100\" preserveaspectratio=\"none\">\n\t<path class=\"elementor-shape-fill\" opacity=\"0.33\" d=\"M473,67.3c-203.9,88.3-263.1-34-320.3,0C66,119.1,0,59.7,0,59.7V0h1000v59.7 c0,0-62.1,26.1-94.9,29.3c-32.8,3.3-62.8-12.3-75.8-22.1C806,49.6,745.3,8.7,694.9,4.7S492.4,59,473,67.3z\"\/>\n\t<path class=\"elementor-shape-fill\" opacity=\"0.66\" d=\"M734,67.3c-45.5,0-77.2-23.2-129.1-39.1c-28.6-8.7-150.3-10.1-254,39.1 s-91.7-34.4-149.2,0C115.7,118.3,0,39.8,0,39.8V0h1000v36.5c0,0-28.2-18.5-92.1-18.5C810.2,18.1,775.7,67.3,734,67.3z\"\/>\n\t<path class=\"elementor-shape-fill\" d=\"M766.1,28.9c-200-57.5-266,65.5-395.1,19.5C242,1.8,242,5.4,184.8,20.6C128,35.8,132.3,44.9,89.9,52.5C28.6,63.7,0,0,0,0 h1000c0,0-9.9,40.9-83.6,48.1S829.6,47,766.1,28.9z\"\/>\n<\/svg>\t\t<\/div>\n\t\t\t\t<div class=\"elementor-element elementor-element-1bcf9beb elementor-widget__width-initial elementor-widget elementor-widget-image\" data-id=\"1bcf9beb\" data-element_type=\"widget\" data-widget_type=\"image.default\">\n\t\t\t\t<div class=\"elementor-widget-container\">\n\t\t\t\t\t\t\t\t\t\t\t\t\t\t\t<img fetchpriority=\"high\" decoding=\"async\" width=\"300\" height=\"180\" src=\"https:\/\/www.hedera-etc.com\/wp-content\/uploads\/2024\/11\/vecteezy_simplicity-ivy-freehand-drawing_13643730_206-300x180.webp\" class=\"attachment-medium size-medium wp-image-10573\" alt=\"\" srcset=\"https:\/\/www.hedera-etc.com\/wp-content\/uploads\/2024\/11\/vecteezy_simplicity-ivy-freehand-drawing_13643730_206-300x180.webp 300w, https:\/\/www.hedera-etc.com\/wp-content\/uploads\/2024\/11\/vecteezy_simplicity-ivy-freehand-drawing_13643730_206-900x540.webp 900w, https:\/\/www.hedera-etc.com\/wp-content\/uploads\/2024\/11\/vecteezy_simplicity-ivy-freehand-drawing_13643730_206-1024x614.webp 1024w, https:\/\/www.hedera-etc.com\/wp-content\/uploads\/2024\/11\/vecteezy_simplicity-ivy-freehand-drawing_13643730_206-768x461.webp 768w, https:\/\/www.hedera-etc.com\/wp-content\/uploads\/2024\/11\/vecteezy_simplicity-ivy-freehand-drawing_13643730_206-1536x921.webp 1536w, https:\/\/www.hedera-etc.com\/wp-content\/uploads\/2024\/11\/vecteezy_simplicity-ivy-freehand-drawing_13643730_206.webp 1920w, https:\/\/www.hedera-etc.com\/wp-content\/uploads\/2024\/11\/vecteezy_simplicity-ivy-freehand-drawing_13643730_206-1320x791.webp 1320w\" sizes=\"(max-width: 300px) 100vw, 300px\" \/>\t\t\t\t\t\t\t\t\t\t\t\t\t\t\t<\/div>\n\t\t\t\t<\/div>\n\t\t\t\t<div class=\"elementor-element elementor-element-649977af elementor-widget elementor-widget-heading\" data-id=\"649977af\" data-element_type=\"widget\" data-widget_type=\"heading.default\">\n\t\t\t\t<div class=\"elementor-widget-container\">\n\t\t\t\t\t<h2 class=\"elementor-heading-title elementor-size-default\">Una pagina della mia piccola enciclopedia dell'edera<\/h2>\t\t\t\t<\/div>\n\t\t\t\t<\/div>\n\t\t\t\t\t<\/div>\n\t\t\t\t<\/div>\n\t\t\t\t<div class=\"elementor-element elementor-element-a576ded elementor-widget elementor-widget-text-editor\" data-id=\"a576ded\" data-element_type=\"widget\" data-widget_type=\"text-editor.default\">\n\t\t\t\t<div class=\"elementor-widget-container\">\n\t\t\t\t\t\t\t\t\t<h3><span style=\"color: #008000;\">La domanda occasionale ...<\/span><\/h3><h2><span style=\"color: #008000;\">Quale edera utilizzare in pieno sole?<\/span><\/h2><p>Le lierre, Hedera maroccana &lsquo;Alhaja&rsquo;, est un lierre parfait pour les zones ensoleill\u00e9es. On dit souvent du lierre que c&rsquo;est une plante pour les sous-bois, donc les espaces ombrag\u00e9s. C&rsquo;est tout \u00e0 fait exact. Mais, ici comme ailleurs, il y a des exceptions. Le Edera del Marocco en est une.<\/p><p>Non solo prospera al sole, ma resiste anche alla siccit\u00e0, cosa molto gradita di questi tempi. \u00c8 quindi un'edera ideale da piantare sui terrapieni o sulle facciate esposte al sole. \u00c8 l\u00ec che le sue sfumature di colore saranno pi\u00f9 sviluppate e dove dar\u00e0 il meglio di s\u00e9.<\/p><p>Naturalmente pu\u00f2 essere piantata anche in zone pi\u00f9 ombreggiate, ma le sue foglie saranno pi\u00f9 ordinarie in queste condizioni.<\/p><p><a href=\"https:\/\/www.hedera-etc.com\/it\/lierre-pour-le-soleil\/\" target=\"_blank\" rel=\"noopener\">Altre edere che possono essere utilizzate in pieno sole<\/a><\/p>\t\t\t\t\t\t\t\t<\/div>\n\t\t\t\t<\/div>\n\t\t\t\t<div class=\"elementor-element elementor-element-37e63211 elementor-widget elementor-widget-image\" data-id=\"37e63211\" data-element_type=\"widget\" data-widget_type=\"image.default\">\n\t\t\t\t<div class=\"elementor-widget-container\">\n\t\t\t\t\t\t\t\t\t\t\t\t\t\t\t<img decoding=\"async\" width=\"1024\" height=\"146\" src=\"https:\/\/www.hedera-etc.com\/wp-content\/uploads\/2023\/10\/guirlande-1024x146.webp\" class=\"attachment-large size-large wp-image-116\" alt=\"La boutique du lierre - Ghirlanda di edera\" srcset=\"https:\/\/www.hedera-etc.com\/wp-content\/uploads\/2023\/10\/guirlande-1024x146.webp 1024w, https:\/\/www.hedera-etc.com\/wp-content\/uploads\/2023\/10\/guirlande-900x129.webp 900w, https:\/\/www.hedera-etc.com\/wp-content\/uploads\/2023\/10\/guirlande-300x43.webp 300w, https:\/\/www.hedera-etc.com\/wp-content\/uploads\/2023\/10\/guirlande-768x110.webp 768w, https:\/\/www.hedera-etc.com\/wp-content\/uploads\/2023\/10\/guirlande.webp 1126w\" sizes=\"(max-width: 1024px) 100vw, 1024px\" \/>\t\t\t\t\t\t\t\t\t\t\t\t\t\t\t<\/div>\n\t\t\t\t<\/div>\n\t\t\t\t<div class=\"elementor-element elementor-element-4a13965c elementor-widget elementor-widget-text-editor\" data-id=\"4a13965c\" data-element_type=\"widget\" data-widget_type=\"text-editor.default\">\n\t\t\t\t<div class=\"elementor-widget-container\">\n\t\t\t\t\t\t\t\t\t<h3 style=\"text-align: center;\"><span style=\"color: #008000;\">L'edera nella letteratura<\/span><\/h3><blockquote><p style=\"text-align: center;\"><span style=\"color: #993366;\">\u201cL'edera si \u00e8 diffusa sulla roccia, sfidando l'erosione delle onde.<\/span><span style=\"color: #993366;\">\u201d<\/span><\/p><\/blockquote><h5 style=\"text-align: right;\"><strong>Jules Verne<\/strong>, <em>I figli del Capitano Grant<\/em><\/h5>\t\t\t\t\t\t\t\t<\/div>\n\t\t\t\t<\/div>\n\t\t\t\t\t<\/div>\n\t\t\t\t<\/div>\n\t\t\t\t<\/div>","protected":false},"excerpt":{"rendered":"<p>Una recente mutazione scoperta da I\u00f1aki Garmendia in un giardino dei Paesi Baschi spagnoli. \u201cAlhaja\u201d \u00e8 una parola spagnola di origine araba che significa \u201cGioiello\u201d.<\/p>\n<p>Variet\u00e0 da pieno sole che tollera bene il caldo ma non matura rapidamente. Ha foglie trilobate molto attraenti con una base gialla molto brillante e una macchia verde pi\u00f9 o meno evidente. All'ombra il fogliame \u00e8 pi\u00f9 spento.<\/p>\n<p>I germogli annuali misurano circa cinquanta centimetri. Eccellente copertura del terreno.<\/p>","protected":false},"featured_media":13130,"comment_status":"open","ping_status":"closed","template":"","meta":{"_acf_changed":false,"ocean_post_layout":"","ocean_both_sidebars_style":"","ocean_both_sidebars_content_width":0,"ocean_both_sidebars_sidebars_width":0,"ocean_sidebar":"0","ocean_second_sidebar":"0","ocean_disable_margins":"enable","ocean_add_body_class":"","ocean_shortcode_before_top_bar":"","ocean_shortcode_after_top_bar":"","ocean_shortcode_before_header":"","ocean_shortcode_after_header":"","ocean_has_shortcode":"","ocean_shortcode_after_title":"","ocean_shortcode_before_footer_widgets":"","ocean_shortcode_after_footer_widgets":"","ocean_shortcode_before_footer_bottom":"","ocean_shortcode_after_footer_bottom":"","ocean_display_top_bar":"default","ocean_display_header":"default","ocean_header_style":"","ocean_center_header_left_menu":"0","ocean_custom_header_template":"0","ocean_custom_logo":0,"ocean_custom_retina_logo":0,"ocean_custom_logo_max_width":0,"ocean_custom_logo_tablet_max_width":0,"ocean_custom_logo_mobile_max_width":0,"ocean_custom_logo_max_height":0,"ocean_custom_logo_tablet_max_height":0,"ocean_custom_logo_mobile_max_height":0,"ocean_header_custom_menu":"0","ocean_menu_typo_font_family":"0","ocean_menu_typo_font_subset":"","ocean_menu_typo_font_size":0,"ocean_menu_typo_font_size_tablet":0,"ocean_menu_typo_font_size_mobile":0,"ocean_menu_typo_font_size_unit":"px","ocean_menu_typo_font_weight":"","ocean_menu_typo_font_weight_tablet":"","ocean_menu_typo_font_weight_mobile":"","ocean_menu_typo_transform":"","ocean_menu_typo_transform_tablet":"","ocean_menu_typo_transform_mobile":"","ocean_menu_typo_line_height":0,"ocean_menu_typo_line_height_tablet":0,"ocean_menu_typo_line_height_mobile":0,"ocean_menu_typo_line_height_unit":"","ocean_menu_typo_spacing":0,"ocean_menu_typo_spacing_tablet":0,"ocean_menu_typo_spacing_mobile":0,"ocean_menu_typo_spacing_unit":"","ocean_menu_link_color":"","ocean_menu_link_color_hover":"","ocean_menu_link_color_active":"","ocean_menu_link_background":"","ocean_menu_link_hover_background":"","ocean_menu_link_active_background":"","ocean_menu_social_links_bg":"","ocean_menu_social_hover_links_bg":"","ocean_menu_social_links_color":"","ocean_menu_social_hover_links_color":"","ocean_disable_title":"default","ocean_disable_heading":"default","ocean_post_title":"","ocean_post_subheading":"","ocean_post_title_style":"","ocean_post_title_background_color":"","ocean_post_title_background":0,"ocean_post_title_bg_image_position":"","ocean_post_title_bg_image_attachment":"","ocean_post_title_bg_image_repeat":"","ocean_post_title_bg_image_size":"","ocean_post_title_height":0,"ocean_post_title_bg_overlay":0.5,"ocean_post_title_bg_overlay_color":"","ocean_disable_breadcrumbs":"default","ocean_breadcrumbs_color":"","ocean_breadcrumbs_separator_color":"","ocean_breadcrumbs_links_color":"","ocean_breadcrumbs_links_hover_color":"","ocean_display_footer_widgets":"default","ocean_display_footer_bottom":"default","ocean_custom_footer_template":"0"},"product_brand":[],"product_cat":[134],"product_tag":[],"class_list":{"0":"post-3782","1":"product","2":"type-product","3":"status-publish","4":"has-post-thumbnail","6":"product_cat-lierre","8":"entry","9":"has-media","11":"first","12":"instock","13":"product-type-variable","14":"has-default-attributes","15":"has-product-nav","16":"col","17":"span_1_of_4","18":"owp-content-center","19":"item-entry","20":"owp-thumbs-layout-horizontal","21":"owp-btn-normal","22":"owp-tabs-layout-section"},"acf":[],"jetpack_sharing_enabled":true,"_links":{"self":[{"href":"https:\/\/www.hedera-etc.com\/it\/wp-json\/wp\/v2\/product\/3782","targetHints":{"allow":["GET"]}}],"collection":[{"href":"https:\/\/www.hedera-etc.com\/it\/wp-json\/wp\/v2\/product"}],"about":[{"href":"https:\/\/www.hedera-etc.com\/it\/wp-json\/wp\/v2\/types\/product"}],"replies":[{"embeddable":true,"href":"https:\/\/www.hedera-etc.com\/it\/wp-json\/wp\/v2\/comments?post=3782"}],"version-history":[{"count":4,"href":"https:\/\/www.hedera-etc.com\/it\/wp-json\/wp\/v2\/product\/3782\/revisions"}],"predecessor-version":[{"id":16408,"href":"https:\/\/www.hedera-etc.com\/it\/wp-json\/wp\/v2\/product\/3782\/revisions\/16408"}],"wp:featuredmedia":[{"embeddable":true,"href":"https:\/\/www.hedera-etc.com\/it\/wp-json\/wp\/v2\/media\/13130"}],"wp:attachment":[{"href":"https:\/\/www.hedera-etc.com\/it\/wp-json\/wp\/v2\/media?parent=3782"}],"wp:term":[{"taxonomy":"product_brand","embeddable":true,"href":"https:\/\/www.hedera-etc.com\/it\/wp-json\/wp\/v2\/product_brand?post=3782"},{"taxonomy":"product_cat","embeddable":true,"href":"https:\/\/www.hedera-etc.com\/it\/wp-json\/wp\/v2\/product_cat?post=3782"},{"taxonomy":"product_tag","embeddable":true,"href":"https:\/\/www.hedera-etc.com\/it\/wp-json\/wp\/v2\/product_tag?post=3782"}],"curies":[{"name":"wp","href":"https:\/\/api.w.org\/{rel}","templated":true}]}}