{"id":415,"date":"2023-10-28T08:28:23","date_gmt":"2023-10-28T06:28:23","guid":{"rendered":"https:\/\/www.hedera-etc.com\/?post_type=product&#038;p=415"},"modified":"2026-04-28T07:09:31","modified_gmt":"2026-04-28T05:09:31","slug":"hedera-helix-can-can","status":"publish","type":"product","link":"https:\/\/www.hedera-etc.com\/it\/product\/hedera-helix-can-can\/","title":{"rendered":"<em>Hedera helix<\/em> &lsquo;Can Can&rsquo; &#8211; Edera ornamentale"},"content":{"rendered":"<div data-elementor-type=\"product-post\" data-elementor-id=\"415\" class=\"elementor elementor-415\" data-elementor-post-type=\"product\">\n\t\t\t\t<div class=\"elementor-element elementor-element-42d7f164 e-con-full e-flex e-con e-child\" data-id=\"42d7f164\" data-element_type=\"container\">\n\t\t\t\t<div class=\"elementor-element elementor-element-8fe9834 elementor-widget elementor-widget-text-editor\" data-id=\"8fe9834\" data-element_type=\"widget\" data-widget_type=\"text-editor.default\">\n\t\t\t\t<div class=\"elementor-widget-container\">\n\t\t\t\t\t\t\t\t\t<h2 style=\"font-variant-ligatures: normal; font-variant-caps: normal; font-family: Spectral, sans-serif; font-style: normal;\"><span style=\"font-size: 30px; color: #f0ffed;\">L'edera ornamentale\u00a0 &#8211; Hedera helix &lsquo;Can Can&rsquo;<\/span><\/h2>\t\t\t\t\t\t\t\t<\/div>\n\t\t\t\t<\/div>\n\t\t\t\t<\/div>\n\t\t<div class=\"elementor-element elementor-element-76f54f96 e-flex e-con-boxed e-con e-parent\" data-id=\"76f54f96\" data-element_type=\"container\">\n\t\t\t\t\t<div class=\"e-con-inner\">\n\t\t<div class=\"elementor-element elementor-element-3f218428 e-flex e-con-boxed e-con e-child\" data-id=\"3f218428\" data-element_type=\"container\">\n\t\t\t\t\t<div class=\"e-con-inner\">\n\t\t\t\t<div class=\"elementor-element elementor-element-2b453a1b elementor-widget elementor-widget-heading\" data-id=\"2b453a1b\" data-element_type=\"widget\" data-widget_type=\"heading.default\">\n\t\t\t\t<div class=\"elementor-widget-container\">\n\t\t\t\t\t<h2 class=\"elementor-heading-title elementor-size-default\">In breve<\/h2>\t\t\t\t<\/div>\n\t\t\t\t<\/div>\n\t\t\t\t<div class=\"elementor-element elementor-element-35b06a87 elementor-widget elementor-widget-text-editor\" data-id=\"35b06a87\" data-element_type=\"widget\" data-widget_type=\"text-editor.default\">\n\t\t\t\t<div class=\"elementor-widget-container\">\n\t\t\t\t\t\t\t\t\t<p>Edera ornamentale, <strong><em>Hedera helix<\/em> &lsquo;Can Can&rsquo;<\/strong>, Sembra che indossi delle sottovesti, come le ragazze del Cancan francese.<\/p><p>Gli steli sono spessi, a volte deformati e\/o fasciati. Le foglie sembrano infilate sugli steli. Sono quasi rotonde, non lobate, ma molto increspate, contorte, piegate o addirittura deformate. Il picciolo \u00e8 molto corto e gli internodi minimi. Il bordo arricciato pu\u00f2 talvolta assumere una colorazione rossastra in condizioni di freddo.<\/p><p>Una rarit\u00e0! Fogliame straordinario per i vasi. Ma attenzione, queste foglie sono sensibili all'umidit\u00e0. Si tratta quindi di un'edera da interni.<\/p>\t\t\t\t\t\t\t\t<\/div>\n\t\t\t\t<\/div>\n\t\t\t\t<div class=\"elementor-element elementor-element-717bfb91 elementor-widget elementor-widget-heading\" data-id=\"717bfb91\" data-element_type=\"widget\" data-widget_type=\"heading.default\">\n\t\t\t\t<div class=\"elementor-widget-container\">\n\t\t\t\t\t<h2 class=\"elementor-heading-title elementor-size-default\">La storia<\/h2>\t\t\t\t<\/div>\n\t\t\t\t<\/div>\n\t\t\t\t<div class=\"elementor-element elementor-element-fc0cf96 elementor-widget elementor-widget-text-editor\" data-id=\"fc0cf96\" data-element_type=\"widget\" data-widget_type=\"text-editor.default\">\n\t\t\t\t<div class=\"elementor-widget-container\">\n\t\t\t\t\t\t\t\t\t<p>Ce cultivar fut d\u00e9couvert par Russel Windle, Lionville, Pennsylvanie, en 1994. C&rsquo;est une mutazione de &lsquo;Pirouette&rsquo;.<\/p>\t\t\t\t\t\t\t\t<\/div>\n\t\t\t\t<\/div>\n\t\t\t\t<div class=\"elementor-element elementor-element-74580331 elementor-widget elementor-widget-heading\" data-id=\"74580331\" data-element_type=\"widget\" data-widget_type=\"heading.default\">\n\t\t\t\t<div class=\"elementor-widget-container\">\n\t\t\t\t\t<h2 class=\"elementor-heading-title elementor-size-default\">Scheda dettagliata - Hedera helix 'Can Can'<\/h2>\t\t\t\t<\/div>\n\t\t\t\t<\/div>\n\t\t\t\t<div class=\"elementor-element elementor-element-1c7b8ba7 elementor-widget elementor-widget-text-editor\" data-id=\"1c7b8ba7\" data-element_type=\"widget\" data-widget_type=\"text-editor.default\">\n\t\t\t\t<div class=\"elementor-widget-container\">\n\t\t\t\t\t\t\t\t\t<h3>Informazioni botaniche<\/h3><ul><li>Famiglia: Araliaceae<\/li><li>Genere : <em><strong>Hedera<\/strong><\/em><\/li><li>Specie : <em>helix<\/em><\/li><li>Coltivare : &lsquo;Can Can&rsquo;<\/li><li>Classificazione Pierot: curiosit\u00e0 dell'edera<\/li><li>Stadio fogliare: giovanile<\/li><li>Origine della specie: Europa, dalla Spagna alla Norvegia, ma poco sulla costa atlantica.<\/li><li>Origine della cultivar: mutazione di &lsquo;Pirouette&rsquo;, d\u00e9couvert par Russel Windle, Lionville, Pennsylvanie, en 1994.<\/li><\/ul><h3>\u00a0<\/h3><h3>Descrizione di Hedera helix &lsquo;Can Can&rsquo;<\/h3><ul><li>Porto : tarchiato<\/li><li>Numero di lobi: generalmente non lobati<\/li><li>Lunghezza delle foglie: 4 cm<\/li><li>Larghezza del foglio: 4 cm<\/li><li>Colore della foglia: verde scuro<\/li><li>Colore delle vene: verde<\/li><li>Colore del fusto e del picciolo: verde-violaceo.<\/li><li>Rami: pochi rami<\/li><li>Peli: stellati, da 3 a 5 ramificazioni<\/li><\/ul><h3>\u00a0<\/h3><h3>Consigli per la piantagione, la coltivazione e la cura di Hedera helix &lsquo;Can Can&rsquo;<\/h3><ul><li>Esposizione: ombra parziale<\/li><li>Resistenza: -15\u00b0C<\/li><li>Umidit\u00e0 del terreno: terreno fresco<\/li><li>PH del terreno: neutro o calcareo<\/li><li>Tipo di terreno: tutti<\/li><li>Ricchezza del suolo: ordinario o ricco di humus<\/li><li>Utilizzo: vasi, cassette per finestre, piante da appartamento<\/li><li>Sviluppo: lento<\/li><li>Potatura: una volta all'anno<\/li><li>Parassiti: molto rari (ragnetto, cocciniglia)<\/li><li>Malattie: molto rare (macchie fogliari)<\/li><\/ul>\t\t\t\t\t\t\t\t<\/div>\n\t\t\t\t<\/div>\n\t\t\t\t\t<\/div>\n\t\t\t\t<\/div>\n\t\t\t\t\t<\/div>\n\t\t\t\t<\/div>\n\t\t<div class=\"elementor-element elementor-element-6b27ca3 e-flex e-con-boxed e-con e-parent\" data-id=\"6b27ca3\" data-element_type=\"container\">\n\t\t\t\t\t<div class=\"e-con-inner\">\n\t\t<div class=\"elementor-element elementor-element-1fa82040 e-flex e-con-boxed e-con e-child\" data-id=\"1fa82040\" data-element_type=\"container\" data-settings=\"{&quot;background_background&quot;:&quot;classic&quot;,&quot;shape_divider_top&quot;:&quot;mountains&quot;}\">\n\t\t\t\t\t<div class=\"e-con-inner\">\n\t\t\t\t<div class=\"elementor-shape elementor-shape-top\" data-negative=\"false\">\n\t\t\t<svg xmlns=\"http:\/\/www.w3.org\/2000\/svg\" viewbox=\"0 0 1000 100\" preserveaspectratio=\"none\">\n\t<path class=\"elementor-shape-fill\" opacity=\"0.33\" d=\"M473,67.3c-203.9,88.3-263.1-34-320.3,0C66,119.1,0,59.7,0,59.7V0h1000v59.7 c0,0-62.1,26.1-94.9,29.3c-32.8,3.3-62.8-12.3-75.8-22.1C806,49.6,745.3,8.7,694.9,4.7S492.4,59,473,67.3z\"\/>\n\t<path class=\"elementor-shape-fill\" opacity=\"0.66\" d=\"M734,67.3c-45.5,0-77.2-23.2-129.1-39.1c-28.6-8.7-150.3-10.1-254,39.1 s-91.7-34.4-149.2,0C115.7,118.3,0,39.8,0,39.8V0h1000v36.5c0,0-28.2-18.5-92.1-18.5C810.2,18.1,775.7,67.3,734,67.3z\"\/>\n\t<path class=\"elementor-shape-fill\" d=\"M766.1,28.9c-200-57.5-266,65.5-395.1,19.5C242,1.8,242,5.4,184.8,20.6C128,35.8,132.3,44.9,89.9,52.5C28.6,63.7,0,0,0,0 h1000c0,0-9.9,40.9-83.6,48.1S829.6,47,766.1,28.9z\"\/>\n<\/svg>\t\t<\/div>\n\t\t\t\t<div class=\"elementor-element elementor-element-3889b579 elementor-widget__width-initial elementor-widget elementor-widget-image\" data-id=\"3889b579\" data-element_type=\"widget\" data-widget_type=\"image.default\">\n\t\t\t\t<div class=\"elementor-widget-container\">\n\t\t\t\t\t\t\t\t\t\t\t\t\t\t\t<img fetchpriority=\"high\" decoding=\"async\" width=\"300\" height=\"180\" src=\"https:\/\/www.hedera-etc.com\/wp-content\/uploads\/2024\/11\/vecteezy_simplicity-ivy-freehand-drawing_13643730_206-300x180.webp\" class=\"attachment-medium size-medium wp-image-10573\" alt=\"\" srcset=\"https:\/\/www.hedera-etc.com\/wp-content\/uploads\/2024\/11\/vecteezy_simplicity-ivy-freehand-drawing_13643730_206-300x180.webp 300w, https:\/\/www.hedera-etc.com\/wp-content\/uploads\/2024\/11\/vecteezy_simplicity-ivy-freehand-drawing_13643730_206-900x540.webp 900w, https:\/\/www.hedera-etc.com\/wp-content\/uploads\/2024\/11\/vecteezy_simplicity-ivy-freehand-drawing_13643730_206-1024x614.webp 1024w, https:\/\/www.hedera-etc.com\/wp-content\/uploads\/2024\/11\/vecteezy_simplicity-ivy-freehand-drawing_13643730_206-768x461.webp 768w, https:\/\/www.hedera-etc.com\/wp-content\/uploads\/2024\/11\/vecteezy_simplicity-ivy-freehand-drawing_13643730_206-1536x921.webp 1536w, https:\/\/www.hedera-etc.com\/wp-content\/uploads\/2024\/11\/vecteezy_simplicity-ivy-freehand-drawing_13643730_206.webp 1920w, https:\/\/www.hedera-etc.com\/wp-content\/uploads\/2024\/11\/vecteezy_simplicity-ivy-freehand-drawing_13643730_206-1320x791.webp 1320w\" sizes=\"(max-width: 300px) 100vw, 300px\" \/>\t\t\t\t\t\t\t\t\t\t\t\t\t\t\t<\/div>\n\t\t\t\t<\/div>\n\t\t\t\t<div class=\"elementor-element elementor-element-20be66d7 elementor-widget elementor-widget-heading\" data-id=\"20be66d7\" data-element_type=\"widget\" data-widget_type=\"heading.default\">\n\t\t\t\t<div class=\"elementor-widget-container\">\n\t\t\t\t\t<h2 class=\"elementor-heading-title elementor-size-default\">Una pagina della mia piccola enciclopedia dell'edera<\/h2>\t\t\t\t<\/div>\n\t\t\t\t<\/div>\n\t\t\t\t\t<\/div>\n\t\t\t\t<\/div>\n\t\t\t\t<div class=\"elementor-element elementor-element-710c487 elementor-widget elementor-widget-global elementor-global-6524 elementor-widget-text-editor\" data-id=\"710c487\" data-element_type=\"widget\" data-widget_type=\"text-editor.default\">\n\t\t\t\t<div class=\"elementor-widget-container\">\n\t\t\t\t\t\t\t\t\t<h2><span style=\"color: #008000;\">La questione delle circostanze<\/span><\/h2><h3><span style=\"color: #008000;\">Che cos'\u00e8 una fasciatura?<\/span><\/h3><p>La fascinazione \u00e8 un fenomeno naturale che deriva da un'anomalia di crescita di una pianta. Questa anomalia fa s\u00ec che la pianta cresca in fasci (da qui il nome fasciatura). Pu\u00f2 interessare gli steli, i fiori o i frutti. Nel caso dell'edera, la fascinazione interessa generalmente gli steli.\u00a0<\/p><p>Questo fenomeno non \u00e8 assolutamente dannoso per la pianta. Al contrario, alcune fasciature abbelliscono notevolmente la pianta in questione e la rendono ancora pi\u00f9 preziosa, poich\u00e9 questa anomalia naturale \u00e8 piuttosto rara. \u00c8 tanto pi\u00f9 difficile da provocare, dato che i botanici non sono attualmente in grado di spiegarne chiaramente la causa o le cause.<\/p><p>Non perdetevi quindi queste curiosit\u00e0 naturali!<\/p>\t\t\t\t\t\t\t\t<\/div>\n\t\t\t\t<\/div>\n\t\t\t\t<div class=\"elementor-element elementor-element-493482c0 elementor-widget elementor-widget-image\" data-id=\"493482c0\" data-element_type=\"widget\" data-widget_type=\"image.default\">\n\t\t\t\t<div class=\"elementor-widget-container\">\n\t\t\t\t\t\t\t\t\t\t\t\t\t\t\t<img decoding=\"async\" width=\"1024\" height=\"146\" src=\"https:\/\/www.hedera-etc.com\/wp-content\/uploads\/2023\/10\/guirlande-1024x146.webp\" class=\"attachment-large size-large wp-image-116\" alt=\"La boutique du lierre - Ghirlanda di edera\" srcset=\"https:\/\/www.hedera-etc.com\/wp-content\/uploads\/2023\/10\/guirlande-1024x146.webp 1024w, https:\/\/www.hedera-etc.com\/wp-content\/uploads\/2023\/10\/guirlande-900x129.webp 900w, https:\/\/www.hedera-etc.com\/wp-content\/uploads\/2023\/10\/guirlande-300x43.webp 300w, https:\/\/www.hedera-etc.com\/wp-content\/uploads\/2023\/10\/guirlande-768x110.webp 768w, https:\/\/www.hedera-etc.com\/wp-content\/uploads\/2023\/10\/guirlande.webp 1126w\" sizes=\"(max-width: 1024px) 100vw, 1024px\" \/>\t\t\t\t\t\t\t\t\t\t\t\t\t\t\t<\/div>\n\t\t\t\t<\/div>\n\t\t\t\t<div class=\"elementor-element elementor-element-58b98347 elementor-widget elementor-widget-text-editor\" data-id=\"58b98347\" data-element_type=\"widget\" data-widget_type=\"text-editor.default\">\n\t\t\t\t<div class=\"elementor-widget-container\">\n\t\t\t\t\t\t\t\t\t<h3 style=\"text-align: center;\"><span style=\"color: #008000;\">L'edera nella letteratura<\/span><\/h3><blockquote><p style=\"text-align: center;\"><span style=\"color: #993366;\">\u201cL'edera si arrampicava senza sosta, come se la natura cercasse di avvolgere la solitudine.<\/span><span style=\"color: #993366;\">\u201d<\/span><\/p><\/blockquote><h5 style=\"text-align: right;\"><strong>Charlotte Bront\u00eb<\/strong>, <em>Shirley<\/em><\/h5>\t\t\t\t\t\t\t\t<\/div>\n\t\t\t\t<\/div>\n\t\t\t\t\t<\/div>\n\t\t\t\t<\/div>\n\t\t\t\t<\/div>","protected":false},"excerpt":{"rendered":"<p>Sembra indossare una sottoveste, come le ragazze del Cancan francese.<\/p>\n<p>Fusti spessi, a volte malformati e\/o fasciati. Le foglie sembrano infilate sugli steli. Quasi rotonde, non lobate, ma molto increspate, contorte, piegate o addirittura deformate. Fusto molto corto, con internodi minimi. Il margine della lamina fogliare \u00e8 arricciato e talvolta assume una colorazione rossastra in condizioni di freddo.<\/p>\n<p>Una rarit\u00e0! Fogliame straordinario per i vasi. Ma attenzione, non ama l'umidit\u00e0. Quindi \u00e8 pi\u00f9 un'edera da interno.<\/p>","protected":false},"featured_media":416,"comment_status":"open","ping_status":"closed","template":"","meta":{"_acf_changed":false,"ocean_post_layout":"","ocean_both_sidebars_style":"","ocean_both_sidebars_content_width":0,"ocean_both_sidebars_sidebars_width":0,"ocean_sidebar":"0","ocean_second_sidebar":"0","ocean_disable_margins":"enable","ocean_add_body_class":"","ocean_shortcode_before_top_bar":"","ocean_shortcode_after_top_bar":"","ocean_shortcode_before_header":"","ocean_shortcode_after_header":"","ocean_has_shortcode":"","ocean_shortcode_after_title":"","ocean_shortcode_before_footer_widgets":"","ocean_shortcode_after_footer_widgets":"","ocean_shortcode_before_footer_bottom":"","ocean_shortcode_after_footer_bottom":"","ocean_display_top_bar":"default","ocean_display_header":"default","ocean_header_style":"","ocean_center_header_left_menu":"0","ocean_custom_header_template":"0","ocean_custom_logo":0,"ocean_custom_retina_logo":0,"ocean_custom_logo_max_width":0,"ocean_custom_logo_tablet_max_width":0,"ocean_custom_logo_mobile_max_width":0,"ocean_custom_logo_max_height":0,"ocean_custom_logo_tablet_max_height":0,"ocean_custom_logo_mobile_max_height":0,"ocean_header_custom_menu":"0","ocean_menu_typo_font_family":"0","ocean_menu_typo_font_subset":"","ocean_menu_typo_font_size":0,"ocean_menu_typo_font_size_tablet":0,"ocean_menu_typo_font_size_mobile":0,"ocean_menu_typo_font_size_unit":"px","ocean_menu_typo_font_weight":"","ocean_menu_typo_font_weight_tablet":"","ocean_menu_typo_font_weight_mobile":"","ocean_menu_typo_transform":"","ocean_menu_typo_transform_tablet":"","ocean_menu_typo_transform_mobile":"","ocean_menu_typo_line_height":0,"ocean_menu_typo_line_height_tablet":0,"ocean_menu_typo_line_height_mobile":0,"ocean_menu_typo_line_height_unit":"","ocean_menu_typo_spacing":0,"ocean_menu_typo_spacing_tablet":0,"ocean_menu_typo_spacing_mobile":0,"ocean_menu_typo_spacing_unit":"","ocean_menu_link_color":"","ocean_menu_link_color_hover":"","ocean_menu_link_color_active":"","ocean_menu_link_background":"","ocean_menu_link_hover_background":"","ocean_menu_link_active_background":"","ocean_menu_social_links_bg":"","ocean_menu_social_hover_links_bg":"","ocean_menu_social_links_color":"","ocean_menu_social_hover_links_color":"","ocean_disable_title":"default","ocean_disable_heading":"default","ocean_post_title":"","ocean_post_subheading":"","ocean_post_title_style":"","ocean_post_title_background_color":"","ocean_post_title_background":0,"ocean_post_title_bg_image_position":"","ocean_post_title_bg_image_attachment":"","ocean_post_title_bg_image_repeat":"","ocean_post_title_bg_image_size":"","ocean_post_title_height":0,"ocean_post_title_bg_overlay":0.5,"ocean_post_title_bg_overlay_color":"","ocean_disable_breadcrumbs":"default","ocean_breadcrumbs_color":"","ocean_breadcrumbs_separator_color":"","ocean_breadcrumbs_links_color":"","ocean_breadcrumbs_links_hover_color":"","ocean_display_footer_widgets":"default","ocean_display_footer_bottom":"default","ocean_custom_footer_template":"0"},"product_brand":[],"product_cat":[134],"product_tag":[],"class_list":{"0":"post-415","1":"product","2":"type-product","3":"status-publish","4":"has-post-thumbnail","6":"product_cat-lierre","8":"entry","9":"has-media","11":"first","12":"instock","13":"product-type-variable","14":"has-default-attributes","15":"has-product-nav","16":"col","17":"span_1_of_4","18":"owp-content-center","19":"item-entry","20":"owp-thumbs-layout-horizontal","21":"owp-btn-normal","22":"owp-tabs-layout-section"},"acf":[],"jetpack_sharing_enabled":true,"_links":{"self":[{"href":"https:\/\/www.hedera-etc.com\/it\/wp-json\/wp\/v2\/product\/415","targetHints":{"allow":["GET"]}}],"collection":[{"href":"https:\/\/www.hedera-etc.com\/it\/wp-json\/wp\/v2\/product"}],"about":[{"href":"https:\/\/www.hedera-etc.com\/it\/wp-json\/wp\/v2\/types\/product"}],"replies":[{"embeddable":true,"href":"https:\/\/www.hedera-etc.com\/it\/wp-json\/wp\/v2\/comments?post=415"}],"version-history":[{"count":4,"href":"https:\/\/www.hedera-etc.com\/it\/wp-json\/wp\/v2\/product\/415\/revisions"}],"predecessor-version":[{"id":18459,"href":"https:\/\/www.hedera-etc.com\/it\/wp-json\/wp\/v2\/product\/415\/revisions\/18459"}],"wp:featuredmedia":[{"embeddable":true,"href":"https:\/\/www.hedera-etc.com\/it\/wp-json\/wp\/v2\/media\/416"}],"wp:attachment":[{"href":"https:\/\/www.hedera-etc.com\/it\/wp-json\/wp\/v2\/media?parent=415"}],"wp:term":[{"taxonomy":"product_brand","embeddable":true,"href":"https:\/\/www.hedera-etc.com\/it\/wp-json\/wp\/v2\/product_brand?post=415"},{"taxonomy":"product_cat","embeddable":true,"href":"https:\/\/www.hedera-etc.com\/it\/wp-json\/wp\/v2\/product_cat?post=415"},{"taxonomy":"product_tag","embeddable":true,"href":"https:\/\/www.hedera-etc.com\/it\/wp-json\/wp\/v2\/product_tag?post=415"}],"curies":[{"name":"wp","href":"https:\/\/api.w.org\/{rel}","templated":true}]}}