{"id":4178,"date":"2024-03-25T21:03:41","date_gmt":"2024-03-25T20:03:41","guid":{"rendered":"https:\/\/www.hedera-etc.com\/?post_type=product&#038;p=4178"},"modified":"2026-04-28T07:09:20","modified_gmt":"2026-04-28T05:09:20","slug":"hedera-algeriensis","status":"publish","type":"product","link":"https:\/\/www.hedera-etc.com\/it\/product\/hedera-algeriensis\/","title":{"rendered":"<em>Hedera algeriensis<\/em> o edera algerina"},"content":{"rendered":"<div data-elementor-type=\"product-post\" data-elementor-id=\"4178\" class=\"elementor elementor-4178\" data-elementor-post-type=\"product\">\n\t\t\t\t<div class=\"elementor-element elementor-element-7997c10b e-con-full e-flex e-con e-child\" data-id=\"7997c10b\" data-element_type=\"container\">\n\t\t\t\t<div class=\"elementor-element elementor-element-70030242 elementor-widget elementor-widget-text-editor\" data-id=\"70030242\" data-element_type=\"widget\" data-widget_type=\"text-editor.default\">\n\t\t\t\t<div class=\"elementor-widget-container\">\n\t\t\t\t\t\t\t\t\t<h2><span style=\"color: #f0ffed;\">Edera algerina - Hedera algeriensis<\/span><\/h2>\t\t\t\t\t\t\t\t<\/div>\n\t\t\t\t<\/div>\n\t\t\t\t<\/div>\n\t\t<div class=\"elementor-element elementor-element-b7dfb20 e-flex e-con-boxed e-con e-parent\" data-id=\"b7dfb20\" data-element_type=\"container\">\n\t\t\t\t\t<div class=\"e-con-inner\">\n\t\t<div class=\"elementor-element elementor-element-b1822c6 e-con-full e-flex e-con e-child\" data-id=\"b1822c6\" data-element_type=\"container\">\n\t\t\t\t<div class=\"elementor-element elementor-element-7119cfc elementor-widget elementor-widget-heading\" data-id=\"7119cfc\" data-element_type=\"widget\" data-widget_type=\"heading.default\">\n\t\t\t\t<div class=\"elementor-widget-container\">\n\t\t\t\t\t<h2 class=\"elementor-heading-title elementor-size-default\">In breve<\/h2>\t\t\t\t<\/div>\n\t\t\t\t<\/div>\n\t\t\t\t<div class=\"elementor-element elementor-element-c230b52 elementor-widget elementor-widget-text-editor\" data-id=\"c230b52\" data-element_type=\"widget\" data-widget_type=\"text-editor.default\">\n\t\t\t\t<div class=\"elementor-widget-container\">\n\t\t\t\t\t\t\t\t\t<p>Edera algerina, <em><strong>Hedera algeriensis<\/strong><\/em>, Come suggerisce il nome, proviene dal nord dell'Algeria e della Tunisia.\u00a0<\/p><p>\u00c8 un'edera a foglia larga con 3 lobi poco profondi di un bel verde tenue e leggermente lucido.<\/p><p>Forma un fitto tappeto abbastanza rapidamente, perch\u00e9 \u00e8 vigorosa. \u00c8 un'ottima copertura del terreno all'ombra o in penombra, che soffoca le erbacce. \u00c8 meno abile nell'arrampicarsi, ma con un po' di aiuto pu\u00f2 essere utilizzata anche come edera rampicante.<\/p>\t\t\t\t\t\t\t\t<\/div>\n\t\t\t\t<\/div>\n\t\t\t\t<div class=\"elementor-element elementor-element-a36ddc2 elementor-widget elementor-widget-heading\" data-id=\"a36ddc2\" data-element_type=\"widget\" data-widget_type=\"heading.default\">\n\t\t\t\t<div class=\"elementor-widget-container\">\n\t\t\t\t\t<h2 class=\"elementor-heading-title elementor-size-default\">Dettagli tecnici - Hedera algeriensis<\/h2>\t\t\t\t<\/div>\n\t\t\t\t<\/div>\n\t\t\t\t<div class=\"elementor-element elementor-element-010b80c elementor-widget elementor-widget-text-editor\" data-id=\"010b80c\" data-element_type=\"widget\" data-widget_type=\"text-editor.default\">\n\t\t\t\t<div class=\"elementor-widget-container\">\n\t\t\t\t\t\t\t\t\t<h3>Informazioni botaniche<\/h3><ul><li>Famiglia: Araliaceae<\/li><li>Genere : <em><strong>Hedera<\/strong><\/em><\/li><li>Specie : <i>algeriensis<\/i><\/li><li>Classificazione Pierot: edera a forma di cuore<\/li><li>Stadio fogliare: giovanile<\/li><li>Origine della specie: Algeria settentrionale e Tunisia<\/li><\/ul><h3>\u00a0<\/h3><h3>Descrizione di Hedera algeriensis<\/h3><ul><li>Portamento di crescita: denso, ampio<\/li><li>Numero di lobi: da 0 a 3<\/li><li>Lunghezza delle foglie: da 7 a 15 cm<\/li><li>Larghezza del foglio: da 7 a 17 cm<\/li><li>Forma della foglia giovanile: cordata, triangolare o ovale.<\/li><li>Forma della foglia adulta: ellittica, senza lobi.<\/li><li>Base della foglia: a forma di cuore<\/li><li>Colore delle foglie: verde medio, da lucido a opaco<\/li><li>Lunghezza dei piccioli: da 6 a 15 cm.<\/li><li>Colore dei piccioli: rosso<\/li><li>Colore della fioritura: crema<\/li><li>Periodo di fioritura: novembre<\/li><li>Fruttificazione: bacche nere<\/li><li>Periodo di fruttificazione: matura a marzo<\/li><\/ul><h3>\u00a0<\/h3><h3>Consigli per la semina, la coltivazione e la cura dell'Hedera algeriensis<\/h3><ul><li>Esposizione: ombra, ombra parziale<\/li><li>Resistenza: -15\u00b0C<\/li><li>Umidit\u00e0 del terreno: fresco<\/li><li>PH del terreno: neutro, calcareo, acido<\/li><li>Tipo di terreno: tutti<\/li><li>Ricchezza del suolo: ordinario o ricco di humus<\/li><li>Uso: copertura del terreno<\/li><li>Sviluppo: vigoroso<\/li><li>Tasso di crescita: rapido<\/li><li>Parassiti: molto rari (ragnetto, cocciniglia)<\/li><li>Malattie: molto rare (macchie fogliari)<\/li><\/ul>\t\t\t\t\t\t\t\t<\/div>\n\t\t\t\t<\/div>\n\t\t\t\t<\/div>\n\t\t\t\t\t<\/div>\n\t\t\t\t<\/div>\n\t\t<div class=\"elementor-element elementor-element-699de592 e-flex e-con-boxed e-con e-parent\" data-id=\"699de592\" data-element_type=\"container\">\n\t\t\t\t\t<div class=\"e-con-inner\">\n\t\t\t\t<div class=\"elementor-element elementor-element-383eb6f9 elementor-widget elementor-widget-image\" data-id=\"383eb6f9\" data-element_type=\"widget\" data-widget_type=\"image.default\">\n\t\t\t\t<div class=\"elementor-widget-container\">\n\t\t\t\t\t\t\t\t\t\t\t\t\t\t\t<img fetchpriority=\"high\" decoding=\"async\" width=\"1024\" height=\"146\" src=\"https:\/\/www.hedera-etc.com\/wp-content\/uploads\/2023\/10\/guirlande-1024x146.webp\" class=\"attachment-large size-large wp-image-116\" alt=\"La boutique du lierre - Ghirlanda di edera\" srcset=\"https:\/\/www.hedera-etc.com\/wp-content\/uploads\/2023\/10\/guirlande-1024x146.webp 1024w, https:\/\/www.hedera-etc.com\/wp-content\/uploads\/2023\/10\/guirlande-900x129.webp 900w, https:\/\/www.hedera-etc.com\/wp-content\/uploads\/2023\/10\/guirlande-300x43.webp 300w, https:\/\/www.hedera-etc.com\/wp-content\/uploads\/2023\/10\/guirlande-768x110.webp 768w, https:\/\/www.hedera-etc.com\/wp-content\/uploads\/2023\/10\/guirlande.webp 1126w\" sizes=\"(max-width: 1024px) 100vw, 1024px\" \/>\t\t\t\t\t\t\t\t\t\t\t\t\t\t\t<\/div>\n\t\t\t\t<\/div>\n\t\t\t\t<div class=\"elementor-element elementor-element-4482f4e elementor-widget elementor-widget-text-editor\" data-id=\"4482f4e\" data-element_type=\"widget\" data-widget_type=\"text-editor.default\">\n\t\t\t\t<div class=\"elementor-widget-container\">\n\t\t\t\t\t\t\t\t\t<h3 style=\"text-align: center;\"><span style=\"color: #008000;\">L'edera nella letteratura<\/span><\/h3><blockquote><p style=\"text-align: center;\"><span style=\"color: #993366;\">\u201cL'edera si arrampica sulle rovine, un ricordo verde sui muri sbiaditi.<\/span><span style=\"color: #993366;\">\u201d<\/span><\/p><\/blockquote><h5 style=\"text-align: right;\"><strong>Lord Byron<\/strong>, <em>Il pellegrinaggio di Childe Harold<\/em><\/h5>\t\t\t\t\t\t\t\t<\/div>\n\t\t\t\t<\/div>\n\t\t\t\t\t<\/div>\n\t\t\t\t<\/div>\n\t\t\t\t<\/div>","protected":false},"excerpt":{"rendered":"<p>Come suggerisce il nome, \u00e8 originario del nord dell'Algeria e della Tunisia.<\/p>\n<p>Edera con foglie grandi e poco profonde a 3 lobi di un bel verde tenue e leggermente lucido.<\/p>\n<p>Forma un fitto tappeto abbastanza rapidamente, poich\u00e9 \u00e8 vigorosa. \u00c8 un'eccellente copertura del terreno all'ombra o in penombra, che soffoca le erbacce. Meno abile nell'arrampicarsi, ma con un po' di aiuto pu\u00f2 essere utilizzata anche come edera rampicante.<\/p>","protected":false},"featured_media":4228,"comment_status":"open","ping_status":"closed","template":"","meta":{"_acf_changed":false,"ocean_post_layout":"","ocean_both_sidebars_style":"","ocean_both_sidebars_content_width":0,"ocean_both_sidebars_sidebars_width":0,"ocean_sidebar":"0","ocean_second_sidebar":"0","ocean_disable_margins":"enable","ocean_add_body_class":"","ocean_shortcode_before_top_bar":"","ocean_shortcode_after_top_bar":"","ocean_shortcode_before_header":"","ocean_shortcode_after_header":"","ocean_has_shortcode":"","ocean_shortcode_after_title":"","ocean_shortcode_before_footer_widgets":"","ocean_shortcode_after_footer_widgets":"","ocean_shortcode_before_footer_bottom":"","ocean_shortcode_after_footer_bottom":"","ocean_display_top_bar":"default","ocean_display_header":"default","ocean_header_style":"","ocean_center_header_left_menu":"0","ocean_custom_header_template":"0","ocean_custom_logo":0,"ocean_custom_retina_logo":0,"ocean_custom_logo_max_width":0,"ocean_custom_logo_tablet_max_width":0,"ocean_custom_logo_mobile_max_width":0,"ocean_custom_logo_max_height":0,"ocean_custom_logo_tablet_max_height":0,"ocean_custom_logo_mobile_max_height":0,"ocean_header_custom_menu":"0","ocean_menu_typo_font_family":"0","ocean_menu_typo_font_subset":"","ocean_menu_typo_font_size":0,"ocean_menu_typo_font_size_tablet":0,"ocean_menu_typo_font_size_mobile":0,"ocean_menu_typo_font_size_unit":"px","ocean_menu_typo_font_weight":"","ocean_menu_typo_font_weight_tablet":"","ocean_menu_typo_font_weight_mobile":"","ocean_menu_typo_transform":"","ocean_menu_typo_transform_tablet":"","ocean_menu_typo_transform_mobile":"","ocean_menu_typo_line_height":0,"ocean_menu_typo_line_height_tablet":0,"ocean_menu_typo_line_height_mobile":0,"ocean_menu_typo_line_height_unit":"","ocean_menu_typo_spacing":0,"ocean_menu_typo_spacing_tablet":0,"ocean_menu_typo_spacing_mobile":0,"ocean_menu_typo_spacing_unit":"","ocean_menu_link_color":"","ocean_menu_link_color_hover":"","ocean_menu_link_color_active":"","ocean_menu_link_background":"","ocean_menu_link_hover_background":"","ocean_menu_link_active_background":"","ocean_menu_social_links_bg":"","ocean_menu_social_hover_links_bg":"","ocean_menu_social_links_color":"","ocean_menu_social_hover_links_color":"","ocean_disable_title":"default","ocean_disable_heading":"default","ocean_post_title":"","ocean_post_subheading":"","ocean_post_title_style":"","ocean_post_title_background_color":"","ocean_post_title_background":0,"ocean_post_title_bg_image_position":"","ocean_post_title_bg_image_attachment":"","ocean_post_title_bg_image_repeat":"","ocean_post_title_bg_image_size":"","ocean_post_title_height":0,"ocean_post_title_bg_overlay":0.5,"ocean_post_title_bg_overlay_color":"","ocean_disable_breadcrumbs":"default","ocean_breadcrumbs_color":"","ocean_breadcrumbs_separator_color":"","ocean_breadcrumbs_links_color":"","ocean_breadcrumbs_links_hover_color":"","ocean_display_footer_widgets":"default","ocean_display_footer_bottom":"default","ocean_custom_footer_template":"0"},"product_brand":[],"product_cat":[134],"product_tag":[],"class_list":{"0":"post-4178","1":"product","2":"type-product","3":"status-publish","4":"has-post-thumbnail","6":"product_cat-lierre","8":"entry","9":"has-media","11":"first","12":"instock","13":"shipping-taxable","14":"purchasable","15":"product-type-variable","16":"has-default-attributes","17":"has-product-nav","18":"col","19":"span_1_of_4","20":"owp-content-center","21":"item-entry","22":"owp-thumbs-layout-horizontal","23":"owp-btn-normal","24":"owp-tabs-layout-section","25":"has-no-thumbnails"},"acf":[],"jetpack_sharing_enabled":true,"_links":{"self":[{"href":"https:\/\/www.hedera-etc.com\/it\/wp-json\/wp\/v2\/product\/4178","targetHints":{"allow":["GET"]}}],"collection":[{"href":"https:\/\/www.hedera-etc.com\/it\/wp-json\/wp\/v2\/product"}],"about":[{"href":"https:\/\/www.hedera-etc.com\/it\/wp-json\/wp\/v2\/types\/product"}],"replies":[{"embeddable":true,"href":"https:\/\/www.hedera-etc.com\/it\/wp-json\/wp\/v2\/comments?post=4178"}],"version-history":[{"count":3,"href":"https:\/\/www.hedera-etc.com\/it\/wp-json\/wp\/v2\/product\/4178\/revisions"}],"predecessor-version":[{"id":13158,"href":"https:\/\/www.hedera-etc.com\/it\/wp-json\/wp\/v2\/product\/4178\/revisions\/13158"}],"wp:featuredmedia":[{"embeddable":true,"href":"https:\/\/www.hedera-etc.com\/it\/wp-json\/wp\/v2\/media\/4228"}],"wp:attachment":[{"href":"https:\/\/www.hedera-etc.com\/it\/wp-json\/wp\/v2\/media?parent=4178"}],"wp:term":[{"taxonomy":"product_brand","embeddable":true,"href":"https:\/\/www.hedera-etc.com\/it\/wp-json\/wp\/v2\/product_brand?post=4178"},{"taxonomy":"product_cat","embeddable":true,"href":"https:\/\/www.hedera-etc.com\/it\/wp-json\/wp\/v2\/product_cat?post=4178"},{"taxonomy":"product_tag","embeddable":true,"href":"https:\/\/www.hedera-etc.com\/it\/wp-json\/wp\/v2\/product_tag?post=4178"}],"curies":[{"name":"wp","href":"https:\/\/api.w.org\/{rel}","templated":true}]}}