{"id":4432,"date":"2024-04-03T07:48:20","date_gmt":"2024-04-03T05:48:20","guid":{"rendered":"https:\/\/www.hedera-etc.com\/?post_type=product&#038;p=4432"},"modified":"2026-05-01T07:09:42","modified_gmt":"2026-05-01T05:09:42","slug":"glechoma-hederacea-lierre-terrestre","status":"publish","type":"product","link":"https:\/\/www.hedera-etc.com\/it\/product\/glechoma-hederacea-lierre-terrestre\/","title":{"rendered":"Edera terrestre - Glechoma hederacea"},"content":{"rendered":"<div data-elementor-type=\"product-post\" data-elementor-id=\"4432\" class=\"elementor elementor-4432\" data-elementor-post-type=\"product\">\n\t\t\t\t<div class=\"elementor-element elementor-element-9ef74f5 e-con-full e-flex e-con e-child\" data-id=\"9ef74f5\" data-element_type=\"container\">\n\t\t\t\t<div class=\"elementor-element elementor-element-4dc6f35d elementor-widget elementor-widget-text-editor\" data-id=\"4dc6f35d\" data-element_type=\"widget\" data-widget_type=\"text-editor.default\">\n\t\t\t\t<div class=\"elementor-widget-container\">\n\t\t\t\t\t\t\t\t\t<h2><span style=\"color: #f0ffed;\">Edera terrestre - Glechoma hederacea<\/span><\/h2>\t\t\t\t\t\t\t\t<\/div>\n\t\t\t\t<\/div>\n\t\t\t\t<\/div>\n\t\t<div class=\"elementor-element elementor-element-febba01 e-flex e-con-boxed e-con e-parent\" data-id=\"febba01\" data-element_type=\"container\">\n\t\t\t\t\t<div class=\"e-con-inner\">\n\t\t\t\t<div class=\"elementor-element elementor-element-4a3f1de elementor-widget elementor-widget-heading\" data-id=\"4a3f1de\" data-element_type=\"widget\" data-widget_type=\"heading.default\">\n\t\t\t\t<div class=\"elementor-widget-container\">\n\t\t\t\t\t<h2 class=\"elementor-heading-title elementor-size-default\">Edera a fiori blu<\/h2>\t\t\t\t<\/div>\n\t\t\t\t<\/div>\n\t\t\t\t<div class=\"elementor-element elementor-element-73b48ff elementor-widget elementor-widget-text-editor\" data-id=\"73b48ff\" data-element_type=\"widget\" data-widget_type=\"text-editor.default\">\n\t\t\t\t<div class=\"elementor-widget-container\">\n\t\t\t\t\t\t\t\t\t<p>Il <strong>edera terrestre<\/strong> \u00e8 un'interessante copertura del suolo che prospera all'ombra di un terreno ricco di humus.\u00a0<\/p><p>Il fogliame verde scuro \u00e8 reniforme alla base e cuoriforme verso le punte. I bordi delle foglie sono crenati e spesso ricoperti da una fine peluria. Gli steli quadrati si allargano sul terreno, formando rosette che si radicano. In questo modo, la <strong>edera terrestre<\/strong> pu\u00f2 conquistare gradualmente vaste aree se il terreno e l'esposizione sono adatti.<\/p><p>I fiori blu o rosa iniziano in primavera e possono durare fino all'autunno.<\/p>\t\t\t\t\t\t\t\t<\/div>\n\t\t\t\t<\/div>\n\t\t\t\t<div class=\"elementor-element elementor-element-ba847c5 elementor-widget elementor-widget-heading\" data-id=\"ba847c5\" data-element_type=\"widget\" data-widget_type=\"heading.default\">\n\t\t\t\t<div class=\"elementor-widget-container\">\n\t\t\t\t\t<h2 class=\"elementor-heading-title elementor-size-default\">Edera che non \u00e8 edera<\/h2>\t\t\t\t<\/div>\n\t\t\t\t<\/div>\n\t\t\t\t<div class=\"elementor-element elementor-element-d387f48 elementor-widget elementor-widget-text-editor\" data-id=\"d387f48\" data-element_type=\"widget\" data-widget_type=\"text-editor.default\">\n\t\t\t\t<div class=\"elementor-widget-container\">\n\t\t\t\t\t\t\t\t\t<p>Il nome \u00ab\u00a0<strong>edera terrestre<\/strong>\u00a0\u00bb \u00e8 fuorviante. Dal punto di vista botanico, questa pianta non \u00e8 in realt\u00e0 un'edera, anche se ha delle somiglianze con l'edera in termini di comportamento sul terreno. Non appartiene nemmeno alla stessa famiglia dell'edera. Il genere botanico dell'edera, <em>Hedera<\/em>, \u00e8 un membro della famiglia delle Araliaceae, mentre il genere botanico dell'edera terrestre, <em>Glecoma<\/em>, \u00e8 un membro della famiglia delle Lamiaceae. \u00c8 la stessa famiglia della menta. Si trova anche in <b>Glechoma hederacea<\/b>&nbsp;il profumo della menta, gli steli squadrati e la fioritura della menta.<\/p>\t\t\t\t\t\t\t\t<\/div>\n\t\t\t\t<\/div>\n\t\t\t\t<div class=\"elementor-element elementor-element-e73be3e elementor-widget elementor-widget-heading\" data-id=\"e73be3e\" data-element_type=\"widget\" data-widget_type=\"heading.default\">\n\t\t\t\t<div class=\"elementor-widget-container\">\n\t\t\t\t\t<h2 class=\"elementor-heading-title elementor-size-default\">Benefici culinari e medicinali<\/h2>\t\t\t\t<\/div>\n\t\t\t\t<\/div>\n\t\t\t\t<div class=\"elementor-element elementor-element-a50e738 elementor-widget elementor-widget-text-editor\" data-id=\"a50e738\" data-element_type=\"widget\" data-widget_type=\"text-editor.default\">\n\t\t\t\t<div class=\"elementor-widget-container\">\n\t\t\t\t\t\t\t\t\t<p>Sul lato inferiore di<strong> edera terrestre<\/strong> ghiandole dell'olio essenziale. \u00c8 qui che <strong><em>Glechoma hederacea<\/em><\/strong> il suo valore culinario e medicinale.<\/p><p>Lo ha capito bene lo chef stellato Marc Veyrat che ha utilizzato questa pianta per cucinare le triglie. Pi\u00f9 comunemente, potete insaporire le vostre insalate con qualche foglia di<i> <b>Glechoma hederacea<\/b>.<\/i> In effetti, pu\u00f2 essere utilizzata allo stesso modo della cugina menta.<\/p><p>Le sue qualit\u00e0 medicinali sono riconosciute da tempo. <strong><em>Glechoma hederacea<\/em><\/strong> \u00e8 utilizzato, ad esempio, per trattare disturbi respiratori e bronchiali o problemi renali.<\/p>\t\t\t\t\t\t\t\t<\/div>\n\t\t\t\t<\/div>\n\t\t\t\t\t<\/div>\n\t\t\t\t<\/div>\n\t\t\t\t<\/div>","protected":false},"excerpt":{"rendered":"<p>L'edera terrestre, Glechoma hederacea, \u00e8 una pianta commestibile, particolarmente interessante in primavera quando le giovani foglie sono tenere. Profumo delizioso di menta e limone.<\/p>\n<p>Perfetto per accompagnare un'insalata o per insaporire un aperitivo o un cocktail.<\/p>\n<p>Questa pianta si diffonde come una copertura del terreno, come l'edera, e si moltiplica per mezzo di corridori come le fragole. Fiorisce in primavera in blu.<\/p>","protected":false},"featured_media":13392,"comment_status":"open","ping_status":"closed","template":"","meta":{"_acf_changed":false,"ocean_post_layout":"","ocean_both_sidebars_style":"","ocean_both_sidebars_content_width":0,"ocean_both_sidebars_sidebars_width":0,"ocean_sidebar":"0","ocean_second_sidebar":"0","ocean_disable_margins":"enable","ocean_add_body_class":"","ocean_shortcode_before_top_bar":"","ocean_shortcode_after_top_bar":"","ocean_shortcode_before_header":"","ocean_shortcode_after_header":"","ocean_has_shortcode":"","ocean_shortcode_after_title":"","ocean_shortcode_before_footer_widgets":"","ocean_shortcode_after_footer_widgets":"","ocean_shortcode_before_footer_bottom":"","ocean_shortcode_after_footer_bottom":"","ocean_display_top_bar":"default","ocean_display_header":"default","ocean_header_style":"","ocean_center_header_left_menu":"0","ocean_custom_header_template":"0","ocean_custom_logo":0,"ocean_custom_retina_logo":0,"ocean_custom_logo_max_width":0,"ocean_custom_logo_tablet_max_width":0,"ocean_custom_logo_mobile_max_width":0,"ocean_custom_logo_max_height":0,"ocean_custom_logo_tablet_max_height":0,"ocean_custom_logo_mobile_max_height":0,"ocean_header_custom_menu":"0","ocean_menu_typo_font_family":"0","ocean_menu_typo_font_subset":"","ocean_menu_typo_font_size":0,"ocean_menu_typo_font_size_tablet":0,"ocean_menu_typo_font_size_mobile":0,"ocean_menu_typo_font_size_unit":"px","ocean_menu_typo_font_weight":"","ocean_menu_typo_font_weight_tablet":"","ocean_menu_typo_font_weight_mobile":"","ocean_menu_typo_transform":"","ocean_menu_typo_transform_tablet":"","ocean_menu_typo_transform_mobile":"","ocean_menu_typo_line_height":0,"ocean_menu_typo_line_height_tablet":0,"ocean_menu_typo_line_height_mobile":0,"ocean_menu_typo_line_height_unit":"","ocean_menu_typo_spacing":0,"ocean_menu_typo_spacing_tablet":0,"ocean_menu_typo_spacing_mobile":0,"ocean_menu_typo_spacing_unit":"","ocean_menu_link_color":"","ocean_menu_link_color_hover":"","ocean_menu_link_color_active":"","ocean_menu_link_background":"","ocean_menu_link_hover_background":"","ocean_menu_link_active_background":"","ocean_menu_social_links_bg":"","ocean_menu_social_hover_links_bg":"","ocean_menu_social_links_color":"","ocean_menu_social_hover_links_color":"","ocean_disable_title":"default","ocean_disable_heading":"default","ocean_post_title":"","ocean_post_subheading":"","ocean_post_title_style":"","ocean_post_title_background_color":"","ocean_post_title_background":0,"ocean_post_title_bg_image_position":"","ocean_post_title_bg_image_attachment":"","ocean_post_title_bg_image_repeat":"","ocean_post_title_bg_image_size":"","ocean_post_title_height":0,"ocean_post_title_bg_overlay":0.5,"ocean_post_title_bg_overlay_color":"","ocean_disable_breadcrumbs":"default","ocean_breadcrumbs_color":"","ocean_breadcrumbs_separator_color":"","ocean_breadcrumbs_links_color":"","ocean_breadcrumbs_links_hover_color":"","ocean_display_footer_widgets":"default","ocean_display_footer_bottom":"default","ocean_custom_footer_template":"0"},"product_brand":[],"product_cat":[134],"product_tag":[],"class_list":{"0":"post-4432","1":"product","2":"type-product","3":"status-publish","4":"has-post-thumbnail","6":"product_cat-lierre","8":"entry","9":"has-media","11":"first","12":"instock","13":"shipping-taxable","14":"purchasable","15":"product-type-variable","16":"has-default-attributes","17":"has-product-nav","18":"col","19":"span_1_of_4","20":"owp-content-center","21":"item-entry","22":"owp-thumbs-layout-horizontal","23":"owp-btn-normal","24":"owp-tabs-layout-section"},"acf":[],"jetpack_sharing_enabled":true,"_links":{"self":[{"href":"https:\/\/www.hedera-etc.com\/it\/wp-json\/wp\/v2\/product\/4432","targetHints":{"allow":["GET"]}}],"collection":[{"href":"https:\/\/www.hedera-etc.com\/it\/wp-json\/wp\/v2\/product"}],"about":[{"href":"https:\/\/www.hedera-etc.com\/it\/wp-json\/wp\/v2\/types\/product"}],"replies":[{"embeddable":true,"href":"https:\/\/www.hedera-etc.com\/it\/wp-json\/wp\/v2\/comments?post=4432"}],"version-history":[{"count":3,"href":"https:\/\/www.hedera-etc.com\/it\/wp-json\/wp\/v2\/product\/4432\/revisions"}],"predecessor-version":[{"id":13396,"href":"https:\/\/www.hedera-etc.com\/it\/wp-json\/wp\/v2\/product\/4432\/revisions\/13396"}],"wp:featuredmedia":[{"embeddable":true,"href":"https:\/\/www.hedera-etc.com\/it\/wp-json\/wp\/v2\/media\/13392"}],"wp:attachment":[{"href":"https:\/\/www.hedera-etc.com\/it\/wp-json\/wp\/v2\/media?parent=4432"}],"wp:term":[{"taxonomy":"product_brand","embeddable":true,"href":"https:\/\/www.hedera-etc.com\/it\/wp-json\/wp\/v2\/product_brand?post=4432"},{"taxonomy":"product_cat","embeddable":true,"href":"https:\/\/www.hedera-etc.com\/it\/wp-json\/wp\/v2\/product_cat?post=4432"},{"taxonomy":"product_tag","embeddable":true,"href":"https:\/\/www.hedera-etc.com\/it\/wp-json\/wp\/v2\/product_tag?post=4432"}],"curies":[{"name":"wp","href":"https:\/\/api.w.org\/{rel}","templated":true}]}}