{"id":481,"date":"2023-10-28T18:17:20","date_gmt":"2023-10-28T16:17:20","guid":{"rendered":"https:\/\/www.hedera-etc.com\/?post_type=product&#038;p=481"},"modified":"2026-04-29T11:25:20","modified_gmt":"2026-04-29T09:25:20","slug":"hedera-hibernica-big-shot","status":"publish","type":"product","link":"https:\/\/www.hedera-etc.com\/it\/product\/hedera-hibernica-big-shot\/","title":{"rendered":"<em>Hedera hibernica<\/em> &lsquo;Big Shot&rsquo; &#8211; Edera ornamentale"},"content":{"rendered":"<div data-elementor-type=\"product-post\" data-elementor-id=\"481\" class=\"elementor elementor-481\" data-elementor-post-type=\"product\">\n\t\t\t\t<div class=\"elementor-element elementor-element-421eee9d e-con-full e-flex e-con e-child\" data-id=\"421eee9d\" data-element_type=\"container\">\n\t\t\t\t<div class=\"elementor-element elementor-element-16c27452 elementor-widget elementor-widget-text-editor\" data-id=\"16c27452\" data-element_type=\"widget\" data-widget_type=\"text-editor.default\">\n\t\t\t\t<div class=\"elementor-widget-container\">\n\t\t\t\t\t\t\t\t\t<h2><span style=\"color: #f0ffed;\">Edera irlandese - Hedera hibernica \u2018Big Shot\u2019<\/span><\/h2>\t\t\t\t\t\t\t\t<\/div>\n\t\t\t\t<\/div>\n\t\t\t\t<\/div>\n\t\t<div class=\"elementor-element elementor-element-1065a93f e-flex e-con-boxed e-con e-parent\" data-id=\"1065a93f\" data-element_type=\"container\">\n\t\t\t\t\t<div class=\"e-con-inner\">\n\t\t<div class=\"elementor-element elementor-element-52325ae7 e-flex e-con-boxed e-con e-child\" data-id=\"52325ae7\" data-element_type=\"container\">\n\t\t\t\t\t<div class=\"e-con-inner\">\n\t\t\t\t<div class=\"elementor-element elementor-element-54315922 elementor-widget elementor-widget-heading\" data-id=\"54315922\" data-element_type=\"widget\" data-widget_type=\"heading.default\">\n\t\t\t\t<div class=\"elementor-widget-container\">\n\t\t\t\t\t<h2 class=\"elementor-heading-title elementor-size-default\">In breve<\/h2>\t\t\t\t<\/div>\n\t\t\t\t<\/div>\n\t\t\t\t<div class=\"elementor-element elementor-element-493132fd elementor-widget elementor-widget-text-editor\" data-id=\"493132fd\" data-element_type=\"widget\" data-widget_type=\"text-editor.default\">\n\t\t\t\t<div class=\"elementor-widget-container\">\n\t\t\t\t\t\t\t\t\t<p>Edera irlandese, <strong><em>Hedera hibernica <\/em>\u2018Colpo grosso\u2019<\/strong>, \u00e8 un'edera particolarmente vigorosa, paragonabile all'edera della Colchide.<\/p><p>La foglia \u00e8 a forma di cuore, ma pu\u00f2 anche essere ovale. Alcune presentano anche piccole zampe laterali asimmetriche, ma nella maggior parte dei casi la foglia \u00e8 priva di lobi, formando una coppa convessa. La lamina fogliare \u00e8 di colore verde scuro lucido. Diventa rossa al sole e pu\u00f2 diventare marrone in condizioni di freddo invernale.<\/p><p><span style=\"color: var( --e-global-color-text ); font-size: 18px; text-align: var(--text-align);\">Si tratta di un'edera potente e molto resistente, molto utile per coprire grandi aree con le sue foglie larghe e la sua crescita vigorosa.<\/span><\/p>\t\t\t\t\t\t\t\t<\/div>\n\t\t\t\t<\/div>\n\t\t\t\t<div class=\"elementor-element elementor-element-7b7a1d33 elementor-widget elementor-widget-heading\" data-id=\"7b7a1d33\" data-element_type=\"widget\" data-widget_type=\"heading.default\">\n\t\t\t\t<div class=\"elementor-widget-container\">\n\t\t\t\t\t<h2 class=\"elementor-heading-title elementor-size-default\">La storia<\/h2>\t\t\t\t<\/div>\n\t\t\t\t<\/div>\n\t\t\t\t<div class=\"elementor-element elementor-element-2883a81 elementor-widget elementor-widget-text-editor\" data-id=\"2883a81\" data-element_type=\"widget\" data-widget_type=\"text-editor.default\">\n\t\t\t\t<div class=\"elementor-widget-container\">\n\t\t\t\t\t\t\t\t\t<p>Questa cultivar \u00e8 di origine sconosciuta.<\/p>\t\t\t\t\t\t\t\t<\/div>\n\t\t\t\t<\/div>\n\t\t\t\t<div class=\"elementor-element elementor-element-1d6eee55 elementor-widget elementor-widget-heading\" data-id=\"1d6eee55\" data-element_type=\"widget\" data-widget_type=\"heading.default\">\n\t\t\t\t<div class=\"elementor-widget-container\">\n\t\t\t\t\t<h2 class=\"elementor-heading-title elementor-size-default\">Scheda dettagliata - Hedera hibernica 'Big Shot'<\/h2>\t\t\t\t<\/div>\n\t\t\t\t<\/div>\n\t\t\t\t<div class=\"elementor-element elementor-element-40676734 elementor-widget elementor-widget-text-editor\" data-id=\"40676734\" data-element_type=\"widget\" data-widget_type=\"text-editor.default\">\n\t\t\t\t<div class=\"elementor-widget-container\">\n\t\t\t\t\t\t\t\t\t<h3>Informazioni botaniche<\/h3>\n<ul>\n<li>Famiglia: Araliaceae<\/li>\n<li>Genere : <em><strong>Hedera<\/strong><\/em><\/li>\n<li>Specie : <em>ibernico<\/em><\/li>\n<li>Cultivar: \u2018Big Shot\u2019<\/li>\n<li>Classificazione Pierot: edera a forma di cuore<\/li>\n<li>Stadio fogliare: giovanile<\/li>\n<li>Origine della specie: Europa, sulla costa atlantica dal Portogallo alla Scozia.<\/li>\n<li>Origine della cultivar: sconosciuta<\/li>\n<\/ul>\n<h3>&nbsp;<\/h3>\n<h3>Descrizione di Hedera hibernica \u2018Big Shot\u2019<\/h3>\n<ul>\n<li>Porto : tarchiato<\/li>\n<li>Numero di lobi: di solito non lobati, talvolta a 3 lobi.<\/li>\n<li>Lunghezza delle foglie: 11 cm<\/li>\n<li>Larghezza del foglio: 8 cm<\/li>\n<li>Colore della foglia: verde scuro lucido<\/li>\n<li>Colore delle vene: verde<\/li>\n<li>Colore del fusto e del picciolo: viola verdastro<\/li>\n<li>Lunghezza del picciolo: da 1 a 2 cm.<\/li>\n<li>Rami: pochi rami<\/li>\n<li>Spessore del materasso: abbastanza spesso<\/li>\n<li>Peli: stellati, da 3 a 5 ramificazioni piuttosto piccole<\/li>\n<\/ul>\n<h3>&nbsp;<\/h3>\n<h3>Consigli per la messa a dimora, la coltivazione e la cura di Hedera hibernica \u2018Big Shot\u2019<\/h3>\n<ul>\n<li>Esposizione: ombra, ombra parziale, sole<\/li><li>Resistenza: -15\u00b0C<\/li>\n<li>Umidit\u00e0 del terreno: terreno fresco<\/li>\n<li>PH del terreno: neutro o calcareo<\/li>\n<li>Tipo di terreno: tutti<\/li>\n<li>Ricchezza del suolo: ordinario o ricco di humus<\/li>\n<li>Uso: copertura del terreno, rampicante<\/li>\n<li>Sviluppo: molto vigoroso, rapido<\/li>\n<li>Potatura: una volta all'anno<\/li>\n<li>Parassiti: molto rari (ragnetto, cocciniglia)<\/li>\n<li>Malattie: molto rare (macchie fogliari)<\/li>\n<\/ul>\t\t\t\t\t\t\t\t<\/div>\n\t\t\t\t<\/div>\n\t\t\t\t\t<\/div>\n\t\t\t\t<\/div>\n\t\t\t\t\t<\/div>\n\t\t\t\t<\/div>\n\t\t<div class=\"elementor-element elementor-element-576a1c6b e-flex e-con-boxed e-con e-parent\" data-id=\"576a1c6b\" data-element_type=\"container\">\n\t\t\t\t\t<div class=\"e-con-inner\">\n\t\t\t\t<div class=\"elementor-element elementor-element-2b8058d4 elementor-widget elementor-widget-image\" data-id=\"2b8058d4\" data-element_type=\"widget\" data-widget_type=\"image.default\">\n\t\t\t\t<div class=\"elementor-widget-container\">\n\t\t\t\t\t\t\t\t\t\t\t\t\t\t\t<img fetchpriority=\"high\" decoding=\"async\" width=\"1024\" height=\"146\" src=\"https:\/\/www.hedera-etc.com\/wp-content\/uploads\/2023\/10\/guirlande-1024x146.webp\" class=\"attachment-large size-large wp-image-116\" alt=\"La boutique du lierre - Ghirlanda di edera\" srcset=\"https:\/\/www.hedera-etc.com\/wp-content\/uploads\/2023\/10\/guirlande-1024x146.webp 1024w, https:\/\/www.hedera-etc.com\/wp-content\/uploads\/2023\/10\/guirlande-900x129.webp 900w, https:\/\/www.hedera-etc.com\/wp-content\/uploads\/2023\/10\/guirlande-300x43.webp 300w, https:\/\/www.hedera-etc.com\/wp-content\/uploads\/2023\/10\/guirlande-768x110.webp 768w, https:\/\/www.hedera-etc.com\/wp-content\/uploads\/2023\/10\/guirlande.webp 1126w\" sizes=\"(max-width: 1024px) 100vw, 1024px\" \/>\t\t\t\t\t\t\t\t\t\t\t\t\t\t\t<\/div>\n\t\t\t\t<\/div>\n\t\t\t\t<div class=\"elementor-element elementor-element-7b173c93 elementor-widget elementor-widget-text-editor\" data-id=\"7b173c93\" data-element_type=\"widget\" data-widget_type=\"text-editor.default\">\n\t\t\t\t<div class=\"elementor-widget-container\">\n\t\t\t\t\t\t\t\t\t<h3 style=\"text-align: center;\"><span style=\"color: #008000;\">L'edera nella letteratura<\/span><\/h3><blockquote><p style=\"text-align: center;\"><span style=\"color: #993366;\">\u201cIl vecchio muro, ricoperto di edera, sembrava allo stesso tempo vivo e pietrificato nel tempo.<\/span><span style=\"color: #993366;\">\u201d<\/span><\/p><\/blockquote><h5 style=\"text-align: right;\"><strong>Henry James<\/strong>, <em>Gli europei<\/em><\/h5>\t\t\t\t\t\t\t\t<\/div>\n\t\t\t\t<\/div>\n\t\t\t\t\t<\/div>\n\t\t\t\t<\/div>\n\t\t\t\t<\/div>","protected":false},"excerpt":{"rendered":"<p>Edera particolarmente vigorosa, paragonabile all'edera della Colchide.<\/p>\n<p>Foglia a forma di cuore, ma pu\u00f2 anche essere ovale, non lobata, formando una coppa convessa. La lamina \u00e8 verde scuro lucido, si arrossa al sole e diventa marrone in condizioni di freddo invernale.<\/p>\n<p>Un'edera potente e molto resistente, molto utile per coprire grandi aree con le sue foglie larghe e la sua crescita vigorosa.<\/p>","protected":false},"featured_media":489,"comment_status":"open","ping_status":"closed","template":"","meta":{"_acf_changed":false,"ocean_post_layout":"","ocean_both_sidebars_style":"","ocean_both_sidebars_content_width":0,"ocean_both_sidebars_sidebars_width":0,"ocean_sidebar":"0","ocean_second_sidebar":"0","ocean_disable_margins":"enable","ocean_add_body_class":"","ocean_shortcode_before_top_bar":"","ocean_shortcode_after_top_bar":"","ocean_shortcode_before_header":"","ocean_shortcode_after_header":"","ocean_has_shortcode":"","ocean_shortcode_after_title":"","ocean_shortcode_before_footer_widgets":"","ocean_shortcode_after_footer_widgets":"","ocean_shortcode_before_footer_bottom":"","ocean_shortcode_after_footer_bottom":"","ocean_display_top_bar":"default","ocean_display_header":"default","ocean_header_style":"","ocean_center_header_left_menu":"0","ocean_custom_header_template":"0","ocean_custom_logo":0,"ocean_custom_retina_logo":0,"ocean_custom_logo_max_width":0,"ocean_custom_logo_tablet_max_width":0,"ocean_custom_logo_mobile_max_width":0,"ocean_custom_logo_max_height":0,"ocean_custom_logo_tablet_max_height":0,"ocean_custom_logo_mobile_max_height":0,"ocean_header_custom_menu":"0","ocean_menu_typo_font_family":"0","ocean_menu_typo_font_subset":"","ocean_menu_typo_font_size":0,"ocean_menu_typo_font_size_tablet":0,"ocean_menu_typo_font_size_mobile":0,"ocean_menu_typo_font_size_unit":"px","ocean_menu_typo_font_weight":"","ocean_menu_typo_font_weight_tablet":"","ocean_menu_typo_font_weight_mobile":"","ocean_menu_typo_transform":"","ocean_menu_typo_transform_tablet":"","ocean_menu_typo_transform_mobile":"","ocean_menu_typo_line_height":0,"ocean_menu_typo_line_height_tablet":0,"ocean_menu_typo_line_height_mobile":0,"ocean_menu_typo_line_height_unit":"","ocean_menu_typo_spacing":0,"ocean_menu_typo_spacing_tablet":0,"ocean_menu_typo_spacing_mobile":0,"ocean_menu_typo_spacing_unit":"","ocean_menu_link_color":"","ocean_menu_link_color_hover":"","ocean_menu_link_color_active":"","ocean_menu_link_background":"","ocean_menu_link_hover_background":"","ocean_menu_link_active_background":"","ocean_menu_social_links_bg":"","ocean_menu_social_hover_links_bg":"","ocean_menu_social_links_color":"","ocean_menu_social_hover_links_color":"","ocean_disable_title":"default","ocean_disable_heading":"default","ocean_post_title":"","ocean_post_subheading":"","ocean_post_title_style":"","ocean_post_title_background_color":"","ocean_post_title_background":0,"ocean_post_title_bg_image_position":"","ocean_post_title_bg_image_attachment":"","ocean_post_title_bg_image_repeat":"","ocean_post_title_bg_image_size":"","ocean_post_title_height":0,"ocean_post_title_bg_overlay":0.5,"ocean_post_title_bg_overlay_color":"","ocean_disable_breadcrumbs":"default","ocean_breadcrumbs_color":"","ocean_breadcrumbs_separator_color":"","ocean_breadcrumbs_links_color":"","ocean_breadcrumbs_links_hover_color":"","ocean_display_footer_widgets":"default","ocean_display_footer_bottom":"default","ocean_custom_footer_template":"0"},"product_brand":[],"product_cat":[134],"product_tag":[],"class_list":{"0":"post-481","1":"product","2":"type-product","3":"status-publish","4":"has-post-thumbnail","6":"product_cat-lierre","8":"entry","9":"has-media","11":"first","12":"instock","13":"purchasable","14":"product-type-variable","15":"has-default-attributes","16":"has-product-nav","17":"col","18":"span_1_of_4","19":"owp-content-center","20":"item-entry","21":"owp-thumbs-layout-horizontal","22":"owp-btn-normal","23":"owp-tabs-layout-section"},"acf":[],"jetpack_sharing_enabled":true,"_links":{"self":[{"href":"https:\/\/www.hedera-etc.com\/it\/wp-json\/wp\/v2\/product\/481","targetHints":{"allow":["GET"]}}],"collection":[{"href":"https:\/\/www.hedera-etc.com\/it\/wp-json\/wp\/v2\/product"}],"about":[{"href":"https:\/\/www.hedera-etc.com\/it\/wp-json\/wp\/v2\/types\/product"}],"replies":[{"embeddable":true,"href":"https:\/\/www.hedera-etc.com\/it\/wp-json\/wp\/v2\/comments?post=481"}],"version-history":[{"count":6,"href":"https:\/\/www.hedera-etc.com\/it\/wp-json\/wp\/v2\/product\/481\/revisions"}],"predecessor-version":[{"id":15406,"href":"https:\/\/www.hedera-etc.com\/it\/wp-json\/wp\/v2\/product\/481\/revisions\/15406"}],"wp:featuredmedia":[{"embeddable":true,"href":"https:\/\/www.hedera-etc.com\/it\/wp-json\/wp\/v2\/media\/489"}],"wp:attachment":[{"href":"https:\/\/www.hedera-etc.com\/it\/wp-json\/wp\/v2\/media?parent=481"}],"wp:term":[{"taxonomy":"product_brand","embeddable":true,"href":"https:\/\/www.hedera-etc.com\/it\/wp-json\/wp\/v2\/product_brand?post=481"},{"taxonomy":"product_cat","embeddable":true,"href":"https:\/\/www.hedera-etc.com\/it\/wp-json\/wp\/v2\/product_cat?post=481"},{"taxonomy":"product_tag","embeddable":true,"href":"https:\/\/www.hedera-etc.com\/it\/wp-json\/wp\/v2\/product_tag?post=481"}],"curies":[{"name":"wp","href":"https:\/\/api.w.org\/{rel}","templated":true}]}}