{"id":791,"date":"2023-10-29T20:23:28","date_gmt":"2023-10-29T19:23:28","guid":{"rendered":"https:\/\/www.hedera-etc.com\/?post_type=product&#038;p=791"},"modified":"2026-04-28T07:09:29","modified_gmt":"2026-04-28T05:09:29","slug":"hedera-helix-hazel","status":"publish","type":"product","link":"https:\/\/www.hedera-etc.com\/it\/product\/hedera-helix-hazel\/","title":{"rendered":"<em>Hedera helix<\/em> &lsquo;Hazel&rsquo; &#8211; Edera ornamentale"},"content":{"rendered":"<div data-elementor-type=\"product-post\" data-elementor-id=\"791\" class=\"elementor elementor-791\" data-elementor-post-type=\"product\">\n\t\t\t\t<div class=\"elementor-element elementor-element-e0449a9 e-con-full e-flex e-con e-parent\" data-id=\"e0449a9\" data-element_type=\"container\">\n\t\t\t\t<div class=\"elementor-element elementor-element-e4dc39c elementor-widget elementor-widget-text-editor\" data-id=\"e4dc39c\" data-element_type=\"widget\" data-widget_type=\"text-editor.default\">\n\t\t\t\t<div class=\"elementor-widget-container\">\n\t\t\t\t\t\t\t\t\t<h2><span style=\"color: #f0ffed;\">Edera ornamentale - Hedera helix \u2018Hazel\u2019<\/span><\/h2>\t\t\t\t\t\t\t\t<\/div>\n\t\t\t\t<\/div>\n\t\t\t\t<\/div>\n\t\t<div class=\"elementor-element elementor-element-78621fee e-flex e-con-boxed e-con e-parent\" data-id=\"78621fee\" data-element_type=\"container\">\n\t\t\t\t\t<div class=\"e-con-inner\">\n\t\t<div class=\"elementor-element elementor-element-292e6cc1 e-flex e-con-boxed e-con e-child\" data-id=\"292e6cc1\" data-element_type=\"container\">\n\t\t\t\t\t<div class=\"e-con-inner\">\n\t\t\t\t<div class=\"elementor-element elementor-element-3bc50569 elementor-widget elementor-widget-heading\" data-id=\"3bc50569\" data-element_type=\"widget\" data-widget_type=\"heading.default\">\n\t\t\t\t<div class=\"elementor-widget-container\">\n\t\t\t\t\t<h2 class=\"elementor-heading-title elementor-size-default\">In breve<\/h2>\t\t\t\t<\/div>\n\t\t\t\t<\/div>\n\t\t\t\t<div class=\"elementor-element elementor-element-1c89cb16 elementor-widget elementor-widget-text-editor\" data-id=\"1c89cb16\" data-element_type=\"widget\" data-widget_type=\"text-editor.default\">\n\t\t\t\t<div class=\"elementor-widget-container\">\n\t\t\t\t\t\t\t\t\t<p>Edera ornamentale, <strong><em>Hedera helix<\/em> \u2018Nocciola\u2019<\/strong>, \u00e8 una variet\u00e0 compatta con foglie dal lobo centrale prominente.<\/p><p>La foglia \u00e8 generalmente composta da 3 lobi, poco profondi e poco pronunciati. La base delle foglie \u00e8 cordata o tronca. La lamina fogliare \u00e8 verde, verde scuro o grigia, con un bordo color crema che pu\u00f2 essere ampio su alcune foglie o stretto su altre.<\/p><p>\u00c8 un'ottima edera da appartamento, ma pu\u00f2 essere utilizzata anche all'esterno, ad esempio come copertura del terreno.<\/p><p>\u00a0<\/p>\t\t\t\t\t\t\t\t<\/div>\n\t\t\t\t<\/div>\n\t\t\t\t<div class=\"elementor-element elementor-element-17bf521 elementor-widget elementor-widget-heading\" data-id=\"17bf521\" data-element_type=\"widget\" data-widget_type=\"heading.default\">\n\t\t\t\t<div class=\"elementor-widget-container\">\n\t\t\t\t\t<h2 class=\"elementor-heading-title elementor-size-default\">La storia<\/h2>\t\t\t\t<\/div>\n\t\t\t\t<\/div>\n\t\t\t\t<div class=\"elementor-element elementor-element-58ac2193 elementor-widget elementor-widget-text-editor\" data-id=\"58ac2193\" data-element_type=\"widget\" data-widget_type=\"text-editor.default\">\n\t\t\t\t<div class=\"elementor-widget-container\">\n\t\t\t\t\t\t\t\t\t<p>Questa cultivar \u00e8 stata scoperta da Thomas Rochford &amp; Sons Ltd, Regno Unito, nel 1975. \u00c8 stata chiamata cos\u00ec in onore di Hazel Key di Fibrex Nursery. \u00c8 una mutazione di \u2018Adam\u2019.\u2019<\/p>\t\t\t\t\t\t\t\t<\/div>\n\t\t\t\t<\/div>\n\t\t\t\t<div class=\"elementor-element elementor-element-3dcea7de elementor-widget elementor-widget-heading\" data-id=\"3dcea7de\" data-element_type=\"widget\" data-widget_type=\"heading.default\">\n\t\t\t\t<div class=\"elementor-widget-container\">\n\t\t\t\t\t<h2 class=\"elementor-heading-title elementor-size-default\">Dettagli tecnici - Hedera helix 'Hazel'<\/h2>\t\t\t\t<\/div>\n\t\t\t\t<\/div>\n\t\t\t\t<div class=\"elementor-element elementor-element-175a36d6 elementor-widget elementor-widget-text-editor\" data-id=\"175a36d6\" data-element_type=\"widget\" data-widget_type=\"text-editor.default\">\n\t\t\t\t<div class=\"elementor-widget-container\">\n\t\t\t\t\t\t\t\t\t<h3>Informazioni botaniche<\/h3><ul><li>Famiglia: Araliaceae<\/li><li>Genere : <em><strong>Hedera<\/strong><\/em><\/li><li>Specie : <em>helix<\/em><\/li><li>Cultivar: \u2018Hazel\u2019<\/li><li>Classificazione Pierot: edera variegata<\/li><li>Stadio fogliare: giovanile<\/li><li>Origine della specie: Europa, dalla Spagna alla Norvegia, ma poco sulla costa atlantica.<\/li><li>Origine della cultivar: sport di \u2018Adam\u2019, scoperto\u00a0<span style=\"font-family: Roboto, sans-serif; font-size: 18px; font-style: normal; font-variant-ligatures: normal; font-variant-caps: normal; font-weight: 400; background-color: #f8f8f7;\">da Thomas Rochford &amp; Sons Ltd, Regno Unito, nel 1975.<\/span><\/li><\/ul><h3>\u00a0<\/h3><h3>Descrizione di Hedera helix \u2018Hazel\u2019<\/h3><ul><li>Portamento di crescita: compatto, diffuso<\/li><li>Numero di lobi: di solito 3 lobi<\/li><li>Lunghezza delle foglie: 3 cm<\/li><li>Larghezza del foglio: 4 cm<\/li><li>Colore delle foglie: diverse tonalit\u00e0 di verde circondate da un margine color crema di larghezza variabile.<\/li><li>Colore delle vene: crema<\/li><li>Colore del fusto e del picciolo: rossastro<\/li><li>Peli: stellati, da 3 a 5 ramificazioni<\/li><\/ul><h3>\u00a0<\/h3><h3>Consigli per la semina, la coltivazione e la cura di Hedera helix \u2018Hazel\u2019<\/h3><ul><li>Esposizione: sole, ombra parziale<\/li><li>Resistenza: -15\u00b0C<\/li><li>Umidit\u00e0 del terreno: terreno fresco<\/li><li>PH del terreno: neutro o calcareo<\/li><li>Tipo di terreno: tutti<\/li><li>Ricchezza del suolo: ordinario o ricco di humus<\/li><li>Usi: coprisuolo, pianta d'appartamento, cesti appesi, vasi, cassette per le finestre<\/li><li>Sviluppo: medio<\/li><li>Potatura: una volta all'anno<\/li><li>Parassiti: molto rari (ragnetto, cocciniglia)<\/li><li>Malattie: molto rare (macchie fogliari)<\/li><\/ul>\t\t\t\t\t\t\t\t<\/div>\n\t\t\t\t<\/div>\n\t\t\t\t\t<\/div>\n\t\t\t\t<\/div>\n\t\t\t\t\t<\/div>\n\t\t\t\t<\/div>\n\t\t<div class=\"elementor-element elementor-element-24eff038 e-flex e-con-boxed e-con e-parent\" data-id=\"24eff038\" data-element_type=\"container\">\n\t\t\t\t\t<div class=\"e-con-inner\">\n\t\t\t\t<div class=\"elementor-element elementor-element-51949564 elementor-widget elementor-widget-image\" data-id=\"51949564\" data-element_type=\"widget\" data-widget_type=\"image.default\">\n\t\t\t\t<div class=\"elementor-widget-container\">\n\t\t\t\t\t\t\t\t\t\t\t\t\t\t\t<img fetchpriority=\"high\" decoding=\"async\" width=\"1024\" height=\"146\" src=\"https:\/\/www.hedera-etc.com\/wp-content\/uploads\/2023\/10\/guirlande-1024x146.webp\" class=\"attachment-large size-large wp-image-116\" alt=\"La boutique du lierre - Ghirlanda di edera\" srcset=\"https:\/\/www.hedera-etc.com\/wp-content\/uploads\/2023\/10\/guirlande-1024x146.webp 1024w, https:\/\/www.hedera-etc.com\/wp-content\/uploads\/2023\/10\/guirlande-900x129.webp 900w, https:\/\/www.hedera-etc.com\/wp-content\/uploads\/2023\/10\/guirlande-300x43.webp 300w, https:\/\/www.hedera-etc.com\/wp-content\/uploads\/2023\/10\/guirlande-768x110.webp 768w, https:\/\/www.hedera-etc.com\/wp-content\/uploads\/2023\/10\/guirlande.webp 1126w\" sizes=\"(max-width: 1024px) 100vw, 1024px\" \/>\t\t\t\t\t\t\t\t\t\t\t\t\t\t\t<\/div>\n\t\t\t\t<\/div>\n\t\t\t\t<div class=\"elementor-element elementor-element-77880fbf elementor-widget elementor-widget-text-editor\" data-id=\"77880fbf\" data-element_type=\"widget\" data-widget_type=\"text-editor.default\">\n\t\t\t\t<div class=\"elementor-widget-container\">\n\t\t\t\t\t\t\t\t\t<h3 style=\"text-align: center;\"><span style=\"color: #008000;\">L'edera nella letteratura<\/span><\/h3><blockquote><p style=\"text-align: center;\"><span style=\"color: #993366;\">\u201cL'edera si arrampicava sulla facciata silenziosa, ricoprendo gradualmente la fredda pietra con un mantello di vita.<\/span><span style=\"color: #993366;\">\u201d<\/span><\/p><\/blockquote><h5 style=\"text-align: right;\"><strong>Charles Dickens<\/strong>, <em>La piccola Dorrit<\/em><\/h5>\t\t\t\t\t\t\t\t<\/div>\n\t\t\t\t<\/div>\n\t\t\t\t\t<\/div>\n\t\t\t\t<\/div>\n\t\t\t\t<\/div>","protected":false},"excerpt":{"rendered":"<p>Variet\u00e0 compatta con foglie dal lobo centrale prominente.<\/p>\n<p>Foglie generalmente composte da 3 lobi, poco profondi e poco pronunciati. Base delle foglie cordata o tronca. Lama verde, verde scuro e grigia, con un bordo color crema che a volte pu\u00f2 essere largo su alcune foglie o stretto su altre.<\/p>\n<p>\u00c8 un'ottima edera domestica, ma pu\u00f2 essere utilizzata anche all'esterno, ad esempio come copertura del terreno.<\/p>","protected":false},"featured_media":792,"comment_status":"open","ping_status":"closed","template":"","meta":{"_acf_changed":false,"ocean_post_layout":"","ocean_both_sidebars_style":"","ocean_both_sidebars_content_width":0,"ocean_both_sidebars_sidebars_width":0,"ocean_sidebar":"0","ocean_second_sidebar":"0","ocean_disable_margins":"enable","ocean_add_body_class":"","ocean_shortcode_before_top_bar":"","ocean_shortcode_after_top_bar":"","ocean_shortcode_before_header":"","ocean_shortcode_after_header":"","ocean_has_shortcode":"","ocean_shortcode_after_title":"","ocean_shortcode_before_footer_widgets":"","ocean_shortcode_after_footer_widgets":"","ocean_shortcode_before_footer_bottom":"","ocean_shortcode_after_footer_bottom":"","ocean_display_top_bar":"default","ocean_display_header":"default","ocean_header_style":"","ocean_center_header_left_menu":"0","ocean_custom_header_template":"0","ocean_custom_logo":0,"ocean_custom_retina_logo":0,"ocean_custom_logo_max_width":0,"ocean_custom_logo_tablet_max_width":0,"ocean_custom_logo_mobile_max_width":0,"ocean_custom_logo_max_height":0,"ocean_custom_logo_tablet_max_height":0,"ocean_custom_logo_mobile_max_height":0,"ocean_header_custom_menu":"0","ocean_menu_typo_font_family":"0","ocean_menu_typo_font_subset":"","ocean_menu_typo_font_size":0,"ocean_menu_typo_font_size_tablet":0,"ocean_menu_typo_font_size_mobile":0,"ocean_menu_typo_font_size_unit":"px","ocean_menu_typo_font_weight":"","ocean_menu_typo_font_weight_tablet":"","ocean_menu_typo_font_weight_mobile":"","ocean_menu_typo_transform":"","ocean_menu_typo_transform_tablet":"","ocean_menu_typo_transform_mobile":"","ocean_menu_typo_line_height":0,"ocean_menu_typo_line_height_tablet":0,"ocean_menu_typo_line_height_mobile":0,"ocean_menu_typo_line_height_unit":"","ocean_menu_typo_spacing":0,"ocean_menu_typo_spacing_tablet":0,"ocean_menu_typo_spacing_mobile":0,"ocean_menu_typo_spacing_unit":"","ocean_menu_link_color":"","ocean_menu_link_color_hover":"","ocean_menu_link_color_active":"","ocean_menu_link_background":"","ocean_menu_link_hover_background":"","ocean_menu_link_active_background":"","ocean_menu_social_links_bg":"","ocean_menu_social_hover_links_bg":"","ocean_menu_social_links_color":"","ocean_menu_social_hover_links_color":"","ocean_disable_title":"default","ocean_disable_heading":"default","ocean_post_title":"","ocean_post_subheading":"","ocean_post_title_style":"","ocean_post_title_background_color":"","ocean_post_title_background":0,"ocean_post_title_bg_image_position":"","ocean_post_title_bg_image_attachment":"","ocean_post_title_bg_image_repeat":"","ocean_post_title_bg_image_size":"","ocean_post_title_height":0,"ocean_post_title_bg_overlay":0.5,"ocean_post_title_bg_overlay_color":"","ocean_disable_breadcrumbs":"default","ocean_breadcrumbs_color":"","ocean_breadcrumbs_separator_color":"","ocean_breadcrumbs_links_color":"","ocean_breadcrumbs_links_hover_color":"","ocean_display_footer_widgets":"default","ocean_display_footer_bottom":"default","ocean_custom_footer_template":"0"},"product_brand":[],"product_cat":[134],"product_tag":[],"class_list":{"0":"post-791","1":"product","2":"type-product","3":"status-publish","4":"has-post-thumbnail","6":"product_cat-lierre","8":"entry","9":"has-media","11":"first","12":"instock","13":"purchasable","14":"product-type-variable","15":"has-default-attributes","16":"has-product-nav","17":"col","18":"span_1_of_4","19":"owp-content-center","20":"item-entry","21":"owp-thumbs-layout-horizontal","22":"owp-btn-normal","23":"owp-tabs-layout-section"},"acf":[],"jetpack_sharing_enabled":true,"_links":{"self":[{"href":"https:\/\/www.hedera-etc.com\/it\/wp-json\/wp\/v2\/product\/791","targetHints":{"allow":["GET"]}}],"collection":[{"href":"https:\/\/www.hedera-etc.com\/it\/wp-json\/wp\/v2\/product"}],"about":[{"href":"https:\/\/www.hedera-etc.com\/it\/wp-json\/wp\/v2\/types\/product"}],"replies":[{"embeddable":true,"href":"https:\/\/www.hedera-etc.com\/it\/wp-json\/wp\/v2\/comments?post=791"}],"version-history":[{"count":5,"href":"https:\/\/www.hedera-etc.com\/it\/wp-json\/wp\/v2\/product\/791\/revisions"}],"predecessor-version":[{"id":15734,"href":"https:\/\/www.hedera-etc.com\/it\/wp-json\/wp\/v2\/product\/791\/revisions\/15734"}],"wp:featuredmedia":[{"embeddable":true,"href":"https:\/\/www.hedera-etc.com\/it\/wp-json\/wp\/v2\/media\/792"}],"wp:attachment":[{"href":"https:\/\/www.hedera-etc.com\/it\/wp-json\/wp\/v2\/media?parent=791"}],"wp:term":[{"taxonomy":"product_brand","embeddable":true,"href":"https:\/\/www.hedera-etc.com\/it\/wp-json\/wp\/v2\/product_brand?post=791"},{"taxonomy":"product_cat","embeddable":true,"href":"https:\/\/www.hedera-etc.com\/it\/wp-json\/wp\/v2\/product_cat?post=791"},{"taxonomy":"product_tag","embeddable":true,"href":"https:\/\/www.hedera-etc.com\/it\/wp-json\/wp\/v2\/product_tag?post=791"}],"curies":[{"name":"wp","href":"https:\/\/api.w.org\/{rel}","templated":true}]}}