{"id":806,"date":"2023-10-29T20:53:49","date_gmt":"2023-10-29T19:53:49","guid":{"rendered":"https:\/\/www.hedera-etc.com\/?post_type=product&#038;p=806"},"modified":"2026-04-29T07:09:34","modified_gmt":"2026-04-29T05:09:34","slug":"hedera-helix-helvetica","status":"publish","type":"product","link":"https:\/\/www.hedera-etc.com\/it\/product\/hedera-helix-helvetica\/","title":{"rendered":"<em>Hedera helix<\/em> &lsquo;Helvetica&rsquo; &#8211; Edera ornamentale"},"content":{"rendered":"<div data-elementor-type=\"product-post\" data-elementor-id=\"806\" class=\"elementor elementor-806\" data-elementor-post-type=\"product\">\n\t\t\t\t<div class=\"elementor-element elementor-element-1dd35a22 e-con-full e-flex e-con e-child\" data-id=\"1dd35a22\" data-element_type=\"container\">\n\t\t\t\t<div class=\"elementor-element elementor-element-2624dacd elementor-widget elementor-widget-text-editor\" data-id=\"2624dacd\" data-element_type=\"widget\" data-widget_type=\"text-editor.default\">\n\t\t\t\t<div class=\"elementor-widget-container\">\n\t\t\t\t\t\t\t\t\t<h2><span style=\"color: #f0ffed;\">L'edera ornamentale\u00a0 &#8211; Hedera helix &lsquo;Helvetica&rsquo;<\/span><\/h2>\t\t\t\t\t\t\t\t<\/div>\n\t\t\t\t<\/div>\n\t\t\t\t<\/div>\n\t\t<div class=\"elementor-element elementor-element-18e8a577 e-flex e-con-boxed e-con e-parent\" data-id=\"18e8a577\" data-element_type=\"container\">\n\t\t\t\t\t<div class=\"e-con-inner\">\n\t\t<div class=\"elementor-element elementor-element-3122f8d8 e-flex e-con-boxed e-con e-child\" data-id=\"3122f8d8\" data-element_type=\"container\">\n\t\t\t\t\t<div class=\"e-con-inner\">\n\t\t\t\t<div class=\"elementor-element elementor-element-b4b640f elementor-widget elementor-widget-heading\" data-id=\"b4b640f\" data-element_type=\"widget\" data-widget_type=\"heading.default\">\n\t\t\t\t<div class=\"elementor-widget-container\">\n\t\t\t\t\t<h2 class=\"elementor-heading-title elementor-size-default\">In breve<\/h2>\t\t\t\t<\/div>\n\t\t\t\t<\/div>\n\t\t\t\t<div class=\"elementor-element elementor-element-199b17a3 elementor-widget elementor-widget-text-editor\" data-id=\"199b17a3\" data-element_type=\"widget\" data-widget_type=\"text-editor.default\">\n\t\t\t\t<div class=\"elementor-widget-container\">\n\t\t\t\t\t\t\t\t\t<p>Edera ornamentale, <strong><em>Hedera helix<\/em> &lsquo;Helvetica&rsquo;<\/strong>, \u00e8 un rampicante resistente, vigoroso e ramificato.<\/p><p>La forma triangolare della foglia \u00e8 pi\u00f9 o meno simile a una freccia. \u00c8 composta da 3-5 lobi poco profondi. I lobi alla base a volte si sovrappongono leggermente. La base della foglia \u00e8\u00a0<span style=\"font-family: Roboto, sans-serif; font-size: 18px; font-style: normal; font-variant-ligatures: normal; font-variant-caps: normal; font-weight: 400; color: var( --e-global-color-text ); text-align: var(--text-align);\">profondamente curvo e<\/span><span style=\"font-size: 18px; color: var( --e-global-color-text ); text-align: var(--text-align);\">\u00a0cordiforme.\u00a0<\/span><\/p><p><span style=\"font-size: 18px; color: var( --e-global-color-text ); text-align: var(--text-align);\">La lamina fogliare \u00e8 verde scuro. I germogli e i piccioli sono di colore verde violaceo. Con il freddo la foglia pu\u00f2 diventare rossa con macchie marroni.\u00a0<\/span><span style=\"font-family: Roboto, sans-serif; font-size: 18px; font-style: normal; font-variant-ligatures: normal; font-variant-caps: normal; font-weight: 400; color: var( --e-global-color-text ); text-align: var(--text-align);\">Le venature vanno dal verde chiaro all'argento chiaro, con le venature principali, che sono in rilievo, che hanno una leggera sfumatura rosso vino.<\/span><\/p><p>Quest'edera \u00e8 ideale per siepi e grandi superfici.<\/p>\t\t\t\t\t\t\t\t<\/div>\n\t\t\t\t<\/div>\n\t\t\t\t<div class=\"elementor-element elementor-element-59929307 elementor-widget elementor-widget-heading\" data-id=\"59929307\" data-element_type=\"widget\" data-widget_type=\"heading.default\">\n\t\t\t\t<div class=\"elementor-widget-container\">\n\t\t\t\t\t<h2 class=\"elementor-heading-title elementor-size-default\">La storia<\/h2>\t\t\t\t<\/div>\n\t\t\t\t<\/div>\n\t\t\t\t<div class=\"elementor-element elementor-element-6171048e elementor-widget elementor-widget-text-editor\" data-id=\"6171048e\" data-element_type=\"widget\" data-widget_type=\"text-editor.default\">\n\t\t\t\t<div class=\"elementor-widget-container\">\n\t\t\t\t\t\t\t\t\t<p>Questa cultivar, come suggerisce il nome, proviene dalla Svizzera. \u00c8 stata introdotta negli Stati Uniti dalla famiglia Agassiz e piantata nella tenuta Leyland nel Massachusetts.<\/p>\t\t\t\t\t\t\t\t<\/div>\n\t\t\t\t<\/div>\n\t\t\t\t<div class=\"elementor-element elementor-element-154089ff elementor-widget elementor-widget-heading\" data-id=\"154089ff\" data-element_type=\"widget\" data-widget_type=\"heading.default\">\n\t\t\t\t<div class=\"elementor-widget-container\">\n\t\t\t\t\t<h2 class=\"elementor-heading-title elementor-size-default\">Scheda tecnica - Hedera helix 'Helvetica'<\/h2>\t\t\t\t<\/div>\n\t\t\t\t<\/div>\n\t\t\t\t<div class=\"elementor-element elementor-element-71813a12 elementor-widget elementor-widget-text-editor\" data-id=\"71813a12\" data-element_type=\"widget\" data-widget_type=\"text-editor.default\">\n\t\t\t\t<div class=\"elementor-widget-container\">\n\t\t\t\t\t\t\t\t\t<h3>Informazioni botaniche<\/h3>\n<ul>\n<li>Famiglia: Araliaceae<\/li>\n<li>Genere : <em><strong>Hedera<\/strong><\/em><\/li>\n<li>Specie : <em>helix<\/em><\/li>\n<li>Coltivare : &lsquo;Helvetica&rsquo;<\/li>\n<li>Classificazione Pierot: edera a forma di cuore<\/li>\n<li>Stadio fogliare: giovanile<\/li>\n<li>Origine della specie: Europa, dalla Spagna alla Norvegia, ma poco sulla costa atlantica.<\/li>\n<li>Origine della cultivar: variet\u00e0 originaria della Svizzera e introdotta negli Stati Uniti negli anni Trenta.<\/li>\n<\/ul>\n<h3>&nbsp;<\/h3>\n<h3>Descrizione di Hedera helix &lsquo;Helvetica&rsquo;<\/h3>\n<ul>\n<li>Portamento di crescita: si allarga<\/li>\n<li>Numero di lobi: da 3 a 5 lobi in generale<\/li>\n<li>Lunghezza delle foglie: 5 cm<\/li>\n<li>Larghezza del foglio: 6 cm<\/li>\n<li>Colore della foglia: verde scuro<\/li>\n<li>Colore delle vene: argento chiaro<\/li>\n<li>Colore del fusto e del picciolo: verde-violaceo.<\/li>\n<li>Rami: ben ramificati<\/li>\n<li>Peli: stellati, da 3 a 5 ramificazioni<\/li>\n<\/ul>\n<h3>&nbsp;<\/h3>\n<h3>Consigli per la piantagione, la coltivazione e la cura di Hedera helix &lsquo;Helvetica&rsquo;<\/h3>\n<ul>\n<li>Esposizione: ombra, ombra parziale, sole<\/li>\n<li>Resistenza: -19\u00b0C<\/li>\n<li>Umidit\u00e0 del terreno: terreno fresco<\/li>\n<li>PH del terreno: neutro o calcareo<\/li>\n<li>Tipo di terreno: tutti<\/li>\n<li>Ricchezza del suolo: ordinario o ricco di humus<\/li>\n<li>Uso: coprisuolo, rampicante, cesti appesi, vasi, cassette per finestre<\/li>\n<li>Sviluppo: rapido<\/li>\n<li>Potatura: una volta all'anno<\/li>\n<li>Parassiti: molto rari (ragnetto, cocciniglia)<\/li>\n<li>Malattie: molto rare (macchie fogliari)<\/li>\n<\/ul>\t\t\t\t\t\t\t\t<\/div>\n\t\t\t\t<\/div>\n\t\t\t\t\t<\/div>\n\t\t\t\t<\/div>\n\t\t\t\t\t<\/div>\n\t\t\t\t<\/div>\n\t\t<div class=\"elementor-element elementor-element-4c88cd7a e-flex e-con-boxed e-con e-parent\" data-id=\"4c88cd7a\" data-element_type=\"container\">\n\t\t\t\t\t<div class=\"e-con-inner\">\n\t\t\t\t<div class=\"elementor-element elementor-element-436dd36f elementor-widget elementor-widget-image\" data-id=\"436dd36f\" data-element_type=\"widget\" data-widget_type=\"image.default\">\n\t\t\t\t<div class=\"elementor-widget-container\">\n\t\t\t\t\t\t\t\t\t\t\t\t\t\t\t<img fetchpriority=\"high\" decoding=\"async\" width=\"1024\" height=\"146\" src=\"https:\/\/www.hedera-etc.com\/wp-content\/uploads\/2023\/10\/guirlande-1024x146.webp\" class=\"attachment-large size-large wp-image-116\" alt=\"La boutique du lierre - Ghirlanda di edera\" srcset=\"https:\/\/www.hedera-etc.com\/wp-content\/uploads\/2023\/10\/guirlande-1024x146.webp 1024w, https:\/\/www.hedera-etc.com\/wp-content\/uploads\/2023\/10\/guirlande-900x129.webp 900w, https:\/\/www.hedera-etc.com\/wp-content\/uploads\/2023\/10\/guirlande-300x43.webp 300w, https:\/\/www.hedera-etc.com\/wp-content\/uploads\/2023\/10\/guirlande-768x110.webp 768w, https:\/\/www.hedera-etc.com\/wp-content\/uploads\/2023\/10\/guirlande.webp 1126w\" sizes=\"(max-width: 1024px) 100vw, 1024px\" \/>\t\t\t\t\t\t\t\t\t\t\t\t\t\t\t<\/div>\n\t\t\t\t<\/div>\n\t\t\t\t<div class=\"elementor-element elementor-element-4f0fe22c elementor-widget elementor-widget-text-editor\" data-id=\"4f0fe22c\" data-element_type=\"widget\" data-widget_type=\"text-editor.default\">\n\t\t\t\t<div class=\"elementor-widget-container\">\n\t\t\t\t\t\t\t\t\t<h3 style=\"text-align: center;\"><span style=\"color: #008000;\">L'edera nella letteratura<\/span><\/h3><blockquote><p style=\"text-align: center;\"><span style=\"color: #993366;\">\u201cLe foglie dell'edera frusciavano dolcemente, raccontando leggende che solo le antiche mura potevano udire.<\/span><span style=\"color: #993366;\">\u201d<\/span><\/p><\/blockquote><h5 style=\"text-align: right;\"><strong>Nathaniel Hawthorne<\/strong>, <em>Racconti raccontati due volte<\/em><\/h5>\t\t\t\t\t\t\t\t<\/div>\n\t\t\t\t<\/div>\n\t\t\t\t\t<\/div>\n\t\t\t\t<\/div>\n\t\t\t\t<\/div>","protected":false},"excerpt":{"rendered":"<p>Rampicante vigoroso, ramificato e resistente.<br \/>\nI germogli e i piccioli sono di colore verde-viola e la foglia a forma di freccia ha tre lobi triangolari e misura 12 x 8 cm a maturit\u00e0.<br \/>\nLa base della foglia \u00e8 profondamente arcuata e di colore verde scuro, che diventa rosso con macchie marroni con il freddo.<br \/>\nLe venature sono di colore verde chiaro o argenteo chiaro, con le principali venature in rilievo che presentano una leggera sfumatura rosso vino.<br \/>\nIdeale per siepi e grandi aree.<\/p>","protected":false},"featured_media":807,"comment_status":"open","ping_status":"closed","template":"","meta":{"_acf_changed":false,"ocean_post_layout":"","ocean_both_sidebars_style":"","ocean_both_sidebars_content_width":0,"ocean_both_sidebars_sidebars_width":0,"ocean_sidebar":"0","ocean_second_sidebar":"0","ocean_disable_margins":"enable","ocean_add_body_class":"","ocean_shortcode_before_top_bar":"","ocean_shortcode_after_top_bar":"","ocean_shortcode_before_header":"","ocean_shortcode_after_header":"","ocean_has_shortcode":"","ocean_shortcode_after_title":"","ocean_shortcode_before_footer_widgets":"","ocean_shortcode_after_footer_widgets":"","ocean_shortcode_before_footer_bottom":"","ocean_shortcode_after_footer_bottom":"","ocean_display_top_bar":"default","ocean_display_header":"default","ocean_header_style":"","ocean_center_header_left_menu":"0","ocean_custom_header_template":"0","ocean_custom_logo":0,"ocean_custom_retina_logo":0,"ocean_custom_logo_max_width":0,"ocean_custom_logo_tablet_max_width":0,"ocean_custom_logo_mobile_max_width":0,"ocean_custom_logo_max_height":0,"ocean_custom_logo_tablet_max_height":0,"ocean_custom_logo_mobile_max_height":0,"ocean_header_custom_menu":"0","ocean_menu_typo_font_family":"0","ocean_menu_typo_font_subset":"","ocean_menu_typo_font_size":0,"ocean_menu_typo_font_size_tablet":0,"ocean_menu_typo_font_size_mobile":0,"ocean_menu_typo_font_size_unit":"px","ocean_menu_typo_font_weight":"","ocean_menu_typo_font_weight_tablet":"","ocean_menu_typo_font_weight_mobile":"","ocean_menu_typo_transform":"","ocean_menu_typo_transform_tablet":"","ocean_menu_typo_transform_mobile":"","ocean_menu_typo_line_height":0,"ocean_menu_typo_line_height_tablet":0,"ocean_menu_typo_line_height_mobile":0,"ocean_menu_typo_line_height_unit":"","ocean_menu_typo_spacing":0,"ocean_menu_typo_spacing_tablet":0,"ocean_menu_typo_spacing_mobile":0,"ocean_menu_typo_spacing_unit":"","ocean_menu_link_color":"","ocean_menu_link_color_hover":"","ocean_menu_link_color_active":"","ocean_menu_link_background":"","ocean_menu_link_hover_background":"","ocean_menu_link_active_background":"","ocean_menu_social_links_bg":"","ocean_menu_social_hover_links_bg":"","ocean_menu_social_links_color":"","ocean_menu_social_hover_links_color":"","ocean_disable_title":"default","ocean_disable_heading":"default","ocean_post_title":"","ocean_post_subheading":"","ocean_post_title_style":"","ocean_post_title_background_color":"","ocean_post_title_background":0,"ocean_post_title_bg_image_position":"","ocean_post_title_bg_image_attachment":"","ocean_post_title_bg_image_repeat":"","ocean_post_title_bg_image_size":"","ocean_post_title_height":0,"ocean_post_title_bg_overlay":0.5,"ocean_post_title_bg_overlay_color":"","ocean_disable_breadcrumbs":"default","ocean_breadcrumbs_color":"","ocean_breadcrumbs_separator_color":"","ocean_breadcrumbs_links_color":"","ocean_breadcrumbs_links_hover_color":"","ocean_display_footer_widgets":"default","ocean_display_footer_bottom":"default","ocean_custom_footer_template":"0"},"product_brand":[],"product_cat":[134],"product_tag":[],"class_list":{"0":"post-806","1":"product","2":"type-product","3":"status-publish","4":"has-post-thumbnail","6":"product_cat-lierre","8":"entry","9":"has-media","11":"first","12":"instock","13":"purchasable","14":"product-type-variable","15":"has-default-attributes","16":"has-product-nav","17":"col","18":"span_1_of_4","19":"owp-content-center","20":"item-entry","21":"owp-thumbs-layout-horizontal","22":"owp-btn-normal","23":"owp-tabs-layout-section"},"acf":[],"jetpack_sharing_enabled":true,"_links":{"self":[{"href":"https:\/\/www.hedera-etc.com\/it\/wp-json\/wp\/v2\/product\/806","targetHints":{"allow":["GET"]}}],"collection":[{"href":"https:\/\/www.hedera-etc.com\/it\/wp-json\/wp\/v2\/product"}],"about":[{"href":"https:\/\/www.hedera-etc.com\/it\/wp-json\/wp\/v2\/types\/product"}],"replies":[{"embeddable":true,"href":"https:\/\/www.hedera-etc.com\/it\/wp-json\/wp\/v2\/comments?post=806"}],"version-history":[{"count":3,"href":"https:\/\/www.hedera-etc.com\/it\/wp-json\/wp\/v2\/product\/806\/revisions"}],"predecessor-version":[{"id":15200,"href":"https:\/\/www.hedera-etc.com\/it\/wp-json\/wp\/v2\/product\/806\/revisions\/15200"}],"wp:featuredmedia":[{"embeddable":true,"href":"https:\/\/www.hedera-etc.com\/it\/wp-json\/wp\/v2\/media\/807"}],"wp:attachment":[{"href":"https:\/\/www.hedera-etc.com\/it\/wp-json\/wp\/v2\/media?parent=806"}],"wp:term":[{"taxonomy":"product_brand","embeddable":true,"href":"https:\/\/www.hedera-etc.com\/it\/wp-json\/wp\/v2\/product_brand?post=806"},{"taxonomy":"product_cat","embeddable":true,"href":"https:\/\/www.hedera-etc.com\/it\/wp-json\/wp\/v2\/product_cat?post=806"},{"taxonomy":"product_tag","embeddable":true,"href":"https:\/\/www.hedera-etc.com\/it\/wp-json\/wp\/v2\/product_tag?post=806"}],"curies":[{"name":"wp","href":"https:\/\/api.w.org\/{rel}","templated":true}]}}