{"id":813,"date":"2023-10-29T21:03:05","date_gmt":"2023-10-29T20:03:05","guid":{"rendered":"https:\/\/www.hedera-etc.com\/?post_type=product&#038;p=813"},"modified":"2026-04-29T07:09:34","modified_gmt":"2026-04-29T05:09:34","slug":"hedera-helix-heron","status":"publish","type":"product","link":"https:\/\/www.hedera-etc.com\/it\/product\/hedera-helix-heron\/","title":{"rendered":"<em>Hedera helix<\/em> &lsquo;Heron&rsquo; &#8211; Edera ornamentale"},"content":{"rendered":"<div data-elementor-type=\"product-post\" data-elementor-id=\"813\" class=\"elementor elementor-813\" data-elementor-post-type=\"product\">\n\t\t\t\t<div class=\"elementor-element elementor-element-66e82027 e-con-full e-flex e-con e-child\" data-id=\"66e82027\" data-element_type=\"container\">\n\t\t\t\t<div class=\"elementor-element elementor-element-2a869c2f elementor-widget elementor-widget-text-editor\" data-id=\"2a869c2f\" data-element_type=\"widget\" data-widget_type=\"text-editor.default\">\n\t\t\t\t<div class=\"elementor-widget-container\">\n\t\t\t\t\t\t\t\t\t<h2><span style=\"color: #f0ffed;\">L'edera ornamentale\u00a0 &#8211; Hedera helix &lsquo;Heron&rsquo;<\/span><\/h2>\t\t\t\t\t\t\t\t<\/div>\n\t\t\t\t<\/div>\n\t\t\t\t<\/div>\n\t\t<div class=\"elementor-element elementor-element-f2ccc2e e-flex e-con-boxed e-con e-parent\" data-id=\"f2ccc2e\" data-element_type=\"container\">\n\t\t\t\t\t<div class=\"e-con-inner\">\n\t\t<div class=\"elementor-element elementor-element-483ba09c e-flex e-con-boxed e-con e-child\" data-id=\"483ba09c\" data-element_type=\"container\">\n\t\t\t\t\t<div class=\"e-con-inner\">\n\t\t\t\t<div class=\"elementor-element elementor-element-568a8d90 elementor-widget elementor-widget-heading\" data-id=\"568a8d90\" data-element_type=\"widget\" data-widget_type=\"heading.default\">\n\t\t\t\t<div class=\"elementor-widget-container\">\n\t\t\t\t\t<h2 class=\"elementor-heading-title elementor-size-default\">In breve<\/h2>\t\t\t\t<\/div>\n\t\t\t\t<\/div>\n\t\t\t\t<div class=\"elementor-element elementor-element-35cb2e12 elementor-widget elementor-widget-text-editor\" data-id=\"35cb2e12\" data-element_type=\"widget\" data-widget_type=\"text-editor.default\">\n\t\t\t\t<div class=\"elementor-widget-container\">\n\t\t\t\t\t\t\t\t\t<p>Edera ornamentale, <strong><em>Hedera helix<\/em> &lsquo;Heron&rsquo;<\/strong>, \u00c8 davvero atipica, con le sue piccole foglie disposte come un filo spinato.<\/p><p>La lamina fogliare presenta 5 lobi molto stretti, con il lobo centrale lungo il doppio di quelli laterali. La lamina fogliare \u00e8 di colore verde scuro con venature verde chiaro. La forma a zampa d'uccello pu\u00f2 scomparire nelle foglie pi\u00f9 vecchie, poich\u00e9 i lobi diventano meno profondi.<\/p><p>\u00c8 un'edera molto elegante su un tronco d'albero o su un muro, poich\u00e9 rivela la struttura del suo supporto. \u00c8 un rampicante vigoroso con pochi rami e pochissime foglie. Un'edera di design, se mai ce n'\u00e8 stata una!<\/p>\t\t\t\t\t\t\t\t<\/div>\n\t\t\t\t<\/div>\n\t\t\t\t<div class=\"elementor-element elementor-element-27add6c2 elementor-widget elementor-widget-heading\" data-id=\"27add6c2\" data-element_type=\"widget\" data-widget_type=\"heading.default\">\n\t\t\t\t<div class=\"elementor-widget-container\">\n\t\t\t\t\t<h2 class=\"elementor-heading-title elementor-size-default\">La storia<\/h2>\t\t\t\t<\/div>\n\t\t\t\t<\/div>\n\t\t\t\t<div class=\"elementor-element elementor-element-66c9a004 elementor-widget elementor-widget-text-editor\" data-id=\"66c9a004\" data-element_type=\"widget\" data-widget_type=\"text-editor.default\">\n\t\t\t\t<div class=\"elementor-widget-container\">\n\t\t\t\t\t\t\t\t\t<p>Ce cultivar fut d\u00e9couvert par G. Jackman &amp; Sons, Woking, Surrey, Royaume-Uni dans les ann\u00e9es 1950. C&rsquo;est une mutazione de &lsquo;Pedata&rsquo;.<\/p>\t\t\t\t\t\t\t\t<\/div>\n\t\t\t\t<\/div>\n\t\t\t\t<div class=\"elementor-element elementor-element-48d0ead3 elementor-widget elementor-widget-heading\" data-id=\"48d0ead3\" data-element_type=\"widget\" data-widget_type=\"heading.default\">\n\t\t\t\t<div class=\"elementor-widget-container\">\n\t\t\t\t\t<h2 class=\"elementor-heading-title elementor-size-default\">Scheda tecnica - Hedera helix 'Heron'<\/h2>\t\t\t\t<\/div>\n\t\t\t\t<\/div>\n\t\t\t\t<div class=\"elementor-element elementor-element-1f12f471 elementor-widget elementor-widget-text-editor\" data-id=\"1f12f471\" data-element_type=\"widget\" data-widget_type=\"text-editor.default\">\n\t\t\t\t<div class=\"elementor-widget-container\">\n\t\t\t\t\t\t\t\t\t<h3>Informazioni botaniche<\/h3>\n<ul>\n<li>Famiglia: Araliaceae<\/li>\n<li>Genere : <em><strong>Hedera<\/strong><\/em><\/li>\n<li>Specie : <em>helix<\/em><\/li>\n<li>Coltivare : &lsquo;Heron&rsquo;<\/li>\n<li>Classificazione Pierot: edera con foglie a forma di zampa d'uccello<\/li>\n<li>Stadio fogliare: giovanile<\/li>\n<li>Origine della specie: Europa, dalla Spagna alla Norvegia, ma poco sulla costa atlantica.<\/li>\n<li>Origine della cultivar: mutazione di &lsquo;Pedata&rsquo;,&nbsp;<span style=\"font-family: Roboto, sans-serif; font-size: 18px; font-style: normal; font-variant-ligatures: normal; font-variant-caps: normal; font-weight: 400; background-color: #f8f8f7;\">scoperto da G. Jackman &amp; Sons, Woking, Surrey, Regno Unito negli anni '50.<\/span><\/li>\n<\/ul>\n<h3>&nbsp;<\/h3>\n<h3>Descrizione di Hedera helix &lsquo;Heron&rsquo;<\/h3>\n<ul>\n<li>Portamento di crescita: si allarga<\/li>\n<li>Numero di lobi: di solito 5 lobi<\/li>\n<li>Lunghezza delle foglie: 5 cm<\/li>\n<li>Larghezza del foglio: 4 cm<\/li>\n<li>Colore della foglia: verde scuro<\/li>\n<li>Colore delle vene: verde chiaro<\/li>\n<li>Colore del fusto e del picciolo: verde-violaceo.<\/li>\n<li>Rami: pochi rami<\/li>\n<li>Peli: stellati, da 3 a 5 ramificazioni<\/li>\n<\/ul>\n<h3>&nbsp;<\/h3>\n<h3>Consigli per la piantagione, la coltivazione e la cura di Hedera helix &lsquo;Heron&rsquo;<\/h3>\n<ul>\n<li>Esposizione: ombra, ombra parziale, sole<\/li>\n<li>Resistenza: -19\u00b0C<\/li>\n<li>Umidit\u00e0 del terreno: terreno fresco<\/li>\n<li>PH del terreno: neutro o calcareo<\/li>\n<li>Tipo di terreno: tutti<\/li>\n<li>Ricchezza del suolo: ordinario o ricco di humus<\/li>\n<li>Utilizzo: rampicante, vaso, cassetta per finestre<\/li>\n<li>Sviluppo: rapido<\/li>\n<li>Potatura: una volta all'anno<\/li>\n<li>Parassiti: molto rari (ragnetto, cocciniglia)<\/li>\n<li>Malattie: molto rare (macchie fogliari)<\/li>\n<\/ul>\t\t\t\t\t\t\t\t<\/div>\n\t\t\t\t<\/div>\n\t\t\t\t\t<\/div>\n\t\t\t\t<\/div>\n\t\t\t\t\t<\/div>\n\t\t\t\t<\/div>\n\t\t<div class=\"elementor-element elementor-element-3808e358 e-flex e-con-boxed e-con e-parent\" data-id=\"3808e358\" data-element_type=\"container\">\n\t\t\t\t\t<div class=\"e-con-inner\">\n\t\t\t\t<div class=\"elementor-element elementor-element-56a527a1 elementor-widget elementor-widget-image\" data-id=\"56a527a1\" data-element_type=\"widget\" data-widget_type=\"image.default\">\n\t\t\t\t<div class=\"elementor-widget-container\">\n\t\t\t\t\t\t\t\t\t\t\t\t\t\t\t<img fetchpriority=\"high\" decoding=\"async\" width=\"1024\" height=\"146\" src=\"https:\/\/www.hedera-etc.com\/wp-content\/uploads\/2023\/10\/guirlande-1024x146.webp\" class=\"attachment-large size-large wp-image-116\" alt=\"La boutique du lierre - Ghirlanda di edera\" srcset=\"https:\/\/www.hedera-etc.com\/wp-content\/uploads\/2023\/10\/guirlande-1024x146.webp 1024w, https:\/\/www.hedera-etc.com\/wp-content\/uploads\/2023\/10\/guirlande-900x129.webp 900w, https:\/\/www.hedera-etc.com\/wp-content\/uploads\/2023\/10\/guirlande-300x43.webp 300w, https:\/\/www.hedera-etc.com\/wp-content\/uploads\/2023\/10\/guirlande-768x110.webp 768w, https:\/\/www.hedera-etc.com\/wp-content\/uploads\/2023\/10\/guirlande.webp 1126w\" sizes=\"(max-width: 1024px) 100vw, 1024px\" \/>\t\t\t\t\t\t\t\t\t\t\t\t\t\t\t<\/div>\n\t\t\t\t<\/div>\n\t\t\t\t<div class=\"elementor-element elementor-element-20769dec elementor-widget elementor-widget-text-editor\" data-id=\"20769dec\" data-element_type=\"widget\" data-widget_type=\"text-editor.default\">\n\t\t\t\t<div class=\"elementor-widget-container\">\n\t\t\t\t\t\t\t\t\t<h3 style=\"text-align: center;\"><span style=\"color: #008000;\">L'edera nella letteratura<\/span><\/h3><blockquote><p style=\"text-align: center;\"><span style=\"color: #993366;\">\u201cL'edera, imperturbabile, continuava ad arrampicarsi sul marmo delle tombe, segno di vita nel regno dei morti.<\/span><span style=\"color: #993366;\">\u201d<\/span><\/p><\/blockquote><h5 style=\"text-align: right;\"><strong>Oscar Wilde<\/strong>, <em>Le ballate della prigione di Reading<\/em><\/h5>\t\t\t\t\t\t\t\t<\/div>\n\t\t\t\t<\/div>\n\t\t\t\t\t<\/div>\n\t\t\t\t<\/div>\n\t\t\t\t<\/div>","protected":false},"excerpt":{"rendered":"<p>Veramente atipica con le sue piccole foglie disposte come filo spinato.<\/p>\n<p>Lama composta da 5 lobi molto stretti, con un lobo centrale lungo il doppio di quelli laterali. Verde scuro con venature verde chiaro.<\/p>\n<p>Un'edera molto elegante su un tronco d'albero o su un muro, poich\u00e9 rivela la struttura del suo supporto. \u00c8 un rampicante vigoroso con pochi rami e pochissime foglie. Un'edera di design, se mai ce n'\u00e8 stata una!<\/p>","protected":false},"featured_media":814,"comment_status":"open","ping_status":"closed","template":"","meta":{"_acf_changed":false,"ocean_post_layout":"","ocean_both_sidebars_style":"","ocean_both_sidebars_content_width":0,"ocean_both_sidebars_sidebars_width":0,"ocean_sidebar":"0","ocean_second_sidebar":"0","ocean_disable_margins":"enable","ocean_add_body_class":"","ocean_shortcode_before_top_bar":"","ocean_shortcode_after_top_bar":"","ocean_shortcode_before_header":"","ocean_shortcode_after_header":"","ocean_has_shortcode":"","ocean_shortcode_after_title":"","ocean_shortcode_before_footer_widgets":"","ocean_shortcode_after_footer_widgets":"","ocean_shortcode_before_footer_bottom":"","ocean_shortcode_after_footer_bottom":"","ocean_display_top_bar":"default","ocean_display_header":"default","ocean_header_style":"","ocean_center_header_left_menu":"0","ocean_custom_header_template":"0","ocean_custom_logo":0,"ocean_custom_retina_logo":0,"ocean_custom_logo_max_width":0,"ocean_custom_logo_tablet_max_width":0,"ocean_custom_logo_mobile_max_width":0,"ocean_custom_logo_max_height":0,"ocean_custom_logo_tablet_max_height":0,"ocean_custom_logo_mobile_max_height":0,"ocean_header_custom_menu":"0","ocean_menu_typo_font_family":"0","ocean_menu_typo_font_subset":"","ocean_menu_typo_font_size":0,"ocean_menu_typo_font_size_tablet":0,"ocean_menu_typo_font_size_mobile":0,"ocean_menu_typo_font_size_unit":"px","ocean_menu_typo_font_weight":"","ocean_menu_typo_font_weight_tablet":"","ocean_menu_typo_font_weight_mobile":"","ocean_menu_typo_transform":"","ocean_menu_typo_transform_tablet":"","ocean_menu_typo_transform_mobile":"","ocean_menu_typo_line_height":0,"ocean_menu_typo_line_height_tablet":0,"ocean_menu_typo_line_height_mobile":0,"ocean_menu_typo_line_height_unit":"","ocean_menu_typo_spacing":0,"ocean_menu_typo_spacing_tablet":0,"ocean_menu_typo_spacing_mobile":0,"ocean_menu_typo_spacing_unit":"","ocean_menu_link_color":"","ocean_menu_link_color_hover":"","ocean_menu_link_color_active":"","ocean_menu_link_background":"","ocean_menu_link_hover_background":"","ocean_menu_link_active_background":"","ocean_menu_social_links_bg":"","ocean_menu_social_hover_links_bg":"","ocean_menu_social_links_color":"","ocean_menu_social_hover_links_color":"","ocean_disable_title":"default","ocean_disable_heading":"default","ocean_post_title":"","ocean_post_subheading":"","ocean_post_title_style":"","ocean_post_title_background_color":"","ocean_post_title_background":0,"ocean_post_title_bg_image_position":"","ocean_post_title_bg_image_attachment":"","ocean_post_title_bg_image_repeat":"","ocean_post_title_bg_image_size":"","ocean_post_title_height":0,"ocean_post_title_bg_overlay":0.5,"ocean_post_title_bg_overlay_color":"","ocean_disable_breadcrumbs":"default","ocean_breadcrumbs_color":"","ocean_breadcrumbs_separator_color":"","ocean_breadcrumbs_links_color":"","ocean_breadcrumbs_links_hover_color":"","ocean_display_footer_widgets":"default","ocean_display_footer_bottom":"default","ocean_custom_footer_template":"0"},"product_brand":[],"product_cat":[134],"product_tag":[],"class_list":{"0":"post-813","1":"product","2":"type-product","3":"status-publish","4":"has-post-thumbnail","6":"product_cat-lierre","8":"entry","9":"has-media","11":"first","12":"instock","13":"purchasable","14":"product-type-variable","15":"has-default-attributes","16":"has-product-nav","17":"col","18":"span_1_of_4","19":"owp-content-center","20":"item-entry","21":"owp-thumbs-layout-horizontal","22":"owp-btn-normal","23":"owp-tabs-layout-section"},"acf":[],"jetpack_sharing_enabled":true,"_links":{"self":[{"href":"https:\/\/www.hedera-etc.com\/it\/wp-json\/wp\/v2\/product\/813","targetHints":{"allow":["GET"]}}],"collection":[{"href":"https:\/\/www.hedera-etc.com\/it\/wp-json\/wp\/v2\/product"}],"about":[{"href":"https:\/\/www.hedera-etc.com\/it\/wp-json\/wp\/v2\/types\/product"}],"replies":[{"embeddable":true,"href":"https:\/\/www.hedera-etc.com\/it\/wp-json\/wp\/v2\/comments?post=813"}],"version-history":[{"count":4,"href":"https:\/\/www.hedera-etc.com\/it\/wp-json\/wp\/v2\/product\/813\/revisions"}],"predecessor-version":[{"id":18150,"href":"https:\/\/www.hedera-etc.com\/it\/wp-json\/wp\/v2\/product\/813\/revisions\/18150"}],"wp:featuredmedia":[{"embeddable":true,"href":"https:\/\/www.hedera-etc.com\/it\/wp-json\/wp\/v2\/media\/814"}],"wp:attachment":[{"href":"https:\/\/www.hedera-etc.com\/it\/wp-json\/wp\/v2\/media?parent=813"}],"wp:term":[{"taxonomy":"product_brand","embeddable":true,"href":"https:\/\/www.hedera-etc.com\/it\/wp-json\/wp\/v2\/product_brand?post=813"},{"taxonomy":"product_cat","embeddable":true,"href":"https:\/\/www.hedera-etc.com\/it\/wp-json\/wp\/v2\/product_cat?post=813"},{"taxonomy":"product_tag","embeddable":true,"href":"https:\/\/www.hedera-etc.com\/it\/wp-json\/wp\/v2\/product_tag?post=813"}],"curies":[{"name":"wp","href":"https:\/\/api.w.org\/{rel}","templated":true}]}}