{"id":8332,"date":"2024-07-29T23:39:26","date_gmt":"2024-07-29T21:39:26","guid":{"rendered":"https:\/\/www.hedera-etc.com\/?post_type=product&#038;p=8332"},"modified":"2026-04-29T07:09:26","modified_gmt":"2026-04-29T05:09:26","slug":"kit-plantation-lierre-couvre-sol","status":"publish","type":"product","link":"https:\/\/www.hedera-etc.com\/it\/product\/kit-plantation-lierre-couvre-sol\/","title":{"rendered":"Kit per la piantagione di edera coprisuolo"},"content":{"rendered":"<div data-elementor-type=\"product-post\" data-elementor-id=\"8332\" class=\"elementor elementor-8332\" data-elementor-post-type=\"product\">\n\t\t\t\t<div class=\"elementor-element elementor-element-bae028a e-flex e-con-boxed e-con e-parent\" data-id=\"bae028a\" data-element_type=\"container\">\n\t\t\t\t\t<div class=\"e-con-inner\">\n\t\t\t\t<div class=\"elementor-element elementor-element-6f1ef45 elementor-widget elementor-widget-text-editor\" data-id=\"6f1ef45\" data-element_type=\"widget\" data-widget_type=\"text-editor.default\">\n\t\t\t\t<div class=\"elementor-widget-container\">\n\t\t\t\t\t\t\t\t\t<p>Per ricoprire il terreno sotto gli alberi o per qualsiasi superficie che si vuole mantenere bella tutto l'anno, optate per il <strong>Kit per la piantagione di edera coprisuolo<\/strong>. \u00c8 pi\u00f9 economico rispetto all'acquisto di vasi singoli. Scegliete tra tutte le opzioni di questo kit e noi selezioneremo la variet\u00e0 pi\u00f9 adatta in base alla disponibilit\u00e0.<\/p><p>Prima di tutto diteci se preferite <strong>edera verde o variegata<\/strong>. Per l'edera variegata, sceglieremo l'edera variegata gialla o l'edera variegata bianca, a seconda della disponibilit\u00e0.<\/p><p>Quindi scegliere <strong>il tipo di sviluppo<\/strong>. L'edera vigorosa dar\u00e0 risultati pi\u00f9 rapidi, con un tappeto pi\u00f9 o meno fitto a seconda della variet\u00e0 e delle condizioni di crescita. Ma dovr\u00e0 essere potata pi\u00f9 spesso. L'edera a crescita ridotta richieder\u00e0 un po' pi\u00f9 di tempo, ma \u00e8 la pi\u00f9 attraente, con la sua elegante vegetazione. \u00c8 anche la pi\u00f9 costosa, perch\u00e9 servono pi\u00f9 piante per metro quadro. L'edera a crescita moderata \u00e8 un buon compromesso in termini di budget e risultati.<\/p><p>Infine, indicare <strong>la superficie\u00a0<\/strong>del progetto. Se il progetto \u00e8 pi\u00f9 grande di 5 m\u00b2, ordinare pi\u00f9 kit per coprire la superficie desiderata.<\/p><p>Riceverete il numero di piante necessarie per l'area scelta, al ritmo di :<\/p><ul><li>3 piante per m\u00b2 per l'edera a crescita rapida,\u00a0<\/li><li>5 piante per m\u00b2 nel caso di edera moderata.<\/li><li>7 piante per m\u00b2 per l'edera piccola.<\/li><\/ul><div>\u00a0<\/div><p>In ogni caso, le piante devono avere almeno 4 anni. Vengono coltivate in vasi da 2 litri.<\/p>\t\t\t\t\t\t\t\t<\/div>\n\t\t\t\t<\/div>\n\t\t\t\t<div class=\"elementor-element elementor-element-fcbe732 elementor-widget elementor-widget-heading\" data-id=\"fcbe732\" data-element_type=\"widget\" data-widget_type=\"heading.default\">\n\t\t\t\t<div class=\"elementor-widget-container\">\n\t\t\t\t\t<h2 class=\"elementor-heading-title elementor-size-default\">Consigli per una semina di successo<\/h2>\t\t\t\t<\/div>\n\t\t\t\t<\/div>\n\t\t\t\t<div class=\"elementor-element elementor-element-d80f451 elementor-widget elementor-widget-text-editor\" data-id=\"d80f451\" data-element_type=\"widget\" data-widget_type=\"text-editor.default\">\n\t\t\t\t<div class=\"elementor-widget-container\">\n\t\t\t\t\t\t\t\t\t<p>Appena ricevuto il kit di piantine di edera rampicante, apritelo in modo che le piante possano respirare e vedere la luce il prima possibile. Disimballate con cura, facendo attenzione a non danneggiare le piante. Immergete i vasi in acqua per una decina di minuti per bagnarli nuovamente.<\/p>\n<h3>Preparare il terreno:<\/h3>\n<p>Le chiavi del successo sono due: in primo luogo, \u00e8 necessario pulire accuratamente il terreno, eliminando tutte le piante indesiderate e le loro radici. Inoltre, assicuratevi che il terreno sia ben allentato, in modo che le radici possano svilupparsi facilmente.<\/p>\n<h3>Piantagione :<\/h3>\n<p>Disporre 3, 5 o 7 piante per m\u00b2, a seconda del tipo di crescita scelto. Preparate un<b>&nbsp;foro largo 30 cm e profondo 40 cm. <\/b>Posizionate la pianta nella buca in modo che il colletto sia leggermente sotto il livello del terreno. Create un abbeveratoio intorno alla pianta per rendere l'irrigazione pi\u00f9 facile ed efficiente.<\/p>\n<h3>Irrigazione :<\/h3>\n<p><b>Acqua&nbsp;<\/b>generosamente dopo la messa a dimora, anche in caso di pioggia. Un annaffiatoio per ogni pianta. L'obiettivo di questa abbondante annaffiatura \u00e8 far aderire il terreno alle radici, in modo che le piante partano bene.<\/p>\n<h3>Pacciamatura :<\/h3>\n<p><b>Pacciamatura&nbsp;<\/b>su tutta la superficie della piantagione per mantenere il terreno fresco e prevenire la crescita indesiderata.<\/p>\n<h3>Cura post-pianta :<\/h3>\n<p>Il primo anno<strong>,<\/strong> Non trascurate l'irrigazione se il tempo \u00e8 secco, soprattutto se fa caldo. Una volta ben radicata (dopo un anno o due), l'edera si prender\u00e0 cura di s\u00e9. Se necessario, diserbate regolarmente tra le piante di edera.<\/p>\t\t\t\t\t\t\t\t<\/div>\n\t\t\t\t<\/div>\n\t\t\t\t\t<\/div>\n\t\t\t\t<\/div>\n\t\t\t\t<\/div>","protected":false},"excerpt":{"rendered":"<p>Per ricoprire il terreno sotto gli alberi o per qualsiasi superficie che si vuole mantenere bella tutto l'anno, il <strong>la soluzione pi\u00f9 economica<\/strong> \u00e8 il \u00abkit per la piantumazione dell'edera di copertura\u00bb.<\/p>\n<p>Scegliete le opzioni in base al vostro progetto. La variet\u00e0 sar\u00e0 scelta di conseguenza da noi, in base alla disponibilit\u00e0.<\/p>","protected":false},"featured_media":1936,"comment_status":"open","ping_status":"closed","template":"","meta":{"_acf_changed":false,"ocean_post_layout":"","ocean_both_sidebars_style":"","ocean_both_sidebars_content_width":0,"ocean_both_sidebars_sidebars_width":0,"ocean_sidebar":"0","ocean_second_sidebar":"0","ocean_disable_margins":"enable","ocean_add_body_class":"","ocean_shortcode_before_top_bar":"","ocean_shortcode_after_top_bar":"","ocean_shortcode_before_header":"","ocean_shortcode_after_header":"","ocean_has_shortcode":"","ocean_shortcode_after_title":"","ocean_shortcode_before_footer_widgets":"","ocean_shortcode_after_footer_widgets":"","ocean_shortcode_before_footer_bottom":"","ocean_shortcode_after_footer_bottom":"","ocean_display_top_bar":"default","ocean_display_header":"default","ocean_header_style":"","ocean_center_header_left_menu":"0","ocean_custom_header_template":"0","ocean_custom_logo":0,"ocean_custom_retina_logo":0,"ocean_custom_logo_max_width":0,"ocean_custom_logo_tablet_max_width":0,"ocean_custom_logo_mobile_max_width":0,"ocean_custom_logo_max_height":0,"ocean_custom_logo_tablet_max_height":0,"ocean_custom_logo_mobile_max_height":0,"ocean_header_custom_menu":"0","ocean_menu_typo_font_family":"0","ocean_menu_typo_font_subset":"","ocean_menu_typo_font_size":0,"ocean_menu_typo_font_size_tablet":0,"ocean_menu_typo_font_size_mobile":0,"ocean_menu_typo_font_size_unit":"px","ocean_menu_typo_font_weight":"","ocean_menu_typo_font_weight_tablet":"","ocean_menu_typo_font_weight_mobile":"","ocean_menu_typo_transform":"","ocean_menu_typo_transform_tablet":"","ocean_menu_typo_transform_mobile":"","ocean_menu_typo_line_height":0,"ocean_menu_typo_line_height_tablet":0,"ocean_menu_typo_line_height_mobile":0,"ocean_menu_typo_line_height_unit":"","ocean_menu_typo_spacing":0,"ocean_menu_typo_spacing_tablet":0,"ocean_menu_typo_spacing_mobile":0,"ocean_menu_typo_spacing_unit":"","ocean_menu_link_color":"","ocean_menu_link_color_hover":"","ocean_menu_link_color_active":"","ocean_menu_link_background":"","ocean_menu_link_hover_background":"","ocean_menu_link_active_background":"","ocean_menu_social_links_bg":"","ocean_menu_social_hover_links_bg":"","ocean_menu_social_links_color":"","ocean_menu_social_hover_links_color":"","ocean_disable_title":"default","ocean_disable_heading":"default","ocean_post_title":"","ocean_post_subheading":"","ocean_post_title_style":"","ocean_post_title_background_color":"","ocean_post_title_background":0,"ocean_post_title_bg_image_position":"","ocean_post_title_bg_image_attachment":"","ocean_post_title_bg_image_repeat":"","ocean_post_title_bg_image_size":"","ocean_post_title_height":0,"ocean_post_title_bg_overlay":0.5,"ocean_post_title_bg_overlay_color":"","ocean_disable_breadcrumbs":"default","ocean_breadcrumbs_color":"","ocean_breadcrumbs_separator_color":"","ocean_breadcrumbs_links_color":"","ocean_breadcrumbs_links_hover_color":"","ocean_display_footer_widgets":"default","ocean_display_footer_bottom":"default","ocean_custom_footer_template":"0"},"product_brand":[],"product_cat":[134],"product_tag":[],"class_list":{"0":"post-8332","1":"product","2":"type-product","3":"status-publish","4":"has-post-thumbnail","6":"product_cat-lierre","8":"entry","9":"has-media","11":"first","12":"instock","13":"purchasable","14":"product-type-variable","15":"has-default-attributes","16":"has-product-nav","17":"col","18":"span_1_of_4","19":"owp-content-center","20":"item-entry","21":"owp-thumbs-layout-horizontal","22":"owp-btn-normal","23":"owp-tabs-layout-section"},"acf":[],"jetpack_sharing_enabled":true,"_links":{"self":[{"href":"https:\/\/www.hedera-etc.com\/it\/wp-json\/wp\/v2\/product\/8332","targetHints":{"allow":["GET"]}}],"collection":[{"href":"https:\/\/www.hedera-etc.com\/it\/wp-json\/wp\/v2\/product"}],"about":[{"href":"https:\/\/www.hedera-etc.com\/it\/wp-json\/wp\/v2\/types\/product"}],"replies":[{"embeddable":true,"href":"https:\/\/www.hedera-etc.com\/it\/wp-json\/wp\/v2\/comments?post=8332"}],"version-history":[{"count":4,"href":"https:\/\/www.hedera-etc.com\/it\/wp-json\/wp\/v2\/product\/8332\/revisions"}],"predecessor-version":[{"id":15508,"href":"https:\/\/www.hedera-etc.com\/it\/wp-json\/wp\/v2\/product\/8332\/revisions\/15508"}],"wp:featuredmedia":[{"embeddable":true,"href":"https:\/\/www.hedera-etc.com\/it\/wp-json\/wp\/v2\/media\/1936"}],"wp:attachment":[{"href":"https:\/\/www.hedera-etc.com\/it\/wp-json\/wp\/v2\/media?parent=8332"}],"wp:term":[{"taxonomy":"product_brand","embeddable":true,"href":"https:\/\/www.hedera-etc.com\/it\/wp-json\/wp\/v2\/product_brand?post=8332"},{"taxonomy":"product_cat","embeddable":true,"href":"https:\/\/www.hedera-etc.com\/it\/wp-json\/wp\/v2\/product_cat?post=8332"},{"taxonomy":"product_tag","embeddable":true,"href":"https:\/\/www.hedera-etc.com\/it\/wp-json\/wp\/v2\/product_tag?post=8332"}],"curies":[{"name":"wp","href":"https:\/\/api.w.org\/{rel}","templated":true}]}}