{"id":928,"date":"2023-10-30T20:58:17","date_gmt":"2023-10-30T19:58:17","guid":{"rendered":"https:\/\/www.hedera-etc.com\/?post_type=product&#038;p=928"},"modified":"2026-05-01T07:09:50","modified_gmt":"2026-05-01T05:09:50","slug":"hedera-helix-lemon-swirl","status":"publish","type":"product","link":"https:\/\/www.hedera-etc.com\/it\/product\/hedera-helix-lemon-swirl\/","title":{"rendered":"<em>Hedera helix<\/em> &lsquo;Lemon Swirl&rsquo; &#8211; Edera ornamentale"},"content":{"rendered":"<div data-elementor-type=\"product-post\" data-elementor-id=\"928\" class=\"elementor elementor-928\" data-elementor-post-type=\"product\">\n\t\t\t\t<div class=\"elementor-element elementor-element-749f679 e-con-full e-flex e-con e-child\" data-id=\"749f679\" data-element_type=\"container\">\n\t\t\t\t<div class=\"elementor-element elementor-element-161e2fc6 elementor-widget elementor-widget-text-editor\" data-id=\"161e2fc6\" data-element_type=\"widget\" data-widget_type=\"text-editor.default\">\n\t\t\t\t<div class=\"elementor-widget-container\">\n\t\t\t\t\t\t\t\t\t<h2><span style=\"color: #f0ffed;\">L'edera ornamentale\u00a0 &#8211; Hedera helix &lsquo;Lemon Swirl&rsquo;<\/span><\/h2>\t\t\t\t\t\t\t\t<\/div>\n\t\t\t\t<\/div>\n\t\t\t\t<\/div>\n\t\t<div class=\"elementor-element elementor-element-23b9c55a e-flex e-con-boxed e-con e-parent\" data-id=\"23b9c55a\" data-element_type=\"container\">\n\t\t\t\t\t<div class=\"e-con-inner\">\n\t\t<div class=\"elementor-element elementor-element-6e1f25ed e-flex e-con-boxed e-con e-child\" data-id=\"6e1f25ed\" data-element_type=\"container\">\n\t\t\t\t\t<div class=\"e-con-inner\">\n\t\t\t\t<div class=\"elementor-element elementor-element-8319ac9 elementor-widget elementor-widget-heading\" data-id=\"8319ac9\" data-element_type=\"widget\" data-widget_type=\"heading.default\">\n\t\t\t\t<div class=\"elementor-widget-container\">\n\t\t\t\t\t<h2 class=\"elementor-heading-title elementor-size-default\">In breve<\/h2>\t\t\t\t<\/div>\n\t\t\t\t<\/div>\n\t\t\t\t<div class=\"elementor-element elementor-element-423bdb42 elementor-widget elementor-widget-text-editor\" data-id=\"423bdb42\" data-element_type=\"widget\" data-widget_type=\"text-editor.default\">\n\t\t\t\t<div class=\"elementor-widget-container\">\n\t\t\t\t\t\t\t\t\t<p>Edera ornamentale, <strong><em>Hedera helix<\/em> &lsquo;Lemon Swirl&rsquo;<\/strong>, \u00e8 una variet\u00e0 compatta con foglie larghe e ondulate.<\/p><p>I giovani germogli sono di colore bianco crema, giallo limone o verde con macchie color crema. Questa colorazione giovanile \u00e8 pi\u00f9 pronunciata se la pianta \u00e8 al sole e diventa gradualmente verde fino all'autunno. Le foglie hanno da 3 a 5 lobi arrotondati. La base \u00e8 cordata.<\/p><p>Questa edera \u00e8 ottima per formare una sottile copertura del terreno su piccole aree.<\/p>\t\t\t\t\t\t\t\t<\/div>\n\t\t\t\t<\/div>\n\t\t\t\t<div class=\"elementor-element elementor-element-5bc7f119 elementor-widget elementor-widget-heading\" data-id=\"5bc7f119\" data-element_type=\"widget\" data-widget_type=\"heading.default\">\n\t\t\t\t<div class=\"elementor-widget-container\">\n\t\t\t\t\t<h2 class=\"elementor-heading-title elementor-size-default\">La storia<\/h2>\t\t\t\t<\/div>\n\t\t\t\t<\/div>\n\t\t\t\t<div class=\"elementor-element elementor-element-7411b48e elementor-widget elementor-widget-text-editor\" data-id=\"7411b48e\" data-element_type=\"widget\" data-widget_type=\"text-editor.default\">\n\t\t\t\t<div class=\"elementor-widget-container\">\n\t\t\t\t\t\t\t\t\t<p>Questa cultivar deriva da una mutazione di &lsquo;Ustler&rsquo;. Il a \u00e9t\u00e9 introduit aux Etats-Unis \u00e0 partir de 1980.<\/p>\t\t\t\t\t\t\t\t<\/div>\n\t\t\t\t<\/div>\n\t\t\t\t<div class=\"elementor-element elementor-element-4bf48be elementor-widget elementor-widget-heading\" data-id=\"4bf48be\" data-element_type=\"widget\" data-widget_type=\"heading.default\">\n\t\t\t\t<div class=\"elementor-widget-container\">\n\t\t\t\t\t<h2 class=\"elementor-heading-title elementor-size-default\">Scheda tecnica - Hedera helix 'Lemon Swirl'<\/h2>\t\t\t\t<\/div>\n\t\t\t\t<\/div>\n\t\t\t\t<div class=\"elementor-element elementor-element-2f00a818 elementor-widget elementor-widget-text-editor\" data-id=\"2f00a818\" data-element_type=\"widget\" data-widget_type=\"text-editor.default\">\n\t\t\t\t<div class=\"elementor-widget-container\">\n\t\t\t\t\t\t\t\t\t<h3>Informazioni botaniche<\/h3>\n<ul>\n<li>Famiglia: Araliaceae<\/li>\n<li>Genere : <em><strong>Hedera<\/strong><\/em><\/li>\n<li>Specie : <em>helix<\/em><\/li>\n<li>Coltivare : &lsquo;Lemon Swirl&rsquo;<\/li>\n<li>Classificazione Pierot: edera variegata, edera con foglie ondulate-crociate<\/li>\n<li>Stadio fogliare: giovanile<\/li>\n<li>Origine della specie: Europa, dalla Spagna alla Norvegia, ma poco sulla costa atlantica.<\/li>\n<li>Origine della cultivar: mutazione di &lsquo;Ustler&rsquo;, introduit dans les ann\u00e9es 1980 aux Etats-Unis.<\/li>\n<\/ul>\n<h3>&nbsp;<\/h3>\n<h3>Descrizione di Hedera helix &lsquo;Lemon Swirl&rsquo;<\/h3>\n<ul>\n<li>Portamento di crescita: allargato, compatto<\/li>\n<li>Numero di lobi: da 3 a 5 lobi in generale<\/li>\n<li>Lunghezza delle foglie: 6 cm<\/li>\n<li>Larghezza del foglio: 5 cm<\/li>\n<li>Colore delle foglie: i giovani germogli sono di colore verde chiaro con macchie giallo limone o bianco crema.<\/li>\n<li>Variazione del colore delle foglie: diventa verde con l'et\u00e0<\/li>\n<li>Colore delle vene: crema<\/li>\n<li>Colore del fusto e del picciolo: verde porpora<\/li>\n<li>Rami: abbastanza ben ramificati<\/li>\n<li>Peli: stellati, da 3 a 5 ramificazioni<\/li>\n<\/ul>\n<h3>&nbsp;<\/h3>\n<h3>Consigli per la piantagione, la coltivazione e la cura di Hedera helix &lsquo;Lemon Swirl&rsquo;<\/h3>\n<ul>\n<li>Esposizione: sole<\/li>\n<li>Resistenza: -12\u00b0C<\/li>\n<li>Umidit\u00e0 del terreno: terreno fresco<\/li>\n<li>PH del terreno: neutro o calcareo<\/li>\n<li>Tipo di terreno: tutti<\/li>\n<li>Ricchezza del suolo: ordinario o ricco di humus<\/li>\n<li>Impiego: coprisuolo, rampicante, vaso, cassetta per finestre, cesti appesi, topiaria<\/li>\n<li>Sviluppo: moderato<\/li>\n<li>Potatura: una volta all'anno<\/li>\n<li>Parassiti: molto rari (ragnetto, cocciniglia)<\/li>\n<li>Malattie: molto rare (macchie fogliari)2<\/li>\n<\/ul>\t\t\t\t\t\t\t\t<\/div>\n\t\t\t\t<\/div>\n\t\t\t\t\t<\/div>\n\t\t\t\t<\/div>\n\t\t\t\t\t<\/div>\n\t\t\t\t<\/div>\n\t\t<div class=\"elementor-element elementor-element-2b8563da e-flex e-con-boxed e-con e-parent\" data-id=\"2b8563da\" data-element_type=\"container\">\n\t\t\t\t\t<div class=\"e-con-inner\">\n\t\t\t\t<div class=\"elementor-element elementor-element-486b8802 elementor-widget elementor-widget-image\" data-id=\"486b8802\" data-element_type=\"widget\" data-widget_type=\"image.default\">\n\t\t\t\t<div class=\"elementor-widget-container\">\n\t\t\t\t\t\t\t\t\t\t\t\t\t\t\t<img fetchpriority=\"high\" decoding=\"async\" width=\"1024\" height=\"146\" src=\"https:\/\/www.hedera-etc.com\/wp-content\/uploads\/2023\/10\/guirlande-1024x146.webp\" class=\"attachment-large size-large wp-image-116\" alt=\"La boutique du lierre - Ghirlanda di edera\" srcset=\"https:\/\/www.hedera-etc.com\/wp-content\/uploads\/2023\/10\/guirlande-1024x146.webp 1024w, https:\/\/www.hedera-etc.com\/wp-content\/uploads\/2023\/10\/guirlande-900x129.webp 900w, https:\/\/www.hedera-etc.com\/wp-content\/uploads\/2023\/10\/guirlande-300x43.webp 300w, https:\/\/www.hedera-etc.com\/wp-content\/uploads\/2023\/10\/guirlande-768x110.webp 768w, https:\/\/www.hedera-etc.com\/wp-content\/uploads\/2023\/10\/guirlande.webp 1126w\" sizes=\"(max-width: 1024px) 100vw, 1024px\" \/>\t\t\t\t\t\t\t\t\t\t\t\t\t\t\t<\/div>\n\t\t\t\t<\/div>\n\t\t\t\t<div class=\"elementor-element elementor-element-46663ab4 elementor-widget elementor-widget-text-editor\" data-id=\"46663ab4\" data-element_type=\"widget\" data-widget_type=\"text-editor.default\">\n\t\t\t\t<div class=\"elementor-widget-container\">\n\t\t\t\t\t\t\t\t\t<h3 style=\"text-align: center;\"><span style=\"color: #008000;\">L'edera nella letteratura<\/span><\/h3>\n<blockquote>\n<p style=\"text-align: center;\"><span style=\"color: #993366;\">\u201cL<\/span>l'edera si \u00e8 avvolta intorno ai resti, come per cancellare le tracce del passato.<span style=\"color: #993366;\">\u201d<\/span><\/p>\n<\/blockquote>\n<h5 style=\"text-align: right;\"><strong>Virginia Woolf<\/strong>, <em>Le onde<\/em><\/h5>\t\t\t\t\t\t\t\t<\/div>\n\t\t\t\t<\/div>\n\t\t\t\t\t<\/div>\n\t\t\t\t<\/div>\n\t\t\t\t<\/div>","protected":false},"excerpt":{"rendered":"<p>Variet\u00e0 compatta con foglie larghe e ondulate.<\/p>\n<p>I giovani germogli sono di colore bianco crema, giallo limone o verde con macchie color crema. La colorazione giovanile \u00e8 pi\u00f9 pronunciata se la pianta \u00e8 al sole e diventa gradualmente verde fino all'autunno. Foglie composte da 3-5 lobi arrotondati. Base a forma di cuore.<\/p>\n<p>Un'edera interessante per formare una sottile copertura del terreno su piccole aree.<\/p>","protected":false},"featured_media":929,"comment_status":"open","ping_status":"closed","template":"","meta":{"_acf_changed":false,"ocean_post_layout":"","ocean_both_sidebars_style":"","ocean_both_sidebars_content_width":0,"ocean_both_sidebars_sidebars_width":0,"ocean_sidebar":"0","ocean_second_sidebar":"0","ocean_disable_margins":"enable","ocean_add_body_class":"","ocean_shortcode_before_top_bar":"","ocean_shortcode_after_top_bar":"","ocean_shortcode_before_header":"","ocean_shortcode_after_header":"","ocean_has_shortcode":"","ocean_shortcode_after_title":"","ocean_shortcode_before_footer_widgets":"","ocean_shortcode_after_footer_widgets":"","ocean_shortcode_before_footer_bottom":"","ocean_shortcode_after_footer_bottom":"","ocean_display_top_bar":"default","ocean_display_header":"default","ocean_header_style":"","ocean_center_header_left_menu":"0","ocean_custom_header_template":"0","ocean_custom_logo":0,"ocean_custom_retina_logo":0,"ocean_custom_logo_max_width":0,"ocean_custom_logo_tablet_max_width":0,"ocean_custom_logo_mobile_max_width":0,"ocean_custom_logo_max_height":0,"ocean_custom_logo_tablet_max_height":0,"ocean_custom_logo_mobile_max_height":0,"ocean_header_custom_menu":"0","ocean_menu_typo_font_family":"0","ocean_menu_typo_font_subset":"","ocean_menu_typo_font_size":0,"ocean_menu_typo_font_size_tablet":0,"ocean_menu_typo_font_size_mobile":0,"ocean_menu_typo_font_size_unit":"px","ocean_menu_typo_font_weight":"","ocean_menu_typo_font_weight_tablet":"","ocean_menu_typo_font_weight_mobile":"","ocean_menu_typo_transform":"","ocean_menu_typo_transform_tablet":"","ocean_menu_typo_transform_mobile":"","ocean_menu_typo_line_height":0,"ocean_menu_typo_line_height_tablet":0,"ocean_menu_typo_line_height_mobile":0,"ocean_menu_typo_line_height_unit":"","ocean_menu_typo_spacing":0,"ocean_menu_typo_spacing_tablet":0,"ocean_menu_typo_spacing_mobile":0,"ocean_menu_typo_spacing_unit":"","ocean_menu_link_color":"","ocean_menu_link_color_hover":"","ocean_menu_link_color_active":"","ocean_menu_link_background":"","ocean_menu_link_hover_background":"","ocean_menu_link_active_background":"","ocean_menu_social_links_bg":"","ocean_menu_social_hover_links_bg":"","ocean_menu_social_links_color":"","ocean_menu_social_hover_links_color":"","ocean_disable_title":"default","ocean_disable_heading":"default","ocean_post_title":"","ocean_post_subheading":"","ocean_post_title_style":"","ocean_post_title_background_color":"","ocean_post_title_background":0,"ocean_post_title_bg_image_position":"","ocean_post_title_bg_image_attachment":"","ocean_post_title_bg_image_repeat":"","ocean_post_title_bg_image_size":"","ocean_post_title_height":0,"ocean_post_title_bg_overlay":0.5,"ocean_post_title_bg_overlay_color":"","ocean_disable_breadcrumbs":"default","ocean_breadcrumbs_color":"","ocean_breadcrumbs_separator_color":"","ocean_breadcrumbs_links_color":"","ocean_breadcrumbs_links_hover_color":"","ocean_display_footer_widgets":"default","ocean_display_footer_bottom":"default","ocean_custom_footer_template":"0"},"product_brand":[],"product_cat":[134],"product_tag":[],"class_list":{"0":"post-928","1":"product","2":"type-product","3":"status-publish","4":"has-post-thumbnail","6":"product_cat-lierre","8":"entry","9":"has-media","11":"first","12":"instock","13":"purchasable","14":"product-type-variable","15":"has-default-attributes","16":"has-product-nav","17":"col","18":"span_1_of_4","19":"owp-content-center","20":"item-entry","21":"owp-thumbs-layout-horizontal","22":"owp-btn-normal","23":"owp-tabs-layout-section"},"acf":[],"jetpack_sharing_enabled":true,"_links":{"self":[{"href":"https:\/\/www.hedera-etc.com\/it\/wp-json\/wp\/v2\/product\/928","targetHints":{"allow":["GET"]}}],"collection":[{"href":"https:\/\/www.hedera-etc.com\/it\/wp-json\/wp\/v2\/product"}],"about":[{"href":"https:\/\/www.hedera-etc.com\/it\/wp-json\/wp\/v2\/types\/product"}],"replies":[{"embeddable":true,"href":"https:\/\/www.hedera-etc.com\/it\/wp-json\/wp\/v2\/comments?post=928"}],"version-history":[{"count":3,"href":"https:\/\/www.hedera-etc.com\/it\/wp-json\/wp\/v2\/product\/928\/revisions"}],"predecessor-version":[{"id":14446,"href":"https:\/\/www.hedera-etc.com\/it\/wp-json\/wp\/v2\/product\/928\/revisions\/14446"}],"wp:featuredmedia":[{"embeddable":true,"href":"https:\/\/www.hedera-etc.com\/it\/wp-json\/wp\/v2\/media\/929"}],"wp:attachment":[{"href":"https:\/\/www.hedera-etc.com\/it\/wp-json\/wp\/v2\/media?parent=928"}],"wp:term":[{"taxonomy":"product_brand","embeddable":true,"href":"https:\/\/www.hedera-etc.com\/it\/wp-json\/wp\/v2\/product_brand?post=928"},{"taxonomy":"product_cat","embeddable":true,"href":"https:\/\/www.hedera-etc.com\/it\/wp-json\/wp\/v2\/product_cat?post=928"},{"taxonomy":"product_tag","embeddable":true,"href":"https:\/\/www.hedera-etc.com\/it\/wp-json\/wp\/v2\/product_tag?post=928"}],"curies":[{"name":"wp","href":"https:\/\/api.w.org\/{rel}","templated":true}]}}