{"id":1036,"date":"2023-10-31T12:40:54","date_gmt":"2023-10-31T11:40:54","guid":{"rendered":"https:\/\/www.hedera-etc.com\/?post_type=product&#038;p=1036"},"modified":"2026-04-28T07:09:28","modified_gmt":"2026-04-28T05:09:28","slug":"hedera-helix-melanie","status":"publish","type":"product","link":"https:\/\/www.hedera-etc.com\/nl\/product\/hedera-helix-melanie\/","title":{"rendered":"<em>Hedera helix<\/em> &lsquo;Melanie&rsquo; &#8211; Sierklimop"},"content":{"rendered":"<div data-elementor-type=\"product-post\" data-elementor-id=\"1036\" class=\"elementor elementor-1036\" data-elementor-post-type=\"product\">\n\t\t\t\t<div class=\"elementor-element elementor-element-59943e87 e-con-full e-flex e-con e-child\" data-id=\"59943e87\" data-element_type=\"container\">\n\t\t\t\t<div class=\"elementor-element elementor-element-5243d52e elementor-widget elementor-widget-text-editor\" data-id=\"5243d52e\" data-element_type=\"widget\" data-widget_type=\"text-editor.default\">\n\t\t\t\t<div class=\"elementor-widget-container\">\n\t\t\t\t\t\t\t\t\t<h2><span style=\"color: #f0ffed;\">Sierklimop\u00a0 &#8211; Hedera helix &lsquo;Melanie&rsquo;<\/span><\/h2>\t\t\t\t\t\t\t\t<\/div>\n\t\t\t\t<\/div>\n\t\t\t\t<\/div>\n\t\t<div class=\"elementor-element elementor-element-5ef48568 e-flex e-con-boxed e-con e-parent\" data-id=\"5ef48568\" data-element_type=\"container\">\n\t\t\t\t\t<div class=\"e-con-inner\">\n\t\t<div class=\"elementor-element elementor-element-2be9c5f9 e-flex e-con-boxed e-con e-child\" data-id=\"2be9c5f9\" data-element_type=\"container\">\n\t\t\t\t\t<div class=\"e-con-inner\">\n\t\t\t\t<div class=\"elementor-element elementor-element-642dd4ff elementor-widget elementor-widget-heading\" data-id=\"642dd4ff\" data-element_type=\"widget\" data-widget_type=\"heading.default\">\n\t\t\t\t<div class=\"elementor-widget-container\">\n\t\t\t\t\t<h2 class=\"elementor-heading-title elementor-size-default\">In een notendop<\/h2>\t\t\t\t<\/div>\n\t\t\t\t<\/div>\n\t\t\t\t<div class=\"elementor-element elementor-element-5f3de340 elementor-widget elementor-widget-text-editor\" data-id=\"5f3de340\" data-element_type=\"widget\" data-widget_type=\"text-editor.default\">\n\t\t\t\t<div class=\"elementor-widget-container\">\n\t\t\t\t\t\t\t\t\t<p>Sierklimop, <strong><em>Hedera helix<\/em> &lsquo;Melanie&rsquo;<\/strong>, Deze zeer originele klimop heeft bladeren met een golvende, gekrulde rand die soms bijna een bol vormen.<\/p><p>Het blad is heldergroen in het midden, lichter groen naar de randen toe en paarspaars op de smalle, golvende randen. De kleuren van het blad zijn vooral aantrekkelijk in de winter en lente, wanneer de plant begint te bloeien.<\/p><p>Dit is een krachtige, goed vertakte bodembedekkende klimop. Hij heeft lange internodi\u00ebn en een vrij dikke mat. Hij geeft kleur en textuur aan elke situatie.<\/p>\t\t\t\t\t\t\t\t<\/div>\n\t\t\t\t<\/div>\n\t\t\t\t<div class=\"elementor-element elementor-element-7b149578 elementor-widget elementor-widget-heading\" data-id=\"7b149578\" data-element_type=\"widget\" data-widget_type=\"heading.default\">\n\t\t\t\t<div class=\"elementor-widget-container\">\n\t\t\t\t\t<h2 class=\"elementor-heading-title elementor-size-default\">Geschiedenis<\/h2>\t\t\t\t<\/div>\n\t\t\t\t<\/div>\n\t\t\t\t<div class=\"elementor-element elementor-element-3738c013 elementor-widget elementor-widget-text-editor\" data-id=\"3738c013\" data-element_type=\"widget\" data-widget_type=\"text-editor.default\">\n\t\t\t\t<div class=\"elementor-widget-container\">\n\t\t\t\t\t\t\t\t\t<p>Ce cultivar fut d\u00e9couvert par Melanie Nicholas, \u00e0 la p\u00e9pini\u00e8re dde Beth Chatto, Essex, Angleterre, en 1980. C&rsquo;est une mutatie de &lsquo;Parsley Crested&rsquo; ou de &lsquo;Curly Locks&rsquo;.<\/p>\t\t\t\t\t\t\t\t<\/div>\n\t\t\t\t<\/div>\n\t\t\t\t<div class=\"elementor-element elementor-element-45229b62 elementor-widget elementor-widget-heading\" data-id=\"45229b62\" data-element_type=\"widget\" data-widget_type=\"heading.default\">\n\t\t\t\t<div class=\"elementor-widget-container\">\n\t\t\t\t\t<h2 class=\"elementor-heading-title elementor-size-default\">Technische gegevens - Hedera helix 'Melanie'<\/h2>\t\t\t\t<\/div>\n\t\t\t\t<\/div>\n\t\t\t\t<div class=\"elementor-element elementor-element-4b3d5205 elementor-widget elementor-widget-text-editor\" data-id=\"4b3d5205\" data-element_type=\"widget\" data-widget_type=\"text-editor.default\">\n\t\t\t\t<div class=\"elementor-widget-container\">\n\t\t\t\t\t\t\t\t\t<h3>Botanische informatie<\/h3>\n<ul>\n<li>Familie: Araliaceae<\/li>\n<li>Geslacht <em><strong>Hedera<\/strong><\/em><\/li>\n<li>Soort : <em>helix<\/em><\/li>\n<li>Teelt : &lsquo;Melanie&rsquo;<\/li>\n<li>Pierot classificatie: klimop met gegolfde gecrispte bladeren<\/li>\n<li>Loofstadium: juveniel<\/li>\n<li>Oorsprong van de soort: Europa, van Spanje tot Noorwegen, maar weinig aan de Atlantische kust.<\/li>\n<li>Herkomst van de cultivar: mutatie van &lsquo;Parsley Crested&rsquo; ou de &lsquo;Curly Locks&rsquo; d\u00e9couvert \u00e0 la p\u00e9pini\u00e8re de Beth Chatto, Essex, Angleterre, en 1980<\/li>\n<\/ul>\n<h3>&nbsp;<\/h3>\n<h3>Beschrijving van Hedera helix &lsquo;Melanie&rsquo;<\/h3>\n<ul>\n<li>Groeiwijze: spreidend<\/li>\n<li>Aantal lobben: 0 of 3 lobben in het algemeen<\/li>\n<li>Bladlengte: 4 cm<\/li>\n<li>Bladbreedte: 4 tot 5 cm<\/li>\n<li>Bladkleur: heldergroen, met paarspaarse kristallen op de randen.<\/li>\n<li>Kleur van de nerven: lichtgroen<\/li>\n<li>Kleur van stengel en bladsteel: roze-groen<\/li>\n<li>Stekels: lang<\/li>\n<li>Vertakkingen: goed vertakt<\/li>\n<li>Dikte tapijt: redelijk dik<\/li>\n<li>Haren: gesteeld, 3 tot 5 takken<\/li>\n<\/ul>\n<h3>&nbsp;<\/h3>\n<h3>Tips voor het planten, kweken en verzorgen van Hedera helix &lsquo;Melanie&rsquo;<\/h3>\n<ul>\n<li>Blootstelling: schaduw, gedeeltelijke schaduw, zon<\/li>\n<li>Winterhardheid: -12\u00b0C<\/li>\n<li>Bodemvocht: koele bodem<\/li>\n<li>Bodem PH: neutraal of kalkrijk<\/li>\n<li>Bodemtype: alle<\/li>\n<li>Bodemrijkdom: gewoon of humushoudend<\/li>\n<li>Gebruik: bodembedekker, klimmer<\/li>\n<li>Ontwikkeling: matig<\/li>\n<li>Snoeien: \u00e9\u00e9n keer per jaar<\/li>\n<li>Ongedierte: zeer zeldzaam (spint, wolluis)<\/li>\n<li>Ziekten: zeer zeldzaam (bladvlekken)<\/li>\n<\/ul>\t\t\t\t\t\t\t\t<\/div>\n\t\t\t\t<\/div>\n\t\t\t\t\t<\/div>\n\t\t\t\t<\/div>\n\t\t\t\t\t<\/div>\n\t\t\t\t<\/div>\n\t\t<div class=\"elementor-element elementor-element-44667007 e-flex e-con-boxed e-con e-parent\" data-id=\"44667007\" data-element_type=\"container\">\n\t\t\t\t\t<div class=\"e-con-inner\">\n\t\t\t\t<div class=\"elementor-element elementor-element-61d7b621 elementor-widget elementor-widget-image\" data-id=\"61d7b621\" data-element_type=\"widget\" data-widget_type=\"image.default\">\n\t\t\t\t<div class=\"elementor-widget-container\">\n\t\t\t\t\t\t\t\t\t\t\t\t\t\t\t<img fetchpriority=\"high\" decoding=\"async\" width=\"1024\" height=\"146\" src=\"https:\/\/www.hedera-etc.com\/wp-content\/uploads\/2023\/10\/guirlande-1024x146.webp\" class=\"attachment-large size-large wp-image-116\" alt=\"La boutique du lierre - Krans van klimop\" srcset=\"https:\/\/www.hedera-etc.com\/wp-content\/uploads\/2023\/10\/guirlande-1024x146.webp 1024w, https:\/\/www.hedera-etc.com\/wp-content\/uploads\/2023\/10\/guirlande-900x129.webp 900w, https:\/\/www.hedera-etc.com\/wp-content\/uploads\/2023\/10\/guirlande-300x43.webp 300w, https:\/\/www.hedera-etc.com\/wp-content\/uploads\/2023\/10\/guirlande-768x110.webp 768w, https:\/\/www.hedera-etc.com\/wp-content\/uploads\/2023\/10\/guirlande.webp 1126w\" sizes=\"(max-width: 1024px) 100vw, 1024px\" \/>\t\t\t\t\t\t\t\t\t\t\t\t\t\t\t<\/div>\n\t\t\t\t<\/div>\n\t\t\t\t<div class=\"elementor-element elementor-element-7c1471f0 elementor-widget elementor-widget-text-editor\" data-id=\"7c1471f0\" data-element_type=\"widget\" data-widget_type=\"text-editor.default\">\n\t\t\t\t<div class=\"elementor-widget-container\">\n\t\t\t\t\t\t\t\t\t<h3 style=\"text-align: center;\"><span style=\"color: #008000;\">Ivy in de literatuur<\/span><\/h3><blockquote><p style=\"text-align: center;\"><span style=\"color: #993366;\">\u201cDe ru\u00efnes waren bijna helemaal begroeid met klimop, waardoor hun trieste verleden half verborgen bleef.<\/span><span style=\"color: #993366;\">\u201d<\/span><\/p><\/blockquote><h5 style=\"text-align: right;\"><strong>D.H. Lawrence<\/strong>, <em>De minnaar van Lady Chatterley<\/em><\/h5>\t\t\t\t\t\t\t\t<\/div>\n\t\t\t\t<\/div>\n\t\t\t\t\t<\/div>\n\t\t\t\t<\/div>\n\t\t\t\t<\/div>","protected":false},"excerpt":{"rendered":"<p>Een zeer originele klimop met golvend, gekruld blad dat soms bijna een bol vormt.<\/p>\n<p>Heldergroen blad in het midden, lichter groen naar de randen toe en paarspaars op de smalle, golvende randen. Bijzonder aantrekkelijke loofkleuren in de winter en lente wanneer hij begint.<\/p>\n<p>Krachtige, goed vertakkende bodembedekkende klimop. Lange internodi\u00ebn en vrij dikke mat. Geeft kleur en textuur in alle situaties.<\/p>","protected":false},"featured_media":1037,"comment_status":"open","ping_status":"closed","template":"","meta":{"_acf_changed":false,"ocean_post_layout":"","ocean_both_sidebars_style":"","ocean_both_sidebars_content_width":0,"ocean_both_sidebars_sidebars_width":0,"ocean_sidebar":"0","ocean_second_sidebar":"0","ocean_disable_margins":"enable","ocean_add_body_class":"","ocean_shortcode_before_top_bar":"","ocean_shortcode_after_top_bar":"","ocean_shortcode_before_header":"","ocean_shortcode_after_header":"","ocean_has_shortcode":"","ocean_shortcode_after_title":"","ocean_shortcode_before_footer_widgets":"","ocean_shortcode_after_footer_widgets":"","ocean_shortcode_before_footer_bottom":"","ocean_shortcode_after_footer_bottom":"","ocean_display_top_bar":"default","ocean_display_header":"default","ocean_header_style":"","ocean_center_header_left_menu":"0","ocean_custom_header_template":"0","ocean_custom_logo":0,"ocean_custom_retina_logo":0,"ocean_custom_logo_max_width":0,"ocean_custom_logo_tablet_max_width":0,"ocean_custom_logo_mobile_max_width":0,"ocean_custom_logo_max_height":0,"ocean_custom_logo_tablet_max_height":0,"ocean_custom_logo_mobile_max_height":0,"ocean_header_custom_menu":"0","ocean_menu_typo_font_family":"0","ocean_menu_typo_font_subset":"","ocean_menu_typo_font_size":0,"ocean_menu_typo_font_size_tablet":0,"ocean_menu_typo_font_size_mobile":0,"ocean_menu_typo_font_size_unit":"px","ocean_menu_typo_font_weight":"","ocean_menu_typo_font_weight_tablet":"","ocean_menu_typo_font_weight_mobile":"","ocean_menu_typo_transform":"","ocean_menu_typo_transform_tablet":"","ocean_menu_typo_transform_mobile":"","ocean_menu_typo_line_height":0,"ocean_menu_typo_line_height_tablet":0,"ocean_menu_typo_line_height_mobile":0,"ocean_menu_typo_line_height_unit":"","ocean_menu_typo_spacing":0,"ocean_menu_typo_spacing_tablet":0,"ocean_menu_typo_spacing_mobile":0,"ocean_menu_typo_spacing_unit":"","ocean_menu_link_color":"","ocean_menu_link_color_hover":"","ocean_menu_link_color_active":"","ocean_menu_link_background":"","ocean_menu_link_hover_background":"","ocean_menu_link_active_background":"","ocean_menu_social_links_bg":"","ocean_menu_social_hover_links_bg":"","ocean_menu_social_links_color":"","ocean_menu_social_hover_links_color":"","ocean_disable_title":"default","ocean_disable_heading":"default","ocean_post_title":"","ocean_post_subheading":"","ocean_post_title_style":"","ocean_post_title_background_color":"","ocean_post_title_background":0,"ocean_post_title_bg_image_position":"","ocean_post_title_bg_image_attachment":"","ocean_post_title_bg_image_repeat":"","ocean_post_title_bg_image_size":"","ocean_post_title_height":0,"ocean_post_title_bg_overlay":0.5,"ocean_post_title_bg_overlay_color":"","ocean_disable_breadcrumbs":"default","ocean_breadcrumbs_color":"","ocean_breadcrumbs_separator_color":"","ocean_breadcrumbs_links_color":"","ocean_breadcrumbs_links_hover_color":"","ocean_display_footer_widgets":"default","ocean_display_footer_bottom":"default","ocean_custom_footer_template":"0"},"product_brand":[],"product_cat":[134],"product_tag":[],"class_list":{"0":"post-1036","1":"product","2":"type-product","3":"status-publish","4":"has-post-thumbnail","6":"product_cat-lierre","8":"entry","9":"has-media","11":"first","12":"instock","13":"purchasable","14":"product-type-variable","15":"has-default-attributes","16":"has-product-nav","17":"col","18":"span_1_of_4","19":"owp-content-center","20":"item-entry","21":"owp-thumbs-layout-horizontal","22":"owp-btn-normal","23":"owp-tabs-layout-section"},"acf":[],"jetpack_sharing_enabled":true,"_links":{"self":[{"href":"https:\/\/www.hedera-etc.com\/nl\/wp-json\/wp\/v2\/product\/1036","targetHints":{"allow":["GET"]}}],"collection":[{"href":"https:\/\/www.hedera-etc.com\/nl\/wp-json\/wp\/v2\/product"}],"about":[{"href":"https:\/\/www.hedera-etc.com\/nl\/wp-json\/wp\/v2\/types\/product"}],"replies":[{"embeddable":true,"href":"https:\/\/www.hedera-etc.com\/nl\/wp-json\/wp\/v2\/comments?post=1036"}],"version-history":[{"count":5,"href":"https:\/\/www.hedera-etc.com\/nl\/wp-json\/wp\/v2\/product\/1036\/revisions"}],"predecessor-version":[{"id":17704,"href":"https:\/\/www.hedera-etc.com\/nl\/wp-json\/wp\/v2\/product\/1036\/revisions\/17704"}],"wp:featuredmedia":[{"embeddable":true,"href":"https:\/\/www.hedera-etc.com\/nl\/wp-json\/wp\/v2\/media\/1037"}],"wp:attachment":[{"href":"https:\/\/www.hedera-etc.com\/nl\/wp-json\/wp\/v2\/media?parent=1036"}],"wp:term":[{"taxonomy":"product_brand","embeddable":true,"href":"https:\/\/www.hedera-etc.com\/nl\/wp-json\/wp\/v2\/product_brand?post=1036"},{"taxonomy":"product_cat","embeddable":true,"href":"https:\/\/www.hedera-etc.com\/nl\/wp-json\/wp\/v2\/product_cat?post=1036"},{"taxonomy":"product_tag","embeddable":true,"href":"https:\/\/www.hedera-etc.com\/nl\/wp-json\/wp\/v2\/product_tag?post=1036"}],"curies":[{"name":"wp","href":"https:\/\/api.w.org\/{rel}","templated":true}]}}