{"id":1232,"date":"2023-11-01T08:38:19","date_gmt":"2023-11-01T07:38:19","guid":{"rendered":"https:\/\/www.hedera-etc.com\/?post_type=product&#038;p=1232"},"modified":"2026-04-28T07:09:27","modified_gmt":"2026-04-28T05:09:27","slug":"hedera-helix-pirouette","status":"publish","type":"product","link":"https:\/\/www.hedera-etc.com\/nl\/product\/hedera-helix-pirouette\/","title":{"rendered":"<em>Hedera helix<\/em> &lsquo;Pirouette&rsquo; &#8211; Sierklimop"},"content":{"rendered":"<div data-elementor-type=\"product-post\" data-elementor-id=\"1232\" class=\"elementor elementor-1232\" data-elementor-post-type=\"product\">\n\t\t\t\t<div class=\"elementor-element elementor-element-32c959c8 e-con-full e-flex e-con e-child\" data-id=\"32c959c8\" data-element_type=\"container\">\n\t\t\t\t<div class=\"elementor-element elementor-element-cbe76e9 elementor-widget elementor-widget-text-editor\" data-id=\"cbe76e9\" data-element_type=\"widget\" data-widget_type=\"text-editor.default\">\n\t\t\t\t<div class=\"elementor-widget-container\">\n\t\t\t\t\t\t\t\t\t<h2><span style=\"color: #f0ffed;\">Sierklimop\u00a0 &#8211; Hedera helix &lsquo;Pirouette&rsquo;<\/span><\/h2>\t\t\t\t\t\t\t\t<\/div>\n\t\t\t\t<\/div>\n\t\t\t\t<\/div>\n\t\t<div class=\"elementor-element elementor-element-23e68c40 e-flex e-con-boxed e-con e-parent\" data-id=\"23e68c40\" data-element_type=\"container\">\n\t\t\t\t\t<div class=\"e-con-inner\">\n\t\t<div class=\"elementor-element elementor-element-35dab0a1 e-flex e-con-boxed e-con e-child\" data-id=\"35dab0a1\" data-element_type=\"container\">\n\t\t\t\t\t<div class=\"e-con-inner\">\n\t\t\t\t<div class=\"elementor-element elementor-element-7b8655a4 elementor-widget elementor-widget-heading\" data-id=\"7b8655a4\" data-element_type=\"widget\" data-widget_type=\"heading.default\">\n\t\t\t\t<div class=\"elementor-widget-container\">\n\t\t\t\t\t<h2 class=\"elementor-heading-title elementor-size-default\">In een notendop<\/h2>\t\t\t\t<\/div>\n\t\t\t\t<\/div>\n\t\t\t\t<div class=\"elementor-element elementor-element-565859e1 elementor-widget elementor-widget-text-editor\" data-id=\"565859e1\" data-element_type=\"widget\" data-widget_type=\"text-editor.default\">\n\t\t\t\t<div class=\"elementor-widget-container\">\n\t\t\t\t\t\t\t\t\t<p>Sierklimop, <strong><em>Hedera helix<\/em> &lsquo;Pirouette&rsquo;<\/strong>, is een zeer originele vari\u00ebteit die zijn naam eer aandoet. De bladeren, met hun diep ingesneden lobben, zijn geknepen aan de basis, waardoor ze rond de stengel krullen. De bladsteel is extreem kort.<\/p>\n<p>De stengels zijn dik maar buigzaam. Het blad is lichtgroen en glanzend als de bladeren jong zijn. Daarna wordt het donkergroen.<\/p>\n<p>Dit is een bescheiden groeiende klimop die een dik, dicht tapijt vormt.<\/p>\t\t\t\t\t\t\t\t<\/div>\n\t\t\t\t<\/div>\n\t\t\t\t<div class=\"elementor-element elementor-element-74b1e665 elementor-widget elementor-widget-heading\" data-id=\"74b1e665\" data-element_type=\"widget\" data-widget_type=\"heading.default\">\n\t\t\t\t<div class=\"elementor-widget-container\">\n\t\t\t\t\t<h2 class=\"elementor-heading-title elementor-size-default\">Geschiedenis<\/h2>\t\t\t\t<\/div>\n\t\t\t\t<\/div>\n\t\t\t\t<div class=\"elementor-element elementor-element-603eda5d elementor-widget elementor-widget-text-editor\" data-id=\"603eda5d\" data-element_type=\"widget\" data-widget_type=\"text-editor.default\">\n\t\t\t\t<div class=\"elementor-widget-container\">\n\t\t\t\t\t\t\t\t\t<p>Ce cultivar fut d\u00e9couvert en 1982 par Frank Batson, de la p\u00e9pini\u00e8re Angelwood, Oregon, Etats-Unis. C&rsquo;est une mutatie de &lsquo;Flamenco&rsquo;.<\/p>\t\t\t\t\t\t\t\t<\/div>\n\t\t\t\t<\/div>\n\t\t\t\t<div class=\"elementor-element elementor-element-5f29cfca elementor-widget elementor-widget-heading\" data-id=\"5f29cfca\" data-element_type=\"widget\" data-widget_type=\"heading.default\">\n\t\t\t\t<div class=\"elementor-widget-container\">\n\t\t\t\t\t<h2 class=\"elementor-heading-title elementor-size-default\">Technische gegevens - Hedera helix 'Pirouette'<\/h2>\t\t\t\t<\/div>\n\t\t\t\t<\/div>\n\t\t\t\t<div class=\"elementor-element elementor-element-32ab76ba elementor-widget elementor-widget-text-editor\" data-id=\"32ab76ba\" data-element_type=\"widget\" data-widget_type=\"text-editor.default\">\n\t\t\t\t<div class=\"elementor-widget-container\">\n\t\t\t\t\t\t\t\t\t<h3>Botanische informatie<\/h3>\n<ul>\n<li>Familie: Araliaceae<\/li>\n<li>Geslacht <em><strong>Hedera<\/strong><\/em><\/li>\n<li>Soort : <em>helix<\/em><\/li>\n<li>Teelt : &lsquo;Pirouette&rsquo;<\/li>\n<li>Pierot classificatie: klimop met gekroesde bladeren, rariteit<\/li>\n<li>Loofstadium: juveniel<\/li>\n<li>Oorsprong van de soort: Europa, van Spanje tot Noorwegen, maar weinig aan de Atlantische kust.<\/li>\n<li>Herkomst van de cultivar: mutatie van &lsquo;Flamenco&rsquo;, s\u00e9lectionn\u00e9 par Frank Batson, Angelwood Nursery, Oregon, Etats-Unis, en 1982<\/li>\n<\/ul>\n<h3>&nbsp;<\/h3>\n<h3>Beschrijving van Hedera helix &lsquo;Pirouette&rsquo;<\/h3>\n<ul>\n<li>Groeiwijze: compact, gedrongen<\/li>\n<li>Aantal lobben: over het algemeen 3 lobben<\/li>\n<li>Bladlengte: 3 cm<\/li>\n<li>Breedte vel: 3 cm<\/li>\n<li>Bladkleur: lichtgroen, daarna donkergroen<\/li>\n<li>Kleur van de nerven: lichtgroen<\/li>\n<li>Kleur van stengel en bladsteel: groenpaars<\/li>\n<li>Haren: gesteeld, 3 tot 5 takken<\/li>\n<\/ul>\n<h3>&nbsp;<\/h3>\n<h3>Tips voor het planten, kweken en verzorgen van Hedera helix &lsquo;Pirouette&rsquo;<\/h3>\n<ul>\n<li>Blootstelling: schaduw, gedeeltelijke schaduw, zon<\/li>\n<li>Winterhardheid: -8\u00b0C<\/li>\n<li>Bodemvocht: koele bodem<\/li>\n<li>Bodem PH: neutraal of kalkrijk<\/li>\n<li>Bodemtype: alle<\/li>\n<li>Bodemrijkdom: gewoon of humushoudend<\/li>\n<li>Gebruik: potten, bloembakken, hanging baskets, kamerplanten<\/li>\n<li>Ontwikkeling: matig<\/li>\n<li>Snoeien: \u00e9\u00e9n keer per jaar<\/li>\n<li>Ongedierte: zeer zeldzaam (spint, wolluis)<\/li>\n<li>Ziekten: zeer zeldzaam (bladvlekken)<\/li>\n<\/ul>\t\t\t\t\t\t\t\t<\/div>\n\t\t\t\t<\/div>\n\t\t\t\t\t<\/div>\n\t\t\t\t<\/div>\n\t\t\t\t\t<\/div>\n\t\t\t\t<\/div>\n\t\t<div class=\"elementor-element elementor-element-67a4462a e-flex e-con-boxed e-con e-parent\" data-id=\"67a4462a\" data-element_type=\"container\">\n\t\t\t\t\t<div class=\"e-con-inner\">\n\t\t\t\t<div class=\"elementor-element elementor-element-151ee288 elementor-widget elementor-widget-image\" data-id=\"151ee288\" data-element_type=\"widget\" data-widget_type=\"image.default\">\n\t\t\t\t<div class=\"elementor-widget-container\">\n\t\t\t\t\t\t\t\t\t\t\t\t\t\t\t<img fetchpriority=\"high\" decoding=\"async\" width=\"1024\" height=\"146\" src=\"https:\/\/www.hedera-etc.com\/wp-content\/uploads\/2023\/10\/guirlande-1024x146.webp\" class=\"attachment-large size-large wp-image-116\" alt=\"La boutique du lierre - Krans van klimop\" srcset=\"https:\/\/www.hedera-etc.com\/wp-content\/uploads\/2023\/10\/guirlande-1024x146.webp 1024w, https:\/\/www.hedera-etc.com\/wp-content\/uploads\/2023\/10\/guirlande-900x129.webp 900w, https:\/\/www.hedera-etc.com\/wp-content\/uploads\/2023\/10\/guirlande-300x43.webp 300w, https:\/\/www.hedera-etc.com\/wp-content\/uploads\/2023\/10\/guirlande-768x110.webp 768w, https:\/\/www.hedera-etc.com\/wp-content\/uploads\/2023\/10\/guirlande.webp 1126w\" sizes=\"(max-width: 1024px) 100vw, 1024px\" \/>\t\t\t\t\t\t\t\t\t\t\t\t\t\t\t<\/div>\n\t\t\t\t<\/div>\n\t\t\t\t<div class=\"elementor-element elementor-element-2b18e45d elementor-widget elementor-widget-text-editor\" data-id=\"2b18e45d\" data-element_type=\"widget\" data-widget_type=\"text-editor.default\">\n\t\t\t\t<div class=\"elementor-widget-container\">\n\t\t\t\t\t\t\t\t\t<h3 style=\"text-align: center;\"><span style=\"color: #008000;\">Ivy in de literatuur<\/span><\/h3><blockquote><p style=\"text-align: center;\"><span style=\"color: #993366;\">\u201cDe klimop wikkelde zich rond de zuilen, zoals de tijd zich hecht aan herinneringen.<\/span><span style=\"color: #993366;\">\u201d<\/span><\/p><\/blockquote><h5 style=\"text-align: right;\">Henry James, <em>Portret van een vrouw<\/em><\/h5>\t\t\t\t\t\t\t\t<\/div>\n\t\t\t\t<\/div>\n\t\t\t\t\t<\/div>\n\t\t\t\t<\/div>\n\t\t\t\t<\/div>","protected":false},"excerpt":{"rendered":"<p>Een zeer originele vari\u00ebteit die zijn naam eer aandoet. Bladeren met diep ingesneden lobben, alsof ze aan de basis worden vastgeknepen, waardoor ze om de stengel krullen. Extreem korte steel.<\/p>\n<p>De stengels zijn dik maar soepel. Blad lichtgroen, glanzend als de bladeren jong zijn, daarna donkergroen verkleurend.<\/p>\n<p>Bescheiden klimop die een dik, dicht tapijt vormt.<\/p>","protected":false},"featured_media":1233,"comment_status":"open","ping_status":"closed","template":"","meta":{"_acf_changed":false,"ocean_post_layout":"","ocean_both_sidebars_style":"","ocean_both_sidebars_content_width":0,"ocean_both_sidebars_sidebars_width":0,"ocean_sidebar":"0","ocean_second_sidebar":"0","ocean_disable_margins":"enable","ocean_add_body_class":"","ocean_shortcode_before_top_bar":"","ocean_shortcode_after_top_bar":"","ocean_shortcode_before_header":"","ocean_shortcode_after_header":"","ocean_has_shortcode":"","ocean_shortcode_after_title":"","ocean_shortcode_before_footer_widgets":"","ocean_shortcode_after_footer_widgets":"","ocean_shortcode_before_footer_bottom":"","ocean_shortcode_after_footer_bottom":"","ocean_display_top_bar":"default","ocean_display_header":"default","ocean_header_style":"","ocean_center_header_left_menu":"0","ocean_custom_header_template":"0","ocean_custom_logo":0,"ocean_custom_retina_logo":0,"ocean_custom_logo_max_width":0,"ocean_custom_logo_tablet_max_width":0,"ocean_custom_logo_mobile_max_width":0,"ocean_custom_logo_max_height":0,"ocean_custom_logo_tablet_max_height":0,"ocean_custom_logo_mobile_max_height":0,"ocean_header_custom_menu":"0","ocean_menu_typo_font_family":"0","ocean_menu_typo_font_subset":"","ocean_menu_typo_font_size":0,"ocean_menu_typo_font_size_tablet":0,"ocean_menu_typo_font_size_mobile":0,"ocean_menu_typo_font_size_unit":"px","ocean_menu_typo_font_weight":"","ocean_menu_typo_font_weight_tablet":"","ocean_menu_typo_font_weight_mobile":"","ocean_menu_typo_transform":"","ocean_menu_typo_transform_tablet":"","ocean_menu_typo_transform_mobile":"","ocean_menu_typo_line_height":0,"ocean_menu_typo_line_height_tablet":0,"ocean_menu_typo_line_height_mobile":0,"ocean_menu_typo_line_height_unit":"","ocean_menu_typo_spacing":0,"ocean_menu_typo_spacing_tablet":0,"ocean_menu_typo_spacing_mobile":0,"ocean_menu_typo_spacing_unit":"","ocean_menu_link_color":"","ocean_menu_link_color_hover":"","ocean_menu_link_color_active":"","ocean_menu_link_background":"","ocean_menu_link_hover_background":"","ocean_menu_link_active_background":"","ocean_menu_social_links_bg":"","ocean_menu_social_hover_links_bg":"","ocean_menu_social_links_color":"","ocean_menu_social_hover_links_color":"","ocean_disable_title":"default","ocean_disable_heading":"default","ocean_post_title":"","ocean_post_subheading":"","ocean_post_title_style":"","ocean_post_title_background_color":"","ocean_post_title_background":0,"ocean_post_title_bg_image_position":"","ocean_post_title_bg_image_attachment":"","ocean_post_title_bg_image_repeat":"","ocean_post_title_bg_image_size":"","ocean_post_title_height":0,"ocean_post_title_bg_overlay":0.5,"ocean_post_title_bg_overlay_color":"","ocean_disable_breadcrumbs":"default","ocean_breadcrumbs_color":"","ocean_breadcrumbs_separator_color":"","ocean_breadcrumbs_links_color":"","ocean_breadcrumbs_links_hover_color":"","ocean_display_footer_widgets":"default","ocean_display_footer_bottom":"default","ocean_custom_footer_template":"0"},"product_brand":[],"product_cat":[134],"product_tag":[],"class_list":{"0":"post-1232","1":"product","2":"type-product","3":"status-publish","4":"has-post-thumbnail","6":"product_cat-lierre","8":"entry","9":"has-media","11":"first","12":"instock","13":"purchasable","14":"product-type-variable","15":"has-default-attributes","16":"has-product-nav","17":"col","18":"span_1_of_4","19":"owp-content-center","20":"item-entry","21":"owp-thumbs-layout-horizontal","22":"owp-btn-normal","23":"owp-tabs-layout-section"},"acf":[],"jetpack_sharing_enabled":true,"_links":{"self":[{"href":"https:\/\/www.hedera-etc.com\/nl\/wp-json\/wp\/v2\/product\/1232","targetHints":{"allow":["GET"]}}],"collection":[{"href":"https:\/\/www.hedera-etc.com\/nl\/wp-json\/wp\/v2\/product"}],"about":[{"href":"https:\/\/www.hedera-etc.com\/nl\/wp-json\/wp\/v2\/types\/product"}],"replies":[{"embeddable":true,"href":"https:\/\/www.hedera-etc.com\/nl\/wp-json\/wp\/v2\/comments?post=1232"}],"version-history":[{"count":3,"href":"https:\/\/www.hedera-etc.com\/nl\/wp-json\/wp\/v2\/product\/1232\/revisions"}],"predecessor-version":[{"id":14265,"href":"https:\/\/www.hedera-etc.com\/nl\/wp-json\/wp\/v2\/product\/1232\/revisions\/14265"}],"wp:featuredmedia":[{"embeddable":true,"href":"https:\/\/www.hedera-etc.com\/nl\/wp-json\/wp\/v2\/media\/1233"}],"wp:attachment":[{"href":"https:\/\/www.hedera-etc.com\/nl\/wp-json\/wp\/v2\/media?parent=1232"}],"wp:term":[{"taxonomy":"product_brand","embeddable":true,"href":"https:\/\/www.hedera-etc.com\/nl\/wp-json\/wp\/v2\/product_brand?post=1232"},{"taxonomy":"product_cat","embeddable":true,"href":"https:\/\/www.hedera-etc.com\/nl\/wp-json\/wp\/v2\/product_cat?post=1232"},{"taxonomy":"product_tag","embeddable":true,"href":"https:\/\/www.hedera-etc.com\/nl\/wp-json\/wp\/v2\/product_tag?post=1232"}],"curies":[{"name":"wp","href":"https:\/\/api.w.org\/{rel}","templated":true}]}}