{"id":1357,"date":"2023-11-03T21:52:24","date_gmt":"2023-11-03T20:52:24","guid":{"rendered":"https:\/\/www.hedera-etc.com\/?post_type=product&#038;p=1357"},"modified":"2026-04-28T07:09:26","modified_gmt":"2026-04-28T05:09:26","slug":"hedera-helix-schaefer-three","status":"publish","type":"product","link":"https:\/\/www.hedera-etc.com\/nl\/product\/hedera-helix-schaefer-three\/","title":{"rendered":"<em>Hedera helix<\/em> &lsquo;Schaefer Three&rsquo; &#8211; Sierklimop"},"content":{"rendered":"<div data-elementor-type=\"product-post\" data-elementor-id=\"1357\" class=\"elementor elementor-1357\" data-elementor-post-type=\"product\">\n\t\t\t\t<div class=\"elementor-element elementor-element-3d68b44 e-con-full e-flex e-con e-child\" data-id=\"3d68b44\" data-element_type=\"container\">\n\t\t\t\t<div class=\"elementor-element elementor-element-1dfbbc29 elementor-widget elementor-widget-text-editor\" data-id=\"1dfbbc29\" data-element_type=\"widget\" data-widget_type=\"text-editor.default\">\n\t\t\t\t<div class=\"elementor-widget-container\">\n\t\t\t\t\t\t\t\t\t<h2><span style=\"color: #f0ffed;\">Sierklimop\u00a0 &#8211; Hedera helix &lsquo;Schaefer Three&rsquo;<\/span><\/h2>\t\t\t\t\t\t\t\t<\/div>\n\t\t\t\t<\/div>\n\t\t\t\t<\/div>\n\t\t<div class=\"elementor-element elementor-element-75c24522 e-flex e-con-boxed e-con e-parent\" data-id=\"75c24522\" data-element_type=\"container\">\n\t\t\t\t\t<div class=\"e-con-inner\">\n\t\t<div class=\"elementor-element elementor-element-6b56f29f e-flex e-con-boxed e-con e-child\" data-id=\"6b56f29f\" data-element_type=\"container\">\n\t\t\t\t\t<div class=\"e-con-inner\">\n\t\t\t\t<div class=\"elementor-element elementor-element-10468b58 elementor-widget elementor-widget-heading\" data-id=\"10468b58\" data-element_type=\"widget\" data-widget_type=\"heading.default\">\n\t\t\t\t<div class=\"elementor-widget-container\">\n\t\t\t\t\t<h2 class=\"elementor-heading-title elementor-size-default\">In een notendop<\/h2>\t\t\t\t<\/div>\n\t\t\t\t<\/div>\n\t\t\t\t<div class=\"elementor-element elementor-element-ca93b90 elementor-widget elementor-widget-text-editor\" data-id=\"ca93b90\" data-element_type=\"widget\" data-widget_type=\"text-editor.default\">\n\t\t\t\t<div class=\"elementor-widget-container\">\n\t\t\t\t\t\t\t\t\t<p>Sierklimop, <strong><em>Hedera helix<\/em> &lsquo;Schaefer Three&rsquo;,<\/strong> is een matig groeikrachtige, klimmende of bodembedekkende klimop met glanzende bladeren met 3 of 5 lobben.<\/p><p>Het blad is gevarieerd met grijze en grijsgroene tinten en witte strepen, allemaal omrand met donkergroen. De bonte schakering is zeer onstabiel.<\/p><p>Deze cultivar is bijzonder geschikt als kamerplant of voor hanging baskets.<\/p>\t\t\t\t\t\t\t\t<\/div>\n\t\t\t\t<\/div>\n\t\t\t\t<div class=\"elementor-element elementor-element-1bef2111 elementor-widget elementor-widget-heading\" data-id=\"1bef2111\" data-element_type=\"widget\" data-widget_type=\"heading.default\">\n\t\t\t\t<div class=\"elementor-widget-container\">\n\t\t\t\t\t<h2 class=\"elementor-heading-title elementor-size-default\">Geschiedenis<\/h2>\t\t\t\t<\/div>\n\t\t\t\t<\/div>\n\t\t\t\t<div class=\"elementor-element elementor-element-5bf92892 elementor-widget elementor-widget-text-editor\" data-id=\"5bf92892\" data-element_type=\"widget\" data-widget_type=\"text-editor.default\">\n\t\t\t\t<div class=\"elementor-widget-container\">\n\t\t\t\t\t\t\t\t\t<p>Ce cultivar fut s\u00e9lectionn\u00e9 par Emil Schaefer, Allemagne, en 1974. C&rsquo;est une am\u00e9lioration de &lsquo;Schaefer One&rsquo; et de &lsquo;Schaefer Two&rsquo;. Ils sont issus d&rsquo;une mutatie de &lsquo;Merion Beauty&rsquo;<\/p>\t\t\t\t\t\t\t\t<\/div>\n\t\t\t\t<\/div>\n\t\t\t\t<div class=\"elementor-element elementor-element-f41dc9 elementor-widget elementor-widget-heading\" data-id=\"f41dc9\" data-element_type=\"widget\" data-widget_type=\"heading.default\">\n\t\t\t\t<div class=\"elementor-widget-container\">\n\t\t\t\t\t<h2 class=\"elementor-heading-title elementor-size-default\">Technische gegevens - Hedera helix 'Schaefer Three'<\/h2>\t\t\t\t<\/div>\n\t\t\t\t<\/div>\n\t\t\t\t<div class=\"elementor-element elementor-element-3affb907 elementor-widget elementor-widget-text-editor\" data-id=\"3affb907\" data-element_type=\"widget\" data-widget_type=\"text-editor.default\">\n\t\t\t\t<div class=\"elementor-widget-container\">\n\t\t\t\t\t\t\t\t\t<h3>Botanische informatie<\/h3>\n<ul>\n<li>Familie: Araliaceae<\/li>\n<li>Geslacht <em><strong>Hedera<\/strong><\/em><\/li>\n<li>Soort : <em>helix<\/em><\/li>\n<li>Teelt : &lsquo;Schaefer Three&rsquo;<\/li>\n<li>Pierot classificatie: standaard klimop, bonte klimop<\/li>\n<li>Loofstadium: juveniel<\/li>\n<li>Oorsprong van de soort: Europa, van Spanje tot Noorwegen, maar weinig aan de Atlantische kust.<\/li>\n<li>Herkomst van de cultivar: mutatie van &lsquo;Merion Beauty&rsquo; s\u00e9lectionn\u00e9 par Emil Schaefer, Allemagne, en 1974.<\/li>\n<\/ul>\n<h3>&nbsp;<\/h3>\n<h3>Beschrijving van Hedera helix &lsquo;Schaefer Three&rsquo;<\/h3>\n<ul>\n<li>Groeiwijze: spreidend, gedrongen<\/li>\n<li>Aantal lobben: over het algemeen 3 tot 5 lobben, soms niet-lobbig en delto\u00efde<\/li>\n<li>Bladlengte: 5 cm<\/li>\n<li>Breedte vel: 4 cm<\/li>\n<li>Bladkleur: verschillende tinten groen, grijs of grijsgroen, met witte strepen en donkergroene randen<\/li>\n<li>Kleur van de nerven: lichtgroen<\/li><li>Blad-apex: scherp<\/li><li>Bladbasis: licht kordaat<\/li>\n<li>Kleur van stengel en bladsteel: rozeachtig tot paars<\/li>\n<li>Haren: gesteeld, 3 tot 5 takken<\/li>\n<\/ul>\n<h3>&nbsp;<\/h3>\n<h3>Tips voor het planten, kweken en verzorgen van Hedera helix &lsquo;Schaefer Three&rsquo;<\/h3>\n<ul>\n<li>Blootstelling: gedeeltelijk schaduw<\/li>\n<li>Winterhardheid: -15\u00b0C<\/li>\n<li>Bodemvocht: koele bodem<\/li>\n<li>Bodem PH: neutraal of kalkrijk<\/li>\n<li>Bodemtype: alle<\/li>\n<li>Bodemrijkdom: gewoon of humushoudend<\/li>\n<li>Gebruik: bodembedekker, klimmer, pot, bloembak, kamerplant, hanging baskets<\/li>\n<li>Ontwikkeling: matig<\/li>\n<li>Snoeien: \u00e9\u00e9n keer per jaar<\/li>\n<li>Ongedierte: zeer zeldzaam (spint, wolluis)<\/li>\n<li>Ziekten: zeer zeldzaam (bladvlekken)<\/li>\n<\/ul>\t\t\t\t\t\t\t\t<\/div>\n\t\t\t\t<\/div>\n\t\t\t\t\t<\/div>\n\t\t\t\t<\/div>\n\t\t\t\t\t<\/div>\n\t\t\t\t<\/div>\n\t\t<div class=\"elementor-element elementor-element-72ceae73 e-flex e-con-boxed e-con e-parent\" data-id=\"72ceae73\" data-element_type=\"container\">\n\t\t\t\t\t<div class=\"e-con-inner\">\n\t\t\t\t<div class=\"elementor-element elementor-element-930e4c8 elementor-widget elementor-widget-image\" data-id=\"930e4c8\" data-element_type=\"widget\" data-widget_type=\"image.default\">\n\t\t\t\t<div class=\"elementor-widget-container\">\n\t\t\t\t\t\t\t\t\t\t\t\t\t\t\t<img fetchpriority=\"high\" decoding=\"async\" width=\"1024\" height=\"146\" src=\"https:\/\/www.hedera-etc.com\/wp-content\/uploads\/2023\/10\/guirlande-1024x146.webp\" class=\"attachment-large size-large wp-image-116\" alt=\"La boutique du lierre - Krans van klimop\" srcset=\"https:\/\/www.hedera-etc.com\/wp-content\/uploads\/2023\/10\/guirlande-1024x146.webp 1024w, https:\/\/www.hedera-etc.com\/wp-content\/uploads\/2023\/10\/guirlande-900x129.webp 900w, https:\/\/www.hedera-etc.com\/wp-content\/uploads\/2023\/10\/guirlande-300x43.webp 300w, https:\/\/www.hedera-etc.com\/wp-content\/uploads\/2023\/10\/guirlande-768x110.webp 768w, https:\/\/www.hedera-etc.com\/wp-content\/uploads\/2023\/10\/guirlande.webp 1126w\" sizes=\"(max-width: 1024px) 100vw, 1024px\" \/>\t\t\t\t\t\t\t\t\t\t\t\t\t\t\t<\/div>\n\t\t\t\t<\/div>\n\t\t\t\t<div class=\"elementor-element elementor-element-2d7d5be6 elementor-widget elementor-widget-text-editor\" data-id=\"2d7d5be6\" data-element_type=\"widget\" data-widget_type=\"text-editor.default\">\n\t\t\t\t<div class=\"elementor-widget-container\">\n\t\t\t\t\t\t\t\t\t<h3 style=\"text-align: center;\"><span style=\"color: #008000;\">Ivy in de literatuur<\/span><\/h3><blockquote><p style=\"text-align: center;\"><span style=\"color: #993366;\">\u201cDe met klimop bedekte muren van het kasteel leken oude geheimen en vergeten gefluister te herbergen.<\/span><span style=\"color: #993366;\">\u201d<\/span><\/p><\/blockquote><h5 style=\"text-align: right;\">Emily Bront\u00eb, Wuthering Heights<\/h5>\t\t\t\t\t\t\t\t<\/div>\n\t\t\t\t<\/div>\n\t\t\t\t\t<\/div>\n\t\t\t\t<\/div>\n\t\t\t\t<\/div>","protected":false},"excerpt":{"rendered":"<p>Een matig groeikrachtige, klimmende of bodembedekkende klimop met glanzende 3- of 5-lobbige bladeren.<\/p>\n<p>De bladeren zijn bont met grijze en grijsgroene tinten en witte strepen, omrand met donkergroen. Onstabiele bonte schakering.<\/p>\n<p>Bijzonder geschikt als kamerplant of voor hanging baskets.<\/p>","protected":false},"featured_media":1358,"comment_status":"open","ping_status":"closed","template":"","meta":{"_acf_changed":false,"ocean_post_layout":"","ocean_both_sidebars_style":"","ocean_both_sidebars_content_width":0,"ocean_both_sidebars_sidebars_width":0,"ocean_sidebar":"0","ocean_second_sidebar":"0","ocean_disable_margins":"enable","ocean_add_body_class":"","ocean_shortcode_before_top_bar":"","ocean_shortcode_after_top_bar":"","ocean_shortcode_before_header":"","ocean_shortcode_after_header":"","ocean_has_shortcode":"","ocean_shortcode_after_title":"","ocean_shortcode_before_footer_widgets":"","ocean_shortcode_after_footer_widgets":"","ocean_shortcode_before_footer_bottom":"","ocean_shortcode_after_footer_bottom":"","ocean_display_top_bar":"default","ocean_display_header":"default","ocean_header_style":"","ocean_center_header_left_menu":"0","ocean_custom_header_template":"0","ocean_custom_logo":0,"ocean_custom_retina_logo":0,"ocean_custom_logo_max_width":0,"ocean_custom_logo_tablet_max_width":0,"ocean_custom_logo_mobile_max_width":0,"ocean_custom_logo_max_height":0,"ocean_custom_logo_tablet_max_height":0,"ocean_custom_logo_mobile_max_height":0,"ocean_header_custom_menu":"0","ocean_menu_typo_font_family":"0","ocean_menu_typo_font_subset":"","ocean_menu_typo_font_size":0,"ocean_menu_typo_font_size_tablet":0,"ocean_menu_typo_font_size_mobile":0,"ocean_menu_typo_font_size_unit":"px","ocean_menu_typo_font_weight":"","ocean_menu_typo_font_weight_tablet":"","ocean_menu_typo_font_weight_mobile":"","ocean_menu_typo_transform":"","ocean_menu_typo_transform_tablet":"","ocean_menu_typo_transform_mobile":"","ocean_menu_typo_line_height":0,"ocean_menu_typo_line_height_tablet":0,"ocean_menu_typo_line_height_mobile":0,"ocean_menu_typo_line_height_unit":"","ocean_menu_typo_spacing":0,"ocean_menu_typo_spacing_tablet":0,"ocean_menu_typo_spacing_mobile":0,"ocean_menu_typo_spacing_unit":"","ocean_menu_link_color":"","ocean_menu_link_color_hover":"","ocean_menu_link_color_active":"","ocean_menu_link_background":"","ocean_menu_link_hover_background":"","ocean_menu_link_active_background":"","ocean_menu_social_links_bg":"","ocean_menu_social_hover_links_bg":"","ocean_menu_social_links_color":"","ocean_menu_social_hover_links_color":"","ocean_disable_title":"default","ocean_disable_heading":"default","ocean_post_title":"","ocean_post_subheading":"","ocean_post_title_style":"","ocean_post_title_background_color":"","ocean_post_title_background":0,"ocean_post_title_bg_image_position":"","ocean_post_title_bg_image_attachment":"","ocean_post_title_bg_image_repeat":"","ocean_post_title_bg_image_size":"","ocean_post_title_height":0,"ocean_post_title_bg_overlay":0.5,"ocean_post_title_bg_overlay_color":"","ocean_disable_breadcrumbs":"default","ocean_breadcrumbs_color":"","ocean_breadcrumbs_separator_color":"","ocean_breadcrumbs_links_color":"","ocean_breadcrumbs_links_hover_color":"","ocean_display_footer_widgets":"default","ocean_display_footer_bottom":"default","ocean_custom_footer_template":"0"},"product_brand":[],"product_cat":[134],"product_tag":[],"class_list":{"0":"post-1357","1":"product","2":"type-product","3":"status-publish","4":"has-post-thumbnail","6":"product_cat-lierre","8":"entry","9":"has-media","11":"first","12":"instock","13":"purchasable","14":"product-type-variable","15":"has-default-attributes","16":"has-product-nav","17":"col","18":"span_1_of_4","19":"owp-content-center","20":"item-entry","21":"owp-thumbs-layout-horizontal","22":"owp-btn-normal","23":"owp-tabs-layout-section"},"acf":[],"jetpack_sharing_enabled":true,"_links":{"self":[{"href":"https:\/\/www.hedera-etc.com\/nl\/wp-json\/wp\/v2\/product\/1357","targetHints":{"allow":["GET"]}}],"collection":[{"href":"https:\/\/www.hedera-etc.com\/nl\/wp-json\/wp\/v2\/product"}],"about":[{"href":"https:\/\/www.hedera-etc.com\/nl\/wp-json\/wp\/v2\/types\/product"}],"replies":[{"embeddable":true,"href":"https:\/\/www.hedera-etc.com\/nl\/wp-json\/wp\/v2\/comments?post=1357"}],"version-history":[{"count":4,"href":"https:\/\/www.hedera-etc.com\/nl\/wp-json\/wp\/v2\/product\/1357\/revisions"}],"predecessor-version":[{"id":15856,"href":"https:\/\/www.hedera-etc.com\/nl\/wp-json\/wp\/v2\/product\/1357\/revisions\/15856"}],"wp:featuredmedia":[{"embeddable":true,"href":"https:\/\/www.hedera-etc.com\/nl\/wp-json\/wp\/v2\/media\/1358"}],"wp:attachment":[{"href":"https:\/\/www.hedera-etc.com\/nl\/wp-json\/wp\/v2\/media?parent=1357"}],"wp:term":[{"taxonomy":"product_brand","embeddable":true,"href":"https:\/\/www.hedera-etc.com\/nl\/wp-json\/wp\/v2\/product_brand?post=1357"},{"taxonomy":"product_cat","embeddable":true,"href":"https:\/\/www.hedera-etc.com\/nl\/wp-json\/wp\/v2\/product_cat?post=1357"},{"taxonomy":"product_tag","embeddable":true,"href":"https:\/\/www.hedera-etc.com\/nl\/wp-json\/wp\/v2\/product_tag?post=1357"}],"curies":[{"name":"wp","href":"https:\/\/api.w.org\/{rel}","templated":true}]}}