{"id":17737,"date":"2025-12-12T21:32:53","date_gmt":"2025-12-12T20:32:53","guid":{"rendered":"https:\/\/www.hedera-etc.com\/?post_type=product&#038;p=17737"},"modified":"2026-04-28T07:09:17","modified_gmt":"2026-04-28T05:09:17","slug":"hedera-hibernica-maculata-volwassen","status":"publish","type":"product","link":"https:\/\/www.hedera-etc.com\/nl\/product\/hedera-hibernica-maculata-adulte\/","title":{"rendered":"<em>Hedera hibernica<\/em> &lsquo;Maculata&rsquo; volwassen &#8211; Ierse klimop"},"content":{"rendered":"<div data-elementor-type=\"product-post\" data-elementor-id=\"17737\" class=\"elementor elementor-17737\" data-elementor-post-type=\"product\">\n\t\t\t\t<div class=\"elementor-element elementor-element-28572dea e-con-full e-flex e-con e-child\" data-id=\"28572dea\" data-element_type=\"container\">\n\t\t\t\t<div class=\"elementor-element elementor-element-12c86326 elementor-widget elementor-widget-text-editor\" data-id=\"12c86326\" data-element_type=\"widget\" data-widget_type=\"text-editor.default\">\n\t\t\t\t<div class=\"elementor-widget-container\">\n\t\t\t\t\t\t\t\t\t<h2><span style=\"color: #f0ffed;\">Ierse klimop - Hedera hibernica \u2018Maculata\u2019 volwassen<\/span><\/h2>\t\t\t\t\t\t\t\t<\/div>\n\t\t\t\t<\/div>\n\t\t\t\t<\/div>\n\t\t<div class=\"elementor-element elementor-element-6e6559ec e-flex e-con-boxed e-con e-parent\" data-id=\"6e6559ec\" data-element_type=\"container\">\n\t\t\t\t\t<div class=\"e-con-inner\">\n\t\t<div class=\"elementor-element elementor-element-556af076 e-flex e-con-boxed e-con e-child\" data-id=\"556af076\" data-element_type=\"container\">\n\t\t\t\t\t<div class=\"e-con-inner\">\n\t\t\t\t<div class=\"elementor-element elementor-element-4ab5e4cb elementor-widget elementor-widget-heading\" data-id=\"4ab5e4cb\" data-element_type=\"widget\" data-widget_type=\"heading.default\">\n\t\t\t\t<div class=\"elementor-widget-container\">\n\t\t\t\t\t<h2 class=\"elementor-heading-title elementor-size-default\">In een notendop<\/h2>\t\t\t\t<\/div>\n\t\t\t\t<\/div>\n\t\t\t\t<div class=\"elementor-element elementor-element-3ad83f3b elementor-widget elementor-widget-text-editor\" data-id=\"3ad83f3b\" data-element_type=\"widget\" data-widget_type=\"text-editor.default\">\n\t\t\t\t<div class=\"elementor-widget-container\">\n\t\t\t\t\t\t\t\t\t<p>Ierse klimop, <strong><em>Hedera hibernica<\/em> &lsquo;Maculata<\/strong>\u2018is een struikachtige klimop met dikke, glanzende bladeren die bezaaid zijn met cr\u00e8mekleurige of zelfs roze vlekken, zoals de jeugdvorm, maar met minder uitgesproken kleurschakeringen.<\/p><p>Het blad heeft 0 tot 5 zeer ondiepe lobben. De bladvoet is vaak afgeknot.<\/p><p>Dit is een volwassen vari\u00ebteit die in de late herfst bloeit in de vorm van groenachtige bloemschermen. De zwarte bessen verschijnen in de winter.<\/p>\t\t\t\t\t\t\t\t<\/div>\n\t\t\t\t<\/div>\n\t\t\t\t<div class=\"elementor-element elementor-element-1be7c570 elementor-widget elementor-widget-heading\" data-id=\"1be7c570\" data-element_type=\"widget\" data-widget_type=\"heading.default\">\n\t\t\t\t<div class=\"elementor-widget-container\">\n\t\t\t\t\t<h2 class=\"elementor-heading-title elementor-size-default\">Geschiedenis<\/h2>\t\t\t\t<\/div>\n\t\t\t\t<\/div>\n\t\t\t\t<div class=\"elementor-element elementor-element-68415978 elementor-widget elementor-widget-text-editor\" data-id=\"68415978\" data-element_type=\"widget\" data-widget_type=\"text-editor.default\">\n\t\t\t\t<div class=\"elementor-widget-container\">\n\t\t\t\t\t\t\t\t\t<p>H<i>edera winterslaap<\/i>a &lsquo;Maculata&rsquo;, probablement d\u00e9j\u00e0 connu vers 1860, fut seulement d\u00e9nomm\u00e9 et d\u00e9crit en 1914 par WJ Bean.<\/p>\t\t\t\t\t\t\t\t<\/div>\n\t\t\t\t<\/div>\n\t\t\t\t<div class=\"elementor-element elementor-element-7c022124 elementor-widget elementor-widget-heading\" data-id=\"7c022124\" data-element_type=\"widget\" data-widget_type=\"heading.default\">\n\t\t\t\t<div class=\"elementor-widget-container\">\n\t\t\t\t\t<h2 class=\"elementor-heading-title elementor-size-default\">Technische details - Volwassen Hedera hibernica 'Maculata<\/h2>\t\t\t\t<\/div>\n\t\t\t\t<\/div>\n\t\t\t\t<div class=\"elementor-element elementor-element-774011cc elementor-widget elementor-widget-text-editor\" data-id=\"774011cc\" data-element_type=\"widget\" data-widget_type=\"text-editor.default\">\n\t\t\t\t<div class=\"elementor-widget-container\">\n\t\t\t\t\t\t\t\t\t<h3>Botanische informatie<\/h3><ul><li>Familie: Araliaceae<\/li><li>Geslacht <em><strong>Hedera<\/strong><\/em><\/li><li>Soort : <em>hibernica<\/em><\/li><li>Cultivar: Volwassen \u2018Maculata<\/li><li>Pierot classificatie: volwassen klimop, bonte klimop<\/li><li>Loofstadium: volwassen<\/li><li>Oorsprong van de soort: Europa, Atlantische kust, van Portugal tot Schotland<\/li><li>Oorsprong van de cultivar: bekend sinds 1862, beschreven en benoemd in 1914 door WJ Bean.<\/li><\/ul><h3>\u00a0<\/h3><h3>Beschrijving van volwassen Hedera hibernica \u2018Maculata<\/h3><ul><li>Groeiwijze: struikachtig<\/li><li>Aantal lobben: 0 tot 5 zeer vage lobben indien aanwezig<\/li><li>Bladlengte: 7 tot 10 cm<\/li><li>Bladbreedte: 7 tot 10 cm<\/li><li>Kleur van het blad: cr\u00e8megroen<\/li><li>Kleurvariatie: een paar tinten roze bij koud weer<\/li><li>Kleur van de nerven: groen en cr\u00e8me<\/li><li>Kleur van stengel en bladsteel: groen<\/li><li>Haren: gesteeld, klein<\/li><\/ul><h3>\u00a0<\/h3><h3>Plant-, kweek- en verzorgingsinstructies voor volgroeide Hedera hibernica \u2018Maculata<\/h3><ul><li>Blootstelling: zon, halfschaduw<\/li><li>Winterhardheid: -15\u00b0C<\/li><li>Bodemvocht: koele bodem<\/li><li>Bodem PH: alle<\/li><li>Bodemtype: alle<\/li><li>Bodemrijkdom: gewoon of humushoudend<\/li><li>Gebruik: potten, bloembakken, rotstuin, ge\u00efsoleerd<\/li><li>Ontwikkeling: gemiddeld<\/li><li>Snoeien: \u00e9\u00e9n keer per jaar<\/li><li>Ongedierte: zeer zeldzaam (spint, wolluis)<\/li><li>Ziekten: zeer zeldzaam (bladvlekken)<\/li><\/ul>\t\t\t\t\t\t\t\t<\/div>\n\t\t\t\t<\/div>\n\t\t\t\t\t<\/div>\n\t\t\t\t<\/div>\n\t\t\t\t\t<\/div>\n\t\t\t\t<\/div>\n\t\t<div class=\"elementor-element elementor-element-22b9c520 e-flex e-con-boxed e-con e-parent\" data-id=\"22b9c520\" data-element_type=\"container\">\n\t\t\t\t\t<div class=\"e-con-inner\">\n\t\t\t\t<div class=\"elementor-element elementor-element-309b0c7c elementor-widget elementor-widget-image\" data-id=\"309b0c7c\" data-element_type=\"widget\" data-widget_type=\"image.default\">\n\t\t\t\t<div class=\"elementor-widget-container\">\n\t\t\t\t\t\t\t\t\t\t\t\t\t\t\t<img fetchpriority=\"high\" decoding=\"async\" width=\"1024\" height=\"146\" src=\"https:\/\/www.hedera-etc.com\/wp-content\/uploads\/2023\/10\/guirlande-1024x146.webp\" class=\"attachment-large size-large wp-image-116\" alt=\"La boutique du lierre - Krans van klimop\" srcset=\"https:\/\/www.hedera-etc.com\/wp-content\/uploads\/2023\/10\/guirlande-1024x146.webp 1024w, https:\/\/www.hedera-etc.com\/wp-content\/uploads\/2023\/10\/guirlande-900x129.webp 900w, https:\/\/www.hedera-etc.com\/wp-content\/uploads\/2023\/10\/guirlande-300x43.webp 300w, https:\/\/www.hedera-etc.com\/wp-content\/uploads\/2023\/10\/guirlande-768x110.webp 768w, https:\/\/www.hedera-etc.com\/wp-content\/uploads\/2023\/10\/guirlande.webp 1126w\" sizes=\"(max-width: 1024px) 100vw, 1024px\" \/>\t\t\t\t\t\t\t\t\t\t\t\t\t\t\t<\/div>\n\t\t\t\t<\/div>\n\t\t\t\t<div class=\"elementor-element elementor-element-3f1d1692 elementor-widget elementor-widget-text-editor\" data-id=\"3f1d1692\" data-element_type=\"widget\" data-widget_type=\"text-editor.default\">\n\t\t\t\t<div class=\"elementor-widget-container\">\n\t\t\t\t\t\t\t\t\t<h3 style=\"text-align: center;\"><span style=\"color: #008000;\">Ivy in de literatuur<\/span><\/h3><blockquote><p style=\"text-align: center;\"><span style=\"color: #993366;\">\u00abHet leidde rechtstreeks naar een stenen paviljoen, verborgen onder klimop, dat waarschijnlijk ooit een wachtershuisje was geweest.\u201d<\/span><\/p><\/blockquote><h5 style=\"text-align: right;\">Anatole France, \u00abLa r\u00f4tisserie de la Reine P\u00e9dauque\u00bb (De braadpan van koningin Pedauque)\u00bb<\/h5>\t\t\t\t\t\t\t\t<\/div>\n\t\t\t\t<\/div>\n\t\t\t\t\t<\/div>\n\t\t\t\t<\/div>\n\t\t\t\t<\/div>","protected":false},"excerpt":{"rendered":"<p>Struikachtige klimop met dikke, glanzende bladeren die bezaaid zijn met cr\u00e8me of zelfs roze.<\/p>\n<p>Blad met 0 tot 5 zeer vage lobben. Bladbasis vaak afgeknot.<\/p>\n<p>Een volgroeide vari\u00ebteit die in de late herfst bloeit in de vorm van groenachtige bloemschermen. Vruchten in de winter.<\/p>","protected":false},"featured_media":17742,"comment_status":"open","ping_status":"closed","template":"","meta":{"_acf_changed":false,"ocean_post_layout":"","ocean_both_sidebars_style":"","ocean_both_sidebars_content_width":0,"ocean_both_sidebars_sidebars_width":0,"ocean_sidebar":"0","ocean_second_sidebar":"0","ocean_disable_margins":"enable","ocean_add_body_class":"","ocean_shortcode_before_top_bar":"","ocean_shortcode_after_top_bar":"","ocean_shortcode_before_header":"","ocean_shortcode_after_header":"","ocean_has_shortcode":"","ocean_shortcode_after_title":"","ocean_shortcode_before_footer_widgets":"","ocean_shortcode_after_footer_widgets":"","ocean_shortcode_before_footer_bottom":"","ocean_shortcode_after_footer_bottom":"","ocean_display_top_bar":"default","ocean_display_header":"default","ocean_header_style":"","ocean_center_header_left_menu":"0","ocean_custom_header_template":"0","ocean_custom_logo":0,"ocean_custom_retina_logo":0,"ocean_custom_logo_max_width":0,"ocean_custom_logo_tablet_max_width":0,"ocean_custom_logo_mobile_max_width":0,"ocean_custom_logo_max_height":0,"ocean_custom_logo_tablet_max_height":0,"ocean_custom_logo_mobile_max_height":0,"ocean_header_custom_menu":"0","ocean_menu_typo_font_family":"0","ocean_menu_typo_font_subset":"","ocean_menu_typo_font_size":0,"ocean_menu_typo_font_size_tablet":0,"ocean_menu_typo_font_size_mobile":0,"ocean_menu_typo_font_size_unit":"px","ocean_menu_typo_font_weight":"","ocean_menu_typo_font_weight_tablet":"","ocean_menu_typo_font_weight_mobile":"","ocean_menu_typo_transform":"","ocean_menu_typo_transform_tablet":"","ocean_menu_typo_transform_mobile":"","ocean_menu_typo_line_height":0,"ocean_menu_typo_line_height_tablet":0,"ocean_menu_typo_line_height_mobile":0,"ocean_menu_typo_line_height_unit":"","ocean_menu_typo_spacing":0,"ocean_menu_typo_spacing_tablet":0,"ocean_menu_typo_spacing_mobile":0,"ocean_menu_typo_spacing_unit":"","ocean_menu_link_color":"","ocean_menu_link_color_hover":"","ocean_menu_link_color_active":"","ocean_menu_link_background":"","ocean_menu_link_hover_background":"","ocean_menu_link_active_background":"","ocean_menu_social_links_bg":"","ocean_menu_social_hover_links_bg":"","ocean_menu_social_links_color":"","ocean_menu_social_hover_links_color":"","ocean_disable_title":"default","ocean_disable_heading":"default","ocean_post_title":"","ocean_post_subheading":"","ocean_post_title_style":"","ocean_post_title_background_color":"","ocean_post_title_background":0,"ocean_post_title_bg_image_position":"","ocean_post_title_bg_image_attachment":"","ocean_post_title_bg_image_repeat":"","ocean_post_title_bg_image_size":"","ocean_post_title_height":0,"ocean_post_title_bg_overlay":0.5,"ocean_post_title_bg_overlay_color":"","ocean_disable_breadcrumbs":"default","ocean_breadcrumbs_color":"","ocean_breadcrumbs_separator_color":"","ocean_breadcrumbs_links_color":"","ocean_breadcrumbs_links_hover_color":"","ocean_display_footer_widgets":"default","ocean_display_footer_bottom":"default","ocean_custom_footer_template":"0"},"product_brand":[],"product_cat":[134],"product_tag":[],"class_list":{"0":"post-17737","1":"product","2":"type-product","3":"status-publish","4":"has-post-thumbnail","6":"product_cat-lierre","8":"entry","9":"has-media","11":"first","12":"instock","13":"purchasable","14":"product-type-variable","15":"has-default-attributes","16":"has-product-nav","17":"col","18":"span_1_of_4","19":"owp-content-center","20":"item-entry","21":"owp-thumbs-layout-horizontal","22":"owp-btn-normal","23":"owp-tabs-layout-section"},"acf":[],"jetpack_sharing_enabled":true,"_links":{"self":[{"href":"https:\/\/www.hedera-etc.com\/nl\/wp-json\/wp\/v2\/product\/17737","targetHints":{"allow":["GET"]}}],"collection":[{"href":"https:\/\/www.hedera-etc.com\/nl\/wp-json\/wp\/v2\/product"}],"about":[{"href":"https:\/\/www.hedera-etc.com\/nl\/wp-json\/wp\/v2\/types\/product"}],"replies":[{"embeddable":true,"href":"https:\/\/www.hedera-etc.com\/nl\/wp-json\/wp\/v2\/comments?post=17737"}],"version-history":[{"count":8,"href":"https:\/\/www.hedera-etc.com\/nl\/wp-json\/wp\/v2\/product\/17737\/revisions"}],"predecessor-version":[{"id":17799,"href":"https:\/\/www.hedera-etc.com\/nl\/wp-json\/wp\/v2\/product\/17737\/revisions\/17799"}],"wp:featuredmedia":[{"embeddable":true,"href":"https:\/\/www.hedera-etc.com\/nl\/wp-json\/wp\/v2\/media\/17742"}],"wp:attachment":[{"href":"https:\/\/www.hedera-etc.com\/nl\/wp-json\/wp\/v2\/media?parent=17737"}],"wp:term":[{"taxonomy":"product_brand","embeddable":true,"href":"https:\/\/www.hedera-etc.com\/nl\/wp-json\/wp\/v2\/product_brand?post=17737"},{"taxonomy":"product_cat","embeddable":true,"href":"https:\/\/www.hedera-etc.com\/nl\/wp-json\/wp\/v2\/product_cat?post=17737"},{"taxonomy":"product_tag","embeddable":true,"href":"https:\/\/www.hedera-etc.com\/nl\/wp-json\/wp\/v2\/product_tag?post=17737"}],"curies":[{"name":"wp","href":"https:\/\/api.w.org\/{rel}","templated":true}]}}