{"id":1888,"date":"2023-11-10T19:27:17","date_gmt":"2023-11-10T18:27:17","guid":{"rendered":"https:\/\/www.hedera-etc.com\/?post_type=product&#038;p=1888"},"modified":"2026-04-28T07:09:23","modified_gmt":"2026-04-28T05:09:23","slug":"hedera-nepalensis-suzanne","status":"publish","type":"product","link":"https:\/\/www.hedera-etc.com\/nl\/product\/hedera-nepalensis-suzanne\/","title":{"rendered":"<em>Hedera nepalensis<\/em> &lsquo;Suzanne&rsquo; &#8211; Klimop uit Nepal"},"content":{"rendered":"\t\t<div data-elementor-type=\"product-post\" data-elementor-id=\"1888\" class=\"elementor elementor-1888\" data-elementor-post-type=\"product\">\n\t\t\t\t<div class=\"elementor-element elementor-element-2ccf0af6 e-con-full e-flex e-con e-child\" data-id=\"2ccf0af6\" data-element_type=\"container\">\n\t\t\t\t<div class=\"elementor-element elementor-element-1167dd1e elementor-widget elementor-widget-text-editor\" data-id=\"1167dd1e\" data-element_type=\"widget\" data-widget_type=\"text-editor.default\">\n\t\t\t\t<div class=\"elementor-widget-container\">\n\t\t\t\t\t\t\t\t\t<h2 style=\"font-variant-ligatures: normal; font-variant-caps: normal; font-family: Spectral, sans-serif; font-style: normal;\"><span style=\"font-size: 30px; color: #f0ffed;\">Le lierre du N\u00e9pal\u00a0 &#8211; Hedera nepalensis &lsquo;Suzanne&rsquo;<\/span><\/h2>\t\t\t\t\t\t\t\t<\/div>\n\t\t\t\t<\/div>\n\t\t\t\t<\/div>\n\t\t<div class=\"elementor-element elementor-element-455600e0 e-flex e-con-boxed e-con e-parent\" data-id=\"455600e0\" data-element_type=\"container\">\n\t\t\t\t\t<div class=\"e-con-inner\">\n\t\t<div class=\"elementor-element elementor-element-602df96f e-flex e-con-boxed e-con e-child\" data-id=\"602df96f\" data-element_type=\"container\">\n\t\t\t\t\t<div class=\"e-con-inner\">\n\t\t\t\t<div class=\"elementor-element elementor-element-6f17d543 elementor-widget elementor-widget-heading\" data-id=\"6f17d543\" data-element_type=\"widget\" data-widget_type=\"heading.default\">\n\t\t\t\t<div class=\"elementor-widget-container\">\n\t\t\t\t\t<h2 class=\"elementor-heading-title elementor-size-default\">En r\u00e9sum\u00e9<\/h2>\t\t\t\t<\/div>\n\t\t\t\t<\/div>\n\t\t\t\t<div class=\"elementor-element elementor-element-53c4536e elementor-widget elementor-widget-text-editor\" data-id=\"53c4536e\" data-element_type=\"widget\" data-widget_type=\"text-editor.default\">\n\t\t\t\t<div class=\"elementor-widget-container\">\n\t\t\t\t\t\t\t\t\t<p>Le lierre du N\u00e9pal, <strong><em>Hedera nepalensis<\/em> &lsquo;Suzanne&rsquo;<\/strong>, est un \u00e9l\u00e9gant cultivar, assez vigoureux et branchu.<\/p><p>La feuille, de forme triangulaire, pr\u00e9sente un lobe central tr\u00e8s long, surmont\u00e9 de lobes lat\u00e9raux plus ou moins d\u00e9velopp\u00e9s. La feuille mesure 8 cm x 4 cm. Elle est de couleur vert fonc\u00e9 avec des nervures grises. Elle prend une belle teinte rouge en hiver par temps sec et froid.<\/p><p>C&rsquo;est un lierre qui supporte bien le soleil. Il fait partie des lierres utilisables en rocaille.<\/p>\t\t\t\t\t\t\t\t<\/div>\n\t\t\t\t<\/div>\n\t\t\t\t<div class=\"elementor-element elementor-element-bd96bdb elementor-widget elementor-widget-heading\" data-id=\"bd96bdb\" data-element_type=\"widget\" data-widget_type=\"heading.default\">\n\t\t\t\t<div class=\"elementor-widget-container\">\n\t\t\t\t\t<h2 class=\"elementor-heading-title elementor-size-default\">Historique<\/h2>\t\t\t\t<\/div>\n\t\t\t\t<\/div>\n\t\t\t\t<div class=\"elementor-element elementor-element-2ba25d5 elementor-widget elementor-widget-text-editor\" data-id=\"2ba25d5\" data-element_type=\"widget\" data-widget_type=\"text-editor.default\">\n\t\t\t\t<div class=\"elementor-widget-container\">\n\t\t\t\t\t\t\t\t\t<p>Cette plante a \u00e9t\u00e9 trouv\u00e9e au N\u00e9pal en 1975, d&rsquo;o\u00f9 elle fut ramen\u00e9e par une \u00e9quipe du D\u00e9partement de l&rsquo;Agriculture des Etats-Unis. La plante poussait \u00e0 plus de 2600 m\u00e8tres d&rsquo;altitude, grimpant sur des ch\u00eanes.<\/p><p>Elle fut nomm\u00e9e &lsquo;Suzanne&rsquo; en l&rsquo;honneur de Suzanne Pierot, fondatrice et pr\u00e9sidente de la Soci\u00e9t\u00e9 Am\u00e9ricaine du lierre.<\/p>\t\t\t\t\t\t\t\t<\/div>\n\t\t\t\t<\/div>\n\t\t\t\t<div class=\"elementor-element elementor-element-1f6b071c elementor-widget elementor-widget-heading\" data-id=\"1f6b071c\" data-element_type=\"widget\" data-widget_type=\"heading.default\">\n\t\t\t\t<div class=\"elementor-widget-container\">\n\t\t\t\t\t<h2 class=\"elementor-heading-title elementor-size-default\">Fiche technique - Lierre du N\u00e9pal 'Suzanne'<\/h2>\t\t\t\t<\/div>\n\t\t\t\t<\/div>\n\t\t\t\t<div class=\"elementor-element elementor-element-4bf44b7e elementor-widget elementor-widget-text-editor\" data-id=\"4bf44b7e\" data-element_type=\"widget\" data-widget_type=\"text-editor.default\">\n\t\t\t\t<div class=\"elementor-widget-container\">\n\t\t\t\t\t\t\t\t\t<h3>Informations botaniques<\/h3><ul><li>Famille : Araliac\u00e9es<\/li><li>Genre : <em><strong>Hedera<\/strong><\/em><\/li><li>Esp\u00e8ce : <em>nepalensis<\/em><\/li><li>Cultivar : &lsquo;Suzanne&rsquo;<\/li><li>Classification Pierot : lierre aux feuilles en forme de pattes d&rsquo;oiseau<\/li><li>Stade feuillage : juv\u00e9nile<\/li><li>Origine\u00a0 de l&rsquo;esp\u00e8ce : Chine, Indochine, subcontinent indien<\/li><li>Origine du cultivar : trouv\u00e9 au N\u00e9pal \u00e0 plus de 2600 m\u00e8tres d&rsquo;altitude, en 1975.<\/li><\/ul><h3>\u00a0<\/h3><h3>Description de Hedera nepalensis &lsquo;Suzanne&rsquo;<\/h3><ul><li>Port : \u00e9tal\u00e9<\/li><li>Nombre de lobes : 3 \u00e0 5 lobes en g\u00e9n\u00e9ral<\/li><li>Longueur de la feuille : 8 cm<\/li><li>Largeur de la feuille : 4 cm<\/li><li>Couleur de la feuille : vert fonc\u00e9, mat<\/li><li>Couleur des nervures : gris vert<\/li><li>Tige : bien ramifi\u00e9e<\/li><li>Couleur tige et p\u00e9tiole : pourpre verd\u00e2tre<\/li><li>Poils : \u00e9cailleux, petits, ramifications pointues<\/li><\/ul><h3>\u00a0<\/h3><h3>Conseils plantation, culture et entretien de Hedera nepalensis &lsquo;Suzanne&rsquo;<\/h3><ul><li>Exposition : soleil, mi-ombre<\/li><li>Rusticit\u00e9 : -13\u00b0C<\/li><li>Humidit\u00e9 du sol : sol frais<\/li><li>PH du sol : tous<\/li><li>Type de sol : tous<\/li><li>Richesse du sol : ordinaire ou humif\u00e8re<\/li><li>Utilisation : couvre-sol, grimpant, rocaille, pot\u00e9es, jardini\u00e8res<\/li><li>D\u00e9veloppement : mod\u00e9r\u00e9<\/li><li>Taille : une fois par an<\/li><li>Ravageurs : tr\u00e8s rares (araign\u00e9es rouges, cochenilles)<\/li><li>Maladies : tr\u00e8s rares (taches sur les feuilles)<\/li><\/ul>\t\t\t\t\t\t\t\t<\/div>\n\t\t\t\t<\/div>\n\t\t\t\t\t<\/div>\n\t\t\t\t<\/div>\n\t\t\t\t\t<\/div>\n\t\t\t\t<\/div>\n\t\t<div class=\"elementor-element elementor-element-6a82270b e-flex e-con-boxed e-con e-parent\" data-id=\"6a82270b\" data-element_type=\"container\">\n\t\t\t\t\t<div class=\"e-con-inner\">\n\t\t<div class=\"elementor-element elementor-element-1d17588c e-flex e-con-boxed e-con e-child\" data-id=\"1d17588c\" data-element_type=\"container\" data-settings=\"{&quot;background_background&quot;:&quot;classic&quot;,&quot;shape_divider_top&quot;:&quot;mountains&quot;}\">\n\t\t\t\t\t<div class=\"e-con-inner\">\n\t\t\t\t<div class=\"elementor-shape elementor-shape-top\" data-negative=\"false\">\n\t\t\t<svg xmlns=\"http:\/\/www.w3.org\/2000\/svg\" viewBox=\"0 0 1000 100\" preserveAspectRatio=\"none\">\n\t<path class=\"elementor-shape-fill\" opacity=\"0.33\" d=\"M473,67.3c-203.9,88.3-263.1-34-320.3,0C66,119.1,0,59.7,0,59.7V0h1000v59.7 c0,0-62.1,26.1-94.9,29.3c-32.8,3.3-62.8-12.3-75.8-22.1C806,49.6,745.3,8.7,694.9,4.7S492.4,59,473,67.3z\"\/>\n\t<path class=\"elementor-shape-fill\" opacity=\"0.66\" d=\"M734,67.3c-45.5,0-77.2-23.2-129.1-39.1c-28.6-8.7-150.3-10.1-254,39.1 s-91.7-34.4-149.2,0C115.7,118.3,0,39.8,0,39.8V0h1000v36.5c0,0-28.2-18.5-92.1-18.5C810.2,18.1,775.7,67.3,734,67.3z\"\/>\n\t<path class=\"elementor-shape-fill\" d=\"M766.1,28.9c-200-57.5-266,65.5-395.1,19.5C242,1.8,242,5.4,184.8,20.6C128,35.8,132.3,44.9,89.9,52.5C28.6,63.7,0,0,0,0 h1000c0,0-9.9,40.9-83.6,48.1S829.6,47,766.1,28.9z\"\/>\n<\/svg>\t\t<\/div>\n\t\t\t\t<div class=\"elementor-element elementor-element-736a9c35 elementor-widget__width-initial elementor-widget elementor-widget-image\" data-id=\"736a9c35\" data-element_type=\"widget\" data-widget_type=\"image.default\">\n\t\t\t\t<div class=\"elementor-widget-container\">\n\t\t\t\t\t\t\t\t\t\t\t\t\t\t\t<img fetchpriority=\"high\" decoding=\"async\" width=\"300\" height=\"180\" src=\"https:\/\/www.hedera-etc.com\/wp-content\/uploads\/2024\/11\/vecteezy_simplicity-ivy-freehand-drawing_13643730_206-300x180.webp\" class=\"attachment-medium size-medium wp-image-10573\" alt=\"\" srcset=\"https:\/\/www.hedera-etc.com\/wp-content\/uploads\/2024\/11\/vecteezy_simplicity-ivy-freehand-drawing_13643730_206-300x180.webp 300w, https:\/\/www.hedera-etc.com\/wp-content\/uploads\/2024\/11\/vecteezy_simplicity-ivy-freehand-drawing_13643730_206-900x540.webp 900w, https:\/\/www.hedera-etc.com\/wp-content\/uploads\/2024\/11\/vecteezy_simplicity-ivy-freehand-drawing_13643730_206-1024x614.webp 1024w, https:\/\/www.hedera-etc.com\/wp-content\/uploads\/2024\/11\/vecteezy_simplicity-ivy-freehand-drawing_13643730_206-768x461.webp 768w, https:\/\/www.hedera-etc.com\/wp-content\/uploads\/2024\/11\/vecteezy_simplicity-ivy-freehand-drawing_13643730_206-1536x921.webp 1536w, https:\/\/www.hedera-etc.com\/wp-content\/uploads\/2024\/11\/vecteezy_simplicity-ivy-freehand-drawing_13643730_206.webp 1920w, https:\/\/www.hedera-etc.com\/wp-content\/uploads\/2024\/11\/vecteezy_simplicity-ivy-freehand-drawing_13643730_206-1320x791.webp 1320w\" sizes=\"(max-width: 300px) 100vw, 300px\" \/>\t\t\t\t\t\t\t\t\t\t\t\t\t\t\t<\/div>\n\t\t\t\t<\/div>\n\t\t\t\t<div class=\"elementor-element elementor-element-3bb91648 elementor-widget elementor-widget-heading\" data-id=\"3bb91648\" data-element_type=\"widget\" data-widget_type=\"heading.default\">\n\t\t\t\t<div class=\"elementor-widget-container\">\n\t\t\t\t\t<h2 class=\"elementor-heading-title elementor-size-default\">Une page de ma petite encyclop\u00e9die du lierre<\/h2>\t\t\t\t<\/div>\n\t\t\t\t<\/div>\n\t\t\t\t\t<\/div>\n\t\t\t\t<\/div>\n\t\t\t\t<div class=\"elementor-element elementor-element-eb271bd elementor-widget elementor-widget-menu-anchor\" data-id=\"eb271bd\" data-element_type=\"widget\" data-widget_type=\"menu-anchor.default\">\n\t\t\t\t<div class=\"elementor-widget-container\">\n\t\t\t\t\t\t\t<div class=\"elementor-menu-anchor\" id=\"substratbouture\"><\/div>\n\t\t\t\t\t\t<\/div>\n\t\t\t\t<\/div>\n\t\t\t\t<div class=\"elementor-element elementor-element-d4d27bc elementor-widget elementor-widget-global elementor-global-8476 elementor-widget-text-editor\" data-id=\"d4d27bc\" data-element_type=\"widget\" data-widget_type=\"text-editor.default\">\n\t\t\t\t<div class=\"elementor-widget-container\">\n\t\t\t\t\t\t\t\t\t<p><span style=\"color: #008000;\">Toutes vos questions sur le lierre<\/span><\/p><h2><span style=\"color: #008000;\">Quel substrat pour les boutures de lierre ?<\/span><\/h2><div class=\"flex flex-grow flex-col max-w-full\"><div class=\"min-h-[20px] text-message flex w-full flex-col items-end gap-2 whitespace-pre-wrap break-words [.text-message+&amp;]:mt-5 overflow-x-auto\" dir=\"auto\" data-message-author-role=\"assistant\" data-message-id=\"a9ce9341-c84b-452d-83b3-388a470f9577\"><div class=\"flex w-full flex-col gap-1 empty:hidden first:pt-[3px]\"><div class=\"markdown prose w-full break-words dark:prose-invert dark\"><p>Pour r\u00e9ussir les boutures de lierre, il convient d&rsquo;utiliser un substrat l\u00e9ger (pour favoriser l&rsquo;enracinement) et bien drainant (pour \u00e9viter la pourriture des boutures).<\/p><p>Pour cela, vous pouvez opter pour le terreau sp\u00e9cial bouturage qu&rsquo;on trouve dans le commerce. Mais vous pouvez aussi faire votre propre m\u00e9lange : un terreau ordinaire tamis\u00e9 (pour qu&rsquo;il soit plus fin), plus du sable, ou de la perlite ou de la vermiculite (pour le drainage). M\u00e9langez 2\/3 de terreau et 1\/3 de produit drainant.<\/p><p>Veillez \u00e0 ce que votre substrat reste humide, mais surtout pas d\u00e9tremp\u00e9.<\/p><\/div><\/div><\/div><\/div>\t\t\t\t\t\t\t\t<\/div>\n\t\t\t\t<\/div>\n\t\t\t\t<div class=\"elementor-element elementor-element-16be4bc5 elementor-widget elementor-widget-image\" data-id=\"16be4bc5\" data-element_type=\"widget\" data-widget_type=\"image.default\">\n\t\t\t\t<div class=\"elementor-widget-container\">\n\t\t\t\t\t\t\t\t\t\t\t\t\t\t\t<img decoding=\"async\" width=\"1024\" height=\"146\" src=\"https:\/\/www.hedera-etc.com\/wp-content\/uploads\/2023\/10\/guirlande-1024x146.webp\" class=\"attachment-large size-large wp-image-116\" alt=\"La boutique du lierre - guirlande de lierre\" srcset=\"https:\/\/www.hedera-etc.com\/wp-content\/uploads\/2023\/10\/guirlande-1024x146.webp 1024w, https:\/\/www.hedera-etc.com\/wp-content\/uploads\/2023\/10\/guirlande-900x129.webp 900w, https:\/\/www.hedera-etc.com\/wp-content\/uploads\/2023\/10\/guirlande-300x43.webp 300w, https:\/\/www.hedera-etc.com\/wp-content\/uploads\/2023\/10\/guirlande-768x110.webp 768w, https:\/\/www.hedera-etc.com\/wp-content\/uploads\/2023\/10\/guirlande.webp 1126w\" sizes=\"(max-width: 1024px) 100vw, 1024px\" \/>\t\t\t\t\t\t\t\t\t\t\t\t\t\t\t<\/div>\n\t\t\t\t<\/div>\n\t\t\t\t<div class=\"elementor-element elementor-element-6be6f006 elementor-widget elementor-widget-text-editor\" data-id=\"6be6f006\" data-element_type=\"widget\" data-widget_type=\"text-editor.default\">\n\t\t\t\t<div class=\"elementor-widget-container\">\n\t\t\t\t\t\t\t\t\t<h3 style=\"text-align: center;\"><span style=\"color: #008000;\">Le lierre dans la litt\u00e9rature<\/span><\/h3><blockquote><p style=\"text-align: center;\"><span style=\"color: #993366;\">\u201cLes ruines tapiss\u00e9es de lierre se dressaient comme des souvenirs oubli\u00e9s du temps r\u00e9volu.<\/span><span style=\"color: #993366;\">\u201d<\/span><\/p><\/blockquote><h5 style=\"text-align: right;\"><strong>George Eliot<\/strong>, <em>Middlemarch<\/em><\/h5>\t\t\t\t\t\t\t\t<\/div>\n\t\t\t\t<\/div>\n\t\t\t\t\t<\/div>\n\t\t\t\t<\/div>\n\t\t\t\t<\/div>\n\t\t","protected":false},"excerpt":{"rendered":"<p>Een elegante, vrij krachtige, vertakkende cultivar. Bladeren met een zeer lange centrale lob.<\/p>\n<p>Donkergroen blad met grijze nerven. Aantrekkelijke rode kleur in de winter bij droog, koud weer.<\/p>\n<p>Klimop die de zon goed verdraagt. Een van de klimopachtigen die gebruikt kan worden in rotstuinen.<\/p>","protected":false},"featured_media":1889,"comment_status":"open","ping_status":"closed","template":"","meta":{"_acf_changed":false,"ocean_post_layout":"","ocean_both_sidebars_style":"","ocean_both_sidebars_content_width":0,"ocean_both_sidebars_sidebars_width":0,"ocean_sidebar":"0","ocean_second_sidebar":"0","ocean_disable_margins":"enable","ocean_add_body_class":"","ocean_shortcode_before_top_bar":"","ocean_shortcode_after_top_bar":"","ocean_shortcode_before_header":"","ocean_shortcode_after_header":"","ocean_has_shortcode":"","ocean_shortcode_after_title":"","ocean_shortcode_before_footer_widgets":"","ocean_shortcode_after_footer_widgets":"","ocean_shortcode_before_footer_bottom":"","ocean_shortcode_after_footer_bottom":"","ocean_display_top_bar":"default","ocean_display_header":"default","ocean_header_style":"","ocean_center_header_left_menu":"0","ocean_custom_header_template":"0","ocean_custom_logo":0,"ocean_custom_retina_logo":0,"ocean_custom_logo_max_width":0,"ocean_custom_logo_tablet_max_width":0,"ocean_custom_logo_mobile_max_width":0,"ocean_custom_logo_max_height":0,"ocean_custom_logo_tablet_max_height":0,"ocean_custom_logo_mobile_max_height":0,"ocean_header_custom_menu":"0","ocean_menu_typo_font_family":"0","ocean_menu_typo_font_subset":"","ocean_menu_typo_font_size":0,"ocean_menu_typo_font_size_tablet":0,"ocean_menu_typo_font_size_mobile":0,"ocean_menu_typo_font_size_unit":"px","ocean_menu_typo_font_weight":"","ocean_menu_typo_font_weight_tablet":"","ocean_menu_typo_font_weight_mobile":"","ocean_menu_typo_transform":"","ocean_menu_typo_transform_tablet":"","ocean_menu_typo_transform_mobile":"","ocean_menu_typo_line_height":0,"ocean_menu_typo_line_height_tablet":0,"ocean_menu_typo_line_height_mobile":0,"ocean_menu_typo_line_height_unit":"","ocean_menu_typo_spacing":0,"ocean_menu_typo_spacing_tablet":0,"ocean_menu_typo_spacing_mobile":0,"ocean_menu_typo_spacing_unit":"","ocean_menu_link_color":"","ocean_menu_link_color_hover":"","ocean_menu_link_color_active":"","ocean_menu_link_background":"","ocean_menu_link_hover_background":"","ocean_menu_link_active_background":"","ocean_menu_social_links_bg":"","ocean_menu_social_hover_links_bg":"","ocean_menu_social_links_color":"","ocean_menu_social_hover_links_color":"","ocean_disable_title":"default","ocean_disable_heading":"default","ocean_post_title":"","ocean_post_subheading":"","ocean_post_title_style":"","ocean_post_title_background_color":"","ocean_post_title_background":0,"ocean_post_title_bg_image_position":"","ocean_post_title_bg_image_attachment":"","ocean_post_title_bg_image_repeat":"","ocean_post_title_bg_image_size":"","ocean_post_title_height":0,"ocean_post_title_bg_overlay":0.5,"ocean_post_title_bg_overlay_color":"","ocean_disable_breadcrumbs":"default","ocean_breadcrumbs_color":"","ocean_breadcrumbs_separator_color":"","ocean_breadcrumbs_links_color":"","ocean_breadcrumbs_links_hover_color":"","ocean_display_footer_widgets":"default","ocean_display_footer_bottom":"default","ocean_custom_footer_template":"0"},"product_brand":[],"product_cat":[134],"product_tag":[],"class_list":{"0":"post-1888","1":"product","2":"type-product","3":"status-publish","4":"has-post-thumbnail","6":"product_cat-lierre","8":"entry","9":"has-media","11":"first","12":"instock","13":"purchasable","14":"product-type-variable","15":"has-default-attributes","16":"has-product-nav","17":"col","18":"span_1_of_4","19":"owp-content-center","20":"item-entry","21":"owp-thumbs-layout-horizontal","22":"owp-btn-normal","23":"owp-tabs-layout-section","24":"has-no-thumbnails"},"acf":[],"jetpack_sharing_enabled":true,"_links":{"self":[{"href":"https:\/\/www.hedera-etc.com\/nl\/wp-json\/wp\/v2\/product\/1888","targetHints":{"allow":["GET"]}}],"collection":[{"href":"https:\/\/www.hedera-etc.com\/nl\/wp-json\/wp\/v2\/product"}],"about":[{"href":"https:\/\/www.hedera-etc.com\/nl\/wp-json\/wp\/v2\/types\/product"}],"replies":[{"embeddable":true,"href":"https:\/\/www.hedera-etc.com\/nl\/wp-json\/wp\/v2\/comments?post=1888"}],"version-history":[{"count":3,"href":"https:\/\/www.hedera-etc.com\/nl\/wp-json\/wp\/v2\/product\/1888\/revisions"}],"predecessor-version":[{"id":13802,"href":"https:\/\/www.hedera-etc.com\/nl\/wp-json\/wp\/v2\/product\/1888\/revisions\/13802"}],"wp:featuredmedia":[{"embeddable":true,"href":"https:\/\/www.hedera-etc.com\/nl\/wp-json\/wp\/v2\/media\/1889"}],"wp:attachment":[{"href":"https:\/\/www.hedera-etc.com\/nl\/wp-json\/wp\/v2\/media?parent=1888"}],"wp:term":[{"taxonomy":"product_brand","embeddable":true,"href":"https:\/\/www.hedera-etc.com\/nl\/wp-json\/wp\/v2\/product_brand?post=1888"},{"taxonomy":"product_cat","embeddable":true,"href":"https:\/\/www.hedera-etc.com\/nl\/wp-json\/wp\/v2\/product_cat?post=1888"},{"taxonomy":"product_tag","embeddable":true,"href":"https:\/\/www.hedera-etc.com\/nl\/wp-json\/wp\/v2\/product_tag?post=1888"}],"curies":[{"name":"wp","href":"https:\/\/api.w.org\/{rel}","templated":true}]}}