{"id":206,"date":"2023-10-25T21:53:52","date_gmt":"2023-10-25T19:53:52","guid":{"rendered":"https:\/\/www.hedera-etc.com\/?post_type=product&#038;p=206"},"modified":"2026-04-29T07:09:37","modified_gmt":"2026-04-29T05:09:37","slug":"hedera-helix-caecilia","status":"publish","type":"product","link":"https:\/\/www.hedera-etc.com\/nl\/product\/hedera-helix-caecilia\/","title":{"rendered":"<em>Hedera helix<\/em> &lsquo;Caecilia&rsquo; &#8211; Sierklimop"},"content":{"rendered":"<div data-elementor-type=\"product-post\" data-elementor-id=\"206\" class=\"elementor elementor-206\" data-elementor-post-type=\"product\">\n\t\t\t\t<div class=\"elementor-element elementor-element-127aa9fe e-con-full e-flex e-con e-child\" data-id=\"127aa9fe\" data-element_type=\"container\">\n\t\t\t\t<div class=\"elementor-element elementor-element-29073abe elementor-widget elementor-widget-text-editor\" data-id=\"29073abe\" data-element_type=\"widget\" data-widget_type=\"text-editor.default\">\n\t\t\t\t<div class=\"elementor-widget-container\">\n\t\t\t\t\t\t\t\t\t<h2 style=\"font-variant-ligatures: normal; font-variant-caps: normal; font-family: Spectral, sans-serif; font-style: normal;\"><span style=\"font-size: 30px; color: #f0ffed;\">Sierklimop\u00a0 &#8211; Hedera helix &lsquo;Caecilia&rsquo;<\/span><\/h2>\t\t\t\t\t\t\t\t<\/div>\n\t\t\t\t<\/div>\n\t\t\t\t<\/div>\n\t\t<div class=\"elementor-element elementor-element-1599273b e-flex e-con-boxed e-con e-parent\" data-id=\"1599273b\" data-element_type=\"container\">\n\t\t\t\t\t<div class=\"e-con-inner\">\n\t\t<div class=\"elementor-element elementor-element-be3d3e7 e-flex e-con-boxed e-con e-child\" data-id=\"be3d3e7\" data-element_type=\"container\">\n\t\t\t\t\t<div class=\"e-con-inner\">\n\t\t\t\t<div class=\"elementor-element elementor-element-630d0582 elementor-widget elementor-widget-heading\" data-id=\"630d0582\" data-element_type=\"widget\" data-widget_type=\"heading.default\">\n\t\t\t\t<div class=\"elementor-widget-container\">\n\t\t\t\t\t<h2 class=\"elementor-heading-title elementor-size-default\">In een notendop<\/h2>\t\t\t\t<\/div>\n\t\t\t\t<\/div>\n\t\t\t\t<div class=\"elementor-element elementor-element-430695f0 elementor-widget elementor-widget-text-editor\" data-id=\"430695f0\" data-element_type=\"widget\" data-widget_type=\"text-editor.default\">\n\t\t\t\t<div class=\"elementor-widget-container\">\n\t\t\t\t\t\t\t\t\t<p>Sierklimop, <strong><em>Hedera helix<\/em> \u2018Caecilia\u2019,<\/strong> is een vari\u00ebteit met grote gekreukelde bladeren en onregelmatige bonte schakering.<\/p>\n<p>De sterk golvende bladeren zijn samengesteld uit 3 tot 5 min of meer gedraaide of gekristalliseerde lobben. Het blad is groen en grijsgroen gekleurd in het centrum en min of meer breed gerand met cr\u00e8mewit. In de winter kleurt het roze.<span style=\"font-size: 18px; color: var( --e-global-color-text ); text-align: var(--text-align);\"><br><\/span><\/p>\n<p><span style=\"font-size: 18px; color: var( --e-global-color-text ); text-align: var(--text-align);\">Dit is een snelgroeiende, elegante en heldere klimop. Deze vari\u00ebteit ziet er geweldig uit in potten binnenshuis. Maar hij kan ook worden gebruikt als bodembedekker of buiten langs een muur klimmen.<\/span><\/p>\n<p><span style=\"color: #ff0000;\"><b>Deze klimopvari\u00ebteit werd in 2002 bekroond met de Garden Award of Merit van de Royal Horticultural Society.<\/b><\/span><\/p>\t\t\t\t\t\t\t\t<\/div>\n\t\t\t\t<\/div>\n\t\t\t\t<div class=\"elementor-element elementor-element-769221fb elementor-widget elementor-widget-heading\" data-id=\"769221fb\" data-element_type=\"widget\" data-widget_type=\"heading.default\">\n\t\t\t\t<div class=\"elementor-widget-container\">\n\t\t\t\t\t<h2 class=\"elementor-heading-title elementor-size-default\">Geschiedenis<\/h2>\t\t\t\t<\/div>\n\t\t\t\t<\/div>\n\t\t\t\t<div class=\"elementor-element elementor-element-5609f1b5 elementor-widget elementor-widget-text-editor\" data-id=\"5609f1b5\" data-element_type=\"widget\" data-widget_type=\"text-editor.default\">\n\t\t\t\t<div class=\"elementor-widget-container\">\n\t\t\t\t\t\t\t\t\t<p>Ce cultivar est une mutatie de &lsquo;Harald&rsquo;, d\u00e9couvert dans la p\u00e9pini\u00e8re de Franz Rogman, en Allemagne, en 1976.<\/p>\t\t\t\t\t\t\t\t<\/div>\n\t\t\t\t<\/div>\n\t\t\t\t<div class=\"elementor-element elementor-element-56a6b603 elementor-widget elementor-widget-heading\" data-id=\"56a6b603\" data-element_type=\"widget\" data-widget_type=\"heading.default\">\n\t\t\t\t<div class=\"elementor-widget-container\">\n\t\t\t\t\t<h2 class=\"elementor-heading-title elementor-size-default\">Gedetailleerde informatie - Hedera helix 'Caecilia'<\/h2>\t\t\t\t<\/div>\n\t\t\t\t<\/div>\n\t\t\t\t<div class=\"elementor-element elementor-element-6fa196c3 elementor-widget elementor-widget-text-editor\" data-id=\"6fa196c3\" data-element_type=\"widget\" data-widget_type=\"text-editor.default\">\n\t\t\t\t<div class=\"elementor-widget-container\">\n\t\t\t\t\t\t\t\t\t<h3>Botanische informatie<\/h3>\n<ul>\n<li>Familie: Araliaceae<\/li>\n<li>Geslacht <em><strong>Hedera<\/strong><\/em><\/li>\n<li>Soort : <em>helix<\/em><\/li>\n<li>Teelt : &lsquo;Caecilia&rsquo;<\/li>\n<li>Pierot classificatie: bonte klimop, klimop met gegolfde gecrispte bladeren<\/li>\n<li>Loofstadium: juveniel<\/li>\n<li>Oorsprong van de soort: Europa, van Spanje tot Noorwegen, maar weinig aan de Atlantische kust.<\/li>\n<li>Herkomst van de cultivar: mutatie van &lsquo;Harald&rsquo;, d\u00e9couvert dans la p\u00e9pini\u00e8re de Franz Rogman, en Allemagne, en 1976.<\/li>\n<\/ul>\n<h3>&nbsp;<\/h3>\n<h3>Beschrijving van Hedera helix &lsquo;Caecilia&rsquo;<\/h3>\n<ul>\n<li>Groeiwijze: spreidend, gedrongen<\/li>\n<li>Aantal lobben: over het algemeen 3 tot 5 lobben<\/li>\n<li>Bladlengte: 4 cm<\/li>\n<li>Breedte vel: 5 cm<\/li>\n<li>Bladkleur: verschillende tinten groen in het midden, omrand met cr\u00e8mewit<\/li>\n<li>Kleur van de nerven: grijsgroen<\/li>\n<li>Kleur van stengel en bladsteel: groenachtig paars<\/li>\n<li>Vertakkingen: min of meer vertakt<\/li>\n<li>Haren: gesteeld, 3 tot 5 takken<\/li>\n<\/ul>\n<h3>&nbsp;<\/h3>\n<h3>Tips voor het planten, kweken en verzorgen van Hedera helix &lsquo;Caecilia&rsquo;<\/h3>\n<ul>\n<li>Blootstelling: zon, halfschaduw<\/li>\n<li>Winterhardheid: -7\u00b0C<\/li>\n<li>Bodemvocht: koele bodem<\/li>\n<li>Bodem PH: neutraal of kalkrijk<\/li>\n<li>Bodemtype: alle<\/li>\n<li>Bodemrijkdom: gewoon of humushoudend<\/li>\n<li>Gebruik: bodembedekker, klimmer, pot, bloembak, kamerplant<\/li>\n<li>Ontwikkeling: snel<\/li>\n<li>Snoeien: \u00e9\u00e9n keer per jaar<\/li>\n<li>Ongedierte: zeer zeldzaam (spint, wolluis)<\/li>\n<li>Ziekten: zeer zeldzaam (bladvlekken)<\/li>\n<\/ul>\t\t\t\t\t\t\t\t<\/div>\n\t\t\t\t<\/div>\n\t\t\t\t\t<\/div>\n\t\t\t\t<\/div>\n\t\t\t\t\t<\/div>\n\t\t\t\t<\/div>\n\t\t<div class=\"elementor-element elementor-element-3f17def2 e-flex e-con-boxed e-con e-parent\" data-id=\"3f17def2\" data-element_type=\"container\">\n\t\t\t\t\t<div class=\"e-con-inner\">\n\t\t\t\t<div class=\"elementor-element elementor-element-72b1370d elementor-widget elementor-widget-image\" data-id=\"72b1370d\" data-element_type=\"widget\" data-widget_type=\"image.default\">\n\t\t\t\t<div class=\"elementor-widget-container\">\n\t\t\t\t\t\t\t\t\t\t\t\t\t\t\t<img fetchpriority=\"high\" decoding=\"async\" width=\"1024\" height=\"146\" src=\"https:\/\/www.hedera-etc.com\/wp-content\/uploads\/2023\/10\/guirlande-1024x146.webp\" class=\"attachment-large size-large wp-image-116\" alt=\"La boutique du lierre - Krans van klimop\" srcset=\"https:\/\/www.hedera-etc.com\/wp-content\/uploads\/2023\/10\/guirlande-1024x146.webp 1024w, https:\/\/www.hedera-etc.com\/wp-content\/uploads\/2023\/10\/guirlande-900x129.webp 900w, https:\/\/www.hedera-etc.com\/wp-content\/uploads\/2023\/10\/guirlande-300x43.webp 300w, https:\/\/www.hedera-etc.com\/wp-content\/uploads\/2023\/10\/guirlande-768x110.webp 768w, https:\/\/www.hedera-etc.com\/wp-content\/uploads\/2023\/10\/guirlande.webp 1126w\" sizes=\"(max-width: 1024px) 100vw, 1024px\" \/>\t\t\t\t\t\t\t\t\t\t\t\t\t\t\t<\/div>\n\t\t\t\t<\/div>\n\t\t\t\t<div class=\"elementor-element elementor-element-4694ece4 elementor-widget elementor-widget-text-editor\" data-id=\"4694ece4\" data-element_type=\"widget\" data-widget_type=\"text-editor.default\">\n\t\t\t\t<div class=\"elementor-widget-container\">\n\t\t\t\t\t\t\t\t\t<h3 style=\"text-align: center;\"><span style=\"color: #008000;\">Ivy in de literatuur<\/span><\/h3><blockquote><p style=\"text-align: center;\"><span style=\"color: #993366;\">\u201cDe met klimop bedekte stenen leken vergeten herinneringen te fluisteren tegen de passerende wind.<\/span><span style=\"color: #993366;\">\u201d<\/span><\/p><\/blockquote><h5 style=\"text-align: right;\"><strong>George Sand<\/strong>, <em>Consuelo<\/em><\/h5>\t\t\t\t\t\t\t\t<\/div>\n\t\t\t\t<\/div>\n\t\t\t\t\t<\/div>\n\t\t\t\t<\/div>\n\t\t\t\t<\/div>","protected":false},"excerpt":{"rendered":"<p>Een vari\u00ebteit met grote, gekreukelde bladeren en onregelmatige bonte schakering.<\/p>\n<p>De bladeren zijn sterk golvend, met 3 tot 5 min of meer gedraaide of gekristalliseerde lobben. Blad is groen en grijsgroen in het centrum en min of meer breed omrand met cr\u00e8mewit. Kleurt roze in de winter.<\/p>\n<p>Snelgroeiende, elegante en heldere klimop. Deze vari\u00ebteit ziet er geweldig uit in potten binnenshuis. Kan ook worden gebruikt als bodembedekker of buiten langs een muur klimmen.<\/p>\n<p><span style=\"color: #ff0000;\">Deze vari\u00ebteit won de RHS (Royal Horticultural Society) Garden Award of Merit.<\/span><\/p>","protected":false},"featured_media":207,"comment_status":"open","ping_status":"closed","template":"","meta":{"_acf_changed":false,"ocean_post_layout":"","ocean_both_sidebars_style":"","ocean_both_sidebars_content_width":0,"ocean_both_sidebars_sidebars_width":0,"ocean_sidebar":"0","ocean_second_sidebar":"0","ocean_disable_margins":"enable","ocean_add_body_class":"","ocean_shortcode_before_top_bar":"","ocean_shortcode_after_top_bar":"","ocean_shortcode_before_header":"","ocean_shortcode_after_header":"","ocean_has_shortcode":"","ocean_shortcode_after_title":"","ocean_shortcode_before_footer_widgets":"","ocean_shortcode_after_footer_widgets":"","ocean_shortcode_before_footer_bottom":"","ocean_shortcode_after_footer_bottom":"","ocean_display_top_bar":"default","ocean_display_header":"default","ocean_header_style":"","ocean_center_header_left_menu":"0","ocean_custom_header_template":"0","ocean_custom_logo":0,"ocean_custom_retina_logo":0,"ocean_custom_logo_max_width":0,"ocean_custom_logo_tablet_max_width":0,"ocean_custom_logo_mobile_max_width":0,"ocean_custom_logo_max_height":0,"ocean_custom_logo_tablet_max_height":0,"ocean_custom_logo_mobile_max_height":0,"ocean_header_custom_menu":"0","ocean_menu_typo_font_family":"0","ocean_menu_typo_font_subset":"","ocean_menu_typo_font_size":0,"ocean_menu_typo_font_size_tablet":0,"ocean_menu_typo_font_size_mobile":0,"ocean_menu_typo_font_size_unit":"px","ocean_menu_typo_font_weight":"","ocean_menu_typo_font_weight_tablet":"","ocean_menu_typo_font_weight_mobile":"","ocean_menu_typo_transform":"","ocean_menu_typo_transform_tablet":"","ocean_menu_typo_transform_mobile":"","ocean_menu_typo_line_height":0,"ocean_menu_typo_line_height_tablet":0,"ocean_menu_typo_line_height_mobile":0,"ocean_menu_typo_line_height_unit":"","ocean_menu_typo_spacing":0,"ocean_menu_typo_spacing_tablet":0,"ocean_menu_typo_spacing_mobile":0,"ocean_menu_typo_spacing_unit":"","ocean_menu_link_color":"","ocean_menu_link_color_hover":"","ocean_menu_link_color_active":"","ocean_menu_link_background":"","ocean_menu_link_hover_background":"","ocean_menu_link_active_background":"","ocean_menu_social_links_bg":"","ocean_menu_social_hover_links_bg":"","ocean_menu_social_links_color":"","ocean_menu_social_hover_links_color":"","ocean_disable_title":"default","ocean_disable_heading":"default","ocean_post_title":"","ocean_post_subheading":"","ocean_post_title_style":"","ocean_post_title_background_color":"","ocean_post_title_background":0,"ocean_post_title_bg_image_position":"","ocean_post_title_bg_image_attachment":"","ocean_post_title_bg_image_repeat":"","ocean_post_title_bg_image_size":"","ocean_post_title_height":0,"ocean_post_title_bg_overlay":0.5,"ocean_post_title_bg_overlay_color":"","ocean_disable_breadcrumbs":"default","ocean_breadcrumbs_color":"","ocean_breadcrumbs_separator_color":"","ocean_breadcrumbs_links_color":"","ocean_breadcrumbs_links_hover_color":"","ocean_display_footer_widgets":"default","ocean_display_footer_bottom":"default","ocean_custom_footer_template":"0"},"product_brand":[],"product_cat":[134],"product_tag":[],"class_list":{"0":"post-206","1":"product","2":"type-product","3":"status-publish","4":"has-post-thumbnail","6":"product_cat-lierre","8":"entry","9":"has-media","11":"first","12":"instock","13":"purchasable","14":"product-type-variable","15":"has-default-attributes","16":"has-product-nav","17":"col","18":"span_1_of_4","19":"owp-content-center","20":"item-entry","21":"owp-thumbs-layout-horizontal","22":"owp-btn-normal","23":"owp-tabs-layout-section"},"acf":[],"jetpack_sharing_enabled":true,"_links":{"self":[{"href":"https:\/\/www.hedera-etc.com\/nl\/wp-json\/wp\/v2\/product\/206","targetHints":{"allow":["GET"]}}],"collection":[{"href":"https:\/\/www.hedera-etc.com\/nl\/wp-json\/wp\/v2\/product"}],"about":[{"href":"https:\/\/www.hedera-etc.com\/nl\/wp-json\/wp\/v2\/types\/product"}],"replies":[{"embeddable":true,"href":"https:\/\/www.hedera-etc.com\/nl\/wp-json\/wp\/v2\/comments?post=206"}],"version-history":[{"count":3,"href":"https:\/\/www.hedera-etc.com\/nl\/wp-json\/wp\/v2\/product\/206\/revisions"}],"predecessor-version":[{"id":14932,"href":"https:\/\/www.hedera-etc.com\/nl\/wp-json\/wp\/v2\/product\/206\/revisions\/14932"}],"wp:featuredmedia":[{"embeddable":true,"href":"https:\/\/www.hedera-etc.com\/nl\/wp-json\/wp\/v2\/media\/207"}],"wp:attachment":[{"href":"https:\/\/www.hedera-etc.com\/nl\/wp-json\/wp\/v2\/media?parent=206"}],"wp:term":[{"taxonomy":"product_brand","embeddable":true,"href":"https:\/\/www.hedera-etc.com\/nl\/wp-json\/wp\/v2\/product_brand?post=206"},{"taxonomy":"product_cat","embeddable":true,"href":"https:\/\/www.hedera-etc.com\/nl\/wp-json\/wp\/v2\/product_cat?post=206"},{"taxonomy":"product_tag","embeddable":true,"href":"https:\/\/www.hedera-etc.com\/nl\/wp-json\/wp\/v2\/product_tag?post=206"}],"curies":[{"name":"wp","href":"https:\/\/api.w.org\/{rel}","templated":true}]}}