{"id":324,"date":"2023-10-27T08:16:17","date_gmt":"2023-10-27T06:16:17","guid":{"rendered":"https:\/\/www.hedera-etc.com\/?post_type=product&#038;p=324"},"modified":"2026-05-01T07:09:53","modified_gmt":"2026-05-01T05:09:53","slug":"hedera-helix-congesta","status":"publish","type":"product","link":"https:\/\/www.hedera-etc.com\/nl\/product\/hedera-helix-congesta\/","title":{"rendered":"<em>Hedera helix<\/em> &lsquo;Congesta&rsquo; &#8211; Sierklimop"},"content":{"rendered":"<div data-elementor-type=\"product-post\" data-elementor-id=\"324\" class=\"elementor elementor-324\" data-elementor-post-type=\"product\">\n\t\t\t\t<div class=\"elementor-element elementor-element-1d75be47 e-con-full e-flex e-con e-child\" data-id=\"1d75be47\" data-element_type=\"container\">\n\t\t\t\t<div class=\"elementor-element elementor-element-6c9ab99d elementor-widget elementor-widget-text-editor\" data-id=\"6c9ab99d\" data-element_type=\"widget\" data-widget_type=\"text-editor.default\">\n\t\t\t\t<div class=\"elementor-widget-container\">\n\t\t\t\t\t\t\t\t\t<h2 style=\"font-variant-ligatures: normal; font-variant-caps: normal; font-family: Spectral, sans-serif; font-style: normal;\"><span style=\"font-size: 30px; color: #f0ffed;\">Sierklimop\u00a0 &#8211; Hedera helix &lsquo;Congesta&rsquo;<\/span><\/h2>\t\t\t\t\t\t\t\t<\/div>\n\t\t\t\t<\/div>\n\t\t\t\t<\/div>\n\t\t<div class=\"elementor-element elementor-element-7e87a14b e-flex e-con-boxed e-con e-parent\" data-id=\"7e87a14b\" data-element_type=\"container\">\n\t\t\t\t\t<div class=\"e-con-inner\">\n\t\t<div class=\"elementor-element elementor-element-43a0590a e-flex e-con-boxed e-con e-child\" data-id=\"43a0590a\" data-element_type=\"container\">\n\t\t\t\t\t<div class=\"e-con-inner\">\n\t\t\t\t<div class=\"elementor-element elementor-element-66a4a70a elementor-widget elementor-widget-heading\" data-id=\"66a4a70a\" data-element_type=\"widget\" data-widget_type=\"heading.default\">\n\t\t\t\t<div class=\"elementor-widget-container\">\n\t\t\t\t\t<h2 class=\"elementor-heading-title elementor-size-default\">In een notendop<\/h2>\t\t\t\t<\/div>\n\t\t\t\t<\/div>\n\t\t\t\t<div class=\"elementor-element elementor-element-71dc8cad elementor-widget elementor-widget-text-editor\" data-id=\"71dc8cad\" data-element_type=\"widget\" data-widget_type=\"text-editor.default\">\n\t\t\t\t<div class=\"elementor-widget-container\">\n\t\t\t\t\t\t\t\t\t<p>Sierklimop, <strong><em>Hedera helix<\/em> &lsquo;Congesta<\/strong>&lsquo;, pr\u00e9sente une forme arbustive tr\u00e8s originale et d\u00e9corative.<\/p><p>De stengels zijn rechtopstaand en dik. De bladeren staan in een zuil aan weerszijden van de stengel. Ze zijn klein, driehoekig of drielobbig en afgeknot aan de basis. Het blad is donkergroen.\u00a0<\/p><p>Dit is een laagblijvende vari\u00ebteit, interessant voor de structuur die ze aan een bed toevoegt.<\/p><p><span style=\"color: #ff0000;\">Ze kreeg de RHS (Royal Horticultural Society) Garden Merit Award in 1993.<\/span><\/p>\t\t\t\t\t\t\t\t<\/div>\n\t\t\t\t<\/div>\n\t\t\t\t<div class=\"elementor-element elementor-element-79c4dac1 elementor-widget elementor-widget-heading\" data-id=\"79c4dac1\" data-element_type=\"widget\" data-widget_type=\"heading.default\">\n\t\t\t\t<div class=\"elementor-widget-container\">\n\t\t\t\t\t<h2 class=\"elementor-heading-title elementor-size-default\">Geschiedenis<\/h2>\t\t\t\t<\/div>\n\t\t\t\t<\/div>\n\t\t\t\t<div class=\"elementor-element elementor-element-4d1e9a60 elementor-widget elementor-widget-text-editor\" data-id=\"4d1e9a60\" data-element_type=\"widget\" data-widget_type=\"text-editor.default\">\n\t\t\t\t<div class=\"elementor-widget-container\">\n\t\t\t\t\t\t\t\t\t<p>Deze cultivar verscheen voor het eerst in de catalogus van Burkwood &amp; Skipwith, Surrey, in het Verenigd Koninkrijk in 1956.<\/p>\t\t\t\t\t\t\t\t<\/div>\n\t\t\t\t<\/div>\n\t\t\t\t<div class=\"elementor-element elementor-element-3905e97e elementor-widget elementor-widget-heading\" data-id=\"3905e97e\" data-element_type=\"widget\" data-widget_type=\"heading.default\">\n\t\t\t\t<div class=\"elementor-widget-container\">\n\t\t\t\t\t<h2 class=\"elementor-heading-title elementor-size-default\">Gedetailleerde informatie - Hedera helix 'Congesta'<\/h2>\t\t\t\t<\/div>\n\t\t\t\t<\/div>\n\t\t\t\t<div class=\"elementor-element elementor-element-d5420de elementor-widget elementor-widget-text-editor\" data-id=\"d5420de\" data-element_type=\"widget\" data-widget_type=\"text-editor.default\">\n\t\t\t\t<div class=\"elementor-widget-container\">\n\t\t\t\t\t\t\t\t\t<h3>Botanische informatie<\/h3>\n<ul>\n<li>Familie: Araliaceae<\/li>\n<li>Geslacht <em><strong>Hedera<\/strong><\/em><\/li>\n<li>Soort : <em>helix<\/em><\/li>\n<li>Teelt : &lsquo;Congesta&rsquo;<\/li>\n<li>Pierot classificatie: klimop nieuwsgierigheid<\/li>\n<li>Loofstadium: juveniel<\/li>\n<li>Oorsprong van de soort: Europa, van Spanje tot Noorwegen, maar weinig aan de Atlantische kust.<\/li>\n<li>Herkomst van de cultivar :&nbsp;<span style=\"font-family: Roboto, sans-serif; font-size: 18px; font-style: normal; font-variant-ligatures: normal; font-variant-caps: normal; font-weight: 400; background-color: #f8f8f7;\">voor het eerst opgenomen in de catalogus van Burkwood &amp; Skipwith, Surrey, UK in 1956.<\/span><\/li>\n<\/ul>\n<h3>&nbsp;<\/h3>\n<h3>Beschrijving van Hedera helix &lsquo;Congesta&rsquo;<\/h3>\n<ul>\n<li>Groeiwijze: struikachtig<\/li>\n<li>Aantal lobben: over het algemeen 0 tot 3 lobben<\/li>\n<li>Bladlengte: 4 cm<\/li>\n<li>Breedte vel: 3 cm<\/li>\n<li>Kleur van het blad: donkergroen<\/li>\n<li>Kleur van de nerven: groen<\/li>\n<li>Kleur van stengel en bladsteel: paarsachtig groen<\/li>\n<li>Takken: vrij wijdverspreid<\/li>\n<li>Haren: gesteeld, 3 tot 5 takken<\/li>\n<\/ul>\n<h3>&nbsp;<\/h3>\n<h3>Tips voor het planten, kweken en verzorgen van Hedera helix &lsquo;Congesta&rsquo;<\/h3>\n<ul>\n<li>Blootstelling: schaduw, gedeeltelijke schaduw, zon<\/li>\n<li>Winterhardheid: -20\u00b0C<\/li>\n<li>Bodemvocht: koele bodem<\/li>\n<li>Bodem PH: neutraal of kalkrijk<\/li>\n<li>Bodemtype: alle<\/li>\n<li>Bodemrijkdom: gewoon of humushoudend<\/li>\n<li>Gebruik: rotstuin, potplanten, bloembakken, bonsai, vrijstaand<\/li>\n<li>Ontwikkeling: matig, langzaam<\/li>\n<li>Snoeien: \u00e9\u00e9n keer per jaar<\/li>\n<li>Ongedierte: zeer zeldzaam (spint, wolluis)<\/li>\n<li>Ziekten: zeer zeldzaam (bladvlekken)<\/li>\n<\/ul>\t\t\t\t\t\t\t\t<\/div>\n\t\t\t\t<\/div>\n\t\t\t\t\t<\/div>\n\t\t\t\t<\/div>\n\t\t\t\t<div class=\"elementor-element elementor-element-fc9dbfb elementor-widget elementor-widget-heading\" data-id=\"fc9dbfb\" data-element_type=\"widget\" data-widget_type=\"heading.default\">\n\t\t\t\t<div class=\"elementor-widget-container\">\n\t\t\t\t\t<h2 class=\"elementor-heading-title elementor-size-default\">Vergelijking met vergelijkbare cultivars<\/h2>\t\t\t\t<\/div>\n\t\t\t\t<\/div>\n\t\t\t\t<div class=\"elementor-element elementor-element-c3d772a elementor-widget elementor-widget-global elementor-global-11529 elementor-widget-shortcode\" data-id=\"c3d772a\" data-element_type=\"widget\" data-widget_type=\"shortcode.default\">\n\t\t\t\t<div class=\"elementor-widget-container\">\n\t\t\t\t\t\t\t<div class=\"elementor-shortcode\">\n<table id=\"tablepress-1\" class=\"tablepress tablepress-id-1\">\n<thead>\n<tr class=\"row-1\">\n\t<td class=\"column-1\"><\/td><th class=\"column-2\"><strong>Conglomerata<\/strong><\/th><th class=\"column-3\"><strong>Erecta<\/strong><\/th><th class=\"column-4\"><strong>Congesta<\/strong><\/th>\n<\/tr>\n<\/thead>\n<tbody class=\"row-striping row-hover\">\n<tr class=\"row-2\">\n\t<td class=\"column-1\">Afbeelding<\/td><td class=\"column-2\"><img decoding=\"async\" src=\"https:\/\/www.hedera-etc.com\/wp-content\/uploads\/2024\/11\/conglomerata.jpg\" alt=\"Hedera helix &#039;Conglomerata&#039; (Conglomeraat)&#039;\" width=\"229\" height=\"132\" class=\"alignnone size-full wp-image-11221\" \/><\/td><td class=\"column-3\"><img fetchpriority=\"high\" decoding=\"async\" src=\"https:\/\/www.hedera-etc.com\/wp-content\/uploads\/2024\/11\/erecta.jpg\" alt=\"Hedera helix &#039;Erecta&#039; (Erecta)&#039;\" width=\"213\" height=\"248\" class=\"alignnone size-full wp-image-11222\" \/><\/td><td class=\"column-4\"><img decoding=\"async\" src=\"https:\/\/www.hedera-etc.com\/wp-content\/uploads\/2024\/11\/congesta.jpg\" alt=\"Hedera helix &#039;Congesta&#039;\" width=\"226\" height=\"141\" class=\"alignnone size-full wp-image-11223\" \/><\/td>\n<\/tr>\n<tr class=\"row-3\">\n\t<td class=\"column-1\">Blad<\/td><td class=\"column-2\">golvend, licht krullend<\/td><td class=\"column-3\">gegroefd<\/td><td class=\"column-4\">driehoekig<\/td>\n<\/tr>\n<tr class=\"row-4\">\n\t<td class=\"column-1\">Lobben<\/td><td class=\"column-2\">afgerond<\/td><td class=\"column-3\">licht drielobbig, scherp<\/td><td class=\"column-4\">drielobbig, hoge toon<\/td>\n<\/tr>\n<tr class=\"row-5\">\n\t<td class=\"column-1\">Haven<\/td><td class=\"column-2\">ongebreideld<\/td><td class=\"column-3\">opgericht<\/td><td class=\"column-4\">opgericht<\/td>\n<\/tr>\n<\/tbody>\n<\/table>\n<!-- #tablepress-1 from cache --><\/div>\n\t\t\t\t\t\t<\/div>\n\t\t\t\t<\/div>\n\t\t\t\t\t<\/div>\n\t\t\t\t<\/div>\n\t\t<div class=\"elementor-element elementor-element-7dd9a850 e-flex e-con-boxed e-con e-parent\" data-id=\"7dd9a850\" data-element_type=\"container\">\n\t\t\t\t\t<div class=\"e-con-inner\">\n\t\t\t\t<div class=\"elementor-element elementor-element-3dd4ae8e elementor-widget elementor-widget-image\" data-id=\"3dd4ae8e\" data-element_type=\"widget\" data-widget_type=\"image.default\">\n\t\t\t\t<div class=\"elementor-widget-container\">\n\t\t\t\t\t\t\t\t\t\t\t\t\t\t\t<img loading=\"lazy\" decoding=\"async\" width=\"1024\" height=\"146\" src=\"https:\/\/www.hedera-etc.com\/wp-content\/uploads\/2023\/10\/guirlande-1024x146.webp\" class=\"attachment-large size-large wp-image-116\" alt=\"La boutique du lierre - Krans van klimop\" srcset=\"https:\/\/www.hedera-etc.com\/wp-content\/uploads\/2023\/10\/guirlande-1024x146.webp 1024w, https:\/\/www.hedera-etc.com\/wp-content\/uploads\/2023\/10\/guirlande-900x129.webp 900w, https:\/\/www.hedera-etc.com\/wp-content\/uploads\/2023\/10\/guirlande-300x43.webp 300w, https:\/\/www.hedera-etc.com\/wp-content\/uploads\/2023\/10\/guirlande-768x110.webp 768w, https:\/\/www.hedera-etc.com\/wp-content\/uploads\/2023\/10\/guirlande.webp 1126w\" sizes=\"(max-width: 1024px) 100vw, 1024px\" \/>\t\t\t\t\t\t\t\t\t\t\t\t\t\t\t<\/div>\n\t\t\t\t<\/div>\n\t\t\t\t<div class=\"elementor-element elementor-element-4e14790e elementor-widget elementor-widget-text-editor\" data-id=\"4e14790e\" data-element_type=\"widget\" data-widget_type=\"text-editor.default\">\n\t\t\t\t<div class=\"elementor-widget-container\">\n\t\t\t\t\t\t\t\t\t<h3 style=\"text-align: center;\"><span style=\"color: #008000;\">Ivy in de literatuur<\/span><\/h3><blockquote><p style=\"text-align: center;\"><span style=\"color: #993366;\">\u201cDe muren, overwoekerd door klimop, waren het stille bewijs van de eeuwige strijd tussen steen en natuur.<\/span><span style=\"color: #993366;\">\u201d<\/span><\/p><\/blockquote><h5 style=\"text-align: right;\"><strong>George Sand<\/strong>, <em>De meesterringers<\/em><\/h5>\t\t\t\t\t\t\t\t<\/div>\n\t\t\t\t<\/div>\n\t\t\t\t\t<\/div>\n\t\t\t\t<\/div>\n\t\t\t\t<\/div>","protected":false},"excerpt":{"rendered":"<p>Een zeer originele en decoratieve struik.<\/p>\n<p>Stengels rechtop en dik. Bladeren in kolommen aan weerszijden van de stengel. Klein, driehoekig of drielobbig en afgeknot aan de basis. Blad donkergroen.<\/p>\n<p>Een laagblijvende vari\u00ebteit, interessant voor de structuur die hij aan een bed toevoegt.<\/p>\n<p><span style=\"color: #ff0000;\">Ze kreeg de RHS (Royal Horticultural Society) Garden Merit Award in 1993.<\/span><\/p>","protected":false},"featured_media":14853,"comment_status":"open","ping_status":"closed","template":"","meta":{"_acf_changed":false,"ocean_post_layout":"","ocean_both_sidebars_style":"","ocean_both_sidebars_content_width":0,"ocean_both_sidebars_sidebars_width":0,"ocean_sidebar":"0","ocean_second_sidebar":"0","ocean_disable_margins":"enable","ocean_add_body_class":"","ocean_shortcode_before_top_bar":"","ocean_shortcode_after_top_bar":"","ocean_shortcode_before_header":"","ocean_shortcode_after_header":"","ocean_has_shortcode":"","ocean_shortcode_after_title":"","ocean_shortcode_before_footer_widgets":"","ocean_shortcode_after_footer_widgets":"","ocean_shortcode_before_footer_bottom":"","ocean_shortcode_after_footer_bottom":"","ocean_display_top_bar":"default","ocean_display_header":"default","ocean_header_style":"","ocean_center_header_left_menu":"0","ocean_custom_header_template":"0","ocean_custom_logo":0,"ocean_custom_retina_logo":0,"ocean_custom_logo_max_width":0,"ocean_custom_logo_tablet_max_width":0,"ocean_custom_logo_mobile_max_width":0,"ocean_custom_logo_max_height":0,"ocean_custom_logo_tablet_max_height":0,"ocean_custom_logo_mobile_max_height":0,"ocean_header_custom_menu":"0","ocean_menu_typo_font_family":"0","ocean_menu_typo_font_subset":"","ocean_menu_typo_font_size":0,"ocean_menu_typo_font_size_tablet":0,"ocean_menu_typo_font_size_mobile":0,"ocean_menu_typo_font_size_unit":"px","ocean_menu_typo_font_weight":"","ocean_menu_typo_font_weight_tablet":"","ocean_menu_typo_font_weight_mobile":"","ocean_menu_typo_transform":"","ocean_menu_typo_transform_tablet":"","ocean_menu_typo_transform_mobile":"","ocean_menu_typo_line_height":0,"ocean_menu_typo_line_height_tablet":0,"ocean_menu_typo_line_height_mobile":0,"ocean_menu_typo_line_height_unit":"","ocean_menu_typo_spacing":0,"ocean_menu_typo_spacing_tablet":0,"ocean_menu_typo_spacing_mobile":0,"ocean_menu_typo_spacing_unit":"","ocean_menu_link_color":"","ocean_menu_link_color_hover":"","ocean_menu_link_color_active":"","ocean_menu_link_background":"","ocean_menu_link_hover_background":"","ocean_menu_link_active_background":"","ocean_menu_social_links_bg":"","ocean_menu_social_hover_links_bg":"","ocean_menu_social_links_color":"","ocean_menu_social_hover_links_color":"","ocean_disable_title":"default","ocean_disable_heading":"default","ocean_post_title":"","ocean_post_subheading":"","ocean_post_title_style":"","ocean_post_title_background_color":"","ocean_post_title_background":0,"ocean_post_title_bg_image_position":"","ocean_post_title_bg_image_attachment":"","ocean_post_title_bg_image_repeat":"","ocean_post_title_bg_image_size":"","ocean_post_title_height":0,"ocean_post_title_bg_overlay":0.5,"ocean_post_title_bg_overlay_color":"","ocean_disable_breadcrumbs":"default","ocean_breadcrumbs_color":"","ocean_breadcrumbs_separator_color":"","ocean_breadcrumbs_links_color":"","ocean_breadcrumbs_links_hover_color":"","ocean_display_footer_widgets":"default","ocean_display_footer_bottom":"default","ocean_custom_footer_template":"0"},"product_brand":[],"product_cat":[134],"product_tag":[],"class_list":{"0":"post-324","1":"product","2":"type-product","3":"status-publish","4":"has-post-thumbnail","6":"product_cat-lierre","8":"entry","9":"has-media","11":"first","12":"instock","13":"purchasable","14":"product-type-variable","15":"has-default-attributes","16":"has-product-nav","17":"col","18":"span_1_of_4","19":"owp-content-center","20":"item-entry","21":"owp-thumbs-layout-horizontal","22":"owp-btn-normal","23":"owp-tabs-layout-section"},"acf":[],"jetpack_sharing_enabled":true,"_links":{"self":[{"href":"https:\/\/www.hedera-etc.com\/nl\/wp-json\/wp\/v2\/product\/324","targetHints":{"allow":["GET"]}}],"collection":[{"href":"https:\/\/www.hedera-etc.com\/nl\/wp-json\/wp\/v2\/product"}],"about":[{"href":"https:\/\/www.hedera-etc.com\/nl\/wp-json\/wp\/v2\/types\/product"}],"replies":[{"embeddable":true,"href":"https:\/\/www.hedera-etc.com\/nl\/wp-json\/wp\/v2\/comments?post=324"}],"version-history":[{"count":3,"href":"https:\/\/www.hedera-etc.com\/nl\/wp-json\/wp\/v2\/product\/324\/revisions"}],"predecessor-version":[{"id":14855,"href":"https:\/\/www.hedera-etc.com\/nl\/wp-json\/wp\/v2\/product\/324\/revisions\/14855"}],"wp:featuredmedia":[{"embeddable":true,"href":"https:\/\/www.hedera-etc.com\/nl\/wp-json\/wp\/v2\/media\/14853"}],"wp:attachment":[{"href":"https:\/\/www.hedera-etc.com\/nl\/wp-json\/wp\/v2\/media?parent=324"}],"wp:term":[{"taxonomy":"product_brand","embeddable":true,"href":"https:\/\/www.hedera-etc.com\/nl\/wp-json\/wp\/v2\/product_brand?post=324"},{"taxonomy":"product_cat","embeddable":true,"href":"https:\/\/www.hedera-etc.com\/nl\/wp-json\/wp\/v2\/product_cat?post=324"},{"taxonomy":"product_tag","embeddable":true,"href":"https:\/\/www.hedera-etc.com\/nl\/wp-json\/wp\/v2\/product_tag?post=324"}],"curies":[{"name":"wp","href":"https:\/\/api.w.org\/{rel}","templated":true}]}}