{"id":3694,"date":"2024-01-03T21:17:20","date_gmt":"2024-01-03T20:17:20","guid":{"rendered":"https:\/\/www.hedera-etc.com\/?post_type=product&#038;p=3694"},"modified":"2026-04-29T07:09:27","modified_gmt":"2026-04-29T05:09:27","slug":"hedera-helix-groen-hart","status":"publish","type":"product","link":"https:\/\/www.hedera-etc.com\/nl\/product\/hedera-helix-green-heart\/","title":{"rendered":"<em>Hedera helix<\/em> &lsquo;Green Heart&rsquo; &#8211; Sierklimop"},"content":{"rendered":"<div data-elementor-type=\"product-post\" data-elementor-id=\"3694\" class=\"elementor elementor-3694\" data-elementor-post-type=\"product\">\n\t\t\t\t<div class=\"elementor-element elementor-element-451ff0b8 e-con-full e-flex e-con e-child\" data-id=\"451ff0b8\" data-element_type=\"container\">\n\t\t\t\t<div class=\"elementor-element elementor-element-1eb660e6 elementor-widget elementor-widget-text-editor\" data-id=\"1eb660e6\" data-element_type=\"widget\" data-widget_type=\"text-editor.default\">\n\t\t\t\t<div class=\"elementor-widget-container\">\n\t\t\t\t\t\t\t\t\t<h2><span style=\"color: #f0ffed;\">Sierklimop\u00a0 &#8211; Hedera helix &lsquo;Green Heart&rsquo;<\/span><\/h2>\t\t\t\t\t\t\t\t<\/div>\n\t\t\t\t<\/div>\n\t\t\t\t<\/div>\n\t\t<div class=\"elementor-element elementor-element-25d3d387 e-flex e-con-boxed e-con e-parent\" data-id=\"25d3d387\" data-element_type=\"container\">\n\t\t\t\t\t<div class=\"e-con-inner\">\n\t\t<div class=\"elementor-element elementor-element-41b9e1da e-flex e-con-boxed e-con e-child\" data-id=\"41b9e1da\" data-element_type=\"container\">\n\t\t\t\t\t<div class=\"e-con-inner\">\n\t\t\t\t<div class=\"elementor-element elementor-element-7e428a0c elementor-widget elementor-widget-heading\" data-id=\"7e428a0c\" data-element_type=\"widget\" data-widget_type=\"heading.default\">\n\t\t\t\t<div class=\"elementor-widget-container\">\n\t\t\t\t\t<h2 class=\"elementor-heading-title elementor-size-default\">In een notendop<\/h2>\t\t\t\t<\/div>\n\t\t\t\t<\/div>\n\t\t\t\t<div class=\"elementor-element elementor-element-2fe6c1f8 elementor-widget elementor-widget-text-editor\" data-id=\"2fe6c1f8\" data-element_type=\"widget\" data-widget_type=\"text-editor.default\">\n\t\t\t\t<div class=\"elementor-widget-container\">\n\t\t\t\t\t\t\t\t\t<p>Sierklimop, <strong><em>Hedera helix<\/em> &lsquo;Green Heart&rsquo;<\/strong>, is een spontane verschijning van een plaatselijke klimop in de tuin van Olivier Arcelus.<\/p><p>Dit is een vrij vertakte klimop. De stengels hebben lange internodi\u00ebn en olijfgroene bladeren van 4 cm diameter. De basis van de bladeren is hartvormig.<\/p><p>Het is een goede klimmer.<\/p>\t\t\t\t\t\t\t\t<\/div>\n\t\t\t\t<\/div>\n\t\t\t\t<div class=\"elementor-element elementor-element-ee3e9fa elementor-widget elementor-widget-heading\" data-id=\"ee3e9fa\" data-element_type=\"widget\" data-widget_type=\"heading.default\">\n\t\t\t\t<div class=\"elementor-widget-container\">\n\t\t\t\t\t<h2 class=\"elementor-heading-title elementor-size-default\">Geschiedenis<\/h2>\t\t\t\t<\/div>\n\t\t\t\t<\/div>\n\t\t\t\t<div class=\"elementor-element elementor-element-77a045f elementor-widget elementor-widget-text-editor\" data-id=\"77a045f\" data-element_type=\"widget\" data-widget_type=\"text-editor.default\">\n\t\t\t\t<div class=\"elementor-widget-container\">\n\t\t\t\t\t\t\t\t\t<p>Deze cultivar werd gevonden in de tuin van Olivier Arcelus. Het is een mutatie van een lokale klimop.<\/p>\t\t\t\t\t\t\t\t<\/div>\n\t\t\t\t<\/div>\n\t\t\t\t<div class=\"elementor-element elementor-element-6e5eb2cb elementor-widget elementor-widget-heading\" data-id=\"6e5eb2cb\" data-element_type=\"widget\" data-widget_type=\"heading.default\">\n\t\t\t\t<div class=\"elementor-widget-container\">\n\t\t\t\t\t<h2 class=\"elementor-heading-title elementor-size-default\">Technische gegevens - Hedera helix 'Green Heart'<\/h2>\t\t\t\t<\/div>\n\t\t\t\t<\/div>\n\t\t\t\t<div class=\"elementor-element elementor-element-d56bd38 elementor-widget elementor-widget-text-editor\" data-id=\"d56bd38\" data-element_type=\"widget\" data-widget_type=\"text-editor.default\">\n\t\t\t\t<div class=\"elementor-widget-container\">\n\t\t\t\t\t\t\t\t\t<h3>Botanische informatie<\/h3><ul><li>Familie: Araliaceae<\/li><li>Geslacht <em><strong>Hedera<\/strong><\/em><\/li><li>Soort : <em>helix<\/em><\/li><li>Teelt : &lsquo;Green Heart&rsquo;<\/li><li>Pierot classificatie: hartvormige klimop<\/li><li>Loofstadium: juveniel<\/li><li>Oorsprong van de soort: Europa, van Spanje tot Noorwegen, maar weinig aan de Atlantische kust.<\/li><li>Herkomst cultivar: geselecteerd door Olivier Arcelus<\/li><\/ul><h3>\u00a0<\/h3><h3>Beschrijving van Hedera helix &lsquo;Green Heart&rsquo;<\/h3><ul><li>Groeiwijze: spreidend<\/li><li>Aantal lobben: over het algemeen 3 lobben<\/li><li>Bladlengte: 4 cm<\/li><li>Breedte vel: 4 cm<\/li><li>Kleur van het blad: olijfgroen<\/li><li>Kleur van de nerven: lichtgroen<\/li><li>Stekels: lang<\/li><li>Kleur van stengel en bladsteel: roze<\/li><li>Haren: gesteeld, 3 tot 5 takken<\/li><\/ul><h3>\u00a0<\/h3><h3>Tips voor het planten, kweken en verzorgen van Hedera helix &lsquo;Green Heart&rsquo;<\/h3><ul><li>Blootstelling: schaduw, gedeeltelijke schaduw, zon<\/li><li>Winterhardheid: -15\u00b0C<\/li><li>Bodemvocht: koele bodem<\/li><li>Bodem PH: neutraal of kalkrijk<\/li><li>Bodemtype: alle<\/li><li>Bodemrijkdom: gewoon of humushoudend<\/li><li>Gebruik: bodembedekker, klimmer<\/li><li>Ontwikkeling: matig<\/li><li>Snoeien: \u00e9\u00e9n keer per jaar<\/li><li>Ongedierte: zeer zeldzaam (spint, wolluis)<\/li><li>Ziekten: zeer zeldzaam (bladvlekken)<\/li><\/ul>\t\t\t\t\t\t\t\t<\/div>\n\t\t\t\t<\/div>\n\t\t\t\t\t<\/div>\n\t\t\t\t<\/div>\n\t\t\t\t\t<\/div>\n\t\t\t\t<\/div>\n\t\t<div class=\"elementor-element elementor-element-15537370 e-flex e-con-boxed e-con e-parent\" data-id=\"15537370\" data-element_type=\"container\">\n\t\t\t\t\t<div class=\"e-con-inner\">\n\t\t<div class=\"elementor-element elementor-element-3f04b769 e-flex e-con-boxed e-con e-child\" data-id=\"3f04b769\" data-element_type=\"container\" data-settings=\"{&quot;background_background&quot;:&quot;classic&quot;,&quot;shape_divider_top&quot;:&quot;mountains&quot;}\">\n\t\t\t\t\t<div class=\"e-con-inner\">\n\t\t\t\t<div class=\"elementor-shape elementor-shape-top\" data-negative=\"false\">\n\t\t\t<svg xmlns=\"http:\/\/www.w3.org\/2000\/svg\" viewbox=\"0 0 1000 100\" preserveaspectratio=\"none\">\n\t<path class=\"elementor-shape-fill\" opacity=\"0.33\" d=\"M473,67.3c-203.9,88.3-263.1-34-320.3,0C66,119.1,0,59.7,0,59.7V0h1000v59.7 c0,0-62.1,26.1-94.9,29.3c-32.8,3.3-62.8-12.3-75.8-22.1C806,49.6,745.3,8.7,694.9,4.7S492.4,59,473,67.3z\"\/>\n\t<path class=\"elementor-shape-fill\" opacity=\"0.66\" d=\"M734,67.3c-45.5,0-77.2-23.2-129.1-39.1c-28.6-8.7-150.3-10.1-254,39.1 s-91.7-34.4-149.2,0C115.7,118.3,0,39.8,0,39.8V0h1000v36.5c0,0-28.2-18.5-92.1-18.5C810.2,18.1,775.7,67.3,734,67.3z\"\/>\n\t<path class=\"elementor-shape-fill\" d=\"M766.1,28.9c-200-57.5-266,65.5-395.1,19.5C242,1.8,242,5.4,184.8,20.6C128,35.8,132.3,44.9,89.9,52.5C28.6,63.7,0,0,0,0 h1000c0,0-9.9,40.9-83.6,48.1S829.6,47,766.1,28.9z\"\/>\n<\/svg>\t\t<\/div>\n\t\t\t\t<div class=\"elementor-element elementor-element-62dd97d4 elementor-widget__width-initial elementor-widget elementor-widget-image\" data-id=\"62dd97d4\" data-element_type=\"widget\" data-widget_type=\"image.default\">\n\t\t\t\t<div class=\"elementor-widget-container\">\n\t\t\t\t\t\t\t\t\t\t\t\t\t\t\t<img fetchpriority=\"high\" decoding=\"async\" width=\"300\" height=\"180\" src=\"https:\/\/www.hedera-etc.com\/wp-content\/uploads\/2024\/11\/vecteezy_simplicity-ivy-freehand-drawing_13643730_206-300x180.webp\" class=\"attachment-medium size-medium wp-image-10573\" alt=\"\" srcset=\"https:\/\/www.hedera-etc.com\/wp-content\/uploads\/2024\/11\/vecteezy_simplicity-ivy-freehand-drawing_13643730_206-300x180.webp 300w, https:\/\/www.hedera-etc.com\/wp-content\/uploads\/2024\/11\/vecteezy_simplicity-ivy-freehand-drawing_13643730_206-900x540.webp 900w, https:\/\/www.hedera-etc.com\/wp-content\/uploads\/2024\/11\/vecteezy_simplicity-ivy-freehand-drawing_13643730_206-1024x614.webp 1024w, https:\/\/www.hedera-etc.com\/wp-content\/uploads\/2024\/11\/vecteezy_simplicity-ivy-freehand-drawing_13643730_206-768x461.webp 768w, https:\/\/www.hedera-etc.com\/wp-content\/uploads\/2024\/11\/vecteezy_simplicity-ivy-freehand-drawing_13643730_206-1536x921.webp 1536w, https:\/\/www.hedera-etc.com\/wp-content\/uploads\/2024\/11\/vecteezy_simplicity-ivy-freehand-drawing_13643730_206.webp 1920w, https:\/\/www.hedera-etc.com\/wp-content\/uploads\/2024\/11\/vecteezy_simplicity-ivy-freehand-drawing_13643730_206-1320x791.webp 1320w\" sizes=\"(max-width: 300px) 100vw, 300px\" \/>\t\t\t\t\t\t\t\t\t\t\t\t\t\t\t<\/div>\n\t\t\t\t<\/div>\n\t\t\t\t<div class=\"elementor-element elementor-element-7f8f221e elementor-widget elementor-widget-heading\" data-id=\"7f8f221e\" data-element_type=\"widget\" data-widget_type=\"heading.default\">\n\t\t\t\t<div class=\"elementor-widget-container\">\n\t\t\t\t\t<h2 class=\"elementor-heading-title elementor-size-default\">Een pagina uit mijn kleine klimop encyclopedie<\/h2>\t\t\t\t<\/div>\n\t\t\t\t<\/div>\n\t\t\t\t\t<\/div>\n\t\t\t\t<\/div>\n\t\t\t\t<div class=\"elementor-element elementor-element-05c6d45 elementor-widget elementor-widget-global elementor-global-6669 elementor-widget-text-editor\" data-id=\"05c6d45\" data-element_type=\"widget\" data-widget_type=\"text-editor.default\">\n\t\t\t\t<div class=\"elementor-widget-container\">\n\t\t\t\t\t\t\t\t\t<h3><span style=\"color: #008000;\">Af en toe een vraag ...<\/span><\/h3><h2><span style=\"color: #008000;\">Hoe worden nieuwe klimplanten geselecteerd?<\/span><\/h2><p>Er zijn twee manieren om nieuwe klimop te selecteren:\u00a0<\/p><p>1 - in een bepaalde vari\u00ebteit zien \u00e9\u00e9n of meer takken er anders uit dan de rest van de plant. Dit staat bekend als een mutatie. Dit is een veel voorkomend fenomeen bij klimop. Het produceert van nature nieuwe vormen of kleuren die interessant zijn om te observeren. Door te stekken van deze oorspronkelijke vertakking, cre\u00eber je een nieuwe klimopvari\u00ebteit.\u00a0<\/p><p>2 - door populaties van klimop in het wild te observeren. Sommige kunnen volledig origineel zijn en verschillen van eerder bekende vormen van klimop.<\/p><p>In het eerste geval is de afstamming volkomen duidelijk. We kunnen zeggen dat de nieuwe vari\u00ebteit een mutatie (of een sport) is van een bepaalde cultivar. In het tweede geval is het moeilijker, zo niet onmogelijk, om de afstamming van de nieuw ontdekte vari\u00ebteit vast te stellen.<\/p><p>In alle gevallen is het belangrijk om er zeker van te zijn dat de nieuwe vari\u00ebteit echt interessant is, vooral esthetisch of botanisch, en natuurlijk om te controleren of ze niet al door iemand anders gespot is en dus compleet verschilt van alles wat we eerder hebben gekend.<\/p>\t\t\t\t\t\t\t\t<\/div>\n\t\t\t\t<\/div>\n\t\t\t\t<div class=\"elementor-element elementor-element-59c276ec elementor-widget elementor-widget-image\" data-id=\"59c276ec\" data-element_type=\"widget\" data-widget_type=\"image.default\">\n\t\t\t\t<div class=\"elementor-widget-container\">\n\t\t\t\t\t\t\t\t\t\t\t\t\t\t\t<img decoding=\"async\" width=\"1024\" height=\"146\" src=\"https:\/\/www.hedera-etc.com\/wp-content\/uploads\/2023\/10\/guirlande-1024x146.webp\" class=\"attachment-large size-large wp-image-116\" alt=\"La boutique du lierre - Krans van klimop\" srcset=\"https:\/\/www.hedera-etc.com\/wp-content\/uploads\/2023\/10\/guirlande-1024x146.webp 1024w, https:\/\/www.hedera-etc.com\/wp-content\/uploads\/2023\/10\/guirlande-900x129.webp 900w, https:\/\/www.hedera-etc.com\/wp-content\/uploads\/2023\/10\/guirlande-300x43.webp 300w, https:\/\/www.hedera-etc.com\/wp-content\/uploads\/2023\/10\/guirlande-768x110.webp 768w, https:\/\/www.hedera-etc.com\/wp-content\/uploads\/2023\/10\/guirlande.webp 1126w\" sizes=\"(max-width: 1024px) 100vw, 1024px\" \/>\t\t\t\t\t\t\t\t\t\t\t\t\t\t\t<\/div>\n\t\t\t\t<\/div>\n\t\t\t\t<div class=\"elementor-element elementor-element-208424a6 elementor-widget elementor-widget-text-editor\" data-id=\"208424a6\" data-element_type=\"widget\" data-widget_type=\"text-editor.default\">\n\t\t\t\t<div class=\"elementor-widget-container\">\n\t\t\t\t\t\t\t\t\t<h3 style=\"text-align: center;\"><span style=\"color: #008000;\">Ivy in de literatuur<\/span><\/h3><blockquote><p style=\"text-align: center;\"><span style=\"color: #993366;\">\u201cDe klimop omarmde de verminkte beelden en gaf ze nieuw leven.\u00bb<\/span><\/p><\/blockquote><h5 style=\"text-align: right;\"><strong>Victor Hugo<\/strong>, <em>Notre-Dame de Paris<\/em><\/h5>\t\t\t\t\t\t\t\t<\/div>\n\t\t\t\t<\/div>\n\t\t\t\t\t<\/div>\n\t\t\t\t<\/div>\n\t\t\t\t<\/div>","protected":false},"excerpt":{"rendered":"<p>Klimop die spontaan groeide in de tuin van Olivier Arcelus uit een lokale klimop.<\/p>\n<p>Vrij vertakt. Stengels met lange internodi\u00ebn die aantrekkelijke olijfgroene bladeren dragen met een diameter van 4 cm. Hartvormige bladbodems.<\/p>\n<p>Goede klimmer.<\/p>","protected":false},"featured_media":3695,"comment_status":"open","ping_status":"closed","template":"","meta":{"_acf_changed":false,"ocean_post_layout":"","ocean_both_sidebars_style":"","ocean_both_sidebars_content_width":0,"ocean_both_sidebars_sidebars_width":0,"ocean_sidebar":"0","ocean_second_sidebar":"0","ocean_disable_margins":"enable","ocean_add_body_class":"","ocean_shortcode_before_top_bar":"","ocean_shortcode_after_top_bar":"","ocean_shortcode_before_header":"","ocean_shortcode_after_header":"","ocean_has_shortcode":"","ocean_shortcode_after_title":"","ocean_shortcode_before_footer_widgets":"","ocean_shortcode_after_footer_widgets":"","ocean_shortcode_before_footer_bottom":"","ocean_shortcode_after_footer_bottom":"","ocean_display_top_bar":"default","ocean_display_header":"default","ocean_header_style":"","ocean_center_header_left_menu":"0","ocean_custom_header_template":"0","ocean_custom_logo":0,"ocean_custom_retina_logo":0,"ocean_custom_logo_max_width":0,"ocean_custom_logo_tablet_max_width":0,"ocean_custom_logo_mobile_max_width":0,"ocean_custom_logo_max_height":0,"ocean_custom_logo_tablet_max_height":0,"ocean_custom_logo_mobile_max_height":0,"ocean_header_custom_menu":"0","ocean_menu_typo_font_family":"0","ocean_menu_typo_font_subset":"","ocean_menu_typo_font_size":0,"ocean_menu_typo_font_size_tablet":0,"ocean_menu_typo_font_size_mobile":0,"ocean_menu_typo_font_size_unit":"px","ocean_menu_typo_font_weight":"","ocean_menu_typo_font_weight_tablet":"","ocean_menu_typo_font_weight_mobile":"","ocean_menu_typo_transform":"","ocean_menu_typo_transform_tablet":"","ocean_menu_typo_transform_mobile":"","ocean_menu_typo_line_height":0,"ocean_menu_typo_line_height_tablet":0,"ocean_menu_typo_line_height_mobile":0,"ocean_menu_typo_line_height_unit":"","ocean_menu_typo_spacing":0,"ocean_menu_typo_spacing_tablet":0,"ocean_menu_typo_spacing_mobile":0,"ocean_menu_typo_spacing_unit":"","ocean_menu_link_color":"","ocean_menu_link_color_hover":"","ocean_menu_link_color_active":"","ocean_menu_link_background":"","ocean_menu_link_hover_background":"","ocean_menu_link_active_background":"","ocean_menu_social_links_bg":"","ocean_menu_social_hover_links_bg":"","ocean_menu_social_links_color":"","ocean_menu_social_hover_links_color":"","ocean_disable_title":"default","ocean_disable_heading":"default","ocean_post_title":"","ocean_post_subheading":"","ocean_post_title_style":"","ocean_post_title_background_color":"","ocean_post_title_background":0,"ocean_post_title_bg_image_position":"","ocean_post_title_bg_image_attachment":"","ocean_post_title_bg_image_repeat":"","ocean_post_title_bg_image_size":"","ocean_post_title_height":0,"ocean_post_title_bg_overlay":0.5,"ocean_post_title_bg_overlay_color":"","ocean_disable_breadcrumbs":"default","ocean_breadcrumbs_color":"","ocean_breadcrumbs_separator_color":"","ocean_breadcrumbs_links_color":"","ocean_breadcrumbs_links_hover_color":"","ocean_display_footer_widgets":"default","ocean_display_footer_bottom":"default","ocean_custom_footer_template":"0"},"product_brand":[],"product_cat":[134],"product_tag":[],"class_list":{"0":"post-3694","1":"product","2":"type-product","3":"status-publish","4":"has-post-thumbnail","6":"product_cat-lierre","8":"entry","9":"has-media","11":"first","12":"instock","13":"purchasable","14":"product-type-variable","15":"has-default-attributes","16":"has-product-nav","17":"col","18":"span_1_of_4","19":"owp-content-center","20":"item-entry","21":"owp-thumbs-layout-horizontal","22":"owp-btn-normal","23":"owp-tabs-layout-section","24":"has-no-thumbnails"},"acf":[],"jetpack_sharing_enabled":true,"_links":{"self":[{"href":"https:\/\/www.hedera-etc.com\/nl\/wp-json\/wp\/v2\/product\/3694","targetHints":{"allow":["GET"]}}],"collection":[{"href":"https:\/\/www.hedera-etc.com\/nl\/wp-json\/wp\/v2\/product"}],"about":[{"href":"https:\/\/www.hedera-etc.com\/nl\/wp-json\/wp\/v2\/types\/product"}],"replies":[{"embeddable":true,"href":"https:\/\/www.hedera-etc.com\/nl\/wp-json\/wp\/v2\/comments?post=3694"}],"version-history":[{"count":4,"href":"https:\/\/www.hedera-etc.com\/nl\/wp-json\/wp\/v2\/product\/3694\/revisions"}],"predecessor-version":[{"id":16424,"href":"https:\/\/www.hedera-etc.com\/nl\/wp-json\/wp\/v2\/product\/3694\/revisions\/16424"}],"wp:featuredmedia":[{"embeddable":true,"href":"https:\/\/www.hedera-etc.com\/nl\/wp-json\/wp\/v2\/media\/3695"}],"wp:attachment":[{"href":"https:\/\/www.hedera-etc.com\/nl\/wp-json\/wp\/v2\/media?parent=3694"}],"wp:term":[{"taxonomy":"product_brand","embeddable":true,"href":"https:\/\/www.hedera-etc.com\/nl\/wp-json\/wp\/v2\/product_brand?post=3694"},{"taxonomy":"product_cat","embeddable":true,"href":"https:\/\/www.hedera-etc.com\/nl\/wp-json\/wp\/v2\/product_cat?post=3694"},{"taxonomy":"product_tag","embeddable":true,"href":"https:\/\/www.hedera-etc.com\/nl\/wp-json\/wp\/v2\/product_tag?post=3694"}],"curies":[{"name":"wp","href":"https:\/\/api.w.org\/{rel}","templated":true}]}}