{"id":4480,"date":"2024-04-07T10:02:21","date_gmt":"2024-04-07T08:02:21","guid":{"rendered":"https:\/\/www.hedera-etc.com\/?post_type=product&#038;p=4480"},"modified":"2026-05-01T07:09:42","modified_gmt":"2026-05-01T05:09:42","slug":"hedera-hibernica-spetchley","status":"publish","type":"product","link":"https:\/\/www.hedera-etc.com\/nl\/product\/hedera-hibernica-spetchley\/","title":{"rendered":"<em>Hedera hibernica<\/em> &lsquo;Spetchley&rsquo; &#8211; Ierse klimop"},"content":{"rendered":"<div data-elementor-type=\"product-post\" data-elementor-id=\"4480\" class=\"elementor elementor-4480\" data-elementor-post-type=\"product\">\n\t\t\t\t<div class=\"elementor-element elementor-element-6e0658cf e-con-full e-flex e-con e-child\" data-id=\"6e0658cf\" data-element_type=\"container\">\n\t\t\t\t<div class=\"elementor-element elementor-element-8ba1f2d elementor-widget elementor-widget-text-editor\" data-id=\"8ba1f2d\" data-element_type=\"widget\" data-widget_type=\"text-editor.default\">\n\t\t\t\t<div class=\"elementor-widget-container\">\n\t\t\t\t\t\t\t\t\t<h2><span style=\"color: #f0ffed;\">Le Ierse klimop\u00a0 &#8211; Hedera hibernica &lsquo;Spetchley&rsquo;<\/span><\/h2>\t\t\t\t\t\t\t\t<\/div>\n\t\t\t\t<\/div>\n\t\t\t\t<\/div>\n\t\t<div class=\"elementor-element elementor-element-96c43b1 e-flex e-con-boxed e-con e-parent\" data-id=\"96c43b1\" data-element_type=\"container\">\n\t\t\t\t\t<div class=\"e-con-inner\">\n\t\t\t\t<div class=\"elementor-element elementor-element-fc13e46 elementor-widget elementor-widget-heading\" data-id=\"fc13e46\" data-element_type=\"widget\" data-widget_type=\"heading.default\">\n\t\t\t\t<div class=\"elementor-widget-container\">\n\t\t\t\t\t<h2 class=\"elementor-heading-title elementor-size-default\">In een notendop<\/h2>\t\t\t\t<\/div>\n\t\t\t\t<\/div>\n\t\t\t\t<div class=\"elementor-element elementor-element-24591e3 elementor-widget elementor-widget-text-editor\" data-id=\"24591e3\" data-element_type=\"widget\" data-widget_type=\"text-editor.default\">\n\t\t\t\t<div class=\"elementor-widget-container\">\n\t\t\t\t\t\t\t\t\t<p>Ierse klimop, <strong><em>Hedera hibernica<\/em> &lsquo;Spetchley&rsquo;<\/strong>, werd gezien in de tuinen van Spetchley Park in Evesham, Worcestershire, Engeland.<\/p><p>Het is een miniatuur klimop met vogelpootbladeren. Hij wordt ook wel <em>Hedera hibernica<\/em> &lsquo;Gnome&rsquo;.<\/p><p>Bladeren tussen groen en paars, met 0 tot 3 lobben, 2 cm lang en 1,5 cm breed.<\/p><h3>Beloning:\u00a0<\/h3><p><span style=\"color: #ff0000;\">Bekroond met de Royal Horticultural Society (RHS) Garden of Merit in 1993.<\/span><\/p>\t\t\t\t\t\t\t\t<\/div>\n\t\t\t\t<\/div>\n\t\t\t\t<div class=\"elementor-element elementor-element-d83437b elementor-widget elementor-widget-heading\" data-id=\"d83437b\" data-element_type=\"widget\" data-widget_type=\"heading.default\">\n\t\t\t\t<div class=\"elementor-widget-container\">\n\t\t\t\t\t<h2 class=\"elementor-heading-title elementor-size-default\">Geschiedenis<\/h2>\t\t\t\t<\/div>\n\t\t\t\t<\/div>\n\t\t\t\t<div class=\"elementor-element elementor-element-af08222 elementor-widget elementor-widget-text-editor\" data-id=\"af08222\" data-element_type=\"widget\" data-widget_type=\"text-editor.default\">\n\t\t\t\t<div class=\"elementor-widget-container\">\n\t\t\t\t\t\t\t\t\t<p>Ce cultivar r\u00e9cup\u00e9r\u00e9\u00a0 dans les jardins de Spetchley Park \u00e0 Evesham dans le Worcestershire, en Angleterre, a d&rsquo;abord \u00e9t\u00e9 mis en circulation sous le nom de &lsquo;Gnome&rsquo; dans les ann\u00e9es 1970.<\/p>\t\t\t\t\t\t\t\t<\/div>\n\t\t\t\t<\/div>\n\t\t\t\t<div class=\"elementor-element elementor-element-937dd1f elementor-widget elementor-widget-heading\" data-id=\"937dd1f\" data-element_type=\"widget\" data-widget_type=\"heading.default\">\n\t\t\t\t<div class=\"elementor-widget-container\">\n\t\t\t\t\t<h2 class=\"elementor-heading-title elementor-size-default\">Technische gegevens - Hedera hibernica 'Spetchley'<\/h2>\t\t\t\t<\/div>\n\t\t\t\t<\/div>\n\t\t\t\t<div class=\"elementor-element elementor-element-ceeea0d elementor-widget elementor-widget-text-editor\" data-id=\"ceeea0d\" data-element_type=\"widget\" data-widget_type=\"text-editor.default\">\n\t\t\t\t<div class=\"elementor-widget-container\">\n\t\t\t\t\t\t\t\t\t<h3>Botanische informatie<\/h3><ul><li>Familie: Araliaceae<\/li><li>Geslacht <em><strong>Hedera<\/strong><\/em><\/li><li>Soort : <em>hibernica<\/em><\/li><li>Teelt : &lsquo;Spetchley&rsquo;<\/li><li>Synoniems : &lsquo;Gnome&rsquo;<\/li><li>Pierot classificatie: miniatuur, vogelvoet<\/li><li>Loofstadium: juveniel<\/li><li>Herkomst: Europa, Atlantische kust<\/li><\/ul><h3>\u00a0<\/h3><h3>Description d&rsquo;Hedera hibernica &lsquo;Spetchley&rsquo;<\/h3><ul><li>Groeiwijze: gedrongen, spreidend<\/li><li>Aantal lobben: meestal 3<\/li><li>Bladlengte: 2 cm<\/li><li>Breedte vel: 1,5 cm<\/li><li>Bladkleur: tussen groen en paars<\/li><li>Kleur van stengel en bladsteel :\u00a0<span style=\"font-family: Roboto, sans-serif; font-size: 16px; font-style: normal; font-variant-ligatures: normal; font-variant-caps: normal; font-weight: 400;\">tussen groen en paars<\/span><\/li><li><span style=\"font-family: Roboto, sans-serif; font-size: 16px; font-style: normal; font-variant-ligatures: normal; font-variant-caps: normal; font-weight: 400;\">Steel: stijf<\/span><\/li><li><span style=\"font-family: Roboto, sans-serif; font-size: 16px; font-style: normal; font-variant-ligatures: normal; font-variant-caps: normal; font-weight: 400;\">Vertakkingen: zeer vertakt<\/span><\/li><li><span style=\"font-family: Roboto, sans-serif; font-size: 16px; font-style: normal; font-variant-ligatures: normal; font-variant-caps: normal; font-weight: 400;\">Haren: gesteeld, vrij klein<\/span><\/li><\/ul><h3>\u00a0<\/h3><h3>Conseils plantation, culture et entretien d&rsquo;Hedera hibernica &lsquo;Spetchley&rsquo;<\/h3><ul><li>Blootstelling: schaduw, halfschaduw<\/li><li>Winterhardheid: -15\u00b0C<\/li><li>Bodemvocht: koele bodem<\/li><li>Bodem PH: neutraal, kalkrijk, zuur<\/li><li>Bodemtype: alle<\/li><li>Bodemrijkdom: gewoon of humus<\/li><li>Gebruik : klimmer, pot, jardini\u00e8re, rotstuin, kamerplant<\/li><li>Ontwikkeling: bescheiden<\/li><li>Snoeien: \u00e9\u00e9n keer per jaar<\/li><li>Plagen: zeldzaam (spint, schildluizen)<\/li><li>Ziekten: zeldzaam (bladvlekken)<\/li><\/ul>\t\t\t\t\t\t\t\t<\/div>\n\t\t\t\t<\/div>\n\t\t\t\t\t<\/div>\n\t\t\t\t<\/div>\n\t\t<div class=\"elementor-element elementor-element-7d2b113a e-flex e-con-boxed e-con e-parent\" data-id=\"7d2b113a\" data-element_type=\"container\">\n\t\t\t\t\t<div class=\"e-con-inner\">\n\t\t<div class=\"elementor-element elementor-element-4651368b e-flex e-con-boxed e-con e-child\" data-id=\"4651368b\" data-element_type=\"container\" data-settings=\"{&quot;background_background&quot;:&quot;classic&quot;,&quot;shape_divider_top&quot;:&quot;mountains&quot;}\">\n\t\t\t\t\t<div class=\"e-con-inner\">\n\t\t\t\t<div class=\"elementor-shape elementor-shape-top\" data-negative=\"false\">\n\t\t\t<svg xmlns=\"http:\/\/www.w3.org\/2000\/svg\" viewbox=\"0 0 1000 100\" preserveaspectratio=\"none\">\n\t<path class=\"elementor-shape-fill\" opacity=\"0.33\" d=\"M473,67.3c-203.9,88.3-263.1-34-320.3,0C66,119.1,0,59.7,0,59.7V0h1000v59.7 c0,0-62.1,26.1-94.9,29.3c-32.8,3.3-62.8-12.3-75.8-22.1C806,49.6,745.3,8.7,694.9,4.7S492.4,59,473,67.3z\"\/>\n\t<path class=\"elementor-shape-fill\" opacity=\"0.66\" d=\"M734,67.3c-45.5,0-77.2-23.2-129.1-39.1c-28.6-8.7-150.3-10.1-254,39.1 s-91.7-34.4-149.2,0C115.7,118.3,0,39.8,0,39.8V0h1000v36.5c0,0-28.2-18.5-92.1-18.5C810.2,18.1,775.7,67.3,734,67.3z\"\/>\n\t<path class=\"elementor-shape-fill\" d=\"M766.1,28.9c-200-57.5-266,65.5-395.1,19.5C242,1.8,242,5.4,184.8,20.6C128,35.8,132.3,44.9,89.9,52.5C28.6,63.7,0,0,0,0 h1000c0,0-9.9,40.9-83.6,48.1S829.6,47,766.1,28.9z\"\/>\n<\/svg>\t\t<\/div>\n\t\t\t\t<div class=\"elementor-element elementor-element-2a34d914 elementor-widget__width-initial elementor-widget elementor-widget-image\" data-id=\"2a34d914\" data-element_type=\"widget\" data-widget_type=\"image.default\">\n\t\t\t\t<div class=\"elementor-widget-container\">\n\t\t\t\t\t\t\t\t\t\t\t\t\t\t\t<img fetchpriority=\"high\" decoding=\"async\" width=\"300\" height=\"180\" src=\"https:\/\/www.hedera-etc.com\/wp-content\/uploads\/2024\/11\/vecteezy_simplicity-ivy-freehand-drawing_13643730_206-300x180.webp\" class=\"attachment-medium size-medium wp-image-10573\" alt=\"\" srcset=\"https:\/\/www.hedera-etc.com\/wp-content\/uploads\/2024\/11\/vecteezy_simplicity-ivy-freehand-drawing_13643730_206-300x180.webp 300w, https:\/\/www.hedera-etc.com\/wp-content\/uploads\/2024\/11\/vecteezy_simplicity-ivy-freehand-drawing_13643730_206-900x540.webp 900w, https:\/\/www.hedera-etc.com\/wp-content\/uploads\/2024\/11\/vecteezy_simplicity-ivy-freehand-drawing_13643730_206-1024x614.webp 1024w, https:\/\/www.hedera-etc.com\/wp-content\/uploads\/2024\/11\/vecteezy_simplicity-ivy-freehand-drawing_13643730_206-768x461.webp 768w, https:\/\/www.hedera-etc.com\/wp-content\/uploads\/2024\/11\/vecteezy_simplicity-ivy-freehand-drawing_13643730_206-1536x921.webp 1536w, https:\/\/www.hedera-etc.com\/wp-content\/uploads\/2024\/11\/vecteezy_simplicity-ivy-freehand-drawing_13643730_206.webp 1920w, https:\/\/www.hedera-etc.com\/wp-content\/uploads\/2024\/11\/vecteezy_simplicity-ivy-freehand-drawing_13643730_206-1320x791.webp 1320w\" sizes=\"(max-width: 300px) 100vw, 300px\" \/>\t\t\t\t\t\t\t\t\t\t\t\t\t\t\t<\/div>\n\t\t\t\t<\/div>\n\t\t\t\t<div class=\"elementor-element elementor-element-c12b8ee elementor-widget elementor-widget-heading\" data-id=\"c12b8ee\" data-element_type=\"widget\" data-widget_type=\"heading.default\">\n\t\t\t\t<div class=\"elementor-widget-container\">\n\t\t\t\t\t<h2 class=\"elementor-heading-title elementor-size-default\">Een pagina uit mijn kleine klimop encyclopedie<\/h2>\t\t\t\t<\/div>\n\t\t\t\t<\/div>\n\t\t\t\t\t<\/div>\n\t\t\t\t<\/div>\n\t\t\t\t<div class=\"elementor-element elementor-element-b7c8d13 elementor-widget elementor-widget-menu-anchor\" data-id=\"b7c8d13\" data-element_type=\"widget\" data-widget_type=\"menu-anchor.default\">\n\t\t\t\t<div class=\"elementor-widget-container\">\n\t\t\t\t\t\t\t<div class=\"elementor-menu-anchor\" id=\"miniature\"><\/div>\n\t\t\t\t\t\t<\/div>\n\t\t\t\t<\/div>\n\t\t\t\t<div class=\"elementor-element elementor-element-ced320c elementor-widget elementor-widget-global elementor-global-6447 elementor-widget-text-editor\" data-id=\"ced320c\" data-element_type=\"widget\" data-widget_type=\"text-editor.default\">\n\t\t\t\t<div class=\"elementor-widget-container\">\n\t\t\t\t\t\t\t\t\t<h3><span style=\"color: #008000;\">Een kwestie van omstandigheden ...<\/span><\/h3><h2><span style=\"color: #008000;\">Zijn er nog andere miniatuur klimop planten?<\/span><\/h2><p>Pour ceux qui craignent que le lierre envahisse tout, il existe une solution : le lierre miniature, tel que le lierre &lsquo;Spetchley&rsquo;. Il existe bien d&rsquo;autres lierres miniatures dans notre collection. En voici quelques exemples :<\/p><ul><li><a href=\"https:\/\/www.hedera-etc.com\/nl\/product\/hedera-helix-ardingly\/\" target=\"_blank\" rel=\"noopener\">Hedera helix &lsquo;Ardingly&rsquo;<\/a>, een kleine klimop met witte bonte schakering<\/li><li><a href=\"https:\/\/www.hedera-etc.com\/nl\/product\/hedera-helix-bill-archer\/\" target=\"_blank\" rel=\"noopener\">Hedera helix &lsquo;Bill Archer&rsquo;<\/a>, een krent met zeer dunne bladeren<\/li><li><a href=\"https:\/\/www.hedera-etc.com\/nl\/product\/hedera-helix-eendenvoet\/\" target=\"_blank\" rel=\"noopener\">Hedera helix &lsquo;Duckfoot&rsquo;<\/a>, die, zoals de naam al doet vermoeden, een klimop is met vogelpootbladeren. Een AGM bekroonde vari\u00ebteit.<\/li><li><a href=\"https:\/\/www.hedera-etc.com\/nl\/product\/hedera-helix-henriette\/\" target=\"_blank\" rel=\"noopener\">Hedera helix &lsquo;Henriette&rsquo;<\/a>, een bonte vari\u00ebteit met bladeren die vaak lobloos zijn, zeer origineel<\/li><li><a href=\"https:\/\/www.hedera-etc.com\/nl\/product\/hedera-helix-kleine-diamant\/\" target=\"_blank\" rel=\"noopener\">Hedera helix &lsquo;Little Diamond&rsquo;<\/a>, met ruitvormige bladeren<\/li><li>en nog veel meer ...<\/li><\/ul><p>Kortom, zoals je kunt zien, kun je een groot aantal klimopplanten in je huis plaatsen zonder bang te hoeven zijn voor overwoekering, en ze zullen het hele jaar door een geweldige show geven.<\/p>\t\t\t\t\t\t\t\t<\/div>\n\t\t\t\t<\/div>\n\t\t\t\t<div class=\"elementor-element elementor-element-54f1ca26 elementor-widget elementor-widget-image\" data-id=\"54f1ca26\" data-element_type=\"widget\" data-widget_type=\"image.default\">\n\t\t\t\t<div class=\"elementor-widget-container\">\n\t\t\t\t\t\t\t\t\t\t\t\t\t\t\t<img decoding=\"async\" width=\"1024\" height=\"146\" src=\"https:\/\/www.hedera-etc.com\/wp-content\/uploads\/2023\/10\/guirlande-1024x146.webp\" class=\"attachment-large size-large wp-image-116\" alt=\"La boutique du lierre - Krans van klimop\" srcset=\"https:\/\/www.hedera-etc.com\/wp-content\/uploads\/2023\/10\/guirlande-1024x146.webp 1024w, https:\/\/www.hedera-etc.com\/wp-content\/uploads\/2023\/10\/guirlande-900x129.webp 900w, https:\/\/www.hedera-etc.com\/wp-content\/uploads\/2023\/10\/guirlande-300x43.webp 300w, https:\/\/www.hedera-etc.com\/wp-content\/uploads\/2023\/10\/guirlande-768x110.webp 768w, https:\/\/www.hedera-etc.com\/wp-content\/uploads\/2023\/10\/guirlande.webp 1126w\" sizes=\"(max-width: 1024px) 100vw, 1024px\" \/>\t\t\t\t\t\t\t\t\t\t\t\t\t\t\t<\/div>\n\t\t\t\t<\/div>\n\t\t\t\t<div class=\"elementor-element elementor-element-654f61a0 elementor-widget elementor-widget-text-editor\" data-id=\"654f61a0\" data-element_type=\"widget\" data-widget_type=\"text-editor.default\">\n\t\t\t\t<div class=\"elementor-widget-container\">\n\t\t\t\t\t\t\t\t\t<h3 style=\"text-align: center;\"><span style=\"color: #008000;\">Ivy in de literatuur<\/span><\/h3><blockquote><p style=\"text-align: center;\"><span style=\"color: #993366;\">\u201cHet huis, overwoekerd door klimop, leek te zijn vergeten door de wereld, maar niet door de tijd.<\/span><span style=\"color: #993366;\">\u201d<\/span><\/p><\/blockquote><h5 style=\"text-align: right;\">George Sand, La Mare au Diable<\/h5>\t\t\t\t\t\t\t\t<\/div>\n\t\t\t\t<\/div>\n\t\t\t\t\t<\/div>\n\t\t\t\t<\/div>\n\t\t\t\t<\/div>","protected":false},"excerpt":{"rendered":"<p>Miniatuur klimop met vogelpootblaadjes. Soms ook bekend als <em>Hedera hibernica<\/em> &lsquo;Gnome&rsquo;.<\/p>\n<p>Bladeren tussen groen en paars, met 0 tot 3 lobben.<\/p>\n<p><span style=\"color: #ff0000\"><strong>Deze klimop werd in 1993 bekroond met de RHS (Royal Horticultural Society) Garden Award of Merit.<\/strong><\/span><\/p>","protected":false},"featured_media":4516,"comment_status":"open","ping_status":"closed","template":"","meta":{"_acf_changed":false,"ocean_post_layout":"","ocean_both_sidebars_style":"","ocean_both_sidebars_content_width":0,"ocean_both_sidebars_sidebars_width":0,"ocean_sidebar":"0","ocean_second_sidebar":"0","ocean_disable_margins":"enable","ocean_add_body_class":"","ocean_shortcode_before_top_bar":"","ocean_shortcode_after_top_bar":"","ocean_shortcode_before_header":"","ocean_shortcode_after_header":"","ocean_has_shortcode":"","ocean_shortcode_after_title":"","ocean_shortcode_before_footer_widgets":"","ocean_shortcode_after_footer_widgets":"","ocean_shortcode_before_footer_bottom":"","ocean_shortcode_after_footer_bottom":"","ocean_display_top_bar":"default","ocean_display_header":"default","ocean_header_style":"","ocean_center_header_left_menu":"0","ocean_custom_header_template":"0","ocean_custom_logo":0,"ocean_custom_retina_logo":0,"ocean_custom_logo_max_width":0,"ocean_custom_logo_tablet_max_width":0,"ocean_custom_logo_mobile_max_width":0,"ocean_custom_logo_max_height":0,"ocean_custom_logo_tablet_max_height":0,"ocean_custom_logo_mobile_max_height":0,"ocean_header_custom_menu":"0","ocean_menu_typo_font_family":"0","ocean_menu_typo_font_subset":"","ocean_menu_typo_font_size":0,"ocean_menu_typo_font_size_tablet":0,"ocean_menu_typo_font_size_mobile":0,"ocean_menu_typo_font_size_unit":"px","ocean_menu_typo_font_weight":"","ocean_menu_typo_font_weight_tablet":"","ocean_menu_typo_font_weight_mobile":"","ocean_menu_typo_transform":"","ocean_menu_typo_transform_tablet":"","ocean_menu_typo_transform_mobile":"","ocean_menu_typo_line_height":0,"ocean_menu_typo_line_height_tablet":0,"ocean_menu_typo_line_height_mobile":0,"ocean_menu_typo_line_height_unit":"","ocean_menu_typo_spacing":0,"ocean_menu_typo_spacing_tablet":0,"ocean_menu_typo_spacing_mobile":0,"ocean_menu_typo_spacing_unit":"","ocean_menu_link_color":"","ocean_menu_link_color_hover":"","ocean_menu_link_color_active":"","ocean_menu_link_background":"","ocean_menu_link_hover_background":"","ocean_menu_link_active_background":"","ocean_menu_social_links_bg":"","ocean_menu_social_hover_links_bg":"","ocean_menu_social_links_color":"","ocean_menu_social_hover_links_color":"","ocean_disable_title":"default","ocean_disable_heading":"default","ocean_post_title":"","ocean_post_subheading":"","ocean_post_title_style":"","ocean_post_title_background_color":"","ocean_post_title_background":0,"ocean_post_title_bg_image_position":"","ocean_post_title_bg_image_attachment":"","ocean_post_title_bg_image_repeat":"","ocean_post_title_bg_image_size":"","ocean_post_title_height":0,"ocean_post_title_bg_overlay":0.5,"ocean_post_title_bg_overlay_color":"","ocean_disable_breadcrumbs":"default","ocean_breadcrumbs_color":"","ocean_breadcrumbs_separator_color":"","ocean_breadcrumbs_links_color":"","ocean_breadcrumbs_links_hover_color":"","ocean_display_footer_widgets":"default","ocean_display_footer_bottom":"default","ocean_custom_footer_template":"0"},"product_brand":[],"product_cat":[134],"product_tag":[],"class_list":{"0":"post-4480","1":"product","2":"type-product","3":"status-publish","4":"has-post-thumbnail","6":"product_cat-lierre","8":"entry","9":"has-media","11":"first","12":"instock","13":"shipping-taxable","14":"purchasable","15":"product-type-variable","16":"has-default-attributes","17":"has-product-nav","18":"col","19":"span_1_of_4","20":"owp-content-center","21":"item-entry","22":"owp-thumbs-layout-horizontal","23":"owp-btn-normal","24":"owp-tabs-layout-section","25":"has-no-thumbnails"},"acf":[],"jetpack_sharing_enabled":true,"_links":{"self":[{"href":"https:\/\/www.hedera-etc.com\/nl\/wp-json\/wp\/v2\/product\/4480","targetHints":{"allow":["GET"]}}],"collection":[{"href":"https:\/\/www.hedera-etc.com\/nl\/wp-json\/wp\/v2\/product"}],"about":[{"href":"https:\/\/www.hedera-etc.com\/nl\/wp-json\/wp\/v2\/types\/product"}],"replies":[{"embeddable":true,"href":"https:\/\/www.hedera-etc.com\/nl\/wp-json\/wp\/v2\/comments?post=4480"}],"version-history":[{"count":5,"href":"https:\/\/www.hedera-etc.com\/nl\/wp-json\/wp\/v2\/product\/4480\/revisions"}],"predecessor-version":[{"id":16396,"href":"https:\/\/www.hedera-etc.com\/nl\/wp-json\/wp\/v2\/product\/4480\/revisions\/16396"}],"wp:featuredmedia":[{"embeddable":true,"href":"https:\/\/www.hedera-etc.com\/nl\/wp-json\/wp\/v2\/media\/4516"}],"wp:attachment":[{"href":"https:\/\/www.hedera-etc.com\/nl\/wp-json\/wp\/v2\/media?parent=4480"}],"wp:term":[{"taxonomy":"product_brand","embeddable":true,"href":"https:\/\/www.hedera-etc.com\/nl\/wp-json\/wp\/v2\/product_brand?post=4480"},{"taxonomy":"product_cat","embeddable":true,"href":"https:\/\/www.hedera-etc.com\/nl\/wp-json\/wp\/v2\/product_cat?post=4480"},{"taxonomy":"product_tag","embeddable":true,"href":"https:\/\/www.hedera-etc.com\/nl\/wp-json\/wp\/v2\/product_tag?post=4480"}],"curies":[{"name":"wp","href":"https:\/\/api.w.org\/{rel}","templated":true}]}}