{"id":698,"date":"2023-10-29T12:54:26","date_gmt":"2023-10-29T11:54:26","guid":{"rendered":"https:\/\/www.hedera-etc.com\/?post_type=product&#038;p=698"},"modified":"2026-04-29T07:09:35","modified_gmt":"2026-04-29T05:09:35","slug":"hedera-helix-gilded-hawke","status":"publish","type":"product","link":"https:\/\/www.hedera-etc.com\/nl\/product\/hedera-helix-gilded-hawke\/","title":{"rendered":"<em>Hedera helix<\/em> &lsquo;Gilded Hawke&rsquo; &#8211; Sierklimop"},"content":{"rendered":"<div data-elementor-type=\"product-post\" data-elementor-id=\"698\" class=\"elementor elementor-698\" data-elementor-post-type=\"product\">\n\t\t\t\t<div class=\"elementor-element elementor-element-6baba4da e-con-full e-flex e-con e-child\" data-id=\"6baba4da\" data-element_type=\"container\">\n\t\t\t\t<div class=\"elementor-element elementor-element-10f83ac elementor-widget elementor-widget-text-editor\" data-id=\"10f83ac\" data-element_type=\"widget\" data-widget_type=\"text-editor.default\">\n\t\t\t\t<div class=\"elementor-widget-container\">\n\t\t\t\t\t\t\t\t\t<h2><span style=\"color: #f0ffed;\">Sierklimop\u00a0 &#8211; Hedera helix &lsquo;Gilded Hawke&rsquo;<\/span><\/h2>\t\t\t\t\t\t\t\t<\/div>\n\t\t\t\t<\/div>\n\t\t\t\t<\/div>\n\t\t<div class=\"elementor-element elementor-element-4eda3684 e-flex e-con-boxed e-con e-parent\" data-id=\"4eda3684\" data-element_type=\"container\">\n\t\t\t\t\t<div class=\"e-con-inner\">\n\t\t<div class=\"elementor-element elementor-element-78a69c66 e-flex e-con-boxed e-con e-child\" data-id=\"78a69c66\" data-element_type=\"container\">\n\t\t\t\t\t<div class=\"e-con-inner\">\n\t\t\t\t<div class=\"elementor-element elementor-element-40588e8c elementor-widget elementor-widget-heading\" data-id=\"40588e8c\" data-element_type=\"widget\" data-widget_type=\"heading.default\">\n\t\t\t\t<div class=\"elementor-widget-container\">\n\t\t\t\t\t<h2 class=\"elementor-heading-title elementor-size-default\">In een notendop<\/h2>\t\t\t\t<\/div>\n\t\t\t\t<\/div>\n\t\t\t\t<div class=\"elementor-element elementor-element-230c0b4d elementor-widget elementor-widget-text-editor\" data-id=\"230c0b4d\" data-element_type=\"widget\" data-widget_type=\"text-editor.default\">\n\t\t\t\t<div class=\"elementor-widget-container\">\n\t\t\t\t\t\t\t\t\t<p>Sierklimop, <strong><em>Hedera helix<\/em> &lsquo;Gilded Hawke&rsquo;<\/strong>, De bladeren zijn helder, goed gelobd en bonte bladeren met stijve, rechtopstaande bladstelen.<\/p><p>Het blad bestaat uit 3 tot 5 lobben, vrij diep, met gebogen en golvende randen, vaak asymmetrisch. Ze zijn gevlekt met groen en grijs met brede gele of gouden randen, neigend naar cr\u00e8me op zonnige plaatsen. De bladeren krijgen prachtige winterkleuren.<\/p><p>Dit is een klimop met weinig takken. De stengels hebben korte internodi\u00ebn. Je kunt hem gebruiken als bodembedekker of als klimmer, maar ook als hangplant.<\/p>\t\t\t\t\t\t\t\t<\/div>\n\t\t\t\t<\/div>\n\t\t\t\t<div class=\"elementor-element elementor-element-127be967 elementor-widget elementor-widget-heading\" data-id=\"127be967\" data-element_type=\"widget\" data-widget_type=\"heading.default\">\n\t\t\t\t<div class=\"elementor-widget-container\">\n\t\t\t\t\t<h2 class=\"elementor-heading-title elementor-size-default\">Geschiedenis<\/h2>\t\t\t\t<\/div>\n\t\t\t\t<\/div>\n\t\t\t\t<div class=\"elementor-element elementor-element-2869dff2 elementor-widget elementor-widget-text-editor\" data-id=\"2869dff2\" data-element_type=\"widget\" data-widget_type=\"text-editor.default\">\n\t\t\t\t<div class=\"elementor-widget-container\">\n\t\t\t\t\t\t\t\t\t<p><i>Hedera helix<\/i> &lsquo;Gilded Hawke&rsquo;&nbsp; fut d\u00e9couvert dans une jardinerie pr\u00e8s de Cincinnati. C&rsquo;est peut-\u00eatre une mutatie de &lsquo;Pittsburgh&rsquo;. Elle fut nomm\u00e9e en l&rsquo;honneur de Gillia Hawke, conservatrice des jardins de la Soci\u00e9t\u00e9 Am\u00e9ricaine du Lierre, dans l&rsquo;Ohio, Etats-Unis, en 1995.<\/p>\t\t\t\t\t\t\t\t<\/div>\n\t\t\t\t<\/div>\n\t\t\t\t<div class=\"elementor-element elementor-element-4a21738e elementor-widget elementor-widget-heading\" data-id=\"4a21738e\" data-element_type=\"widget\" data-widget_type=\"heading.default\">\n\t\t\t\t<div class=\"elementor-widget-container\">\n\t\t\t\t\t<h2 class=\"elementor-heading-title elementor-size-default\">Technische gegevens - Hedera helix 'Gilded Hawke'<\/h2>\t\t\t\t<\/div>\n\t\t\t\t<\/div>\n\t\t\t\t<div class=\"elementor-element elementor-element-4d8cd9fc elementor-widget elementor-widget-text-editor\" data-id=\"4d8cd9fc\" data-element_type=\"widget\" data-widget_type=\"text-editor.default\">\n\t\t\t\t<div class=\"elementor-widget-container\">\n\t\t\t\t\t\t\t\t\t<h3>Botanische informatie<\/h3><ul><li>Familie: Araliaceae<\/li><li>Geslacht <em><strong>Hedera<\/strong><\/em><\/li><li>Soort : <em>helix<\/em><\/li><li>Teelt : &lsquo;Gilded Hawke&rsquo;<\/li><li>Pierot classificatie: bonte klimop, klimop met gegolfde gecrispte bladeren<\/li><li>Loofstadium: juveniel<\/li><li>Oorsprong van de soort: Europa, van Spanje tot Noorwegen, maar weinig aan de Atlantische kust.<\/li><li>Origine du cultivar : peut-\u00eatre un sport de &lsquo;Pittsburgh&rsquo;,\u00a0<span style=\"font-family: Roboto, sans-serif; font-size: 18px; font-style: normal; font-variant-ligatures: normal; font-variant-caps: normal; font-weight: 400; background-color: #f8f8f7;\">ontdekt in 1995\u00a0<span style=\"font-family: Roboto, sans-serif; font-size: 18px; font-style: normal; font-variant-ligatures: normal; font-variant-caps: normal; font-weight: 400;\">in een tuincentrum in de buurt van Cincinnati, Ohio,\u00a0<\/span>Verenigde Staten.<\/span><\/li><\/ul><h3>\u00a0<\/h3><h3>Beschrijving van Hedera helix &lsquo;Gilded Hawke&rsquo;<\/h3><ul><li>Groeiwijze: gedrongen, spreidend<\/li><li>Aantal lobben: over het algemeen 3 lobben<\/li><li>Bladlengte: 4 cm<\/li><li>Breedte vel: 5 cm<\/li><li>Bladkleur :\u00a0<span style=\"font-family: Roboto, sans-serif; font-size: 18px; font-style: normal; font-variant-ligatures: normal; font-variant-caps: normal; font-weight: 400; background-color: #f8f8f7;\">groen en grijs met brede gele of gouden randen<\/span><\/li><li><span style=\"font-family: Roboto, sans-serif; font-size: 18px; font-style: normal; font-variant-ligatures: normal; font-variant-caps: normal; font-weight: 400; background-color: #f8f8f7;\">Bladkleurvariatie: randen neigen naar cr\u00e8me in de zon. Prachtige winterkleuren.<\/span><\/li><li>Kleur van de aderen: cr\u00e8me<\/li><li>Kleur van stengel en bladsteel: rood<\/li><li>Takken: weinig takken<\/li><li>Haren: gesteeld, 3 tot 5 takken<\/li><\/ul><h3>\u00a0<\/h3><h3>Tips voor het planten, kweken en verzorgen van Hedera helix &lsquo;Gilded Hawke&rsquo;<\/h3><ul><li>Blootstelling: zon, halfschaduw<\/li><li>Winterhardheid: -15\u00b0C<\/li><li>Bodemvocht: koele bodem<\/li><li>Bodem PH: neutraal of kalkrijk<\/li><li>Bodemtype: alle<\/li><li>Bodemrijkdom: gewoon of humushoudend<\/li><li>Toepassing: bodembedekker, klimmer, hanging baskets, potten, bloembakken<\/li><li>Ontwikkeling: gemiddeld<\/li><li>Snoeien: \u00e9\u00e9n keer per jaar<\/li><li>Ongedierte: zeer zeldzaam (spint, wolluis)<\/li><li>Ziekten: zeer zeldzaam (bladvlekken)<\/li><\/ul>\t\t\t\t\t\t\t\t<\/div>\n\t\t\t\t<\/div>\n\t\t\t\t\t<\/div>\n\t\t\t\t<\/div>\n\t\t\t\t\t<\/div>\n\t\t\t\t<\/div>\n\t\t<div class=\"elementor-element elementor-element-5374d712 e-flex e-con-boxed e-con e-parent\" data-id=\"5374d712\" data-element_type=\"container\">\n\t\t\t\t\t<div class=\"e-con-inner\">\n\t\t<div class=\"elementor-element elementor-element-56140481 e-flex e-con-boxed e-con e-child\" data-id=\"56140481\" data-element_type=\"container\" data-settings=\"{&quot;background_background&quot;:&quot;classic&quot;,&quot;shape_divider_top&quot;:&quot;mountains&quot;}\">\n\t\t\t\t\t<div class=\"e-con-inner\">\n\t\t\t\t<div class=\"elementor-shape elementor-shape-top\" data-negative=\"false\">\n\t\t\t<svg xmlns=\"http:\/\/www.w3.org\/2000\/svg\" viewbox=\"0 0 1000 100\" preserveaspectratio=\"none\">\n\t<path class=\"elementor-shape-fill\" opacity=\"0.33\" d=\"M473,67.3c-203.9,88.3-263.1-34-320.3,0C66,119.1,0,59.7,0,59.7V0h1000v59.7 c0,0-62.1,26.1-94.9,29.3c-32.8,3.3-62.8-12.3-75.8-22.1C806,49.6,745.3,8.7,694.9,4.7S492.4,59,473,67.3z\"\/>\n\t<path class=\"elementor-shape-fill\" opacity=\"0.66\" d=\"M734,67.3c-45.5,0-77.2-23.2-129.1-39.1c-28.6-8.7-150.3-10.1-254,39.1 s-91.7-34.4-149.2,0C115.7,118.3,0,39.8,0,39.8V0h1000v36.5c0,0-28.2-18.5-92.1-18.5C810.2,18.1,775.7,67.3,734,67.3z\"\/>\n\t<path class=\"elementor-shape-fill\" d=\"M766.1,28.9c-200-57.5-266,65.5-395.1,19.5C242,1.8,242,5.4,184.8,20.6C128,35.8,132.3,44.9,89.9,52.5C28.6,63.7,0,0,0,0 h1000c0,0-9.9,40.9-83.6,48.1S829.6,47,766.1,28.9z\"\/>\n<\/svg>\t\t<\/div>\n\t\t\t\t<div class=\"elementor-element elementor-element-2cc6831d elementor-widget__width-initial elementor-widget elementor-widget-image\" data-id=\"2cc6831d\" data-element_type=\"widget\" data-widget_type=\"image.default\">\n\t\t\t\t<div class=\"elementor-widget-container\">\n\t\t\t\t\t\t\t\t\t\t\t\t\t\t\t<img fetchpriority=\"high\" decoding=\"async\" width=\"300\" height=\"180\" src=\"https:\/\/www.hedera-etc.com\/wp-content\/uploads\/2024\/11\/vecteezy_simplicity-ivy-freehand-drawing_13643730_206-300x180.webp\" class=\"attachment-medium size-medium wp-image-10573\" alt=\"\" srcset=\"https:\/\/www.hedera-etc.com\/wp-content\/uploads\/2024\/11\/vecteezy_simplicity-ivy-freehand-drawing_13643730_206-300x180.webp 300w, https:\/\/www.hedera-etc.com\/wp-content\/uploads\/2024\/11\/vecteezy_simplicity-ivy-freehand-drawing_13643730_206-900x540.webp 900w, https:\/\/www.hedera-etc.com\/wp-content\/uploads\/2024\/11\/vecteezy_simplicity-ivy-freehand-drawing_13643730_206-1024x614.webp 1024w, https:\/\/www.hedera-etc.com\/wp-content\/uploads\/2024\/11\/vecteezy_simplicity-ivy-freehand-drawing_13643730_206-768x461.webp 768w, https:\/\/www.hedera-etc.com\/wp-content\/uploads\/2024\/11\/vecteezy_simplicity-ivy-freehand-drawing_13643730_206-1536x921.webp 1536w, https:\/\/www.hedera-etc.com\/wp-content\/uploads\/2024\/11\/vecteezy_simplicity-ivy-freehand-drawing_13643730_206.webp 1920w, https:\/\/www.hedera-etc.com\/wp-content\/uploads\/2024\/11\/vecteezy_simplicity-ivy-freehand-drawing_13643730_206-1320x791.webp 1320w\" sizes=\"(max-width: 300px) 100vw, 300px\" \/>\t\t\t\t\t\t\t\t\t\t\t\t\t\t\t<\/div>\n\t\t\t\t<\/div>\n\t\t\t\t<div class=\"elementor-element elementor-element-17ff02f5 elementor-widget elementor-widget-heading\" data-id=\"17ff02f5\" data-element_type=\"widget\" data-widget_type=\"heading.default\">\n\t\t\t\t<div class=\"elementor-widget-container\">\n\t\t\t\t\t<h2 class=\"elementor-heading-title elementor-size-default\">Een pagina uit mijn kleine klimop encyclopedie<\/h2>\t\t\t\t<\/div>\n\t\t\t\t<\/div>\n\t\t\t\t\t<\/div>\n\t\t\t\t<\/div>\n\t\t\t\t<div class=\"elementor-element elementor-element-7898 elementor-widget elementor-widget-global elementor-global-7898 elementor-widget-text-editor\" data-id=\"7898\" data-element_type=\"widget\" data-widget_type=\"text-editor.default\">\n\t\t\t\t<div class=\"elementor-widget-container\">\n\t\t\t\t\t\t\t\t\t<h3><span style=\"color: #008000;\">Af en toe een vraag ...<\/span><\/h3><h2><span style=\"color: #008000;\">Wat is een recursief blad?<\/span><\/h2><p>De woordenschat die botanici gebruiken om planten te beschrijven is zeer rijk. Alleen al voor bladeren kun je tientallen specifieke termen tegenkomen.<\/p><p>Van een blad wordt gezegd dat het <b>terugkerend <\/b>wanneer de randen naar beneden gebogen zijn en een omgekeerd kopje vormen. Het tegenovergestelde van gebogen is gebogen, d.w.z. naar boven gebogen.<\/p><p><a href=\"https:\/\/www.jardinsdugue.eu\/la-feuille-description-globale\/\" target=\"_blank\" rel=\"noopener\">Ontdek alle woordenschat die wordt gebruikt om bladeren te beschrijven.<\/a><\/p>\t\t\t\t\t\t\t\t<\/div>\n\t\t\t\t<\/div>\n\t\t\t\t<div class=\"elementor-element elementor-element-5e700f46 elementor-widget elementor-widget-image\" data-id=\"5e700f46\" data-element_type=\"widget\" data-widget_type=\"image.default\">\n\t\t\t\t<div class=\"elementor-widget-container\">\n\t\t\t\t\t\t\t\t\t\t\t\t\t\t\t<img decoding=\"async\" width=\"1024\" height=\"146\" src=\"https:\/\/www.hedera-etc.com\/wp-content\/uploads\/2023\/10\/guirlande-1024x146.webp\" class=\"attachment-large size-large wp-image-116\" alt=\"La boutique du lierre - Krans van klimop\" srcset=\"https:\/\/www.hedera-etc.com\/wp-content\/uploads\/2023\/10\/guirlande-1024x146.webp 1024w, https:\/\/www.hedera-etc.com\/wp-content\/uploads\/2023\/10\/guirlande-900x129.webp 900w, https:\/\/www.hedera-etc.com\/wp-content\/uploads\/2023\/10\/guirlande-300x43.webp 300w, https:\/\/www.hedera-etc.com\/wp-content\/uploads\/2023\/10\/guirlande-768x110.webp 768w, https:\/\/www.hedera-etc.com\/wp-content\/uploads\/2023\/10\/guirlande.webp 1126w\" sizes=\"(max-width: 1024px) 100vw, 1024px\" \/>\t\t\t\t\t\t\t\t\t\t\t\t\t\t\t<\/div>\n\t\t\t\t<\/div>\n\t\t\t\t<div class=\"elementor-element elementor-element-4310da0c elementor-widget elementor-widget-text-editor\" data-id=\"4310da0c\" data-element_type=\"widget\" data-widget_type=\"text-editor.default\">\n\t\t\t\t<div class=\"elementor-widget-container\">\n\t\t\t\t\t\t\t\t\t<h3 style=\"text-align: center;\"><span style=\"color: #008000;\">Ivy in de literatuur<\/span><\/h3><blockquote><p style=\"text-align: center;\"><span style=\"color: #993366;\">\u201cDe klimop, hardnekkig en onverschillig voor de eeuwen, bedekte de stenen met onverbiddelijke gratie.<\/span><span style=\"color: #993366;\">\u201d<\/span><\/p><\/blockquote><h5 style=\"text-align: right;\"><strong>Honor\u00e9 de Balzac<\/strong>, <em>De dorpspastoor<\/em><\/h5>\t\t\t\t\t\t\t\t<\/div>\n\t\t\t\t<\/div>\n\t\t\t\t\t<\/div>\n\t\t\t\t<\/div>\n\t\t\t\t<\/div>","protected":false},"excerpt":{"rendered":"<p>Mooi, helder, goed gelobd bont blad, gedragen op stijve, rechtopstaande bladstelen.<\/p>\n<p>Blad gevormd uit 3 tot 5 lobben, vrij diep, met gebogen en golvende randen, vaak asymmetrisch. Gevlekt met groen en grijs met brede gele of gouden randen, neigend naar cr\u00e8me in zonnige situaties en mooie winterkleuren aannemend.<\/p>\n<p>Klimop met weinig takken. Korte internodi\u00ebn. Voor bodembedekking of als klimmer, maar ook voor hanging baskets.<\/p>","protected":false},"featured_media":13766,"comment_status":"open","ping_status":"closed","template":"","meta":{"_acf_changed":false,"ocean_post_layout":"","ocean_both_sidebars_style":"","ocean_both_sidebars_content_width":0,"ocean_both_sidebars_sidebars_width":0,"ocean_sidebar":"0","ocean_second_sidebar":"0","ocean_disable_margins":"enable","ocean_add_body_class":"","ocean_shortcode_before_top_bar":"","ocean_shortcode_after_top_bar":"","ocean_shortcode_before_header":"","ocean_shortcode_after_header":"","ocean_has_shortcode":"","ocean_shortcode_after_title":"","ocean_shortcode_before_footer_widgets":"","ocean_shortcode_after_footer_widgets":"","ocean_shortcode_before_footer_bottom":"","ocean_shortcode_after_footer_bottom":"","ocean_display_top_bar":"default","ocean_display_header":"default","ocean_header_style":"","ocean_center_header_left_menu":"0","ocean_custom_header_template":"0","ocean_custom_logo":0,"ocean_custom_retina_logo":0,"ocean_custom_logo_max_width":0,"ocean_custom_logo_tablet_max_width":0,"ocean_custom_logo_mobile_max_width":0,"ocean_custom_logo_max_height":0,"ocean_custom_logo_tablet_max_height":0,"ocean_custom_logo_mobile_max_height":0,"ocean_header_custom_menu":"0","ocean_menu_typo_font_family":"0","ocean_menu_typo_font_subset":"","ocean_menu_typo_font_size":0,"ocean_menu_typo_font_size_tablet":0,"ocean_menu_typo_font_size_mobile":0,"ocean_menu_typo_font_size_unit":"px","ocean_menu_typo_font_weight":"","ocean_menu_typo_font_weight_tablet":"","ocean_menu_typo_font_weight_mobile":"","ocean_menu_typo_transform":"","ocean_menu_typo_transform_tablet":"","ocean_menu_typo_transform_mobile":"","ocean_menu_typo_line_height":0,"ocean_menu_typo_line_height_tablet":0,"ocean_menu_typo_line_height_mobile":0,"ocean_menu_typo_line_height_unit":"","ocean_menu_typo_spacing":0,"ocean_menu_typo_spacing_tablet":0,"ocean_menu_typo_spacing_mobile":0,"ocean_menu_typo_spacing_unit":"","ocean_menu_link_color":"","ocean_menu_link_color_hover":"","ocean_menu_link_color_active":"","ocean_menu_link_background":"","ocean_menu_link_hover_background":"","ocean_menu_link_active_background":"","ocean_menu_social_links_bg":"","ocean_menu_social_hover_links_bg":"","ocean_menu_social_links_color":"","ocean_menu_social_hover_links_color":"","ocean_disable_title":"default","ocean_disable_heading":"default","ocean_post_title":"","ocean_post_subheading":"","ocean_post_title_style":"","ocean_post_title_background_color":"","ocean_post_title_background":0,"ocean_post_title_bg_image_position":"","ocean_post_title_bg_image_attachment":"","ocean_post_title_bg_image_repeat":"","ocean_post_title_bg_image_size":"","ocean_post_title_height":0,"ocean_post_title_bg_overlay":0.5,"ocean_post_title_bg_overlay_color":"","ocean_disable_breadcrumbs":"default","ocean_breadcrumbs_color":"","ocean_breadcrumbs_separator_color":"","ocean_breadcrumbs_links_color":"","ocean_breadcrumbs_links_hover_color":"","ocean_display_footer_widgets":"default","ocean_display_footer_bottom":"default","ocean_custom_footer_template":"0"},"product_brand":[],"product_cat":[134],"product_tag":[],"class_list":{"0":"post-698","1":"product","2":"type-product","3":"status-publish","4":"has-post-thumbnail","6":"product_cat-lierre","8":"entry","9":"has-media","11":"first","12":"instock","13":"purchasable","14":"product-type-variable","15":"has-default-attributes","16":"has-product-nav","17":"col","18":"span_1_of_4","19":"owp-content-center","20":"item-entry","21":"owp-thumbs-layout-horizontal","22":"owp-btn-normal","23":"owp-tabs-layout-section"},"acf":[],"jetpack_sharing_enabled":true,"_links":{"self":[{"href":"https:\/\/www.hedera-etc.com\/nl\/wp-json\/wp\/v2\/product\/698","targetHints":{"allow":["GET"]}}],"collection":[{"href":"https:\/\/www.hedera-etc.com\/nl\/wp-json\/wp\/v2\/product"}],"about":[{"href":"https:\/\/www.hedera-etc.com\/nl\/wp-json\/wp\/v2\/types\/product"}],"replies":[{"embeddable":true,"href":"https:\/\/www.hedera-etc.com\/nl\/wp-json\/wp\/v2\/comments?post=698"}],"version-history":[{"count":4,"href":"https:\/\/www.hedera-etc.com\/nl\/wp-json\/wp\/v2\/product\/698\/revisions"}],"predecessor-version":[{"id":15481,"href":"https:\/\/www.hedera-etc.com\/nl\/wp-json\/wp\/v2\/product\/698\/revisions\/15481"}],"wp:featuredmedia":[{"embeddable":true,"href":"https:\/\/www.hedera-etc.com\/nl\/wp-json\/wp\/v2\/media\/13766"}],"wp:attachment":[{"href":"https:\/\/www.hedera-etc.com\/nl\/wp-json\/wp\/v2\/media?parent=698"}],"wp:term":[{"taxonomy":"product_brand","embeddable":true,"href":"https:\/\/www.hedera-etc.com\/nl\/wp-json\/wp\/v2\/product_brand?post=698"},{"taxonomy":"product_cat","embeddable":true,"href":"https:\/\/www.hedera-etc.com\/nl\/wp-json\/wp\/v2\/product_cat?post=698"},{"taxonomy":"product_tag","embeddable":true,"href":"https:\/\/www.hedera-etc.com\/nl\/wp-json\/wp\/v2\/product_tag?post=698"}],"curies":[{"name":"wp","href":"https:\/\/api.w.org\/{rel}","templated":true}]}}