{"id":928,"date":"2023-10-30T20:58:17","date_gmt":"2023-10-30T19:58:17","guid":{"rendered":"https:\/\/www.hedera-etc.com\/?post_type=product&#038;p=928"},"modified":"2026-04-29T07:09:34","modified_gmt":"2026-04-29T05:09:34","slug":"hedera-helix-lemon-swirl","status":"publish","type":"product","link":"https:\/\/www.hedera-etc.com\/nl\/product\/hedera-helix-lemon-swirl\/","title":{"rendered":"<em>Hedera helix<\/em> &lsquo;Lemon Swirl&rsquo; &#8211; Sierklimop"},"content":{"rendered":"<div data-elementor-type=\"product-post\" data-elementor-id=\"928\" class=\"elementor elementor-928\" data-elementor-post-type=\"product\">\n\t\t\t\t<div class=\"elementor-element elementor-element-749f679 e-con-full e-flex e-con e-child\" data-id=\"749f679\" data-element_type=\"container\">\n\t\t\t\t<div class=\"elementor-element elementor-element-161e2fc6 elementor-widget elementor-widget-text-editor\" data-id=\"161e2fc6\" data-element_type=\"widget\" data-widget_type=\"text-editor.default\">\n\t\t\t\t<div class=\"elementor-widget-container\">\n\t\t\t\t\t\t\t\t\t<h2><span style=\"color: #f0ffed;\">Sierklimop\u00a0 &#8211; Hedera helix &lsquo;Lemon Swirl&rsquo;<\/span><\/h2>\t\t\t\t\t\t\t\t<\/div>\n\t\t\t\t<\/div>\n\t\t\t\t<\/div>\n\t\t<div class=\"elementor-element elementor-element-23b9c55a e-flex e-con-boxed e-con e-parent\" data-id=\"23b9c55a\" data-element_type=\"container\">\n\t\t\t\t\t<div class=\"e-con-inner\">\n\t\t<div class=\"elementor-element elementor-element-6e1f25ed e-flex e-con-boxed e-con e-child\" data-id=\"6e1f25ed\" data-element_type=\"container\">\n\t\t\t\t\t<div class=\"e-con-inner\">\n\t\t\t\t<div class=\"elementor-element elementor-element-8319ac9 elementor-widget elementor-widget-heading\" data-id=\"8319ac9\" data-element_type=\"widget\" data-widget_type=\"heading.default\">\n\t\t\t\t<div class=\"elementor-widget-container\">\n\t\t\t\t\t<h2 class=\"elementor-heading-title elementor-size-default\">In een notendop<\/h2>\t\t\t\t<\/div>\n\t\t\t\t<\/div>\n\t\t\t\t<div class=\"elementor-element elementor-element-423bdb42 elementor-widget elementor-widget-text-editor\" data-id=\"423bdb42\" data-element_type=\"widget\" data-widget_type=\"text-editor.default\">\n\t\t\t\t<div class=\"elementor-widget-container\">\n\t\t\t\t\t\t\t\t\t<p>Sierklimop, <strong><em>Hedera helix<\/em> &lsquo;Lemon Swirl&rsquo;<\/strong>, is een compacte vari\u00ebteit met brede, golvende bladeren.<\/p><p>Jonge scheuten zijn cr\u00e8mewit, citroengeel of groen met cr\u00e8mekleurige vlekken. Deze jeugdverkleuring is meer uitgesproken als de plant in de zon staat en wordt geleidelijk groen tot de herfst. De bladeren hebben 3 tot 5 afgeronde lobben. De basis is kordaat.<\/p><p>Deze klimop is goed voor het vormen van een dunne bodembedekker op kleine oppervlakken.<\/p>\t\t\t\t\t\t\t\t<\/div>\n\t\t\t\t<\/div>\n\t\t\t\t<div class=\"elementor-element elementor-element-5bc7f119 elementor-widget elementor-widget-heading\" data-id=\"5bc7f119\" data-element_type=\"widget\" data-widget_type=\"heading.default\">\n\t\t\t\t<div class=\"elementor-widget-container\">\n\t\t\t\t\t<h2 class=\"elementor-heading-title elementor-size-default\">Geschiedenis<\/h2>\t\t\t\t<\/div>\n\t\t\t\t<\/div>\n\t\t\t\t<div class=\"elementor-element elementor-element-7411b48e elementor-widget elementor-widget-text-editor\" data-id=\"7411b48e\" data-element_type=\"widget\" data-widget_type=\"text-editor.default\">\n\t\t\t\t<div class=\"elementor-widget-container\">\n\t\t\t\t\t\t\t\t\t<p>Deze cultivar is het resultaat van een mutatie van &lsquo;Ustler&rsquo;. Il a \u00e9t\u00e9 introduit aux Etats-Unis \u00e0 partir de 1980.<\/p>\t\t\t\t\t\t\t\t<\/div>\n\t\t\t\t<\/div>\n\t\t\t\t<div class=\"elementor-element elementor-element-4bf48be elementor-widget elementor-widget-heading\" data-id=\"4bf48be\" data-element_type=\"widget\" data-widget_type=\"heading.default\">\n\t\t\t\t<div class=\"elementor-widget-container\">\n\t\t\t\t\t<h2 class=\"elementor-heading-title elementor-size-default\">Technische gegevens - Hedera helix 'Lemon Swirl'<\/h2>\t\t\t\t<\/div>\n\t\t\t\t<\/div>\n\t\t\t\t<div class=\"elementor-element elementor-element-2f00a818 elementor-widget elementor-widget-text-editor\" data-id=\"2f00a818\" data-element_type=\"widget\" data-widget_type=\"text-editor.default\">\n\t\t\t\t<div class=\"elementor-widget-container\">\n\t\t\t\t\t\t\t\t\t<h3>Botanische informatie<\/h3>\n<ul>\n<li>Familie: Araliaceae<\/li>\n<li>Geslacht <em><strong>Hedera<\/strong><\/em><\/li>\n<li>Soort : <em>helix<\/em><\/li>\n<li>Teelt : &lsquo;Lemon Swirl&rsquo;<\/li>\n<li>Pierot classificatie: bonte klimop, klimop met gegolfde gecrispte bladeren<\/li>\n<li>Loofstadium: juveniel<\/li>\n<li>Oorsprong van de soort: Europa, van Spanje tot Noorwegen, maar weinig aan de Atlantische kust.<\/li>\n<li>Herkomst van de cultivar: mutatie van &lsquo;Ustler&rsquo;, introduit dans les ann\u00e9es 1980 aux Etats-Unis.<\/li>\n<\/ul>\n<h3>&nbsp;<\/h3>\n<h3>Beschrijving van Hedera helix &lsquo;Lemon Swirl&rsquo;<\/h3>\n<ul>\n<li>Groeiwijze: spreidend, compact<\/li>\n<li>Aantal lobben: over het algemeen 3 tot 5 lobben<\/li>\n<li>Bladlengte: 6 cm<\/li>\n<li>Breedte vel: 5 cm<\/li>\n<li>Bladkleur: jonge scheuten lichtgroen met citroengele of roomwitte vlekken<\/li>\n<li>Bladkleurvariatie: wordt groen met de jaren<\/li>\n<li>Kleur van de aderen: cr\u00e8me<\/li>\n<li>Kleur van stengel en bladsteel: paarsgroen<\/li>\n<li>Vertakkingen: redelijk goed vertakt<\/li>\n<li>Haren: gesteeld, 3 tot 5 takken<\/li>\n<\/ul>\n<h3>&nbsp;<\/h3>\n<h3>Tips voor het planten, kweken en verzorgen van Hedera helix &lsquo;Lemon Swirl&rsquo;<\/h3>\n<ul>\n<li>Blootstelling : zon<\/li>\n<li>Winterhardheid: -12\u00b0C<\/li>\n<li>Bodemvocht: koele bodem<\/li>\n<li>Bodem PH: neutraal of kalkrijk<\/li>\n<li>Bodemtype: alle<\/li>\n<li>Bodemrijkdom: gewoon of humushoudend<\/li>\n<li>Toepassing: bodembedekker, klimmer, pot, bloembak, hanging baskets, vormsnoei<\/li>\n<li>Ontwikkeling: matig<\/li>\n<li>Snoeien: \u00e9\u00e9n keer per jaar<\/li>\n<li>Ongedierte: zeer zeldzaam (spint, wolluis)<\/li>\n<li>Ziekten: zeer zeldzaam (bladvlekken)2<\/li>\n<\/ul>\t\t\t\t\t\t\t\t<\/div>\n\t\t\t\t<\/div>\n\t\t\t\t\t<\/div>\n\t\t\t\t<\/div>\n\t\t\t\t\t<\/div>\n\t\t\t\t<\/div>\n\t\t<div class=\"elementor-element elementor-element-2b8563da e-flex e-con-boxed e-con e-parent\" data-id=\"2b8563da\" data-element_type=\"container\">\n\t\t\t\t\t<div class=\"e-con-inner\">\n\t\t\t\t<div class=\"elementor-element elementor-element-486b8802 elementor-widget elementor-widget-image\" data-id=\"486b8802\" data-element_type=\"widget\" data-widget_type=\"image.default\">\n\t\t\t\t<div class=\"elementor-widget-container\">\n\t\t\t\t\t\t\t\t\t\t\t\t\t\t\t<img fetchpriority=\"high\" decoding=\"async\" width=\"1024\" height=\"146\" src=\"https:\/\/www.hedera-etc.com\/wp-content\/uploads\/2023\/10\/guirlande-1024x146.webp\" class=\"attachment-large size-large wp-image-116\" alt=\"La boutique du lierre - Krans van klimop\" srcset=\"https:\/\/www.hedera-etc.com\/wp-content\/uploads\/2023\/10\/guirlande-1024x146.webp 1024w, https:\/\/www.hedera-etc.com\/wp-content\/uploads\/2023\/10\/guirlande-900x129.webp 900w, https:\/\/www.hedera-etc.com\/wp-content\/uploads\/2023\/10\/guirlande-300x43.webp 300w, https:\/\/www.hedera-etc.com\/wp-content\/uploads\/2023\/10\/guirlande-768x110.webp 768w, https:\/\/www.hedera-etc.com\/wp-content\/uploads\/2023\/10\/guirlande.webp 1126w\" sizes=\"(max-width: 1024px) 100vw, 1024px\" \/>\t\t\t\t\t\t\t\t\t\t\t\t\t\t\t<\/div>\n\t\t\t\t<\/div>\n\t\t\t\t<div class=\"elementor-element elementor-element-46663ab4 elementor-widget elementor-widget-text-editor\" data-id=\"46663ab4\" data-element_type=\"widget\" data-widget_type=\"text-editor.default\">\n\t\t\t\t<div class=\"elementor-widget-container\">\n\t\t\t\t\t\t\t\t\t<h3 style=\"text-align: center;\"><span style=\"color: #008000;\">Ivy in de literatuur<\/span><\/h3>\n<blockquote>\n<p style=\"text-align: center;\"><span style=\"color: #993366;\">\u201cL<\/span>e klimop wikkelde zich rond de overblijfselen, alsof hij de sporen van het verleden wilde uitwissen.<span style=\"color: #993366;\">\u201d<\/span><\/p>\n<\/blockquote>\n<h5 style=\"text-align: right;\"><strong>Virginia Woolf<\/strong>, <em>De golven<\/em><\/h5>\t\t\t\t\t\t\t\t<\/div>\n\t\t\t\t<\/div>\n\t\t\t\t\t<\/div>\n\t\t\t\t<\/div>\n\t\t\t\t<\/div>","protected":false},"excerpt":{"rendered":"<p>Een compacte vari\u00ebteit met brede, golvende bladeren.<\/p>\n<p>Jonge scheuten cr\u00e8mewit, citroengeel of groen met cr\u00e8mespikkels. De jeugdverkleuring is meer uitgesproken als de plant in de zon staat en wordt geleidelijk groen tot de herfst. Bladeren samengesteld uit 3 tot 5 afgeronde lobben. Hartvormige basis.<\/p>\n<p>Een interessante klimop als dunne bodembedekker op kleine oppervlaktes.<\/p>","protected":false},"featured_media":929,"comment_status":"open","ping_status":"closed","template":"","meta":{"_acf_changed":false,"ocean_post_layout":"","ocean_both_sidebars_style":"","ocean_both_sidebars_content_width":0,"ocean_both_sidebars_sidebars_width":0,"ocean_sidebar":"0","ocean_second_sidebar":"0","ocean_disable_margins":"enable","ocean_add_body_class":"","ocean_shortcode_before_top_bar":"","ocean_shortcode_after_top_bar":"","ocean_shortcode_before_header":"","ocean_shortcode_after_header":"","ocean_has_shortcode":"","ocean_shortcode_after_title":"","ocean_shortcode_before_footer_widgets":"","ocean_shortcode_after_footer_widgets":"","ocean_shortcode_before_footer_bottom":"","ocean_shortcode_after_footer_bottom":"","ocean_display_top_bar":"default","ocean_display_header":"default","ocean_header_style":"","ocean_center_header_left_menu":"0","ocean_custom_header_template":"0","ocean_custom_logo":0,"ocean_custom_retina_logo":0,"ocean_custom_logo_max_width":0,"ocean_custom_logo_tablet_max_width":0,"ocean_custom_logo_mobile_max_width":0,"ocean_custom_logo_max_height":0,"ocean_custom_logo_tablet_max_height":0,"ocean_custom_logo_mobile_max_height":0,"ocean_header_custom_menu":"0","ocean_menu_typo_font_family":"0","ocean_menu_typo_font_subset":"","ocean_menu_typo_font_size":0,"ocean_menu_typo_font_size_tablet":0,"ocean_menu_typo_font_size_mobile":0,"ocean_menu_typo_font_size_unit":"px","ocean_menu_typo_font_weight":"","ocean_menu_typo_font_weight_tablet":"","ocean_menu_typo_font_weight_mobile":"","ocean_menu_typo_transform":"","ocean_menu_typo_transform_tablet":"","ocean_menu_typo_transform_mobile":"","ocean_menu_typo_line_height":0,"ocean_menu_typo_line_height_tablet":0,"ocean_menu_typo_line_height_mobile":0,"ocean_menu_typo_line_height_unit":"","ocean_menu_typo_spacing":0,"ocean_menu_typo_spacing_tablet":0,"ocean_menu_typo_spacing_mobile":0,"ocean_menu_typo_spacing_unit":"","ocean_menu_link_color":"","ocean_menu_link_color_hover":"","ocean_menu_link_color_active":"","ocean_menu_link_background":"","ocean_menu_link_hover_background":"","ocean_menu_link_active_background":"","ocean_menu_social_links_bg":"","ocean_menu_social_hover_links_bg":"","ocean_menu_social_links_color":"","ocean_menu_social_hover_links_color":"","ocean_disable_title":"default","ocean_disable_heading":"default","ocean_post_title":"","ocean_post_subheading":"","ocean_post_title_style":"","ocean_post_title_background_color":"","ocean_post_title_background":0,"ocean_post_title_bg_image_position":"","ocean_post_title_bg_image_attachment":"","ocean_post_title_bg_image_repeat":"","ocean_post_title_bg_image_size":"","ocean_post_title_height":0,"ocean_post_title_bg_overlay":0.5,"ocean_post_title_bg_overlay_color":"","ocean_disable_breadcrumbs":"default","ocean_breadcrumbs_color":"","ocean_breadcrumbs_separator_color":"","ocean_breadcrumbs_links_color":"","ocean_breadcrumbs_links_hover_color":"","ocean_display_footer_widgets":"default","ocean_display_footer_bottom":"default","ocean_custom_footer_template":"0"},"product_brand":[],"product_cat":[134],"product_tag":[],"class_list":{"0":"post-928","1":"product","2":"type-product","3":"status-publish","4":"has-post-thumbnail","6":"product_cat-lierre","8":"entry","9":"has-media","11":"first","12":"instock","13":"purchasable","14":"product-type-variable","15":"has-default-attributes","16":"has-product-nav","17":"col","18":"span_1_of_4","19":"owp-content-center","20":"item-entry","21":"owp-thumbs-layout-horizontal","22":"owp-btn-normal","23":"owp-tabs-layout-section"},"acf":[],"jetpack_sharing_enabled":true,"_links":{"self":[{"href":"https:\/\/www.hedera-etc.com\/nl\/wp-json\/wp\/v2\/product\/928","targetHints":{"allow":["GET"]}}],"collection":[{"href":"https:\/\/www.hedera-etc.com\/nl\/wp-json\/wp\/v2\/product"}],"about":[{"href":"https:\/\/www.hedera-etc.com\/nl\/wp-json\/wp\/v2\/types\/product"}],"replies":[{"embeddable":true,"href":"https:\/\/www.hedera-etc.com\/nl\/wp-json\/wp\/v2\/comments?post=928"}],"version-history":[{"count":3,"href":"https:\/\/www.hedera-etc.com\/nl\/wp-json\/wp\/v2\/product\/928\/revisions"}],"predecessor-version":[{"id":14446,"href":"https:\/\/www.hedera-etc.com\/nl\/wp-json\/wp\/v2\/product\/928\/revisions\/14446"}],"wp:featuredmedia":[{"embeddable":true,"href":"https:\/\/www.hedera-etc.com\/nl\/wp-json\/wp\/v2\/media\/929"}],"wp:attachment":[{"href":"https:\/\/www.hedera-etc.com\/nl\/wp-json\/wp\/v2\/media?parent=928"}],"wp:term":[{"taxonomy":"product_brand","embeddable":true,"href":"https:\/\/www.hedera-etc.com\/nl\/wp-json\/wp\/v2\/product_brand?post=928"},{"taxonomy":"product_cat","embeddable":true,"href":"https:\/\/www.hedera-etc.com\/nl\/wp-json\/wp\/v2\/product_cat?post=928"},{"taxonomy":"product_tag","embeddable":true,"href":"https:\/\/www.hedera-etc.com\/nl\/wp-json\/wp\/v2\/product_tag?post=928"}],"curies":[{"name":"wp","href":"https:\/\/api.w.org\/{rel}","templated":true}]}}